{"id":4955,"date":"2021-04-20T06:35:36","date_gmt":"2021-04-20T04:35:36","guid":{"rendered":"https:\/\/www.aplikuj.pl\/dokumenty\/?post_type=product&#038;p=4955"},"modified":"2026-02-22T23:23:35","modified_gmt":"2026-02-22T22:23:35","slug":"wzor-zgody-pracownika-na-przekazywanie-wynagrodzenia","status":"publish","type":"product","link":"https:\/\/www.aplikuj.pl\/dokumenty\/formularze-zaswiadczenia\/wzor-zgody-pracownika-na-przekazywanie-wynagrodzenia\/","title":{"rendered":"Wz\u00f3r zgody pracownika na przekazywanie wynagrodzenia"},"content":{"rendered":"<h2>Zgoda pracownika na przekazywanie wynagrodzenia<\/h2>\n<p>Mimo \u017ce obecnie ju\u017c standardem jest, \u017ce pracodawca przelewa wynagrodzenie na rachunek bankowy pracownika, wz\u00f3r o\u015bwiadczenia o zgodzie pracownika na przekazywanie wynagrodzenia nadal znajduje zastosowanie. Obecnie pracownik wskazuje na nich numer swojego konta bankowego, na kt\u00f3re ma by\u0107 przelewane wynagrodzenie za prac\u0119 i innych \u015bwiadcze\u0144 od pracodawcy. Oczywi\u015bcie zgodnie ze wspomnianymi przepisami Prawa Pracy mo\u017ce on przy u\u017cyciu takiego szablonu wyrazi\u0107 zgod\u0119 na otrzymywanie nale\u017cnych \u015brodk\u00f3w do r\u0105k w\u0142asnych. Nieco innym dokumentem jest szablon przekazywania wynagrodzenia innej osobie i na konto tej osoby, kt\u00f3ry r\u00f3wnie\u017c udost\u0119pniamy do pobrania na naszej stronie.<\/p>\n<h2>Co zawiera zgoda pracownika na przekazywanie wynagrodzenia<\/h2>\n<p>Tego typu o\u015bwiadczenie musi w spos\u00f3b jednoznaczny okre\u015bla\u0107 dane osobowe pracownika (nale\u017cy poda\u0107 numer kadrowy lub pesel w celu w\u0142a\u015bciwej identyfikacji, poniewa\u017c mo\u017ce wyst\u0105pi\u0107 w firmie zbie\u017cno\u015b\u0107 imienia i nazwiska), spos\u00f3b wyp\u0142aty pieni\u0119dzy (&#8222;do r\u0119ki&#8221; czy na konto) i wskazywa\u0107 czego dotyczy (wy\u0142\u0105cznie wynagrodzenie lub wszystkie \u015bwiadczenia). W przypadku zgody na wyp\u0142at\u0119 wynagrodzenia na rachunek bankowy nale\u017cy w dokumencie poda\u0107 ten numer oraz nazw\u0119 banku, w kt\u00f3rym jest prowadzony.<\/p>\n<h2>Wz\u00f3r zgody pracownika na przekazywanie wynagrodzenia<\/h2>\n<p>Aktualne Prawo Pracy nie okre\u015bla formalnego, pisemnego szablonu zgody pracownika na przekazywanie wynagrodzenia. Reguluje tylko, \u017ce musi zosta\u0107 ona wyra\u017cona w sytuacji, gdy chce on otrzymywa\u0107 wyp\u0142at\u0119 do r\u0105k w\u0142asnych. W przypadku przepisowej wyp\u0142aty na konto, taki numer mo\u017cna poda\u0107 nawet ustnie. Jest to jednak rzadko spotykane, poniewa\u017c wi\u0119kszo\u015b\u0107 pracodawc\u00f3w chce mie\u0107 tego typu o\u015bwiadczenie sporz\u0105dzone na pi\u015bmie i podpisane przez pracownika. Sporz\u0105dzenie zgody na przekazywanie wynagrodzenia u\u0142atwia skorzystanie z bezp\u0142atnego wzoru.<\/p>\n","protected":false},"excerpt":{"rendered":"<p>Wz\u00f3r zgody pracownika na przekazywanie wynagrodzenia mo\u017cesz pobra\u0107 bezp\u0142atnie w dw\u00f3ch formatach. Plik zosta\u0142 przygotowany w formie mo\u017cliwie uniwersalnej, mo\u017cna samodzielnie uzupe\u0142ni\u0107 dane poprzez edycj\u0119 w popularnych aplikacji. Plik w formacie .DOC jest kompatybilny z programem MS Office oraz z darmowymi pakietami biurowymi (Open Office czy Libre Office), nale\u017cy wi\u0119c zedytowa\u0107 tekst, dodaj\u0105c indywidualne dane, a nast\u0119pnie wydrukowa\u0107 wniosek, podpisa\u0107 odr\u0119cznie i z\u0142o\u017cy\u0107 u pracodawcy.<\/p>\n","protected":false},"featured_media":4958,"template":"","meta":[],"product_brand":[],"product_cat":[24],"product_tag":[379,378],"class_list":{"0":"post-4955","1":"product","2":"type-product","3":"status-publish","4":"has-post-thumbnail","6":"product_cat-formularze-zaswiadczenia","7":"product_tag-wzor-zgody-pracownika-na-przekazywanie-wynagrodzenia","8":"product_tag-zgoda-na-przekazywanie-wynagrodzenia","10":"first","11":"instock","12":"shipping-taxable","13":"product-type-external"},"yoast_head":"<!-- This site is optimized with the Yoast SEO plugin v27.0 - https:\/\/yoast.com\/product\/yoast-seo-wordpress\/ -->\n<title>Wz\u00f3r zgody pracownika na przekazywanie wynagrodzenia - Aplikuj.pl<\/title>\n<meta name=\"robots\" content=\"index, follow, max-snippet:-1, max-image-preview:large, max-video-preview:-1\" \/>\n<link rel=\"canonical\" href=\"https:\/\/www.aplikuj.pl\/dokumenty\/formularze-zaswiadczenia\/wzor-zgody-pracownika-na-przekazywanie-wynagrodzenia\/\" \/>\n<meta property=\"og:locale\" content=\"pl_PL\" \/>\n<meta property=\"og:type\" content=\"article\" \/>\n<meta property=\"og:title\" content=\"Wz\u00f3r zgody pracownika na przekazywanie wynagrodzenia - Aplikuj.pl\" \/>\n<meta property=\"og:description\" content=\"Wz\u00f3r zgody pracownika na przekazywanie wynagrodzenia mo\u017cesz pobra\u0107 bezp\u0142atnie w dw\u00f3ch formatach. Plik zosta\u0142 przygotowany w formie mo\u017cliwie uniwersalnej, mo\u017cna samodzielnie uzupe\u0142ni\u0107 dane poprzez edycj\u0119 w popularnych aplikacji. Plik w formacie .DOC jest kompatybilny z programem MS Office oraz z darmowymi pakietami biurowymi (Open Office czy Libre Office), nale\u017cy wi\u0119c zedytowa\u0107 tekst, dodaj\u0105c indywidualne dane, a nast\u0119pnie wydrukowa\u0107 wniosek, podpisa\u0107 odr\u0119cznie i z\u0142o\u017cy\u0107 u pracodawcy.\" \/>\n<meta property=\"og:url\" content=\"https:\/\/www.aplikuj.pl\/dokumenty\/formularze-zaswiadczenia\/wzor-zgody-pracownika-na-przekazywanie-wynagrodzenia\/\" \/>\n<meta property=\"og:site_name\" content=\"Aplikuj.pl\" \/>\n<meta property=\"article:modified_time\" content=\"2026-02-22T22:23:35+00:00\" \/>\n<meta property=\"og:image\" content=\"https:\/\/www.aplikuj.pl\/dokumenty\/wp-content\/uploads\/2021\/04\/formularze-i-zaswiadczenia-6.jpg\" \/>\n\t<meta property=\"og:image:width\" content=\"794\" \/>\n\t<meta property=\"og:image:height\" content=\"1123\" \/>\n\t<meta property=\"og:image:type\" content=\"image\/jpeg\" \/>\n<meta name=\"twitter:card\" content=\"summary_large_image\" \/>\n<meta name=\"twitter:label1\" content=\"Szacowany czas czytania\" \/>\n\t<meta name=\"twitter:data1\" content=\"2 minuty\" \/>\n<script type=\"application\/ld+json\" class=\"yoast-schema-graph\">{\"@context\":\"https:\/\/schema.org\",\"@graph\":[{\"@type\":\"WebPage\",\"@id\":\"https:\/\/www.aplikuj.pl\/dokumenty\/formularze-zaswiadczenia\/wzor-zgody-pracownika-na-przekazywanie-wynagrodzenia\/\",\"url\":\"https:\/\/www.aplikuj.pl\/dokumenty\/formularze-zaswiadczenia\/wzor-zgody-pracownika-na-przekazywanie-wynagrodzenia\/\",\"name\":\"Wz\u00f3r zgody pracownika na przekazywanie wynagrodzenia - Aplikuj.pl\",\"isPartOf\":{\"@id\":\"https:\/\/www.aplikuj.pl\/dokumenty\/#website\"},\"primaryImageOfPage\":{\"@id\":\"https:\/\/www.aplikuj.pl\/dokumenty\/formularze-zaswiadczenia\/wzor-zgody-pracownika-na-przekazywanie-wynagrodzenia\/#primaryimage\"},\"image\":{\"@id\":\"https:\/\/www.aplikuj.pl\/dokumenty\/formularze-zaswiadczenia\/wzor-zgody-pracownika-na-przekazywanie-wynagrodzenia\/#primaryimage\"},\"thumbnailUrl\":\"https:\/\/www.aplikuj.pl\/dokumenty\/wp-content\/uploads\/2021\/04\/formularze-i-zaswiadczenia-6.jpg\",\"datePublished\":\"2021-04-20T04:35:36+00:00\",\"dateModified\":\"2026-02-22T22:23:35+00:00\",\"breadcrumb\":{\"@id\":\"https:\/\/www.aplikuj.pl\/dokumenty\/formularze-zaswiadczenia\/wzor-zgody-pracownika-na-przekazywanie-wynagrodzenia\/#breadcrumb\"},\"inLanguage\":\"pl-PL\",\"potentialAction\":[{\"@type\":\"ReadAction\",\"target\":[\"https:\/\/www.aplikuj.pl\/dokumenty\/formularze-zaswiadczenia\/wzor-zgody-pracownika-na-przekazywanie-wynagrodzenia\/\"]}]},{\"@type\":\"ImageObject\",\"inLanguage\":\"pl-PL\",\"@id\":\"https:\/\/www.aplikuj.pl\/dokumenty\/formularze-zaswiadczenia\/wzor-zgody-pracownika-na-przekazywanie-wynagrodzenia\/#primaryimage\",\"url\":\"https:\/\/www.aplikuj.pl\/dokumenty\/wp-content\/uploads\/2021\/04\/formularze-i-zaswiadczenia-6.jpg\",\"contentUrl\":\"https:\/\/www.aplikuj.pl\/dokumenty\/wp-content\/uploads\/2021\/04\/formularze-i-zaswiadczenia-6.jpg\",\"width\":794,\"height\":1123,\"caption\":\"Wz\u00f3r dokumentu grafika pogl\u0105dowa\"},{\"@type\":\"BreadcrumbList\",\"@id\":\"https:\/\/www.aplikuj.pl\/dokumenty\/formularze-zaswiadczenia\/wzor-zgody-pracownika-na-przekazywanie-wynagrodzenia\/#breadcrumb\",\"itemListElement\":[{\"@type\":\"ListItem\",\"position\":1,\"name\":\"Dokumenty HR\",\"item\":\"https:\/\/www.aplikuj.pl\/dokumenty\/\"},{\"@type\":\"ListItem\",\"position\":2,\"name\":\"umowa-o-prace\",\"item\":\"https:\/\/www.aplikuj.pl\/dokumenty\/umowa-o-prace\/\"},{\"@type\":\"ListItem\",\"position\":3,\"name\":\"Formularze i za\u015bwiadczenia\",\"item\":\"https:\/\/www.aplikuj.pl\/dokumenty\/formularze-zaswiadczenia\/\"},{\"@type\":\"ListItem\",\"position\":4,\"name\":\"Wz\u00f3r zgody pracownika na przekazywanie wynagrodzenia\"}]},{\"@type\":\"WebSite\",\"@id\":\"https:\/\/www.aplikuj.pl\/dokumenty\/#website\",\"url\":\"https:\/\/www.aplikuj.pl\/dokumenty\/\",\"name\":\"Aplikuj.pl\",\"description\":\"Profesjonalne i darmowe wzory dokument\u00f3w HR\",\"publisher\":{\"@id\":\"https:\/\/www.aplikuj.pl\/dokumenty\/#organization\"},\"potentialAction\":[{\"@type\":\"SearchAction\",\"target\":{\"@type\":\"EntryPoint\",\"urlTemplate\":\"https:\/\/www.aplikuj.pl\/dokumenty\/?s={search_term_string}\"},\"query-input\":{\"@type\":\"PropertyValueSpecification\",\"valueRequired\":true,\"valueName\":\"search_term_string\"}}],\"inLanguage\":\"pl-PL\"},{\"@type\":\"Organization\",\"@id\":\"https:\/\/www.aplikuj.pl\/dokumenty\/#organization\",\"name\":\"Aplikuj.pl\",\"url\":\"https:\/\/www.aplikuj.pl\/dokumenty\/\",\"logo\":{\"@type\":\"ImageObject\",\"inLanguage\":\"pl-PL\",\"@id\":\"https:\/\/www.aplikuj.pl\/dokumenty\/#\/schema\/logo\/image\/\",\"url\":\"\",\"contentUrl\":\"\",\"caption\":\"Aplikuj.pl\"},\"image\":{\"@id\":\"https:\/\/www.aplikuj.pl\/dokumenty\/#\/schema\/logo\/image\/\"}}]}<\/script>\n<!-- \/ Yoast SEO plugin. -->","yoast_head_json":{"title":"Wz\u00f3r zgody pracownika na przekazywanie wynagrodzenia - Aplikuj.pl","robots":{"index":"index","follow":"follow","max-snippet":"max-snippet:-1","max-image-preview":"max-image-preview:large","max-video-preview":"max-video-preview:-1"},"canonical":"https:\/\/www.aplikuj.pl\/dokumenty\/formularze-zaswiadczenia\/wzor-zgody-pracownika-na-przekazywanie-wynagrodzenia\/","og_locale":"pl_PL","og_type":"article","og_title":"Wz\u00f3r zgody pracownika na przekazywanie wynagrodzenia - Aplikuj.pl","og_description":"Wz\u00f3r zgody pracownika na przekazywanie wynagrodzenia mo\u017cesz pobra\u0107 bezp\u0142atnie w dw\u00f3ch formatach. Plik zosta\u0142 przygotowany w formie mo\u017cliwie uniwersalnej, mo\u017cna samodzielnie uzupe\u0142ni\u0107 dane poprzez edycj\u0119 w popularnych aplikacji. Plik w formacie .DOC jest kompatybilny z programem MS Office oraz z darmowymi pakietami biurowymi (Open Office czy Libre Office), nale\u017cy wi\u0119c zedytowa\u0107 tekst, dodaj\u0105c indywidualne dane, a nast\u0119pnie wydrukowa\u0107 wniosek, podpisa\u0107 odr\u0119cznie i z\u0142o\u017cy\u0107 u pracodawcy.","og_url":"https:\/\/www.aplikuj.pl\/dokumenty\/formularze-zaswiadczenia\/wzor-zgody-pracownika-na-przekazywanie-wynagrodzenia\/","og_site_name":"Aplikuj.pl","article_modified_time":"2026-02-22T22:23:35+00:00","og_image":[{"width":794,"height":1123,"url":"https:\/\/www.aplikuj.pl\/dokumenty\/wp-content\/uploads\/2021\/04\/formularze-i-zaswiadczenia-6.jpg","type":"image\/jpeg"}],"twitter_card":"summary_large_image","twitter_misc":{"Szacowany czas czytania":"2 minuty"},"schema":{"@context":"https:\/\/schema.org","@graph":[{"@type":"WebPage","@id":"https:\/\/www.aplikuj.pl\/dokumenty\/formularze-zaswiadczenia\/wzor-zgody-pracownika-na-przekazywanie-wynagrodzenia\/","url":"https:\/\/www.aplikuj.pl\/dokumenty\/formularze-zaswiadczenia\/wzor-zgody-pracownika-na-przekazywanie-wynagrodzenia\/","name":"Wz\u00f3r zgody pracownika na przekazywanie wynagrodzenia - Aplikuj.pl","isPartOf":{"@id":"https:\/\/www.aplikuj.pl\/dokumenty\/#website"},"primaryImageOfPage":{"@id":"https:\/\/www.aplikuj.pl\/dokumenty\/formularze-zaswiadczenia\/wzor-zgody-pracownika-na-przekazywanie-wynagrodzenia\/#primaryimage"},"image":{"@id":"https:\/\/www.aplikuj.pl\/dokumenty\/formularze-zaswiadczenia\/wzor-zgody-pracownika-na-przekazywanie-wynagrodzenia\/#primaryimage"},"thumbnailUrl":"https:\/\/www.aplikuj.pl\/dokumenty\/wp-content\/uploads\/2021\/04\/formularze-i-zaswiadczenia-6.jpg","datePublished":"2021-04-20T04:35:36+00:00","dateModified":"2026-02-22T22:23:35+00:00","breadcrumb":{"@id":"https:\/\/www.aplikuj.pl\/dokumenty\/formularze-zaswiadczenia\/wzor-zgody-pracownika-na-przekazywanie-wynagrodzenia\/#breadcrumb"},"inLanguage":"pl-PL","potentialAction":[{"@type":"ReadAction","target":["https:\/\/www.aplikuj.pl\/dokumenty\/formularze-zaswiadczenia\/wzor-zgody-pracownika-na-przekazywanie-wynagrodzenia\/"]}]},{"@type":"ImageObject","inLanguage":"pl-PL","@id":"https:\/\/www.aplikuj.pl\/dokumenty\/formularze-zaswiadczenia\/wzor-zgody-pracownika-na-przekazywanie-wynagrodzenia\/#primaryimage","url":"https:\/\/www.aplikuj.pl\/dokumenty\/wp-content\/uploads\/2021\/04\/formularze-i-zaswiadczenia-6.jpg","contentUrl":"https:\/\/www.aplikuj.pl\/dokumenty\/wp-content\/uploads\/2021\/04\/formularze-i-zaswiadczenia-6.jpg","width":794,"height":1123,"caption":"Wz\u00f3r dokumentu grafika pogl\u0105dowa"},{"@type":"BreadcrumbList","@id":"https:\/\/www.aplikuj.pl\/dokumenty\/formularze-zaswiadczenia\/wzor-zgody-pracownika-na-przekazywanie-wynagrodzenia\/#breadcrumb","itemListElement":[{"@type":"ListItem","position":1,"name":"Dokumenty HR","item":"https:\/\/www.aplikuj.pl\/dokumenty\/"},{"@type":"ListItem","position":2,"name":"umowa-o-prace","item":"https:\/\/www.aplikuj.pl\/dokumenty\/umowa-o-prace\/"},{"@type":"ListItem","position":3,"name":"Formularze i za\u015bwiadczenia","item":"https:\/\/www.aplikuj.pl\/dokumenty\/formularze-zaswiadczenia\/"},{"@type":"ListItem","position":4,"name":"Wz\u00f3r zgody pracownika na przekazywanie wynagrodzenia"}]},{"@type":"WebSite","@id":"https:\/\/www.aplikuj.pl\/dokumenty\/#website","url":"https:\/\/www.aplikuj.pl\/dokumenty\/","name":"Aplikuj.pl","description":"Profesjonalne i darmowe wzory dokument\u00f3w HR","publisher":{"@id":"https:\/\/www.aplikuj.pl\/dokumenty\/#organization"},"potentialAction":[{"@type":"SearchAction","target":{"@type":"EntryPoint","urlTemplate":"https:\/\/www.aplikuj.pl\/dokumenty\/?s={search_term_string}"},"query-input":{"@type":"PropertyValueSpecification","valueRequired":true,"valueName":"search_term_string"}}],"inLanguage":"pl-PL"},{"@type":"Organization","@id":"https:\/\/www.aplikuj.pl\/dokumenty\/#organization","name":"Aplikuj.pl","url":"https:\/\/www.aplikuj.pl\/dokumenty\/","logo":{"@type":"ImageObject","inLanguage":"pl-PL","@id":"https:\/\/www.aplikuj.pl\/dokumenty\/#\/schema\/logo\/image\/","url":"","contentUrl":"","caption":"Aplikuj.pl"},"image":{"@id":"https:\/\/www.aplikuj.pl\/dokumenty\/#\/schema\/logo\/image\/"}}]}},"_links":{"self":[{"href":"https:\/\/www.aplikuj.pl\/dokumenty\/wp-json\/wp\/v2\/product\/4955","targetHints":{"allow":["GET"]}}],"collection":[{"href":"https:\/\/www.aplikuj.pl\/dokumenty\/wp-json\/wp\/v2\/product"}],"about":[{"href":"https:\/\/www.aplikuj.pl\/dokumenty\/wp-json\/wp\/v2\/types\/product"}],"version-history":[{"count":1,"href":"https:\/\/www.aplikuj.pl\/dokumenty\/wp-json\/wp\/v2\/product\/4955\/revisions"}],"predecessor-version":[{"id":5225,"href":"https:\/\/www.aplikuj.pl\/dokumenty\/wp-json\/wp\/v2\/product\/4955\/revisions\/5225"}],"wp:featuredmedia":[{"embeddable":true,"href":"https:\/\/www.aplikuj.pl\/dokumenty\/wp-json\/wp\/v2\/media\/4958"}],"wp:attachment":[{"href":"https:\/\/www.aplikuj.pl\/dokumenty\/wp-json\/wp\/v2\/media?parent=4955"}],"wp:term":[{"taxonomy":"product_brand","embeddable":true,"href":"https:\/\/www.aplikuj.pl\/dokumenty\/wp-json\/wp\/v2\/product_brand?post=4955"},{"taxonomy":"product_cat","embeddable":true,"href":"https:\/\/www.aplikuj.pl\/dokumenty\/wp-json\/wp\/v2\/product_cat?post=4955"},{"taxonomy":"product_tag","embeddable":true,"href":"https:\/\/www.aplikuj.pl\/dokumenty\/wp-json\/wp\/v2\/product_tag?post=4955"}],"curies":[{"name":"wp","href":"https:\/\/api.w.org\/{rel}","templated":true}]}}