{"id":4940,"date":"2021-03-10T07:52:22","date_gmt":"2021-03-10T06:52:22","guid":{"rendered":"https:\/\/www.aplikuj.pl\/dokumenty\/?post_type=product&#038;p=4940"},"modified":"2026-02-22T23:23:35","modified_gmt":"2026-02-22T22:23:35","slug":"wzor-informacji-miesiecznej-dla-osoby-ubezpieczonej-rmua","status":"publish","type":"product","link":"https:\/\/www.aplikuj.pl\/dokumenty\/formularze-zaswiadczenia\/wzor-informacji-miesiecznej-dla-osoby-ubezpieczonej-rmua\/","title":{"rendered":"Wz\u00f3r informacji miesi\u0119cznej dla osoby ubezpieczonej RMUA"},"content":{"rendered":"<h2>Informacja miesi\u0119czna dla osoby ubezpieczonej RMUA<\/h2>\n<p>Dokument ten wcze\u015bniej nazywany by\u0142 ZUS RMUA. Zawiera on informacje o pobranych z wynagrodzenia sk\u0142adkach na ubezpieczenie spo\u0142eczne, z wyszczeg\u00f3lnieniem ka\u017cdego miesi\u0105ca.<br \/>\nObecnie przyjmuje si\u0119, \u017ce dokument ten jest wysy\u0142any raz w roku. Jednak pracownik w ka\u017cdym miesi\u0105cu ma mo\u017cliwo\u015b\u0107 za\u017c\u0105dania wgl\u0105du do takiej informacji. W dokumencie musz\u0105 zosta\u0107 zawarte dane o osi\u0105gni\u0119tych przez pracownika przychodach, kt\u00f3re stanowi\u0105 podstaw\u0119 wymiaru sk\u0142adek, a tak\u017ce kwoty pobranych sk\u0142adek podlegaj\u0105cych wp\u0142acie na ubezpieczenie spo\u0142eczne.<\/p>\n<h2>Jakie dane zawiera druk RMUA?<\/h2>\n<p>Przede wszystkim w informacji miesi\u0119cznej dla osoby zatrudnionej nale\u017cy poprawnie uzupe\u0142ni\u0107 dane personalne osoby ubezpieczonej jak PESEL, imi\u0119, nazwisko, kod NFZ, do kt\u00f3rego nale\u017cy osoba zatrudniona, seri\u0119 i numer dowodu osobistego, a tak\u017ce dat\u0119 urodzenia.<br \/>\nNast\u0119pnie nale\u017cy poda\u0107 informacj\u0119, z jakiego tytu\u0142u op\u0142aca si\u0119 to ubezpieczenie. Jest to najcz\u0119\u015bciej umowa o prac\u0119, ewentualnie umowa zlecenie. Nast\u0119pnym krokiem jest podanie wymiaru czasu pracy. W przypadku umowy na ca\u0142y etat podaje si\u0119 nie 1, a 1\/1. Czas pracy mo\u017cna poda\u0107 tak\u017ce w godzinach.<br \/>\nKolejne rubryki to podstawa wymiaru sk\u0142adki na ubezpieczenie chorobowe, wypadkowe i zdrowotne. Nast\u0119pnie s\u0105 to kwoty, kt\u00f3re zosta\u0142y przelane na ubezpieczenie emerytalne, rentowe, chorobowe, wypadkowe. Wa\u017cna jest tak\u017ce kwota, o jak\u0105 obni\u017cono podstaw\u0119 wymiaru sk\u0142adki na ubezpieczenia spo\u0142eczne z tytu\u0142u op\u0142acania sk\u0142adki w ramach PPK.<\/p>\n<h2>Wz\u00f3r informacji miesi\u0119cznej dla osoby ubezpieczonej RMUA<\/h2>\n<p>Na rz\u0105dowych stronach mo\u017cna pobra\u0107 gotowy w\u0142a\u015bciwy druk RMUA, kt\u00f3ry udost\u0119pniamy r\u00f3wnie\u017c na tej stronie. Informacja miesi\u0119czna dla osoby ubezpieczonej (RMUA) to bardzo d\u0142ugi dokument. Skorzystanie z przygotowanego szablonu usprawni proces podania wszystkich informacji oraz naprowadzi, co nale\u017cy umie\u015bci\u0107 w odpowiednim miejscu.<\/p>\n","protected":false},"excerpt":{"rendered":"<p>Wz\u00f3r druku informacji miesi\u0119cznej dla osoby ubezpieczonej mo\u017cesz pobra\u0107 w jednym sta\u0142ym wzorze zgodnym z obowi\u0105zuj\u0105cymi normami. Druk udost\u0119pniany jest jedynie w formacie PDF i udost\u0119pnia go w tej samej wersji ZUS, jak i GOFIN. Dokument nale\u017cy uzupe\u0142ni\u0107 odr\u0119cznie lub wype\u0142ni\u0107 w specjalnych programach do edycji druk\u00f3w podatkowych.<\/p>\n","protected":false},"featured_media":4934,"template":"","meta":[],"product_brand":[],"product_cat":[24],"product_tag":[371,373],"class_list":{"0":"post-4940","1":"product","2":"type-product","3":"status-publish","4":"has-post-thumbnail","6":"product_cat-formularze-zaswiadczenia","7":"product_tag-druk-rmua","8":"product_tag-informacja-miesieczna-dla-osoby-ubezpieczonej","10":"first","11":"instock","12":"shipping-taxable","13":"product-type-external"},"yoast_head":"<!-- This site is optimized with the Yoast SEO plugin v27.0 - https:\/\/yoast.com\/product\/yoast-seo-wordpress\/ -->\n<title>Wz\u00f3r informacji miesi\u0119cznej dla osoby ubezpieczonej RMUA - Aplikuj.pl<\/title>\n<meta name=\"robots\" content=\"index, follow, max-snippet:-1, max-image-preview:large, max-video-preview:-1\" \/>\n<link rel=\"canonical\" href=\"https:\/\/www.aplikuj.pl\/dokumenty\/formularze-zaswiadczenia\/wzor-informacji-miesiecznej-dla-osoby-ubezpieczonej-rmua\/\" \/>\n<meta property=\"og:locale\" content=\"pl_PL\" \/>\n<meta property=\"og:type\" content=\"article\" \/>\n<meta property=\"og:title\" content=\"Wz\u00f3r informacji miesi\u0119cznej dla osoby ubezpieczonej RMUA - Aplikuj.pl\" \/>\n<meta property=\"og:description\" content=\"Wz\u00f3r druku informacji miesi\u0119cznej dla osoby ubezpieczonej mo\u017cesz pobra\u0107 w jednym sta\u0142ym wzorze zgodnym z obowi\u0105zuj\u0105cymi normami. Druk udost\u0119pniany jest jedynie w formacie PDF i udost\u0119pnia go w tej samej wersji ZUS, jak i GOFIN. Dokument nale\u017cy uzupe\u0142ni\u0107 odr\u0119cznie lub wype\u0142ni\u0107 w specjalnych programach do edycji druk\u00f3w podatkowych.\" \/>\n<meta property=\"og:url\" content=\"https:\/\/www.aplikuj.pl\/dokumenty\/formularze-zaswiadczenia\/wzor-informacji-miesiecznej-dla-osoby-ubezpieczonej-rmua\/\" \/>\n<meta property=\"og:site_name\" content=\"Aplikuj.pl\" \/>\n<meta property=\"article:modified_time\" content=\"2026-02-22T22:23:35+00:00\" \/>\n<meta property=\"og:image\" content=\"https:\/\/www.aplikuj.pl\/dokumenty\/wp-content\/uploads\/2021\/02\/wzor-dokumentu.jpg\" \/>\n\t<meta property=\"og:image:width\" content=\"794\" \/>\n\t<meta property=\"og:image:height\" content=\"1123\" \/>\n\t<meta property=\"og:image:type\" content=\"image\/jpeg\" \/>\n<meta name=\"twitter:card\" content=\"summary_large_image\" \/>\n<meta name=\"twitter:label1\" content=\"Szacowany czas czytania\" \/>\n\t<meta name=\"twitter:data1\" content=\"2 minuty\" \/>\n<script type=\"application\/ld+json\" class=\"yoast-schema-graph\">{\"@context\":\"https:\/\/schema.org\",\"@graph\":[{\"@type\":\"WebPage\",\"@id\":\"https:\/\/www.aplikuj.pl\/dokumenty\/formularze-zaswiadczenia\/wzor-informacji-miesiecznej-dla-osoby-ubezpieczonej-rmua\/\",\"url\":\"https:\/\/www.aplikuj.pl\/dokumenty\/formularze-zaswiadczenia\/wzor-informacji-miesiecznej-dla-osoby-ubezpieczonej-rmua\/\",\"name\":\"Wz\u00f3r informacji miesi\u0119cznej dla osoby ubezpieczonej RMUA - Aplikuj.pl\",\"isPartOf\":{\"@id\":\"https:\/\/www.aplikuj.pl\/dokumenty\/#website\"},\"primaryImageOfPage\":{\"@id\":\"https:\/\/www.aplikuj.pl\/dokumenty\/formularze-zaswiadczenia\/wzor-informacji-miesiecznej-dla-osoby-ubezpieczonej-rmua\/#primaryimage\"},\"image\":{\"@id\":\"https:\/\/www.aplikuj.pl\/dokumenty\/formularze-zaswiadczenia\/wzor-informacji-miesiecznej-dla-osoby-ubezpieczonej-rmua\/#primaryimage\"},\"thumbnailUrl\":\"https:\/\/www.aplikuj.pl\/dokumenty\/wp-content\/uploads\/2021\/02\/wzor-dokumentu.jpg\",\"datePublished\":\"2021-03-10T06:52:22+00:00\",\"dateModified\":\"2026-02-22T22:23:35+00:00\",\"breadcrumb\":{\"@id\":\"https:\/\/www.aplikuj.pl\/dokumenty\/formularze-zaswiadczenia\/wzor-informacji-miesiecznej-dla-osoby-ubezpieczonej-rmua\/#breadcrumb\"},\"inLanguage\":\"pl-PL\",\"potentialAction\":[{\"@type\":\"ReadAction\",\"target\":[\"https:\/\/www.aplikuj.pl\/dokumenty\/formularze-zaswiadczenia\/wzor-informacji-miesiecznej-dla-osoby-ubezpieczonej-rmua\/\"]}]},{\"@type\":\"ImageObject\",\"inLanguage\":\"pl-PL\",\"@id\":\"https:\/\/www.aplikuj.pl\/dokumenty\/formularze-zaswiadczenia\/wzor-informacji-miesiecznej-dla-osoby-ubezpieczonej-rmua\/#primaryimage\",\"url\":\"https:\/\/www.aplikuj.pl\/dokumenty\/wp-content\/uploads\/2021\/02\/wzor-dokumentu.jpg\",\"contentUrl\":\"https:\/\/www.aplikuj.pl\/dokumenty\/wp-content\/uploads\/2021\/02\/wzor-dokumentu.jpg\",\"width\":794,\"height\":1123,\"caption\":\"Wz\u00f3r dokumentu grafika\"},{\"@type\":\"BreadcrumbList\",\"@id\":\"https:\/\/www.aplikuj.pl\/dokumenty\/formularze-zaswiadczenia\/wzor-informacji-miesiecznej-dla-osoby-ubezpieczonej-rmua\/#breadcrumb\",\"itemListElement\":[{\"@type\":\"ListItem\",\"position\":1,\"name\":\"Dokumenty HR\",\"item\":\"https:\/\/www.aplikuj.pl\/dokumenty\/\"},{\"@type\":\"ListItem\",\"position\":2,\"name\":\"umowa-o-prace\",\"item\":\"https:\/\/www.aplikuj.pl\/dokumenty\/umowa-o-prace\/\"},{\"@type\":\"ListItem\",\"position\":3,\"name\":\"Formularze i za\u015bwiadczenia\",\"item\":\"https:\/\/www.aplikuj.pl\/dokumenty\/formularze-zaswiadczenia\/\"},{\"@type\":\"ListItem\",\"position\":4,\"name\":\"Wz\u00f3r informacji miesi\u0119cznej dla osoby ubezpieczonej RMUA\"}]},{\"@type\":\"WebSite\",\"@id\":\"https:\/\/www.aplikuj.pl\/dokumenty\/#website\",\"url\":\"https:\/\/www.aplikuj.pl\/dokumenty\/\",\"name\":\"Aplikuj.pl\",\"description\":\"Profesjonalne i darmowe wzory dokument\u00f3w HR\",\"publisher\":{\"@id\":\"https:\/\/www.aplikuj.pl\/dokumenty\/#organization\"},\"potentialAction\":[{\"@type\":\"SearchAction\",\"target\":{\"@type\":\"EntryPoint\",\"urlTemplate\":\"https:\/\/www.aplikuj.pl\/dokumenty\/?s={search_term_string}\"},\"query-input\":{\"@type\":\"PropertyValueSpecification\",\"valueRequired\":true,\"valueName\":\"search_term_string\"}}],\"inLanguage\":\"pl-PL\"},{\"@type\":\"Organization\",\"@id\":\"https:\/\/www.aplikuj.pl\/dokumenty\/#organization\",\"name\":\"Aplikuj.pl\",\"url\":\"https:\/\/www.aplikuj.pl\/dokumenty\/\",\"logo\":{\"@type\":\"ImageObject\",\"inLanguage\":\"pl-PL\",\"@id\":\"https:\/\/www.aplikuj.pl\/dokumenty\/#\/schema\/logo\/image\/\",\"url\":\"\",\"contentUrl\":\"\",\"caption\":\"Aplikuj.pl\"},\"image\":{\"@id\":\"https:\/\/www.aplikuj.pl\/dokumenty\/#\/schema\/logo\/image\/\"}}]}<\/script>\n<!-- \/ Yoast SEO plugin. -->","yoast_head_json":{"title":"Wz\u00f3r informacji miesi\u0119cznej dla osoby ubezpieczonej RMUA - Aplikuj.pl","robots":{"index":"index","follow":"follow","max-snippet":"max-snippet:-1","max-image-preview":"max-image-preview:large","max-video-preview":"max-video-preview:-1"},"canonical":"https:\/\/www.aplikuj.pl\/dokumenty\/formularze-zaswiadczenia\/wzor-informacji-miesiecznej-dla-osoby-ubezpieczonej-rmua\/","og_locale":"pl_PL","og_type":"article","og_title":"Wz\u00f3r informacji miesi\u0119cznej dla osoby ubezpieczonej RMUA - Aplikuj.pl","og_description":"Wz\u00f3r druku informacji miesi\u0119cznej dla osoby ubezpieczonej mo\u017cesz pobra\u0107 w jednym sta\u0142ym wzorze zgodnym z obowi\u0105zuj\u0105cymi normami. Druk udost\u0119pniany jest jedynie w formacie PDF i udost\u0119pnia go w tej samej wersji ZUS, jak i GOFIN. Dokument nale\u017cy uzupe\u0142ni\u0107 odr\u0119cznie lub wype\u0142ni\u0107 w specjalnych programach do edycji druk\u00f3w podatkowych.","og_url":"https:\/\/www.aplikuj.pl\/dokumenty\/formularze-zaswiadczenia\/wzor-informacji-miesiecznej-dla-osoby-ubezpieczonej-rmua\/","og_site_name":"Aplikuj.pl","article_modified_time":"2026-02-22T22:23:35+00:00","og_image":[{"width":794,"height":1123,"url":"https:\/\/www.aplikuj.pl\/dokumenty\/wp-content\/uploads\/2021\/02\/wzor-dokumentu.jpg","type":"image\/jpeg"}],"twitter_card":"summary_large_image","twitter_misc":{"Szacowany czas czytania":"2 minuty"},"schema":{"@context":"https:\/\/schema.org","@graph":[{"@type":"WebPage","@id":"https:\/\/www.aplikuj.pl\/dokumenty\/formularze-zaswiadczenia\/wzor-informacji-miesiecznej-dla-osoby-ubezpieczonej-rmua\/","url":"https:\/\/www.aplikuj.pl\/dokumenty\/formularze-zaswiadczenia\/wzor-informacji-miesiecznej-dla-osoby-ubezpieczonej-rmua\/","name":"Wz\u00f3r informacji miesi\u0119cznej dla osoby ubezpieczonej RMUA - Aplikuj.pl","isPartOf":{"@id":"https:\/\/www.aplikuj.pl\/dokumenty\/#website"},"primaryImageOfPage":{"@id":"https:\/\/www.aplikuj.pl\/dokumenty\/formularze-zaswiadczenia\/wzor-informacji-miesiecznej-dla-osoby-ubezpieczonej-rmua\/#primaryimage"},"image":{"@id":"https:\/\/www.aplikuj.pl\/dokumenty\/formularze-zaswiadczenia\/wzor-informacji-miesiecznej-dla-osoby-ubezpieczonej-rmua\/#primaryimage"},"thumbnailUrl":"https:\/\/www.aplikuj.pl\/dokumenty\/wp-content\/uploads\/2021\/02\/wzor-dokumentu.jpg","datePublished":"2021-03-10T06:52:22+00:00","dateModified":"2026-02-22T22:23:35+00:00","breadcrumb":{"@id":"https:\/\/www.aplikuj.pl\/dokumenty\/formularze-zaswiadczenia\/wzor-informacji-miesiecznej-dla-osoby-ubezpieczonej-rmua\/#breadcrumb"},"inLanguage":"pl-PL","potentialAction":[{"@type":"ReadAction","target":["https:\/\/www.aplikuj.pl\/dokumenty\/formularze-zaswiadczenia\/wzor-informacji-miesiecznej-dla-osoby-ubezpieczonej-rmua\/"]}]},{"@type":"ImageObject","inLanguage":"pl-PL","@id":"https:\/\/www.aplikuj.pl\/dokumenty\/formularze-zaswiadczenia\/wzor-informacji-miesiecznej-dla-osoby-ubezpieczonej-rmua\/#primaryimage","url":"https:\/\/www.aplikuj.pl\/dokumenty\/wp-content\/uploads\/2021\/02\/wzor-dokumentu.jpg","contentUrl":"https:\/\/www.aplikuj.pl\/dokumenty\/wp-content\/uploads\/2021\/02\/wzor-dokumentu.jpg","width":794,"height":1123,"caption":"Wz\u00f3r dokumentu grafika"},{"@type":"BreadcrumbList","@id":"https:\/\/www.aplikuj.pl\/dokumenty\/formularze-zaswiadczenia\/wzor-informacji-miesiecznej-dla-osoby-ubezpieczonej-rmua\/#breadcrumb","itemListElement":[{"@type":"ListItem","position":1,"name":"Dokumenty HR","item":"https:\/\/www.aplikuj.pl\/dokumenty\/"},{"@type":"ListItem","position":2,"name":"umowa-o-prace","item":"https:\/\/www.aplikuj.pl\/dokumenty\/umowa-o-prace\/"},{"@type":"ListItem","position":3,"name":"Formularze i za\u015bwiadczenia","item":"https:\/\/www.aplikuj.pl\/dokumenty\/formularze-zaswiadczenia\/"},{"@type":"ListItem","position":4,"name":"Wz\u00f3r informacji miesi\u0119cznej dla osoby ubezpieczonej RMUA"}]},{"@type":"WebSite","@id":"https:\/\/www.aplikuj.pl\/dokumenty\/#website","url":"https:\/\/www.aplikuj.pl\/dokumenty\/","name":"Aplikuj.pl","description":"Profesjonalne i darmowe wzory dokument\u00f3w HR","publisher":{"@id":"https:\/\/www.aplikuj.pl\/dokumenty\/#organization"},"potentialAction":[{"@type":"SearchAction","target":{"@type":"EntryPoint","urlTemplate":"https:\/\/www.aplikuj.pl\/dokumenty\/?s={search_term_string}"},"query-input":{"@type":"PropertyValueSpecification","valueRequired":true,"valueName":"search_term_string"}}],"inLanguage":"pl-PL"},{"@type":"Organization","@id":"https:\/\/www.aplikuj.pl\/dokumenty\/#organization","name":"Aplikuj.pl","url":"https:\/\/www.aplikuj.pl\/dokumenty\/","logo":{"@type":"ImageObject","inLanguage":"pl-PL","@id":"https:\/\/www.aplikuj.pl\/dokumenty\/#\/schema\/logo\/image\/","url":"","contentUrl":"","caption":"Aplikuj.pl"},"image":{"@id":"https:\/\/www.aplikuj.pl\/dokumenty\/#\/schema\/logo\/image\/"}}]}},"_links":{"self":[{"href":"https:\/\/www.aplikuj.pl\/dokumenty\/wp-json\/wp\/v2\/product\/4940","targetHints":{"allow":["GET"]}}],"collection":[{"href":"https:\/\/www.aplikuj.pl\/dokumenty\/wp-json\/wp\/v2\/product"}],"about":[{"href":"https:\/\/www.aplikuj.pl\/dokumenty\/wp-json\/wp\/v2\/types\/product"}],"version-history":[{"count":1,"href":"https:\/\/www.aplikuj.pl\/dokumenty\/wp-json\/wp\/v2\/product\/4940\/revisions"}],"predecessor-version":[{"id":5223,"href":"https:\/\/www.aplikuj.pl\/dokumenty\/wp-json\/wp\/v2\/product\/4940\/revisions\/5223"}],"wp:featuredmedia":[{"embeddable":true,"href":"https:\/\/www.aplikuj.pl\/dokumenty\/wp-json\/wp\/v2\/media\/4934"}],"wp:attachment":[{"href":"https:\/\/www.aplikuj.pl\/dokumenty\/wp-json\/wp\/v2\/media?parent=4940"}],"wp:term":[{"taxonomy":"product_brand","embeddable":true,"href":"https:\/\/www.aplikuj.pl\/dokumenty\/wp-json\/wp\/v2\/product_brand?post=4940"},{"taxonomy":"product_cat","embeddable":true,"href":"https:\/\/www.aplikuj.pl\/dokumenty\/wp-json\/wp\/v2\/product_cat?post=4940"},{"taxonomy":"product_tag","embeddable":true,"href":"https:\/\/www.aplikuj.pl\/dokumenty\/wp-json\/wp\/v2\/product_tag?post=4940"}],"curies":[{"name":"wp","href":"https:\/\/api.w.org\/{rel}","templated":true}]}}