{"id":4876,"date":"2021-02-16T13:04:22","date_gmt":"2021-02-16T12:04:22","guid":{"rendered":"https:\/\/www.aplikuj.pl\/dokumenty\/?post_type=product&#038;p=4876"},"modified":"2026-02-22T23:23:35","modified_gmt":"2026-02-22T22:23:35","slug":"wzor-rozwiazania-umowy-o-prace-ze-skroconym-okresem-wypowiedzenia","status":"publish","type":"product","link":"https:\/\/www.aplikuj.pl\/dokumenty\/wzory-wypowiedzenia\/wzor-rozwiazania-umowy-o-prace-ze-skroconym-okresem-wypowiedzenia\/","title":{"rendered":"Wz\u00f3r rozwi\u0105zania umowy o prac\u0119 ze skr\u00f3conym okresem wypowiedzenia"},"content":{"rendered":"<h2><span class=\"current\">Rozwi\u0105zanie umowy o prac\u0119 z zastosowaniem skr\u00f3conego okresu wypowiedzenia<\/span><\/h2>\n<p>W zale\u017cno\u015bci od sta\u017cu pracy, w momencie rozwi\u0105zania umowy o prac\u0119 pracownik jest zobowi\u0105zany do przepracowania okresu wypowiedzenia w d\u0142ugo\u015bci uregulowanej przez Kodeks Pracy. Istnieje jednak mo\u017cliwo\u015b\u0107 skr\u00f3cenia okresu wypowiedzenia. Taka sytuacja mo\u017ce mie\u0107 miejsce w sytuacji, gdy pracodawca og\u0142asza likwidacj\u0119 b\u0105d\u017a upad\u0142o\u015b\u0107 firmy. W tej sytuacji nale\u017cy zastosowa\u0107 dokument rozwi\u0105zanie umowy o prac\u0119 ze skr\u00f3conym okresem wypowiedzenia. Ze wzgl\u0119du na fakt, \u017ce pracownik ma prawo do odbycia 3-miesi\u0119cznego wypowiedzenia, za czas nieprzepracowany otrzymuje odszkodowanie. Inn\u0105 sytuacj\u0105, w kt\u00f3rej skr\u00f3cony okres wypowiedzenia mo\u017ce by\u0107 zastosowany to porozumienie, do kt\u00f3rego dochodzi pracodawca z pracownikiem. W tym wypadku nie mo\u017ce by\u0107 jednak mowy o odszkodowaniu. Tego typu dokument mo\u017ce zosta\u0107 z\u0142o\u017cony przez pracodawc\u0119 tylko w przypadku, gdy pracownik by\u0142 zatrudniony na czas nieokre\u015blony.<\/p>\n<h2>Jak napisa\u0107 rozwi\u0105zanie umowy o prac\u0119 ze skr\u00f3conym okresem wypowiedzenia<\/h2>\n<p>Wz\u00f3r Rozwi\u0105zania umowy o prac\u0119 ze skr\u00f3conym okresem wypowiedzenia jest dost\u0119pny za darmo w internecie, dlatego warto skorzysta\u0107 z niego w przypadku, gdy zachodzi potrzeba rozwi\u0105zania umowy na takich zasadach. Jakie elementy powinny by\u0107 zawarte w dokumencie &#8222;rozwi\u0105zanie umowy o prac\u0119 ze skr\u00f3conym okresem wypowiedzenia&#8221;? W dokumencie powinny by\u0107 zawarte imi\u0119 i nazwisko pracownika oraz informacja o okresie skr\u00f3conego wypowiedzenia wraz z dok\u0142adn\u0105 dat\u0105, kiedy \u00f3w okres mija. Niezb\u0119dne jest r\u00f3wnie\u017c podanie przyczyny wypowiedzenia umowy o prac\u0119. W dokumencie powinny pojawi\u0107 si\u0119 standardowe klauzule o mo\u017cliwo\u015bci odwo\u0142ania si\u0119 lub wszcz\u0119cia post\u0119powania przez Komisj\u0119 Pojednawcz\u0105.<\/p>\n<h2>Wz\u00f3r rozwi\u0105zania umowy o prac\u0119 ze skr\u00f3conym okresem wypowiedzenia<\/h2>\n<p>W celu rozwi\u0105zania umowy o prac\u0119 ze skr\u00f3conym okresem wypowiedzenia stosuje si\u0119 standardowe pismo, w kt\u00f3rym wskazana jest przyczyna wypowiedzenia umowy oraz termin up\u0142yni\u0119cia okresu wypowiedzenia. Sporz\u0105dzaj\u0105c taki dokument, skorzysta\u0107 z darmowego wzoru, kt\u00f3ry zawiera wszystkie niezb\u0119dne informacje. Wystarczy jedynie wpisa\u0107 dane personalne pracownika i wy\u017cej wymienione informacje zgodnie z indywidualnymi ustaleniami.<\/p>\n","protected":false},"excerpt":{"rendered":"<p class=\"Standard\">Wz\u00f3r dokumentu rozwi\u0105zania umowy z zastosowaniem skr\u00f3conego okresu wypowiedzenia udost\u0119pniamy do pobrania w dw\u00f3ch formatach do wyboru. Aby skorzysta\u0107 z szablonu, pobierz plik i wydrukuj w celu odr\u0119cznego uzupe\u0142nienia danych b\u0105d\u017a zedytuj plik .doc samodzielnie w jednym z popularnych pakiet\u00f3w biurowych (MS Office, Open Office lub Libre Office).<\/p>\n","protected":false},"featured_media":4879,"template":"","meta":[],"product_brand":[],"product_cat":[22],"product_tag":[183,358],"class_list":{"0":"post-4876","1":"product","2":"type-product","3":"status-publish","4":"has-post-thumbnail","6":"product_cat-wzory-wypowiedzenia","7":"product_tag-rozwiazanie-umowy-o-prace","8":"product_tag-wzor-rozwiazania-umowy-o-prace-ze-skroconym-okresem-wypowiedzenia","10":"first","11":"instock","12":"shipping-taxable","13":"product-type-external"},"yoast_head":"<!-- This site is optimized with the Yoast SEO plugin v27.0 - https:\/\/yoast.com\/product\/yoast-seo-wordpress\/ -->\n<title>Wz\u00f3r rozwi\u0105zania umowy o prac\u0119 ze skr\u00f3conym okresem wypowiedzenia - Aplikuj.pl<\/title>\n<meta name=\"robots\" content=\"index, follow, max-snippet:-1, max-image-preview:large, max-video-preview:-1\" \/>\n<link rel=\"canonical\" href=\"https:\/\/www.aplikuj.pl\/dokumenty\/wzory-wypowiedzenia\/wzor-rozwiazania-umowy-o-prace-ze-skroconym-okresem-wypowiedzenia\/\" \/>\n<meta property=\"og:locale\" content=\"pl_PL\" \/>\n<meta property=\"og:type\" content=\"article\" \/>\n<meta property=\"og:title\" content=\"Wz\u00f3r rozwi\u0105zania umowy o prac\u0119 ze skr\u00f3conym okresem wypowiedzenia - Aplikuj.pl\" \/>\n<meta property=\"og:description\" content=\"Wz\u00f3r dokumentu rozwi\u0105zania umowy z zastosowaniem skr\u00f3conego okresu wypowiedzenia udost\u0119pniamy do pobrania w dw\u00f3ch formatach do wyboru. Aby skorzysta\u0107 z szablonu, pobierz plik i wydrukuj w celu odr\u0119cznego uzupe\u0142nienia danych b\u0105d\u017a zedytuj plik .doc samodzielnie w jednym z popularnych pakiet\u00f3w biurowych (MS Office, Open Office lub Libre Office).\" \/>\n<meta property=\"og:url\" content=\"https:\/\/www.aplikuj.pl\/dokumenty\/wzory-wypowiedzenia\/wzor-rozwiazania-umowy-o-prace-ze-skroconym-okresem-wypowiedzenia\/\" \/>\n<meta property=\"og:site_name\" content=\"Aplikuj.pl\" \/>\n<meta property=\"article:modified_time\" content=\"2026-02-22T22:23:35+00:00\" \/>\n<meta property=\"og:image\" content=\"https:\/\/www.aplikuj.pl\/dokumenty\/wp-content\/uploads\/2021\/02\/rozwiazanie-umowy-5.jpg\" \/>\n\t<meta property=\"og:image:width\" content=\"794\" \/>\n\t<meta property=\"og:image:height\" content=\"1123\" \/>\n\t<meta property=\"og:image:type\" content=\"image\/jpeg\" \/>\n<meta name=\"twitter:card\" content=\"summary_large_image\" \/>\n<meta name=\"twitter:label1\" content=\"Szacowany czas czytania\" \/>\n\t<meta name=\"twitter:data1\" content=\"2 minuty\" \/>\n<script type=\"application\/ld+json\" class=\"yoast-schema-graph\">{\"@context\":\"https:\/\/schema.org\",\"@graph\":[{\"@type\":\"WebPage\",\"@id\":\"https:\/\/www.aplikuj.pl\/dokumenty\/wzory-wypowiedzenia\/wzor-rozwiazania-umowy-o-prace-ze-skroconym-okresem-wypowiedzenia\/\",\"url\":\"https:\/\/www.aplikuj.pl\/dokumenty\/wzory-wypowiedzenia\/wzor-rozwiazania-umowy-o-prace-ze-skroconym-okresem-wypowiedzenia\/\",\"name\":\"Wz\u00f3r rozwi\u0105zania umowy o prac\u0119 ze skr\u00f3conym okresem wypowiedzenia - Aplikuj.pl\",\"isPartOf\":{\"@id\":\"https:\/\/www.aplikuj.pl\/dokumenty\/#website\"},\"primaryImageOfPage\":{\"@id\":\"https:\/\/www.aplikuj.pl\/dokumenty\/wzory-wypowiedzenia\/wzor-rozwiazania-umowy-o-prace-ze-skroconym-okresem-wypowiedzenia\/#primaryimage\"},\"image\":{\"@id\":\"https:\/\/www.aplikuj.pl\/dokumenty\/wzory-wypowiedzenia\/wzor-rozwiazania-umowy-o-prace-ze-skroconym-okresem-wypowiedzenia\/#primaryimage\"},\"thumbnailUrl\":\"https:\/\/www.aplikuj.pl\/dokumenty\/wp-content\/uploads\/2021\/02\/rozwiazanie-umowy-5.jpg\",\"datePublished\":\"2021-02-16T12:04:22+00:00\",\"dateModified\":\"2026-02-22T22:23:35+00:00\",\"breadcrumb\":{\"@id\":\"https:\/\/www.aplikuj.pl\/dokumenty\/wzory-wypowiedzenia\/wzor-rozwiazania-umowy-o-prace-ze-skroconym-okresem-wypowiedzenia\/#breadcrumb\"},\"inLanguage\":\"pl-PL\",\"potentialAction\":[{\"@type\":\"ReadAction\",\"target\":[\"https:\/\/www.aplikuj.pl\/dokumenty\/wzory-wypowiedzenia\/wzor-rozwiazania-umowy-o-prace-ze-skroconym-okresem-wypowiedzenia\/\"]}]},{\"@type\":\"ImageObject\",\"inLanguage\":\"pl-PL\",\"@id\":\"https:\/\/www.aplikuj.pl\/dokumenty\/wzory-wypowiedzenia\/wzor-rozwiazania-umowy-o-prace-ze-skroconym-okresem-wypowiedzenia\/#primaryimage\",\"url\":\"https:\/\/www.aplikuj.pl\/dokumenty\/wp-content\/uploads\/2021\/02\/rozwiazanie-umowy-5.jpg\",\"contentUrl\":\"https:\/\/www.aplikuj.pl\/dokumenty\/wp-content\/uploads\/2021\/02\/rozwiazanie-umowy-5.jpg\",\"width\":794,\"height\":1123,\"caption\":\"Wz\u00f3r dokumentu grafika\"},{\"@type\":\"BreadcrumbList\",\"@id\":\"https:\/\/www.aplikuj.pl\/dokumenty\/wzory-wypowiedzenia\/wzor-rozwiazania-umowy-o-prace-ze-skroconym-okresem-wypowiedzenia\/#breadcrumb\",\"itemListElement\":[{\"@type\":\"ListItem\",\"position\":1,\"name\":\"Dokumenty HR\",\"item\":\"https:\/\/www.aplikuj.pl\/dokumenty\/\"},{\"@type\":\"ListItem\",\"position\":2,\"name\":\"umowa-o-prace\",\"item\":\"https:\/\/www.aplikuj.pl\/dokumenty\/umowa-o-prace\/\"},{\"@type\":\"ListItem\",\"position\":3,\"name\":\"Rozwi\u0105zanie umowy\",\"item\":\"https:\/\/www.aplikuj.pl\/dokumenty\/wzory-wypowiedzenia\/\"},{\"@type\":\"ListItem\",\"position\":4,\"name\":\"Wz\u00f3r rozwi\u0105zania umowy o prac\u0119 ze skr\u00f3conym okresem wypowiedzenia\"}]},{\"@type\":\"WebSite\",\"@id\":\"https:\/\/www.aplikuj.pl\/dokumenty\/#website\",\"url\":\"https:\/\/www.aplikuj.pl\/dokumenty\/\",\"name\":\"Aplikuj.pl\",\"description\":\"Profesjonalne i darmowe wzory dokument\u00f3w HR\",\"publisher\":{\"@id\":\"https:\/\/www.aplikuj.pl\/dokumenty\/#organization\"},\"potentialAction\":[{\"@type\":\"SearchAction\",\"target\":{\"@type\":\"EntryPoint\",\"urlTemplate\":\"https:\/\/www.aplikuj.pl\/dokumenty\/?s={search_term_string}\"},\"query-input\":{\"@type\":\"PropertyValueSpecification\",\"valueRequired\":true,\"valueName\":\"search_term_string\"}}],\"inLanguage\":\"pl-PL\"},{\"@type\":\"Organization\",\"@id\":\"https:\/\/www.aplikuj.pl\/dokumenty\/#organization\",\"name\":\"Aplikuj.pl\",\"url\":\"https:\/\/www.aplikuj.pl\/dokumenty\/\",\"logo\":{\"@type\":\"ImageObject\",\"inLanguage\":\"pl-PL\",\"@id\":\"https:\/\/www.aplikuj.pl\/dokumenty\/#\/schema\/logo\/image\/\",\"url\":\"\",\"contentUrl\":\"\",\"caption\":\"Aplikuj.pl\"},\"image\":{\"@id\":\"https:\/\/www.aplikuj.pl\/dokumenty\/#\/schema\/logo\/image\/\"}}]}<\/script>\n<!-- \/ Yoast SEO plugin. -->","yoast_head_json":{"title":"Wz\u00f3r rozwi\u0105zania umowy o prac\u0119 ze skr\u00f3conym okresem wypowiedzenia - Aplikuj.pl","robots":{"index":"index","follow":"follow","max-snippet":"max-snippet:-1","max-image-preview":"max-image-preview:large","max-video-preview":"max-video-preview:-1"},"canonical":"https:\/\/www.aplikuj.pl\/dokumenty\/wzory-wypowiedzenia\/wzor-rozwiazania-umowy-o-prace-ze-skroconym-okresem-wypowiedzenia\/","og_locale":"pl_PL","og_type":"article","og_title":"Wz\u00f3r rozwi\u0105zania umowy o prac\u0119 ze skr\u00f3conym okresem wypowiedzenia - Aplikuj.pl","og_description":"Wz\u00f3r dokumentu rozwi\u0105zania umowy z zastosowaniem skr\u00f3conego okresu wypowiedzenia udost\u0119pniamy do pobrania w dw\u00f3ch formatach do wyboru. Aby skorzysta\u0107 z szablonu, pobierz plik i wydrukuj w celu odr\u0119cznego uzupe\u0142nienia danych b\u0105d\u017a zedytuj plik .doc samodzielnie w jednym z popularnych pakiet\u00f3w biurowych (MS Office, Open Office lub Libre Office).","og_url":"https:\/\/www.aplikuj.pl\/dokumenty\/wzory-wypowiedzenia\/wzor-rozwiazania-umowy-o-prace-ze-skroconym-okresem-wypowiedzenia\/","og_site_name":"Aplikuj.pl","article_modified_time":"2026-02-22T22:23:35+00:00","og_image":[{"width":794,"height":1123,"url":"https:\/\/www.aplikuj.pl\/dokumenty\/wp-content\/uploads\/2021\/02\/rozwiazanie-umowy-5.jpg","type":"image\/jpeg"}],"twitter_card":"summary_large_image","twitter_misc":{"Szacowany czas czytania":"2 minuty"},"schema":{"@context":"https:\/\/schema.org","@graph":[{"@type":"WebPage","@id":"https:\/\/www.aplikuj.pl\/dokumenty\/wzory-wypowiedzenia\/wzor-rozwiazania-umowy-o-prace-ze-skroconym-okresem-wypowiedzenia\/","url":"https:\/\/www.aplikuj.pl\/dokumenty\/wzory-wypowiedzenia\/wzor-rozwiazania-umowy-o-prace-ze-skroconym-okresem-wypowiedzenia\/","name":"Wz\u00f3r rozwi\u0105zania umowy o prac\u0119 ze skr\u00f3conym okresem wypowiedzenia - Aplikuj.pl","isPartOf":{"@id":"https:\/\/www.aplikuj.pl\/dokumenty\/#website"},"primaryImageOfPage":{"@id":"https:\/\/www.aplikuj.pl\/dokumenty\/wzory-wypowiedzenia\/wzor-rozwiazania-umowy-o-prace-ze-skroconym-okresem-wypowiedzenia\/#primaryimage"},"image":{"@id":"https:\/\/www.aplikuj.pl\/dokumenty\/wzory-wypowiedzenia\/wzor-rozwiazania-umowy-o-prace-ze-skroconym-okresem-wypowiedzenia\/#primaryimage"},"thumbnailUrl":"https:\/\/www.aplikuj.pl\/dokumenty\/wp-content\/uploads\/2021\/02\/rozwiazanie-umowy-5.jpg","datePublished":"2021-02-16T12:04:22+00:00","dateModified":"2026-02-22T22:23:35+00:00","breadcrumb":{"@id":"https:\/\/www.aplikuj.pl\/dokumenty\/wzory-wypowiedzenia\/wzor-rozwiazania-umowy-o-prace-ze-skroconym-okresem-wypowiedzenia\/#breadcrumb"},"inLanguage":"pl-PL","potentialAction":[{"@type":"ReadAction","target":["https:\/\/www.aplikuj.pl\/dokumenty\/wzory-wypowiedzenia\/wzor-rozwiazania-umowy-o-prace-ze-skroconym-okresem-wypowiedzenia\/"]}]},{"@type":"ImageObject","inLanguage":"pl-PL","@id":"https:\/\/www.aplikuj.pl\/dokumenty\/wzory-wypowiedzenia\/wzor-rozwiazania-umowy-o-prace-ze-skroconym-okresem-wypowiedzenia\/#primaryimage","url":"https:\/\/www.aplikuj.pl\/dokumenty\/wp-content\/uploads\/2021\/02\/rozwiazanie-umowy-5.jpg","contentUrl":"https:\/\/www.aplikuj.pl\/dokumenty\/wp-content\/uploads\/2021\/02\/rozwiazanie-umowy-5.jpg","width":794,"height":1123,"caption":"Wz\u00f3r dokumentu grafika"},{"@type":"BreadcrumbList","@id":"https:\/\/www.aplikuj.pl\/dokumenty\/wzory-wypowiedzenia\/wzor-rozwiazania-umowy-o-prace-ze-skroconym-okresem-wypowiedzenia\/#breadcrumb","itemListElement":[{"@type":"ListItem","position":1,"name":"Dokumenty HR","item":"https:\/\/www.aplikuj.pl\/dokumenty\/"},{"@type":"ListItem","position":2,"name":"umowa-o-prace","item":"https:\/\/www.aplikuj.pl\/dokumenty\/umowa-o-prace\/"},{"@type":"ListItem","position":3,"name":"Rozwi\u0105zanie umowy","item":"https:\/\/www.aplikuj.pl\/dokumenty\/wzory-wypowiedzenia\/"},{"@type":"ListItem","position":4,"name":"Wz\u00f3r rozwi\u0105zania umowy o prac\u0119 ze skr\u00f3conym okresem wypowiedzenia"}]},{"@type":"WebSite","@id":"https:\/\/www.aplikuj.pl\/dokumenty\/#website","url":"https:\/\/www.aplikuj.pl\/dokumenty\/","name":"Aplikuj.pl","description":"Profesjonalne i darmowe wzory dokument\u00f3w HR","publisher":{"@id":"https:\/\/www.aplikuj.pl\/dokumenty\/#organization"},"potentialAction":[{"@type":"SearchAction","target":{"@type":"EntryPoint","urlTemplate":"https:\/\/www.aplikuj.pl\/dokumenty\/?s={search_term_string}"},"query-input":{"@type":"PropertyValueSpecification","valueRequired":true,"valueName":"search_term_string"}}],"inLanguage":"pl-PL"},{"@type":"Organization","@id":"https:\/\/www.aplikuj.pl\/dokumenty\/#organization","name":"Aplikuj.pl","url":"https:\/\/www.aplikuj.pl\/dokumenty\/","logo":{"@type":"ImageObject","inLanguage":"pl-PL","@id":"https:\/\/www.aplikuj.pl\/dokumenty\/#\/schema\/logo\/image\/","url":"","contentUrl":"","caption":"Aplikuj.pl"},"image":{"@id":"https:\/\/www.aplikuj.pl\/dokumenty\/#\/schema\/logo\/image\/"}}]}},"_links":{"self":[{"href":"https:\/\/www.aplikuj.pl\/dokumenty\/wp-json\/wp\/v2\/product\/4876","targetHints":{"allow":["GET"]}}],"collection":[{"href":"https:\/\/www.aplikuj.pl\/dokumenty\/wp-json\/wp\/v2\/product"}],"about":[{"href":"https:\/\/www.aplikuj.pl\/dokumenty\/wp-json\/wp\/v2\/types\/product"}],"version-history":[{"count":1,"href":"https:\/\/www.aplikuj.pl\/dokumenty\/wp-json\/wp\/v2\/product\/4876\/revisions"}],"predecessor-version":[{"id":5219,"href":"https:\/\/www.aplikuj.pl\/dokumenty\/wp-json\/wp\/v2\/product\/4876\/revisions\/5219"}],"wp:featuredmedia":[{"embeddable":true,"href":"https:\/\/www.aplikuj.pl\/dokumenty\/wp-json\/wp\/v2\/media\/4879"}],"wp:attachment":[{"href":"https:\/\/www.aplikuj.pl\/dokumenty\/wp-json\/wp\/v2\/media?parent=4876"}],"wp:term":[{"taxonomy":"product_brand","embeddable":true,"href":"https:\/\/www.aplikuj.pl\/dokumenty\/wp-json\/wp\/v2\/product_brand?post=4876"},{"taxonomy":"product_cat","embeddable":true,"href":"https:\/\/www.aplikuj.pl\/dokumenty\/wp-json\/wp\/v2\/product_cat?post=4876"},{"taxonomy":"product_tag","embeddable":true,"href":"https:\/\/www.aplikuj.pl\/dokumenty\/wp-json\/wp\/v2\/product_tag?post=4876"}],"curies":[{"name":"wp","href":"https:\/\/api.w.org\/{rel}","templated":true}]}}