{"id":4864,"date":"2021-02-15T15:06:59","date_gmt":"2021-02-15T14:06:59","guid":{"rendered":"https:\/\/www.aplikuj.pl\/dokumenty\/?post_type=product&#038;p=4864"},"modified":"2026-02-22T23:23:35","modified_gmt":"2026-02-22T22:23:35","slug":"wzor-wypowiedzenia-umowy-o-zakazie-konkurencji","status":"publish","type":"product","link":"https:\/\/www.aplikuj.pl\/dokumenty\/wzory-wypowiedzenia\/wzor-wypowiedzenia-umowy-o-zakazie-konkurencji\/","title":{"rendered":"Wz\u00f3r wypowiedzenia umowy o zakazie konkurencji"},"content":{"rendered":"<h2>Wypowiedzenie umowy o zakazie konkurencji<\/h2>\n<p>Wypowiedzenie umowy o zakazie konkurencji, tak samo jak sama umowa, obligatoryjnie musi zosta\u0107 zawarte na pi\u015bmie. Umowa o zakazie konkurencji, czyli tzw. lojalka, zawarta w czasie trwania zatrudnienia jest \u015bci\u015ble powi\u0105zana z umow\u0105 o prac\u0119 i stanowi umowne rozszerzenie obowi\u0105zku dbania o dobro pracodawcy. Umowa o zakazie konkurencji po zako\u0144czeniu stosunku pracy jest natomiast typow\u0105 umow\u0105 terminow\u0105. W kodeksie pracy nie przewidziano mo\u017cliwo\u015bci jej wcze\u015bniejszego wypowiedzenia, ale mo\u017cliwe jest ustalenie w niej prawa do wypowiedzenia, na zasadzie wolno\u015bci um\u00f3w.<\/p>\n<h2>co napisa\u0107 w wypowiedzeniu umowy o zakazie konkurencji<\/h2>\n<p>Wcze\u015bniejsze wypowiedzenie umowy o zakazie konkurencji po ustaniu zatrudnienia jest mo\u017cliwe w sytuacji, gdy jej strony zawar\u0142y w niej mo\u017cliwo\u015b\u0107 jej wypowiedzenia albo w\u00f3wczas, gdy umowa okre\u015bla warunek rozwi\u0105zuj\u0105cy, kt\u00f3ry strona musi spe\u0142ni\u0107, \u017ceby umowa usta\u0142a.<\/p>\n<p>W wypowiedzeniu umowy lojalno\u015bciowej nale\u017cy powo\u0142a\u0107 si\u0119 na zawarcie takiej mo\u017cliwo\u015bci ze wcze\u015bniej podpisanej umowie lub na spe\u0142nienie warunku wypowiedzenia okre\u015blonego w tej umowie. Pracodawca, dokonuj\u0105c wypowiedzenia umowy o zakazie konkurencji, ocenia, czy usta\u0142y ju\u017c przyczyny uzasadniaj\u0105ce dokonanie zakazu konkurencji. Jest to subiektywna ocena, kt\u00f3ra nie podlega post\u0119powaniu s\u0105dowemu, poniewa\u017c pracodawca dokonuje jej, dbaj\u0105c o ochron\u0119 w\u0142asnych interes\u00f3w.<\/p>\n<h2>Wz\u00f3r wypowiedzenia umowy o zakazie konkurencji<\/h2>\n<p>Zakaz konkurencji po ustaniu stosunku pracy wi\u0105\u017ce si\u0119 z konieczno\u015bci\u0105 wyp\u0142aty odszkodowania by\u0142emu pracownikowi. Aby unikn\u0105\u0107 konieczno\u015bci dalszej wyp\u0142aty odszkodowania, pracodawca mo\u017ce wypowiedzie\u0107 jednostronnie tak\u0105 umow\u0119, o ile prawo do wypowiedzenia zosta\u0142o w niej zawarte. Wypowiedzenie b\u0119dzie skuteczne, je\u017celi b\u0119dzie zawarte na pi\u015bmie oraz b\u0119dzie spe\u0142nia\u0142o wszystkie wymogi formalne. W celu prawid\u0142owego sporz\u0105dzenia wypowiedzenia umowy o zakazie konkurencji warto skorzysta\u0107 z bezp\u0142atnego wzoru.<\/p>\n<p>&nbsp;<\/p>\n","protected":false},"excerpt":{"rendered":"<p>Wz\u00f3r wypowiedzenia umowy o zakazie konkurencji przygotowano w gotowej do uzupe\u0142nienia postaci sformatowanej zgodnie ze standardami. Aby skorzysta\u0107 z szablonu dokumentu, nale\u017cy uzupe\u0142ni\u0107 go danymi zatrudniaj\u0105cego i pracownika oraz niezb\u0119dnymi informacjami, na kt\u00f3re pozostawiono miejsca we wzorze. Pobranie wzoru wypowiedzenia umowy o zakazie konkurencji w wersji edytowalnej doc. umo\u017cliwia jego edycj\u0119 za pomoc\u0105 jednego z popularnych program\u00f3w do pracy z tekstem (MS Word, Open Office lub Libre Office).<\/p>\n","protected":false},"featured_media":4868,"template":"","meta":[],"product_brand":[],"product_cat":[22],"product_tag":[355,354,356],"class_list":{"0":"post-4864","1":"product","2":"type-product","3":"status-publish","4":"has-post-thumbnail","6":"product_cat-wzory-wypowiedzenia","7":"product_tag-wypowiedzenie-umowy-lojalnosciowej","8":"product_tag-wypowiedzenie-umowy-o-zakazie-konkurencji","9":"product_tag-wzor-wypowiedzenia-umowy-o-zakazie-konkurencji","11":"first","12":"instock","13":"shipping-taxable","14":"product-type-external"},"yoast_head":"<!-- This site is optimized with the Yoast SEO plugin v27.0 - https:\/\/yoast.com\/product\/yoast-seo-wordpress\/ -->\n<title>Wz\u00f3r wypowiedzenia umowy o zakazie konkurencji - Aplikuj.pl<\/title>\n<meta name=\"robots\" content=\"index, follow, max-snippet:-1, max-image-preview:large, max-video-preview:-1\" \/>\n<link rel=\"canonical\" href=\"https:\/\/www.aplikuj.pl\/dokumenty\/wzory-wypowiedzenia\/wzor-wypowiedzenia-umowy-o-zakazie-konkurencji\/\" \/>\n<meta property=\"og:locale\" content=\"pl_PL\" \/>\n<meta property=\"og:type\" content=\"article\" \/>\n<meta property=\"og:title\" content=\"Wz\u00f3r wypowiedzenia umowy o zakazie konkurencji - Aplikuj.pl\" \/>\n<meta property=\"og:description\" content=\"Wz\u00f3r wypowiedzenia umowy o zakazie konkurencji przygotowano w gotowej do uzupe\u0142nienia postaci sformatowanej zgodnie ze standardami. Aby skorzysta\u0107 z szablonu dokumentu, nale\u017cy uzupe\u0142ni\u0107 go danymi zatrudniaj\u0105cego i pracownika oraz niezb\u0119dnymi informacjami, na kt\u00f3re pozostawiono miejsca we wzorze. Pobranie wzoru wypowiedzenia umowy o zakazie konkurencji w wersji edytowalnej doc. umo\u017cliwia jego edycj\u0119 za pomoc\u0105 jednego z popularnych program\u00f3w do pracy z tekstem (MS Word, Open Office lub Libre Office).\" \/>\n<meta property=\"og:url\" content=\"https:\/\/www.aplikuj.pl\/dokumenty\/wzory-wypowiedzenia\/wzor-wypowiedzenia-umowy-o-zakazie-konkurencji\/\" \/>\n<meta property=\"og:site_name\" content=\"Aplikuj.pl\" \/>\n<meta property=\"article:modified_time\" content=\"2026-02-22T22:23:35+00:00\" \/>\n<meta property=\"og:image\" content=\"https:\/\/www.aplikuj.pl\/dokumenty\/wp-content\/uploads\/2021\/02\/rozwiazanie-umowy-1.jpg\" \/>\n\t<meta property=\"og:image:width\" content=\"794\" \/>\n\t<meta property=\"og:image:height\" content=\"1123\" \/>\n\t<meta property=\"og:image:type\" content=\"image\/jpeg\" \/>\n<meta name=\"twitter:card\" content=\"summary_large_image\" \/>\n<meta name=\"twitter:label1\" content=\"Szacowany czas czytania\" \/>\n\t<meta name=\"twitter:data1\" content=\"2 minuty\" \/>\n<script type=\"application\/ld+json\" class=\"yoast-schema-graph\">{\"@context\":\"https:\/\/schema.org\",\"@graph\":[{\"@type\":\"WebPage\",\"@id\":\"https:\/\/www.aplikuj.pl\/dokumenty\/wzory-wypowiedzenia\/wzor-wypowiedzenia-umowy-o-zakazie-konkurencji\/\",\"url\":\"https:\/\/www.aplikuj.pl\/dokumenty\/wzory-wypowiedzenia\/wzor-wypowiedzenia-umowy-o-zakazie-konkurencji\/\",\"name\":\"Wz\u00f3r wypowiedzenia umowy o zakazie konkurencji - Aplikuj.pl\",\"isPartOf\":{\"@id\":\"https:\/\/www.aplikuj.pl\/dokumenty\/#website\"},\"primaryImageOfPage\":{\"@id\":\"https:\/\/www.aplikuj.pl\/dokumenty\/wzory-wypowiedzenia\/wzor-wypowiedzenia-umowy-o-zakazie-konkurencji\/#primaryimage\"},\"image\":{\"@id\":\"https:\/\/www.aplikuj.pl\/dokumenty\/wzory-wypowiedzenia\/wzor-wypowiedzenia-umowy-o-zakazie-konkurencji\/#primaryimage\"},\"thumbnailUrl\":\"https:\/\/www.aplikuj.pl\/dokumenty\/wp-content\/uploads\/2021\/02\/rozwiazanie-umowy-1.jpg\",\"datePublished\":\"2021-02-15T14:06:59+00:00\",\"dateModified\":\"2026-02-22T22:23:35+00:00\",\"breadcrumb\":{\"@id\":\"https:\/\/www.aplikuj.pl\/dokumenty\/wzory-wypowiedzenia\/wzor-wypowiedzenia-umowy-o-zakazie-konkurencji\/#breadcrumb\"},\"inLanguage\":\"pl-PL\",\"potentialAction\":[{\"@type\":\"ReadAction\",\"target\":[\"https:\/\/www.aplikuj.pl\/dokumenty\/wzory-wypowiedzenia\/wzor-wypowiedzenia-umowy-o-zakazie-konkurencji\/\"]}]},{\"@type\":\"ImageObject\",\"inLanguage\":\"pl-PL\",\"@id\":\"https:\/\/www.aplikuj.pl\/dokumenty\/wzory-wypowiedzenia\/wzor-wypowiedzenia-umowy-o-zakazie-konkurencji\/#primaryimage\",\"url\":\"https:\/\/www.aplikuj.pl\/dokumenty\/wp-content\/uploads\/2021\/02\/rozwiazanie-umowy-1.jpg\",\"contentUrl\":\"https:\/\/www.aplikuj.pl\/dokumenty\/wp-content\/uploads\/2021\/02\/rozwiazanie-umowy-1.jpg\",\"width\":794,\"height\":1123,\"caption\":\"Wypowiedzenie wz\u00f3r grafika\"},{\"@type\":\"BreadcrumbList\",\"@id\":\"https:\/\/www.aplikuj.pl\/dokumenty\/wzory-wypowiedzenia\/wzor-wypowiedzenia-umowy-o-zakazie-konkurencji\/#breadcrumb\",\"itemListElement\":[{\"@type\":\"ListItem\",\"position\":1,\"name\":\"Dokumenty HR\",\"item\":\"https:\/\/www.aplikuj.pl\/dokumenty\/\"},{\"@type\":\"ListItem\",\"position\":2,\"name\":\"umowa-o-prace\",\"item\":\"https:\/\/www.aplikuj.pl\/dokumenty\/umowa-o-prace\/\"},{\"@type\":\"ListItem\",\"position\":3,\"name\":\"Rozwi\u0105zanie umowy\",\"item\":\"https:\/\/www.aplikuj.pl\/dokumenty\/wzory-wypowiedzenia\/\"},{\"@type\":\"ListItem\",\"position\":4,\"name\":\"Wz\u00f3r wypowiedzenia umowy o zakazie konkurencji\"}]},{\"@type\":\"WebSite\",\"@id\":\"https:\/\/www.aplikuj.pl\/dokumenty\/#website\",\"url\":\"https:\/\/www.aplikuj.pl\/dokumenty\/\",\"name\":\"Aplikuj.pl\",\"description\":\"Profesjonalne i darmowe wzory dokument\u00f3w HR\",\"publisher\":{\"@id\":\"https:\/\/www.aplikuj.pl\/dokumenty\/#organization\"},\"potentialAction\":[{\"@type\":\"SearchAction\",\"target\":{\"@type\":\"EntryPoint\",\"urlTemplate\":\"https:\/\/www.aplikuj.pl\/dokumenty\/?s={search_term_string}\"},\"query-input\":{\"@type\":\"PropertyValueSpecification\",\"valueRequired\":true,\"valueName\":\"search_term_string\"}}],\"inLanguage\":\"pl-PL\"},{\"@type\":\"Organization\",\"@id\":\"https:\/\/www.aplikuj.pl\/dokumenty\/#organization\",\"name\":\"Aplikuj.pl\",\"url\":\"https:\/\/www.aplikuj.pl\/dokumenty\/\",\"logo\":{\"@type\":\"ImageObject\",\"inLanguage\":\"pl-PL\",\"@id\":\"https:\/\/www.aplikuj.pl\/dokumenty\/#\/schema\/logo\/image\/\",\"url\":\"\",\"contentUrl\":\"\",\"caption\":\"Aplikuj.pl\"},\"image\":{\"@id\":\"https:\/\/www.aplikuj.pl\/dokumenty\/#\/schema\/logo\/image\/\"}}]}<\/script>\n<!-- \/ Yoast SEO plugin. -->","yoast_head_json":{"title":"Wz\u00f3r wypowiedzenia umowy o zakazie konkurencji - Aplikuj.pl","robots":{"index":"index","follow":"follow","max-snippet":"max-snippet:-1","max-image-preview":"max-image-preview:large","max-video-preview":"max-video-preview:-1"},"canonical":"https:\/\/www.aplikuj.pl\/dokumenty\/wzory-wypowiedzenia\/wzor-wypowiedzenia-umowy-o-zakazie-konkurencji\/","og_locale":"pl_PL","og_type":"article","og_title":"Wz\u00f3r wypowiedzenia umowy o zakazie konkurencji - Aplikuj.pl","og_description":"Wz\u00f3r wypowiedzenia umowy o zakazie konkurencji przygotowano w gotowej do uzupe\u0142nienia postaci sformatowanej zgodnie ze standardami. Aby skorzysta\u0107 z szablonu dokumentu, nale\u017cy uzupe\u0142ni\u0107 go danymi zatrudniaj\u0105cego i pracownika oraz niezb\u0119dnymi informacjami, na kt\u00f3re pozostawiono miejsca we wzorze. Pobranie wzoru wypowiedzenia umowy o zakazie konkurencji w wersji edytowalnej doc. umo\u017cliwia jego edycj\u0119 za pomoc\u0105 jednego z popularnych program\u00f3w do pracy z tekstem (MS Word, Open Office lub Libre Office).","og_url":"https:\/\/www.aplikuj.pl\/dokumenty\/wzory-wypowiedzenia\/wzor-wypowiedzenia-umowy-o-zakazie-konkurencji\/","og_site_name":"Aplikuj.pl","article_modified_time":"2026-02-22T22:23:35+00:00","og_image":[{"width":794,"height":1123,"url":"https:\/\/www.aplikuj.pl\/dokumenty\/wp-content\/uploads\/2021\/02\/rozwiazanie-umowy-1.jpg","type":"image\/jpeg"}],"twitter_card":"summary_large_image","twitter_misc":{"Szacowany czas czytania":"2 minuty"},"schema":{"@context":"https:\/\/schema.org","@graph":[{"@type":"WebPage","@id":"https:\/\/www.aplikuj.pl\/dokumenty\/wzory-wypowiedzenia\/wzor-wypowiedzenia-umowy-o-zakazie-konkurencji\/","url":"https:\/\/www.aplikuj.pl\/dokumenty\/wzory-wypowiedzenia\/wzor-wypowiedzenia-umowy-o-zakazie-konkurencji\/","name":"Wz\u00f3r wypowiedzenia umowy o zakazie konkurencji - Aplikuj.pl","isPartOf":{"@id":"https:\/\/www.aplikuj.pl\/dokumenty\/#website"},"primaryImageOfPage":{"@id":"https:\/\/www.aplikuj.pl\/dokumenty\/wzory-wypowiedzenia\/wzor-wypowiedzenia-umowy-o-zakazie-konkurencji\/#primaryimage"},"image":{"@id":"https:\/\/www.aplikuj.pl\/dokumenty\/wzory-wypowiedzenia\/wzor-wypowiedzenia-umowy-o-zakazie-konkurencji\/#primaryimage"},"thumbnailUrl":"https:\/\/www.aplikuj.pl\/dokumenty\/wp-content\/uploads\/2021\/02\/rozwiazanie-umowy-1.jpg","datePublished":"2021-02-15T14:06:59+00:00","dateModified":"2026-02-22T22:23:35+00:00","breadcrumb":{"@id":"https:\/\/www.aplikuj.pl\/dokumenty\/wzory-wypowiedzenia\/wzor-wypowiedzenia-umowy-o-zakazie-konkurencji\/#breadcrumb"},"inLanguage":"pl-PL","potentialAction":[{"@type":"ReadAction","target":["https:\/\/www.aplikuj.pl\/dokumenty\/wzory-wypowiedzenia\/wzor-wypowiedzenia-umowy-o-zakazie-konkurencji\/"]}]},{"@type":"ImageObject","inLanguage":"pl-PL","@id":"https:\/\/www.aplikuj.pl\/dokumenty\/wzory-wypowiedzenia\/wzor-wypowiedzenia-umowy-o-zakazie-konkurencji\/#primaryimage","url":"https:\/\/www.aplikuj.pl\/dokumenty\/wp-content\/uploads\/2021\/02\/rozwiazanie-umowy-1.jpg","contentUrl":"https:\/\/www.aplikuj.pl\/dokumenty\/wp-content\/uploads\/2021\/02\/rozwiazanie-umowy-1.jpg","width":794,"height":1123,"caption":"Wypowiedzenie wz\u00f3r grafika"},{"@type":"BreadcrumbList","@id":"https:\/\/www.aplikuj.pl\/dokumenty\/wzory-wypowiedzenia\/wzor-wypowiedzenia-umowy-o-zakazie-konkurencji\/#breadcrumb","itemListElement":[{"@type":"ListItem","position":1,"name":"Dokumenty HR","item":"https:\/\/www.aplikuj.pl\/dokumenty\/"},{"@type":"ListItem","position":2,"name":"umowa-o-prace","item":"https:\/\/www.aplikuj.pl\/dokumenty\/umowa-o-prace\/"},{"@type":"ListItem","position":3,"name":"Rozwi\u0105zanie umowy","item":"https:\/\/www.aplikuj.pl\/dokumenty\/wzory-wypowiedzenia\/"},{"@type":"ListItem","position":4,"name":"Wz\u00f3r wypowiedzenia umowy o zakazie konkurencji"}]},{"@type":"WebSite","@id":"https:\/\/www.aplikuj.pl\/dokumenty\/#website","url":"https:\/\/www.aplikuj.pl\/dokumenty\/","name":"Aplikuj.pl","description":"Profesjonalne i darmowe wzory dokument\u00f3w HR","publisher":{"@id":"https:\/\/www.aplikuj.pl\/dokumenty\/#organization"},"potentialAction":[{"@type":"SearchAction","target":{"@type":"EntryPoint","urlTemplate":"https:\/\/www.aplikuj.pl\/dokumenty\/?s={search_term_string}"},"query-input":{"@type":"PropertyValueSpecification","valueRequired":true,"valueName":"search_term_string"}}],"inLanguage":"pl-PL"},{"@type":"Organization","@id":"https:\/\/www.aplikuj.pl\/dokumenty\/#organization","name":"Aplikuj.pl","url":"https:\/\/www.aplikuj.pl\/dokumenty\/","logo":{"@type":"ImageObject","inLanguage":"pl-PL","@id":"https:\/\/www.aplikuj.pl\/dokumenty\/#\/schema\/logo\/image\/","url":"","contentUrl":"","caption":"Aplikuj.pl"},"image":{"@id":"https:\/\/www.aplikuj.pl\/dokumenty\/#\/schema\/logo\/image\/"}}]}},"_links":{"self":[{"href":"https:\/\/www.aplikuj.pl\/dokumenty\/wp-json\/wp\/v2\/product\/4864","targetHints":{"allow":["GET"]}}],"collection":[{"href":"https:\/\/www.aplikuj.pl\/dokumenty\/wp-json\/wp\/v2\/product"}],"about":[{"href":"https:\/\/www.aplikuj.pl\/dokumenty\/wp-json\/wp\/v2\/types\/product"}],"version-history":[{"count":1,"href":"https:\/\/www.aplikuj.pl\/dokumenty\/wp-json\/wp\/v2\/product\/4864\/revisions"}],"predecessor-version":[{"id":5218,"href":"https:\/\/www.aplikuj.pl\/dokumenty\/wp-json\/wp\/v2\/product\/4864\/revisions\/5218"}],"wp:featuredmedia":[{"embeddable":true,"href":"https:\/\/www.aplikuj.pl\/dokumenty\/wp-json\/wp\/v2\/media\/4868"}],"wp:attachment":[{"href":"https:\/\/www.aplikuj.pl\/dokumenty\/wp-json\/wp\/v2\/media?parent=4864"}],"wp:term":[{"taxonomy":"product_brand","embeddable":true,"href":"https:\/\/www.aplikuj.pl\/dokumenty\/wp-json\/wp\/v2\/product_brand?post=4864"},{"taxonomy":"product_cat","embeddable":true,"href":"https:\/\/www.aplikuj.pl\/dokumenty\/wp-json\/wp\/v2\/product_cat?post=4864"},{"taxonomy":"product_tag","embeddable":true,"href":"https:\/\/www.aplikuj.pl\/dokumenty\/wp-json\/wp\/v2\/product_tag?post=4864"}],"curies":[{"name":"wp","href":"https:\/\/api.w.org\/{rel}","templated":true}]}}