{"id":4852,"date":"2021-02-12T12:23:26","date_gmt":"2021-02-12T11:23:26","guid":{"rendered":"https:\/\/www.aplikuj.pl\/dokumenty\/?post_type=product&#038;p=4852"},"modified":"2026-02-22T23:23:35","modified_gmt":"2026-02-22T22:23:35","slug":"wzor-porozumienia-miedzy-pracodawca-a-organizacjami-zwiazkowymi","status":"publish","type":"product","link":"https:\/\/www.aplikuj.pl\/dokumenty\/wzory-inne\/wzor-porozumienia-miedzy-pracodawca-a-organizacjami-zwiazkowymi\/","title":{"rendered":"Wz\u00f3r porozumienia mi\u0119dzy pracodawc\u0105 a organizacjami zwi\u0105zkowymi"},"content":{"rendered":"<h2>Porozumienie mi\u0119dzy pracodawc\u0105 a organizacjami zwi\u0105zkowymi<\/h2>\n<p>Pracodawca, kt\u00f3ry planuje przeprowadzi\u0107 w swojej firmie zwolnienia grupowe, jest zobligowany w terminie 20 dni od powiadomienia o tym fakcie organizacji zwi\u0105zkowych zawrze\u0107 z nimi stosowne porozumienie. Dokument ten okre\u015bla tryb i zasady post\u0119powania w sprawach dotycz\u0105cych pracownik\u00f3w planowanymi zwolnieniami grupowymi. W sytuacji, gdy niemo\u017cliwe jest zawarcie porozumienia ze wszystkimi organizacjami zwi\u0105zkowymi dzia\u0142aj\u0105cymi w firmie, pracodawca podpisuje porozumienie ze zwi\u0105zkami reprezentatywnymi, tzn z tymi, kt\u00f3re zrzeszaj\u0105 przynajmniej 5% og\u00f3\u0142em zatrudnionych.<\/p>\n<h2>Co zawrze\u0107 w porozumieniu pomi\u0119dzy pracodawc\u0105 a organizacjami zwi\u0105zkowymi dotycz\u0105cym zwolnie\u0144 grupowych?<\/h2>\n<p>Zgodnie z art. 3 ust. 2 Ustawy z dnia 13 marca 2003 r. o szczeg\u00f3lnych zasadach rozwi\u0105zywania z pracownikami stosunk\u00f3w pracy z przyczyn niedotycz\u0105cych pracownik\u00f3w (Dz. U. z 2015r., poz. 192) w porozumieniu okre\u015blone zostaj\u0105 nie tylko zasady post\u0119powania w sprawach dotycz\u0105cych pracownik\u00f3w obj\u0119tych zamiarem grupowego zwolnienia, ale r\u00f3wnie\u017c obowi\u0105zki pracodawcy w zakresie niezb\u0119dnym do rozstrzygania innych spraw pracowniczych zwi\u0105zanych z zamierzonym grupowym zwolnieniem. W dokumencie okre\u015bla si\u0119 m. in.:<\/p>\n<ul>\n<li>liczb\u0119 zwalnianych pracownik\u00f3w,<\/li>\n<li>kryteria doboru pracownik\u00f3w do zwolnienia,<\/li>\n<li>kolejno\u015b\u0107 zwolnie\u0144,<\/li>\n<li>terminy dokonywania wypowiedze\u0144,<\/li>\n<li>wysoko\u015bci odpraw przys\u0142uguj\u0105cych zwalnianym pracownikom.<\/li>\n<\/ul>\n<h2>Wz\u00f3r porozumienia pomi\u0119dzy pracodawc\u0105 a organizacjami zwi\u0105zkowymi dotycz\u0105cego zwolnie\u0144 grupowych<\/h2>\n<p>Zwolnienia grupowe to skomplikowany proces, a sporz\u0105dzenie dokumentu porozumienia jest jego istotnym elementem, kt\u00f3ry mo\u017ce zawa\u017cy\u0107 na prawid\u0142owo\u015bci planowanej redukcji etat\u00f3w. W polskim prawie pracy nie ma okre\u015blonego konkretnego szablonu dokumentu porozumienia. Warto jednak skorzysta\u0107 z darmowego wzoru, co znacznie u\u0142atwi sporz\u0105dzenie pisma oraz sprawi, \u017ce b\u0119dzie ono kompletne i zgodne z obowi\u0105zuj\u0105cymi wymaganiami.<\/p>\n","protected":false},"excerpt":{"rendered":"<p>Szablon dokumentu udost\u0119pniamy do pobrania za darmo w dw\u00f3ch formatach. Plik DOC ze wzorem porozumienia pomi\u0119dzy pracodawc\u0105 a organizacjami zwi\u0105zkowymi w sprawie zwolnie\u0144 grupowych mo\u017cna samodzielnie edytowa\u0107 za pomoc\u0105 popularnych aplikacji biurowych &#8211; jest kompatybilny z programem MS Office oraz z darmowymi pakietami biurowymi (Open Office lub Libre Office).<\/p>\n","protected":false},"featured_media":4853,"template":"","meta":[],"product_brand":[],"product_cat":[30],"product_tag":[351,352],"class_list":{"0":"post-4852","1":"product","2":"type-product","3":"status-publish","4":"has-post-thumbnail","6":"product_cat-wzory-inne","7":"product_tag-porozumienie-miedzy-pracodawca-a-organizacjami-zwiazkowymi","8":"product_tag-wzor-porozumienia-miedzy-pracodawca-a-organizacjami-zwiazkowymi-w-sprawie-zwolnien-grupowych","10":"first","11":"instock","12":"shipping-taxable","13":"product-type-external"},"yoast_head":"<!-- This site is optimized with the Yoast SEO plugin v27.0 - https:\/\/yoast.com\/product\/yoast-seo-wordpress\/ -->\n<title>Wz\u00f3r porozumienia mi\u0119dzy pracodawc\u0105 a organizacjami zwi\u0105zkowymi - Aplikuj.pl<\/title>\n<meta name=\"robots\" content=\"index, follow, max-snippet:-1, max-image-preview:large, max-video-preview:-1\" \/>\n<link rel=\"canonical\" href=\"https:\/\/www.aplikuj.pl\/dokumenty\/wzory-inne\/wzor-porozumienia-miedzy-pracodawca-a-organizacjami-zwiazkowymi\/\" \/>\n<meta property=\"og:locale\" content=\"pl_PL\" \/>\n<meta property=\"og:type\" content=\"article\" \/>\n<meta property=\"og:title\" content=\"Wz\u00f3r porozumienia mi\u0119dzy pracodawc\u0105 a organizacjami zwi\u0105zkowymi - Aplikuj.pl\" \/>\n<meta property=\"og:description\" content=\"Szablon dokumentu udost\u0119pniamy do pobrania za darmo w dw\u00f3ch formatach. Plik DOC ze wzorem porozumienia pomi\u0119dzy pracodawc\u0105 a organizacjami zwi\u0105zkowymi w sprawie zwolnie\u0144 grupowych mo\u017cna samodzielnie edytowa\u0107 za pomoc\u0105 popularnych aplikacji biurowych - jest kompatybilny z programem MS Office oraz z darmowymi pakietami biurowymi (Open Office lub Libre Office).\" \/>\n<meta property=\"og:url\" content=\"https:\/\/www.aplikuj.pl\/dokumenty\/wzory-inne\/wzor-porozumienia-miedzy-pracodawca-a-organizacjami-zwiazkowymi\/\" \/>\n<meta property=\"og:site_name\" content=\"Aplikuj.pl\" \/>\n<meta property=\"article:modified_time\" content=\"2026-02-22T22:23:35+00:00\" \/>\n<meta property=\"og:image\" content=\"https:\/\/www.aplikuj.pl\/dokumenty\/wp-content\/uploads\/2021\/02\/rozwiazanie-umowy-4.jpg\" \/>\n\t<meta property=\"og:image:width\" content=\"794\" \/>\n\t<meta property=\"og:image:height\" content=\"1123\" \/>\n\t<meta property=\"og:image:type\" content=\"image\/jpeg\" \/>\n<meta name=\"twitter:card\" content=\"summary_large_image\" \/>\n<meta name=\"twitter:label1\" content=\"Szacowany czas czytania\" \/>\n\t<meta name=\"twitter:data1\" content=\"2 minuty\" \/>\n<script type=\"application\/ld+json\" class=\"yoast-schema-graph\">{\"@context\":\"https:\/\/schema.org\",\"@graph\":[{\"@type\":\"WebPage\",\"@id\":\"https:\/\/www.aplikuj.pl\/dokumenty\/wzory-inne\/wzor-porozumienia-miedzy-pracodawca-a-organizacjami-zwiazkowymi\/\",\"url\":\"https:\/\/www.aplikuj.pl\/dokumenty\/wzory-inne\/wzor-porozumienia-miedzy-pracodawca-a-organizacjami-zwiazkowymi\/\",\"name\":\"Wz\u00f3r porozumienia mi\u0119dzy pracodawc\u0105 a organizacjami zwi\u0105zkowymi - Aplikuj.pl\",\"isPartOf\":{\"@id\":\"https:\/\/www.aplikuj.pl\/dokumenty\/#website\"},\"primaryImageOfPage\":{\"@id\":\"https:\/\/www.aplikuj.pl\/dokumenty\/wzory-inne\/wzor-porozumienia-miedzy-pracodawca-a-organizacjami-zwiazkowymi\/#primaryimage\"},\"image\":{\"@id\":\"https:\/\/www.aplikuj.pl\/dokumenty\/wzory-inne\/wzor-porozumienia-miedzy-pracodawca-a-organizacjami-zwiazkowymi\/#primaryimage\"},\"thumbnailUrl\":\"https:\/\/www.aplikuj.pl\/dokumenty\/wp-content\/uploads\/2021\/02\/rozwiazanie-umowy-4.jpg\",\"datePublished\":\"2021-02-12T11:23:26+00:00\",\"dateModified\":\"2026-02-22T22:23:35+00:00\",\"breadcrumb\":{\"@id\":\"https:\/\/www.aplikuj.pl\/dokumenty\/wzory-inne\/wzor-porozumienia-miedzy-pracodawca-a-organizacjami-zwiazkowymi\/#breadcrumb\"},\"inLanguage\":\"pl-PL\",\"potentialAction\":[{\"@type\":\"ReadAction\",\"target\":[\"https:\/\/www.aplikuj.pl\/dokumenty\/wzory-inne\/wzor-porozumienia-miedzy-pracodawca-a-organizacjami-zwiazkowymi\/\"]}]},{\"@type\":\"ImageObject\",\"inLanguage\":\"pl-PL\",\"@id\":\"https:\/\/www.aplikuj.pl\/dokumenty\/wzory-inne\/wzor-porozumienia-miedzy-pracodawca-a-organizacjami-zwiazkowymi\/#primaryimage\",\"url\":\"https:\/\/www.aplikuj.pl\/dokumenty\/wp-content\/uploads\/2021\/02\/rozwiazanie-umowy-4.jpg\",\"contentUrl\":\"https:\/\/www.aplikuj.pl\/dokumenty\/wp-content\/uploads\/2021\/02\/rozwiazanie-umowy-4.jpg\",\"width\":794,\"height\":1123,\"caption\":\"Grafika wz\u00f3r porozumienia\"},{\"@type\":\"BreadcrumbList\",\"@id\":\"https:\/\/www.aplikuj.pl\/dokumenty\/wzory-inne\/wzor-porozumienia-miedzy-pracodawca-a-organizacjami-zwiazkowymi\/#breadcrumb\",\"itemListElement\":[{\"@type\":\"ListItem\",\"position\":1,\"name\":\"Dokumenty HR\",\"item\":\"https:\/\/www.aplikuj.pl\/dokumenty\/\"},{\"@type\":\"ListItem\",\"position\":2,\"name\":\"umowa-o-prace\",\"item\":\"https:\/\/www.aplikuj.pl\/dokumenty\/umowa-o-prace\/\"},{\"@type\":\"ListItem\",\"position\":3,\"name\":\"Inne dokumenty - wzory\",\"item\":\"https:\/\/www.aplikuj.pl\/dokumenty\/wzory-inne\/\"},{\"@type\":\"ListItem\",\"position\":4,\"name\":\"Wz\u00f3r porozumienia mi\u0119dzy pracodawc\u0105 a organizacjami zwi\u0105zkowymi\"}]},{\"@type\":\"WebSite\",\"@id\":\"https:\/\/www.aplikuj.pl\/dokumenty\/#website\",\"url\":\"https:\/\/www.aplikuj.pl\/dokumenty\/\",\"name\":\"Aplikuj.pl\",\"description\":\"Profesjonalne i darmowe wzory dokument\u00f3w HR\",\"publisher\":{\"@id\":\"https:\/\/www.aplikuj.pl\/dokumenty\/#organization\"},\"potentialAction\":[{\"@type\":\"SearchAction\",\"target\":{\"@type\":\"EntryPoint\",\"urlTemplate\":\"https:\/\/www.aplikuj.pl\/dokumenty\/?s={search_term_string}\"},\"query-input\":{\"@type\":\"PropertyValueSpecification\",\"valueRequired\":true,\"valueName\":\"search_term_string\"}}],\"inLanguage\":\"pl-PL\"},{\"@type\":\"Organization\",\"@id\":\"https:\/\/www.aplikuj.pl\/dokumenty\/#organization\",\"name\":\"Aplikuj.pl\",\"url\":\"https:\/\/www.aplikuj.pl\/dokumenty\/\",\"logo\":{\"@type\":\"ImageObject\",\"inLanguage\":\"pl-PL\",\"@id\":\"https:\/\/www.aplikuj.pl\/dokumenty\/#\/schema\/logo\/image\/\",\"url\":\"\",\"contentUrl\":\"\",\"caption\":\"Aplikuj.pl\"},\"image\":{\"@id\":\"https:\/\/www.aplikuj.pl\/dokumenty\/#\/schema\/logo\/image\/\"}}]}<\/script>\n<!-- \/ Yoast SEO plugin. -->","yoast_head_json":{"title":"Wz\u00f3r porozumienia mi\u0119dzy pracodawc\u0105 a organizacjami zwi\u0105zkowymi - Aplikuj.pl","robots":{"index":"index","follow":"follow","max-snippet":"max-snippet:-1","max-image-preview":"max-image-preview:large","max-video-preview":"max-video-preview:-1"},"canonical":"https:\/\/www.aplikuj.pl\/dokumenty\/wzory-inne\/wzor-porozumienia-miedzy-pracodawca-a-organizacjami-zwiazkowymi\/","og_locale":"pl_PL","og_type":"article","og_title":"Wz\u00f3r porozumienia mi\u0119dzy pracodawc\u0105 a organizacjami zwi\u0105zkowymi - Aplikuj.pl","og_description":"Szablon dokumentu udost\u0119pniamy do pobrania za darmo w dw\u00f3ch formatach. Plik DOC ze wzorem porozumienia pomi\u0119dzy pracodawc\u0105 a organizacjami zwi\u0105zkowymi w sprawie zwolnie\u0144 grupowych mo\u017cna samodzielnie edytowa\u0107 za pomoc\u0105 popularnych aplikacji biurowych - jest kompatybilny z programem MS Office oraz z darmowymi pakietami biurowymi (Open Office lub Libre Office).","og_url":"https:\/\/www.aplikuj.pl\/dokumenty\/wzory-inne\/wzor-porozumienia-miedzy-pracodawca-a-organizacjami-zwiazkowymi\/","og_site_name":"Aplikuj.pl","article_modified_time":"2026-02-22T22:23:35+00:00","og_image":[{"width":794,"height":1123,"url":"https:\/\/www.aplikuj.pl\/dokumenty\/wp-content\/uploads\/2021\/02\/rozwiazanie-umowy-4.jpg","type":"image\/jpeg"}],"twitter_card":"summary_large_image","twitter_misc":{"Szacowany czas czytania":"2 minuty"},"schema":{"@context":"https:\/\/schema.org","@graph":[{"@type":"WebPage","@id":"https:\/\/www.aplikuj.pl\/dokumenty\/wzory-inne\/wzor-porozumienia-miedzy-pracodawca-a-organizacjami-zwiazkowymi\/","url":"https:\/\/www.aplikuj.pl\/dokumenty\/wzory-inne\/wzor-porozumienia-miedzy-pracodawca-a-organizacjami-zwiazkowymi\/","name":"Wz\u00f3r porozumienia mi\u0119dzy pracodawc\u0105 a organizacjami zwi\u0105zkowymi - Aplikuj.pl","isPartOf":{"@id":"https:\/\/www.aplikuj.pl\/dokumenty\/#website"},"primaryImageOfPage":{"@id":"https:\/\/www.aplikuj.pl\/dokumenty\/wzory-inne\/wzor-porozumienia-miedzy-pracodawca-a-organizacjami-zwiazkowymi\/#primaryimage"},"image":{"@id":"https:\/\/www.aplikuj.pl\/dokumenty\/wzory-inne\/wzor-porozumienia-miedzy-pracodawca-a-organizacjami-zwiazkowymi\/#primaryimage"},"thumbnailUrl":"https:\/\/www.aplikuj.pl\/dokumenty\/wp-content\/uploads\/2021\/02\/rozwiazanie-umowy-4.jpg","datePublished":"2021-02-12T11:23:26+00:00","dateModified":"2026-02-22T22:23:35+00:00","breadcrumb":{"@id":"https:\/\/www.aplikuj.pl\/dokumenty\/wzory-inne\/wzor-porozumienia-miedzy-pracodawca-a-organizacjami-zwiazkowymi\/#breadcrumb"},"inLanguage":"pl-PL","potentialAction":[{"@type":"ReadAction","target":["https:\/\/www.aplikuj.pl\/dokumenty\/wzory-inne\/wzor-porozumienia-miedzy-pracodawca-a-organizacjami-zwiazkowymi\/"]}]},{"@type":"ImageObject","inLanguage":"pl-PL","@id":"https:\/\/www.aplikuj.pl\/dokumenty\/wzory-inne\/wzor-porozumienia-miedzy-pracodawca-a-organizacjami-zwiazkowymi\/#primaryimage","url":"https:\/\/www.aplikuj.pl\/dokumenty\/wp-content\/uploads\/2021\/02\/rozwiazanie-umowy-4.jpg","contentUrl":"https:\/\/www.aplikuj.pl\/dokumenty\/wp-content\/uploads\/2021\/02\/rozwiazanie-umowy-4.jpg","width":794,"height":1123,"caption":"Grafika wz\u00f3r porozumienia"},{"@type":"BreadcrumbList","@id":"https:\/\/www.aplikuj.pl\/dokumenty\/wzory-inne\/wzor-porozumienia-miedzy-pracodawca-a-organizacjami-zwiazkowymi\/#breadcrumb","itemListElement":[{"@type":"ListItem","position":1,"name":"Dokumenty HR","item":"https:\/\/www.aplikuj.pl\/dokumenty\/"},{"@type":"ListItem","position":2,"name":"umowa-o-prace","item":"https:\/\/www.aplikuj.pl\/dokumenty\/umowa-o-prace\/"},{"@type":"ListItem","position":3,"name":"Inne dokumenty - wzory","item":"https:\/\/www.aplikuj.pl\/dokumenty\/wzory-inne\/"},{"@type":"ListItem","position":4,"name":"Wz\u00f3r porozumienia mi\u0119dzy pracodawc\u0105 a organizacjami zwi\u0105zkowymi"}]},{"@type":"WebSite","@id":"https:\/\/www.aplikuj.pl\/dokumenty\/#website","url":"https:\/\/www.aplikuj.pl\/dokumenty\/","name":"Aplikuj.pl","description":"Profesjonalne i darmowe wzory dokument\u00f3w HR","publisher":{"@id":"https:\/\/www.aplikuj.pl\/dokumenty\/#organization"},"potentialAction":[{"@type":"SearchAction","target":{"@type":"EntryPoint","urlTemplate":"https:\/\/www.aplikuj.pl\/dokumenty\/?s={search_term_string}"},"query-input":{"@type":"PropertyValueSpecification","valueRequired":true,"valueName":"search_term_string"}}],"inLanguage":"pl-PL"},{"@type":"Organization","@id":"https:\/\/www.aplikuj.pl\/dokumenty\/#organization","name":"Aplikuj.pl","url":"https:\/\/www.aplikuj.pl\/dokumenty\/","logo":{"@type":"ImageObject","inLanguage":"pl-PL","@id":"https:\/\/www.aplikuj.pl\/dokumenty\/#\/schema\/logo\/image\/","url":"","contentUrl":"","caption":"Aplikuj.pl"},"image":{"@id":"https:\/\/www.aplikuj.pl\/dokumenty\/#\/schema\/logo\/image\/"}}]}},"_links":{"self":[{"href":"https:\/\/www.aplikuj.pl\/dokumenty\/wp-json\/wp\/v2\/product\/4852","targetHints":{"allow":["GET"]}}],"collection":[{"href":"https:\/\/www.aplikuj.pl\/dokumenty\/wp-json\/wp\/v2\/product"}],"about":[{"href":"https:\/\/www.aplikuj.pl\/dokumenty\/wp-json\/wp\/v2\/types\/product"}],"version-history":[{"count":1,"href":"https:\/\/www.aplikuj.pl\/dokumenty\/wp-json\/wp\/v2\/product\/4852\/revisions"}],"predecessor-version":[{"id":5217,"href":"https:\/\/www.aplikuj.pl\/dokumenty\/wp-json\/wp\/v2\/product\/4852\/revisions\/5217"}],"wp:featuredmedia":[{"embeddable":true,"href":"https:\/\/www.aplikuj.pl\/dokumenty\/wp-json\/wp\/v2\/media\/4853"}],"wp:attachment":[{"href":"https:\/\/www.aplikuj.pl\/dokumenty\/wp-json\/wp\/v2\/media?parent=4852"}],"wp:term":[{"taxonomy":"product_brand","embeddable":true,"href":"https:\/\/www.aplikuj.pl\/dokumenty\/wp-json\/wp\/v2\/product_brand?post=4852"},{"taxonomy":"product_cat","embeddable":true,"href":"https:\/\/www.aplikuj.pl\/dokumenty\/wp-json\/wp\/v2\/product_cat?post=4852"},{"taxonomy":"product_tag","embeddable":true,"href":"https:\/\/www.aplikuj.pl\/dokumenty\/wp-json\/wp\/v2\/product_tag?post=4852"}],"curies":[{"name":"wp","href":"https:\/\/api.w.org\/{rel}","templated":true}]}}