{"id":4823,"date":"2021-01-28T14:29:40","date_gmt":"2021-01-28T13:29:40","guid":{"rendered":"https:\/\/www.aplikuj.pl\/dokumenty\/?post_type=product&#038;p=4823"},"modified":"2026-02-22T23:23:35","modified_gmt":"2026-02-22T22:23:35","slug":"wzor-wniosku-o-zgode-na-wyjazd-sluzbowy","status":"publish","type":"product","link":"https:\/\/www.aplikuj.pl\/dokumenty\/wzory-dokumentow-czas-pracy\/wzor-wniosku-o-zgode-na-wyjazd-sluzbowy\/","title":{"rendered":"Wz\u00f3r wniosku o zgod\u0119 na wyjazd s\u0142u\u017cbowy"},"content":{"rendered":"<h2>Wniosek o zgod\u0119 na wyjazd s\u0142u\u017cbowy<\/h2>\n<p>Gdy pracownik wyje\u017cd\u017ca s\u0142u\u017cbowo, wynika to z inicjatywy jego samego lub pracodawcy. Mo\u017cna bowiem otrzyma\u0107 polecenie wyjazdu s\u0142u\u017cbowego, ale mo\u017cna tak\u017ce samemu poprosi\u0107 o zgod\u0119 na taki wyjazd, je\u015bli s\u0105 przes\u0142anki, \u017ce skuteczne wykonywanie obowi\u0105zk\u00f3w pracowniczych tego wymaga. W takiej sytuacji najcz\u0119\u015bciej znajduj\u0105 si\u0119 pracownicy naukowi, lekarze oraz pracownicy wy\u017cszego szczebla w firmach, kt\u00f3rzy w ramach \u015bwiadczonej pracy bior\u0105 udzia\u0142 w r\u00f3\u017cnego rodzaju konferencjach, seminariach itp. Takie osoby cz\u0119sto otrzymuj\u0105 zaproszenia do udzia\u0142u w ciekawych wydarzeniach, kt\u00f3re \u015bci\u015ble wi\u0105\u017c\u0105 si\u0119 z wykonywan\u0105 przez nich prac\u0105. Wspomniany wyjazd przynosi wi\u0119c korzy\u015bci zar\u00f3wno dla nich, jak i dla przedsi\u0119biorstwa, w kt\u00f3rym pracuj\u0105.<\/p>\n<h2>Jak napisa\u0107 wniosek o zgod\u0119 na wyjazd s\u0142u\u017cbowy?<\/h2>\n<p>Ka\u017cdy tego typu wniosek musi zawiera\u0107 konkretne informacje dotycz\u0105ce:<\/p>\n<p>dane wyje\u017cd\u017caj\u0105cego pracownika\/pracownik\u00f3w (mo\u017ce to by\u0107 wniosek dla kilku pracownik\u00f3w jednocze\u015bnie, je\u017celi stanowi\u0105 zesp\u00f3\u0142 i jad\u0105 w tym samym celu);<\/p>\n<ul>\n<li>miejsca docelowego wyjazdu;<\/li>\n<li>terminu wyjazdu;<\/li>\n<li>celu wyjazdu wraz z uzasadnieniem;<\/li>\n<li>\u015brodka transportu;<\/li>\n<li>przewidywanych koszt\u00f3w wyjazdu;<\/li>\n<li>opcjonalnie: wykupienia dodatkowego ubezpieczenia, je\u017celi jest to wyjazd zagraniczny.<\/li>\n<\/ul>\n<p>Od pracodawcy zale\u017cy, czy pozytywnie zaopiniuje taki wniosek, a pracownik nie mo\u017ce si\u0119 uda\u0107 na taki wyjazd bez zgody prze\u0142o\u017conego, w przeciwnym razie b\u0119dzie to stanowi\u0142o naruszenie obowi\u0105zk\u00f3w pracowniczych. Pracodawca na wniosek pracownika wydaje decyzj\u0119 na podstawie oceny zasadno\u015bci wyjazdu w kontek\u015bcie dobra firmy i kalkulacji koszt\u00f3w poniesionych koszt\u00f3w.<\/p>\n<h2>Wz\u00f3r wniosku o zgod\u0119 na wyjazd s\u0142u\u017cbowy<\/h2>\n<p>Omawiany wniosek powinien by\u0107 z\u0142o\u017cony z wyprzedzeniem, najp\u00f3\u017aniej 1 dzie\u0144 przed planowanym wyjazdem. Zaleca si\u0119 jednak przedstawi\u0107 go pracodawcy minimum kilka dni wcze\u015bniej, aby da\u0107 mu czas na podj\u0119cie w\u0142a\u015bciwej decyzji. Takie pismo powinno zawiera\u0107 wszystkie informacje wymienione w poprzednim akapicie wraz ze zrozumia\u0142ym uzasadnieniem, co znacznie u\u0142atwi skorzystanie z bezp\u0142atnego wzoru, kt\u00f3ry mo\u017cesz pobra\u0107 na tej stronie bezp\u0142atnie.<\/p>\n","protected":false},"excerpt":{"rendered":"<p>Dokument zosta\u0142 przygotowany w profesjonalnej, prostej formie wizualnej. Aby skorzysta\u0107 ze wzoru i z\u0142o\u017cy\u0107 wniosek o zgod\u0119 na wyjazd s\u0142u\u017cbowy, nale\u017cy podda\u0107 szablon samodzielnej edycji lub uzupe\u0142ni\u0107 odr\u0119cznie po wydrukowaniu z pliku PDF. Plik w formacie .DOC jest kompatybilny z najpopularniejszymi programami, jak MS Office oraz darmowymi aplikacjami biurowymi (Open Office lub Libre Office), wi\u0119c jego edycja nie powinna przysporzy\u0107 k\u0142opot\u00f3w.<\/p>\n","protected":false},"featured_media":4824,"template":"","meta":[],"product_brand":[],"product_cat":[23],"product_tag":[363,342],"class_list":{"0":"post-4823","1":"product","2":"type-product","3":"status-publish","4":"has-post-thumbnail","6":"product_cat-wzory-dokumentow-czas-pracy","7":"product_tag-delegacja","8":"product_tag-wniosek-o-zgode-na-wyjazd-sluzbowy","10":"first","11":"instock","12":"shipping-taxable","13":"product-type-external"},"yoast_head":"<!-- This site is optimized with the Yoast SEO plugin v27.0 - https:\/\/yoast.com\/product\/yoast-seo-wordpress\/ -->\n<title>Wz\u00f3r wniosku o zgod\u0119 na wyjazd s\u0142u\u017cbowy - Aplikuj.pl<\/title>\n<meta name=\"robots\" content=\"index, follow, max-snippet:-1, max-image-preview:large, max-video-preview:-1\" \/>\n<link rel=\"canonical\" href=\"https:\/\/www.aplikuj.pl\/dokumenty\/wzory-dokumentow-czas-pracy\/wzor-wniosku-o-zgode-na-wyjazd-sluzbowy\/\" \/>\n<meta property=\"og:locale\" content=\"pl_PL\" \/>\n<meta property=\"og:type\" content=\"article\" \/>\n<meta property=\"og:title\" content=\"Wz\u00f3r wniosku o zgod\u0119 na wyjazd s\u0142u\u017cbowy - Aplikuj.pl\" \/>\n<meta property=\"og:description\" content=\"Dokument zosta\u0142 przygotowany w profesjonalnej, prostej formie wizualnej. Aby skorzysta\u0107 ze wzoru i z\u0142o\u017cy\u0107 wniosek o zgod\u0119 na wyjazd s\u0142u\u017cbowy, nale\u017cy podda\u0107 szablon samodzielnej edycji lub uzupe\u0142ni\u0107 odr\u0119cznie po wydrukowaniu z pliku PDF. Plik w formacie .DOC jest kompatybilny z najpopularniejszymi programami, jak MS Office oraz darmowymi aplikacjami biurowymi (Open Office lub Libre Office), wi\u0119c jego edycja nie powinna przysporzy\u0107 k\u0142opot\u00f3w.\" \/>\n<meta property=\"og:url\" content=\"https:\/\/www.aplikuj.pl\/dokumenty\/wzory-dokumentow-czas-pracy\/wzor-wniosku-o-zgode-na-wyjazd-sluzbowy\/\" \/>\n<meta property=\"og:site_name\" content=\"Aplikuj.pl\" \/>\n<meta property=\"article:modified_time\" content=\"2026-02-22T22:23:35+00:00\" \/>\n<meta property=\"og:image\" content=\"https:\/\/www.aplikuj.pl\/dokumenty\/wp-content\/uploads\/2021\/01\/czas-pracy-9.jpg\" \/>\n\t<meta property=\"og:image:width\" content=\"794\" \/>\n\t<meta property=\"og:image:height\" content=\"1123\" \/>\n\t<meta property=\"og:image:type\" content=\"image\/jpeg\" \/>\n<meta name=\"twitter:card\" content=\"summary_large_image\" \/>\n<meta name=\"twitter:label1\" content=\"Szacowany czas czytania\" \/>\n\t<meta name=\"twitter:data1\" content=\"2 minuty\" \/>\n<script type=\"application\/ld+json\" class=\"yoast-schema-graph\">{\"@context\":\"https:\/\/schema.org\",\"@graph\":[{\"@type\":\"WebPage\",\"@id\":\"https:\/\/www.aplikuj.pl\/dokumenty\/wzory-dokumentow-czas-pracy\/wzor-wniosku-o-zgode-na-wyjazd-sluzbowy\/\",\"url\":\"https:\/\/www.aplikuj.pl\/dokumenty\/wzory-dokumentow-czas-pracy\/wzor-wniosku-o-zgode-na-wyjazd-sluzbowy\/\",\"name\":\"Wz\u00f3r wniosku o zgod\u0119 na wyjazd s\u0142u\u017cbowy - Aplikuj.pl\",\"isPartOf\":{\"@id\":\"https:\/\/www.aplikuj.pl\/dokumenty\/#website\"},\"primaryImageOfPage\":{\"@id\":\"https:\/\/www.aplikuj.pl\/dokumenty\/wzory-dokumentow-czas-pracy\/wzor-wniosku-o-zgode-na-wyjazd-sluzbowy\/#primaryimage\"},\"image\":{\"@id\":\"https:\/\/www.aplikuj.pl\/dokumenty\/wzory-dokumentow-czas-pracy\/wzor-wniosku-o-zgode-na-wyjazd-sluzbowy\/#primaryimage\"},\"thumbnailUrl\":\"https:\/\/www.aplikuj.pl\/dokumenty\/wp-content\/uploads\/2021\/01\/czas-pracy-9.jpg\",\"datePublished\":\"2021-01-28T13:29:40+00:00\",\"dateModified\":\"2026-02-22T22:23:35+00:00\",\"breadcrumb\":{\"@id\":\"https:\/\/www.aplikuj.pl\/dokumenty\/wzory-dokumentow-czas-pracy\/wzor-wniosku-o-zgode-na-wyjazd-sluzbowy\/#breadcrumb\"},\"inLanguage\":\"pl-PL\",\"potentialAction\":[{\"@type\":\"ReadAction\",\"target\":[\"https:\/\/www.aplikuj.pl\/dokumenty\/wzory-dokumentow-czas-pracy\/wzor-wniosku-o-zgode-na-wyjazd-sluzbowy\/\"]}]},{\"@type\":\"ImageObject\",\"inLanguage\":\"pl-PL\",\"@id\":\"https:\/\/www.aplikuj.pl\/dokumenty\/wzory-dokumentow-czas-pracy\/wzor-wniosku-o-zgode-na-wyjazd-sluzbowy\/#primaryimage\",\"url\":\"https:\/\/www.aplikuj.pl\/dokumenty\/wp-content\/uploads\/2021\/01\/czas-pracy-9.jpg\",\"contentUrl\":\"https:\/\/www.aplikuj.pl\/dokumenty\/wp-content\/uploads\/2021\/01\/czas-pracy-9.jpg\",\"width\":794,\"height\":1123,\"caption\":\"Wniosek grafika\"},{\"@type\":\"BreadcrumbList\",\"@id\":\"https:\/\/www.aplikuj.pl\/dokumenty\/wzory-dokumentow-czas-pracy\/wzor-wniosku-o-zgode-na-wyjazd-sluzbowy\/#breadcrumb\",\"itemListElement\":[{\"@type\":\"ListItem\",\"position\":1,\"name\":\"Dokumenty HR\",\"item\":\"https:\/\/www.aplikuj.pl\/dokumenty\/\"},{\"@type\":\"ListItem\",\"position\":2,\"name\":\"umowa-o-prace\",\"item\":\"https:\/\/www.aplikuj.pl\/dokumenty\/umowa-o-prace\/\"},{\"@type\":\"ListItem\",\"position\":3,\"name\":\"Wzory dokument\u00f3w - czas pracy\",\"item\":\"https:\/\/www.aplikuj.pl\/dokumenty\/wzory-dokumentow-czas-pracy\/\"},{\"@type\":\"ListItem\",\"position\":4,\"name\":\"Wz\u00f3r wniosku o zgod\u0119 na wyjazd s\u0142u\u017cbowy\"}]},{\"@type\":\"WebSite\",\"@id\":\"https:\/\/www.aplikuj.pl\/dokumenty\/#website\",\"url\":\"https:\/\/www.aplikuj.pl\/dokumenty\/\",\"name\":\"Aplikuj.pl\",\"description\":\"Profesjonalne i darmowe wzory dokument\u00f3w HR\",\"publisher\":{\"@id\":\"https:\/\/www.aplikuj.pl\/dokumenty\/#organization\"},\"potentialAction\":[{\"@type\":\"SearchAction\",\"target\":{\"@type\":\"EntryPoint\",\"urlTemplate\":\"https:\/\/www.aplikuj.pl\/dokumenty\/?s={search_term_string}\"},\"query-input\":{\"@type\":\"PropertyValueSpecification\",\"valueRequired\":true,\"valueName\":\"search_term_string\"}}],\"inLanguage\":\"pl-PL\"},{\"@type\":\"Organization\",\"@id\":\"https:\/\/www.aplikuj.pl\/dokumenty\/#organization\",\"name\":\"Aplikuj.pl\",\"url\":\"https:\/\/www.aplikuj.pl\/dokumenty\/\",\"logo\":{\"@type\":\"ImageObject\",\"inLanguage\":\"pl-PL\",\"@id\":\"https:\/\/www.aplikuj.pl\/dokumenty\/#\/schema\/logo\/image\/\",\"url\":\"\",\"contentUrl\":\"\",\"caption\":\"Aplikuj.pl\"},\"image\":{\"@id\":\"https:\/\/www.aplikuj.pl\/dokumenty\/#\/schema\/logo\/image\/\"}}]}<\/script>\n<!-- \/ Yoast SEO plugin. -->","yoast_head_json":{"title":"Wz\u00f3r wniosku o zgod\u0119 na wyjazd s\u0142u\u017cbowy - Aplikuj.pl","robots":{"index":"index","follow":"follow","max-snippet":"max-snippet:-1","max-image-preview":"max-image-preview:large","max-video-preview":"max-video-preview:-1"},"canonical":"https:\/\/www.aplikuj.pl\/dokumenty\/wzory-dokumentow-czas-pracy\/wzor-wniosku-o-zgode-na-wyjazd-sluzbowy\/","og_locale":"pl_PL","og_type":"article","og_title":"Wz\u00f3r wniosku o zgod\u0119 na wyjazd s\u0142u\u017cbowy - Aplikuj.pl","og_description":"Dokument zosta\u0142 przygotowany w profesjonalnej, prostej formie wizualnej. Aby skorzysta\u0107 ze wzoru i z\u0142o\u017cy\u0107 wniosek o zgod\u0119 na wyjazd s\u0142u\u017cbowy, nale\u017cy podda\u0107 szablon samodzielnej edycji lub uzupe\u0142ni\u0107 odr\u0119cznie po wydrukowaniu z pliku PDF. Plik w formacie .DOC jest kompatybilny z najpopularniejszymi programami, jak MS Office oraz darmowymi aplikacjami biurowymi (Open Office lub Libre Office), wi\u0119c jego edycja nie powinna przysporzy\u0107 k\u0142opot\u00f3w.","og_url":"https:\/\/www.aplikuj.pl\/dokumenty\/wzory-dokumentow-czas-pracy\/wzor-wniosku-o-zgode-na-wyjazd-sluzbowy\/","og_site_name":"Aplikuj.pl","article_modified_time":"2026-02-22T22:23:35+00:00","og_image":[{"width":794,"height":1123,"url":"https:\/\/www.aplikuj.pl\/dokumenty\/wp-content\/uploads\/2021\/01\/czas-pracy-9.jpg","type":"image\/jpeg"}],"twitter_card":"summary_large_image","twitter_misc":{"Szacowany czas czytania":"2 minuty"},"schema":{"@context":"https:\/\/schema.org","@graph":[{"@type":"WebPage","@id":"https:\/\/www.aplikuj.pl\/dokumenty\/wzory-dokumentow-czas-pracy\/wzor-wniosku-o-zgode-na-wyjazd-sluzbowy\/","url":"https:\/\/www.aplikuj.pl\/dokumenty\/wzory-dokumentow-czas-pracy\/wzor-wniosku-o-zgode-na-wyjazd-sluzbowy\/","name":"Wz\u00f3r wniosku o zgod\u0119 na wyjazd s\u0142u\u017cbowy - Aplikuj.pl","isPartOf":{"@id":"https:\/\/www.aplikuj.pl\/dokumenty\/#website"},"primaryImageOfPage":{"@id":"https:\/\/www.aplikuj.pl\/dokumenty\/wzory-dokumentow-czas-pracy\/wzor-wniosku-o-zgode-na-wyjazd-sluzbowy\/#primaryimage"},"image":{"@id":"https:\/\/www.aplikuj.pl\/dokumenty\/wzory-dokumentow-czas-pracy\/wzor-wniosku-o-zgode-na-wyjazd-sluzbowy\/#primaryimage"},"thumbnailUrl":"https:\/\/www.aplikuj.pl\/dokumenty\/wp-content\/uploads\/2021\/01\/czas-pracy-9.jpg","datePublished":"2021-01-28T13:29:40+00:00","dateModified":"2026-02-22T22:23:35+00:00","breadcrumb":{"@id":"https:\/\/www.aplikuj.pl\/dokumenty\/wzory-dokumentow-czas-pracy\/wzor-wniosku-o-zgode-na-wyjazd-sluzbowy\/#breadcrumb"},"inLanguage":"pl-PL","potentialAction":[{"@type":"ReadAction","target":["https:\/\/www.aplikuj.pl\/dokumenty\/wzory-dokumentow-czas-pracy\/wzor-wniosku-o-zgode-na-wyjazd-sluzbowy\/"]}]},{"@type":"ImageObject","inLanguage":"pl-PL","@id":"https:\/\/www.aplikuj.pl\/dokumenty\/wzory-dokumentow-czas-pracy\/wzor-wniosku-o-zgode-na-wyjazd-sluzbowy\/#primaryimage","url":"https:\/\/www.aplikuj.pl\/dokumenty\/wp-content\/uploads\/2021\/01\/czas-pracy-9.jpg","contentUrl":"https:\/\/www.aplikuj.pl\/dokumenty\/wp-content\/uploads\/2021\/01\/czas-pracy-9.jpg","width":794,"height":1123,"caption":"Wniosek grafika"},{"@type":"BreadcrumbList","@id":"https:\/\/www.aplikuj.pl\/dokumenty\/wzory-dokumentow-czas-pracy\/wzor-wniosku-o-zgode-na-wyjazd-sluzbowy\/#breadcrumb","itemListElement":[{"@type":"ListItem","position":1,"name":"Dokumenty HR","item":"https:\/\/www.aplikuj.pl\/dokumenty\/"},{"@type":"ListItem","position":2,"name":"umowa-o-prace","item":"https:\/\/www.aplikuj.pl\/dokumenty\/umowa-o-prace\/"},{"@type":"ListItem","position":3,"name":"Wzory dokument\u00f3w - czas pracy","item":"https:\/\/www.aplikuj.pl\/dokumenty\/wzory-dokumentow-czas-pracy\/"},{"@type":"ListItem","position":4,"name":"Wz\u00f3r wniosku o zgod\u0119 na wyjazd s\u0142u\u017cbowy"}]},{"@type":"WebSite","@id":"https:\/\/www.aplikuj.pl\/dokumenty\/#website","url":"https:\/\/www.aplikuj.pl\/dokumenty\/","name":"Aplikuj.pl","description":"Profesjonalne i darmowe wzory dokument\u00f3w HR","publisher":{"@id":"https:\/\/www.aplikuj.pl\/dokumenty\/#organization"},"potentialAction":[{"@type":"SearchAction","target":{"@type":"EntryPoint","urlTemplate":"https:\/\/www.aplikuj.pl\/dokumenty\/?s={search_term_string}"},"query-input":{"@type":"PropertyValueSpecification","valueRequired":true,"valueName":"search_term_string"}}],"inLanguage":"pl-PL"},{"@type":"Organization","@id":"https:\/\/www.aplikuj.pl\/dokumenty\/#organization","name":"Aplikuj.pl","url":"https:\/\/www.aplikuj.pl\/dokumenty\/","logo":{"@type":"ImageObject","inLanguage":"pl-PL","@id":"https:\/\/www.aplikuj.pl\/dokumenty\/#\/schema\/logo\/image\/","url":"","contentUrl":"","caption":"Aplikuj.pl"},"image":{"@id":"https:\/\/www.aplikuj.pl\/dokumenty\/#\/schema\/logo\/image\/"}}]}},"_links":{"self":[{"href":"https:\/\/www.aplikuj.pl\/dokumenty\/wp-json\/wp\/v2\/product\/4823","targetHints":{"allow":["GET"]}}],"collection":[{"href":"https:\/\/www.aplikuj.pl\/dokumenty\/wp-json\/wp\/v2\/product"}],"about":[{"href":"https:\/\/www.aplikuj.pl\/dokumenty\/wp-json\/wp\/v2\/types\/product"}],"version-history":[{"count":2,"href":"https:\/\/www.aplikuj.pl\/dokumenty\/wp-json\/wp\/v2\/product\/4823\/revisions"}],"predecessor-version":[{"id":5214,"href":"https:\/\/www.aplikuj.pl\/dokumenty\/wp-json\/wp\/v2\/product\/4823\/revisions\/5214"}],"wp:featuredmedia":[{"embeddable":true,"href":"https:\/\/www.aplikuj.pl\/dokumenty\/wp-json\/wp\/v2\/media\/4824"}],"wp:attachment":[{"href":"https:\/\/www.aplikuj.pl\/dokumenty\/wp-json\/wp\/v2\/media?parent=4823"}],"wp:term":[{"taxonomy":"product_brand","embeddable":true,"href":"https:\/\/www.aplikuj.pl\/dokumenty\/wp-json\/wp\/v2\/product_brand?post=4823"},{"taxonomy":"product_cat","embeddable":true,"href":"https:\/\/www.aplikuj.pl\/dokumenty\/wp-json\/wp\/v2\/product_cat?post=4823"},{"taxonomy":"product_tag","embeddable":true,"href":"https:\/\/www.aplikuj.pl\/dokumenty\/wp-json\/wp\/v2\/product_tag?post=4823"}],"curies":[{"name":"wp","href":"https:\/\/api.w.org\/{rel}","templated":true}]}}