{"id":4819,"date":"2021-01-28T13:35:45","date_gmt":"2021-01-28T12:35:45","guid":{"rendered":"https:\/\/www.aplikuj.pl\/dokumenty\/?post_type=product&#038;p=4819"},"modified":"2026-02-22T23:23:35","modified_gmt":"2026-02-22T22:23:35","slug":"wzor-zgody-na-przetwarzanie-danych-osobowych-pracownika","status":"publish","type":"product","link":"https:\/\/www.aplikuj.pl\/dokumenty\/wzory-inne\/wzor-zgody-na-przetwarzanie-danych-osobowych-pracownika\/","title":{"rendered":"Wz\u00f3r zgody na przetwarzanie danych osobowych pracownika"},"content":{"rendered":"<h2>Zgoda na przetwarzanie danych osobowych pracownika<\/h2>\n<p>Zgoda RODO jest niezb\u0119dna podczas zawi\u0105zania i trwania stosunku pracy, ze wzgl\u0119du na r\u00f3\u017cne poufne dane osobowe, kt\u00f3re musz\u0105 by\u0107 przetwarzane w okresie zatrudnienia. Pracodawca mo\u017ce \u017c\u0105da\u0107 od zatrudnionego pracownika opr\u00f3cz podstawowych danych osobowych, tak\u017ce informacji dodatkowych, kt\u00f3rych nie mo\u017cna \u017c\u0105da\u0107 od kandydata do zatrudnienia np. nr konta, dane cz\u0142onk\u00f3w rodziny je\u017celi pracownik korzysta ze szczeg\u00f3lnych uprawnie\u0144 przewidzianych w prawie pracy. Dane te musz\u0105 by\u0107 zbierane w konkretnych, wyra\u017anych oraz prawnie uzasadnionych celach, a tak\u017ce musz\u0105 by\u0107 przechowywane w formie umo\u017cliwiaj\u0105cej identyfikacj\u0119 osoby, kt\u00f3rej dotycz\u0105.<\/p>\n<h2>Jak napisa\u0107 zgod\u0119 na przetwarzanie danych osobowych pracownika<\/h2>\n<p>Nie istnieje jeden sformalizowany wz\u00f3r zgody na przetwarzanie danych osobowych. Jego kszta\u0142t zale\u017cy od potrzeb firmy przetwarzaj\u0105cej dane oraz zakresu ich przechowywania i przetwarzania. Istniej\u0105 jednak pewne elementy, kt\u00f3re musz\u0105 by\u0107 w takiej zgodzie zawarte:<\/p>\n<ul>\n<li>zakres przetwarzania danych osobowych \u2013 imi\u0119, nazwisko, adres zamieszkania,<\/li>\n<li>cel przetwarzania danych osobowych,<\/li>\n<li>informacje o administratorze danych \u2013 nazwa firmy, adres,<\/li>\n<li>informacje o mo\u017cliwo\u015bci wycofania zgody na przetwarzanie danych.<\/li>\n<\/ul>\n<h2>Wz\u00f3r zgody na przetwarzanie danych osobowych pracownika<\/h2>\n<p>Ochrona i przetwarzanie danych osobowych to wra\u017cliwy proces i wymaga odpowiedniej zgody oraz dope\u0142nienia formalno\u015bci i bezpiecze\u0144stwa. Mimo i\u017c nie ma okre\u015blonego konkretnego wzoru dokumentu, to wa\u017cne by by\u0142 odpowiednio przygotowany, i zawiera\u0142 podstawowe zgody uzupe\u0142nione o indywidualne ustalenia stron. Prezentujemy przyk\u0142adowy szablon zgody RODO pracownika, kt\u00f3ry przyda si\u0119 w stworzeniu ostatecznej wersji tego dokumentu.<\/p>\n<p>&nbsp;<\/p>\n","protected":false},"excerpt":{"rendered":"<p>Wz\u00f3r zgody na przetwarzanie danych osobowych pracownika mo\u017cesz pobra\u0107 bezp\u0142atnie w dw\u00f3ch formatach. Plik zosta\u0142 przygotowany w formie mo\u017cliwie uniwersalnej, mo\u017cna samodzielnie edytowa\u0107 go za pomoc\u0105 popularnych aplikacji biurowych. Format .DOC jest kompatybilny z programem MS Office oraz z darmowymi pakietami biurowymi (Open Office czy Libre Office), dlatego uzupe\u0142nienie w nim informacji wedle potrzeby nie powinno stanowi\u0107 problemu.<\/p>\n","protected":false},"featured_media":4917,"template":"","meta":[],"product_brand":[],"product_cat":[30],"product_tag":[338,339,337],"class_list":{"0":"post-4819","1":"product","2":"type-product","3":"status-publish","4":"has-post-thumbnail","6":"product_cat-wzory-inne","7":"product_tag-rodo-w-rekrutacji","8":"product_tag-zgoda-na-przetwarzanie-danych-osobowych-pracownika","9":"product_tag-zgoda-rodo","11":"first","12":"instock","13":"shipping-taxable","14":"product-type-external"},"yoast_head":"<!-- This site is optimized with the Yoast SEO plugin v27.0 - https:\/\/yoast.com\/product\/yoast-seo-wordpress\/ -->\n<title>Wz\u00f3r zgody na przetwarzanie danych osobowych pracownika - Aplikuj.pl<\/title>\n<meta name=\"robots\" content=\"index, follow, max-snippet:-1, max-image-preview:large, max-video-preview:-1\" \/>\n<link rel=\"canonical\" href=\"https:\/\/www.aplikuj.pl\/dokumenty\/wzory-inne\/wzor-zgody-na-przetwarzanie-danych-osobowych-pracownika\/\" \/>\n<meta property=\"og:locale\" content=\"pl_PL\" \/>\n<meta property=\"og:type\" content=\"article\" \/>\n<meta property=\"og:title\" content=\"Wz\u00f3r zgody na przetwarzanie danych osobowych pracownika - Aplikuj.pl\" \/>\n<meta property=\"og:description\" content=\"Wz\u00f3r zgody na przetwarzanie danych osobowych pracownika mo\u017cesz pobra\u0107 bezp\u0142atnie w dw\u00f3ch formatach. Plik zosta\u0142 przygotowany w formie mo\u017cliwie uniwersalnej, mo\u017cna samodzielnie edytowa\u0107 go za pomoc\u0105 popularnych aplikacji biurowych. Format .DOC jest kompatybilny z programem MS Office oraz z darmowymi pakietami biurowymi (Open Office czy Libre Office), dlatego uzupe\u0142nienie w nim informacji wedle potrzeby nie powinno stanowi\u0107 problemu.\" \/>\n<meta property=\"og:url\" content=\"https:\/\/www.aplikuj.pl\/dokumenty\/wzory-inne\/wzor-zgody-na-przetwarzanie-danych-osobowych-pracownika\/\" \/>\n<meta property=\"og:site_name\" content=\"Aplikuj.pl\" \/>\n<meta property=\"article:modified_time\" content=\"2026-02-22T22:23:35+00:00\" \/>\n<meta property=\"og:image\" content=\"https:\/\/www.aplikuj.pl\/dokumenty\/wp-content\/uploads\/2021\/01\/formularze-i-zaswiadczenia-3.jpg\" \/>\n\t<meta property=\"og:image:width\" content=\"794\" \/>\n\t<meta property=\"og:image:height\" content=\"1123\" \/>\n\t<meta property=\"og:image:type\" content=\"image\/jpeg\" \/>\n<meta name=\"twitter:card\" content=\"summary_large_image\" \/>\n<meta name=\"twitter:label1\" content=\"Szacowany czas czytania\" \/>\n\t<meta name=\"twitter:data1\" content=\"1 minuta\" \/>\n<script type=\"application\/ld+json\" class=\"yoast-schema-graph\">{\"@context\":\"https:\/\/schema.org\",\"@graph\":[{\"@type\":\"WebPage\",\"@id\":\"https:\/\/www.aplikuj.pl\/dokumenty\/wzory-inne\/wzor-zgody-na-przetwarzanie-danych-osobowych-pracownika\/\",\"url\":\"https:\/\/www.aplikuj.pl\/dokumenty\/wzory-inne\/wzor-zgody-na-przetwarzanie-danych-osobowych-pracownika\/\",\"name\":\"Wz\u00f3r zgody na przetwarzanie danych osobowych pracownika - Aplikuj.pl\",\"isPartOf\":{\"@id\":\"https:\/\/www.aplikuj.pl\/dokumenty\/#website\"},\"primaryImageOfPage\":{\"@id\":\"https:\/\/www.aplikuj.pl\/dokumenty\/wzory-inne\/wzor-zgody-na-przetwarzanie-danych-osobowych-pracownika\/#primaryimage\"},\"image\":{\"@id\":\"https:\/\/www.aplikuj.pl\/dokumenty\/wzory-inne\/wzor-zgody-na-przetwarzanie-danych-osobowych-pracownika\/#primaryimage\"},\"thumbnailUrl\":\"https:\/\/www.aplikuj.pl\/dokumenty\/wp-content\/uploads\/2021\/01\/formularze-i-zaswiadczenia-3.jpg\",\"datePublished\":\"2021-01-28T12:35:45+00:00\",\"dateModified\":\"2026-02-22T22:23:35+00:00\",\"breadcrumb\":{\"@id\":\"https:\/\/www.aplikuj.pl\/dokumenty\/wzory-inne\/wzor-zgody-na-przetwarzanie-danych-osobowych-pracownika\/#breadcrumb\"},\"inLanguage\":\"pl-PL\",\"potentialAction\":[{\"@type\":\"ReadAction\",\"target\":[\"https:\/\/www.aplikuj.pl\/dokumenty\/wzory-inne\/wzor-zgody-na-przetwarzanie-danych-osobowych-pracownika\/\"]}]},{\"@type\":\"ImageObject\",\"inLanguage\":\"pl-PL\",\"@id\":\"https:\/\/www.aplikuj.pl\/dokumenty\/wzory-inne\/wzor-zgody-na-przetwarzanie-danych-osobowych-pracownika\/#primaryimage\",\"url\":\"https:\/\/www.aplikuj.pl\/dokumenty\/wp-content\/uploads\/2021\/01\/formularze-i-zaswiadczenia-3.jpg\",\"contentUrl\":\"https:\/\/www.aplikuj.pl\/dokumenty\/wp-content\/uploads\/2021\/01\/formularze-i-zaswiadczenia-3.jpg\",\"width\":794,\"height\":1123,\"caption\":\"Grafika zgoda RODO pracownika wz\u00f3r\"},{\"@type\":\"BreadcrumbList\",\"@id\":\"https:\/\/www.aplikuj.pl\/dokumenty\/wzory-inne\/wzor-zgody-na-przetwarzanie-danych-osobowych-pracownika\/#breadcrumb\",\"itemListElement\":[{\"@type\":\"ListItem\",\"position\":1,\"name\":\"Dokumenty HR\",\"item\":\"https:\/\/www.aplikuj.pl\/dokumenty\/\"},{\"@type\":\"ListItem\",\"position\":2,\"name\":\"umowa-o-prace\",\"item\":\"https:\/\/www.aplikuj.pl\/dokumenty\/umowa-o-prace\/\"},{\"@type\":\"ListItem\",\"position\":3,\"name\":\"Inne dokumenty - wzory\",\"item\":\"https:\/\/www.aplikuj.pl\/dokumenty\/wzory-inne\/\"},{\"@type\":\"ListItem\",\"position\":4,\"name\":\"Wz\u00f3r zgody na przetwarzanie danych osobowych pracownika\"}]},{\"@type\":\"WebSite\",\"@id\":\"https:\/\/www.aplikuj.pl\/dokumenty\/#website\",\"url\":\"https:\/\/www.aplikuj.pl\/dokumenty\/\",\"name\":\"Aplikuj.pl\",\"description\":\"Profesjonalne i darmowe wzory dokument\u00f3w HR\",\"publisher\":{\"@id\":\"https:\/\/www.aplikuj.pl\/dokumenty\/#organization\"},\"potentialAction\":[{\"@type\":\"SearchAction\",\"target\":{\"@type\":\"EntryPoint\",\"urlTemplate\":\"https:\/\/www.aplikuj.pl\/dokumenty\/?s={search_term_string}\"},\"query-input\":{\"@type\":\"PropertyValueSpecification\",\"valueRequired\":true,\"valueName\":\"search_term_string\"}}],\"inLanguage\":\"pl-PL\"},{\"@type\":\"Organization\",\"@id\":\"https:\/\/www.aplikuj.pl\/dokumenty\/#organization\",\"name\":\"Aplikuj.pl\",\"url\":\"https:\/\/www.aplikuj.pl\/dokumenty\/\",\"logo\":{\"@type\":\"ImageObject\",\"inLanguage\":\"pl-PL\",\"@id\":\"https:\/\/www.aplikuj.pl\/dokumenty\/#\/schema\/logo\/image\/\",\"url\":\"\",\"contentUrl\":\"\",\"caption\":\"Aplikuj.pl\"},\"image\":{\"@id\":\"https:\/\/www.aplikuj.pl\/dokumenty\/#\/schema\/logo\/image\/\"}}]}<\/script>\n<!-- \/ Yoast SEO plugin. -->","yoast_head_json":{"title":"Wz\u00f3r zgody na przetwarzanie danych osobowych pracownika - Aplikuj.pl","robots":{"index":"index","follow":"follow","max-snippet":"max-snippet:-1","max-image-preview":"max-image-preview:large","max-video-preview":"max-video-preview:-1"},"canonical":"https:\/\/www.aplikuj.pl\/dokumenty\/wzory-inne\/wzor-zgody-na-przetwarzanie-danych-osobowych-pracownika\/","og_locale":"pl_PL","og_type":"article","og_title":"Wz\u00f3r zgody na przetwarzanie danych osobowych pracownika - Aplikuj.pl","og_description":"Wz\u00f3r zgody na przetwarzanie danych osobowych pracownika mo\u017cesz pobra\u0107 bezp\u0142atnie w dw\u00f3ch formatach. Plik zosta\u0142 przygotowany w formie mo\u017cliwie uniwersalnej, mo\u017cna samodzielnie edytowa\u0107 go za pomoc\u0105 popularnych aplikacji biurowych. Format .DOC jest kompatybilny z programem MS Office oraz z darmowymi pakietami biurowymi (Open Office czy Libre Office), dlatego uzupe\u0142nienie w nim informacji wedle potrzeby nie powinno stanowi\u0107 problemu.","og_url":"https:\/\/www.aplikuj.pl\/dokumenty\/wzory-inne\/wzor-zgody-na-przetwarzanie-danych-osobowych-pracownika\/","og_site_name":"Aplikuj.pl","article_modified_time":"2026-02-22T22:23:35+00:00","og_image":[{"width":794,"height":1123,"url":"https:\/\/www.aplikuj.pl\/dokumenty\/wp-content\/uploads\/2021\/01\/formularze-i-zaswiadczenia-3.jpg","type":"image\/jpeg"}],"twitter_card":"summary_large_image","twitter_misc":{"Szacowany czas czytania":"1 minuta"},"schema":{"@context":"https:\/\/schema.org","@graph":[{"@type":"WebPage","@id":"https:\/\/www.aplikuj.pl\/dokumenty\/wzory-inne\/wzor-zgody-na-przetwarzanie-danych-osobowych-pracownika\/","url":"https:\/\/www.aplikuj.pl\/dokumenty\/wzory-inne\/wzor-zgody-na-przetwarzanie-danych-osobowych-pracownika\/","name":"Wz\u00f3r zgody na przetwarzanie danych osobowych pracownika - Aplikuj.pl","isPartOf":{"@id":"https:\/\/www.aplikuj.pl\/dokumenty\/#website"},"primaryImageOfPage":{"@id":"https:\/\/www.aplikuj.pl\/dokumenty\/wzory-inne\/wzor-zgody-na-przetwarzanie-danych-osobowych-pracownika\/#primaryimage"},"image":{"@id":"https:\/\/www.aplikuj.pl\/dokumenty\/wzory-inne\/wzor-zgody-na-przetwarzanie-danych-osobowych-pracownika\/#primaryimage"},"thumbnailUrl":"https:\/\/www.aplikuj.pl\/dokumenty\/wp-content\/uploads\/2021\/01\/formularze-i-zaswiadczenia-3.jpg","datePublished":"2021-01-28T12:35:45+00:00","dateModified":"2026-02-22T22:23:35+00:00","breadcrumb":{"@id":"https:\/\/www.aplikuj.pl\/dokumenty\/wzory-inne\/wzor-zgody-na-przetwarzanie-danych-osobowych-pracownika\/#breadcrumb"},"inLanguage":"pl-PL","potentialAction":[{"@type":"ReadAction","target":["https:\/\/www.aplikuj.pl\/dokumenty\/wzory-inne\/wzor-zgody-na-przetwarzanie-danych-osobowych-pracownika\/"]}]},{"@type":"ImageObject","inLanguage":"pl-PL","@id":"https:\/\/www.aplikuj.pl\/dokumenty\/wzory-inne\/wzor-zgody-na-przetwarzanie-danych-osobowych-pracownika\/#primaryimage","url":"https:\/\/www.aplikuj.pl\/dokumenty\/wp-content\/uploads\/2021\/01\/formularze-i-zaswiadczenia-3.jpg","contentUrl":"https:\/\/www.aplikuj.pl\/dokumenty\/wp-content\/uploads\/2021\/01\/formularze-i-zaswiadczenia-3.jpg","width":794,"height":1123,"caption":"Grafika zgoda RODO pracownika wz\u00f3r"},{"@type":"BreadcrumbList","@id":"https:\/\/www.aplikuj.pl\/dokumenty\/wzory-inne\/wzor-zgody-na-przetwarzanie-danych-osobowych-pracownika\/#breadcrumb","itemListElement":[{"@type":"ListItem","position":1,"name":"Dokumenty HR","item":"https:\/\/www.aplikuj.pl\/dokumenty\/"},{"@type":"ListItem","position":2,"name":"umowa-o-prace","item":"https:\/\/www.aplikuj.pl\/dokumenty\/umowa-o-prace\/"},{"@type":"ListItem","position":3,"name":"Inne dokumenty - wzory","item":"https:\/\/www.aplikuj.pl\/dokumenty\/wzory-inne\/"},{"@type":"ListItem","position":4,"name":"Wz\u00f3r zgody na przetwarzanie danych osobowych pracownika"}]},{"@type":"WebSite","@id":"https:\/\/www.aplikuj.pl\/dokumenty\/#website","url":"https:\/\/www.aplikuj.pl\/dokumenty\/","name":"Aplikuj.pl","description":"Profesjonalne i darmowe wzory dokument\u00f3w HR","publisher":{"@id":"https:\/\/www.aplikuj.pl\/dokumenty\/#organization"},"potentialAction":[{"@type":"SearchAction","target":{"@type":"EntryPoint","urlTemplate":"https:\/\/www.aplikuj.pl\/dokumenty\/?s={search_term_string}"},"query-input":{"@type":"PropertyValueSpecification","valueRequired":true,"valueName":"search_term_string"}}],"inLanguage":"pl-PL"},{"@type":"Organization","@id":"https:\/\/www.aplikuj.pl\/dokumenty\/#organization","name":"Aplikuj.pl","url":"https:\/\/www.aplikuj.pl\/dokumenty\/","logo":{"@type":"ImageObject","inLanguage":"pl-PL","@id":"https:\/\/www.aplikuj.pl\/dokumenty\/#\/schema\/logo\/image\/","url":"","contentUrl":"","caption":"Aplikuj.pl"},"image":{"@id":"https:\/\/www.aplikuj.pl\/dokumenty\/#\/schema\/logo\/image\/"}}]}},"_links":{"self":[{"href":"https:\/\/www.aplikuj.pl\/dokumenty\/wp-json\/wp\/v2\/product\/4819","targetHints":{"allow":["GET"]}}],"collection":[{"href":"https:\/\/www.aplikuj.pl\/dokumenty\/wp-json\/wp\/v2\/product"}],"about":[{"href":"https:\/\/www.aplikuj.pl\/dokumenty\/wp-json\/wp\/v2\/types\/product"}],"version-history":[{"count":1,"href":"https:\/\/www.aplikuj.pl\/dokumenty\/wp-json\/wp\/v2\/product\/4819\/revisions"}],"predecessor-version":[{"id":5212,"href":"https:\/\/www.aplikuj.pl\/dokumenty\/wp-json\/wp\/v2\/product\/4819\/revisions\/5212"}],"wp:featuredmedia":[{"embeddable":true,"href":"https:\/\/www.aplikuj.pl\/dokumenty\/wp-json\/wp\/v2\/media\/4917"}],"wp:attachment":[{"href":"https:\/\/www.aplikuj.pl\/dokumenty\/wp-json\/wp\/v2\/media?parent=4819"}],"wp:term":[{"taxonomy":"product_brand","embeddable":true,"href":"https:\/\/www.aplikuj.pl\/dokumenty\/wp-json\/wp\/v2\/product_brand?post=4819"},{"taxonomy":"product_cat","embeddable":true,"href":"https:\/\/www.aplikuj.pl\/dokumenty\/wp-json\/wp\/v2\/product_cat?post=4819"},{"taxonomy":"product_tag","embeddable":true,"href":"https:\/\/www.aplikuj.pl\/dokumenty\/wp-json\/wp\/v2\/product_tag?post=4819"}],"curies":[{"name":"wp","href":"https:\/\/api.w.org\/{rel}","templated":true}]}}