{"id":4818,"date":"2021-01-28T13:05:16","date_gmt":"2021-01-28T12:05:16","guid":{"rendered":"https:\/\/www.aplikuj.pl\/dokumenty\/?post_type=product&#038;p=4818"},"modified":"2026-02-22T23:23:34","modified_gmt":"2026-02-22T22:23:34","slug":"wzor-zgody-na-przetwarzanie-danych-osobowych-kandydata-do-pracy","status":"publish","type":"product","link":"https:\/\/www.aplikuj.pl\/dokumenty\/wzory-inne\/wzor-zgody-na-przetwarzanie-danych-osobowych-kandydata-do-pracy\/","title":{"rendered":"Wz\u00f3r zgody na przetwarzanie danych osobowych kandydata do pracy"},"content":{"rendered":"<h2>Zgoda na przetwarzanie danych osobowych<\/h2>\n<p>Zgoda na przetwarzanie danych osobowych w zwi\u0105zku z przepisami RODO jest niezb\u0119dna do w uczestnictwa w ca\u0142ym procesie rekrutacyjnym. W razie np. przes\u0142ania aplikacji bez wyra\u017conej takiej zgody pracodawca nie jest uprawniony do skontaktowania si\u0119 z nami w dalszym etapie rekrutacji, poniewa\u017c stanowi to ju\u017c naruszenie RODO. Nale\u017cy zaznaczy\u0107, \u017ce nie wyra\u017cenie przez kandydata do pracy zgody na przetwarzanie danych osobowych lub jej wycofanie nie mo\u017ce zgodnie z Kodeksem Pracy by\u0107 podstaw\u0105 gorszego traktowania czy powodowa\u0107 negatywnych konsekwencji. Nie mo\u017ce by\u0107 r\u00f3wnie\u017c powodem odrzucenia kandydatury takiej osoby, natomiast z oczywistych wzgl\u0119d\u00f3w na etapie np. selekcji CV odbiera rekruterowi pewne mo\u017cliwo\u015bci kontaktu.<\/p>\n<div class=\"wp-preview__content\">\n<h2>Jak napisa\u0107 zgod\u0119 na przetwarzanie danych osobowych kandydata do pracy<\/h2>\n<p>Zgoda powinna zosta\u0107 wyra\u017cona w spos\u00f3b pisemny (klauzula w CV), konkretny i jasno wskazywa\u0107, na co i w jakim celu kandydat si\u0119 zgadza. Przepisy RODO nie wymagaj\u0105, aby w tre\u015bci opisywanej zgody by\u0142a okre\u015blona podstawa prawna do wyra\u017cenia zgody na przetwarzanie danych osobowych. Wa\u017cne, aby spe\u0142nia\u0142a ona warunki zapisane w RODO. Bior\u0105c pod uwag\u0119, \u017ce uczestnictwo kandydata rekrutacji do pracy wi\u0105\u017ce si\u0119 z r\u00f3\u017cnymi formami kontaktu, klauzula powinna zawiera\u0107 zgod\u0119 w\u0142a\u015bnie na wykorzystanie danych kontaktowych w tym celu.<\/p>\n<h2>Wz\u00f3r zgody na przetwarzanie danych osobowych<\/h2>\n<p>Prawo pracy i RODO nie wskazuj\u0105 obligatoryjnego szablonu wyra\u017cenia zgody na przetwarzanie danych osobowych kandydata do pracy, daj\u0105 jednak przyk\u0142ady, jak mo\u017ce ona wygl\u0105da\u0107. Opisywana zgoda mo\u017ce zosta\u0107 wyra\u017cona w formie oficjalnej formu\u0142ki ze wskazanie konkretnej podstawy prawnej, na kt\u00f3rej si\u0119 opiera. Mo\u017ce by\u0107 r\u00f3wnie\u017c napisana znacznie prostszym j\u0119zykiem i zawiera\u0107 si\u0119 w jednym, konkretnym zdaniu. Zamieszczenie w CV prawid\u0142owo sformu\u0142owanej i wskazuj\u0105cej aktualne przepisy prawa zgody na przetwarzanie danych osobowych u\u0142atwia skorzystanie z bezp\u0142atnego wzoru.<\/p>\n<\/div>\n","protected":false},"excerpt":{"rendered":"<p>Wz\u00f3r zgody na przetwarzanie danych osobowych kandydata do pracy udost\u0119pniamy do pobrania bezp\u0142atnie w dw\u00f3ch formatach. Plik DOC mo\u017cna samodzielnie edytowa\u0107 za pomoc\u0105 popularnych aplikacji biurowych, poniewa\u017c jest kompatybilny z programem MS Office oraz z darmowymi pakietami biurowymi (Open Office lub Libre Office). Plik PDF mo\u017cna natomiast wydrukowa\u0107, a nast\u0119pnie odr\u0119cznie uzupe\u0142ni\u0107 dokument.<\/p>\n","protected":false},"featured_media":4923,"template":"","meta":[],"product_brand":[],"product_cat":[30],"product_tag":[336,364],"class_list":{"0":"post-4818","1":"product","2":"type-product","3":"status-publish","4":"has-post-thumbnail","6":"product_cat-wzory-inne","7":"product_tag-zgoda-na-przetwarzanie-danych-osobowych-kandydata-do-pracy","8":"product_tag-zgoda-rodo-kandydata-wzor","10":"first","11":"instock","12":"shipping-taxable","13":"product-type-external"},"yoast_head":"<!-- This site is optimized with the Yoast SEO plugin v27.0 - https:\/\/yoast.com\/product\/yoast-seo-wordpress\/ -->\n<title>Wz\u00f3r zgody na przetwarzanie danych osobowych kandydata do pracy - Aplikuj.pl<\/title>\n<meta name=\"robots\" content=\"index, follow, max-snippet:-1, max-image-preview:large, max-video-preview:-1\" \/>\n<link rel=\"canonical\" href=\"https:\/\/www.aplikuj.pl\/dokumenty\/wzory-inne\/wzor-zgody-na-przetwarzanie-danych-osobowych-kandydata-do-pracy\/\" \/>\n<meta property=\"og:locale\" content=\"pl_PL\" \/>\n<meta property=\"og:type\" content=\"article\" \/>\n<meta property=\"og:title\" content=\"Wz\u00f3r zgody na przetwarzanie danych osobowych kandydata do pracy - Aplikuj.pl\" \/>\n<meta property=\"og:description\" content=\"Wz\u00f3r zgody na przetwarzanie danych osobowych kandydata do pracy udost\u0119pniamy do pobrania bezp\u0142atnie w dw\u00f3ch formatach. Plik DOC mo\u017cna samodzielnie edytowa\u0107 za pomoc\u0105 popularnych aplikacji biurowych, poniewa\u017c jest kompatybilny z programem MS Office oraz z darmowymi pakietami biurowymi (Open Office lub Libre Office). Plik PDF mo\u017cna natomiast wydrukowa\u0107, a nast\u0119pnie odr\u0119cznie uzupe\u0142ni\u0107 dokument.\" \/>\n<meta property=\"og:url\" content=\"https:\/\/www.aplikuj.pl\/dokumenty\/wzory-inne\/wzor-zgody-na-przetwarzanie-danych-osobowych-kandydata-do-pracy\/\" \/>\n<meta property=\"og:site_name\" content=\"Aplikuj.pl\" \/>\n<meta property=\"article:modified_time\" content=\"2026-02-22T22:23:34+00:00\" \/>\n<meta property=\"og:image\" content=\"https:\/\/www.aplikuj.pl\/dokumenty\/wp-content\/uploads\/2021\/01\/formularze-i-zaswiadczenia-2.jpg\" \/>\n\t<meta property=\"og:image:width\" content=\"794\" \/>\n\t<meta property=\"og:image:height\" content=\"1123\" \/>\n\t<meta property=\"og:image:type\" content=\"image\/jpeg\" \/>\n<meta name=\"twitter:card\" content=\"summary_large_image\" \/>\n<meta name=\"twitter:label1\" content=\"Szacowany czas czytania\" \/>\n\t<meta name=\"twitter:data1\" content=\"2 minuty\" \/>\n<script type=\"application\/ld+json\" class=\"yoast-schema-graph\">{\"@context\":\"https:\/\/schema.org\",\"@graph\":[{\"@type\":\"WebPage\",\"@id\":\"https:\/\/www.aplikuj.pl\/dokumenty\/wzory-inne\/wzor-zgody-na-przetwarzanie-danych-osobowych-kandydata-do-pracy\/\",\"url\":\"https:\/\/www.aplikuj.pl\/dokumenty\/wzory-inne\/wzor-zgody-na-przetwarzanie-danych-osobowych-kandydata-do-pracy\/\",\"name\":\"Wz\u00f3r zgody na przetwarzanie danych osobowych kandydata do pracy - Aplikuj.pl\",\"isPartOf\":{\"@id\":\"https:\/\/www.aplikuj.pl\/dokumenty\/#website\"},\"primaryImageOfPage\":{\"@id\":\"https:\/\/www.aplikuj.pl\/dokumenty\/wzory-inne\/wzor-zgody-na-przetwarzanie-danych-osobowych-kandydata-do-pracy\/#primaryimage\"},\"image\":{\"@id\":\"https:\/\/www.aplikuj.pl\/dokumenty\/wzory-inne\/wzor-zgody-na-przetwarzanie-danych-osobowych-kandydata-do-pracy\/#primaryimage\"},\"thumbnailUrl\":\"https:\/\/www.aplikuj.pl\/dokumenty\/wp-content\/uploads\/2021\/01\/formularze-i-zaswiadczenia-2.jpg\",\"datePublished\":\"2021-01-28T12:05:16+00:00\",\"dateModified\":\"2026-02-22T22:23:34+00:00\",\"breadcrumb\":{\"@id\":\"https:\/\/www.aplikuj.pl\/dokumenty\/wzory-inne\/wzor-zgody-na-przetwarzanie-danych-osobowych-kandydata-do-pracy\/#breadcrumb\"},\"inLanguage\":\"pl-PL\",\"potentialAction\":[{\"@type\":\"ReadAction\",\"target\":[\"https:\/\/www.aplikuj.pl\/dokumenty\/wzory-inne\/wzor-zgody-na-przetwarzanie-danych-osobowych-kandydata-do-pracy\/\"]}]},{\"@type\":\"ImageObject\",\"inLanguage\":\"pl-PL\",\"@id\":\"https:\/\/www.aplikuj.pl\/dokumenty\/wzory-inne\/wzor-zgody-na-przetwarzanie-danych-osobowych-kandydata-do-pracy\/#primaryimage\",\"url\":\"https:\/\/www.aplikuj.pl\/dokumenty\/wp-content\/uploads\/2021\/01\/formularze-i-zaswiadczenia-2.jpg\",\"contentUrl\":\"https:\/\/www.aplikuj.pl\/dokumenty\/wp-content\/uploads\/2021\/01\/formularze-i-zaswiadczenia-2.jpg\",\"width\":794,\"height\":1123,\"caption\":\"Grafika zgoda RODO kandydat\"},{\"@type\":\"BreadcrumbList\",\"@id\":\"https:\/\/www.aplikuj.pl\/dokumenty\/wzory-inne\/wzor-zgody-na-przetwarzanie-danych-osobowych-kandydata-do-pracy\/#breadcrumb\",\"itemListElement\":[{\"@type\":\"ListItem\",\"position\":1,\"name\":\"Dokumenty HR\",\"item\":\"https:\/\/www.aplikuj.pl\/dokumenty\/\"},{\"@type\":\"ListItem\",\"position\":2,\"name\":\"umowa-o-prace\",\"item\":\"https:\/\/www.aplikuj.pl\/dokumenty\/umowa-o-prace\/\"},{\"@type\":\"ListItem\",\"position\":3,\"name\":\"Inne dokumenty - wzory\",\"item\":\"https:\/\/www.aplikuj.pl\/dokumenty\/wzory-inne\/\"},{\"@type\":\"ListItem\",\"position\":4,\"name\":\"Wz\u00f3r zgody na przetwarzanie danych osobowych kandydata do pracy\"}]},{\"@type\":\"WebSite\",\"@id\":\"https:\/\/www.aplikuj.pl\/dokumenty\/#website\",\"url\":\"https:\/\/www.aplikuj.pl\/dokumenty\/\",\"name\":\"Aplikuj.pl\",\"description\":\"Profesjonalne i darmowe wzory dokument\u00f3w HR\",\"publisher\":{\"@id\":\"https:\/\/www.aplikuj.pl\/dokumenty\/#organization\"},\"potentialAction\":[{\"@type\":\"SearchAction\",\"target\":{\"@type\":\"EntryPoint\",\"urlTemplate\":\"https:\/\/www.aplikuj.pl\/dokumenty\/?s={search_term_string}\"},\"query-input\":{\"@type\":\"PropertyValueSpecification\",\"valueRequired\":true,\"valueName\":\"search_term_string\"}}],\"inLanguage\":\"pl-PL\"},{\"@type\":\"Organization\",\"@id\":\"https:\/\/www.aplikuj.pl\/dokumenty\/#organization\",\"name\":\"Aplikuj.pl\",\"url\":\"https:\/\/www.aplikuj.pl\/dokumenty\/\",\"logo\":{\"@type\":\"ImageObject\",\"inLanguage\":\"pl-PL\",\"@id\":\"https:\/\/www.aplikuj.pl\/dokumenty\/#\/schema\/logo\/image\/\",\"url\":\"\",\"contentUrl\":\"\",\"caption\":\"Aplikuj.pl\"},\"image\":{\"@id\":\"https:\/\/www.aplikuj.pl\/dokumenty\/#\/schema\/logo\/image\/\"}}]}<\/script>\n<!-- \/ Yoast SEO plugin. -->","yoast_head_json":{"title":"Wz\u00f3r zgody na przetwarzanie danych osobowych kandydata do pracy - Aplikuj.pl","robots":{"index":"index","follow":"follow","max-snippet":"max-snippet:-1","max-image-preview":"max-image-preview:large","max-video-preview":"max-video-preview:-1"},"canonical":"https:\/\/www.aplikuj.pl\/dokumenty\/wzory-inne\/wzor-zgody-na-przetwarzanie-danych-osobowych-kandydata-do-pracy\/","og_locale":"pl_PL","og_type":"article","og_title":"Wz\u00f3r zgody na przetwarzanie danych osobowych kandydata do pracy - Aplikuj.pl","og_description":"Wz\u00f3r zgody na przetwarzanie danych osobowych kandydata do pracy udost\u0119pniamy do pobrania bezp\u0142atnie w dw\u00f3ch formatach. Plik DOC mo\u017cna samodzielnie edytowa\u0107 za pomoc\u0105 popularnych aplikacji biurowych, poniewa\u017c jest kompatybilny z programem MS Office oraz z darmowymi pakietami biurowymi (Open Office lub Libre Office). Plik PDF mo\u017cna natomiast wydrukowa\u0107, a nast\u0119pnie odr\u0119cznie uzupe\u0142ni\u0107 dokument.","og_url":"https:\/\/www.aplikuj.pl\/dokumenty\/wzory-inne\/wzor-zgody-na-przetwarzanie-danych-osobowych-kandydata-do-pracy\/","og_site_name":"Aplikuj.pl","article_modified_time":"2026-02-22T22:23:34+00:00","og_image":[{"width":794,"height":1123,"url":"https:\/\/www.aplikuj.pl\/dokumenty\/wp-content\/uploads\/2021\/01\/formularze-i-zaswiadczenia-2.jpg","type":"image\/jpeg"}],"twitter_card":"summary_large_image","twitter_misc":{"Szacowany czas czytania":"2 minuty"},"schema":{"@context":"https:\/\/schema.org","@graph":[{"@type":"WebPage","@id":"https:\/\/www.aplikuj.pl\/dokumenty\/wzory-inne\/wzor-zgody-na-przetwarzanie-danych-osobowych-kandydata-do-pracy\/","url":"https:\/\/www.aplikuj.pl\/dokumenty\/wzory-inne\/wzor-zgody-na-przetwarzanie-danych-osobowych-kandydata-do-pracy\/","name":"Wz\u00f3r zgody na przetwarzanie danych osobowych kandydata do pracy - Aplikuj.pl","isPartOf":{"@id":"https:\/\/www.aplikuj.pl\/dokumenty\/#website"},"primaryImageOfPage":{"@id":"https:\/\/www.aplikuj.pl\/dokumenty\/wzory-inne\/wzor-zgody-na-przetwarzanie-danych-osobowych-kandydata-do-pracy\/#primaryimage"},"image":{"@id":"https:\/\/www.aplikuj.pl\/dokumenty\/wzory-inne\/wzor-zgody-na-przetwarzanie-danych-osobowych-kandydata-do-pracy\/#primaryimage"},"thumbnailUrl":"https:\/\/www.aplikuj.pl\/dokumenty\/wp-content\/uploads\/2021\/01\/formularze-i-zaswiadczenia-2.jpg","datePublished":"2021-01-28T12:05:16+00:00","dateModified":"2026-02-22T22:23:34+00:00","breadcrumb":{"@id":"https:\/\/www.aplikuj.pl\/dokumenty\/wzory-inne\/wzor-zgody-na-przetwarzanie-danych-osobowych-kandydata-do-pracy\/#breadcrumb"},"inLanguage":"pl-PL","potentialAction":[{"@type":"ReadAction","target":["https:\/\/www.aplikuj.pl\/dokumenty\/wzory-inne\/wzor-zgody-na-przetwarzanie-danych-osobowych-kandydata-do-pracy\/"]}]},{"@type":"ImageObject","inLanguage":"pl-PL","@id":"https:\/\/www.aplikuj.pl\/dokumenty\/wzory-inne\/wzor-zgody-na-przetwarzanie-danych-osobowych-kandydata-do-pracy\/#primaryimage","url":"https:\/\/www.aplikuj.pl\/dokumenty\/wp-content\/uploads\/2021\/01\/formularze-i-zaswiadczenia-2.jpg","contentUrl":"https:\/\/www.aplikuj.pl\/dokumenty\/wp-content\/uploads\/2021\/01\/formularze-i-zaswiadczenia-2.jpg","width":794,"height":1123,"caption":"Grafika zgoda RODO kandydat"},{"@type":"BreadcrumbList","@id":"https:\/\/www.aplikuj.pl\/dokumenty\/wzory-inne\/wzor-zgody-na-przetwarzanie-danych-osobowych-kandydata-do-pracy\/#breadcrumb","itemListElement":[{"@type":"ListItem","position":1,"name":"Dokumenty HR","item":"https:\/\/www.aplikuj.pl\/dokumenty\/"},{"@type":"ListItem","position":2,"name":"umowa-o-prace","item":"https:\/\/www.aplikuj.pl\/dokumenty\/umowa-o-prace\/"},{"@type":"ListItem","position":3,"name":"Inne dokumenty - wzory","item":"https:\/\/www.aplikuj.pl\/dokumenty\/wzory-inne\/"},{"@type":"ListItem","position":4,"name":"Wz\u00f3r zgody na przetwarzanie danych osobowych kandydata do pracy"}]},{"@type":"WebSite","@id":"https:\/\/www.aplikuj.pl\/dokumenty\/#website","url":"https:\/\/www.aplikuj.pl\/dokumenty\/","name":"Aplikuj.pl","description":"Profesjonalne i darmowe wzory dokument\u00f3w HR","publisher":{"@id":"https:\/\/www.aplikuj.pl\/dokumenty\/#organization"},"potentialAction":[{"@type":"SearchAction","target":{"@type":"EntryPoint","urlTemplate":"https:\/\/www.aplikuj.pl\/dokumenty\/?s={search_term_string}"},"query-input":{"@type":"PropertyValueSpecification","valueRequired":true,"valueName":"search_term_string"}}],"inLanguage":"pl-PL"},{"@type":"Organization","@id":"https:\/\/www.aplikuj.pl\/dokumenty\/#organization","name":"Aplikuj.pl","url":"https:\/\/www.aplikuj.pl\/dokumenty\/","logo":{"@type":"ImageObject","inLanguage":"pl-PL","@id":"https:\/\/www.aplikuj.pl\/dokumenty\/#\/schema\/logo\/image\/","url":"","contentUrl":"","caption":"Aplikuj.pl"},"image":{"@id":"https:\/\/www.aplikuj.pl\/dokumenty\/#\/schema\/logo\/image\/"}}]}},"_links":{"self":[{"href":"https:\/\/www.aplikuj.pl\/dokumenty\/wp-json\/wp\/v2\/product\/4818","targetHints":{"allow":["GET"]}}],"collection":[{"href":"https:\/\/www.aplikuj.pl\/dokumenty\/wp-json\/wp\/v2\/product"}],"about":[{"href":"https:\/\/www.aplikuj.pl\/dokumenty\/wp-json\/wp\/v2\/types\/product"}],"version-history":[{"count":1,"href":"https:\/\/www.aplikuj.pl\/dokumenty\/wp-json\/wp\/v2\/product\/4818\/revisions"}],"predecessor-version":[{"id":5211,"href":"https:\/\/www.aplikuj.pl\/dokumenty\/wp-json\/wp\/v2\/product\/4818\/revisions\/5211"}],"wp:featuredmedia":[{"embeddable":true,"href":"https:\/\/www.aplikuj.pl\/dokumenty\/wp-json\/wp\/v2\/media\/4923"}],"wp:attachment":[{"href":"https:\/\/www.aplikuj.pl\/dokumenty\/wp-json\/wp\/v2\/media?parent=4818"}],"wp:term":[{"taxonomy":"product_brand","embeddable":true,"href":"https:\/\/www.aplikuj.pl\/dokumenty\/wp-json\/wp\/v2\/product_brand?post=4818"},{"taxonomy":"product_cat","embeddable":true,"href":"https:\/\/www.aplikuj.pl\/dokumenty\/wp-json\/wp\/v2\/product_cat?post=4818"},{"taxonomy":"product_tag","embeddable":true,"href":"https:\/\/www.aplikuj.pl\/dokumenty\/wp-json\/wp\/v2\/product_tag?post=4818"}],"curies":[{"name":"wp","href":"https:\/\/api.w.org\/{rel}","templated":true}]}}