{"id":4817,"date":"2021-01-27T18:07:45","date_gmt":"2021-01-27T17:07:45","guid":{"rendered":"https:\/\/www.aplikuj.pl\/dokumenty\/?post_type=product&#038;p=4817"},"modified":"2026-02-22T23:23:34","modified_gmt":"2026-02-22T22:23:34","slug":"wzor-oswiadczenia-o-zapoznaniu-sie-pracownika-z-ocena-ryzyka-zawodowego","status":"publish","type":"product","link":"https:\/\/www.aplikuj.pl\/dokumenty\/formularze-zaswiadczenia\/wzor-oswiadczenia-o-zapoznaniu-sie-pracownika-z-ocena-ryzyka-zawodowego\/","title":{"rendered":"Wz\u00f3r o\u015bwiadczenia o zapoznaniu si\u0119 pracownika z ocen\u0105 ryzyka zawodowego"},"content":{"rendered":"<h2>O\u015bwiadczenie o zapoznaniu si\u0119 pracownika z ocen\u0105 ryzyka zawodowego<\/h2>\n<p>Dokument, jakim jest o\u015bwiadczenie o zapoznaniu si\u0119 pracownika z ocen\u0105 ryzyka zawodowego, jest jednym z pism, kt\u00f3re pracownik mo\u017ce otrzyma\u0107 do podpisania, zanim przyst\u0105pi do wykonywania swoich obowi\u0105zk\u00f3w. Wed\u0142ug Ministerstwa Pracy ryzyko zawodowe jest to prawdopodobie\u0144stwo wyst\u0105pienia zagro\u017ce\u0144 zwi\u0105zanych z wykonywan\u0105 prac\u0105, kt\u00f3re mog\u0105 powodowa\u0107 straty oraz ich skutki dla zdrowia i \u017cycia pracownika w postaci chor\u00f3b zawodowych i wypadk\u00f3w przy pracy. Ocena ryzyka i podanie jej do informacji zatrudnionemu s\u0142u\u017cy nie tylko do zapewnienia bezpiecze\u0144stwa pracownika podczas \u015bwiadczenia pracy, ale tak\u017ce do zapobiegania wypadkom przy pracy lub chorobom zawodowym. Ka\u017cdy pracodawca zobowi\u0105zany jest tak\u017ce do stosowania niezb\u0119dnych \u015brodk\u00f3w profilaktycznych w celu zminimalizowania zagro\u017ce\u0144.<\/p>\n<h2>Wz\u00f3r o\u015bwiadczenia o zapoznaniu si\u0119 pracownika z ocen\u0105 ryzyka zawodowego<\/h2>\n<p>Przepisy nie reguluj\u0105 sposobu zapoznania si\u0119 pracownika z ocen\u0105 ryzyka zawodowego na stanowisku pracy, mo\u017ce to by\u0107 wi\u0119c informacja ustna lub pisemna od pracodawcy. Przed przyst\u0105pieniem do wykonywania obowi\u0105zk\u00f3w pracowniczych przez pracownika i zaznajomieniem si\u0119 z wiadomo\u015bciami o ryzyku zawodowym, pracodawca mo\u017ce przedstawi\u0107 pracownikowi do podpisania o\u015bwiadczenie w celu potwierdzenia, \u017ce pracownik zosta\u0142\u00a0 o tym poinformowany. U\u0142atwienie sporz\u0105dzenia takiego o\u015bwiadczenia umo\u017cliwia pracodawcy skorzystanie z bezp\u0142atnego wzoru.<\/p>\n<h2>Co zawiera o\u015bwiadczenie o zapoznaniu si\u0119 pracownika z ryzykiem zawodowym?<\/h2>\n<p>Opisywane o\u015bwiadczenie nie ma wzoru sprecyzowanego przez Kodeks pracy, ale powinno zawiera\u0107 pewne obligatoryjne elementy, takie jak:<\/p>\n<ul>\n<li>imi\u0119 i nazwisko pracownika wraz z adresem,<\/li>\n<li>nazw\u0119 zak\u0142adu pracy,<\/li>\n<li>stanowisko pracy,<\/li>\n<li>informacj\u0119, w kt\u00f3rej pracownik potwierdza, \u017ce w wyznaczonym dniu zosta\u0142 poinformowany przez pracodawc\u0119 o ryzyku zawodowym, kt\u00f3re wi\u0105\u017ce si\u0119 z wykonywana prac\u0105 na wyznaczonym stanowisku,<\/li>\n<li>data oraz podpis pracownika.<\/li>\n<\/ul>\n<p>Pracownik zawsze powinien z uwag\u0105 przyj\u0105\u0107 informacj\u0119 o ryzyku zawodowym \u2013 czy to wypowiedzian\u0105 na g\u0142os, czy pisemn\u0105 &#8211; bowiem wiedza o tym, na jakie niebezpiecze\u0144stwa b\u0119dzie nara\u017cony podczas pracy, mo\u017ce znacznie zmniejszy\u0107 prawdopodobie\u0144stwo wypadku przy pracy czy rozwoju choroby zawodowej.<\/p>\n","protected":false},"excerpt":{"rendered":"<p>Wz\u00f3r o\u015bwiadczenia o zapoznaniu si\u0119 z ocen\u0105 ryzyka zawodowego zosta\u0142 przygotowany wed\u0142ug og\u00f3lnych standard\u00f3w. Aby skorzysta\u0107 z szablonu dokumentu, nale\u017cy po wydrukowaniu go lub za pomoc\u0105 oprogramowania uzupe\u0142ni\u0107 informacje wykropkowane. Wz\u00f3r mo\u017cesz pobra\u0107 w pliku .doc i edytowa\u0107 w MS Office lub innym pakiecie biurowym. Przejrzysty i odpowiednio sformatowany wz\u00f3r dokumentu mo\u017cesz w ten spos\u00f3b dopasowa\u0107 do swoich potrzeb.<\/p>\n","protected":false},"featured_media":4913,"template":"","meta":[],"product_brand":[],"product_cat":[24],"product_tag":[335,334],"class_list":{"0":"post-4817","1":"product","2":"type-product","3":"status-publish","4":"has-post-thumbnail","6":"product_cat-formularze-zaswiadczenia","7":"product_tag-ryzyko-zawodowe-oswiadczenie","8":"product_tag-wzor-oswiadczenia-o-zapoznaniu-sie-z-ocena-ryzyka-zawodowego","10":"first","11":"instock","12":"shipping-taxable","13":"product-type-external"},"yoast_head":"<!-- This site is optimized with the Yoast SEO plugin v27.0 - https:\/\/yoast.com\/product\/yoast-seo-wordpress\/ -->\n<title>Wz\u00f3r o\u015bwiadczenia o zapoznaniu si\u0119 pracownika z ocen\u0105 ryzyka zawodowego - Aplikuj.pl<\/title>\n<meta name=\"robots\" content=\"index, follow, max-snippet:-1, max-image-preview:large, max-video-preview:-1\" \/>\n<link rel=\"canonical\" href=\"https:\/\/www.aplikuj.pl\/dokumenty\/formularze-zaswiadczenia\/wzor-oswiadczenia-o-zapoznaniu-sie-pracownika-z-ocena-ryzyka-zawodowego\/\" \/>\n<meta property=\"og:locale\" content=\"pl_PL\" \/>\n<meta property=\"og:type\" content=\"article\" \/>\n<meta property=\"og:title\" content=\"Wz\u00f3r o\u015bwiadczenia o zapoznaniu si\u0119 pracownika z ocen\u0105 ryzyka zawodowego - Aplikuj.pl\" \/>\n<meta property=\"og:description\" content=\"Wz\u00f3r o\u015bwiadczenia o zapoznaniu si\u0119 z ocen\u0105 ryzyka zawodowego zosta\u0142 przygotowany wed\u0142ug og\u00f3lnych standard\u00f3w. Aby skorzysta\u0107 z szablonu dokumentu, nale\u017cy po wydrukowaniu go lub za pomoc\u0105 oprogramowania uzupe\u0142ni\u0107 informacje wykropkowane. Wz\u00f3r mo\u017cesz pobra\u0107 w pliku .doc i edytowa\u0107 w MS Office lub innym pakiecie biurowym. Przejrzysty i odpowiednio sformatowany wz\u00f3r dokumentu mo\u017cesz w ten spos\u00f3b dopasowa\u0107 do swoich potrzeb.\" \/>\n<meta property=\"og:url\" content=\"https:\/\/www.aplikuj.pl\/dokumenty\/formularze-zaswiadczenia\/wzor-oswiadczenia-o-zapoznaniu-sie-pracownika-z-ocena-ryzyka-zawodowego\/\" \/>\n<meta property=\"og:site_name\" content=\"Aplikuj.pl\" \/>\n<meta property=\"article:modified_time\" content=\"2026-02-22T22:23:34+00:00\" \/>\n<meta property=\"og:image\" content=\"https:\/\/www.aplikuj.pl\/dokumenty\/wp-content\/uploads\/2021\/01\/formularze-i-zaswiadczenia-1.jpg\" \/>\n\t<meta property=\"og:image:width\" content=\"794\" \/>\n\t<meta property=\"og:image:height\" content=\"1123\" \/>\n\t<meta property=\"og:image:type\" content=\"image\/jpeg\" \/>\n<meta name=\"twitter:card\" content=\"summary_large_image\" \/>\n<meta name=\"twitter:label1\" content=\"Szacowany czas czytania\" \/>\n\t<meta name=\"twitter:data1\" content=\"2 minuty\" \/>\n<script type=\"application\/ld+json\" class=\"yoast-schema-graph\">{\"@context\":\"https:\/\/schema.org\",\"@graph\":[{\"@type\":\"WebPage\",\"@id\":\"https:\/\/www.aplikuj.pl\/dokumenty\/formularze-zaswiadczenia\/wzor-oswiadczenia-o-zapoznaniu-sie-pracownika-z-ocena-ryzyka-zawodowego\/\",\"url\":\"https:\/\/www.aplikuj.pl\/dokumenty\/formularze-zaswiadczenia\/wzor-oswiadczenia-o-zapoznaniu-sie-pracownika-z-ocena-ryzyka-zawodowego\/\",\"name\":\"Wz\u00f3r o\u015bwiadczenia o zapoznaniu si\u0119 pracownika z ocen\u0105 ryzyka zawodowego - Aplikuj.pl\",\"isPartOf\":{\"@id\":\"https:\/\/www.aplikuj.pl\/dokumenty\/#website\"},\"primaryImageOfPage\":{\"@id\":\"https:\/\/www.aplikuj.pl\/dokumenty\/formularze-zaswiadczenia\/wzor-oswiadczenia-o-zapoznaniu-sie-pracownika-z-ocena-ryzyka-zawodowego\/#primaryimage\"},\"image\":{\"@id\":\"https:\/\/www.aplikuj.pl\/dokumenty\/formularze-zaswiadczenia\/wzor-oswiadczenia-o-zapoznaniu-sie-pracownika-z-ocena-ryzyka-zawodowego\/#primaryimage\"},\"thumbnailUrl\":\"https:\/\/www.aplikuj.pl\/dokumenty\/wp-content\/uploads\/2021\/01\/formularze-i-zaswiadczenia-1.jpg\",\"datePublished\":\"2021-01-27T17:07:45+00:00\",\"dateModified\":\"2026-02-22T22:23:34+00:00\",\"breadcrumb\":{\"@id\":\"https:\/\/www.aplikuj.pl\/dokumenty\/formularze-zaswiadczenia\/wzor-oswiadczenia-o-zapoznaniu-sie-pracownika-z-ocena-ryzyka-zawodowego\/#breadcrumb\"},\"inLanguage\":\"pl-PL\",\"potentialAction\":[{\"@type\":\"ReadAction\",\"target\":[\"https:\/\/www.aplikuj.pl\/dokumenty\/formularze-zaswiadczenia\/wzor-oswiadczenia-o-zapoznaniu-sie-pracownika-z-ocena-ryzyka-zawodowego\/\"]}]},{\"@type\":\"ImageObject\",\"inLanguage\":\"pl-PL\",\"@id\":\"https:\/\/www.aplikuj.pl\/dokumenty\/formularze-zaswiadczenia\/wzor-oswiadczenia-o-zapoznaniu-sie-pracownika-z-ocena-ryzyka-zawodowego\/#primaryimage\",\"url\":\"https:\/\/www.aplikuj.pl\/dokumenty\/wp-content\/uploads\/2021\/01\/formularze-i-zaswiadczenia-1.jpg\",\"contentUrl\":\"https:\/\/www.aplikuj.pl\/dokumenty\/wp-content\/uploads\/2021\/01\/formularze-i-zaswiadczenia-1.jpg\",\"width\":794,\"height\":1123,\"caption\":\"O\u015bwiadczenie ryzyko\"},{\"@type\":\"BreadcrumbList\",\"@id\":\"https:\/\/www.aplikuj.pl\/dokumenty\/formularze-zaswiadczenia\/wzor-oswiadczenia-o-zapoznaniu-sie-pracownika-z-ocena-ryzyka-zawodowego\/#breadcrumb\",\"itemListElement\":[{\"@type\":\"ListItem\",\"position\":1,\"name\":\"Dokumenty HR\",\"item\":\"https:\/\/www.aplikuj.pl\/dokumenty\/\"},{\"@type\":\"ListItem\",\"position\":2,\"name\":\"umowa-o-prace\",\"item\":\"https:\/\/www.aplikuj.pl\/dokumenty\/umowa-o-prace\/\"},{\"@type\":\"ListItem\",\"position\":3,\"name\":\"Formularze i za\u015bwiadczenia\",\"item\":\"https:\/\/www.aplikuj.pl\/dokumenty\/formularze-zaswiadczenia\/\"},{\"@type\":\"ListItem\",\"position\":4,\"name\":\"Wz\u00f3r o\u015bwiadczenia o zapoznaniu si\u0119 pracownika z ocen\u0105 ryzyka zawodowego\"}]},{\"@type\":\"WebSite\",\"@id\":\"https:\/\/www.aplikuj.pl\/dokumenty\/#website\",\"url\":\"https:\/\/www.aplikuj.pl\/dokumenty\/\",\"name\":\"Aplikuj.pl\",\"description\":\"Profesjonalne i darmowe wzory dokument\u00f3w HR\",\"publisher\":{\"@id\":\"https:\/\/www.aplikuj.pl\/dokumenty\/#organization\"},\"potentialAction\":[{\"@type\":\"SearchAction\",\"target\":{\"@type\":\"EntryPoint\",\"urlTemplate\":\"https:\/\/www.aplikuj.pl\/dokumenty\/?s={search_term_string}\"},\"query-input\":{\"@type\":\"PropertyValueSpecification\",\"valueRequired\":true,\"valueName\":\"search_term_string\"}}],\"inLanguage\":\"pl-PL\"},{\"@type\":\"Organization\",\"@id\":\"https:\/\/www.aplikuj.pl\/dokumenty\/#organization\",\"name\":\"Aplikuj.pl\",\"url\":\"https:\/\/www.aplikuj.pl\/dokumenty\/\",\"logo\":{\"@type\":\"ImageObject\",\"inLanguage\":\"pl-PL\",\"@id\":\"https:\/\/www.aplikuj.pl\/dokumenty\/#\/schema\/logo\/image\/\",\"url\":\"\",\"contentUrl\":\"\",\"caption\":\"Aplikuj.pl\"},\"image\":{\"@id\":\"https:\/\/www.aplikuj.pl\/dokumenty\/#\/schema\/logo\/image\/\"}}]}<\/script>\n<!-- \/ Yoast SEO plugin. -->","yoast_head_json":{"title":"Wz\u00f3r o\u015bwiadczenia o zapoznaniu si\u0119 pracownika z ocen\u0105 ryzyka zawodowego - Aplikuj.pl","robots":{"index":"index","follow":"follow","max-snippet":"max-snippet:-1","max-image-preview":"max-image-preview:large","max-video-preview":"max-video-preview:-1"},"canonical":"https:\/\/www.aplikuj.pl\/dokumenty\/formularze-zaswiadczenia\/wzor-oswiadczenia-o-zapoznaniu-sie-pracownika-z-ocena-ryzyka-zawodowego\/","og_locale":"pl_PL","og_type":"article","og_title":"Wz\u00f3r o\u015bwiadczenia o zapoznaniu si\u0119 pracownika z ocen\u0105 ryzyka zawodowego - Aplikuj.pl","og_description":"Wz\u00f3r o\u015bwiadczenia o zapoznaniu si\u0119 z ocen\u0105 ryzyka zawodowego zosta\u0142 przygotowany wed\u0142ug og\u00f3lnych standard\u00f3w. Aby skorzysta\u0107 z szablonu dokumentu, nale\u017cy po wydrukowaniu go lub za pomoc\u0105 oprogramowania uzupe\u0142ni\u0107 informacje wykropkowane. Wz\u00f3r mo\u017cesz pobra\u0107 w pliku .doc i edytowa\u0107 w MS Office lub innym pakiecie biurowym. Przejrzysty i odpowiednio sformatowany wz\u00f3r dokumentu mo\u017cesz w ten spos\u00f3b dopasowa\u0107 do swoich potrzeb.","og_url":"https:\/\/www.aplikuj.pl\/dokumenty\/formularze-zaswiadczenia\/wzor-oswiadczenia-o-zapoznaniu-sie-pracownika-z-ocena-ryzyka-zawodowego\/","og_site_name":"Aplikuj.pl","article_modified_time":"2026-02-22T22:23:34+00:00","og_image":[{"width":794,"height":1123,"url":"https:\/\/www.aplikuj.pl\/dokumenty\/wp-content\/uploads\/2021\/01\/formularze-i-zaswiadczenia-1.jpg","type":"image\/jpeg"}],"twitter_card":"summary_large_image","twitter_misc":{"Szacowany czas czytania":"2 minuty"},"schema":{"@context":"https:\/\/schema.org","@graph":[{"@type":"WebPage","@id":"https:\/\/www.aplikuj.pl\/dokumenty\/formularze-zaswiadczenia\/wzor-oswiadczenia-o-zapoznaniu-sie-pracownika-z-ocena-ryzyka-zawodowego\/","url":"https:\/\/www.aplikuj.pl\/dokumenty\/formularze-zaswiadczenia\/wzor-oswiadczenia-o-zapoznaniu-sie-pracownika-z-ocena-ryzyka-zawodowego\/","name":"Wz\u00f3r o\u015bwiadczenia o zapoznaniu si\u0119 pracownika z ocen\u0105 ryzyka zawodowego - Aplikuj.pl","isPartOf":{"@id":"https:\/\/www.aplikuj.pl\/dokumenty\/#website"},"primaryImageOfPage":{"@id":"https:\/\/www.aplikuj.pl\/dokumenty\/formularze-zaswiadczenia\/wzor-oswiadczenia-o-zapoznaniu-sie-pracownika-z-ocena-ryzyka-zawodowego\/#primaryimage"},"image":{"@id":"https:\/\/www.aplikuj.pl\/dokumenty\/formularze-zaswiadczenia\/wzor-oswiadczenia-o-zapoznaniu-sie-pracownika-z-ocena-ryzyka-zawodowego\/#primaryimage"},"thumbnailUrl":"https:\/\/www.aplikuj.pl\/dokumenty\/wp-content\/uploads\/2021\/01\/formularze-i-zaswiadczenia-1.jpg","datePublished":"2021-01-27T17:07:45+00:00","dateModified":"2026-02-22T22:23:34+00:00","breadcrumb":{"@id":"https:\/\/www.aplikuj.pl\/dokumenty\/formularze-zaswiadczenia\/wzor-oswiadczenia-o-zapoznaniu-sie-pracownika-z-ocena-ryzyka-zawodowego\/#breadcrumb"},"inLanguage":"pl-PL","potentialAction":[{"@type":"ReadAction","target":["https:\/\/www.aplikuj.pl\/dokumenty\/formularze-zaswiadczenia\/wzor-oswiadczenia-o-zapoznaniu-sie-pracownika-z-ocena-ryzyka-zawodowego\/"]}]},{"@type":"ImageObject","inLanguage":"pl-PL","@id":"https:\/\/www.aplikuj.pl\/dokumenty\/formularze-zaswiadczenia\/wzor-oswiadczenia-o-zapoznaniu-sie-pracownika-z-ocena-ryzyka-zawodowego\/#primaryimage","url":"https:\/\/www.aplikuj.pl\/dokumenty\/wp-content\/uploads\/2021\/01\/formularze-i-zaswiadczenia-1.jpg","contentUrl":"https:\/\/www.aplikuj.pl\/dokumenty\/wp-content\/uploads\/2021\/01\/formularze-i-zaswiadczenia-1.jpg","width":794,"height":1123,"caption":"O\u015bwiadczenie ryzyko"},{"@type":"BreadcrumbList","@id":"https:\/\/www.aplikuj.pl\/dokumenty\/formularze-zaswiadczenia\/wzor-oswiadczenia-o-zapoznaniu-sie-pracownika-z-ocena-ryzyka-zawodowego\/#breadcrumb","itemListElement":[{"@type":"ListItem","position":1,"name":"Dokumenty HR","item":"https:\/\/www.aplikuj.pl\/dokumenty\/"},{"@type":"ListItem","position":2,"name":"umowa-o-prace","item":"https:\/\/www.aplikuj.pl\/dokumenty\/umowa-o-prace\/"},{"@type":"ListItem","position":3,"name":"Formularze i za\u015bwiadczenia","item":"https:\/\/www.aplikuj.pl\/dokumenty\/formularze-zaswiadczenia\/"},{"@type":"ListItem","position":4,"name":"Wz\u00f3r o\u015bwiadczenia o zapoznaniu si\u0119 pracownika z ocen\u0105 ryzyka zawodowego"}]},{"@type":"WebSite","@id":"https:\/\/www.aplikuj.pl\/dokumenty\/#website","url":"https:\/\/www.aplikuj.pl\/dokumenty\/","name":"Aplikuj.pl","description":"Profesjonalne i darmowe wzory dokument\u00f3w HR","publisher":{"@id":"https:\/\/www.aplikuj.pl\/dokumenty\/#organization"},"potentialAction":[{"@type":"SearchAction","target":{"@type":"EntryPoint","urlTemplate":"https:\/\/www.aplikuj.pl\/dokumenty\/?s={search_term_string}"},"query-input":{"@type":"PropertyValueSpecification","valueRequired":true,"valueName":"search_term_string"}}],"inLanguage":"pl-PL"},{"@type":"Organization","@id":"https:\/\/www.aplikuj.pl\/dokumenty\/#organization","name":"Aplikuj.pl","url":"https:\/\/www.aplikuj.pl\/dokumenty\/","logo":{"@type":"ImageObject","inLanguage":"pl-PL","@id":"https:\/\/www.aplikuj.pl\/dokumenty\/#\/schema\/logo\/image\/","url":"","contentUrl":"","caption":"Aplikuj.pl"},"image":{"@id":"https:\/\/www.aplikuj.pl\/dokumenty\/#\/schema\/logo\/image\/"}}]}},"_links":{"self":[{"href":"https:\/\/www.aplikuj.pl\/dokumenty\/wp-json\/wp\/v2\/product\/4817","targetHints":{"allow":["GET"]}}],"collection":[{"href":"https:\/\/www.aplikuj.pl\/dokumenty\/wp-json\/wp\/v2\/product"}],"about":[{"href":"https:\/\/www.aplikuj.pl\/dokumenty\/wp-json\/wp\/v2\/types\/product"}],"version-history":[{"count":2,"href":"https:\/\/www.aplikuj.pl\/dokumenty\/wp-json\/wp\/v2\/product\/4817\/revisions"}],"predecessor-version":[{"id":5210,"href":"https:\/\/www.aplikuj.pl\/dokumenty\/wp-json\/wp\/v2\/product\/4817\/revisions\/5210"}],"wp:featuredmedia":[{"embeddable":true,"href":"https:\/\/www.aplikuj.pl\/dokumenty\/wp-json\/wp\/v2\/media\/4913"}],"wp:attachment":[{"href":"https:\/\/www.aplikuj.pl\/dokumenty\/wp-json\/wp\/v2\/media?parent=4817"}],"wp:term":[{"taxonomy":"product_brand","embeddable":true,"href":"https:\/\/www.aplikuj.pl\/dokumenty\/wp-json\/wp\/v2\/product_brand?post=4817"},{"taxonomy":"product_cat","embeddable":true,"href":"https:\/\/www.aplikuj.pl\/dokumenty\/wp-json\/wp\/v2\/product_cat?post=4817"},{"taxonomy":"product_tag","embeddable":true,"href":"https:\/\/www.aplikuj.pl\/dokumenty\/wp-json\/wp\/v2\/product_tag?post=4817"}],"curies":[{"name":"wp","href":"https:\/\/api.w.org\/{rel}","templated":true}]}}