{"id":4774,"date":"2021-01-12T14:28:59","date_gmt":"2021-01-12T13:28:59","guid":{"rendered":"https:\/\/www.aplikuj.pl\/dokumenty\/?post_type=product&#038;p=4774"},"modified":"2026-02-22T23:23:34","modified_gmt":"2026-02-22T22:23:34","slug":"wzor-wniosku-o-udzielenie-dnia-wolnego-za-prace-w-dniu-wolnym-od-pracy","status":"publish","type":"product","link":"https:\/\/www.aplikuj.pl\/dokumenty\/wzory-dokumentow-czas-pracy\/wzor-wniosku-o-udzielenie-dnia-wolnego-za-prace-w-dniu-wolnym-od-pracy\/","title":{"rendered":"Wz\u00f3r wniosku o udzielenie dnia wolnego za prac\u0119 w dniu wolnym od pracy"},"content":{"rendered":"<h2>udzielenie dnia wolnego za prac\u0119 w dniu wolnym od pracy<\/h2>\n<p>Je\u015bli pracownik \u015bwiadczy\u0142 prac\u0119 w dzie\u0144 ustawowo wolny od pracy, a wi\u0119c w niedziel\u0119 lub \u015bwi\u0119to, a tak\u017ce w sobot\u0119, gdy pi\u0119ciodniowy tydzie\u0144 pracy przypada od poniedzia\u0142ku do pi\u0105tku, to przys\u0142uguje mu dzie\u0144 wolny. Mo\u017ce si\u0119 zdarzy\u0107, \u017ce dzie\u0144 wolny ustalony jest na inny dzie\u0144 tygodnia, gdy praca nie jest \u015bwiadczona np. we wtorki. Je\u017celi pracownik przekroczy\u0142 \u015bredniotygodniow\u0105 norm\u0119 czasu pracy wynosz\u0105c\u0105 40 godzin, a tak dzieje si\u0119 w przypadku \u015bwiadczenia pracy w sobot\u0119, po przepracowaniu ca\u0142ego 5-dniowego tygodnia pracy, to przys\u0142uguje mu dzie\u0144 wolny lub dodatek za ka\u017cd\u0105 godzin\u0119 nadliczbow\u0105. Warto podkre\u015bli\u0107, \u017ce ca\u0142y dzie\u0144 wolny przys\u0142uguje nawet wtedy, gdy praca by\u0142a \u015bwiadczona w dniu wolnym od pracy przez kilka godzin.<\/p>\n<h2>Jak wnioskowa\u0107 o udzielenie dnia wolnego za prac\u0119 w \u015bwi\u0119to<\/h2>\n<p>Ka\u017cdy wz\u00f3r wniosku o udzielenie dnia wolnego za prac\u0119 w dniu wolnym od pracy ma kilka sta\u0142ych punkt\u00f3w. Oczywi\u015bcie w g\u00f3rnym lewym rogu dokumentu nale\u017cy wpisa\u0107 swoje imi\u0119 i nazwisko, a poni\u017cej jednostk\u0119 czy te\u017c stanowisko pracy. Z prawej strony jest miejsce na wpisanie miejscowo\u015bci i daty, a poni\u017cej nale\u017cy wpisa\u0107 adresata wniosku, zatem kierownika jednostki czy w\u0142a\u015bciciela firmy. Nast\u0119pnie, na \u015brodku powinien znale\u017a\u0107 si\u0119 tytu\u0142 wniosku. W tre\u015bci wpisuj\u0119 si\u0119 pro\u015bb\u0119 o udzielenie dnia wolnego, podaje si\u0119 dat\u0119 kiedy ma to nast\u0105pi\u0107, a tak\u017ce dat\u0119 dnia wolnego, za kt\u00f3ry przys\u0142uguje dzie\u0144 wolny od pracy. Na ko\u0144cu nale\u017cy umie\u015bci\u0107 czytelny podpis. Na wniosku sw\u00f3j podpis i piecz\u0119\u0107 sk\u0142ada adresat dokumentu.<\/p>\n<h2>Wniosek o udzielenie dnia wolnego za prac\u0119 w dniu wolnym od pracy wz\u00f3r<\/h2>\n<p>Warto skorzysta\u0107 z darmowego szablonu wniosku o udzielenie dnia wolnego za prac\u0119 w dniu wolnym od pracy, kt\u00f3ry udost\u0119pniamy na naszej stronie. Skorzystanie ze wzoru zagwarantuje, \u017ce dokument b\u0119dzie mia\u0142 przejrzyst\u0105 i prawid\u0142ow\u0105 form\u0119. Nale\u017cy pami\u0119ta\u0107 o czytelnym wpisywaniu wszystkich danych, ale dzi\u0119ki wykorzystaniu szablonu, przygotowanie gotowego dokumentu do przed\u0142o\u017cenia pracodawcy nie potrwa d\u0142ugo.<\/p>\n","protected":false},"excerpt":{"rendered":"<p>Wz\u00f3r dokumentu zosta\u0142 przygotowany w standardowej formie i jest dost\u0119pny do pobrania za darmo w dw\u00f3ch formatach. Pobierz wersj\u0119 PDF, je\u015bli chcesz wydrukowa\u0107 i uzupe\u0142ni\u0107 wniosek odr\u0119cznie lub wersj\u0119 edytowaln\u0105 DOC, by wpisa\u0107 swoje dane i niezb\u0119dne informacje w komputerze, a nast\u0119pnie wydrukowa\u0107 kompletny dokument. Edytowanie wniosku o dzie\u0144 wolny za prac\u0119 w dniu wolnymod pracy nie powinno stanowi\u0107 problemu: plik tekstowy jest kompatybilny z programem MS Office oraz darmowymi pakietami biurowymi (Open Office, Libre Office). Nie zapomnij o z\u0142o\u017ceniu podpisu na wydrukowanym wniosku, poniewa\u017c bez niego dokument nie stanowi czynno\u015bci prawnej.<\/p>\n","protected":false},"featured_media":4775,"template":"","meta":[],"product_brand":[],"product_cat":[23],"product_tag":[304,307,308,305,306],"class_list":{"0":"post-4774","1":"product","2":"type-product","3":"status-publish","4":"has-post-thumbnail","6":"product_cat-wzory-dokumentow-czas-pracy","7":"product_tag-dzien-wolny-za-prace-w-dniu-wolnym-od-pracy","8":"product_tag-dzien-wolny-za-prace-w-swieto","9":"product_tag-praca-w-swieto-a-wolne","10":"product_tag-wniosek-o-wolne-za-prace-w-dniu-wolnym-od-pracy-wzor","11":"product_tag-wniosek-o-wolne-za-swieto","13":"first","14":"instock","15":"shipping-taxable","16":"product-type-external"},"yoast_head":"<!-- This site is optimized with the Yoast SEO plugin v27.0 - https:\/\/yoast.com\/product\/yoast-seo-wordpress\/ -->\n<title>Wz\u00f3r wniosku o udzielenie dnia wolnego za prac\u0119 w dniu wolnym od pracy - Aplikuj.pl<\/title>\n<meta name=\"robots\" content=\"index, follow, max-snippet:-1, max-image-preview:large, max-video-preview:-1\" \/>\n<link rel=\"canonical\" href=\"https:\/\/www.aplikuj.pl\/dokumenty\/wzory-dokumentow-czas-pracy\/wzor-wniosku-o-udzielenie-dnia-wolnego-za-prace-w-dniu-wolnym-od-pracy\/\" \/>\n<meta property=\"og:locale\" content=\"pl_PL\" \/>\n<meta property=\"og:type\" content=\"article\" \/>\n<meta property=\"og:title\" content=\"Wz\u00f3r wniosku o udzielenie dnia wolnego za prac\u0119 w dniu wolnym od pracy - Aplikuj.pl\" \/>\n<meta property=\"og:description\" content=\"Wz\u00f3r dokumentu zosta\u0142 przygotowany w standardowej formie i jest dost\u0119pny do pobrania za darmo w dw\u00f3ch formatach. Pobierz wersj\u0119 PDF, je\u015bli chcesz wydrukowa\u0107 i uzupe\u0142ni\u0107 wniosek odr\u0119cznie lub wersj\u0119 edytowaln\u0105 DOC, by wpisa\u0107 swoje dane i niezb\u0119dne informacje w komputerze, a nast\u0119pnie wydrukowa\u0107 kompletny dokument. Edytowanie wniosku o dzie\u0144 wolny za prac\u0119 w dniu wolnymod pracy nie powinno stanowi\u0107 problemu: plik tekstowy jest kompatybilny z programem MS Office oraz darmowymi pakietami biurowymi (Open Office, Libre Office). Nie zapomnij o z\u0142o\u017ceniu podpisu na wydrukowanym wniosku, poniewa\u017c bez niego dokument nie stanowi czynno\u015bci prawnej.\" \/>\n<meta property=\"og:url\" content=\"https:\/\/www.aplikuj.pl\/dokumenty\/wzory-dokumentow-czas-pracy\/wzor-wniosku-o-udzielenie-dnia-wolnego-za-prace-w-dniu-wolnym-od-pracy\/\" \/>\n<meta property=\"og:site_name\" content=\"Aplikuj.pl\" \/>\n<meta property=\"article:modified_time\" content=\"2026-02-22T22:23:34+00:00\" \/>\n<meta property=\"og:image\" content=\"https:\/\/www.aplikuj.pl\/dokumenty\/wp-content\/uploads\/2021\/01\/czas-pracy-2.jpg\" \/>\n\t<meta property=\"og:image:width\" content=\"794\" \/>\n\t<meta property=\"og:image:height\" content=\"1123\" \/>\n\t<meta property=\"og:image:type\" content=\"image\/jpeg\" \/>\n<meta name=\"twitter:card\" content=\"summary_large_image\" \/>\n<meta name=\"twitter:label1\" content=\"Szacowany czas czytania\" \/>\n\t<meta name=\"twitter:data1\" content=\"2 minuty\" \/>\n<script type=\"application\/ld+json\" class=\"yoast-schema-graph\">{\"@context\":\"https:\/\/schema.org\",\"@graph\":[{\"@type\":\"WebPage\",\"@id\":\"https:\/\/www.aplikuj.pl\/dokumenty\/wzory-dokumentow-czas-pracy\/wzor-wniosku-o-udzielenie-dnia-wolnego-za-prace-w-dniu-wolnym-od-pracy\/\",\"url\":\"https:\/\/www.aplikuj.pl\/dokumenty\/wzory-dokumentow-czas-pracy\/wzor-wniosku-o-udzielenie-dnia-wolnego-za-prace-w-dniu-wolnym-od-pracy\/\",\"name\":\"Wz\u00f3r wniosku o udzielenie dnia wolnego za prac\u0119 w dniu wolnym od pracy - Aplikuj.pl\",\"isPartOf\":{\"@id\":\"https:\/\/www.aplikuj.pl\/dokumenty\/#website\"},\"primaryImageOfPage\":{\"@id\":\"https:\/\/www.aplikuj.pl\/dokumenty\/wzory-dokumentow-czas-pracy\/wzor-wniosku-o-udzielenie-dnia-wolnego-za-prace-w-dniu-wolnym-od-pracy\/#primaryimage\"},\"image\":{\"@id\":\"https:\/\/www.aplikuj.pl\/dokumenty\/wzory-dokumentow-czas-pracy\/wzor-wniosku-o-udzielenie-dnia-wolnego-za-prace-w-dniu-wolnym-od-pracy\/#primaryimage\"},\"thumbnailUrl\":\"https:\/\/www.aplikuj.pl\/dokumenty\/wp-content\/uploads\/2021\/01\/czas-pracy-2.jpg\",\"datePublished\":\"2021-01-12T13:28:59+00:00\",\"dateModified\":\"2026-02-22T22:23:34+00:00\",\"breadcrumb\":{\"@id\":\"https:\/\/www.aplikuj.pl\/dokumenty\/wzory-dokumentow-czas-pracy\/wzor-wniosku-o-udzielenie-dnia-wolnego-za-prace-w-dniu-wolnym-od-pracy\/#breadcrumb\"},\"inLanguage\":\"pl-PL\",\"potentialAction\":[{\"@type\":\"ReadAction\",\"target\":[\"https:\/\/www.aplikuj.pl\/dokumenty\/wzory-dokumentow-czas-pracy\/wzor-wniosku-o-udzielenie-dnia-wolnego-za-prace-w-dniu-wolnym-od-pracy\/\"]}]},{\"@type\":\"ImageObject\",\"inLanguage\":\"pl-PL\",\"@id\":\"https:\/\/www.aplikuj.pl\/dokumenty\/wzory-dokumentow-czas-pracy\/wzor-wniosku-o-udzielenie-dnia-wolnego-za-prace-w-dniu-wolnym-od-pracy\/#primaryimage\",\"url\":\"https:\/\/www.aplikuj.pl\/dokumenty\/wp-content\/uploads\/2021\/01\/czas-pracy-2.jpg\",\"contentUrl\":\"https:\/\/www.aplikuj.pl\/dokumenty\/wp-content\/uploads\/2021\/01\/czas-pracy-2.jpg\",\"width\":794,\"height\":1123,\"caption\":\"Dokument grafika\"},{\"@type\":\"BreadcrumbList\",\"@id\":\"https:\/\/www.aplikuj.pl\/dokumenty\/wzory-dokumentow-czas-pracy\/wzor-wniosku-o-udzielenie-dnia-wolnego-za-prace-w-dniu-wolnym-od-pracy\/#breadcrumb\",\"itemListElement\":[{\"@type\":\"ListItem\",\"position\":1,\"name\":\"Dokumenty HR\",\"item\":\"https:\/\/www.aplikuj.pl\/dokumenty\/\"},{\"@type\":\"ListItem\",\"position\":2,\"name\":\"umowa-o-prace\",\"item\":\"https:\/\/www.aplikuj.pl\/dokumenty\/umowa-o-prace\/\"},{\"@type\":\"ListItem\",\"position\":3,\"name\":\"Wzory dokument\u00f3w - czas pracy\",\"item\":\"https:\/\/www.aplikuj.pl\/dokumenty\/wzory-dokumentow-czas-pracy\/\"},{\"@type\":\"ListItem\",\"position\":4,\"name\":\"Wz\u00f3r wniosku o udzielenie dnia wolnego za prac\u0119 w dniu wolnym od pracy\"}]},{\"@type\":\"WebSite\",\"@id\":\"https:\/\/www.aplikuj.pl\/dokumenty\/#website\",\"url\":\"https:\/\/www.aplikuj.pl\/dokumenty\/\",\"name\":\"Aplikuj.pl\",\"description\":\"Profesjonalne i darmowe wzory dokument\u00f3w HR\",\"publisher\":{\"@id\":\"https:\/\/www.aplikuj.pl\/dokumenty\/#organization\"},\"potentialAction\":[{\"@type\":\"SearchAction\",\"target\":{\"@type\":\"EntryPoint\",\"urlTemplate\":\"https:\/\/www.aplikuj.pl\/dokumenty\/?s={search_term_string}\"},\"query-input\":{\"@type\":\"PropertyValueSpecification\",\"valueRequired\":true,\"valueName\":\"search_term_string\"}}],\"inLanguage\":\"pl-PL\"},{\"@type\":\"Organization\",\"@id\":\"https:\/\/www.aplikuj.pl\/dokumenty\/#organization\",\"name\":\"Aplikuj.pl\",\"url\":\"https:\/\/www.aplikuj.pl\/dokumenty\/\",\"logo\":{\"@type\":\"ImageObject\",\"inLanguage\":\"pl-PL\",\"@id\":\"https:\/\/www.aplikuj.pl\/dokumenty\/#\/schema\/logo\/image\/\",\"url\":\"\",\"contentUrl\":\"\",\"caption\":\"Aplikuj.pl\"},\"image\":{\"@id\":\"https:\/\/www.aplikuj.pl\/dokumenty\/#\/schema\/logo\/image\/\"}}]}<\/script>\n<!-- \/ Yoast SEO plugin. -->","yoast_head_json":{"title":"Wz\u00f3r wniosku o udzielenie dnia wolnego za prac\u0119 w dniu wolnym od pracy - Aplikuj.pl","robots":{"index":"index","follow":"follow","max-snippet":"max-snippet:-1","max-image-preview":"max-image-preview:large","max-video-preview":"max-video-preview:-1"},"canonical":"https:\/\/www.aplikuj.pl\/dokumenty\/wzory-dokumentow-czas-pracy\/wzor-wniosku-o-udzielenie-dnia-wolnego-za-prace-w-dniu-wolnym-od-pracy\/","og_locale":"pl_PL","og_type":"article","og_title":"Wz\u00f3r wniosku o udzielenie dnia wolnego za prac\u0119 w dniu wolnym od pracy - Aplikuj.pl","og_description":"Wz\u00f3r dokumentu zosta\u0142 przygotowany w standardowej formie i jest dost\u0119pny do pobrania za darmo w dw\u00f3ch formatach. Pobierz wersj\u0119 PDF, je\u015bli chcesz wydrukowa\u0107 i uzupe\u0142ni\u0107 wniosek odr\u0119cznie lub wersj\u0119 edytowaln\u0105 DOC, by wpisa\u0107 swoje dane i niezb\u0119dne informacje w komputerze, a nast\u0119pnie wydrukowa\u0107 kompletny dokument. Edytowanie wniosku o dzie\u0144 wolny za prac\u0119 w dniu wolnymod pracy nie powinno stanowi\u0107 problemu: plik tekstowy jest kompatybilny z programem MS Office oraz darmowymi pakietami biurowymi (Open Office, Libre Office). Nie zapomnij o z\u0142o\u017ceniu podpisu na wydrukowanym wniosku, poniewa\u017c bez niego dokument nie stanowi czynno\u015bci prawnej.","og_url":"https:\/\/www.aplikuj.pl\/dokumenty\/wzory-dokumentow-czas-pracy\/wzor-wniosku-o-udzielenie-dnia-wolnego-za-prace-w-dniu-wolnym-od-pracy\/","og_site_name":"Aplikuj.pl","article_modified_time":"2026-02-22T22:23:34+00:00","og_image":[{"width":794,"height":1123,"url":"https:\/\/www.aplikuj.pl\/dokumenty\/wp-content\/uploads\/2021\/01\/czas-pracy-2.jpg","type":"image\/jpeg"}],"twitter_card":"summary_large_image","twitter_misc":{"Szacowany czas czytania":"2 minuty"},"schema":{"@context":"https:\/\/schema.org","@graph":[{"@type":"WebPage","@id":"https:\/\/www.aplikuj.pl\/dokumenty\/wzory-dokumentow-czas-pracy\/wzor-wniosku-o-udzielenie-dnia-wolnego-za-prace-w-dniu-wolnym-od-pracy\/","url":"https:\/\/www.aplikuj.pl\/dokumenty\/wzory-dokumentow-czas-pracy\/wzor-wniosku-o-udzielenie-dnia-wolnego-za-prace-w-dniu-wolnym-od-pracy\/","name":"Wz\u00f3r wniosku o udzielenie dnia wolnego za prac\u0119 w dniu wolnym od pracy - Aplikuj.pl","isPartOf":{"@id":"https:\/\/www.aplikuj.pl\/dokumenty\/#website"},"primaryImageOfPage":{"@id":"https:\/\/www.aplikuj.pl\/dokumenty\/wzory-dokumentow-czas-pracy\/wzor-wniosku-o-udzielenie-dnia-wolnego-za-prace-w-dniu-wolnym-od-pracy\/#primaryimage"},"image":{"@id":"https:\/\/www.aplikuj.pl\/dokumenty\/wzory-dokumentow-czas-pracy\/wzor-wniosku-o-udzielenie-dnia-wolnego-za-prace-w-dniu-wolnym-od-pracy\/#primaryimage"},"thumbnailUrl":"https:\/\/www.aplikuj.pl\/dokumenty\/wp-content\/uploads\/2021\/01\/czas-pracy-2.jpg","datePublished":"2021-01-12T13:28:59+00:00","dateModified":"2026-02-22T22:23:34+00:00","breadcrumb":{"@id":"https:\/\/www.aplikuj.pl\/dokumenty\/wzory-dokumentow-czas-pracy\/wzor-wniosku-o-udzielenie-dnia-wolnego-za-prace-w-dniu-wolnym-od-pracy\/#breadcrumb"},"inLanguage":"pl-PL","potentialAction":[{"@type":"ReadAction","target":["https:\/\/www.aplikuj.pl\/dokumenty\/wzory-dokumentow-czas-pracy\/wzor-wniosku-o-udzielenie-dnia-wolnego-za-prace-w-dniu-wolnym-od-pracy\/"]}]},{"@type":"ImageObject","inLanguage":"pl-PL","@id":"https:\/\/www.aplikuj.pl\/dokumenty\/wzory-dokumentow-czas-pracy\/wzor-wniosku-o-udzielenie-dnia-wolnego-za-prace-w-dniu-wolnym-od-pracy\/#primaryimage","url":"https:\/\/www.aplikuj.pl\/dokumenty\/wp-content\/uploads\/2021\/01\/czas-pracy-2.jpg","contentUrl":"https:\/\/www.aplikuj.pl\/dokumenty\/wp-content\/uploads\/2021\/01\/czas-pracy-2.jpg","width":794,"height":1123,"caption":"Dokument grafika"},{"@type":"BreadcrumbList","@id":"https:\/\/www.aplikuj.pl\/dokumenty\/wzory-dokumentow-czas-pracy\/wzor-wniosku-o-udzielenie-dnia-wolnego-za-prace-w-dniu-wolnym-od-pracy\/#breadcrumb","itemListElement":[{"@type":"ListItem","position":1,"name":"Dokumenty HR","item":"https:\/\/www.aplikuj.pl\/dokumenty\/"},{"@type":"ListItem","position":2,"name":"umowa-o-prace","item":"https:\/\/www.aplikuj.pl\/dokumenty\/umowa-o-prace\/"},{"@type":"ListItem","position":3,"name":"Wzory dokument\u00f3w - czas pracy","item":"https:\/\/www.aplikuj.pl\/dokumenty\/wzory-dokumentow-czas-pracy\/"},{"@type":"ListItem","position":4,"name":"Wz\u00f3r wniosku o udzielenie dnia wolnego za prac\u0119 w dniu wolnym od pracy"}]},{"@type":"WebSite","@id":"https:\/\/www.aplikuj.pl\/dokumenty\/#website","url":"https:\/\/www.aplikuj.pl\/dokumenty\/","name":"Aplikuj.pl","description":"Profesjonalne i darmowe wzory dokument\u00f3w HR","publisher":{"@id":"https:\/\/www.aplikuj.pl\/dokumenty\/#organization"},"potentialAction":[{"@type":"SearchAction","target":{"@type":"EntryPoint","urlTemplate":"https:\/\/www.aplikuj.pl\/dokumenty\/?s={search_term_string}"},"query-input":{"@type":"PropertyValueSpecification","valueRequired":true,"valueName":"search_term_string"}}],"inLanguage":"pl-PL"},{"@type":"Organization","@id":"https:\/\/www.aplikuj.pl\/dokumenty\/#organization","name":"Aplikuj.pl","url":"https:\/\/www.aplikuj.pl\/dokumenty\/","logo":{"@type":"ImageObject","inLanguage":"pl-PL","@id":"https:\/\/www.aplikuj.pl\/dokumenty\/#\/schema\/logo\/image\/","url":"","contentUrl":"","caption":"Aplikuj.pl"},"image":{"@id":"https:\/\/www.aplikuj.pl\/dokumenty\/#\/schema\/logo\/image\/"}}]}},"_links":{"self":[{"href":"https:\/\/www.aplikuj.pl\/dokumenty\/wp-json\/wp\/v2\/product\/4774","targetHints":{"allow":["GET"]}}],"collection":[{"href":"https:\/\/www.aplikuj.pl\/dokumenty\/wp-json\/wp\/v2\/product"}],"about":[{"href":"https:\/\/www.aplikuj.pl\/dokumenty\/wp-json\/wp\/v2\/types\/product"}],"version-history":[{"count":1,"href":"https:\/\/www.aplikuj.pl\/dokumenty\/wp-json\/wp\/v2\/product\/4774\/revisions"}],"predecessor-version":[{"id":5209,"href":"https:\/\/www.aplikuj.pl\/dokumenty\/wp-json\/wp\/v2\/product\/4774\/revisions\/5209"}],"wp:featuredmedia":[{"embeddable":true,"href":"https:\/\/www.aplikuj.pl\/dokumenty\/wp-json\/wp\/v2\/media\/4775"}],"wp:attachment":[{"href":"https:\/\/www.aplikuj.pl\/dokumenty\/wp-json\/wp\/v2\/media?parent=4774"}],"wp:term":[{"taxonomy":"product_brand","embeddable":true,"href":"https:\/\/www.aplikuj.pl\/dokumenty\/wp-json\/wp\/v2\/product_brand?post=4774"},{"taxonomy":"product_cat","embeddable":true,"href":"https:\/\/www.aplikuj.pl\/dokumenty\/wp-json\/wp\/v2\/product_cat?post=4774"},{"taxonomy":"product_tag","embeddable":true,"href":"https:\/\/www.aplikuj.pl\/dokumenty\/wp-json\/wp\/v2\/product_tag?post=4774"}],"curies":[{"name":"wp","href":"https:\/\/api.w.org\/{rel}","templated":true}]}}