{"id":4769,"date":"2021-01-12T13:29:46","date_gmt":"2021-01-12T12:29:46","guid":{"rendered":"https:\/\/www.aplikuj.pl\/dokumenty\/?post_type=product&#038;p=4769"},"modified":"2026-02-22T23:23:34","modified_gmt":"2026-02-22T22:23:34","slug":"wzor-wniosku-o-udzielenie-czasu-wolnego-za-godziny-nadliczbowe","status":"publish","type":"product","link":"https:\/\/www.aplikuj.pl\/dokumenty\/wzory-dokumentow-czas-pracy\/wzor-wniosku-o-udzielenie-czasu-wolnego-za-godziny-nadliczbowe\/","title":{"rendered":"Wz\u00f3r wniosku o udzielenie czasu wolnego za godziny nadliczbowe"},"content":{"rendered":"<h2>Kiedy z\u0142o\u017cy\u0107 wniosek o udzielenie czasu wolnego za godziny nadliczbowe?<\/h2>\n<p>Zgodnie z Ustaw\u0105 z dnia 26 czerwca 1974 r. Kodeksu pracy pracownik ma prawo z\u0142o\u017cy\u0107 stosowny wniosek o udzielenie czasu wolnego za godziny nadliczbowe je\u015bli przepracowane przez niego godziny przekraczaj\u0105 standardowy wymiar czasu pracy lub wymiar ustalony w umowie o prac\u0119 z pracodawc\u0105. Je\u015bli wniosek o wolne za nadgodziny jest sk\u0142adany przez pracownika w kolejnym miesi\u0105cu nast\u0119puj\u0105cym po tym, w kt\u00f3rym zosta\u0142y one wypracowane, a pracownik otrzyma\u0142 za nie wynagrodzenie wraz z dodatkiem, to jego wynagrodzenie zostanie wyp\u0142acone tylko za prac\u0119 wykonan\u0105, zatem pomniejszone o udzielony czas wolny. Pracownik mo\u017ce oczywi\u015bcie wyst\u0105pi\u0107 z wnioskiem w okresie rozliczeniowym, w kt\u00f3rym wyst\u0105pi\u0142y godziny nadliczbowe i wskaza\u0107 termin, kiedy chcia\u0142by uzyska\u0107 czas wolny za nadgodziny. Wed\u0142ug k.p. pracownikowi nale\u017cy si\u0119 wynagrodzenie lub czas wolny za przepracowane nadgodziny, zatem pracodawca nie musi udzieli\u0107 pracownikowi czasu wolnego, mo\u017ce bowiem zdecydowa\u0107 si\u0119 na wyp\u0142acenie wynagrodzenia lub uzgodni\u0107 z nim inny, ni\u017c wskazany we wniosku, termin.<\/p>\n<h2>Jak napisa\u0107 wniosek o udzielenie czasu wolnego za godziny nadliczbowe?<\/h2>\n<p>Warto wiedzie\u0107, \u017ce wniosek o wolne za nadgodziny nie musi dotyczy\u0107 wszystkich wypracowanych nadgodzin, a jedynie ich cz\u0119\u015bci. Wtedy pozosta\u0142a cz\u0119\u015b\u0107 przepracowanych nadgodzin zostanie zrekompensowana w ramach wynagrodzenia ze stosownym dodatkiem. We wniosku pracownik musi zaznaczy\u0107 dok\u0142adn\u0105 dat\u0119, kiedy wyst\u0105pi\u0142y nadgodziny, przedzia\u0142 czasowy, a tak\u017ce liczb\u0119 tych godzin. W pi\u015bmie nale\u017cy r\u00f3wnie\u017c wskaza\u0107 preferowany termin dnia\/dni wolnego za godziny nadliczbowe. Wz\u00f3r dokumentu musi tak\u017ce zawiera\u0107 imi\u0119 i nazwisko oraz zajmowane stanowisko, miejscowo\u015b\u0107, dat\u0119 i oznaczenie pracodawcy. Pod wnioskiem musi znale\u017a\u0107 si\u0119 podpis pracownika. Dla przyjmuj\u0105cego wniosek &#8211; czyli pracodawcy &#8211; do\u0142\u0105cza si\u0119 adnotacj\u0119: wyra\u017cam zgod\u0119\/nie wyra\u017cam zgody, kt\u00f3ra r\u00f3wnie\u017c powinna by\u0107 opatrzona podpisem pracodawcy.<\/p>\n<h2>Wniosek o udzielenie wolnego za godziny nadliczbowe wz\u00f3r<\/h2>\n<p>Dost\u0119pny powy\u017cej darmowy szablon wniosku o udzielenie czasu wolnego za godziny nadliczbowe pomo\u017ce prawid\u0142owo sporz\u0105dzi\u0107 ten dokument. Wystarczy uzupe\u0142ni\u0107 niezb\u0119dne informacje i wskaza\u0107 godziny nadliczbowe oraz dogodny termin do wykorzystania wolnego w ich ramach. Zaakceptowany wniosek do\u0142\u0105czany jest do ewidencji czasu pracy pracownika.<\/p>\n","protected":false},"excerpt":{"rendered":"<p>Dokument zosta\u0142 przygotowany w uniwersalnej formie, mo\u017cesz pobra\u0107 go w dw\u00f3ch formatach za darmo. Aby przed\u0142o\u017cy\u0107 pismo pracodawcy, nale\u017cy wcze\u015bniej uzupe\u0142ni\u0107 wz\u00f3r wniosku o godziny nadliczbowe o swoje dane oraz w odpowiednich miejscach poda\u0107 informacje o liczbie i zakresie godzin oraz o wybranym terminie wolnego. Wersja edytowalna dokumentu dost\u0119pna jest w pliku DOC i prosta w edycji: jest kompatybilna z programami typu MS Office oraz darmowymi pakietami biurowymi (Open Office lub Libre Office).<\/p>\n","protected":false},"featured_media":4772,"template":"","meta":[],"product_brand":[],"product_cat":[23],"product_tag":[292,299,303,301,300,302],"class_list":{"0":"post-4769","1":"product","2":"type-product","3":"status-publish","4":"has-post-thumbnail","6":"product_cat-wzory-dokumentow-czas-pracy","7":"product_tag-praca-po-godzinach","8":"product_tag-praca-w-godzinach-nadliczbowych","9":"product_tag-rekompensata-za-nadgodziny","10":"product_tag-wniosek-o-udzielenie-wolnego-za-prace-w-godzinach-nadliczbowych","11":"product_tag-wolne-za-godziny-nadliczbowe","12":"product_tag-wolne-za-nadgodziny-wzor","14":"first","15":"instock","16":"shipping-taxable","17":"product-type-external"},"yoast_head":"<!-- This site is optimized with the Yoast SEO plugin v27.0 - https:\/\/yoast.com\/product\/yoast-seo-wordpress\/ -->\n<title>Wz\u00f3r wniosku o udzielenie czasu wolnego za godziny nadliczbowe - Aplikuj.pl<\/title>\n<meta name=\"robots\" content=\"index, follow, max-snippet:-1, max-image-preview:large, max-video-preview:-1\" \/>\n<link rel=\"canonical\" href=\"https:\/\/www.aplikuj.pl\/dokumenty\/wzory-dokumentow-czas-pracy\/wzor-wniosku-o-udzielenie-czasu-wolnego-za-godziny-nadliczbowe\/\" \/>\n<meta property=\"og:locale\" content=\"pl_PL\" \/>\n<meta property=\"og:type\" content=\"article\" \/>\n<meta property=\"og:title\" content=\"Wz\u00f3r wniosku o udzielenie czasu wolnego za godziny nadliczbowe - Aplikuj.pl\" \/>\n<meta property=\"og:description\" content=\"Dokument zosta\u0142 przygotowany w uniwersalnej formie, mo\u017cesz pobra\u0107 go w dw\u00f3ch formatach za darmo. Aby przed\u0142o\u017cy\u0107 pismo pracodawcy, nale\u017cy wcze\u015bniej uzupe\u0142ni\u0107 wz\u00f3r wniosku o godziny nadliczbowe o swoje dane oraz w odpowiednich miejscach poda\u0107 informacje o liczbie i zakresie godzin oraz o wybranym terminie wolnego. Wersja edytowalna dokumentu dost\u0119pna jest w pliku DOC i prosta w edycji: jest kompatybilna z programami typu MS Office oraz darmowymi pakietami biurowymi (Open Office lub Libre Office).\" \/>\n<meta property=\"og:url\" content=\"https:\/\/www.aplikuj.pl\/dokumenty\/wzory-dokumentow-czas-pracy\/wzor-wniosku-o-udzielenie-czasu-wolnego-za-godziny-nadliczbowe\/\" \/>\n<meta property=\"og:site_name\" content=\"Aplikuj.pl\" \/>\n<meta property=\"article:modified_time\" content=\"2026-02-22T22:23:34+00:00\" \/>\n<meta property=\"og:image\" content=\"https:\/\/www.aplikuj.pl\/dokumenty\/wp-content\/uploads\/2021\/01\/czas-pracy-3.jpg\" \/>\n\t<meta property=\"og:image:width\" content=\"794\" \/>\n\t<meta property=\"og:image:height\" content=\"1123\" \/>\n\t<meta property=\"og:image:type\" content=\"image\/jpeg\" \/>\n<meta name=\"twitter:card\" content=\"summary_large_image\" \/>\n<meta name=\"twitter:label1\" content=\"Szacowany czas czytania\" \/>\n\t<meta name=\"twitter:data1\" content=\"2 minuty\" \/>\n<script type=\"application\/ld+json\" class=\"yoast-schema-graph\">{\"@context\":\"https:\/\/schema.org\",\"@graph\":[{\"@type\":\"WebPage\",\"@id\":\"https:\/\/www.aplikuj.pl\/dokumenty\/wzory-dokumentow-czas-pracy\/wzor-wniosku-o-udzielenie-czasu-wolnego-za-godziny-nadliczbowe\/\",\"url\":\"https:\/\/www.aplikuj.pl\/dokumenty\/wzory-dokumentow-czas-pracy\/wzor-wniosku-o-udzielenie-czasu-wolnego-za-godziny-nadliczbowe\/\",\"name\":\"Wz\u00f3r wniosku o udzielenie czasu wolnego za godziny nadliczbowe - Aplikuj.pl\",\"isPartOf\":{\"@id\":\"https:\/\/www.aplikuj.pl\/dokumenty\/#website\"},\"primaryImageOfPage\":{\"@id\":\"https:\/\/www.aplikuj.pl\/dokumenty\/wzory-dokumentow-czas-pracy\/wzor-wniosku-o-udzielenie-czasu-wolnego-za-godziny-nadliczbowe\/#primaryimage\"},\"image\":{\"@id\":\"https:\/\/www.aplikuj.pl\/dokumenty\/wzory-dokumentow-czas-pracy\/wzor-wniosku-o-udzielenie-czasu-wolnego-za-godziny-nadliczbowe\/#primaryimage\"},\"thumbnailUrl\":\"https:\/\/www.aplikuj.pl\/dokumenty\/wp-content\/uploads\/2021\/01\/czas-pracy-3.jpg\",\"datePublished\":\"2021-01-12T12:29:46+00:00\",\"dateModified\":\"2026-02-22T22:23:34+00:00\",\"breadcrumb\":{\"@id\":\"https:\/\/www.aplikuj.pl\/dokumenty\/wzory-dokumentow-czas-pracy\/wzor-wniosku-o-udzielenie-czasu-wolnego-za-godziny-nadliczbowe\/#breadcrumb\"},\"inLanguage\":\"pl-PL\",\"potentialAction\":[{\"@type\":\"ReadAction\",\"target\":[\"https:\/\/www.aplikuj.pl\/dokumenty\/wzory-dokumentow-czas-pracy\/wzor-wniosku-o-udzielenie-czasu-wolnego-za-godziny-nadliczbowe\/\"]}]},{\"@type\":\"ImageObject\",\"inLanguage\":\"pl-PL\",\"@id\":\"https:\/\/www.aplikuj.pl\/dokumenty\/wzory-dokumentow-czas-pracy\/wzor-wniosku-o-udzielenie-czasu-wolnego-za-godziny-nadliczbowe\/#primaryimage\",\"url\":\"https:\/\/www.aplikuj.pl\/dokumenty\/wp-content\/uploads\/2021\/01\/czas-pracy-3.jpg\",\"contentUrl\":\"https:\/\/www.aplikuj.pl\/dokumenty\/wp-content\/uploads\/2021\/01\/czas-pracy-3.jpg\",\"width\":794,\"height\":1123,\"caption\":\"Grafika do dokumentu\"},{\"@type\":\"BreadcrumbList\",\"@id\":\"https:\/\/www.aplikuj.pl\/dokumenty\/wzory-dokumentow-czas-pracy\/wzor-wniosku-o-udzielenie-czasu-wolnego-za-godziny-nadliczbowe\/#breadcrumb\",\"itemListElement\":[{\"@type\":\"ListItem\",\"position\":1,\"name\":\"Dokumenty HR\",\"item\":\"https:\/\/www.aplikuj.pl\/dokumenty\/\"},{\"@type\":\"ListItem\",\"position\":2,\"name\":\"umowa-o-prace\",\"item\":\"https:\/\/www.aplikuj.pl\/dokumenty\/umowa-o-prace\/\"},{\"@type\":\"ListItem\",\"position\":3,\"name\":\"Wzory dokument\u00f3w - czas pracy\",\"item\":\"https:\/\/www.aplikuj.pl\/dokumenty\/wzory-dokumentow-czas-pracy\/\"},{\"@type\":\"ListItem\",\"position\":4,\"name\":\"Wz\u00f3r wniosku o udzielenie czasu wolnego za godziny nadliczbowe\"}]},{\"@type\":\"WebSite\",\"@id\":\"https:\/\/www.aplikuj.pl\/dokumenty\/#website\",\"url\":\"https:\/\/www.aplikuj.pl\/dokumenty\/\",\"name\":\"Aplikuj.pl\",\"description\":\"Profesjonalne i darmowe wzory dokument\u00f3w HR\",\"publisher\":{\"@id\":\"https:\/\/www.aplikuj.pl\/dokumenty\/#organization\"},\"potentialAction\":[{\"@type\":\"SearchAction\",\"target\":{\"@type\":\"EntryPoint\",\"urlTemplate\":\"https:\/\/www.aplikuj.pl\/dokumenty\/?s={search_term_string}\"},\"query-input\":{\"@type\":\"PropertyValueSpecification\",\"valueRequired\":true,\"valueName\":\"search_term_string\"}}],\"inLanguage\":\"pl-PL\"},{\"@type\":\"Organization\",\"@id\":\"https:\/\/www.aplikuj.pl\/dokumenty\/#organization\",\"name\":\"Aplikuj.pl\",\"url\":\"https:\/\/www.aplikuj.pl\/dokumenty\/\",\"logo\":{\"@type\":\"ImageObject\",\"inLanguage\":\"pl-PL\",\"@id\":\"https:\/\/www.aplikuj.pl\/dokumenty\/#\/schema\/logo\/image\/\",\"url\":\"\",\"contentUrl\":\"\",\"caption\":\"Aplikuj.pl\"},\"image\":{\"@id\":\"https:\/\/www.aplikuj.pl\/dokumenty\/#\/schema\/logo\/image\/\"}}]}<\/script>\n<!-- \/ Yoast SEO plugin. -->","yoast_head_json":{"title":"Wz\u00f3r wniosku o udzielenie czasu wolnego za godziny nadliczbowe - Aplikuj.pl","robots":{"index":"index","follow":"follow","max-snippet":"max-snippet:-1","max-image-preview":"max-image-preview:large","max-video-preview":"max-video-preview:-1"},"canonical":"https:\/\/www.aplikuj.pl\/dokumenty\/wzory-dokumentow-czas-pracy\/wzor-wniosku-o-udzielenie-czasu-wolnego-za-godziny-nadliczbowe\/","og_locale":"pl_PL","og_type":"article","og_title":"Wz\u00f3r wniosku o udzielenie czasu wolnego za godziny nadliczbowe - Aplikuj.pl","og_description":"Dokument zosta\u0142 przygotowany w uniwersalnej formie, mo\u017cesz pobra\u0107 go w dw\u00f3ch formatach za darmo. Aby przed\u0142o\u017cy\u0107 pismo pracodawcy, nale\u017cy wcze\u015bniej uzupe\u0142ni\u0107 wz\u00f3r wniosku o godziny nadliczbowe o swoje dane oraz w odpowiednich miejscach poda\u0107 informacje o liczbie i zakresie godzin oraz o wybranym terminie wolnego. Wersja edytowalna dokumentu dost\u0119pna jest w pliku DOC i prosta w edycji: jest kompatybilna z programami typu MS Office oraz darmowymi pakietami biurowymi (Open Office lub Libre Office).","og_url":"https:\/\/www.aplikuj.pl\/dokumenty\/wzory-dokumentow-czas-pracy\/wzor-wniosku-o-udzielenie-czasu-wolnego-za-godziny-nadliczbowe\/","og_site_name":"Aplikuj.pl","article_modified_time":"2026-02-22T22:23:34+00:00","og_image":[{"width":794,"height":1123,"url":"https:\/\/www.aplikuj.pl\/dokumenty\/wp-content\/uploads\/2021\/01\/czas-pracy-3.jpg","type":"image\/jpeg"}],"twitter_card":"summary_large_image","twitter_misc":{"Szacowany czas czytania":"2 minuty"},"schema":{"@context":"https:\/\/schema.org","@graph":[{"@type":"WebPage","@id":"https:\/\/www.aplikuj.pl\/dokumenty\/wzory-dokumentow-czas-pracy\/wzor-wniosku-o-udzielenie-czasu-wolnego-za-godziny-nadliczbowe\/","url":"https:\/\/www.aplikuj.pl\/dokumenty\/wzory-dokumentow-czas-pracy\/wzor-wniosku-o-udzielenie-czasu-wolnego-za-godziny-nadliczbowe\/","name":"Wz\u00f3r wniosku o udzielenie czasu wolnego za godziny nadliczbowe - Aplikuj.pl","isPartOf":{"@id":"https:\/\/www.aplikuj.pl\/dokumenty\/#website"},"primaryImageOfPage":{"@id":"https:\/\/www.aplikuj.pl\/dokumenty\/wzory-dokumentow-czas-pracy\/wzor-wniosku-o-udzielenie-czasu-wolnego-za-godziny-nadliczbowe\/#primaryimage"},"image":{"@id":"https:\/\/www.aplikuj.pl\/dokumenty\/wzory-dokumentow-czas-pracy\/wzor-wniosku-o-udzielenie-czasu-wolnego-za-godziny-nadliczbowe\/#primaryimage"},"thumbnailUrl":"https:\/\/www.aplikuj.pl\/dokumenty\/wp-content\/uploads\/2021\/01\/czas-pracy-3.jpg","datePublished":"2021-01-12T12:29:46+00:00","dateModified":"2026-02-22T22:23:34+00:00","breadcrumb":{"@id":"https:\/\/www.aplikuj.pl\/dokumenty\/wzory-dokumentow-czas-pracy\/wzor-wniosku-o-udzielenie-czasu-wolnego-za-godziny-nadliczbowe\/#breadcrumb"},"inLanguage":"pl-PL","potentialAction":[{"@type":"ReadAction","target":["https:\/\/www.aplikuj.pl\/dokumenty\/wzory-dokumentow-czas-pracy\/wzor-wniosku-o-udzielenie-czasu-wolnego-za-godziny-nadliczbowe\/"]}]},{"@type":"ImageObject","inLanguage":"pl-PL","@id":"https:\/\/www.aplikuj.pl\/dokumenty\/wzory-dokumentow-czas-pracy\/wzor-wniosku-o-udzielenie-czasu-wolnego-za-godziny-nadliczbowe\/#primaryimage","url":"https:\/\/www.aplikuj.pl\/dokumenty\/wp-content\/uploads\/2021\/01\/czas-pracy-3.jpg","contentUrl":"https:\/\/www.aplikuj.pl\/dokumenty\/wp-content\/uploads\/2021\/01\/czas-pracy-3.jpg","width":794,"height":1123,"caption":"Grafika do dokumentu"},{"@type":"BreadcrumbList","@id":"https:\/\/www.aplikuj.pl\/dokumenty\/wzory-dokumentow-czas-pracy\/wzor-wniosku-o-udzielenie-czasu-wolnego-za-godziny-nadliczbowe\/#breadcrumb","itemListElement":[{"@type":"ListItem","position":1,"name":"Dokumenty HR","item":"https:\/\/www.aplikuj.pl\/dokumenty\/"},{"@type":"ListItem","position":2,"name":"umowa-o-prace","item":"https:\/\/www.aplikuj.pl\/dokumenty\/umowa-o-prace\/"},{"@type":"ListItem","position":3,"name":"Wzory dokument\u00f3w - czas pracy","item":"https:\/\/www.aplikuj.pl\/dokumenty\/wzory-dokumentow-czas-pracy\/"},{"@type":"ListItem","position":4,"name":"Wz\u00f3r wniosku o udzielenie czasu wolnego za godziny nadliczbowe"}]},{"@type":"WebSite","@id":"https:\/\/www.aplikuj.pl\/dokumenty\/#website","url":"https:\/\/www.aplikuj.pl\/dokumenty\/","name":"Aplikuj.pl","description":"Profesjonalne i darmowe wzory dokument\u00f3w HR","publisher":{"@id":"https:\/\/www.aplikuj.pl\/dokumenty\/#organization"},"potentialAction":[{"@type":"SearchAction","target":{"@type":"EntryPoint","urlTemplate":"https:\/\/www.aplikuj.pl\/dokumenty\/?s={search_term_string}"},"query-input":{"@type":"PropertyValueSpecification","valueRequired":true,"valueName":"search_term_string"}}],"inLanguage":"pl-PL"},{"@type":"Organization","@id":"https:\/\/www.aplikuj.pl\/dokumenty\/#organization","name":"Aplikuj.pl","url":"https:\/\/www.aplikuj.pl\/dokumenty\/","logo":{"@type":"ImageObject","inLanguage":"pl-PL","@id":"https:\/\/www.aplikuj.pl\/dokumenty\/#\/schema\/logo\/image\/","url":"","contentUrl":"","caption":"Aplikuj.pl"},"image":{"@id":"https:\/\/www.aplikuj.pl\/dokumenty\/#\/schema\/logo\/image\/"}}]}},"_links":{"self":[{"href":"https:\/\/www.aplikuj.pl\/dokumenty\/wp-json\/wp\/v2\/product\/4769","targetHints":{"allow":["GET"]}}],"collection":[{"href":"https:\/\/www.aplikuj.pl\/dokumenty\/wp-json\/wp\/v2\/product"}],"about":[{"href":"https:\/\/www.aplikuj.pl\/dokumenty\/wp-json\/wp\/v2\/types\/product"}],"version-history":[{"count":1,"href":"https:\/\/www.aplikuj.pl\/dokumenty\/wp-json\/wp\/v2\/product\/4769\/revisions"}],"predecessor-version":[{"id":5208,"href":"https:\/\/www.aplikuj.pl\/dokumenty\/wp-json\/wp\/v2\/product\/4769\/revisions\/5208"}],"wp:featuredmedia":[{"embeddable":true,"href":"https:\/\/www.aplikuj.pl\/dokumenty\/wp-json\/wp\/v2\/media\/4772"}],"wp:attachment":[{"href":"https:\/\/www.aplikuj.pl\/dokumenty\/wp-json\/wp\/v2\/media?parent=4769"}],"wp:term":[{"taxonomy":"product_brand","embeddable":true,"href":"https:\/\/www.aplikuj.pl\/dokumenty\/wp-json\/wp\/v2\/product_brand?post=4769"},{"taxonomy":"product_cat","embeddable":true,"href":"https:\/\/www.aplikuj.pl\/dokumenty\/wp-json\/wp\/v2\/product_cat?post=4769"},{"taxonomy":"product_tag","embeddable":true,"href":"https:\/\/www.aplikuj.pl\/dokumenty\/wp-json\/wp\/v2\/product_tag?post=4769"}],"curies":[{"name":"wp","href":"https:\/\/api.w.org\/{rel}","templated":true}]}}