{"id":4763,"date":"2021-01-12T12:08:06","date_gmt":"2021-01-12T11:08:06","guid":{"rendered":"https:\/\/www.aplikuj.pl\/dokumenty\/?post_type=product&#038;p=4763"},"modified":"2026-02-22T23:23:34","modified_gmt":"2026-02-22T22:23:34","slug":"wzor-wniosku-o-zwolnienie-z-obowiazku-swiadczenia-pracy","status":"publish","type":"product","link":"https:\/\/www.aplikuj.pl\/dokumenty\/wzory-wypowiedzenia\/wzor-wniosku-o-zwolnienie-z-obowiazku-swiadczenia-pracy\/","title":{"rendered":"Wz\u00f3r wniosku o zwolnienie z obowi\u0105zku \u015bwiadczenia pracy"},"content":{"rendered":"<h2>Zwolnienie z obowi\u0105zku \u015bwiadczenia pracy &#8211; kiedy?<\/h2>\n<p>W sytuacji, gdy nast\u0105pi\u0142o wypowiedzenie umowy o prac\u0119, niezale\u017cnie od tego z czyjej inicjatywy, mo\u017cliwe jest zwolnienie z obowi\u0105zku \u015bwiadczenia pracy w ca\u0142o\u015bci lub cz\u0119\u015bci okresu wypowiedzenia. Wa\u017cne, by we wniosku znalaz\u0142 si\u0119 pow\u00f3d takiego zwolnienia i by\u0142 on zwi\u0105zany z samym wypowiedzeniem. Decyzj\u0119 podejmuje pracodawca. Warto wiedzie\u0107, \u017ce <strong>wniosek o zwolnienie z obowi\u0105zku \u015bwiadczenia pracy<\/strong> nie dotyczy jedynie wypowiedzenia umowy o prac\u0119 na czas nieokre\u015blony, ale r\u00f3wnie\u017c tej na czas okre\u015blony czy okres pr\u00f3bny. Je\u015bli dochodzi do zwolnienia z obowi\u0105zku \u015bwiadczenia pracy, cz\u0119sto wi\u0105\u017ce si\u0119 to z podj\u0119ciem pracy dla konkurencji albo dost\u0119pem do wa\u017cnych informacji finansowych.<\/p>\n<h2>Jak przygotowa\u0107 wniosek o zwolnienie z obowi\u0105zku \u015bwiadczenia pracy?<\/h2>\n<p>B\u0119d\u0105c pracownikiem, mo\u017cna u pracodawcy z\u0142o\u017cy\u0107 <strong>wniosek o zwolnienie z obowi\u0105zku \u015bwiadczenia pracy<\/strong> po otrzymaniu wypowiedzenia. Pracodawca taki wniosek mo\u017ce przyj\u0105\u0107 albo odrzuci\u0107. Mo\u017ce te\u017c zobowi\u0105za\u0107 pracownika do wybrania zaleg\u0142ego urlopu i udzieli\u0107 zwolnienia z obowi\u0105zku \u015bwiadczenia pracy na pozosta\u0142y okres wypowiedzenia umowy o prac\u0119. We wniosku nale\u017cy poda\u0107 podstaw\u0119 prawn\u0105, a wi\u0119c art. 362 k.p., zaznaczy\u0107 kiedy otrzyma\u0142o si\u0119 wypowiedzenie. W g\u00f3rnej cz\u0119\u015bci dokumentu po lewej stronie nale\u017cy poda\u0107 imi\u0119 i nazwisko oraz stanowisko, a z prawej strony miejscowo\u015b\u0107 dat\u0119, a poni\u017cej dane pracodawcy. Potem wpisuje si\u0119 tytu\u0142 wniosku, a nast\u0119pnie jego tre\u015b\u0107. Najcz\u0119\u015bciej z inicjatyw\u0105 zwolnienia z obowi\u0105zku \u015bwiadczenia pracy wychodz\u0105 pracodawcy, wtedy dokument nie ma formy wniosku, a o\u015bwiadczenia.<\/p>\n<h2>Wniosek o zwolnienie z obowi\u0105zku \u015bwiadczenia pracy wz\u00f3r<\/h2>\n<p>Warto pobra\u0107 proponowany przez nas darmowy szablon <strong>wniosku o zwolnienie z obowi\u0105zku \u015bwiadczenia pracy<\/strong>. <strong>Wz\u00f3r<\/strong> wystarczy wydrukowa\u0107 i dok\u0142adnie wype\u0142ni\u0107 wszystkie pola. Pracodawca, wystawiaj\u0105c zwolnienie z obowi\u0105zku \u015bwiadczenia pracy, podaje dok\u0142adne daty, kiedy ono obowi\u0105zuje. Mo\u017ce te\u017c wycofa\u0107 si\u0119 w ka\u017cdej chwili ze swojej decyzji, czego powinien mie\u0107 \u015bwiadomo\u015b\u0107 pracownik sk\u0142adaj\u0105cy wniosek. Skorzystanie z szablonu daje pewno\u015b\u0107 co do jego w\u0142a\u015bciwej formy i oszcz\u0119dza czas, umo\u017cliwiaj\u0105c szybkie uzupe\u0142nienie i z\u0142o\u017cenie pracodawcy dokumentu.<\/p>\n<p>&nbsp;<\/p>\n","protected":false},"excerpt":{"rendered":"<p class=\"Standard\">Dost\u0119pny do pobrania wz\u00f3r wniosku o zwolnienie od \u015bwiadczenia pracy z zachowaniem wynagrodzenia zosta\u0142 przygotowany w dw\u00f3ch formatach do pobrania: PDF oraz w formacie edytowalnym DOC. Szablon ma nowoczesn\u0105, funkcjonaln\u0105 form\u0119, a jego tre\u015b\u0107 jest zgodna z normami i mo\u017cliwie uniwersalna. Wz\u00f3r wniosku najlepiej uzupe\u0142ni\u0107 o niezb\u0119dne dane i dostosowa\u0107 do indywidualnych potrzeb, edytuj\u0105c pismo za pomoc\u0105 programu MS Office lub innych popularnych, darmowych aplikacji biurowych (Open Office lub Libre Office).<\/p>\n","protected":false},"featured_media":4764,"template":"","meta":[],"product_brand":[],"product_cat":[22],"product_tag":[297,296,295,298,294],"class_list":{"0":"post-4763","1":"product","2":"type-product","3":"status-publish","4":"has-post-thumbnail","6":"product_cat-wzory-wypowiedzenia","7":"product_tag-rozwiazanie-umowy-i-zwolnienie-z-pracy","8":"product_tag-wniosek-o-zwolnienie-z-obowiazku-pracy-wzor","9":"product_tag-wniosek-o-zwolnienie-z-pracy","10":"product_tag-zwolnienie-z-pracy-w-okresie-wypowiedzenia","11":"product_tag-zwolnienie-ze-swiadczenia-pracy","13":"first","14":"instock","15":"shipping-taxable","16":"product-type-external"},"yoast_head":"<!-- This site is optimized with the Yoast SEO plugin v27.0 - https:\/\/yoast.com\/product\/yoast-seo-wordpress\/ -->\n<title>Wz\u00f3r wniosku o zwolnienie z obowi\u0105zku \u015bwiadczenia pracy - Aplikuj.pl<\/title>\n<meta name=\"robots\" content=\"index, follow, max-snippet:-1, max-image-preview:large, max-video-preview:-1\" \/>\n<link rel=\"canonical\" href=\"https:\/\/www.aplikuj.pl\/dokumenty\/wzory-wypowiedzenia\/wzor-wniosku-o-zwolnienie-z-obowiazku-swiadczenia-pracy\/\" \/>\n<meta property=\"og:locale\" content=\"pl_PL\" \/>\n<meta property=\"og:type\" content=\"article\" \/>\n<meta property=\"og:title\" content=\"Wz\u00f3r wniosku o zwolnienie z obowi\u0105zku \u015bwiadczenia pracy - Aplikuj.pl\" \/>\n<meta property=\"og:description\" content=\"Dost\u0119pny do pobrania wz\u00f3r wniosku o zwolnienie od \u015bwiadczenia pracy z zachowaniem wynagrodzenia zosta\u0142 przygotowany w dw\u00f3ch formatach do pobrania: PDF oraz w formacie edytowalnym DOC. Szablon ma nowoczesn\u0105, funkcjonaln\u0105 form\u0119, a jego tre\u015b\u0107 jest zgodna z normami i mo\u017cliwie uniwersalna. Wz\u00f3r wniosku najlepiej uzupe\u0142ni\u0107 o niezb\u0119dne dane i dostosowa\u0107 do indywidualnych potrzeb, edytuj\u0105c pismo za pomoc\u0105 programu MS Office lub innych popularnych, darmowych aplikacji biurowych (Open Office lub Libre Office).\" \/>\n<meta property=\"og:url\" content=\"https:\/\/www.aplikuj.pl\/dokumenty\/wzory-wypowiedzenia\/wzor-wniosku-o-zwolnienie-z-obowiazku-swiadczenia-pracy\/\" \/>\n<meta property=\"og:site_name\" content=\"Aplikuj.pl\" \/>\n<meta property=\"article:modified_time\" content=\"2026-02-22T22:23:34+00:00\" \/>\n<meta property=\"og:image\" content=\"https:\/\/www.aplikuj.pl\/dokumenty\/wp-content\/uploads\/2021\/01\/rozwiazanie-umowy-2.jpg\" \/>\n\t<meta property=\"og:image:width\" content=\"794\" \/>\n\t<meta property=\"og:image:height\" content=\"1123\" \/>\n\t<meta property=\"og:image:type\" content=\"image\/jpeg\" \/>\n<meta name=\"twitter:card\" content=\"summary_large_image\" \/>\n<meta name=\"twitter:label1\" content=\"Szacowany czas czytania\" \/>\n\t<meta name=\"twitter:data1\" content=\"2 minuty\" \/>\n<script type=\"application\/ld+json\" class=\"yoast-schema-graph\">{\"@context\":\"https:\/\/schema.org\",\"@graph\":[{\"@type\":\"WebPage\",\"@id\":\"https:\/\/www.aplikuj.pl\/dokumenty\/wzory-wypowiedzenia\/wzor-wniosku-o-zwolnienie-z-obowiazku-swiadczenia-pracy\/\",\"url\":\"https:\/\/www.aplikuj.pl\/dokumenty\/wzory-wypowiedzenia\/wzor-wniosku-o-zwolnienie-z-obowiazku-swiadczenia-pracy\/\",\"name\":\"Wz\u00f3r wniosku o zwolnienie z obowi\u0105zku \u015bwiadczenia pracy - Aplikuj.pl\",\"isPartOf\":{\"@id\":\"https:\/\/www.aplikuj.pl\/dokumenty\/#website\"},\"primaryImageOfPage\":{\"@id\":\"https:\/\/www.aplikuj.pl\/dokumenty\/wzory-wypowiedzenia\/wzor-wniosku-o-zwolnienie-z-obowiazku-swiadczenia-pracy\/#primaryimage\"},\"image\":{\"@id\":\"https:\/\/www.aplikuj.pl\/dokumenty\/wzory-wypowiedzenia\/wzor-wniosku-o-zwolnienie-z-obowiazku-swiadczenia-pracy\/#primaryimage\"},\"thumbnailUrl\":\"https:\/\/www.aplikuj.pl\/dokumenty\/wp-content\/uploads\/2021\/01\/rozwiazanie-umowy-2.jpg\",\"datePublished\":\"2021-01-12T11:08:06+00:00\",\"dateModified\":\"2026-02-22T22:23:34+00:00\",\"breadcrumb\":{\"@id\":\"https:\/\/www.aplikuj.pl\/dokumenty\/wzory-wypowiedzenia\/wzor-wniosku-o-zwolnienie-z-obowiazku-swiadczenia-pracy\/#breadcrumb\"},\"inLanguage\":\"pl-PL\",\"potentialAction\":[{\"@type\":\"ReadAction\",\"target\":[\"https:\/\/www.aplikuj.pl\/dokumenty\/wzory-wypowiedzenia\/wzor-wniosku-o-zwolnienie-z-obowiazku-swiadczenia-pracy\/\"]}]},{\"@type\":\"ImageObject\",\"inLanguage\":\"pl-PL\",\"@id\":\"https:\/\/www.aplikuj.pl\/dokumenty\/wzory-wypowiedzenia\/wzor-wniosku-o-zwolnienie-z-obowiazku-swiadczenia-pracy\/#primaryimage\",\"url\":\"https:\/\/www.aplikuj.pl\/dokumenty\/wp-content\/uploads\/2021\/01\/rozwiazanie-umowy-2.jpg\",\"contentUrl\":\"https:\/\/www.aplikuj.pl\/dokumenty\/wp-content\/uploads\/2021\/01\/rozwiazanie-umowy-2.jpg\",\"width\":794,\"height\":1123,\"caption\":\"Dokument grafika\"},{\"@type\":\"BreadcrumbList\",\"@id\":\"https:\/\/www.aplikuj.pl\/dokumenty\/wzory-wypowiedzenia\/wzor-wniosku-o-zwolnienie-z-obowiazku-swiadczenia-pracy\/#breadcrumb\",\"itemListElement\":[{\"@type\":\"ListItem\",\"position\":1,\"name\":\"Dokumenty HR\",\"item\":\"https:\/\/www.aplikuj.pl\/dokumenty\/\"},{\"@type\":\"ListItem\",\"position\":2,\"name\":\"umowa-o-prace\",\"item\":\"https:\/\/www.aplikuj.pl\/dokumenty\/umowa-o-prace\/\"},{\"@type\":\"ListItem\",\"position\":3,\"name\":\"Rozwi\u0105zanie umowy\",\"item\":\"https:\/\/www.aplikuj.pl\/dokumenty\/wzory-wypowiedzenia\/\"},{\"@type\":\"ListItem\",\"position\":4,\"name\":\"Wz\u00f3r wniosku o zwolnienie z obowi\u0105zku \u015bwiadczenia pracy\"}]},{\"@type\":\"WebSite\",\"@id\":\"https:\/\/www.aplikuj.pl\/dokumenty\/#website\",\"url\":\"https:\/\/www.aplikuj.pl\/dokumenty\/\",\"name\":\"Aplikuj.pl\",\"description\":\"Profesjonalne i darmowe wzory dokument\u00f3w HR\",\"publisher\":{\"@id\":\"https:\/\/www.aplikuj.pl\/dokumenty\/#organization\"},\"potentialAction\":[{\"@type\":\"SearchAction\",\"target\":{\"@type\":\"EntryPoint\",\"urlTemplate\":\"https:\/\/www.aplikuj.pl\/dokumenty\/?s={search_term_string}\"},\"query-input\":{\"@type\":\"PropertyValueSpecification\",\"valueRequired\":true,\"valueName\":\"search_term_string\"}}],\"inLanguage\":\"pl-PL\"},{\"@type\":\"Organization\",\"@id\":\"https:\/\/www.aplikuj.pl\/dokumenty\/#organization\",\"name\":\"Aplikuj.pl\",\"url\":\"https:\/\/www.aplikuj.pl\/dokumenty\/\",\"logo\":{\"@type\":\"ImageObject\",\"inLanguage\":\"pl-PL\",\"@id\":\"https:\/\/www.aplikuj.pl\/dokumenty\/#\/schema\/logo\/image\/\",\"url\":\"\",\"contentUrl\":\"\",\"caption\":\"Aplikuj.pl\"},\"image\":{\"@id\":\"https:\/\/www.aplikuj.pl\/dokumenty\/#\/schema\/logo\/image\/\"}}]}<\/script>\n<!-- \/ Yoast SEO plugin. -->","yoast_head_json":{"title":"Wz\u00f3r wniosku o zwolnienie z obowi\u0105zku \u015bwiadczenia pracy - Aplikuj.pl","robots":{"index":"index","follow":"follow","max-snippet":"max-snippet:-1","max-image-preview":"max-image-preview:large","max-video-preview":"max-video-preview:-1"},"canonical":"https:\/\/www.aplikuj.pl\/dokumenty\/wzory-wypowiedzenia\/wzor-wniosku-o-zwolnienie-z-obowiazku-swiadczenia-pracy\/","og_locale":"pl_PL","og_type":"article","og_title":"Wz\u00f3r wniosku o zwolnienie z obowi\u0105zku \u015bwiadczenia pracy - Aplikuj.pl","og_description":"Dost\u0119pny do pobrania wz\u00f3r wniosku o zwolnienie od \u015bwiadczenia pracy z zachowaniem wynagrodzenia zosta\u0142 przygotowany w dw\u00f3ch formatach do pobrania: PDF oraz w formacie edytowalnym DOC. Szablon ma nowoczesn\u0105, funkcjonaln\u0105 form\u0119, a jego tre\u015b\u0107 jest zgodna z normami i mo\u017cliwie uniwersalna. Wz\u00f3r wniosku najlepiej uzupe\u0142ni\u0107 o niezb\u0119dne dane i dostosowa\u0107 do indywidualnych potrzeb, edytuj\u0105c pismo za pomoc\u0105 programu MS Office lub innych popularnych, darmowych aplikacji biurowych (Open Office lub Libre Office).","og_url":"https:\/\/www.aplikuj.pl\/dokumenty\/wzory-wypowiedzenia\/wzor-wniosku-o-zwolnienie-z-obowiazku-swiadczenia-pracy\/","og_site_name":"Aplikuj.pl","article_modified_time":"2026-02-22T22:23:34+00:00","og_image":[{"width":794,"height":1123,"url":"https:\/\/www.aplikuj.pl\/dokumenty\/wp-content\/uploads\/2021\/01\/rozwiazanie-umowy-2.jpg","type":"image\/jpeg"}],"twitter_card":"summary_large_image","twitter_misc":{"Szacowany czas czytania":"2 minuty"},"schema":{"@context":"https:\/\/schema.org","@graph":[{"@type":"WebPage","@id":"https:\/\/www.aplikuj.pl\/dokumenty\/wzory-wypowiedzenia\/wzor-wniosku-o-zwolnienie-z-obowiazku-swiadczenia-pracy\/","url":"https:\/\/www.aplikuj.pl\/dokumenty\/wzory-wypowiedzenia\/wzor-wniosku-o-zwolnienie-z-obowiazku-swiadczenia-pracy\/","name":"Wz\u00f3r wniosku o zwolnienie z obowi\u0105zku \u015bwiadczenia pracy - Aplikuj.pl","isPartOf":{"@id":"https:\/\/www.aplikuj.pl\/dokumenty\/#website"},"primaryImageOfPage":{"@id":"https:\/\/www.aplikuj.pl\/dokumenty\/wzory-wypowiedzenia\/wzor-wniosku-o-zwolnienie-z-obowiazku-swiadczenia-pracy\/#primaryimage"},"image":{"@id":"https:\/\/www.aplikuj.pl\/dokumenty\/wzory-wypowiedzenia\/wzor-wniosku-o-zwolnienie-z-obowiazku-swiadczenia-pracy\/#primaryimage"},"thumbnailUrl":"https:\/\/www.aplikuj.pl\/dokumenty\/wp-content\/uploads\/2021\/01\/rozwiazanie-umowy-2.jpg","datePublished":"2021-01-12T11:08:06+00:00","dateModified":"2026-02-22T22:23:34+00:00","breadcrumb":{"@id":"https:\/\/www.aplikuj.pl\/dokumenty\/wzory-wypowiedzenia\/wzor-wniosku-o-zwolnienie-z-obowiazku-swiadczenia-pracy\/#breadcrumb"},"inLanguage":"pl-PL","potentialAction":[{"@type":"ReadAction","target":["https:\/\/www.aplikuj.pl\/dokumenty\/wzory-wypowiedzenia\/wzor-wniosku-o-zwolnienie-z-obowiazku-swiadczenia-pracy\/"]}]},{"@type":"ImageObject","inLanguage":"pl-PL","@id":"https:\/\/www.aplikuj.pl\/dokumenty\/wzory-wypowiedzenia\/wzor-wniosku-o-zwolnienie-z-obowiazku-swiadczenia-pracy\/#primaryimage","url":"https:\/\/www.aplikuj.pl\/dokumenty\/wp-content\/uploads\/2021\/01\/rozwiazanie-umowy-2.jpg","contentUrl":"https:\/\/www.aplikuj.pl\/dokumenty\/wp-content\/uploads\/2021\/01\/rozwiazanie-umowy-2.jpg","width":794,"height":1123,"caption":"Dokument grafika"},{"@type":"BreadcrumbList","@id":"https:\/\/www.aplikuj.pl\/dokumenty\/wzory-wypowiedzenia\/wzor-wniosku-o-zwolnienie-z-obowiazku-swiadczenia-pracy\/#breadcrumb","itemListElement":[{"@type":"ListItem","position":1,"name":"Dokumenty HR","item":"https:\/\/www.aplikuj.pl\/dokumenty\/"},{"@type":"ListItem","position":2,"name":"umowa-o-prace","item":"https:\/\/www.aplikuj.pl\/dokumenty\/umowa-o-prace\/"},{"@type":"ListItem","position":3,"name":"Rozwi\u0105zanie umowy","item":"https:\/\/www.aplikuj.pl\/dokumenty\/wzory-wypowiedzenia\/"},{"@type":"ListItem","position":4,"name":"Wz\u00f3r wniosku o zwolnienie z obowi\u0105zku \u015bwiadczenia pracy"}]},{"@type":"WebSite","@id":"https:\/\/www.aplikuj.pl\/dokumenty\/#website","url":"https:\/\/www.aplikuj.pl\/dokumenty\/","name":"Aplikuj.pl","description":"Profesjonalne i darmowe wzory dokument\u00f3w HR","publisher":{"@id":"https:\/\/www.aplikuj.pl\/dokumenty\/#organization"},"potentialAction":[{"@type":"SearchAction","target":{"@type":"EntryPoint","urlTemplate":"https:\/\/www.aplikuj.pl\/dokumenty\/?s={search_term_string}"},"query-input":{"@type":"PropertyValueSpecification","valueRequired":true,"valueName":"search_term_string"}}],"inLanguage":"pl-PL"},{"@type":"Organization","@id":"https:\/\/www.aplikuj.pl\/dokumenty\/#organization","name":"Aplikuj.pl","url":"https:\/\/www.aplikuj.pl\/dokumenty\/","logo":{"@type":"ImageObject","inLanguage":"pl-PL","@id":"https:\/\/www.aplikuj.pl\/dokumenty\/#\/schema\/logo\/image\/","url":"","contentUrl":"","caption":"Aplikuj.pl"},"image":{"@id":"https:\/\/www.aplikuj.pl\/dokumenty\/#\/schema\/logo\/image\/"}}]}},"_links":{"self":[{"href":"https:\/\/www.aplikuj.pl\/dokumenty\/wp-json\/wp\/v2\/product\/4763","targetHints":{"allow":["GET"]}}],"collection":[{"href":"https:\/\/www.aplikuj.pl\/dokumenty\/wp-json\/wp\/v2\/product"}],"about":[{"href":"https:\/\/www.aplikuj.pl\/dokumenty\/wp-json\/wp\/v2\/types\/product"}],"version-history":[{"count":2,"href":"https:\/\/www.aplikuj.pl\/dokumenty\/wp-json\/wp\/v2\/product\/4763\/revisions"}],"predecessor-version":[{"id":5207,"href":"https:\/\/www.aplikuj.pl\/dokumenty\/wp-json\/wp\/v2\/product\/4763\/revisions\/5207"}],"wp:featuredmedia":[{"embeddable":true,"href":"https:\/\/www.aplikuj.pl\/dokumenty\/wp-json\/wp\/v2\/media\/4764"}],"wp:attachment":[{"href":"https:\/\/www.aplikuj.pl\/dokumenty\/wp-json\/wp\/v2\/media?parent=4763"}],"wp:term":[{"taxonomy":"product_brand","embeddable":true,"href":"https:\/\/www.aplikuj.pl\/dokumenty\/wp-json\/wp\/v2\/product_brand?post=4763"},{"taxonomy":"product_cat","embeddable":true,"href":"https:\/\/www.aplikuj.pl\/dokumenty\/wp-json\/wp\/v2\/product_cat?post=4763"},{"taxonomy":"product_tag","embeddable":true,"href":"https:\/\/www.aplikuj.pl\/dokumenty\/wp-json\/wp\/v2\/product_tag?post=4763"}],"curies":[{"name":"wp","href":"https:\/\/api.w.org\/{rel}","templated":true}]}}