{"id":4758,"date":"2021-01-12T10:18:57","date_gmt":"2021-01-12T09:18:57","guid":{"rendered":"https:\/\/www.aplikuj.pl\/dokumenty\/?post_type=product&#038;p=4758"},"modified":"2026-02-22T23:23:34","modified_gmt":"2026-02-22T22:23:34","slug":"wzor-polecenia-pracy-w-godzinach-nadliczbowych","status":"publish","type":"product","link":"https:\/\/www.aplikuj.pl\/dokumenty\/wzory-dokumentow-czas-pracy\/wzor-polecenia-pracy-w-godzinach-nadliczbowych\/","title":{"rendered":"Wz\u00f3r polecenia pracy w godzinach nadliczbowych"},"content":{"rendered":"<h2>Kiedy pracodawca zleca prac\u0119 w godzinach nadliczbowych<\/h2>\n<p>Pracownik jest zobowi\u0105zany do wykonywania pracy w godzinach nadliczbowych w \u015bci\u015ble okre\u015blonych przypadkach, sytuacjach wyj\u0105tkowych i nieprzewidywalnych. Dotyczy to konieczno\u015bci przeprowadzenia akcji ratowniczej w celu ochrony \u017cycia lub zdrowia, ochrony mienia czy \u015brodowiska, a tak\u017ce usuwania wszelkiego rodzaju awarii. Polecenie pracy w godzinach nadliczbowych mo\u017ce zosta\u0107 wydane tak\u017ce w sytuacjach losowych, absencji innego pracownika czy te\u017c pilnego wykonania okre\u015blonej pracy. Pracownik powinien wykonywa\u0107 swoj\u0105 prac\u0119 sumiennie i z nale\u017cytym zaanga\u017cowaniem oraz stosowa\u0107 si\u0119 do polece\u0144 prze\u0142o\u017conego.<\/p>\n<h2>Jak sporz\u0105dzi\u0107 polecenie pracy w godzinach nadliczbowych?<\/h2>\n<p>Pracodawca lub prze\u0142o\u017cony mo\u017ce przygotowa\u0107 na pi\u015bmie polecenie pracy w godzinach nadliczbowych. Na g\u00f3rze dokumentu, po prawej stronie, nale\u017cy umie\u015bci\u0107 miejscowo\u015b\u0107 i dat\u0119. Nieco ni\u017cej po lewej stronie powinno znale\u017a\u0107 si\u0119 oznaczenie pracodawcy. Powy\u017cej tytu\u0142u dokumentu umieszcza si\u0119 form\u0119 grzeczno\u015bciow\u0105 Pan\/Pani, a tak\u017ce imi\u0119 i nazwisko pracownika. W tre\u015bci nale\u017cy wpisa\u0107 podstaw\u0119 prawn\u0105, zatem art. 151 k.p., a tak\u017ce przedzia\u0142 czasowy i dat\u0119, kiedy praca w godzinach nadliczbowych ma by\u0107 wykonywana. Nale\u017cy r\u00f3wnie\u017c zaznaczy\u0107, na czym ma ona polega\u0107. Mog\u0105 to by\u0107 nawet inne obowi\u0105zki ni\u017c te, kt\u00f3re zwyczajowo pracownik wykonuje, np. w sytuacji nag\u0142ego zast\u0119pstwa z powodu absencji innego pracownika. Poni\u017cej powinno si\u0119 znale\u017a\u0107 miejsce na podpis pracodawcy, a tak\u017ce dat\u0119 i podpis pracownika.<\/p>\n<h2>Polecenie pracy w godzinach nadliczbowych wz\u00f3r<\/h2>\n<p>Aby prawid\u0142owo przygotowa\u0107 dokument, warto skorzysta\u0107 z darmowego szablonu polecenia pracy w godzinach nadliczbowych, kt\u00f3ry udost\u0119pniamy online. Zastosowanie gotowego szablonu daje pewno\u015b\u0107, \u017ce pismo zawiera wszystkie niezb\u0119dne elementy, wystarczy, \u017ce pracodawca dopilnuje wpisania na umowie odpowiednich danych i wskazania konkretnych termin\u00f3w. Polecenie pracy w godzinach nadliczbowych nie musi tak naprawd\u0119 by\u0107 sporz\u0105dzone na pi\u015bmie, ale warto to zrobi\u0107, gdy\u017c w razie ewentualnych spor\u00f3w mi\u0119dzy pracownikiem a pracodawc\u0105 kwestie takie jak praca po godzinach cz\u0119sto s\u0105 podnoszone. W\u00f3wczas dokumentacja b\u0119dzie dowodem zawarcia okre\u015blonych ustale\u0144.<\/p>\n","protected":false},"excerpt":{"rendered":"<p>Dokument polecenia pracy w godzinach nadliczbowych zosta\u0142 przygotowany w uniwersalnej formie. Pracodawca, kt\u00f3ry zleca pracownikowi wykonywanie obowi\u0105zk\u00f3w w godzinach nadliczbowych, mo\u017ce za pomoc\u0105 tego szablonu przygotowa\u0107 odpowiedni dokument i przed\u0142o\u017cy\u0107 go zatrudnionemu. Wz\u00f3r dokumentu nale\u017cy podda\u0107 samodzielnej edycji lub uzupe\u0142ni\u0107 odr\u0119cznie po wydrukowaniu. Wersja edytowalna dokumentu jest kompatybilna z najpopularniejszymi programami typu MS Office b\u0105d\u017a darmowe aplikacje biurowe (Open Office lub Libre Office).<\/p>\n","protected":false},"featured_media":4759,"template":"","meta":[],"product_brand":[],"product_cat":[23],"product_tag":[290,293,292,291],"class_list":{"0":"post-4758","1":"product","2":"type-product","3":"status-publish","4":"has-post-thumbnail","6":"product_cat-wzory-dokumentow-czas-pracy","7":"product_tag-polecenie-pracy-w-godzinach-nadliczbowych","8":"product_tag-polecenie-pracy-w-godzinach-nadliczbowych-wzor","9":"product_tag-praca-po-godzinach","10":"product_tag-praca-w-nadgodzinach","12":"first","13":"instock","14":"shipping-taxable","15":"product-type-external"},"yoast_head":"<!-- This site is optimized with the Yoast SEO plugin v27.0 - https:\/\/yoast.com\/product\/yoast-seo-wordpress\/ -->\n<title>Wz\u00f3r polecenia pracy w godzinach nadliczbowych - Aplikuj.pl<\/title>\n<meta name=\"robots\" content=\"index, follow, max-snippet:-1, max-image-preview:large, max-video-preview:-1\" \/>\n<link rel=\"canonical\" href=\"https:\/\/www.aplikuj.pl\/dokumenty\/wzory-dokumentow-czas-pracy\/wzor-polecenia-pracy-w-godzinach-nadliczbowych\/\" \/>\n<meta property=\"og:locale\" content=\"pl_PL\" \/>\n<meta property=\"og:type\" content=\"article\" \/>\n<meta property=\"og:title\" content=\"Wz\u00f3r polecenia pracy w godzinach nadliczbowych - Aplikuj.pl\" \/>\n<meta property=\"og:description\" content=\"Dokument polecenia pracy w godzinach nadliczbowych zosta\u0142 przygotowany w uniwersalnej formie. Pracodawca, kt\u00f3ry zleca pracownikowi wykonywanie obowi\u0105zk\u00f3w w godzinach nadliczbowych, mo\u017ce za pomoc\u0105 tego szablonu przygotowa\u0107 odpowiedni dokument i przed\u0142o\u017cy\u0107 go zatrudnionemu. Wz\u00f3r dokumentu nale\u017cy podda\u0107 samodzielnej edycji lub uzupe\u0142ni\u0107 odr\u0119cznie po wydrukowaniu. Wersja edytowalna dokumentu jest kompatybilna z najpopularniejszymi programami typu MS Office b\u0105d\u017a darmowe aplikacje biurowe (Open Office lub Libre Office).\" \/>\n<meta property=\"og:url\" content=\"https:\/\/www.aplikuj.pl\/dokumenty\/wzory-dokumentow-czas-pracy\/wzor-polecenia-pracy-w-godzinach-nadliczbowych\/\" \/>\n<meta property=\"og:site_name\" content=\"Aplikuj.pl\" \/>\n<meta property=\"article:modified_time\" content=\"2026-02-22T22:23:34+00:00\" \/>\n<meta property=\"og:image\" content=\"https:\/\/www.aplikuj.pl\/dokumenty\/wp-content\/uploads\/2021\/01\/czas-pracy-4.jpg\" \/>\n\t<meta property=\"og:image:width\" content=\"794\" \/>\n\t<meta property=\"og:image:height\" content=\"1123\" \/>\n\t<meta property=\"og:image:type\" content=\"image\/jpeg\" \/>\n<meta name=\"twitter:card\" content=\"summary_large_image\" \/>\n<meta name=\"twitter:label1\" content=\"Szacowany czas czytania\" \/>\n\t<meta name=\"twitter:data1\" content=\"2 minuty\" \/>\n<script type=\"application\/ld+json\" class=\"yoast-schema-graph\">{\"@context\":\"https:\/\/schema.org\",\"@graph\":[{\"@type\":\"WebPage\",\"@id\":\"https:\/\/www.aplikuj.pl\/dokumenty\/wzory-dokumentow-czas-pracy\/wzor-polecenia-pracy-w-godzinach-nadliczbowych\/\",\"url\":\"https:\/\/www.aplikuj.pl\/dokumenty\/wzory-dokumentow-czas-pracy\/wzor-polecenia-pracy-w-godzinach-nadliczbowych\/\",\"name\":\"Wz\u00f3r polecenia pracy w godzinach nadliczbowych - Aplikuj.pl\",\"isPartOf\":{\"@id\":\"https:\/\/www.aplikuj.pl\/dokumenty\/#website\"},\"primaryImageOfPage\":{\"@id\":\"https:\/\/www.aplikuj.pl\/dokumenty\/wzory-dokumentow-czas-pracy\/wzor-polecenia-pracy-w-godzinach-nadliczbowych\/#primaryimage\"},\"image\":{\"@id\":\"https:\/\/www.aplikuj.pl\/dokumenty\/wzory-dokumentow-czas-pracy\/wzor-polecenia-pracy-w-godzinach-nadliczbowych\/#primaryimage\"},\"thumbnailUrl\":\"https:\/\/www.aplikuj.pl\/dokumenty\/wp-content\/uploads\/2021\/01\/czas-pracy-4.jpg\",\"datePublished\":\"2021-01-12T09:18:57+00:00\",\"dateModified\":\"2026-02-22T22:23:34+00:00\",\"breadcrumb\":{\"@id\":\"https:\/\/www.aplikuj.pl\/dokumenty\/wzory-dokumentow-czas-pracy\/wzor-polecenia-pracy-w-godzinach-nadliczbowych\/#breadcrumb\"},\"inLanguage\":\"pl-PL\",\"potentialAction\":[{\"@type\":\"ReadAction\",\"target\":[\"https:\/\/www.aplikuj.pl\/dokumenty\/wzory-dokumentow-czas-pracy\/wzor-polecenia-pracy-w-godzinach-nadliczbowych\/\"]}]},{\"@type\":\"ImageObject\",\"inLanguage\":\"pl-PL\",\"@id\":\"https:\/\/www.aplikuj.pl\/dokumenty\/wzory-dokumentow-czas-pracy\/wzor-polecenia-pracy-w-godzinach-nadliczbowych\/#primaryimage\",\"url\":\"https:\/\/www.aplikuj.pl\/dokumenty\/wp-content\/uploads\/2021\/01\/czas-pracy-4.jpg\",\"contentUrl\":\"https:\/\/www.aplikuj.pl\/dokumenty\/wp-content\/uploads\/2021\/01\/czas-pracy-4.jpg\",\"width\":794,\"height\":1123,\"caption\":\"Grafika dokumentu\"},{\"@type\":\"BreadcrumbList\",\"@id\":\"https:\/\/www.aplikuj.pl\/dokumenty\/wzory-dokumentow-czas-pracy\/wzor-polecenia-pracy-w-godzinach-nadliczbowych\/#breadcrumb\",\"itemListElement\":[{\"@type\":\"ListItem\",\"position\":1,\"name\":\"Dokumenty HR\",\"item\":\"https:\/\/www.aplikuj.pl\/dokumenty\/\"},{\"@type\":\"ListItem\",\"position\":2,\"name\":\"umowa-o-prace\",\"item\":\"https:\/\/www.aplikuj.pl\/dokumenty\/umowa-o-prace\/\"},{\"@type\":\"ListItem\",\"position\":3,\"name\":\"Wzory dokument\u00f3w - czas pracy\",\"item\":\"https:\/\/www.aplikuj.pl\/dokumenty\/wzory-dokumentow-czas-pracy\/\"},{\"@type\":\"ListItem\",\"position\":4,\"name\":\"Wz\u00f3r polecenia pracy w godzinach nadliczbowych\"}]},{\"@type\":\"WebSite\",\"@id\":\"https:\/\/www.aplikuj.pl\/dokumenty\/#website\",\"url\":\"https:\/\/www.aplikuj.pl\/dokumenty\/\",\"name\":\"Aplikuj.pl\",\"description\":\"Profesjonalne i darmowe wzory dokument\u00f3w HR\",\"publisher\":{\"@id\":\"https:\/\/www.aplikuj.pl\/dokumenty\/#organization\"},\"potentialAction\":[{\"@type\":\"SearchAction\",\"target\":{\"@type\":\"EntryPoint\",\"urlTemplate\":\"https:\/\/www.aplikuj.pl\/dokumenty\/?s={search_term_string}\"},\"query-input\":{\"@type\":\"PropertyValueSpecification\",\"valueRequired\":true,\"valueName\":\"search_term_string\"}}],\"inLanguage\":\"pl-PL\"},{\"@type\":\"Organization\",\"@id\":\"https:\/\/www.aplikuj.pl\/dokumenty\/#organization\",\"name\":\"Aplikuj.pl\",\"url\":\"https:\/\/www.aplikuj.pl\/dokumenty\/\",\"logo\":{\"@type\":\"ImageObject\",\"inLanguage\":\"pl-PL\",\"@id\":\"https:\/\/www.aplikuj.pl\/dokumenty\/#\/schema\/logo\/image\/\",\"url\":\"\",\"contentUrl\":\"\",\"caption\":\"Aplikuj.pl\"},\"image\":{\"@id\":\"https:\/\/www.aplikuj.pl\/dokumenty\/#\/schema\/logo\/image\/\"}}]}<\/script>\n<!-- \/ Yoast SEO plugin. -->","yoast_head_json":{"title":"Wz\u00f3r polecenia pracy w godzinach nadliczbowych - Aplikuj.pl","robots":{"index":"index","follow":"follow","max-snippet":"max-snippet:-1","max-image-preview":"max-image-preview:large","max-video-preview":"max-video-preview:-1"},"canonical":"https:\/\/www.aplikuj.pl\/dokumenty\/wzory-dokumentow-czas-pracy\/wzor-polecenia-pracy-w-godzinach-nadliczbowych\/","og_locale":"pl_PL","og_type":"article","og_title":"Wz\u00f3r polecenia pracy w godzinach nadliczbowych - Aplikuj.pl","og_description":"Dokument polecenia pracy w godzinach nadliczbowych zosta\u0142 przygotowany w uniwersalnej formie. Pracodawca, kt\u00f3ry zleca pracownikowi wykonywanie obowi\u0105zk\u00f3w w godzinach nadliczbowych, mo\u017ce za pomoc\u0105 tego szablonu przygotowa\u0107 odpowiedni dokument i przed\u0142o\u017cy\u0107 go zatrudnionemu. Wz\u00f3r dokumentu nale\u017cy podda\u0107 samodzielnej edycji lub uzupe\u0142ni\u0107 odr\u0119cznie po wydrukowaniu. Wersja edytowalna dokumentu jest kompatybilna z najpopularniejszymi programami typu MS Office b\u0105d\u017a darmowe aplikacje biurowe (Open Office lub Libre Office).","og_url":"https:\/\/www.aplikuj.pl\/dokumenty\/wzory-dokumentow-czas-pracy\/wzor-polecenia-pracy-w-godzinach-nadliczbowych\/","og_site_name":"Aplikuj.pl","article_modified_time":"2026-02-22T22:23:34+00:00","og_image":[{"width":794,"height":1123,"url":"https:\/\/www.aplikuj.pl\/dokumenty\/wp-content\/uploads\/2021\/01\/czas-pracy-4.jpg","type":"image\/jpeg"}],"twitter_card":"summary_large_image","twitter_misc":{"Szacowany czas czytania":"2 minuty"},"schema":{"@context":"https:\/\/schema.org","@graph":[{"@type":"WebPage","@id":"https:\/\/www.aplikuj.pl\/dokumenty\/wzory-dokumentow-czas-pracy\/wzor-polecenia-pracy-w-godzinach-nadliczbowych\/","url":"https:\/\/www.aplikuj.pl\/dokumenty\/wzory-dokumentow-czas-pracy\/wzor-polecenia-pracy-w-godzinach-nadliczbowych\/","name":"Wz\u00f3r polecenia pracy w godzinach nadliczbowych - Aplikuj.pl","isPartOf":{"@id":"https:\/\/www.aplikuj.pl\/dokumenty\/#website"},"primaryImageOfPage":{"@id":"https:\/\/www.aplikuj.pl\/dokumenty\/wzory-dokumentow-czas-pracy\/wzor-polecenia-pracy-w-godzinach-nadliczbowych\/#primaryimage"},"image":{"@id":"https:\/\/www.aplikuj.pl\/dokumenty\/wzory-dokumentow-czas-pracy\/wzor-polecenia-pracy-w-godzinach-nadliczbowych\/#primaryimage"},"thumbnailUrl":"https:\/\/www.aplikuj.pl\/dokumenty\/wp-content\/uploads\/2021\/01\/czas-pracy-4.jpg","datePublished":"2021-01-12T09:18:57+00:00","dateModified":"2026-02-22T22:23:34+00:00","breadcrumb":{"@id":"https:\/\/www.aplikuj.pl\/dokumenty\/wzory-dokumentow-czas-pracy\/wzor-polecenia-pracy-w-godzinach-nadliczbowych\/#breadcrumb"},"inLanguage":"pl-PL","potentialAction":[{"@type":"ReadAction","target":["https:\/\/www.aplikuj.pl\/dokumenty\/wzory-dokumentow-czas-pracy\/wzor-polecenia-pracy-w-godzinach-nadliczbowych\/"]}]},{"@type":"ImageObject","inLanguage":"pl-PL","@id":"https:\/\/www.aplikuj.pl\/dokumenty\/wzory-dokumentow-czas-pracy\/wzor-polecenia-pracy-w-godzinach-nadliczbowych\/#primaryimage","url":"https:\/\/www.aplikuj.pl\/dokumenty\/wp-content\/uploads\/2021\/01\/czas-pracy-4.jpg","contentUrl":"https:\/\/www.aplikuj.pl\/dokumenty\/wp-content\/uploads\/2021\/01\/czas-pracy-4.jpg","width":794,"height":1123,"caption":"Grafika dokumentu"},{"@type":"BreadcrumbList","@id":"https:\/\/www.aplikuj.pl\/dokumenty\/wzory-dokumentow-czas-pracy\/wzor-polecenia-pracy-w-godzinach-nadliczbowych\/#breadcrumb","itemListElement":[{"@type":"ListItem","position":1,"name":"Dokumenty HR","item":"https:\/\/www.aplikuj.pl\/dokumenty\/"},{"@type":"ListItem","position":2,"name":"umowa-o-prace","item":"https:\/\/www.aplikuj.pl\/dokumenty\/umowa-o-prace\/"},{"@type":"ListItem","position":3,"name":"Wzory dokument\u00f3w - czas pracy","item":"https:\/\/www.aplikuj.pl\/dokumenty\/wzory-dokumentow-czas-pracy\/"},{"@type":"ListItem","position":4,"name":"Wz\u00f3r polecenia pracy w godzinach nadliczbowych"}]},{"@type":"WebSite","@id":"https:\/\/www.aplikuj.pl\/dokumenty\/#website","url":"https:\/\/www.aplikuj.pl\/dokumenty\/","name":"Aplikuj.pl","description":"Profesjonalne i darmowe wzory dokument\u00f3w HR","publisher":{"@id":"https:\/\/www.aplikuj.pl\/dokumenty\/#organization"},"potentialAction":[{"@type":"SearchAction","target":{"@type":"EntryPoint","urlTemplate":"https:\/\/www.aplikuj.pl\/dokumenty\/?s={search_term_string}"},"query-input":{"@type":"PropertyValueSpecification","valueRequired":true,"valueName":"search_term_string"}}],"inLanguage":"pl-PL"},{"@type":"Organization","@id":"https:\/\/www.aplikuj.pl\/dokumenty\/#organization","name":"Aplikuj.pl","url":"https:\/\/www.aplikuj.pl\/dokumenty\/","logo":{"@type":"ImageObject","inLanguage":"pl-PL","@id":"https:\/\/www.aplikuj.pl\/dokumenty\/#\/schema\/logo\/image\/","url":"","contentUrl":"","caption":"Aplikuj.pl"},"image":{"@id":"https:\/\/www.aplikuj.pl\/dokumenty\/#\/schema\/logo\/image\/"}}]}},"_links":{"self":[{"href":"https:\/\/www.aplikuj.pl\/dokumenty\/wp-json\/wp\/v2\/product\/4758","targetHints":{"allow":["GET"]}}],"collection":[{"href":"https:\/\/www.aplikuj.pl\/dokumenty\/wp-json\/wp\/v2\/product"}],"about":[{"href":"https:\/\/www.aplikuj.pl\/dokumenty\/wp-json\/wp\/v2\/types\/product"}],"version-history":[{"count":2,"href":"https:\/\/www.aplikuj.pl\/dokumenty\/wp-json\/wp\/v2\/product\/4758\/revisions"}],"predecessor-version":[{"id":5206,"href":"https:\/\/www.aplikuj.pl\/dokumenty\/wp-json\/wp\/v2\/product\/4758\/revisions\/5206"}],"wp:featuredmedia":[{"embeddable":true,"href":"https:\/\/www.aplikuj.pl\/dokumenty\/wp-json\/wp\/v2\/media\/4759"}],"wp:attachment":[{"href":"https:\/\/www.aplikuj.pl\/dokumenty\/wp-json\/wp\/v2\/media?parent=4758"}],"wp:term":[{"taxonomy":"product_brand","embeddable":true,"href":"https:\/\/www.aplikuj.pl\/dokumenty\/wp-json\/wp\/v2\/product_brand?post=4758"},{"taxonomy":"product_cat","embeddable":true,"href":"https:\/\/www.aplikuj.pl\/dokumenty\/wp-json\/wp\/v2\/product_cat?post=4758"},{"taxonomy":"product_tag","embeddable":true,"href":"https:\/\/www.aplikuj.pl\/dokumenty\/wp-json\/wp\/v2\/product_tag?post=4758"}],"curies":[{"name":"wp","href":"https:\/\/api.w.org\/{rel}","templated":true}]}}