{"id":4747,"date":"2021-01-08T12:34:07","date_gmt":"2021-01-08T11:34:07","guid":{"rendered":"https:\/\/www.aplikuj.pl\/dokumenty\/?post_type=product&#038;p=4747"},"modified":"2026-02-22T23:23:34","modified_gmt":"2026-02-22T22:23:34","slug":"wzor-umowy-o-odpowiedzialnosci-materialnej-pracownika","status":"publish","type":"product","link":"https:\/\/www.aplikuj.pl\/dokumenty\/umowa-o-prace\/wzor-umowy-o-odpowiedzialnosci-materialnej-pracownika\/","title":{"rendered":"Wz\u00f3r umowy o odpowiedzialno\u015bci materialnej pracownika"},"content":{"rendered":"<h2><span class=\"current\">Umowa o prac\u0119 na czas zast\u0119pstwa<\/span><\/h2>\n<p>Umowa o prac\u0119 na okres pr\u00f3bny jest zazwyczaj stosowana przez pracodawc\u00f3w chc\u0105cych si\u0119 przekona\u0107, czy wybrany pracownik spe\u0142ni ich oczekiwania. Osoba zatrudniona ma tak\u017ce mo\u017cliwo\u015b\u0107 poznania warunk\u00f3w pracy oraz struktur danego przedsi\u0119biorstwa. Wi\u0119kszo\u015b\u0107 pracodawc\u00f3w ch\u0119tnie korzysta z tej formy zawarcia stosunku pracy. Nale\u017cy mie\u0107 \u015bwiadomo\u015b\u0107, \u017ce wz\u00f3r umowy o prac\u0119 na okres pr\u00f3bny mo\u017ce by\u0107 wykorzystany jedynie w przypadku zatrudnienia nowego pracownika i na okres maksymalnie 3 miesi\u0119cy. Po tym czasie pracodawca nie musi decydowa\u0107 si\u0119 na dalsze zatrudnienie konkretnego pracownika, ale je\u017celi zechce kontynuowa\u0107 wsp\u00f3\u0142prac\u0119, to musi spisa\u0107 umow\u0119 o prac\u0119 na czas okre\u015blony b\u0105d\u017a nieokre\u015blony.<\/p>\n<p>Wszystko, co powinno si\u0119 zawrze\u0107 w dokumencie, znajduje si\u0119 we wzorze umowy o prac\u0119 na okres pr\u00f3bny, kt\u00f3ry udost\u0119pniono powy\u017cej. Nale\u017cy pami\u0119ta\u0107 zamieszczeniu w pi\u015bmie stron umowy, daty zawarcia, rodzaju oraz warunk\u00f3w \u015bwiadczenia pracy i wysoko\u015bci wynagrodzenia. Bardzo wa\u017cne, aby zwraca\u0107 uwag\u0119, czy umow\u0119 sporz\u0105dzono jako zawart\u0105 na okres pr\u00f3bny, czy na czas okre\u015blony. Wi\u0105\u017ce si\u0119 to z r\u00f3\u017cnymi okresami wypowiedzenia umowy.<\/p>\n<h2>Zastosowanie sp\u00f3\u0142dzielczej umowy o prac\u0119 przyk\u0142ady<\/h2>\n<p>Okres pr\u00f3bny mo\u017ce zosta\u0107 skr\u00f3cony, ale tak\u017ce w konkretnych sytuacjach jest mo\u017cliwe ponowne przyznanie okresu pr\u00f3bnego pracownikowi, z kt\u00f3rym ju\u017c wcze\u015bniej podpisano tak\u0105 umow\u0119. Ponowny okres pr\u00f3bny mo\u017ce zosta\u0107 przyznany w przypadku zmiany stanowiska b\u0105d\u017a wyznaczeniu nowego zakresu czynno\u015bci wymagaj\u0105cych ponownej oceny kwalifikacji.\u00a0Czas wypowiedzenia umowy o prac\u0119 na okres pr\u00f3bny:<\/p>\n<ul>\n<li>3 dni robocze przy umowie zawartej na mniej ni\u017c 2 tygodnie;<\/li>\n<li>1 tydzie\u0144 przy umowie zawartej na czas d\u0142u\u017cszy ni\u017c 2 tygodnie;<\/li>\n<li>2 tygodnie przy umowie zawartej na 3 miesi\u0105ce.<\/li>\n<\/ul>\n<p>Umowa o prac\u0119 na okres pr\u00f3bny mo\u017ce zosta\u0107 rozwi\u0105zana na trzy sposoby:<\/p>\n<ul>\n<li>za porozumieniem stron;<\/li>\n<li>za wypowiedzeniem;<\/li>\n<li>bez wypowiedzenia.<\/li>\n<\/ul>\n<p>Umowa wygasa wraz z up\u0142ywem okresu, na jaki zosta\u0142a zawarta. W przypadku niezgodnego z prawem wypowiedzenia umowy o prac\u0119 na okres pr\u00f3bny s\u0105d pracy orzeka jedynie odszkodowanie w wysoko\u015bci wynagrodzenia obliczonego proporcjonalnie do okresu, jaki pozosta\u0142 pracownikowi do ko\u0144ca umowy. S\u0105d nie orzeka o przywr\u00f3ceniu pracownika do pracy.<\/p>\n<h2>Wz\u00f3r sp\u00f3\u0142dzielczej umowy o prac\u0119<\/h2>\n<p>Warto skorzysta\u0107 z szablonu i dostosowa\u0107 go na potrzeby firmy, by mie\u0107 w dokumentacji sta\u0142y wz\u00f3r stosowany w przypadku zatrudniania ka\u017cdego nowego pracownika. Taki dokument zobowi\u0105zuje obie strony do przestrzegania Prawa pracy, a zatem pracownik zatrudniony na umow\u0119 o prac\u0119 na okres pr\u00f3bny ma obowi\u0105zek wykonywania polece\u0144 pracodawcy wynikaj\u0105cych z zakresu \u015bwiadczonej pracy, a pracodawca musi z kolei respektowa\u0107 prawne przywileje zatrudnionego. Osoba zatrudniona ponosi r\u00f3wnie\u017c odpowiedzialno\u015b\u0107 porz\u0105dkow\u0105 za przekraczanie swoich praw lub niewywi\u0105zywanie si\u0119 z obowi\u0105zk\u00f3w. Umowa o prac\u0119 na okres pr\u00f3bny wi\u0105\u017ce si\u0119 z otrzymywaniem przez pracownika wynagrodzenia i stosowanie um\u00f3w o charakterze nieodp\u0142atnym jest zabronione, podobnie jak stosowanie um\u00f3w cywilnoprawnych w sytuacji, gdy s\u0105 wyra\u017ane przes\u0142anki do nawi\u0105zania stosunku pracy.<\/p>\n","protected":false},"excerpt":{"rendered":"<p class=\"Standard\">Wz\u00f3r umowy na czas wykonywania okre\u015blonej pracy zosta\u0142 przygotowany zgodnie z obowi\u0105zuj\u0105cymi normami. Dokument sformatowano do nowoczesnej i funkcjonalnej postaci, a w tre\u015bci pozostawiono do uzupe\u0142nienia niezb\u0119dne dane. Aby skorzysta\u0107 ze wzoru do zawi\u0105zania umowy, nale\u017cy samodzielnie zedytowa\u0107 szablon, uzupe\u0142niaj\u0105c go m.in. o dane osobowe obu stron, a po wydrukowaniu opatrzy\u0107 podpisami. Dokument jest kompatybilny z programem MS Word oraz z najcz\u0119\u015bciej stosowanymi darmowymi pakietami biurowymi (Open Office lub Libre Office).<\/p>\n","protected":false},"featured_media":4748,"template":"","meta":[],"product_brand":[],"product_cat":[21],"product_tag":[280,282,283,284,281,279],"class_list":{"0":"post-4747","1":"product","2":"type-product","3":"status-publish","4":"has-post-thumbnail","6":"product_cat-umowa-o-prace","7":"product_tag-odpowiedzialnosc-materialna-pracownika","8":"product_tag-odpowiedzialnosc-za-powierzone-mienie","9":"product_tag-powierzenie-mienia-pracownikowi","10":"product_tag-powierzenie-mienia-w-umowie-o-prace","11":"product_tag-umowa-o-odpowiedzialnosci-materialnej","12":"product_tag-wzor-umowy-o-odpowiedzialnosci-materialnej-pracownika","14":"first","15":"instock","16":"shipping-taxable","17":"product-type-external"},"yoast_head":"<!-- This site is optimized with the Yoast SEO plugin v27.0 - https:\/\/yoast.com\/product\/yoast-seo-wordpress\/ -->\n<title>Wz\u00f3r umowy o odpowiedzialno\u015bci materialnej pracownika - Aplikuj.pl<\/title>\n<meta name=\"robots\" content=\"index, follow, max-snippet:-1, max-image-preview:large, max-video-preview:-1\" \/>\n<link rel=\"canonical\" href=\"https:\/\/www.aplikuj.pl\/dokumenty\/umowa-o-prace\/wzor-umowy-o-odpowiedzialnosci-materialnej-pracownika\/\" \/>\n<meta property=\"og:locale\" content=\"pl_PL\" \/>\n<meta property=\"og:type\" content=\"article\" \/>\n<meta property=\"og:title\" content=\"Wz\u00f3r umowy o odpowiedzialno\u015bci materialnej pracownika - Aplikuj.pl\" \/>\n<meta property=\"og:description\" content=\"Wz\u00f3r umowy na czas wykonywania okre\u015blonej pracy zosta\u0142 przygotowany zgodnie z obowi\u0105zuj\u0105cymi normami. Dokument sformatowano do nowoczesnej i funkcjonalnej postaci, a w tre\u015bci pozostawiono do uzupe\u0142nienia niezb\u0119dne dane. Aby skorzysta\u0107 ze wzoru do zawi\u0105zania umowy, nale\u017cy samodzielnie zedytowa\u0107 szablon, uzupe\u0142niaj\u0105c go m.in. o dane osobowe obu stron, a po wydrukowaniu opatrzy\u0107 podpisami. Dokument jest kompatybilny z programem MS Word oraz z najcz\u0119\u015bciej stosowanymi darmowymi pakietami biurowymi (Open Office lub Libre Office).\" \/>\n<meta property=\"og:url\" content=\"https:\/\/www.aplikuj.pl\/dokumenty\/umowa-o-prace\/wzor-umowy-o-odpowiedzialnosci-materialnej-pracownika\/\" \/>\n<meta property=\"og:site_name\" content=\"Aplikuj.pl\" \/>\n<meta property=\"article:modified_time\" content=\"2026-02-22T22:23:34+00:00\" \/>\n<meta property=\"og:image\" content=\"https:\/\/www.aplikuj.pl\/dokumenty\/wp-content\/uploads\/2021\/01\/umowa-o-prace-14.jpg\" \/>\n\t<meta property=\"og:image:width\" content=\"794\" \/>\n\t<meta property=\"og:image:height\" content=\"1123\" \/>\n\t<meta property=\"og:image:type\" content=\"image\/jpeg\" \/>\n<meta name=\"twitter:card\" content=\"summary_large_image\" \/>\n<meta name=\"twitter:label1\" content=\"Szacowany czas czytania\" \/>\n\t<meta name=\"twitter:data1\" content=\"3 minuty\" \/>\n<script type=\"application\/ld+json\" class=\"yoast-schema-graph\">{\"@context\":\"https:\/\/schema.org\",\"@graph\":[{\"@type\":\"WebPage\",\"@id\":\"https:\/\/www.aplikuj.pl\/dokumenty\/umowa-o-prace\/wzor-umowy-o-odpowiedzialnosci-materialnej-pracownika\/\",\"url\":\"https:\/\/www.aplikuj.pl\/dokumenty\/umowa-o-prace\/wzor-umowy-o-odpowiedzialnosci-materialnej-pracownika\/\",\"name\":\"Wz\u00f3r umowy o odpowiedzialno\u015bci materialnej pracownika - Aplikuj.pl\",\"isPartOf\":{\"@id\":\"https:\/\/www.aplikuj.pl\/dokumenty\/#website\"},\"primaryImageOfPage\":{\"@id\":\"https:\/\/www.aplikuj.pl\/dokumenty\/umowa-o-prace\/wzor-umowy-o-odpowiedzialnosci-materialnej-pracownika\/#primaryimage\"},\"image\":{\"@id\":\"https:\/\/www.aplikuj.pl\/dokumenty\/umowa-o-prace\/wzor-umowy-o-odpowiedzialnosci-materialnej-pracownika\/#primaryimage\"},\"thumbnailUrl\":\"https:\/\/www.aplikuj.pl\/dokumenty\/wp-content\/uploads\/2021\/01\/umowa-o-prace-14.jpg\",\"datePublished\":\"2021-01-08T11:34:07+00:00\",\"dateModified\":\"2026-02-22T22:23:34+00:00\",\"breadcrumb\":{\"@id\":\"https:\/\/www.aplikuj.pl\/dokumenty\/umowa-o-prace\/wzor-umowy-o-odpowiedzialnosci-materialnej-pracownika\/#breadcrumb\"},\"inLanguage\":\"pl-PL\",\"potentialAction\":[{\"@type\":\"ReadAction\",\"target\":[\"https:\/\/www.aplikuj.pl\/dokumenty\/umowa-o-prace\/wzor-umowy-o-odpowiedzialnosci-materialnej-pracownika\/\"]}]},{\"@type\":\"ImageObject\",\"inLanguage\":\"pl-PL\",\"@id\":\"https:\/\/www.aplikuj.pl\/dokumenty\/umowa-o-prace\/wzor-umowy-o-odpowiedzialnosci-materialnej-pracownika\/#primaryimage\",\"url\":\"https:\/\/www.aplikuj.pl\/dokumenty\/wp-content\/uploads\/2021\/01\/umowa-o-prace-14.jpg\",\"contentUrl\":\"https:\/\/www.aplikuj.pl\/dokumenty\/wp-content\/uploads\/2021\/01\/umowa-o-prace-14.jpg\",\"width\":794,\"height\":1123,\"caption\":\"Grafika dokument\"},{\"@type\":\"BreadcrumbList\",\"@id\":\"https:\/\/www.aplikuj.pl\/dokumenty\/umowa-o-prace\/wzor-umowy-o-odpowiedzialnosci-materialnej-pracownika\/#breadcrumb\",\"itemListElement\":[{\"@type\":\"ListItem\",\"position\":1,\"name\":\"Dokumenty HR\",\"item\":\"https:\/\/www.aplikuj.pl\/dokumenty\/\"},{\"@type\":\"ListItem\",\"position\":2,\"name\":\"umowa-o-prace\",\"item\":\"https:\/\/www.aplikuj.pl\/dokumenty\/umowa-o-prace\/\"},{\"@type\":\"ListItem\",\"position\":3,\"name\":\"Umowa o prac\u0119\",\"item\":\"https:\/\/www.aplikuj.pl\/dokumenty\/umowa-o-prace\/\"},{\"@type\":\"ListItem\",\"position\":4,\"name\":\"Wz\u00f3r umowy o odpowiedzialno\u015bci materialnej pracownika\"}]},{\"@type\":\"WebSite\",\"@id\":\"https:\/\/www.aplikuj.pl\/dokumenty\/#website\",\"url\":\"https:\/\/www.aplikuj.pl\/dokumenty\/\",\"name\":\"Aplikuj.pl\",\"description\":\"Profesjonalne i darmowe wzory dokument\u00f3w HR\",\"publisher\":{\"@id\":\"https:\/\/www.aplikuj.pl\/dokumenty\/#organization\"},\"potentialAction\":[{\"@type\":\"SearchAction\",\"target\":{\"@type\":\"EntryPoint\",\"urlTemplate\":\"https:\/\/www.aplikuj.pl\/dokumenty\/?s={search_term_string}\"},\"query-input\":{\"@type\":\"PropertyValueSpecification\",\"valueRequired\":true,\"valueName\":\"search_term_string\"}}],\"inLanguage\":\"pl-PL\"},{\"@type\":\"Organization\",\"@id\":\"https:\/\/www.aplikuj.pl\/dokumenty\/#organization\",\"name\":\"Aplikuj.pl\",\"url\":\"https:\/\/www.aplikuj.pl\/dokumenty\/\",\"logo\":{\"@type\":\"ImageObject\",\"inLanguage\":\"pl-PL\",\"@id\":\"https:\/\/www.aplikuj.pl\/dokumenty\/#\/schema\/logo\/image\/\",\"url\":\"\",\"contentUrl\":\"\",\"caption\":\"Aplikuj.pl\"},\"image\":{\"@id\":\"https:\/\/www.aplikuj.pl\/dokumenty\/#\/schema\/logo\/image\/\"}}]}<\/script>\n<!-- \/ Yoast SEO plugin. -->","yoast_head_json":{"title":"Wz\u00f3r umowy o odpowiedzialno\u015bci materialnej pracownika - Aplikuj.pl","robots":{"index":"index","follow":"follow","max-snippet":"max-snippet:-1","max-image-preview":"max-image-preview:large","max-video-preview":"max-video-preview:-1"},"canonical":"https:\/\/www.aplikuj.pl\/dokumenty\/umowa-o-prace\/wzor-umowy-o-odpowiedzialnosci-materialnej-pracownika\/","og_locale":"pl_PL","og_type":"article","og_title":"Wz\u00f3r umowy o odpowiedzialno\u015bci materialnej pracownika - Aplikuj.pl","og_description":"Wz\u00f3r umowy na czas wykonywania okre\u015blonej pracy zosta\u0142 przygotowany zgodnie z obowi\u0105zuj\u0105cymi normami. Dokument sformatowano do nowoczesnej i funkcjonalnej postaci, a w tre\u015bci pozostawiono do uzupe\u0142nienia niezb\u0119dne dane. Aby skorzysta\u0107 ze wzoru do zawi\u0105zania umowy, nale\u017cy samodzielnie zedytowa\u0107 szablon, uzupe\u0142niaj\u0105c go m.in. o dane osobowe obu stron, a po wydrukowaniu opatrzy\u0107 podpisami. Dokument jest kompatybilny z programem MS Word oraz z najcz\u0119\u015bciej stosowanymi darmowymi pakietami biurowymi (Open Office lub Libre Office).","og_url":"https:\/\/www.aplikuj.pl\/dokumenty\/umowa-o-prace\/wzor-umowy-o-odpowiedzialnosci-materialnej-pracownika\/","og_site_name":"Aplikuj.pl","article_modified_time":"2026-02-22T22:23:34+00:00","og_image":[{"width":794,"height":1123,"url":"https:\/\/www.aplikuj.pl\/dokumenty\/wp-content\/uploads\/2021\/01\/umowa-o-prace-14.jpg","type":"image\/jpeg"}],"twitter_card":"summary_large_image","twitter_misc":{"Szacowany czas czytania":"3 minuty"},"schema":{"@context":"https:\/\/schema.org","@graph":[{"@type":"WebPage","@id":"https:\/\/www.aplikuj.pl\/dokumenty\/umowa-o-prace\/wzor-umowy-o-odpowiedzialnosci-materialnej-pracownika\/","url":"https:\/\/www.aplikuj.pl\/dokumenty\/umowa-o-prace\/wzor-umowy-o-odpowiedzialnosci-materialnej-pracownika\/","name":"Wz\u00f3r umowy o odpowiedzialno\u015bci materialnej pracownika - Aplikuj.pl","isPartOf":{"@id":"https:\/\/www.aplikuj.pl\/dokumenty\/#website"},"primaryImageOfPage":{"@id":"https:\/\/www.aplikuj.pl\/dokumenty\/umowa-o-prace\/wzor-umowy-o-odpowiedzialnosci-materialnej-pracownika\/#primaryimage"},"image":{"@id":"https:\/\/www.aplikuj.pl\/dokumenty\/umowa-o-prace\/wzor-umowy-o-odpowiedzialnosci-materialnej-pracownika\/#primaryimage"},"thumbnailUrl":"https:\/\/www.aplikuj.pl\/dokumenty\/wp-content\/uploads\/2021\/01\/umowa-o-prace-14.jpg","datePublished":"2021-01-08T11:34:07+00:00","dateModified":"2026-02-22T22:23:34+00:00","breadcrumb":{"@id":"https:\/\/www.aplikuj.pl\/dokumenty\/umowa-o-prace\/wzor-umowy-o-odpowiedzialnosci-materialnej-pracownika\/#breadcrumb"},"inLanguage":"pl-PL","potentialAction":[{"@type":"ReadAction","target":["https:\/\/www.aplikuj.pl\/dokumenty\/umowa-o-prace\/wzor-umowy-o-odpowiedzialnosci-materialnej-pracownika\/"]}]},{"@type":"ImageObject","inLanguage":"pl-PL","@id":"https:\/\/www.aplikuj.pl\/dokumenty\/umowa-o-prace\/wzor-umowy-o-odpowiedzialnosci-materialnej-pracownika\/#primaryimage","url":"https:\/\/www.aplikuj.pl\/dokumenty\/wp-content\/uploads\/2021\/01\/umowa-o-prace-14.jpg","contentUrl":"https:\/\/www.aplikuj.pl\/dokumenty\/wp-content\/uploads\/2021\/01\/umowa-o-prace-14.jpg","width":794,"height":1123,"caption":"Grafika dokument"},{"@type":"BreadcrumbList","@id":"https:\/\/www.aplikuj.pl\/dokumenty\/umowa-o-prace\/wzor-umowy-o-odpowiedzialnosci-materialnej-pracownika\/#breadcrumb","itemListElement":[{"@type":"ListItem","position":1,"name":"Dokumenty HR","item":"https:\/\/www.aplikuj.pl\/dokumenty\/"},{"@type":"ListItem","position":2,"name":"umowa-o-prace","item":"https:\/\/www.aplikuj.pl\/dokumenty\/umowa-o-prace\/"},{"@type":"ListItem","position":3,"name":"Umowa o prac\u0119","item":"https:\/\/www.aplikuj.pl\/dokumenty\/umowa-o-prace\/"},{"@type":"ListItem","position":4,"name":"Wz\u00f3r umowy o odpowiedzialno\u015bci materialnej pracownika"}]},{"@type":"WebSite","@id":"https:\/\/www.aplikuj.pl\/dokumenty\/#website","url":"https:\/\/www.aplikuj.pl\/dokumenty\/","name":"Aplikuj.pl","description":"Profesjonalne i darmowe wzory dokument\u00f3w HR","publisher":{"@id":"https:\/\/www.aplikuj.pl\/dokumenty\/#organization"},"potentialAction":[{"@type":"SearchAction","target":{"@type":"EntryPoint","urlTemplate":"https:\/\/www.aplikuj.pl\/dokumenty\/?s={search_term_string}"},"query-input":{"@type":"PropertyValueSpecification","valueRequired":true,"valueName":"search_term_string"}}],"inLanguage":"pl-PL"},{"@type":"Organization","@id":"https:\/\/www.aplikuj.pl\/dokumenty\/#organization","name":"Aplikuj.pl","url":"https:\/\/www.aplikuj.pl\/dokumenty\/","logo":{"@type":"ImageObject","inLanguage":"pl-PL","@id":"https:\/\/www.aplikuj.pl\/dokumenty\/#\/schema\/logo\/image\/","url":"","contentUrl":"","caption":"Aplikuj.pl"},"image":{"@id":"https:\/\/www.aplikuj.pl\/dokumenty\/#\/schema\/logo\/image\/"}}]}},"_links":{"self":[{"href":"https:\/\/www.aplikuj.pl\/dokumenty\/wp-json\/wp\/v2\/product\/4747","targetHints":{"allow":["GET"]}}],"collection":[{"href":"https:\/\/www.aplikuj.pl\/dokumenty\/wp-json\/wp\/v2\/product"}],"about":[{"href":"https:\/\/www.aplikuj.pl\/dokumenty\/wp-json\/wp\/v2\/types\/product"}],"version-history":[{"count":1,"href":"https:\/\/www.aplikuj.pl\/dokumenty\/wp-json\/wp\/v2\/product\/4747\/revisions"}],"predecessor-version":[{"id":5204,"href":"https:\/\/www.aplikuj.pl\/dokumenty\/wp-json\/wp\/v2\/product\/4747\/revisions\/5204"}],"wp:featuredmedia":[{"embeddable":true,"href":"https:\/\/www.aplikuj.pl\/dokumenty\/wp-json\/wp\/v2\/media\/4748"}],"wp:attachment":[{"href":"https:\/\/www.aplikuj.pl\/dokumenty\/wp-json\/wp\/v2\/media?parent=4747"}],"wp:term":[{"taxonomy":"product_brand","embeddable":true,"href":"https:\/\/www.aplikuj.pl\/dokumenty\/wp-json\/wp\/v2\/product_brand?post=4747"},{"taxonomy":"product_cat","embeddable":true,"href":"https:\/\/www.aplikuj.pl\/dokumenty\/wp-json\/wp\/v2\/product_cat?post=4747"},{"taxonomy":"product_tag","embeddable":true,"href":"https:\/\/www.aplikuj.pl\/dokumenty\/wp-json\/wp\/v2\/product_tag?post=4747"}],"curies":[{"name":"wp","href":"https:\/\/api.w.org\/{rel}","templated":true}]}}