{"id":4745,"date":"2021-01-08T12:32:46","date_gmt":"2021-01-08T11:32:46","guid":{"rendered":"https:\/\/www.aplikuj.pl\/dokumenty\/?post_type=product&#038;p=4745"},"modified":"2026-02-22T23:23:34","modified_gmt":"2026-02-22T22:23:34","slug":"wzor-umowy-o-prace-nakladcza","status":"publish","type":"product","link":"https:\/\/www.aplikuj.pl\/dokumenty\/wzory-cywilnoprawne\/wzor-umowy-o-prace-nakladcza\/","title":{"rendered":"Wz\u00f3r umowy o prac\u0119 nak\u0142adcz\u0105"},"content":{"rendered":"<h2>Umowa o prac\u0119 nak\u0142adcz\u0105<\/h2>\n<p>Pracownik wykonuj\u0105cy prac\u0119 nak\u0142adcz\u0105 wprawdzie nabywa pewne uprawnienia pracownicze wynikaj\u0105ce z przepis\u00f3w prawa pracy, ale jego wynagrodzenie jest uzale\u017cnione od pracy, kt\u00f3r\u0105 faktycznie wykona. Praca nak\u0142adcza wykonywana jest w domu, w dowolnych godzinach, o kt\u00f3rych decyduje sam wykonawca i bez kierownictwa osoby zlecaj\u0105cej. Wa\u017cne jednak jest to, \u017ce osoba wykonuj\u0105ca prac\u0119 powinna co jaki\u015b czas dostarcza\u0107 jej efekty. Dzi\u0119ki temu jest to umowa bardziej elastyczna od telepracy. Umowa o prac\u0119 nak\u0142adcz\u0105 dotyczy zazwyczaj takich prac jak np. skr\u0119canie d\u0142ugopis\u00f3w, klejenie kopert, przygotowanie bi\u017cuterii czy np. wzor\u00f3w dokument\u00f3w.<\/p>\n<h2>Jak napisa\u0107 umow\u0119 o prac\u0119 nak\u0142adcz\u0105?<\/h2>\n<p>Umowa o prac\u0119 nak\u0142adcz\u0105 powinna zosta\u0107 sporz\u0105dzona na pi\u015bmie, okre\u015blaj\u0105c najwa\u017cniejsze warunki, w tym rodzaj wykonywanej pracy, wynagrodzenie oraz spos\u00f3b dostarczania gotowych produkt\u00f3w. Warto pami\u0119ta\u0107, \u017ce umow\u0119 o prac\u0119 nak\u0142adcz\u0105 zawiera osoba zwana &#8222;wykonawc\u0105&#8221; z &#8222;nak\u0142adc\u0105&#8221; czyli podmiotem, na rzecz kt\u00f3rego wykonuje prac\u0119 nak\u0142adcz\u0105. W umowie warto r\u00f3wnie\u017c okre\u015bli\u0107, kt\u00f3ra ze stron odpowiedzialna jest za zapewnienie materia\u0142\u00f3w potrzebnych do wykonania pracy. Strony powinny te\u017c okre\u015bli\u0107 minimaln\u0105 miesi\u0119czn\u0105 ilo\u015b\u0107 pracy, kt\u00f3rej wykonanie nale\u017cy do obowi\u0105zk\u00f3w pracownika. Wykonanie pracy musi zapewni\u0107 uzyskanie co najmniej 50% najni\u017cszego wynagrodzenia okre\u015blonego przez Ministra Pracy i Polityki Socjalnej. Je\u017celi praca nak\u0142adcza stanowi dla wykonawcy wy\u0142\u0105czne lub g\u0142\u00f3wne \u017ar\u00f3d\u0142o utrzymania, wykonawca musi otrzyma\u0107 co najmniej najni\u017csze wynagrodzenie za prac\u0119 zgodnie z aktualn\u0105 prac\u0105 minimaln\u0105.<\/p>\n<h2>Wz\u00f3r umowy o prac\u0119 nak\u0142adcz\u0105<\/h2>\n<p>Umowa o prac\u0119 nak\u0142adcz\u0105 mo\u017ce zosta\u0107 zawarta na okres pr\u00f3bny, okre\u015blony lub nieokre\u015blony oraz na czas wykonania okre\u015blonej pracy. Aby prawid\u0142owo sporz\u0105dzi\u0107 umow\u0119 o prac\u0119 nak\u0142adcz\u0105 warto skorzysta\u0107 z darmowego wzoru, by mie\u0107 pewno\u015b\u0107, \u017ce umowa b\u0119dzie zawiera\u0107 wszystkie najwa\u017cniejsze elementy.<\/p>\n","protected":false},"excerpt":{"rendered":"<p class=\"Standard\">Wz\u00f3r umowy o prace nak\u0142adcz\u0105 zosta\u0142 opracowany w mo\u017cliwie uniwersalnej formie. Wszelkie indywidualne ustalenia mi\u0119dzy stronami i szczeg\u00f3\u0142y nale\u017cy doda\u0107 do tre\u015bci umowy, a tak\u017ce uzupe\u0142ni\u0107 dane zlecaj\u0105cego i pracownika. Do pobrania za darmo udost\u0119pniamy wz\u00f3r dokumentu w formacie PDF oraz edytowalnym DOC. Dostosowanie pisma w zale\u017cno\u015bci od wzajemnych ustale\u0144 nie powinno stanowi\u0107 problemu &#8211; plik wzoru jest kompatybilny z popularnymi pakietami biurowymi.<\/p>\n","protected":false},"featured_media":4746,"template":"","meta":[],"product_brand":[],"product_cat":[29],"product_tag":[310,311,309,312],"class_list":{"0":"post-4745","1":"product","2":"type-product","3":"status-publish","4":"has-post-thumbnail","6":"product_cat-wzory-cywilnoprawne","7":"product_tag-praca-chalupnicza","8":"product_tag-umowa-o-prace-chalupnicza","9":"product_tag-umowa-o-prace-nakladcza","10":"product_tag-wzor-umowy-o-prace-nakladcza","12":"first","13":"instock","14":"shipping-taxable","15":"product-type-external"},"yoast_head":"<!-- This site is optimized with the Yoast SEO plugin v27.0 - https:\/\/yoast.com\/product\/yoast-seo-wordpress\/ -->\n<title>Wz\u00f3r umowy o prac\u0119 nak\u0142adcz\u0105 - Aplikuj.pl<\/title>\n<meta name=\"robots\" content=\"index, follow, max-snippet:-1, max-image-preview:large, max-video-preview:-1\" \/>\n<link rel=\"canonical\" href=\"https:\/\/www.aplikuj.pl\/dokumenty\/wzory-cywilnoprawne\/wzor-umowy-o-prace-nakladcza\/\" \/>\n<meta property=\"og:locale\" content=\"pl_PL\" \/>\n<meta property=\"og:type\" content=\"article\" \/>\n<meta property=\"og:title\" content=\"Wz\u00f3r umowy o prac\u0119 nak\u0142adcz\u0105 - Aplikuj.pl\" \/>\n<meta property=\"og:description\" content=\"Wz\u00f3r umowy o prace nak\u0142adcz\u0105 zosta\u0142 opracowany w mo\u017cliwie uniwersalnej formie. Wszelkie indywidualne ustalenia mi\u0119dzy stronami i szczeg\u00f3\u0142y nale\u017cy doda\u0107 do tre\u015bci umowy, a tak\u017ce uzupe\u0142ni\u0107 dane zlecaj\u0105cego i pracownika. Do pobrania za darmo udost\u0119pniamy wz\u00f3r dokumentu w formacie PDF oraz edytowalnym DOC. Dostosowanie pisma w zale\u017cno\u015bci od wzajemnych ustale\u0144 nie powinno stanowi\u0107 problemu - plik wzoru jest kompatybilny z popularnymi pakietami biurowymi.\" \/>\n<meta property=\"og:url\" content=\"https:\/\/www.aplikuj.pl\/dokumenty\/wzory-cywilnoprawne\/wzor-umowy-o-prace-nakladcza\/\" \/>\n<meta property=\"og:site_name\" content=\"Aplikuj.pl\" \/>\n<meta property=\"article:modified_time\" content=\"2026-02-22T22:23:34+00:00\" \/>\n<meta property=\"og:image\" content=\"https:\/\/www.aplikuj.pl\/dokumenty\/wp-content\/uploads\/2021\/01\/umowa-o-prace-12.jpg\" \/>\n\t<meta property=\"og:image:width\" content=\"794\" \/>\n\t<meta property=\"og:image:height\" content=\"1123\" \/>\n\t<meta property=\"og:image:type\" content=\"image\/jpeg\" \/>\n<meta name=\"twitter:card\" content=\"summary_large_image\" \/>\n<meta name=\"twitter:label1\" content=\"Szacowany czas czytania\" \/>\n\t<meta name=\"twitter:data1\" content=\"2 minuty\" \/>\n<script type=\"application\/ld+json\" class=\"yoast-schema-graph\">{\"@context\":\"https:\/\/schema.org\",\"@graph\":[{\"@type\":\"WebPage\",\"@id\":\"https:\/\/www.aplikuj.pl\/dokumenty\/wzory-cywilnoprawne\/wzor-umowy-o-prace-nakladcza\/\",\"url\":\"https:\/\/www.aplikuj.pl\/dokumenty\/wzory-cywilnoprawne\/wzor-umowy-o-prace-nakladcza\/\",\"name\":\"Wz\u00f3r umowy o prac\u0119 nak\u0142adcz\u0105 - Aplikuj.pl\",\"isPartOf\":{\"@id\":\"https:\/\/www.aplikuj.pl\/dokumenty\/#website\"},\"primaryImageOfPage\":{\"@id\":\"https:\/\/www.aplikuj.pl\/dokumenty\/wzory-cywilnoprawne\/wzor-umowy-o-prace-nakladcza\/#primaryimage\"},\"image\":{\"@id\":\"https:\/\/www.aplikuj.pl\/dokumenty\/wzory-cywilnoprawne\/wzor-umowy-o-prace-nakladcza\/#primaryimage\"},\"thumbnailUrl\":\"https:\/\/www.aplikuj.pl\/dokumenty\/wp-content\/uploads\/2021\/01\/umowa-o-prace-12.jpg\",\"datePublished\":\"2021-01-08T11:32:46+00:00\",\"dateModified\":\"2026-02-22T22:23:34+00:00\",\"breadcrumb\":{\"@id\":\"https:\/\/www.aplikuj.pl\/dokumenty\/wzory-cywilnoprawne\/wzor-umowy-o-prace-nakladcza\/#breadcrumb\"},\"inLanguage\":\"pl-PL\",\"potentialAction\":[{\"@type\":\"ReadAction\",\"target\":[\"https:\/\/www.aplikuj.pl\/dokumenty\/wzory-cywilnoprawne\/wzor-umowy-o-prace-nakladcza\/\"]}]},{\"@type\":\"ImageObject\",\"inLanguage\":\"pl-PL\",\"@id\":\"https:\/\/www.aplikuj.pl\/dokumenty\/wzory-cywilnoprawne\/wzor-umowy-o-prace-nakladcza\/#primaryimage\",\"url\":\"https:\/\/www.aplikuj.pl\/dokumenty\/wp-content\/uploads\/2021\/01\/umowa-o-prace-12.jpg\",\"contentUrl\":\"https:\/\/www.aplikuj.pl\/dokumenty\/wp-content\/uploads\/2021\/01\/umowa-o-prace-12.jpg\",\"width\":794,\"height\":1123,\"caption\":\"Grafika dokument\"},{\"@type\":\"BreadcrumbList\",\"@id\":\"https:\/\/www.aplikuj.pl\/dokumenty\/wzory-cywilnoprawne\/wzor-umowy-o-prace-nakladcza\/#breadcrumb\",\"itemListElement\":[{\"@type\":\"ListItem\",\"position\":1,\"name\":\"Dokumenty HR\",\"item\":\"https:\/\/www.aplikuj.pl\/dokumenty\/\"},{\"@type\":\"ListItem\",\"position\":2,\"name\":\"umowa-o-prace\",\"item\":\"https:\/\/www.aplikuj.pl\/dokumenty\/umowa-o-prace\/\"},{\"@type\":\"ListItem\",\"position\":3,\"name\":\"Wzory um\u00f3w cywilnoprawnych\",\"item\":\"https:\/\/www.aplikuj.pl\/dokumenty\/wzory-cywilnoprawne\/\"},{\"@type\":\"ListItem\",\"position\":4,\"name\":\"Wz\u00f3r umowy o prac\u0119 nak\u0142adcz\u0105\"}]},{\"@type\":\"WebSite\",\"@id\":\"https:\/\/www.aplikuj.pl\/dokumenty\/#website\",\"url\":\"https:\/\/www.aplikuj.pl\/dokumenty\/\",\"name\":\"Aplikuj.pl\",\"description\":\"Profesjonalne i darmowe wzory dokument\u00f3w HR\",\"publisher\":{\"@id\":\"https:\/\/www.aplikuj.pl\/dokumenty\/#organization\"},\"potentialAction\":[{\"@type\":\"SearchAction\",\"target\":{\"@type\":\"EntryPoint\",\"urlTemplate\":\"https:\/\/www.aplikuj.pl\/dokumenty\/?s={search_term_string}\"},\"query-input\":{\"@type\":\"PropertyValueSpecification\",\"valueRequired\":true,\"valueName\":\"search_term_string\"}}],\"inLanguage\":\"pl-PL\"},{\"@type\":\"Organization\",\"@id\":\"https:\/\/www.aplikuj.pl\/dokumenty\/#organization\",\"name\":\"Aplikuj.pl\",\"url\":\"https:\/\/www.aplikuj.pl\/dokumenty\/\",\"logo\":{\"@type\":\"ImageObject\",\"inLanguage\":\"pl-PL\",\"@id\":\"https:\/\/www.aplikuj.pl\/dokumenty\/#\/schema\/logo\/image\/\",\"url\":\"\",\"contentUrl\":\"\",\"caption\":\"Aplikuj.pl\"},\"image\":{\"@id\":\"https:\/\/www.aplikuj.pl\/dokumenty\/#\/schema\/logo\/image\/\"}}]}<\/script>\n<!-- \/ Yoast SEO plugin. -->","yoast_head_json":{"title":"Wz\u00f3r umowy o prac\u0119 nak\u0142adcz\u0105 - Aplikuj.pl","robots":{"index":"index","follow":"follow","max-snippet":"max-snippet:-1","max-image-preview":"max-image-preview:large","max-video-preview":"max-video-preview:-1"},"canonical":"https:\/\/www.aplikuj.pl\/dokumenty\/wzory-cywilnoprawne\/wzor-umowy-o-prace-nakladcza\/","og_locale":"pl_PL","og_type":"article","og_title":"Wz\u00f3r umowy o prac\u0119 nak\u0142adcz\u0105 - Aplikuj.pl","og_description":"Wz\u00f3r umowy o prace nak\u0142adcz\u0105 zosta\u0142 opracowany w mo\u017cliwie uniwersalnej formie. Wszelkie indywidualne ustalenia mi\u0119dzy stronami i szczeg\u00f3\u0142y nale\u017cy doda\u0107 do tre\u015bci umowy, a tak\u017ce uzupe\u0142ni\u0107 dane zlecaj\u0105cego i pracownika. Do pobrania za darmo udost\u0119pniamy wz\u00f3r dokumentu w formacie PDF oraz edytowalnym DOC. Dostosowanie pisma w zale\u017cno\u015bci od wzajemnych ustale\u0144 nie powinno stanowi\u0107 problemu - plik wzoru jest kompatybilny z popularnymi pakietami biurowymi.","og_url":"https:\/\/www.aplikuj.pl\/dokumenty\/wzory-cywilnoprawne\/wzor-umowy-o-prace-nakladcza\/","og_site_name":"Aplikuj.pl","article_modified_time":"2026-02-22T22:23:34+00:00","og_image":[{"width":794,"height":1123,"url":"https:\/\/www.aplikuj.pl\/dokumenty\/wp-content\/uploads\/2021\/01\/umowa-o-prace-12.jpg","type":"image\/jpeg"}],"twitter_card":"summary_large_image","twitter_misc":{"Szacowany czas czytania":"2 minuty"},"schema":{"@context":"https:\/\/schema.org","@graph":[{"@type":"WebPage","@id":"https:\/\/www.aplikuj.pl\/dokumenty\/wzory-cywilnoprawne\/wzor-umowy-o-prace-nakladcza\/","url":"https:\/\/www.aplikuj.pl\/dokumenty\/wzory-cywilnoprawne\/wzor-umowy-o-prace-nakladcza\/","name":"Wz\u00f3r umowy o prac\u0119 nak\u0142adcz\u0105 - Aplikuj.pl","isPartOf":{"@id":"https:\/\/www.aplikuj.pl\/dokumenty\/#website"},"primaryImageOfPage":{"@id":"https:\/\/www.aplikuj.pl\/dokumenty\/wzory-cywilnoprawne\/wzor-umowy-o-prace-nakladcza\/#primaryimage"},"image":{"@id":"https:\/\/www.aplikuj.pl\/dokumenty\/wzory-cywilnoprawne\/wzor-umowy-o-prace-nakladcza\/#primaryimage"},"thumbnailUrl":"https:\/\/www.aplikuj.pl\/dokumenty\/wp-content\/uploads\/2021\/01\/umowa-o-prace-12.jpg","datePublished":"2021-01-08T11:32:46+00:00","dateModified":"2026-02-22T22:23:34+00:00","breadcrumb":{"@id":"https:\/\/www.aplikuj.pl\/dokumenty\/wzory-cywilnoprawne\/wzor-umowy-o-prace-nakladcza\/#breadcrumb"},"inLanguage":"pl-PL","potentialAction":[{"@type":"ReadAction","target":["https:\/\/www.aplikuj.pl\/dokumenty\/wzory-cywilnoprawne\/wzor-umowy-o-prace-nakladcza\/"]}]},{"@type":"ImageObject","inLanguage":"pl-PL","@id":"https:\/\/www.aplikuj.pl\/dokumenty\/wzory-cywilnoprawne\/wzor-umowy-o-prace-nakladcza\/#primaryimage","url":"https:\/\/www.aplikuj.pl\/dokumenty\/wp-content\/uploads\/2021\/01\/umowa-o-prace-12.jpg","contentUrl":"https:\/\/www.aplikuj.pl\/dokumenty\/wp-content\/uploads\/2021\/01\/umowa-o-prace-12.jpg","width":794,"height":1123,"caption":"Grafika dokument"},{"@type":"BreadcrumbList","@id":"https:\/\/www.aplikuj.pl\/dokumenty\/wzory-cywilnoprawne\/wzor-umowy-o-prace-nakladcza\/#breadcrumb","itemListElement":[{"@type":"ListItem","position":1,"name":"Dokumenty HR","item":"https:\/\/www.aplikuj.pl\/dokumenty\/"},{"@type":"ListItem","position":2,"name":"umowa-o-prace","item":"https:\/\/www.aplikuj.pl\/dokumenty\/umowa-o-prace\/"},{"@type":"ListItem","position":3,"name":"Wzory um\u00f3w cywilnoprawnych","item":"https:\/\/www.aplikuj.pl\/dokumenty\/wzory-cywilnoprawne\/"},{"@type":"ListItem","position":4,"name":"Wz\u00f3r umowy o prac\u0119 nak\u0142adcz\u0105"}]},{"@type":"WebSite","@id":"https:\/\/www.aplikuj.pl\/dokumenty\/#website","url":"https:\/\/www.aplikuj.pl\/dokumenty\/","name":"Aplikuj.pl","description":"Profesjonalne i darmowe wzory dokument\u00f3w HR","publisher":{"@id":"https:\/\/www.aplikuj.pl\/dokumenty\/#organization"},"potentialAction":[{"@type":"SearchAction","target":{"@type":"EntryPoint","urlTemplate":"https:\/\/www.aplikuj.pl\/dokumenty\/?s={search_term_string}"},"query-input":{"@type":"PropertyValueSpecification","valueRequired":true,"valueName":"search_term_string"}}],"inLanguage":"pl-PL"},{"@type":"Organization","@id":"https:\/\/www.aplikuj.pl\/dokumenty\/#organization","name":"Aplikuj.pl","url":"https:\/\/www.aplikuj.pl\/dokumenty\/","logo":{"@type":"ImageObject","inLanguage":"pl-PL","@id":"https:\/\/www.aplikuj.pl\/dokumenty\/#\/schema\/logo\/image\/","url":"","contentUrl":"","caption":"Aplikuj.pl"},"image":{"@id":"https:\/\/www.aplikuj.pl\/dokumenty\/#\/schema\/logo\/image\/"}}]}},"_links":{"self":[{"href":"https:\/\/www.aplikuj.pl\/dokumenty\/wp-json\/wp\/v2\/product\/4745","targetHints":{"allow":["GET"]}}],"collection":[{"href":"https:\/\/www.aplikuj.pl\/dokumenty\/wp-json\/wp\/v2\/product"}],"about":[{"href":"https:\/\/www.aplikuj.pl\/dokumenty\/wp-json\/wp\/v2\/types\/product"}],"version-history":[{"count":2,"href":"https:\/\/www.aplikuj.pl\/dokumenty\/wp-json\/wp\/v2\/product\/4745\/revisions"}],"predecessor-version":[{"id":5203,"href":"https:\/\/www.aplikuj.pl\/dokumenty\/wp-json\/wp\/v2\/product\/4745\/revisions\/5203"}],"wp:featuredmedia":[{"embeddable":true,"href":"https:\/\/www.aplikuj.pl\/dokumenty\/wp-json\/wp\/v2\/media\/4746"}],"wp:attachment":[{"href":"https:\/\/www.aplikuj.pl\/dokumenty\/wp-json\/wp\/v2\/media?parent=4745"}],"wp:term":[{"taxonomy":"product_brand","embeddable":true,"href":"https:\/\/www.aplikuj.pl\/dokumenty\/wp-json\/wp\/v2\/product_brand?post=4745"},{"taxonomy":"product_cat","embeddable":true,"href":"https:\/\/www.aplikuj.pl\/dokumenty\/wp-json\/wp\/v2\/product_cat?post=4745"},{"taxonomy":"product_tag","embeddable":true,"href":"https:\/\/www.aplikuj.pl\/dokumenty\/wp-json\/wp\/v2\/product_tag?post=4745"}],"curies":[{"name":"wp","href":"https:\/\/api.w.org\/{rel}","templated":true}]}}