{"id":4742,"date":"2021-01-08T12:30:28","date_gmt":"2021-01-08T11:30:28","guid":{"rendered":"https:\/\/www.aplikuj.pl\/dokumenty\/?post_type=product&#038;p=4742"},"modified":"2026-02-22T23:23:34","modified_gmt":"2026-02-22T22:23:34","slug":"wzor-umowy-o-prace-wykonywana-w-formie-telepracy","status":"publish","type":"product","link":"https:\/\/www.aplikuj.pl\/dokumenty\/umowa-o-prace\/wzor-umowy-o-prace-wykonywana-w-formie-telepracy\/","title":{"rendered":"Wz\u00f3r umowy o prac\u0119 wykonywan\u0105 w formie telepracy"},"content":{"rendered":"<h2>Telepraca &#8211; co to jest?<\/h2>\n<p>Telepraca to praca wykonywana regularnie poza zak\u0142adem pracy. Nie ka\u017cda praca mo\u017ce by\u0107 jednak wykonywana w takiej formie. Bardzo istotne znaczenie ma tutaj mo\u017cliwo\u015b\u0107 komunikacji i przes\u0142ania efekt\u00f3w pracy do pracodawcy za pomoc\u0105 \u015brodk\u00f3w komunikacji elektronicznej np. e-maila. Decyzja o tym, \u017ce praca ma by\u0107 \u015bwiadczona w systemie telepracy, mo\u017ce zosta\u0107 podj\u0119ta przez strony przy zawieraniu umowy o prac\u0119 albo ju\u017c w trakcie trwania zatrudnienia. Nale\u017cy zaznaczy\u0107, \u017ce umowa o teleprac\u0119 nie stanowi \u017cadnego odr\u0119bnego rodzaju umowy o prac\u0119. Jest to jedynie regulacja szczeg\u00f3lnej formy wykonywania pracy.<\/p>\n<h2>Co powinna zawiera\u0107 umowa o prac\u0119 wykonywan\u0105 w formie telepracy?<\/h2>\n<p>Umowa o teleprac\u0119, tak jak i ka\u017cda umowa o prac\u0119 powinna zawiera\u0107 wszystkie niezb\u0119dne elementy tradycyjnej umowy, takie jak: miejsce i data zawarcia umowy czy oznaczenie stron i rodzaju umowy. W umowie koniecznie trzeba okre\u015bli\u0107 miejsce wykonywania pracy, jej rodzaj, wymiar czasu pracy oraz wynagrodzenie. W umowie powinno by\u0107 wyra\u017anie zaznaczone, \u017ce praca b\u0119dzie wykonywana poza zak\u0142adem pracy z wykorzystaniem \u015brodk\u00f3w komunikacji elektronicznej. Umowa o prac\u0119 w formie telepracy musi zawiera\u0107 dodatkowo uzgodnione mi\u0119dzy stronami umowy warunki wykonywania pracy w tej formie, a tak\u017ce spos\u00f3b przekazywania efekt\u00f3w pracy pracodawcy. Strony mog\u0105 zawrze\u0107 r\u00f3wnie\u017c dodatkow\u0105 umow\u0119, w kt\u00f3rej ureguluj\u0105 zasady wykorzystywania i ubezpieczenia sprz\u0119tu niezb\u0119dnego do wykonania telepracy.<\/p>\n<h2>Umowa o prac\u0119 wykonywan\u0105 w formie telepracy wz\u00f3r<\/h2>\n<p>Aby umowa o prac\u0119 wykonywan\u0105 w formie telepracy by\u0142a prawid\u0142owo sporz\u0105dzona, warto skorzysta\u0107 z szablonu takiej umowy. Dzi\u0119ki temu uda si\u0119 w\u0142a\u015bciwie uregulowa\u0107 najwa\u017cniejsze zasady telepracy oraz dope\u0142ni\u0107 wszystkich obowi\u0105zk\u00f3w zar\u00f3wno po stronie pracownika jak i pracodawcy.<\/p>\n","protected":false},"excerpt":{"rendered":"<p class=\"Standard\">Wz\u00f3r umowy o prac\u0119 wykonywan\u0105 w formie telepracy zosta\u0142 przygotowany z uwzgl\u0119dnieniem obowi\u0105zuj\u0105cych wymog\u00f3w formalnych. Dokument opracowano w schludnej i funkcjonalnej postaci, a wz\u00f3r mo\u017cna samodzielnie edytowa\u0107 po pobraniu wersji DOC. Plik szablonu umowy o teleprac\u0119 jest kompatybilny z programem MS Word oraz z najcz\u0119\u015bciej stosowanymi darmowymi pakietami biurowymi (Open Office lub Libre Office).<\/p>\n","protected":false},"featured_media":4743,"template":"","meta":[],"product_brand":[],"product_cat":[21],"product_tag":[317,316,315,313,318,314],"class_list":{"0":"post-4742","1":"product","2":"type-product","3":"status-publish","4":"has-post-thumbnail","6":"product_cat-umowa-o-prace","7":"product_tag-praca-z-domu-umowa","8":"product_tag-praca-zdalna","9":"product_tag-telepraca","10":"product_tag-umowa-o-prace-w-formie-telepracy","11":"product_tag-umowa-o-teleprace-wzor","12":"product_tag-wzor-umowy-o-prace-w-formie-telepracy","14":"first","15":"instock","16":"shipping-taxable","17":"product-type-external"},"yoast_head":"<!-- This site is optimized with the Yoast SEO plugin v27.0 - https:\/\/yoast.com\/product\/yoast-seo-wordpress\/ -->\n<title>Wz\u00f3r umowy o prac\u0119 wykonywan\u0105 w formie telepracy - Aplikuj.pl<\/title>\n<meta name=\"robots\" content=\"index, follow, max-snippet:-1, max-image-preview:large, max-video-preview:-1\" \/>\n<link rel=\"canonical\" href=\"https:\/\/www.aplikuj.pl\/dokumenty\/umowa-o-prace\/wzor-umowy-o-prace-wykonywana-w-formie-telepracy\/\" \/>\n<meta property=\"og:locale\" content=\"pl_PL\" \/>\n<meta property=\"og:type\" content=\"article\" \/>\n<meta property=\"og:title\" content=\"Wz\u00f3r umowy o prac\u0119 wykonywan\u0105 w formie telepracy - Aplikuj.pl\" \/>\n<meta property=\"og:description\" content=\"Wz\u00f3r umowy o prac\u0119 wykonywan\u0105 w formie telepracy zosta\u0142 przygotowany z uwzgl\u0119dnieniem obowi\u0105zuj\u0105cych wymog\u00f3w formalnych. Dokument opracowano w schludnej i funkcjonalnej postaci, a wz\u00f3r mo\u017cna samodzielnie edytowa\u0107 po pobraniu wersji DOC. Plik szablonu umowy o teleprac\u0119 jest kompatybilny z programem MS Word oraz z najcz\u0119\u015bciej stosowanymi darmowymi pakietami biurowymi (Open Office lub Libre Office).\" \/>\n<meta property=\"og:url\" content=\"https:\/\/www.aplikuj.pl\/dokumenty\/umowa-o-prace\/wzor-umowy-o-prace-wykonywana-w-formie-telepracy\/\" \/>\n<meta property=\"og:site_name\" content=\"Aplikuj.pl\" \/>\n<meta property=\"article:modified_time\" content=\"2026-02-22T22:23:34+00:00\" \/>\n<meta property=\"og:image\" content=\"https:\/\/www.aplikuj.pl\/dokumenty\/wp-content\/uploads\/2021\/01\/umowa-o-prace-4.jpg\" \/>\n\t<meta property=\"og:image:width\" content=\"794\" \/>\n\t<meta property=\"og:image:height\" content=\"1123\" \/>\n\t<meta property=\"og:image:type\" content=\"image\/jpeg\" \/>\n<meta name=\"twitter:card\" content=\"summary_large_image\" \/>\n<meta name=\"twitter:label1\" content=\"Szacowany czas czytania\" \/>\n\t<meta name=\"twitter:data1\" content=\"2 minuty\" \/>\n<script type=\"application\/ld+json\" class=\"yoast-schema-graph\">{\"@context\":\"https:\/\/schema.org\",\"@graph\":[{\"@type\":\"WebPage\",\"@id\":\"https:\/\/www.aplikuj.pl\/dokumenty\/umowa-o-prace\/wzor-umowy-o-prace-wykonywana-w-formie-telepracy\/\",\"url\":\"https:\/\/www.aplikuj.pl\/dokumenty\/umowa-o-prace\/wzor-umowy-o-prace-wykonywana-w-formie-telepracy\/\",\"name\":\"Wz\u00f3r umowy o prac\u0119 wykonywan\u0105 w formie telepracy - Aplikuj.pl\",\"isPartOf\":{\"@id\":\"https:\/\/www.aplikuj.pl\/dokumenty\/#website\"},\"primaryImageOfPage\":{\"@id\":\"https:\/\/www.aplikuj.pl\/dokumenty\/umowa-o-prace\/wzor-umowy-o-prace-wykonywana-w-formie-telepracy\/#primaryimage\"},\"image\":{\"@id\":\"https:\/\/www.aplikuj.pl\/dokumenty\/umowa-o-prace\/wzor-umowy-o-prace-wykonywana-w-formie-telepracy\/#primaryimage\"},\"thumbnailUrl\":\"https:\/\/www.aplikuj.pl\/dokumenty\/wp-content\/uploads\/2021\/01\/umowa-o-prace-4.jpg\",\"datePublished\":\"2021-01-08T11:30:28+00:00\",\"dateModified\":\"2026-02-22T22:23:34+00:00\",\"breadcrumb\":{\"@id\":\"https:\/\/www.aplikuj.pl\/dokumenty\/umowa-o-prace\/wzor-umowy-o-prace-wykonywana-w-formie-telepracy\/#breadcrumb\"},\"inLanguage\":\"pl-PL\",\"potentialAction\":[{\"@type\":\"ReadAction\",\"target\":[\"https:\/\/www.aplikuj.pl\/dokumenty\/umowa-o-prace\/wzor-umowy-o-prace-wykonywana-w-formie-telepracy\/\"]}]},{\"@type\":\"ImageObject\",\"inLanguage\":\"pl-PL\",\"@id\":\"https:\/\/www.aplikuj.pl\/dokumenty\/umowa-o-prace\/wzor-umowy-o-prace-wykonywana-w-formie-telepracy\/#primaryimage\",\"url\":\"https:\/\/www.aplikuj.pl\/dokumenty\/wp-content\/uploads\/2021\/01\/umowa-o-prace-4.jpg\",\"contentUrl\":\"https:\/\/www.aplikuj.pl\/dokumenty\/wp-content\/uploads\/2021\/01\/umowa-o-prace-4.jpg\",\"width\":794,\"height\":1123,\"caption\":\"Dokument grafika\"},{\"@type\":\"BreadcrumbList\",\"@id\":\"https:\/\/www.aplikuj.pl\/dokumenty\/umowa-o-prace\/wzor-umowy-o-prace-wykonywana-w-formie-telepracy\/#breadcrumb\",\"itemListElement\":[{\"@type\":\"ListItem\",\"position\":1,\"name\":\"Dokumenty HR\",\"item\":\"https:\/\/www.aplikuj.pl\/dokumenty\/\"},{\"@type\":\"ListItem\",\"position\":2,\"name\":\"umowa-o-prace\",\"item\":\"https:\/\/www.aplikuj.pl\/dokumenty\/umowa-o-prace\/\"},{\"@type\":\"ListItem\",\"position\":3,\"name\":\"Umowa o prac\u0119\",\"item\":\"https:\/\/www.aplikuj.pl\/dokumenty\/umowa-o-prace\/\"},{\"@type\":\"ListItem\",\"position\":4,\"name\":\"Wz\u00f3r umowy o prac\u0119 wykonywan\u0105 w formie telepracy\"}]},{\"@type\":\"WebSite\",\"@id\":\"https:\/\/www.aplikuj.pl\/dokumenty\/#website\",\"url\":\"https:\/\/www.aplikuj.pl\/dokumenty\/\",\"name\":\"Aplikuj.pl\",\"description\":\"Profesjonalne i darmowe wzory dokument\u00f3w HR\",\"publisher\":{\"@id\":\"https:\/\/www.aplikuj.pl\/dokumenty\/#organization\"},\"potentialAction\":[{\"@type\":\"SearchAction\",\"target\":{\"@type\":\"EntryPoint\",\"urlTemplate\":\"https:\/\/www.aplikuj.pl\/dokumenty\/?s={search_term_string}\"},\"query-input\":{\"@type\":\"PropertyValueSpecification\",\"valueRequired\":true,\"valueName\":\"search_term_string\"}}],\"inLanguage\":\"pl-PL\"},{\"@type\":\"Organization\",\"@id\":\"https:\/\/www.aplikuj.pl\/dokumenty\/#organization\",\"name\":\"Aplikuj.pl\",\"url\":\"https:\/\/www.aplikuj.pl\/dokumenty\/\",\"logo\":{\"@type\":\"ImageObject\",\"inLanguage\":\"pl-PL\",\"@id\":\"https:\/\/www.aplikuj.pl\/dokumenty\/#\/schema\/logo\/image\/\",\"url\":\"\",\"contentUrl\":\"\",\"caption\":\"Aplikuj.pl\"},\"image\":{\"@id\":\"https:\/\/www.aplikuj.pl\/dokumenty\/#\/schema\/logo\/image\/\"}}]}<\/script>\n<!-- \/ Yoast SEO plugin. -->","yoast_head_json":{"title":"Wz\u00f3r umowy o prac\u0119 wykonywan\u0105 w formie telepracy - Aplikuj.pl","robots":{"index":"index","follow":"follow","max-snippet":"max-snippet:-1","max-image-preview":"max-image-preview:large","max-video-preview":"max-video-preview:-1"},"canonical":"https:\/\/www.aplikuj.pl\/dokumenty\/umowa-o-prace\/wzor-umowy-o-prace-wykonywana-w-formie-telepracy\/","og_locale":"pl_PL","og_type":"article","og_title":"Wz\u00f3r umowy o prac\u0119 wykonywan\u0105 w formie telepracy - Aplikuj.pl","og_description":"Wz\u00f3r umowy o prac\u0119 wykonywan\u0105 w formie telepracy zosta\u0142 przygotowany z uwzgl\u0119dnieniem obowi\u0105zuj\u0105cych wymog\u00f3w formalnych. Dokument opracowano w schludnej i funkcjonalnej postaci, a wz\u00f3r mo\u017cna samodzielnie edytowa\u0107 po pobraniu wersji DOC. Plik szablonu umowy o teleprac\u0119 jest kompatybilny z programem MS Word oraz z najcz\u0119\u015bciej stosowanymi darmowymi pakietami biurowymi (Open Office lub Libre Office).","og_url":"https:\/\/www.aplikuj.pl\/dokumenty\/umowa-o-prace\/wzor-umowy-o-prace-wykonywana-w-formie-telepracy\/","og_site_name":"Aplikuj.pl","article_modified_time":"2026-02-22T22:23:34+00:00","og_image":[{"width":794,"height":1123,"url":"https:\/\/www.aplikuj.pl\/dokumenty\/wp-content\/uploads\/2021\/01\/umowa-o-prace-4.jpg","type":"image\/jpeg"}],"twitter_card":"summary_large_image","twitter_misc":{"Szacowany czas czytania":"2 minuty"},"schema":{"@context":"https:\/\/schema.org","@graph":[{"@type":"WebPage","@id":"https:\/\/www.aplikuj.pl\/dokumenty\/umowa-o-prace\/wzor-umowy-o-prace-wykonywana-w-formie-telepracy\/","url":"https:\/\/www.aplikuj.pl\/dokumenty\/umowa-o-prace\/wzor-umowy-o-prace-wykonywana-w-formie-telepracy\/","name":"Wz\u00f3r umowy o prac\u0119 wykonywan\u0105 w formie telepracy - Aplikuj.pl","isPartOf":{"@id":"https:\/\/www.aplikuj.pl\/dokumenty\/#website"},"primaryImageOfPage":{"@id":"https:\/\/www.aplikuj.pl\/dokumenty\/umowa-o-prace\/wzor-umowy-o-prace-wykonywana-w-formie-telepracy\/#primaryimage"},"image":{"@id":"https:\/\/www.aplikuj.pl\/dokumenty\/umowa-o-prace\/wzor-umowy-o-prace-wykonywana-w-formie-telepracy\/#primaryimage"},"thumbnailUrl":"https:\/\/www.aplikuj.pl\/dokumenty\/wp-content\/uploads\/2021\/01\/umowa-o-prace-4.jpg","datePublished":"2021-01-08T11:30:28+00:00","dateModified":"2026-02-22T22:23:34+00:00","breadcrumb":{"@id":"https:\/\/www.aplikuj.pl\/dokumenty\/umowa-o-prace\/wzor-umowy-o-prace-wykonywana-w-formie-telepracy\/#breadcrumb"},"inLanguage":"pl-PL","potentialAction":[{"@type":"ReadAction","target":["https:\/\/www.aplikuj.pl\/dokumenty\/umowa-o-prace\/wzor-umowy-o-prace-wykonywana-w-formie-telepracy\/"]}]},{"@type":"ImageObject","inLanguage":"pl-PL","@id":"https:\/\/www.aplikuj.pl\/dokumenty\/umowa-o-prace\/wzor-umowy-o-prace-wykonywana-w-formie-telepracy\/#primaryimage","url":"https:\/\/www.aplikuj.pl\/dokumenty\/wp-content\/uploads\/2021\/01\/umowa-o-prace-4.jpg","contentUrl":"https:\/\/www.aplikuj.pl\/dokumenty\/wp-content\/uploads\/2021\/01\/umowa-o-prace-4.jpg","width":794,"height":1123,"caption":"Dokument grafika"},{"@type":"BreadcrumbList","@id":"https:\/\/www.aplikuj.pl\/dokumenty\/umowa-o-prace\/wzor-umowy-o-prace-wykonywana-w-formie-telepracy\/#breadcrumb","itemListElement":[{"@type":"ListItem","position":1,"name":"Dokumenty HR","item":"https:\/\/www.aplikuj.pl\/dokumenty\/"},{"@type":"ListItem","position":2,"name":"umowa-o-prace","item":"https:\/\/www.aplikuj.pl\/dokumenty\/umowa-o-prace\/"},{"@type":"ListItem","position":3,"name":"Umowa o prac\u0119","item":"https:\/\/www.aplikuj.pl\/dokumenty\/umowa-o-prace\/"},{"@type":"ListItem","position":4,"name":"Wz\u00f3r umowy o prac\u0119 wykonywan\u0105 w formie telepracy"}]},{"@type":"WebSite","@id":"https:\/\/www.aplikuj.pl\/dokumenty\/#website","url":"https:\/\/www.aplikuj.pl\/dokumenty\/","name":"Aplikuj.pl","description":"Profesjonalne i darmowe wzory dokument\u00f3w HR","publisher":{"@id":"https:\/\/www.aplikuj.pl\/dokumenty\/#organization"},"potentialAction":[{"@type":"SearchAction","target":{"@type":"EntryPoint","urlTemplate":"https:\/\/www.aplikuj.pl\/dokumenty\/?s={search_term_string}"},"query-input":{"@type":"PropertyValueSpecification","valueRequired":true,"valueName":"search_term_string"}}],"inLanguage":"pl-PL"},{"@type":"Organization","@id":"https:\/\/www.aplikuj.pl\/dokumenty\/#organization","name":"Aplikuj.pl","url":"https:\/\/www.aplikuj.pl\/dokumenty\/","logo":{"@type":"ImageObject","inLanguage":"pl-PL","@id":"https:\/\/www.aplikuj.pl\/dokumenty\/#\/schema\/logo\/image\/","url":"","contentUrl":"","caption":"Aplikuj.pl"},"image":{"@id":"https:\/\/www.aplikuj.pl\/dokumenty\/#\/schema\/logo\/image\/"}}]}},"_links":{"self":[{"href":"https:\/\/www.aplikuj.pl\/dokumenty\/wp-json\/wp\/v2\/product\/4742","targetHints":{"allow":["GET"]}}],"collection":[{"href":"https:\/\/www.aplikuj.pl\/dokumenty\/wp-json\/wp\/v2\/product"}],"about":[{"href":"https:\/\/www.aplikuj.pl\/dokumenty\/wp-json\/wp\/v2\/types\/product"}],"version-history":[{"count":2,"href":"https:\/\/www.aplikuj.pl\/dokumenty\/wp-json\/wp\/v2\/product\/4742\/revisions"}],"predecessor-version":[{"id":5202,"href":"https:\/\/www.aplikuj.pl\/dokumenty\/wp-json\/wp\/v2\/product\/4742\/revisions\/5202"}],"wp:featuredmedia":[{"embeddable":true,"href":"https:\/\/www.aplikuj.pl\/dokumenty\/wp-json\/wp\/v2\/media\/4743"}],"wp:attachment":[{"href":"https:\/\/www.aplikuj.pl\/dokumenty\/wp-json\/wp\/v2\/media?parent=4742"}],"wp:term":[{"taxonomy":"product_brand","embeddable":true,"href":"https:\/\/www.aplikuj.pl\/dokumenty\/wp-json\/wp\/v2\/product_brand?post=4742"},{"taxonomy":"product_cat","embeddable":true,"href":"https:\/\/www.aplikuj.pl\/dokumenty\/wp-json\/wp\/v2\/product_cat?post=4742"},{"taxonomy":"product_tag","embeddable":true,"href":"https:\/\/www.aplikuj.pl\/dokumenty\/wp-json\/wp\/v2\/product_tag?post=4742"}],"curies":[{"name":"wp","href":"https:\/\/api.w.org\/{rel}","templated":true}]}}