{"id":4733,"date":"2021-01-08T11:34:47","date_gmt":"2021-01-08T10:34:47","guid":{"rendered":"https:\/\/www.aplikuj.pl\/dokumenty\/?post_type=product&#038;p=4733"},"modified":"2026-02-22T23:23:34","modified_gmt":"2026-02-22T22:23:34","slug":"wzor-umowy-lojalnosciowej","status":"publish","type":"product","link":"https:\/\/www.aplikuj.pl\/dokumenty\/umowa-o-prace\/wzor-umowy-lojalnosciowej\/","title":{"rendered":"Wz\u00f3r umowy lojalno\u015bciowej"},"content":{"rendered":"<p>Umowa lojalno\u015bciowa to dokument wi\u0105\u017c\u0105cy pracownika i pracodawc\u0119, w kt\u00f3rym zawarty jest zakaz konkurencji. Umowa taka chroni firm\u0119 przed zdradzeniem istotnych informacji, kt\u00f3re przyczyniaj\u0105 si\u0119 do jej sprawnego funkcjonowania. Umowa lojalno\u015bciowa obowi\u0105zuje zar\u00f3wno w okresie zatrudnienia pracownika, jak i po ustaniu stosunku pracy. Zgodnie z art. 101 \u00a7 1 Kodeksu pracy firma mo\u017ce zaproponowa\u0107 pracownikowi podpisanie dodatkowej umowy, kt\u00f3rej istot\u0105 jest zakaz prowadzenia dzia\u0142alno\u015bci konkurencyjnej wobec pracodawcy.<\/p>\n<h2>Jak przygotowa\u0107 umow\u0119 lojalno\u015bciow\u0105?<\/h2>\n<p>Niezb\u0119dnym elementem umowy lojalno\u015bciowej jest jej podstawa prawna. Istotne jest dok\u0142adne okre\u015blenie przedmiotu lojalki. Umowa musi zawiera\u0107 dane firmy oraz pracownika, zakres zakazu konkurencji, czas trwania zakazu oraz wysoko\u015b\u0107 odszkodowania za z\u0142amanie umowy. Dodatkowo w umowie powinien wyst\u0105pi\u0107 zapis, \u017ce pracodawca wyra\u017ca zgod\u0119 na udoskonalanie kwalifikacji zawodowych pracownika, ze wskazaniem rodzaju kursu, szkolenia i miejsca, w kt\u00f3rym szkolenie si\u0119 odb\u0119dzie. Powinna pojawi\u0107 si\u0119 tak\u017ce informacja, \u017ce pracownik nie mo\u017ce, w trakcie trwania umowy lub zaraz po jej zako\u0144czeniu wykonywa\u0107 zbli\u017conych obowi\u0105zk\u00f3w na rzecz konkurencji. W umowie lojalno\u015bciowej ustala si\u0119 tak\u017ce wszelkie warunki odst\u0105pienia od umowy oraz przepisy ko\u0144cowe. Niezb\u0119dnymi elementami umowy lojalno\u015bciowej s\u0105 tak\u017ce data, miejsce podpisania kontraktu oraz odr\u0119czne podpisy pracodawcy oraz pracownika.<\/p>\n<h2>Umowa lojalno\u015bciowa wz\u00f3r<\/h2>\n<p>Lojalka powinna by\u0107 zawarta na pi\u015bmie, aby stanowi\u0107 p\u00f3\u017aniej udokumentowany dow\u00f3d. Jej postanowienia nie mog\u0105 by\u0107 krzywdz\u0105ce dla pracownika i mniej korzystne dla niego ni\u017c obowi\u0105zuj\u0105cy kodeks pracy. Przygotowuj\u0105c umow\u0119 lojalno\u015bciow\u0105 warto skorzysta\u0107 z darmowego szablonu umowy, kt\u00f3ry pobierzesz na naszej stronie &#8211; zawiera wszystkie najwa\u017cniejsze elementy tego rodzaju pisma. Na podstawie wzoru \u0142atwo mo\u017cna przygotowa\u0107 w\u0142asn\u0105 umow\u0119 lojalno\u015bciow\u0105, uzupe\u0142niaj\u0105c tre\u015bci bazowe o szczeg\u00f3\u0142owe ustalenia zainteresowanych stron.<\/p>\n","protected":false},"excerpt":{"rendered":"<p class=\"Standard\">Wz\u00f3r umowy lojalno\u015bciowej opracowano wed\u0142ug aktualnie obowi\u0105zuj\u0105cych norm, cho\u0107 dok\u0142adna jej tre\u015b\u0107 zale\u017cy od ustale\u0144 stron. W dokumencie powinno si\u0119 m.in. zapisa\u0107 czas obowi\u0105zywania umowy, poniewa\u017c zakaz dzia\u0142alno\u015bci dla konkurencji mo\u017ce by\u0107 ustanowiony r\u00f3wnie\u017c na czas po ustaniu stosunku pracy. Wz\u00f3r umowy lojalno\u015bciowej pobierzesz online bez dodatkowych op\u0142at w formacie PDF lub .doc, kt\u00f3ry umo\u017cliwia edycj\u0119 za pomoc\u0105 programu MS Word b\u0105d\u017a najcz\u0119\u015bciej stosowanych darmowych pakiet\u00f3w biurowych (Open Office lub Libre Office).<\/p>\n","protected":false},"featured_media":4734,"template":"","meta":[],"product_brand":[],"product_cat":[21],"product_tag":[285,286,261,289],"class_list":{"0":"post-4733","1":"product","2":"type-product","3":"status-publish","4":"has-post-thumbnail","6":"product_cat-umowa-o-prace","7":"product_tag-lojalka","8":"product_tag-umowa-lojalnosciowa","9":"product_tag-umowa-o-zakazie-konkurencji","10":"product_tag-wzor-umowy-lojalnosciowej","12":"first","13":"instock","14":"shipping-taxable","15":"product-type-external"},"yoast_head":"<!-- This site is optimized with the Yoast SEO plugin v27.0 - https:\/\/yoast.com\/product\/yoast-seo-wordpress\/ -->\n<title>Wz\u00f3r umowy lojalno\u015bciowej - Aplikuj.pl<\/title>\n<meta name=\"robots\" content=\"index, follow, max-snippet:-1, max-image-preview:large, max-video-preview:-1\" \/>\n<link rel=\"canonical\" href=\"https:\/\/www.aplikuj.pl\/dokumenty\/umowa-o-prace\/wzor-umowy-lojalnosciowej\/\" \/>\n<meta property=\"og:locale\" content=\"pl_PL\" \/>\n<meta property=\"og:type\" content=\"article\" \/>\n<meta property=\"og:title\" content=\"Wz\u00f3r umowy lojalno\u015bciowej - Aplikuj.pl\" \/>\n<meta property=\"og:description\" content=\"Wz\u00f3r umowy lojalno\u015bciowej opracowano wed\u0142ug aktualnie obowi\u0105zuj\u0105cych norm, cho\u0107 dok\u0142adna jej tre\u015b\u0107 zale\u017cy od ustale\u0144 stron. W dokumencie powinno si\u0119 m.in. zapisa\u0107 czas obowi\u0105zywania umowy, poniewa\u017c zakaz dzia\u0142alno\u015bci dla konkurencji mo\u017ce by\u0107 ustanowiony r\u00f3wnie\u017c na czas po ustaniu stosunku pracy. Wz\u00f3r umowy lojalno\u015bciowej pobierzesz online bez dodatkowych op\u0142at w formacie PDF lub .doc, kt\u00f3ry umo\u017cliwia edycj\u0119 za pomoc\u0105 programu MS Word b\u0105d\u017a najcz\u0119\u015bciej stosowanych darmowych pakiet\u00f3w biurowych (Open Office lub Libre Office).\" \/>\n<meta property=\"og:url\" content=\"https:\/\/www.aplikuj.pl\/dokumenty\/umowa-o-prace\/wzor-umowy-lojalnosciowej\/\" \/>\n<meta property=\"og:site_name\" content=\"Aplikuj.pl\" \/>\n<meta property=\"article:modified_time\" content=\"2026-02-22T22:23:34+00:00\" \/>\n<meta property=\"og:image\" content=\"https:\/\/www.aplikuj.pl\/dokumenty\/wp-content\/uploads\/2021\/01\/umowa-o-prace-11.jpg\" \/>\n\t<meta property=\"og:image:width\" content=\"794\" \/>\n\t<meta property=\"og:image:height\" content=\"1123\" \/>\n\t<meta property=\"og:image:type\" content=\"image\/jpeg\" \/>\n<meta name=\"twitter:card\" content=\"summary_large_image\" \/>\n<meta name=\"twitter:label1\" content=\"Szacowany czas czytania\" \/>\n\t<meta name=\"twitter:data1\" content=\"2 minuty\" \/>\n<script type=\"application\/ld+json\" class=\"yoast-schema-graph\">{\"@context\":\"https:\/\/schema.org\",\"@graph\":[{\"@type\":\"WebPage\",\"@id\":\"https:\/\/www.aplikuj.pl\/dokumenty\/umowa-o-prace\/wzor-umowy-lojalnosciowej\/\",\"url\":\"https:\/\/www.aplikuj.pl\/dokumenty\/umowa-o-prace\/wzor-umowy-lojalnosciowej\/\",\"name\":\"Wz\u00f3r umowy lojalno\u015bciowej - Aplikuj.pl\",\"isPartOf\":{\"@id\":\"https:\/\/www.aplikuj.pl\/dokumenty\/#website\"},\"primaryImageOfPage\":{\"@id\":\"https:\/\/www.aplikuj.pl\/dokumenty\/umowa-o-prace\/wzor-umowy-lojalnosciowej\/#primaryimage\"},\"image\":{\"@id\":\"https:\/\/www.aplikuj.pl\/dokumenty\/umowa-o-prace\/wzor-umowy-lojalnosciowej\/#primaryimage\"},\"thumbnailUrl\":\"https:\/\/www.aplikuj.pl\/dokumenty\/wp-content\/uploads\/2021\/01\/umowa-o-prace-11.jpg\",\"datePublished\":\"2021-01-08T10:34:47+00:00\",\"dateModified\":\"2026-02-22T22:23:34+00:00\",\"breadcrumb\":{\"@id\":\"https:\/\/www.aplikuj.pl\/dokumenty\/umowa-o-prace\/wzor-umowy-lojalnosciowej\/#breadcrumb\"},\"inLanguage\":\"pl-PL\",\"potentialAction\":[{\"@type\":\"ReadAction\",\"target\":[\"https:\/\/www.aplikuj.pl\/dokumenty\/umowa-o-prace\/wzor-umowy-lojalnosciowej\/\"]}]},{\"@type\":\"ImageObject\",\"inLanguage\":\"pl-PL\",\"@id\":\"https:\/\/www.aplikuj.pl\/dokumenty\/umowa-o-prace\/wzor-umowy-lojalnosciowej\/#primaryimage\",\"url\":\"https:\/\/www.aplikuj.pl\/dokumenty\/wp-content\/uploads\/2021\/01\/umowa-o-prace-11.jpg\",\"contentUrl\":\"https:\/\/www.aplikuj.pl\/dokumenty\/wp-content\/uploads\/2021\/01\/umowa-o-prace-11.jpg\",\"width\":794,\"height\":1123,\"caption\":\"Dokument grafika\"},{\"@type\":\"BreadcrumbList\",\"@id\":\"https:\/\/www.aplikuj.pl\/dokumenty\/umowa-o-prace\/wzor-umowy-lojalnosciowej\/#breadcrumb\",\"itemListElement\":[{\"@type\":\"ListItem\",\"position\":1,\"name\":\"Dokumenty HR\",\"item\":\"https:\/\/www.aplikuj.pl\/dokumenty\/\"},{\"@type\":\"ListItem\",\"position\":2,\"name\":\"umowa-o-prace\",\"item\":\"https:\/\/www.aplikuj.pl\/dokumenty\/umowa-o-prace\/\"},{\"@type\":\"ListItem\",\"position\":3,\"name\":\"Umowa o prac\u0119\",\"item\":\"https:\/\/www.aplikuj.pl\/dokumenty\/umowa-o-prace\/\"},{\"@type\":\"ListItem\",\"position\":4,\"name\":\"Wz\u00f3r umowy lojalno\u015bciowej\"}]},{\"@type\":\"WebSite\",\"@id\":\"https:\/\/www.aplikuj.pl\/dokumenty\/#website\",\"url\":\"https:\/\/www.aplikuj.pl\/dokumenty\/\",\"name\":\"Aplikuj.pl\",\"description\":\"Profesjonalne i darmowe wzory dokument\u00f3w HR\",\"publisher\":{\"@id\":\"https:\/\/www.aplikuj.pl\/dokumenty\/#organization\"},\"potentialAction\":[{\"@type\":\"SearchAction\",\"target\":{\"@type\":\"EntryPoint\",\"urlTemplate\":\"https:\/\/www.aplikuj.pl\/dokumenty\/?s={search_term_string}\"},\"query-input\":{\"@type\":\"PropertyValueSpecification\",\"valueRequired\":true,\"valueName\":\"search_term_string\"}}],\"inLanguage\":\"pl-PL\"},{\"@type\":\"Organization\",\"@id\":\"https:\/\/www.aplikuj.pl\/dokumenty\/#organization\",\"name\":\"Aplikuj.pl\",\"url\":\"https:\/\/www.aplikuj.pl\/dokumenty\/\",\"logo\":{\"@type\":\"ImageObject\",\"inLanguage\":\"pl-PL\",\"@id\":\"https:\/\/www.aplikuj.pl\/dokumenty\/#\/schema\/logo\/image\/\",\"url\":\"\",\"contentUrl\":\"\",\"caption\":\"Aplikuj.pl\"},\"image\":{\"@id\":\"https:\/\/www.aplikuj.pl\/dokumenty\/#\/schema\/logo\/image\/\"}}]}<\/script>\n<!-- \/ Yoast SEO plugin. -->","yoast_head_json":{"title":"Wz\u00f3r umowy lojalno\u015bciowej - Aplikuj.pl","robots":{"index":"index","follow":"follow","max-snippet":"max-snippet:-1","max-image-preview":"max-image-preview:large","max-video-preview":"max-video-preview:-1"},"canonical":"https:\/\/www.aplikuj.pl\/dokumenty\/umowa-o-prace\/wzor-umowy-lojalnosciowej\/","og_locale":"pl_PL","og_type":"article","og_title":"Wz\u00f3r umowy lojalno\u015bciowej - Aplikuj.pl","og_description":"Wz\u00f3r umowy lojalno\u015bciowej opracowano wed\u0142ug aktualnie obowi\u0105zuj\u0105cych norm, cho\u0107 dok\u0142adna jej tre\u015b\u0107 zale\u017cy od ustale\u0144 stron. W dokumencie powinno si\u0119 m.in. zapisa\u0107 czas obowi\u0105zywania umowy, poniewa\u017c zakaz dzia\u0142alno\u015bci dla konkurencji mo\u017ce by\u0107 ustanowiony r\u00f3wnie\u017c na czas po ustaniu stosunku pracy. Wz\u00f3r umowy lojalno\u015bciowej pobierzesz online bez dodatkowych op\u0142at w formacie PDF lub .doc, kt\u00f3ry umo\u017cliwia edycj\u0119 za pomoc\u0105 programu MS Word b\u0105d\u017a najcz\u0119\u015bciej stosowanych darmowych pakiet\u00f3w biurowych (Open Office lub Libre Office).","og_url":"https:\/\/www.aplikuj.pl\/dokumenty\/umowa-o-prace\/wzor-umowy-lojalnosciowej\/","og_site_name":"Aplikuj.pl","article_modified_time":"2026-02-22T22:23:34+00:00","og_image":[{"width":794,"height":1123,"url":"https:\/\/www.aplikuj.pl\/dokumenty\/wp-content\/uploads\/2021\/01\/umowa-o-prace-11.jpg","type":"image\/jpeg"}],"twitter_card":"summary_large_image","twitter_misc":{"Szacowany czas czytania":"2 minuty"},"schema":{"@context":"https:\/\/schema.org","@graph":[{"@type":"WebPage","@id":"https:\/\/www.aplikuj.pl\/dokumenty\/umowa-o-prace\/wzor-umowy-lojalnosciowej\/","url":"https:\/\/www.aplikuj.pl\/dokumenty\/umowa-o-prace\/wzor-umowy-lojalnosciowej\/","name":"Wz\u00f3r umowy lojalno\u015bciowej - Aplikuj.pl","isPartOf":{"@id":"https:\/\/www.aplikuj.pl\/dokumenty\/#website"},"primaryImageOfPage":{"@id":"https:\/\/www.aplikuj.pl\/dokumenty\/umowa-o-prace\/wzor-umowy-lojalnosciowej\/#primaryimage"},"image":{"@id":"https:\/\/www.aplikuj.pl\/dokumenty\/umowa-o-prace\/wzor-umowy-lojalnosciowej\/#primaryimage"},"thumbnailUrl":"https:\/\/www.aplikuj.pl\/dokumenty\/wp-content\/uploads\/2021\/01\/umowa-o-prace-11.jpg","datePublished":"2021-01-08T10:34:47+00:00","dateModified":"2026-02-22T22:23:34+00:00","breadcrumb":{"@id":"https:\/\/www.aplikuj.pl\/dokumenty\/umowa-o-prace\/wzor-umowy-lojalnosciowej\/#breadcrumb"},"inLanguage":"pl-PL","potentialAction":[{"@type":"ReadAction","target":["https:\/\/www.aplikuj.pl\/dokumenty\/umowa-o-prace\/wzor-umowy-lojalnosciowej\/"]}]},{"@type":"ImageObject","inLanguage":"pl-PL","@id":"https:\/\/www.aplikuj.pl\/dokumenty\/umowa-o-prace\/wzor-umowy-lojalnosciowej\/#primaryimage","url":"https:\/\/www.aplikuj.pl\/dokumenty\/wp-content\/uploads\/2021\/01\/umowa-o-prace-11.jpg","contentUrl":"https:\/\/www.aplikuj.pl\/dokumenty\/wp-content\/uploads\/2021\/01\/umowa-o-prace-11.jpg","width":794,"height":1123,"caption":"Dokument grafika"},{"@type":"BreadcrumbList","@id":"https:\/\/www.aplikuj.pl\/dokumenty\/umowa-o-prace\/wzor-umowy-lojalnosciowej\/#breadcrumb","itemListElement":[{"@type":"ListItem","position":1,"name":"Dokumenty HR","item":"https:\/\/www.aplikuj.pl\/dokumenty\/"},{"@type":"ListItem","position":2,"name":"umowa-o-prace","item":"https:\/\/www.aplikuj.pl\/dokumenty\/umowa-o-prace\/"},{"@type":"ListItem","position":3,"name":"Umowa o prac\u0119","item":"https:\/\/www.aplikuj.pl\/dokumenty\/umowa-o-prace\/"},{"@type":"ListItem","position":4,"name":"Wz\u00f3r umowy lojalno\u015bciowej"}]},{"@type":"WebSite","@id":"https:\/\/www.aplikuj.pl\/dokumenty\/#website","url":"https:\/\/www.aplikuj.pl\/dokumenty\/","name":"Aplikuj.pl","description":"Profesjonalne i darmowe wzory dokument\u00f3w HR","publisher":{"@id":"https:\/\/www.aplikuj.pl\/dokumenty\/#organization"},"potentialAction":[{"@type":"SearchAction","target":{"@type":"EntryPoint","urlTemplate":"https:\/\/www.aplikuj.pl\/dokumenty\/?s={search_term_string}"},"query-input":{"@type":"PropertyValueSpecification","valueRequired":true,"valueName":"search_term_string"}}],"inLanguage":"pl-PL"},{"@type":"Organization","@id":"https:\/\/www.aplikuj.pl\/dokumenty\/#organization","name":"Aplikuj.pl","url":"https:\/\/www.aplikuj.pl\/dokumenty\/","logo":{"@type":"ImageObject","inLanguage":"pl-PL","@id":"https:\/\/www.aplikuj.pl\/dokumenty\/#\/schema\/logo\/image\/","url":"","contentUrl":"","caption":"Aplikuj.pl"},"image":{"@id":"https:\/\/www.aplikuj.pl\/dokumenty\/#\/schema\/logo\/image\/"}}]}},"_links":{"self":[{"href":"https:\/\/www.aplikuj.pl\/dokumenty\/wp-json\/wp\/v2\/product\/4733","targetHints":{"allow":["GET"]}}],"collection":[{"href":"https:\/\/www.aplikuj.pl\/dokumenty\/wp-json\/wp\/v2\/product"}],"about":[{"href":"https:\/\/www.aplikuj.pl\/dokumenty\/wp-json\/wp\/v2\/types\/product"}],"version-history":[{"count":2,"href":"https:\/\/www.aplikuj.pl\/dokumenty\/wp-json\/wp\/v2\/product\/4733\/revisions"}],"predecessor-version":[{"id":5198,"href":"https:\/\/www.aplikuj.pl\/dokumenty\/wp-json\/wp\/v2\/product\/4733\/revisions\/5198"}],"wp:featuredmedia":[{"embeddable":true,"href":"https:\/\/www.aplikuj.pl\/dokumenty\/wp-json\/wp\/v2\/media\/4734"}],"wp:attachment":[{"href":"https:\/\/www.aplikuj.pl\/dokumenty\/wp-json\/wp\/v2\/media?parent=4733"}],"wp:term":[{"taxonomy":"product_brand","embeddable":true,"href":"https:\/\/www.aplikuj.pl\/dokumenty\/wp-json\/wp\/v2\/product_brand?post=4733"},{"taxonomy":"product_cat","embeddable":true,"href":"https:\/\/www.aplikuj.pl\/dokumenty\/wp-json\/wp\/v2\/product_cat?post=4733"},{"taxonomy":"product_tag","embeddable":true,"href":"https:\/\/www.aplikuj.pl\/dokumenty\/wp-json\/wp\/v2\/product_tag?post=4733"}],"curies":[{"name":"wp","href":"https:\/\/api.w.org\/{rel}","templated":true}]}}