{"id":4731,"date":"2021-01-08T11:28:18","date_gmt":"2021-01-08T10:28:18","guid":{"rendered":"https:\/\/www.aplikuj.pl\/dokumenty\/?post_type=product&#038;p=4731"},"modified":"2026-02-22T23:23:34","modified_gmt":"2026-02-22T22:23:34","slug":"wzor-umowy-o-zakazie-konkurencji-po-ustaniu-stosunku-pracy","status":"publish","type":"product","link":"https:\/\/www.aplikuj.pl\/dokumenty\/umowa-o-prace\/wzor-umowy-o-zakazie-konkurencji-po-ustaniu-stosunku-pracy\/","title":{"rendered":"Wz\u00f3r umowy o zakazie konkurencji po ustaniu stosunku pracy"},"content":{"rendered":"<h2>Umowa o zakazie konkurencji po ustaniu stosunku pracy<\/h2>\n<p>Przez zakaz konkurencji rozumie si\u0119 zakaz podejmowania przez pracownika dzia\u0142alno\u015bci konkurencyjnej wobec dzia\u0142alno\u015bci pracodawcy. Chodzi tutaj o wszelkie dzia\u0142ania pracownika, kt\u00f3re cho\u0107by cz\u0119\u015bciowo pokrywaj\u0105 si\u0119 z dzia\u0142alno\u015bci\u0105 pracodawcy, wykonywane zar\u00f3wno w ramach umowy o prac\u0119, jak i um\u00f3w cywilnoprawnych czy dzia\u0142alno\u015bci gospodarczej. Pracodawca mo\u017ce zawrze\u0107 umow\u0119 o zakazie konkurencji po ustaniu stosunku pracy tylko z pracownikiem maj\u0105cym dost\u0119p do szczeg\u00f3lnie wa\u017cnych informacji, kt\u00f3rych ujawnienie mog\u0142oby narazi\u0107 by\u0142ego pracodawc\u0119 na szkod\u0119.<\/p>\n<h2>Co zawrze\u0107 w umowie o zakazie konkurencji po ustaniu stosunku pracy?<\/h2>\n<p>Umowa musi zawiera\u0107 przede wszystkim informacj\u0119 na temat stron umowy, czasu obowi\u0105zywania umowy oraz szczeg\u00f3\u0142owo okre\u015bla\u0107 zakres zakazu konkurencji. Strony musz\u0105 precyzyjnie ustali\u0107 czynno\u015bci zabronione pracownikowi. Wa\u017cne jest r\u00f3wnie\u017c okre\u015blenie skutk\u00f3w niewywi\u0105zania si\u0119 z umowy. S\u0105 to zapisy, kt\u00f3re umo\u017cliwi\u0105 pracodawcy p\u00f3\u017aniejsze dochodzenie roszcze\u0144. Strony mog\u0105 ustali\u0107 dowolny czas obowi\u0105zywania umowy, jednak, co wa\u017cne: <strong>umowa o zakazie konkurencji zawarta z pracownikiem po ustaniu stosunku pracy mo\u017ce by\u0107 tylko umow\u0105 terminow\u0105<\/strong> &#8211; powinna wskazywa\u0107 okres obowi\u0105zywania i by\u0107 umow\u0105 odp\u0142atn\u0105.<\/p>\n<p>W praktyce nie ma przeszk\u00f3d, aby strony um\u00f3wi\u0142y si\u0119, \u017ce za powstrzymywanie si\u0119 od dzia\u0142alno\u015bci konkurencyjnej w okre\u015blonym czasie, pracownik b\u0119dzie otrzymywa\u0142 odszkodowanie w wysoko\u015bci 100% wynagrodzenia otrzymywanego przed ustaniem stosunku pracy. Najcz\u0119\u015bciej jednak stosuje si\u0119 odszkodowanie gwarantowane przez kodeks pracy.<\/p>\n<h2>Wz\u00f3r umowy o zakazie konkurencji po ustaniu stosunku pracy<\/h2>\n<p>Warto pami\u0119ta\u0107, \u017ce umowa o zakazie konkurencji musi by\u0107 sporz\u0105dzona na pi\u015bmie pod rygorem niewa\u017cno\u015bci. Oznacza to, \u017ce ustne albo mailowe uzgodnienia s\u0105 niewa\u017cne. Dlatego te\u017c tak istotne jest odpowiednie sporz\u0105dzenie dokumentu ze wszystkimi wy\u017cej elementami. Przygotowuj\u0105c tzw. lojalk\u0119, najlepiej jest skorzysta\u0107 z gotowego szablonu umowy i dostosowa\u0107 do indywidualnych ustale\u0144. Udost\u0119pniany przez nas wz\u00f3r umowy o zakazie konkurencji po ustaniu stosunku pracy mo\u017cna pobra\u0107 i zastosowa\u0107 bez \u017cadnych op\u0142at.<\/p>\n","protected":false},"excerpt":{"rendered":"<p class=\"Standard\">Dost\u0119pny do pobrania za darmo wz\u00f3r umowy o zakazie konkurencji po ustaniu stosunku pracy zosta\u0142 przygotowany zgodnie z obowi\u0105zuj\u0105cymi normami w uniwersalnej formie wymagaj\u0105cej uzupe\u0142nienia i dostosowania do potrzeb stron. Zawarte w umowie obszary chronione tym dokumentem nale\u017cy sprecyzowa\u0107 i wymieni\u0107 w pi\u015bmie. Tre\u015b\u0107 wzoru dokumentu mo\u017cna przekszta\u0142ci\u0107, po pobraniu go w pliku edytowalnym, kt\u00f3ry jest kompatybilny z programem MS Word oraz z popularnymi bezp\u0142atnymi pakietami biurowymi (Open Office lub Libre Office).<\/p>\n","protected":false},"featured_media":4732,"template":"","meta":[],"product_brand":[],"product_cat":[21],"product_tag":[286,353,263],"class_list":{"0":"post-4731","1":"product","2":"type-product","3":"status-publish","4":"has-post-thumbnail","6":"product_cat-umowa-o-prace","7":"product_tag-umowa-lojalnosciowa","8":"product_tag-wzor-umowy-o-zakazie-konkurencji-po-ustaniu-stosunku-pracy","9":"product_tag-zakaz-konkurencji-po-ustaniu-stosunku-pracy","11":"first","12":"instock","13":"shipping-taxable","14":"product-type-external"},"yoast_head":"<!-- This site is optimized with the Yoast SEO plugin v27.0 - https:\/\/yoast.com\/product\/yoast-seo-wordpress\/ -->\n<title>Wz\u00f3r umowy o zakazie konkurencji po ustaniu stosunku pracy - Aplikuj.pl<\/title>\n<meta name=\"robots\" content=\"index, follow, max-snippet:-1, max-image-preview:large, max-video-preview:-1\" \/>\n<link rel=\"canonical\" href=\"https:\/\/www.aplikuj.pl\/dokumenty\/umowa-o-prace\/wzor-umowy-o-zakazie-konkurencji-po-ustaniu-stosunku-pracy\/\" \/>\n<meta property=\"og:locale\" content=\"pl_PL\" \/>\n<meta property=\"og:type\" content=\"article\" \/>\n<meta property=\"og:title\" content=\"Wz\u00f3r umowy o zakazie konkurencji po ustaniu stosunku pracy - Aplikuj.pl\" \/>\n<meta property=\"og:description\" content=\"Dost\u0119pny do pobrania za darmo wz\u00f3r umowy o zakazie konkurencji po ustaniu stosunku pracy zosta\u0142 przygotowany zgodnie z obowi\u0105zuj\u0105cymi normami w uniwersalnej formie wymagaj\u0105cej uzupe\u0142nienia i dostosowania do potrzeb stron. Zawarte w umowie obszary chronione tym dokumentem nale\u017cy sprecyzowa\u0107 i wymieni\u0107 w pi\u015bmie. Tre\u015b\u0107 wzoru dokumentu mo\u017cna przekszta\u0142ci\u0107, po pobraniu go w pliku edytowalnym, kt\u00f3ry jest kompatybilny z programem MS Word oraz z popularnymi bezp\u0142atnymi pakietami biurowymi (Open Office lub Libre Office).\" \/>\n<meta property=\"og:url\" content=\"https:\/\/www.aplikuj.pl\/dokumenty\/umowa-o-prace\/wzor-umowy-o-zakazie-konkurencji-po-ustaniu-stosunku-pracy\/\" \/>\n<meta property=\"og:site_name\" content=\"Aplikuj.pl\" \/>\n<meta property=\"article:modified_time\" content=\"2026-02-22T22:23:34+00:00\" \/>\n<meta property=\"og:image\" content=\"https:\/\/www.aplikuj.pl\/dokumenty\/wp-content\/uploads\/2021\/01\/umowa-o-prace-10.jpg\" \/>\n\t<meta property=\"og:image:width\" content=\"794\" \/>\n\t<meta property=\"og:image:height\" content=\"1123\" \/>\n\t<meta property=\"og:image:type\" content=\"image\/jpeg\" \/>\n<meta name=\"twitter:card\" content=\"summary_large_image\" \/>\n<meta name=\"twitter:label1\" content=\"Szacowany czas czytania\" \/>\n\t<meta name=\"twitter:data1\" content=\"2 minuty\" \/>\n<script type=\"application\/ld+json\" class=\"yoast-schema-graph\">{\"@context\":\"https:\/\/schema.org\",\"@graph\":[{\"@type\":\"WebPage\",\"@id\":\"https:\/\/www.aplikuj.pl\/dokumenty\/umowa-o-prace\/wzor-umowy-o-zakazie-konkurencji-po-ustaniu-stosunku-pracy\/\",\"url\":\"https:\/\/www.aplikuj.pl\/dokumenty\/umowa-o-prace\/wzor-umowy-o-zakazie-konkurencji-po-ustaniu-stosunku-pracy\/\",\"name\":\"Wz\u00f3r umowy o zakazie konkurencji po ustaniu stosunku pracy - Aplikuj.pl\",\"isPartOf\":{\"@id\":\"https:\/\/www.aplikuj.pl\/dokumenty\/#website\"},\"primaryImageOfPage\":{\"@id\":\"https:\/\/www.aplikuj.pl\/dokumenty\/umowa-o-prace\/wzor-umowy-o-zakazie-konkurencji-po-ustaniu-stosunku-pracy\/#primaryimage\"},\"image\":{\"@id\":\"https:\/\/www.aplikuj.pl\/dokumenty\/umowa-o-prace\/wzor-umowy-o-zakazie-konkurencji-po-ustaniu-stosunku-pracy\/#primaryimage\"},\"thumbnailUrl\":\"https:\/\/www.aplikuj.pl\/dokumenty\/wp-content\/uploads\/2021\/01\/umowa-o-prace-10.jpg\",\"datePublished\":\"2021-01-08T10:28:18+00:00\",\"dateModified\":\"2026-02-22T22:23:34+00:00\",\"breadcrumb\":{\"@id\":\"https:\/\/www.aplikuj.pl\/dokumenty\/umowa-o-prace\/wzor-umowy-o-zakazie-konkurencji-po-ustaniu-stosunku-pracy\/#breadcrumb\"},\"inLanguage\":\"pl-PL\",\"potentialAction\":[{\"@type\":\"ReadAction\",\"target\":[\"https:\/\/www.aplikuj.pl\/dokumenty\/umowa-o-prace\/wzor-umowy-o-zakazie-konkurencji-po-ustaniu-stosunku-pracy\/\"]}]},{\"@type\":\"ImageObject\",\"inLanguage\":\"pl-PL\",\"@id\":\"https:\/\/www.aplikuj.pl\/dokumenty\/umowa-o-prace\/wzor-umowy-o-zakazie-konkurencji-po-ustaniu-stosunku-pracy\/#primaryimage\",\"url\":\"https:\/\/www.aplikuj.pl\/dokumenty\/wp-content\/uploads\/2021\/01\/umowa-o-prace-10.jpg\",\"contentUrl\":\"https:\/\/www.aplikuj.pl\/dokumenty\/wp-content\/uploads\/2021\/01\/umowa-o-prace-10.jpg\",\"width\":794,\"height\":1123,\"caption\":\"Grafika do dokumentu\"},{\"@type\":\"BreadcrumbList\",\"@id\":\"https:\/\/www.aplikuj.pl\/dokumenty\/umowa-o-prace\/wzor-umowy-o-zakazie-konkurencji-po-ustaniu-stosunku-pracy\/#breadcrumb\",\"itemListElement\":[{\"@type\":\"ListItem\",\"position\":1,\"name\":\"Dokumenty HR\",\"item\":\"https:\/\/www.aplikuj.pl\/dokumenty\/\"},{\"@type\":\"ListItem\",\"position\":2,\"name\":\"umowa-o-prace\",\"item\":\"https:\/\/www.aplikuj.pl\/dokumenty\/umowa-o-prace\/\"},{\"@type\":\"ListItem\",\"position\":3,\"name\":\"Umowa o prac\u0119\",\"item\":\"https:\/\/www.aplikuj.pl\/dokumenty\/umowa-o-prace\/\"},{\"@type\":\"ListItem\",\"position\":4,\"name\":\"Wz\u00f3r umowy o zakazie konkurencji po ustaniu stosunku pracy\"}]},{\"@type\":\"WebSite\",\"@id\":\"https:\/\/www.aplikuj.pl\/dokumenty\/#website\",\"url\":\"https:\/\/www.aplikuj.pl\/dokumenty\/\",\"name\":\"Aplikuj.pl\",\"description\":\"Profesjonalne i darmowe wzory dokument\u00f3w HR\",\"publisher\":{\"@id\":\"https:\/\/www.aplikuj.pl\/dokumenty\/#organization\"},\"potentialAction\":[{\"@type\":\"SearchAction\",\"target\":{\"@type\":\"EntryPoint\",\"urlTemplate\":\"https:\/\/www.aplikuj.pl\/dokumenty\/?s={search_term_string}\"},\"query-input\":{\"@type\":\"PropertyValueSpecification\",\"valueRequired\":true,\"valueName\":\"search_term_string\"}}],\"inLanguage\":\"pl-PL\"},{\"@type\":\"Organization\",\"@id\":\"https:\/\/www.aplikuj.pl\/dokumenty\/#organization\",\"name\":\"Aplikuj.pl\",\"url\":\"https:\/\/www.aplikuj.pl\/dokumenty\/\",\"logo\":{\"@type\":\"ImageObject\",\"inLanguage\":\"pl-PL\",\"@id\":\"https:\/\/www.aplikuj.pl\/dokumenty\/#\/schema\/logo\/image\/\",\"url\":\"\",\"contentUrl\":\"\",\"caption\":\"Aplikuj.pl\"},\"image\":{\"@id\":\"https:\/\/www.aplikuj.pl\/dokumenty\/#\/schema\/logo\/image\/\"}}]}<\/script>\n<!-- \/ Yoast SEO plugin. -->","yoast_head_json":{"title":"Wz\u00f3r umowy o zakazie konkurencji po ustaniu stosunku pracy - Aplikuj.pl","robots":{"index":"index","follow":"follow","max-snippet":"max-snippet:-1","max-image-preview":"max-image-preview:large","max-video-preview":"max-video-preview:-1"},"canonical":"https:\/\/www.aplikuj.pl\/dokumenty\/umowa-o-prace\/wzor-umowy-o-zakazie-konkurencji-po-ustaniu-stosunku-pracy\/","og_locale":"pl_PL","og_type":"article","og_title":"Wz\u00f3r umowy o zakazie konkurencji po ustaniu stosunku pracy - Aplikuj.pl","og_description":"Dost\u0119pny do pobrania za darmo wz\u00f3r umowy o zakazie konkurencji po ustaniu stosunku pracy zosta\u0142 przygotowany zgodnie z obowi\u0105zuj\u0105cymi normami w uniwersalnej formie wymagaj\u0105cej uzupe\u0142nienia i dostosowania do potrzeb stron. Zawarte w umowie obszary chronione tym dokumentem nale\u017cy sprecyzowa\u0107 i wymieni\u0107 w pi\u015bmie. Tre\u015b\u0107 wzoru dokumentu mo\u017cna przekszta\u0142ci\u0107, po pobraniu go w pliku edytowalnym, kt\u00f3ry jest kompatybilny z programem MS Word oraz z popularnymi bezp\u0142atnymi pakietami biurowymi (Open Office lub Libre Office).","og_url":"https:\/\/www.aplikuj.pl\/dokumenty\/umowa-o-prace\/wzor-umowy-o-zakazie-konkurencji-po-ustaniu-stosunku-pracy\/","og_site_name":"Aplikuj.pl","article_modified_time":"2026-02-22T22:23:34+00:00","og_image":[{"width":794,"height":1123,"url":"https:\/\/www.aplikuj.pl\/dokumenty\/wp-content\/uploads\/2021\/01\/umowa-o-prace-10.jpg","type":"image\/jpeg"}],"twitter_card":"summary_large_image","twitter_misc":{"Szacowany czas czytania":"2 minuty"},"schema":{"@context":"https:\/\/schema.org","@graph":[{"@type":"WebPage","@id":"https:\/\/www.aplikuj.pl\/dokumenty\/umowa-o-prace\/wzor-umowy-o-zakazie-konkurencji-po-ustaniu-stosunku-pracy\/","url":"https:\/\/www.aplikuj.pl\/dokumenty\/umowa-o-prace\/wzor-umowy-o-zakazie-konkurencji-po-ustaniu-stosunku-pracy\/","name":"Wz\u00f3r umowy o zakazie konkurencji po ustaniu stosunku pracy - Aplikuj.pl","isPartOf":{"@id":"https:\/\/www.aplikuj.pl\/dokumenty\/#website"},"primaryImageOfPage":{"@id":"https:\/\/www.aplikuj.pl\/dokumenty\/umowa-o-prace\/wzor-umowy-o-zakazie-konkurencji-po-ustaniu-stosunku-pracy\/#primaryimage"},"image":{"@id":"https:\/\/www.aplikuj.pl\/dokumenty\/umowa-o-prace\/wzor-umowy-o-zakazie-konkurencji-po-ustaniu-stosunku-pracy\/#primaryimage"},"thumbnailUrl":"https:\/\/www.aplikuj.pl\/dokumenty\/wp-content\/uploads\/2021\/01\/umowa-o-prace-10.jpg","datePublished":"2021-01-08T10:28:18+00:00","dateModified":"2026-02-22T22:23:34+00:00","breadcrumb":{"@id":"https:\/\/www.aplikuj.pl\/dokumenty\/umowa-o-prace\/wzor-umowy-o-zakazie-konkurencji-po-ustaniu-stosunku-pracy\/#breadcrumb"},"inLanguage":"pl-PL","potentialAction":[{"@type":"ReadAction","target":["https:\/\/www.aplikuj.pl\/dokumenty\/umowa-o-prace\/wzor-umowy-o-zakazie-konkurencji-po-ustaniu-stosunku-pracy\/"]}]},{"@type":"ImageObject","inLanguage":"pl-PL","@id":"https:\/\/www.aplikuj.pl\/dokumenty\/umowa-o-prace\/wzor-umowy-o-zakazie-konkurencji-po-ustaniu-stosunku-pracy\/#primaryimage","url":"https:\/\/www.aplikuj.pl\/dokumenty\/wp-content\/uploads\/2021\/01\/umowa-o-prace-10.jpg","contentUrl":"https:\/\/www.aplikuj.pl\/dokumenty\/wp-content\/uploads\/2021\/01\/umowa-o-prace-10.jpg","width":794,"height":1123,"caption":"Grafika do dokumentu"},{"@type":"BreadcrumbList","@id":"https:\/\/www.aplikuj.pl\/dokumenty\/umowa-o-prace\/wzor-umowy-o-zakazie-konkurencji-po-ustaniu-stosunku-pracy\/#breadcrumb","itemListElement":[{"@type":"ListItem","position":1,"name":"Dokumenty HR","item":"https:\/\/www.aplikuj.pl\/dokumenty\/"},{"@type":"ListItem","position":2,"name":"umowa-o-prace","item":"https:\/\/www.aplikuj.pl\/dokumenty\/umowa-o-prace\/"},{"@type":"ListItem","position":3,"name":"Umowa o prac\u0119","item":"https:\/\/www.aplikuj.pl\/dokumenty\/umowa-o-prace\/"},{"@type":"ListItem","position":4,"name":"Wz\u00f3r umowy o zakazie konkurencji po ustaniu stosunku pracy"}]},{"@type":"WebSite","@id":"https:\/\/www.aplikuj.pl\/dokumenty\/#website","url":"https:\/\/www.aplikuj.pl\/dokumenty\/","name":"Aplikuj.pl","description":"Profesjonalne i darmowe wzory dokument\u00f3w HR","publisher":{"@id":"https:\/\/www.aplikuj.pl\/dokumenty\/#organization"},"potentialAction":[{"@type":"SearchAction","target":{"@type":"EntryPoint","urlTemplate":"https:\/\/www.aplikuj.pl\/dokumenty\/?s={search_term_string}"},"query-input":{"@type":"PropertyValueSpecification","valueRequired":true,"valueName":"search_term_string"}}],"inLanguage":"pl-PL"},{"@type":"Organization","@id":"https:\/\/www.aplikuj.pl\/dokumenty\/#organization","name":"Aplikuj.pl","url":"https:\/\/www.aplikuj.pl\/dokumenty\/","logo":{"@type":"ImageObject","inLanguage":"pl-PL","@id":"https:\/\/www.aplikuj.pl\/dokumenty\/#\/schema\/logo\/image\/","url":"","contentUrl":"","caption":"Aplikuj.pl"},"image":{"@id":"https:\/\/www.aplikuj.pl\/dokumenty\/#\/schema\/logo\/image\/"}}]}},"_links":{"self":[{"href":"https:\/\/www.aplikuj.pl\/dokumenty\/wp-json\/wp\/v2\/product\/4731","targetHints":{"allow":["GET"]}}],"collection":[{"href":"https:\/\/www.aplikuj.pl\/dokumenty\/wp-json\/wp\/v2\/product"}],"about":[{"href":"https:\/\/www.aplikuj.pl\/dokumenty\/wp-json\/wp\/v2\/types\/product"}],"version-history":[{"count":2,"href":"https:\/\/www.aplikuj.pl\/dokumenty\/wp-json\/wp\/v2\/product\/4731\/revisions"}],"predecessor-version":[{"id":5197,"href":"https:\/\/www.aplikuj.pl\/dokumenty\/wp-json\/wp\/v2\/product\/4731\/revisions\/5197"}],"wp:featuredmedia":[{"embeddable":true,"href":"https:\/\/www.aplikuj.pl\/dokumenty\/wp-json\/wp\/v2\/media\/4732"}],"wp:attachment":[{"href":"https:\/\/www.aplikuj.pl\/dokumenty\/wp-json\/wp\/v2\/media?parent=4731"}],"wp:term":[{"taxonomy":"product_brand","embeddable":true,"href":"https:\/\/www.aplikuj.pl\/dokumenty\/wp-json\/wp\/v2\/product_brand?post=4731"},{"taxonomy":"product_cat","embeddable":true,"href":"https:\/\/www.aplikuj.pl\/dokumenty\/wp-json\/wp\/v2\/product_cat?post=4731"},{"taxonomy":"product_tag","embeddable":true,"href":"https:\/\/www.aplikuj.pl\/dokumenty\/wp-json\/wp\/v2\/product_tag?post=4731"}],"curies":[{"name":"wp","href":"https:\/\/api.w.org\/{rel}","templated":true}]}}