{"id":4723,"date":"2021-01-05T15:36:03","date_gmt":"2021-01-05T14:36:03","guid":{"rendered":"https:\/\/www.aplikuj.pl\/dokumenty\/?post_type=product&#038;p=4723"},"modified":"2026-02-22T23:23:34","modified_gmt":"2026-02-22T22:23:34","slug":"zawiadomienie-o-przedluzeniu-umowy-o-prace-na-czas-porodu","status":"publish","type":"product","link":"https:\/\/www.aplikuj.pl\/dokumenty\/umowa-o-prace\/zawiadomienie-o-przedluzeniu-umowy-o-prace-na-czas-porodu\/","title":{"rendered":"Wz\u00f3r zawiadomienia o przed\u0142u\u017ceniu umowy o prac\u0119 na czas porodu"},"content":{"rendered":"<h2><span data-sheets-value=\"{&quot;1&quot;:2,&quot;2&quot;:&quot;Zawiadomienie o przed\u0142u\u017ceniu umowy o prac\u0119 na czas porodu&quot;}\" data-sheets-userformat=\"{&quot;2&quot;:6787,&quot;3&quot;:{&quot;1&quot;:0},&quot;4&quot;:{&quot;1&quot;:2,&quot;2&quot;:16777215},&quot;10&quot;:0,&quot;12&quot;:0,&quot;14&quot;:{&quot;1&quot;:2,&quot;2&quot;:2236962},&quot;15&quot;:&quot;Arial&quot;}\">Zawiadomienie o przed\u0142u\u017ceniu umowy o prac\u0119 na czas porodu<\/span><\/h2>\n<p>Gdy pracownica zatrudniona przez pracodawc\u0119 przeka\u017ce mu za\u015bwiadczenie lekarskie o tym, \u017ce jest w ci\u0105\u017cy, a up\u0142yw 3 miesi\u0105ca ci\u0105\u017cy przypada przed dniem zako\u0144czenia umowy na czas okre\u015blony, pracodawca ma obowi\u0105zek tak\u0105 umow\u0119 przed\u0142u\u017cy\u0107 do dnia porodu. Ma tak\u017ce powinno\u015b\u0107 wystawienia \u015bwiadectwa pracy, na kt\u00f3rym dat\u0105 zako\u0144czenia stosunku pracy b\u0119dzie data porodu. R\u00f3wnie\u017c pracownica zatrudniona przez agencj\u0119 pracy tymczasowej mo\u017ce skorzysta\u0107 z takiego przed\u0142u\u017cenia, pod warunkiem, \u017ce czas jej umowy trwa ju\u017c 2 miesi\u0105ce, a 12 tydzie\u0144 ci\u0105\u017cy up\u0142ywa przed dniem zako\u0144czenia umowy. Nieprawid\u0142owym dzia\u0142aniem jest wystawianie nowej umowy o prac\u0119. Stosuje si\u0119 jedynie\u00a0<strong>zawiadomienie o przed\u0142u\u017ceniu umowy o prac\u0119 na czas porodu<\/strong>.<\/p>\n<h2>Co zawrze\u0107 w zawiadomieniu o przed\u0142u\u017ceniu umowy o prac\u0119 na czas porodu?<\/h2>\n<p>Sporz\u0105dzenie\u00a0<strong>zawiadomienia o przed\u0142u\u017ceniu umowy o prac\u0119 na czas porodu<\/strong> nie jest skomplikowane. To kr\u00f3tki dokument, w kt\u00f3rym nale\u017cy umie\u015bci\u0107 dane firmy i dat\u0119 jego sporz\u0105dzenia, a tak\u017ce dane adresata zawiadomienia, czyli pracownicy, z kt\u00f3r\u0105 przed\u0142u\u017ca si\u0119 umow\u0119. Dalej umieszcza si\u0119 tytu\u0142: \u201eInformacja o przed\u0142u\u017ceniu umowy na czas okre\u015blony\u201d. W jednym zdaniu zawiera si\u0119 przyczyn\u0119 przed\u0142u\u017cenia, a wi\u0119c za\u015bwiadczenie lekarskie o ci\u0105\u017cy i dat\u0119 jego przed\u0142o\u017cenia, a tak\u017ce podstaw\u0119 prawn\u0105, na mocy kt\u00f3rej umowa ulega przed\u0142u\u017ceniu, a wi\u0119c art. 177 \u00a7 3 Kodeksu pracy.<\/p>\n<h2>Wz\u00f3r zawiadomienia o przed\u0142u\u017cenie umowy o prac\u0119 na czas porodu<\/h2>\n<p>Warto skorzysta\u0107 z darmowego szablonu\u00a0<strong>zawiadomienia o przed\u0142u\u017ceniu umowy o prac\u0119 na czas porodu<\/strong>.\u00a0<strong>Wz\u00f3r<\/strong>\u00a0jest kr\u00f3tki i wystarczy wype\u0142ni\u0107 rubryki dotycz\u0105ce danych osobowych, a tak\u017ce z\u0142o\u017cy\u0107 na dokumencie czytelny podpis. Trzeba pami\u0119ta\u0107, \u017ce w przypadku, gdy por\u00f3d rozwi\u0105\u017ce si\u0119 przed planowanym terminem, pracownica nie ma prawa podnosi\u0107 roszcze\u0144 wobec pracodawcy z tytu\u0142u teoretycznie wcze\u015bniej zako\u0144czonej umowy, gdy\u017c dzieje si\u0119 to zgodnie z terminem porodu. Nie umieszcza si\u0119 na umowie nowej daty ko\u0144cowej, a sporz\u0105dza zawiadomienie z racji tego, \u017ce termin porodu jest umowny i ci\u0105\u017ca mo\u017ce zako\u0144czy\u0107 si\u0119 mi\u0119dzy 38 a 42 tygodniem.<\/p>\n","protected":false},"excerpt":{"rendered":"<p class=\"Standard\">Wz\u00f3r zawiadomienia o przed\u0142u\u017ceniu umowy o prac\u0119 na czas porodu zosta\u0142 przygotowany do stosowania przez pracodawc\u0119 po uzupe\u0142nieniu niezb\u0119dnych informacji w dokumencie. Aby wykorzysta\u0107 szablon, nale\u017cy wi\u0119c pobra\u0107 go w formacie PDF i dopisa\u0107 dane r\u0119cznie po wydruku, b\u0105d\u017a te\u017c edytowa\u0107 pismo w pliku .doc przy u\u017cyciu MS Word lub innych popularnych pakiet\u00f3w biurowch (Open Office lub Libre Office).<\/p>\n","protected":false},"featured_media":4725,"template":"","meta":[],"product_brand":[],"product_cat":[21],"product_tag":[350,349],"class_list":{"0":"post-4723","1":"product","2":"type-product","3":"status-publish","4":"has-post-thumbnail","6":"product_cat-umowa-o-prace","7":"product_tag-wzor-zawiadomienia-o-przedluzeniu-umowy-o-prace","8":"product_tag-zawiadomienie-o-przedluzeniu-umowy-o-prace-na-czas-porodu","10":"first","11":"instock","12":"shipping-taxable","13":"product-type-external"},"yoast_head":"<!-- This site is optimized with the Yoast SEO plugin v27.0 - https:\/\/yoast.com\/product\/yoast-seo-wordpress\/ -->\n<title>Wz\u00f3r zawiadomienia o przed\u0142u\u017ceniu umowy o prac\u0119 na czas porodu - Aplikuj.pl<\/title>\n<meta name=\"robots\" content=\"index, follow, max-snippet:-1, max-image-preview:large, max-video-preview:-1\" \/>\n<link rel=\"canonical\" href=\"https:\/\/www.aplikuj.pl\/dokumenty\/umowa-o-prace\/zawiadomienie-o-przedluzeniu-umowy-o-prace-na-czas-porodu\/\" \/>\n<meta property=\"og:locale\" content=\"pl_PL\" \/>\n<meta property=\"og:type\" content=\"article\" \/>\n<meta property=\"og:title\" content=\"Wz\u00f3r zawiadomienia o przed\u0142u\u017ceniu umowy o prac\u0119 na czas porodu - Aplikuj.pl\" \/>\n<meta property=\"og:description\" content=\"Wz\u00f3r zawiadomienia o przed\u0142u\u017ceniu umowy o prac\u0119 na czas porodu zosta\u0142 przygotowany do stosowania przez pracodawc\u0119 po uzupe\u0142nieniu niezb\u0119dnych informacji w dokumencie. Aby wykorzysta\u0107 szablon, nale\u017cy wi\u0119c pobra\u0107 go w formacie PDF i dopisa\u0107 dane r\u0119cznie po wydruku, b\u0105d\u017a te\u017c edytowa\u0107 pismo w pliku .doc przy u\u017cyciu MS Word lub innych popularnych pakiet\u00f3w biurowch (Open Office lub Libre Office).\" \/>\n<meta property=\"og:url\" content=\"https:\/\/www.aplikuj.pl\/dokumenty\/umowa-o-prace\/zawiadomienie-o-przedluzeniu-umowy-o-prace-na-czas-porodu\/\" \/>\n<meta property=\"og:site_name\" content=\"Aplikuj.pl\" \/>\n<meta property=\"article:modified_time\" content=\"2026-02-22T22:23:34+00:00\" \/>\n<meta property=\"og:image\" content=\"https:\/\/www.aplikuj.pl\/dokumenty\/wp-content\/uploads\/2021\/01\/umowa-o-prace-1.jpg\" \/>\n\t<meta property=\"og:image:width\" content=\"794\" \/>\n\t<meta property=\"og:image:height\" content=\"1123\" \/>\n\t<meta property=\"og:image:type\" content=\"image\/jpeg\" \/>\n<meta name=\"twitter:card\" content=\"summary_large_image\" \/>\n<meta name=\"twitter:label1\" content=\"Szacowany czas czytania\" \/>\n\t<meta name=\"twitter:data1\" content=\"2 minuty\" \/>\n<script type=\"application\/ld+json\" class=\"yoast-schema-graph\">{\"@context\":\"https:\/\/schema.org\",\"@graph\":[{\"@type\":\"WebPage\",\"@id\":\"https:\/\/www.aplikuj.pl\/dokumenty\/umowa-o-prace\/zawiadomienie-o-przedluzeniu-umowy-o-prace-na-czas-porodu\/\",\"url\":\"https:\/\/www.aplikuj.pl\/dokumenty\/umowa-o-prace\/zawiadomienie-o-przedluzeniu-umowy-o-prace-na-czas-porodu\/\",\"name\":\"Wz\u00f3r zawiadomienia o przed\u0142u\u017ceniu umowy o prac\u0119 na czas porodu - Aplikuj.pl\",\"isPartOf\":{\"@id\":\"https:\/\/www.aplikuj.pl\/dokumenty\/#website\"},\"primaryImageOfPage\":{\"@id\":\"https:\/\/www.aplikuj.pl\/dokumenty\/umowa-o-prace\/zawiadomienie-o-przedluzeniu-umowy-o-prace-na-czas-porodu\/#primaryimage\"},\"image\":{\"@id\":\"https:\/\/www.aplikuj.pl\/dokumenty\/umowa-o-prace\/zawiadomienie-o-przedluzeniu-umowy-o-prace-na-czas-porodu\/#primaryimage\"},\"thumbnailUrl\":\"https:\/\/www.aplikuj.pl\/dokumenty\/wp-content\/uploads\/2021\/01\/umowa-o-prace-1.jpg\",\"datePublished\":\"2021-01-05T14:36:03+00:00\",\"dateModified\":\"2026-02-22T22:23:34+00:00\",\"breadcrumb\":{\"@id\":\"https:\/\/www.aplikuj.pl\/dokumenty\/umowa-o-prace\/zawiadomienie-o-przedluzeniu-umowy-o-prace-na-czas-porodu\/#breadcrumb\"},\"inLanguage\":\"pl-PL\",\"potentialAction\":[{\"@type\":\"ReadAction\",\"target\":[\"https:\/\/www.aplikuj.pl\/dokumenty\/umowa-o-prace\/zawiadomienie-o-przedluzeniu-umowy-o-prace-na-czas-porodu\/\"]}]},{\"@type\":\"ImageObject\",\"inLanguage\":\"pl-PL\",\"@id\":\"https:\/\/www.aplikuj.pl\/dokumenty\/umowa-o-prace\/zawiadomienie-o-przedluzeniu-umowy-o-prace-na-czas-porodu\/#primaryimage\",\"url\":\"https:\/\/www.aplikuj.pl\/dokumenty\/wp-content\/uploads\/2021\/01\/umowa-o-prace-1.jpg\",\"contentUrl\":\"https:\/\/www.aplikuj.pl\/dokumenty\/wp-content\/uploads\/2021\/01\/umowa-o-prace-1.jpg\",\"width\":794,\"height\":1123,\"caption\":\"Wz\u00f3r zawiadomienia o przed\u0142u\u017ceniu umowy o prac\u0119\"},{\"@type\":\"BreadcrumbList\",\"@id\":\"https:\/\/www.aplikuj.pl\/dokumenty\/umowa-o-prace\/zawiadomienie-o-przedluzeniu-umowy-o-prace-na-czas-porodu\/#breadcrumb\",\"itemListElement\":[{\"@type\":\"ListItem\",\"position\":1,\"name\":\"Dokumenty HR\",\"item\":\"https:\/\/www.aplikuj.pl\/dokumenty\/\"},{\"@type\":\"ListItem\",\"position\":2,\"name\":\"umowa-o-prace\",\"item\":\"https:\/\/www.aplikuj.pl\/dokumenty\/umowa-o-prace\/\"},{\"@type\":\"ListItem\",\"position\":3,\"name\":\"Umowa o prac\u0119\",\"item\":\"https:\/\/www.aplikuj.pl\/dokumenty\/umowa-o-prace\/\"},{\"@type\":\"ListItem\",\"position\":4,\"name\":\"Wz\u00f3r zawiadomienia o przed\u0142u\u017ceniu umowy o prac\u0119 na czas porodu\"}]},{\"@type\":\"WebSite\",\"@id\":\"https:\/\/www.aplikuj.pl\/dokumenty\/#website\",\"url\":\"https:\/\/www.aplikuj.pl\/dokumenty\/\",\"name\":\"Aplikuj.pl\",\"description\":\"Profesjonalne i darmowe wzory dokument\u00f3w HR\",\"publisher\":{\"@id\":\"https:\/\/www.aplikuj.pl\/dokumenty\/#organization\"},\"potentialAction\":[{\"@type\":\"SearchAction\",\"target\":{\"@type\":\"EntryPoint\",\"urlTemplate\":\"https:\/\/www.aplikuj.pl\/dokumenty\/?s={search_term_string}\"},\"query-input\":{\"@type\":\"PropertyValueSpecification\",\"valueRequired\":true,\"valueName\":\"search_term_string\"}}],\"inLanguage\":\"pl-PL\"},{\"@type\":\"Organization\",\"@id\":\"https:\/\/www.aplikuj.pl\/dokumenty\/#organization\",\"name\":\"Aplikuj.pl\",\"url\":\"https:\/\/www.aplikuj.pl\/dokumenty\/\",\"logo\":{\"@type\":\"ImageObject\",\"inLanguage\":\"pl-PL\",\"@id\":\"https:\/\/www.aplikuj.pl\/dokumenty\/#\/schema\/logo\/image\/\",\"url\":\"\",\"contentUrl\":\"\",\"caption\":\"Aplikuj.pl\"},\"image\":{\"@id\":\"https:\/\/www.aplikuj.pl\/dokumenty\/#\/schema\/logo\/image\/\"}}]}<\/script>\n<!-- \/ Yoast SEO plugin. -->","yoast_head_json":{"title":"Wz\u00f3r zawiadomienia o przed\u0142u\u017ceniu umowy o prac\u0119 na czas porodu - Aplikuj.pl","robots":{"index":"index","follow":"follow","max-snippet":"max-snippet:-1","max-image-preview":"max-image-preview:large","max-video-preview":"max-video-preview:-1"},"canonical":"https:\/\/www.aplikuj.pl\/dokumenty\/umowa-o-prace\/zawiadomienie-o-przedluzeniu-umowy-o-prace-na-czas-porodu\/","og_locale":"pl_PL","og_type":"article","og_title":"Wz\u00f3r zawiadomienia o przed\u0142u\u017ceniu umowy o prac\u0119 na czas porodu - Aplikuj.pl","og_description":"Wz\u00f3r zawiadomienia o przed\u0142u\u017ceniu umowy o prac\u0119 na czas porodu zosta\u0142 przygotowany do stosowania przez pracodawc\u0119 po uzupe\u0142nieniu niezb\u0119dnych informacji w dokumencie. Aby wykorzysta\u0107 szablon, nale\u017cy wi\u0119c pobra\u0107 go w formacie PDF i dopisa\u0107 dane r\u0119cznie po wydruku, b\u0105d\u017a te\u017c edytowa\u0107 pismo w pliku .doc przy u\u017cyciu MS Word lub innych popularnych pakiet\u00f3w biurowch (Open Office lub Libre Office).","og_url":"https:\/\/www.aplikuj.pl\/dokumenty\/umowa-o-prace\/zawiadomienie-o-przedluzeniu-umowy-o-prace-na-czas-porodu\/","og_site_name":"Aplikuj.pl","article_modified_time":"2026-02-22T22:23:34+00:00","og_image":[{"width":794,"height":1123,"url":"https:\/\/www.aplikuj.pl\/dokumenty\/wp-content\/uploads\/2021\/01\/umowa-o-prace-1.jpg","type":"image\/jpeg"}],"twitter_card":"summary_large_image","twitter_misc":{"Szacowany czas czytania":"2 minuty"},"schema":{"@context":"https:\/\/schema.org","@graph":[{"@type":"WebPage","@id":"https:\/\/www.aplikuj.pl\/dokumenty\/umowa-o-prace\/zawiadomienie-o-przedluzeniu-umowy-o-prace-na-czas-porodu\/","url":"https:\/\/www.aplikuj.pl\/dokumenty\/umowa-o-prace\/zawiadomienie-o-przedluzeniu-umowy-o-prace-na-czas-porodu\/","name":"Wz\u00f3r zawiadomienia o przed\u0142u\u017ceniu umowy o prac\u0119 na czas porodu - Aplikuj.pl","isPartOf":{"@id":"https:\/\/www.aplikuj.pl\/dokumenty\/#website"},"primaryImageOfPage":{"@id":"https:\/\/www.aplikuj.pl\/dokumenty\/umowa-o-prace\/zawiadomienie-o-przedluzeniu-umowy-o-prace-na-czas-porodu\/#primaryimage"},"image":{"@id":"https:\/\/www.aplikuj.pl\/dokumenty\/umowa-o-prace\/zawiadomienie-o-przedluzeniu-umowy-o-prace-na-czas-porodu\/#primaryimage"},"thumbnailUrl":"https:\/\/www.aplikuj.pl\/dokumenty\/wp-content\/uploads\/2021\/01\/umowa-o-prace-1.jpg","datePublished":"2021-01-05T14:36:03+00:00","dateModified":"2026-02-22T22:23:34+00:00","breadcrumb":{"@id":"https:\/\/www.aplikuj.pl\/dokumenty\/umowa-o-prace\/zawiadomienie-o-przedluzeniu-umowy-o-prace-na-czas-porodu\/#breadcrumb"},"inLanguage":"pl-PL","potentialAction":[{"@type":"ReadAction","target":["https:\/\/www.aplikuj.pl\/dokumenty\/umowa-o-prace\/zawiadomienie-o-przedluzeniu-umowy-o-prace-na-czas-porodu\/"]}]},{"@type":"ImageObject","inLanguage":"pl-PL","@id":"https:\/\/www.aplikuj.pl\/dokumenty\/umowa-o-prace\/zawiadomienie-o-przedluzeniu-umowy-o-prace-na-czas-porodu\/#primaryimage","url":"https:\/\/www.aplikuj.pl\/dokumenty\/wp-content\/uploads\/2021\/01\/umowa-o-prace-1.jpg","contentUrl":"https:\/\/www.aplikuj.pl\/dokumenty\/wp-content\/uploads\/2021\/01\/umowa-o-prace-1.jpg","width":794,"height":1123,"caption":"Wz\u00f3r zawiadomienia o przed\u0142u\u017ceniu umowy o prac\u0119"},{"@type":"BreadcrumbList","@id":"https:\/\/www.aplikuj.pl\/dokumenty\/umowa-o-prace\/zawiadomienie-o-przedluzeniu-umowy-o-prace-na-czas-porodu\/#breadcrumb","itemListElement":[{"@type":"ListItem","position":1,"name":"Dokumenty HR","item":"https:\/\/www.aplikuj.pl\/dokumenty\/"},{"@type":"ListItem","position":2,"name":"umowa-o-prace","item":"https:\/\/www.aplikuj.pl\/dokumenty\/umowa-o-prace\/"},{"@type":"ListItem","position":3,"name":"Umowa o prac\u0119","item":"https:\/\/www.aplikuj.pl\/dokumenty\/umowa-o-prace\/"},{"@type":"ListItem","position":4,"name":"Wz\u00f3r zawiadomienia o przed\u0142u\u017ceniu umowy o prac\u0119 na czas porodu"}]},{"@type":"WebSite","@id":"https:\/\/www.aplikuj.pl\/dokumenty\/#website","url":"https:\/\/www.aplikuj.pl\/dokumenty\/","name":"Aplikuj.pl","description":"Profesjonalne i darmowe wzory dokument\u00f3w HR","publisher":{"@id":"https:\/\/www.aplikuj.pl\/dokumenty\/#organization"},"potentialAction":[{"@type":"SearchAction","target":{"@type":"EntryPoint","urlTemplate":"https:\/\/www.aplikuj.pl\/dokumenty\/?s={search_term_string}"},"query-input":{"@type":"PropertyValueSpecification","valueRequired":true,"valueName":"search_term_string"}}],"inLanguage":"pl-PL"},{"@type":"Organization","@id":"https:\/\/www.aplikuj.pl\/dokumenty\/#organization","name":"Aplikuj.pl","url":"https:\/\/www.aplikuj.pl\/dokumenty\/","logo":{"@type":"ImageObject","inLanguage":"pl-PL","@id":"https:\/\/www.aplikuj.pl\/dokumenty\/#\/schema\/logo\/image\/","url":"","contentUrl":"","caption":"Aplikuj.pl"},"image":{"@id":"https:\/\/www.aplikuj.pl\/dokumenty\/#\/schema\/logo\/image\/"}}]}},"_links":{"self":[{"href":"https:\/\/www.aplikuj.pl\/dokumenty\/wp-json\/wp\/v2\/product\/4723","targetHints":{"allow":["GET"]}}],"collection":[{"href":"https:\/\/www.aplikuj.pl\/dokumenty\/wp-json\/wp\/v2\/product"}],"about":[{"href":"https:\/\/www.aplikuj.pl\/dokumenty\/wp-json\/wp\/v2\/types\/product"}],"version-history":[{"count":2,"href":"https:\/\/www.aplikuj.pl\/dokumenty\/wp-json\/wp\/v2\/product\/4723\/revisions"}],"predecessor-version":[{"id":5196,"href":"https:\/\/www.aplikuj.pl\/dokumenty\/wp-json\/wp\/v2\/product\/4723\/revisions\/5196"}],"wp:featuredmedia":[{"embeddable":true,"href":"https:\/\/www.aplikuj.pl\/dokumenty\/wp-json\/wp\/v2\/media\/4725"}],"wp:attachment":[{"href":"https:\/\/www.aplikuj.pl\/dokumenty\/wp-json\/wp\/v2\/media?parent=4723"}],"wp:term":[{"taxonomy":"product_brand","embeddable":true,"href":"https:\/\/www.aplikuj.pl\/dokumenty\/wp-json\/wp\/v2\/product_brand?post=4723"},{"taxonomy":"product_cat","embeddable":true,"href":"https:\/\/www.aplikuj.pl\/dokumenty\/wp-json\/wp\/v2\/product_cat?post=4723"},{"taxonomy":"product_tag","embeddable":true,"href":"https:\/\/www.aplikuj.pl\/dokumenty\/wp-json\/wp\/v2\/product_tag?post=4723"}],"curies":[{"name":"wp","href":"https:\/\/api.w.org\/{rel}","templated":true}]}}