{"id":4715,"date":"2020-11-20T15:53:06","date_gmt":"2020-11-20T14:53:06","guid":{"rendered":"https:\/\/www.aplikuj.pl\/dokumenty\/?post_type=product&#038;p=4715"},"modified":"2026-02-22T23:23:34","modified_gmt":"2026-02-22T22:23:34","slug":"wzor-umowy-agencyjnej","status":"publish","type":"product","link":"https:\/\/www.aplikuj.pl\/dokumenty\/wzory-cywilnoprawne\/wzor-umowy-agencyjnej\/","title":{"rendered":"Wz\u00f3r umowy agencyjnej"},"content":{"rendered":"<h2>Umowa agencyjna co to jest?<\/h2>\n<p>Z punktu widzenia pracodawc\u00f3w umowa agencyjna nie jest popularna. Jest ona mniej znana, cz\u0119\u015b\u0107 podmiot\u00f3w zatrudniaj\u0105cych pracownik\u00f3w nie ma wiedzy na temat tego, kiedy warto si\u0119gn\u0105\u0107 po tak\u0105 w\u0142a\u015bnie umow\u0119. Tymczasem podpisanie umowy agencyjnej z zainteresowanym pracownikiem mo\u017ce by\u0107 korzystne. S\u0105 jednak zasady, o kt\u00f3rych trzeba pami\u0119ta\u0107.<\/p>\n<p>Czym jest umowa agencyjna? Zgodnie z art. 758 \u00a7 1 Kodeksu cywilnego, przez umow\u0119 agencyjn\u0105 \u201eprzyjmuj\u0105cy zlecenie (agent) zobowi\u0105zuje si\u0119, w zakresie dzia\u0142alno\u015bci swego przedsi\u0119biorstwa, do sta\u0142ego po\u015bredniczenia, za wynagrodzeniem, przy zawieraniu z klientami um\u00f3w na rzecz daj\u0105cego zlecenie przedsi\u0119biorcy albo do zawierania ich w jego imieniu\u201d.<\/p>\n<h2>Cechy umowy agencyjnej, wz\u00f3r<\/h2>\n<p>Z wy\u017cej zacytowanego przepisu jasno wynika, \u017ce agent jest osob\u0105 po\u015brednicz\u0105c\u0105 w odpisywaniu um\u00f3w z klientami. Je\u017celi posiada on umocowanie daj\u0105cego zlecenie, mo\u017ce zawiera\u0107 w jego imieniu umowy, jest te\u017c upowa\u017cniony do odbierania dla niego o\u015bwiadcze\u0144. W praktyce zatem agent mo\u017ce by\u0107 r\u00f3wnie\u017c pe\u0142nomocnikiem osoby daj\u0105cej zlecenie.<\/p>\n<p>Poniewa\u017c agent mo\u017ce pe\u0142ni\u0107 r\u00f3\u017cne role, m\u00f3wi si\u0119, \u017ce umowa agencyjna jest traktatem o \u015bwiadczeniu us\u0142ug. Zadanie agenta sprowadza si\u0119 nie tylko do poszukiwania klient\u00f3w zainteresowanych okre\u015blonymi us\u0142ugami, lecz tak\u017ce do prowadzenia z nimi negocjacji. Je\u017celi uda mu si\u0119 przedstawi\u0107 us\u0142ug\u0119 w taki spos\u00f3b, \u017ce klient zdecyduje si\u0119 na jej nabycie, przys\u0142uguje mu prowizja.<\/p>\n<p>Za ka\u017cd\u0105 podpisan\u0105 z klientem umow\u0119 agentowi przys\u0142uguje prowizja. Ta okre\u015blona zostaje w umowie najcz\u0119\u015bciej procentowo lub kwotowo i zale\u017cy wy\u0142\u0105cznie od ilo\u015bci i warto\u015bci zawartych um\u00f3w z klientami. Taka forma rozliczenia mi\u0119dzy stronami podpisuj\u0105cymi umow\u0119 jest te\u017c preferowana w Kodeksie cywilnym \u2013 zgodnie z art. 7581 \u00a7 1: \u201eje\u017celi spos\u00f3b wynagrodzenia nie zosta\u0142 w umowie okre\u015blony, agentowi nale\u017cy si\u0119 prowizja\u201d.<\/p>\n<p>Poza prowizj\u0105 agent mo\u017ce te\u017c liczy\u0107 na dodatkowe wynagrodzenie. Przyznanie tego zale\u017cy jednak od tego, w jaki spos\u00f3b um\u00f3wi\u0105 si\u0119 zainteresowane strony. Nic bowiem nie stoi na przeszkodzie, by agent otrzyma\u0142 dodatkowe wynagrodzenie np. za bycie odpowiedzialnym za dalszy kontakt z klientem. Takie rozwi\u0105zanie bywa korzystne z punktu widzenia np. towarzystw ubezpieczeniowych stawiaj\u0105cych na budowanie d\u0142ugofalowych relacji ze swoimi klientami.<\/p>\n<h2>Kiedy podpisa\u0107 umow\u0119 agencyjn\u0105?<\/h2>\n<p>Podpisanie umowy agencyjnej jest szczeg\u00f3lnie korzystne dla podmiot\u00f3w poszukuj\u0105cych pracownik\u00f3w, kt\u00f3rzy b\u0119d\u0105 odpowiedzialni za pozyskiwanie klient\u00f3w i budowanie d\u0142ugofalowych relacji. W takim przypadku umowa agencyjna spe\u0142nia si\u0119 najlepiej, a z punktu widzenia pracodawcy (osoby daj\u0105cej zlecenie), pozwala r\u00f3wnie\u017c na optymalizacj\u0119 koszt\u00f3w zatrudnienia.<\/p>\n<p>Warto pami\u0119ta\u0107, \u017ce agent to faktycznie przedsi\u0119biorca. Prowadzi on zarobkow\u0105 dzia\u0142alno\u015b\u0107 gospodarcz\u0105, polegaj\u0105c\u0105 na \u015bwiadczeniu us\u0142ug agencyjnych. W praktyce zatem podpisanie umowy agencyjnej, a nie np. umowy o prac\u0119, pozwala zaoszcz\u0119dzi\u0107 \u015brodki daj\u0105cemu zlecenie. Ten, co wa\u017cne, r\u00f3wnie\u017c prowadzi dzia\u0142alno\u015b\u0107 gospodarcz\u0105.<\/p>\n<div class=\"porady-content\"><\/div>\n","protected":false},"excerpt":{"rendered":"<p>Wz\u00f3r umowy agencyjnej zosta\u0142 przygotowany w spos\u00f3b uniwersalny do indywidualnego uzupe\u0142nienia informacji. Zawarte w nim zapisy nale\u017cy dostosowa\u0107 do ustale\u0144 zainteresowanych stron i w ostatecznej formie przed\u0142o\u017cy\u0107 do podpisu. Dokument udost\u0119pniamy do pobrania za darmo w formacie PDF oraz edytowalnym. Plik mo\u017cna edytowa\u0107 za pomoc\u0105 programu MS Word, a tak\u017ce podobnych mu darmowych pakiet\u00f3w biurowych (Open Office lub Libre Office).<\/p>\n","protected":false},"featured_media":4411,"template":"","meta":[],"product_brand":[],"product_cat":[29],"product_tag":[273,271,274,272],"class_list":{"0":"post-4715","1":"product","2":"type-product","3":"status-publish","4":"has-post-thumbnail","6":"product_cat-wzory-cywilnoprawne","7":"product_tag-elementy-umowy-agencyjnej","8":"product_tag-umowa-agencyjna","9":"product_tag-umowa-agencyjna-tresc","10":"product_tag-wzor-umowy-agencyjnej","12":"first","13":"instock","14":"shipping-taxable","15":"product-type-external"},"yoast_head":"<!-- This site is optimized with the Yoast SEO plugin v27.0 - https:\/\/yoast.com\/product\/yoast-seo-wordpress\/ -->\n<title>Wz\u00f3r umowy agencyjnej - Aplikuj.pl<\/title>\n<meta name=\"robots\" content=\"index, follow, max-snippet:-1, max-image-preview:large, max-video-preview:-1\" \/>\n<link rel=\"canonical\" href=\"https:\/\/www.aplikuj.pl\/dokumenty\/wzory-cywilnoprawne\/wzor-umowy-agencyjnej\/\" \/>\n<meta property=\"og:locale\" content=\"pl_PL\" \/>\n<meta property=\"og:type\" content=\"article\" \/>\n<meta property=\"og:title\" content=\"Wz\u00f3r umowy agencyjnej - Aplikuj.pl\" \/>\n<meta property=\"og:description\" content=\"Wz\u00f3r umowy agencyjnej zosta\u0142 przygotowany w spos\u00f3b uniwersalny do indywidualnego uzupe\u0142nienia informacji. Zawarte w nim zapisy nale\u017cy dostosowa\u0107 do ustale\u0144 zainteresowanych stron i w ostatecznej formie przed\u0142o\u017cy\u0107 do podpisu. Dokument udost\u0119pniamy do pobrania za darmo w formacie PDF oraz edytowalnym. Plik mo\u017cna edytowa\u0107 za pomoc\u0105 programu MS Word, a tak\u017ce podobnych mu darmowych pakiet\u00f3w biurowych (Open Office lub Libre Office).\" \/>\n<meta property=\"og:url\" content=\"https:\/\/www.aplikuj.pl\/dokumenty\/wzory-cywilnoprawne\/wzor-umowy-agencyjnej\/\" \/>\n<meta property=\"og:site_name\" content=\"Aplikuj.pl\" \/>\n<meta property=\"article:modified_time\" content=\"2026-02-22T22:23:34+00:00\" \/>\n<meta property=\"og:image\" content=\"https:\/\/www.aplikuj.pl\/dokumenty\/wp-content\/uploads\/2020\/09\/aplikuj-wz\u00f3r-v113.jpg\" \/>\n\t<meta property=\"og:image:width\" content=\"794\" \/>\n\t<meta property=\"og:image:height\" content=\"1123\" \/>\n\t<meta property=\"og:image:type\" content=\"image\/jpeg\" \/>\n<meta name=\"twitter:card\" content=\"summary_large_image\" \/>\n<meta name=\"twitter:label1\" content=\"Szacowany czas czytania\" \/>\n\t<meta name=\"twitter:data1\" content=\"2 minuty\" \/>\n<script type=\"application\/ld+json\" class=\"yoast-schema-graph\">{\"@context\":\"https:\/\/schema.org\",\"@graph\":[{\"@type\":\"WebPage\",\"@id\":\"https:\/\/www.aplikuj.pl\/dokumenty\/wzory-cywilnoprawne\/wzor-umowy-agencyjnej\/\",\"url\":\"https:\/\/www.aplikuj.pl\/dokumenty\/wzory-cywilnoprawne\/wzor-umowy-agencyjnej\/\",\"name\":\"Wz\u00f3r umowy agencyjnej - Aplikuj.pl\",\"isPartOf\":{\"@id\":\"https:\/\/www.aplikuj.pl\/dokumenty\/#website\"},\"primaryImageOfPage\":{\"@id\":\"https:\/\/www.aplikuj.pl\/dokumenty\/wzory-cywilnoprawne\/wzor-umowy-agencyjnej\/#primaryimage\"},\"image\":{\"@id\":\"https:\/\/www.aplikuj.pl\/dokumenty\/wzory-cywilnoprawne\/wzor-umowy-agencyjnej\/#primaryimage\"},\"thumbnailUrl\":\"https:\/\/www.aplikuj.pl\/dokumenty\/wp-content\/uploads\/2020\/09\/aplikuj-wz\u00f3r-v113.jpg\",\"datePublished\":\"2020-11-20T14:53:06+00:00\",\"dateModified\":\"2026-02-22T22:23:34+00:00\",\"breadcrumb\":{\"@id\":\"https:\/\/www.aplikuj.pl\/dokumenty\/wzory-cywilnoprawne\/wzor-umowy-agencyjnej\/#breadcrumb\"},\"inLanguage\":\"pl-PL\",\"potentialAction\":[{\"@type\":\"ReadAction\",\"target\":[\"https:\/\/www.aplikuj.pl\/dokumenty\/wzory-cywilnoprawne\/wzor-umowy-agencyjnej\/\"]}]},{\"@type\":\"ImageObject\",\"inLanguage\":\"pl-PL\",\"@id\":\"https:\/\/www.aplikuj.pl\/dokumenty\/wzory-cywilnoprawne\/wzor-umowy-agencyjnej\/#primaryimage\",\"url\":\"https:\/\/www.aplikuj.pl\/dokumenty\/wp-content\/uploads\/2020\/09\/aplikuj-wz\u00f3r-v113.jpg\",\"contentUrl\":\"https:\/\/www.aplikuj.pl\/dokumenty\/wp-content\/uploads\/2020\/09\/aplikuj-wz\u00f3r-v113.jpg\",\"width\":794,\"height\":1123,\"caption\":\"Grafika umowa zlecenie wz\u00f3r\"},{\"@type\":\"BreadcrumbList\",\"@id\":\"https:\/\/www.aplikuj.pl\/dokumenty\/wzory-cywilnoprawne\/wzor-umowy-agencyjnej\/#breadcrumb\",\"itemListElement\":[{\"@type\":\"ListItem\",\"position\":1,\"name\":\"Dokumenty HR\",\"item\":\"https:\/\/www.aplikuj.pl\/dokumenty\/\"},{\"@type\":\"ListItem\",\"position\":2,\"name\":\"umowa-o-prace\",\"item\":\"https:\/\/www.aplikuj.pl\/dokumenty\/umowa-o-prace\/\"},{\"@type\":\"ListItem\",\"position\":3,\"name\":\"Wzory um\u00f3w cywilnoprawnych\",\"item\":\"https:\/\/www.aplikuj.pl\/dokumenty\/wzory-cywilnoprawne\/\"},{\"@type\":\"ListItem\",\"position\":4,\"name\":\"Wz\u00f3r umowy agencyjnej\"}]},{\"@type\":\"WebSite\",\"@id\":\"https:\/\/www.aplikuj.pl\/dokumenty\/#website\",\"url\":\"https:\/\/www.aplikuj.pl\/dokumenty\/\",\"name\":\"Aplikuj.pl\",\"description\":\"Profesjonalne i darmowe wzory dokument\u00f3w HR\",\"publisher\":{\"@id\":\"https:\/\/www.aplikuj.pl\/dokumenty\/#organization\"},\"potentialAction\":[{\"@type\":\"SearchAction\",\"target\":{\"@type\":\"EntryPoint\",\"urlTemplate\":\"https:\/\/www.aplikuj.pl\/dokumenty\/?s={search_term_string}\"},\"query-input\":{\"@type\":\"PropertyValueSpecification\",\"valueRequired\":true,\"valueName\":\"search_term_string\"}}],\"inLanguage\":\"pl-PL\"},{\"@type\":\"Organization\",\"@id\":\"https:\/\/www.aplikuj.pl\/dokumenty\/#organization\",\"name\":\"Aplikuj.pl\",\"url\":\"https:\/\/www.aplikuj.pl\/dokumenty\/\",\"logo\":{\"@type\":\"ImageObject\",\"inLanguage\":\"pl-PL\",\"@id\":\"https:\/\/www.aplikuj.pl\/dokumenty\/#\/schema\/logo\/image\/\",\"url\":\"\",\"contentUrl\":\"\",\"caption\":\"Aplikuj.pl\"},\"image\":{\"@id\":\"https:\/\/www.aplikuj.pl\/dokumenty\/#\/schema\/logo\/image\/\"}}]}<\/script>\n<!-- \/ Yoast SEO plugin. -->","yoast_head_json":{"title":"Wz\u00f3r umowy agencyjnej - Aplikuj.pl","robots":{"index":"index","follow":"follow","max-snippet":"max-snippet:-1","max-image-preview":"max-image-preview:large","max-video-preview":"max-video-preview:-1"},"canonical":"https:\/\/www.aplikuj.pl\/dokumenty\/wzory-cywilnoprawne\/wzor-umowy-agencyjnej\/","og_locale":"pl_PL","og_type":"article","og_title":"Wz\u00f3r umowy agencyjnej - Aplikuj.pl","og_description":"Wz\u00f3r umowy agencyjnej zosta\u0142 przygotowany w spos\u00f3b uniwersalny do indywidualnego uzupe\u0142nienia informacji. Zawarte w nim zapisy nale\u017cy dostosowa\u0107 do ustale\u0144 zainteresowanych stron i w ostatecznej formie przed\u0142o\u017cy\u0107 do podpisu. Dokument udost\u0119pniamy do pobrania za darmo w formacie PDF oraz edytowalnym. Plik mo\u017cna edytowa\u0107 za pomoc\u0105 programu MS Word, a tak\u017ce podobnych mu darmowych pakiet\u00f3w biurowych (Open Office lub Libre Office).","og_url":"https:\/\/www.aplikuj.pl\/dokumenty\/wzory-cywilnoprawne\/wzor-umowy-agencyjnej\/","og_site_name":"Aplikuj.pl","article_modified_time":"2026-02-22T22:23:34+00:00","og_image":[{"width":794,"height":1123,"url":"https:\/\/www.aplikuj.pl\/dokumenty\/wp-content\/uploads\/2020\/09\/aplikuj-wz\u00f3r-v113.jpg","type":"image\/jpeg"}],"twitter_card":"summary_large_image","twitter_misc":{"Szacowany czas czytania":"2 minuty"},"schema":{"@context":"https:\/\/schema.org","@graph":[{"@type":"WebPage","@id":"https:\/\/www.aplikuj.pl\/dokumenty\/wzory-cywilnoprawne\/wzor-umowy-agencyjnej\/","url":"https:\/\/www.aplikuj.pl\/dokumenty\/wzory-cywilnoprawne\/wzor-umowy-agencyjnej\/","name":"Wz\u00f3r umowy agencyjnej - Aplikuj.pl","isPartOf":{"@id":"https:\/\/www.aplikuj.pl\/dokumenty\/#website"},"primaryImageOfPage":{"@id":"https:\/\/www.aplikuj.pl\/dokumenty\/wzory-cywilnoprawne\/wzor-umowy-agencyjnej\/#primaryimage"},"image":{"@id":"https:\/\/www.aplikuj.pl\/dokumenty\/wzory-cywilnoprawne\/wzor-umowy-agencyjnej\/#primaryimage"},"thumbnailUrl":"https:\/\/www.aplikuj.pl\/dokumenty\/wp-content\/uploads\/2020\/09\/aplikuj-wz\u00f3r-v113.jpg","datePublished":"2020-11-20T14:53:06+00:00","dateModified":"2026-02-22T22:23:34+00:00","breadcrumb":{"@id":"https:\/\/www.aplikuj.pl\/dokumenty\/wzory-cywilnoprawne\/wzor-umowy-agencyjnej\/#breadcrumb"},"inLanguage":"pl-PL","potentialAction":[{"@type":"ReadAction","target":["https:\/\/www.aplikuj.pl\/dokumenty\/wzory-cywilnoprawne\/wzor-umowy-agencyjnej\/"]}]},{"@type":"ImageObject","inLanguage":"pl-PL","@id":"https:\/\/www.aplikuj.pl\/dokumenty\/wzory-cywilnoprawne\/wzor-umowy-agencyjnej\/#primaryimage","url":"https:\/\/www.aplikuj.pl\/dokumenty\/wp-content\/uploads\/2020\/09\/aplikuj-wz\u00f3r-v113.jpg","contentUrl":"https:\/\/www.aplikuj.pl\/dokumenty\/wp-content\/uploads\/2020\/09\/aplikuj-wz\u00f3r-v113.jpg","width":794,"height":1123,"caption":"Grafika umowa zlecenie wz\u00f3r"},{"@type":"BreadcrumbList","@id":"https:\/\/www.aplikuj.pl\/dokumenty\/wzory-cywilnoprawne\/wzor-umowy-agencyjnej\/#breadcrumb","itemListElement":[{"@type":"ListItem","position":1,"name":"Dokumenty HR","item":"https:\/\/www.aplikuj.pl\/dokumenty\/"},{"@type":"ListItem","position":2,"name":"umowa-o-prace","item":"https:\/\/www.aplikuj.pl\/dokumenty\/umowa-o-prace\/"},{"@type":"ListItem","position":3,"name":"Wzory um\u00f3w cywilnoprawnych","item":"https:\/\/www.aplikuj.pl\/dokumenty\/wzory-cywilnoprawne\/"},{"@type":"ListItem","position":4,"name":"Wz\u00f3r umowy agencyjnej"}]},{"@type":"WebSite","@id":"https:\/\/www.aplikuj.pl\/dokumenty\/#website","url":"https:\/\/www.aplikuj.pl\/dokumenty\/","name":"Aplikuj.pl","description":"Profesjonalne i darmowe wzory dokument\u00f3w HR","publisher":{"@id":"https:\/\/www.aplikuj.pl\/dokumenty\/#organization"},"potentialAction":[{"@type":"SearchAction","target":{"@type":"EntryPoint","urlTemplate":"https:\/\/www.aplikuj.pl\/dokumenty\/?s={search_term_string}"},"query-input":{"@type":"PropertyValueSpecification","valueRequired":true,"valueName":"search_term_string"}}],"inLanguage":"pl-PL"},{"@type":"Organization","@id":"https:\/\/www.aplikuj.pl\/dokumenty\/#organization","name":"Aplikuj.pl","url":"https:\/\/www.aplikuj.pl\/dokumenty\/","logo":{"@type":"ImageObject","inLanguage":"pl-PL","@id":"https:\/\/www.aplikuj.pl\/dokumenty\/#\/schema\/logo\/image\/","url":"","contentUrl":"","caption":"Aplikuj.pl"},"image":{"@id":"https:\/\/www.aplikuj.pl\/dokumenty\/#\/schema\/logo\/image\/"}}]}},"_links":{"self":[{"href":"https:\/\/www.aplikuj.pl\/dokumenty\/wp-json\/wp\/v2\/product\/4715","targetHints":{"allow":["GET"]}}],"collection":[{"href":"https:\/\/www.aplikuj.pl\/dokumenty\/wp-json\/wp\/v2\/product"}],"about":[{"href":"https:\/\/www.aplikuj.pl\/dokumenty\/wp-json\/wp\/v2\/types\/product"}],"version-history":[{"count":2,"href":"https:\/\/www.aplikuj.pl\/dokumenty\/wp-json\/wp\/v2\/product\/4715\/revisions"}],"predecessor-version":[{"id":5195,"href":"https:\/\/www.aplikuj.pl\/dokumenty\/wp-json\/wp\/v2\/product\/4715\/revisions\/5195"}],"wp:featuredmedia":[{"embeddable":true,"href":"https:\/\/www.aplikuj.pl\/dokumenty\/wp-json\/wp\/v2\/media\/4411"}],"wp:attachment":[{"href":"https:\/\/www.aplikuj.pl\/dokumenty\/wp-json\/wp\/v2\/media?parent=4715"}],"wp:term":[{"taxonomy":"product_brand","embeddable":true,"href":"https:\/\/www.aplikuj.pl\/dokumenty\/wp-json\/wp\/v2\/product_brand?post=4715"},{"taxonomy":"product_cat","embeddable":true,"href":"https:\/\/www.aplikuj.pl\/dokumenty\/wp-json\/wp\/v2\/product_cat?post=4715"},{"taxonomy":"product_tag","embeddable":true,"href":"https:\/\/www.aplikuj.pl\/dokumenty\/wp-json\/wp\/v2\/product_tag?post=4715"}],"curies":[{"name":"wp","href":"https:\/\/api.w.org\/{rel}","templated":true}]}}