{"id":4707,"date":"2020-11-13T14:51:45","date_gmt":"2020-11-13T13:51:45","guid":{"rendered":"https:\/\/www.aplikuj.pl\/dokumenty\/?post_type=product&#038;p=4707"},"modified":"2026-02-22T23:23:33","modified_gmt":"2026-02-22T22:23:33","slug":"wzor-umowy-kontraktowej","status":"publish","type":"product","link":"https:\/\/www.aplikuj.pl\/dokumenty\/wzory-cywilnoprawne\/wzor-umowy-kontraktowej\/","title":{"rendered":"Wz\u00f3r umowy kontraktowej"},"content":{"rendered":"<h2>Czym jest umowa kontraktowa?<\/h2>\n<p>Umowa kontraktowa, inaczej kontrakt mened\u017cerski, jest odmienn\u0105 od umowy o prac\u0119 form\u0105 zatrudnienia, cho\u0107 wielu pracownik\u00f3w o tym zapomina. <strong>Kontrakt menad\u017cerski jest zawsze umow\u0105 cywilnoprawn\u0105<\/strong>, a zatem w\u0142a\u015bciwe dla niego przepisy nie znajduj\u0105 si\u0119 w Kodeksie pracy, ale w Kodeksie cywilnym.<\/p>\n<p>Przedmiotem kontraktu mened\u017cerskiego jest odp\u0142atne zarz\u0105dzanie przedsi\u0119biorstwem, za\u015b stronami odpowiednio menad\u017cer, kt\u00f3ry przyjmuje zlecenie kierowania przedsi\u0119biorstwem i osoba zlecaj\u0105ca taki zarz\u0105d.<\/p>\n<h2>Umowa kontraktowa wz\u00f3r<\/h2>\n<p>Skoro kontrakt mened\u017cerski to umowa cywilnoprawna, to stosownie do tego nale\u017cy tak sformu\u0142owa\u0107 tre\u015b\u0107, aby nie znalaz\u0142y si\u0119 w nim przes\u0142anki przemawiaj\u0105ce za umow\u0105 o prac\u0119. Stosunek pracy zostaje nawi\u0105zany, zgodnie z art. 22 \u00a7 1 Kodeksu pracy, w momencie gdy:<\/p>\n<ul>\n<li>pracownik zobowi\u0105zuje si\u0119 do wykonywania pracy okre\u015blonego rodzaju na rzecz pracodawcy i pod jego kierownictwem oraz w miejscu i czasie wyznaczonym przez pracodawc\u0119,<\/li>\n<li>pracodawca zobowi\u0105zuje si\u0119 do zatrudnienia pracownika za wynagrodzeniem.<\/li>\n<\/ul>\n<p>W zwi\u0105zku z czym strony, kt\u00f3re s\u0105 zainteresowane<strong> podpisaniem umowy kontraktowej<\/strong> powinny rozwa\u017cnie skonstruowa\u0107 warunki umowy. Warto przy tym pami\u0119ta\u0107, \u017ce w literaturze omawiaj\u0105cej ten problem nie jest prezentowane jednoznaczne stanowisko dotycz\u0105cego tego, czy ewentualne wyst\u0105pienie jednego z wy\u017cej wymienionych element\u00f3w b\u0119dzie r\u00f3wnoznaczne z zaistnieniem w\u0142a\u015bnie stosunku pracy. Zw\u0142aszcza istotne jest przy tym ewentualne podporz\u0105dkowanie pracownika pracodawcy \u2013 przyjmuje si\u0119, \u017ce w przypadku kontraktu nie powinno mie\u0107 ono miejsca.<\/p>\n<p>Przy sporz\u0105dzaniu umowy kontraktowej warto pami\u0119ta\u0107, \u017ce strony maj\u0105 tu praktyczn\u0105 dowolno\u015b\u0107 w regulowaniu swoich wzajemnych obowi\u0105zk\u00f3w czy praw. Jedynym ograniczeniem s\u0105 przepisy prawa \u2013 ustalenia zawarte w umowie nie powinny by\u0107 z nimi sprzeczne.<\/p>\n<div class=\"porady-content\">\n<h2>Umowa kontraktowa warunki zatrudnienia<\/h2>\n<p>Zawarcie przez strony <strong>kontraktu menad\u017cerskiego<\/strong> jest r\u00f3wnoznaczne z tym, \u017ce menad\u017cer ma znacznie szersze kompetencje i wi\u0119ksz\u0105 swobod\u0119 przy podejmowaniu decyzji. Mo\u017ce on zarz\u0105dza\u0107 przedsi\u0119biorstwem w spos\u00f3b samodzielny, nie musi za ka\u017cdym razem konsultowa\u0107 si\u0119 ze swoim szefem. Oznacza to, \u017ce zawarcie umowy kontraktowej mo\u017ce by\u0107 niezwykle kusz\u0105ce z perspektywy os\u00f3b, kt\u00f3re s\u0105 kreatywne, potrafi\u0105 dostosowywa\u0107 si\u0119 do aktualnie panuj\u0105cej sytuacji i s\u0105 jednocze\u015bnie elastyczne.<\/p>\n<p>Inn\u0105 jeszcze kwesti\u0105 jest ewentualna <strong>odpowiedzialno\u015b\u0107 menad\u017cera<\/strong> \u2013 trzeba pami\u0119ta\u0107, \u017ce w typowych kontraktach jest ona nieograniczona. Oznacza to, \u017ce <em>de facto<\/em> menad\u017cer powinien pomy\u015ble\u0107 o ubezpieczeniu od odpowiedzialno\u015bci cywilnej z tytu\u0142u dzia\u0142alno\u015bci, kt\u00f3ra dotyczy zarz\u0105dzania przedsi\u0119biorstwem. Ponadto, skoro kontrakt menad\u017cerski jest umow\u0105 cywilnoprawn\u0105, to menad\u017cer nie b\u0119dzie korzysta\u0142 z tych uprawnie\u0144, jakie wynikaj\u0105 z umowy o prac\u0119, a jedynie z tych, kt\u00f3re wynegocjowa\u0142 z przedsi\u0119biorc\u0105. Mowa tu m.in. o prawie do urlopu czy \u015bwiadcze\u0144 socjalnych. Co wi\u0119cej, b\u0119dzie mia\u0142 on r\u00f3wnie\u017c nienormowany czas pracy i fakt ten mo\u017ce by\u0107 k\u0142opotliwy np. dla os\u00f3b, kt\u00f3re chc\u0105 po\u015bwi\u0119ca\u0107 wi\u0119cej czasu rodzinie.<\/p>\n<\/div>\n","protected":false},"excerpt":{"rendered":"<p>Wz\u00f3r umowy kontraktowej zosta\u0142 przygotowany jako przyk\u0142adowy szablon o uniwersalnej tre\u015bci. Zawarte w nim zapisy trzeba uzupe\u0142ni\u0107 o niezb\u0119dne dane oraz doda\u0107 ewentualne dodatkowe ust\u0119py stosownie do ustale\u0144 zainteresowanych stron. Dokument udost\u0119pniamy do pobrania w dw\u00f3ch formatach, w tym edytowalnym, aby mo\u017cna by\u0142o bez problemu wype\u0142ni\u0107 b\u0105d\u017a dopisa\u0107 potrzebne tre\u015bci. Plik mo\u017cna edytowa\u0107 w programie\u00a0 MS Word, a tak\u017ce za pomoc\u0105 darmowych pakiet\u00f3w biurowych (Open Office lub Libre Office).<\/p>\n","protected":false},"featured_media":4729,"template":"","meta":[],"product_brand":[],"product_cat":[29],"product_tag":[257,259,256,260,258],"class_list":{"0":"post-4707","1":"product","2":"type-product","3":"status-publish","4":"has-post-thumbnail","6":"product_cat-wzory-cywilnoprawne","7":"product_tag-kontrakt-menedzerski","8":"product_tag-praca-na-kontrakcie","9":"product_tag-umowa-kontraktowa","10":"product_tag-umowa-kontraktowa-wzor","11":"product_tag-zatrudnienie-na-kontrakcie","13":"first","14":"instock","15":"shipping-taxable","16":"product-type-external"},"yoast_head":"<!-- This site is optimized with the Yoast SEO plugin v27.0 - https:\/\/yoast.com\/product\/yoast-seo-wordpress\/ -->\n<title>Wz\u00f3r umowy kontraktowej - Aplikuj.pl<\/title>\n<meta name=\"robots\" content=\"index, follow, max-snippet:-1, max-image-preview:large, max-video-preview:-1\" \/>\n<link rel=\"canonical\" href=\"https:\/\/www.aplikuj.pl\/dokumenty\/wzory-cywilnoprawne\/wzor-umowy-kontraktowej\/\" \/>\n<meta property=\"og:locale\" content=\"pl_PL\" \/>\n<meta property=\"og:type\" content=\"article\" \/>\n<meta property=\"og:title\" content=\"Wz\u00f3r umowy kontraktowej - Aplikuj.pl\" \/>\n<meta property=\"og:description\" content=\"Wz\u00f3r umowy kontraktowej zosta\u0142 przygotowany jako przyk\u0142adowy szablon o uniwersalnej tre\u015bci. Zawarte w nim zapisy trzeba uzupe\u0142ni\u0107 o niezb\u0119dne dane oraz doda\u0107 ewentualne dodatkowe ust\u0119py stosownie do ustale\u0144 zainteresowanych stron. Dokument udost\u0119pniamy do pobrania w dw\u00f3ch formatach, w tym edytowalnym, aby mo\u017cna by\u0142o bez problemu wype\u0142ni\u0107 b\u0105d\u017a dopisa\u0107 potrzebne tre\u015bci. Plik mo\u017cna edytowa\u0107 w programie\u00a0 MS Word, a tak\u017ce za pomoc\u0105 darmowych pakiet\u00f3w biurowych (Open Office lub Libre Office).\" \/>\n<meta property=\"og:url\" content=\"https:\/\/www.aplikuj.pl\/dokumenty\/wzory-cywilnoprawne\/wzor-umowy-kontraktowej\/\" \/>\n<meta property=\"og:site_name\" content=\"Aplikuj.pl\" \/>\n<meta property=\"article:modified_time\" content=\"2026-02-22T22:23:33+00:00\" \/>\n<meta property=\"og:image\" content=\"https:\/\/www.aplikuj.pl\/dokumenty\/wp-content\/uploads\/2020\/11\/umowa-o-prace-5.jpg\" \/>\n\t<meta property=\"og:image:width\" content=\"794\" \/>\n\t<meta property=\"og:image:height\" content=\"1123\" \/>\n\t<meta property=\"og:image:type\" content=\"image\/jpeg\" \/>\n<meta name=\"twitter:card\" content=\"summary_large_image\" \/>\n<meta name=\"twitter:label1\" content=\"Szacowany czas czytania\" \/>\n\t<meta name=\"twitter:data1\" content=\"2 minuty\" \/>\n<script type=\"application\/ld+json\" class=\"yoast-schema-graph\">{\"@context\":\"https:\/\/schema.org\",\"@graph\":[{\"@type\":\"WebPage\",\"@id\":\"https:\/\/www.aplikuj.pl\/dokumenty\/wzory-cywilnoprawne\/wzor-umowy-kontraktowej\/\",\"url\":\"https:\/\/www.aplikuj.pl\/dokumenty\/wzory-cywilnoprawne\/wzor-umowy-kontraktowej\/\",\"name\":\"Wz\u00f3r umowy kontraktowej - Aplikuj.pl\",\"isPartOf\":{\"@id\":\"https:\/\/www.aplikuj.pl\/dokumenty\/#website\"},\"primaryImageOfPage\":{\"@id\":\"https:\/\/www.aplikuj.pl\/dokumenty\/wzory-cywilnoprawne\/wzor-umowy-kontraktowej\/#primaryimage\"},\"image\":{\"@id\":\"https:\/\/www.aplikuj.pl\/dokumenty\/wzory-cywilnoprawne\/wzor-umowy-kontraktowej\/#primaryimage\"},\"thumbnailUrl\":\"https:\/\/www.aplikuj.pl\/dokumenty\/wp-content\/uploads\/2020\/11\/umowa-o-prace-5.jpg\",\"datePublished\":\"2020-11-13T13:51:45+00:00\",\"dateModified\":\"2026-02-22T22:23:33+00:00\",\"breadcrumb\":{\"@id\":\"https:\/\/www.aplikuj.pl\/dokumenty\/wzory-cywilnoprawne\/wzor-umowy-kontraktowej\/#breadcrumb\"},\"inLanguage\":\"pl-PL\",\"potentialAction\":[{\"@type\":\"ReadAction\",\"target\":[\"https:\/\/www.aplikuj.pl\/dokumenty\/wzory-cywilnoprawne\/wzor-umowy-kontraktowej\/\"]}]},{\"@type\":\"ImageObject\",\"inLanguage\":\"pl-PL\",\"@id\":\"https:\/\/www.aplikuj.pl\/dokumenty\/wzory-cywilnoprawne\/wzor-umowy-kontraktowej\/#primaryimage\",\"url\":\"https:\/\/www.aplikuj.pl\/dokumenty\/wp-content\/uploads\/2020\/11\/umowa-o-prace-5.jpg\",\"contentUrl\":\"https:\/\/www.aplikuj.pl\/dokumenty\/wp-content\/uploads\/2020\/11\/umowa-o-prace-5.jpg\",\"width\":794,\"height\":1123,\"caption\":\"Grafika do dokumentu\"},{\"@type\":\"BreadcrumbList\",\"@id\":\"https:\/\/www.aplikuj.pl\/dokumenty\/wzory-cywilnoprawne\/wzor-umowy-kontraktowej\/#breadcrumb\",\"itemListElement\":[{\"@type\":\"ListItem\",\"position\":1,\"name\":\"Dokumenty HR\",\"item\":\"https:\/\/www.aplikuj.pl\/dokumenty\/\"},{\"@type\":\"ListItem\",\"position\":2,\"name\":\"umowa-o-prace\",\"item\":\"https:\/\/www.aplikuj.pl\/dokumenty\/umowa-o-prace\/\"},{\"@type\":\"ListItem\",\"position\":3,\"name\":\"Wzory um\u00f3w cywilnoprawnych\",\"item\":\"https:\/\/www.aplikuj.pl\/dokumenty\/wzory-cywilnoprawne\/\"},{\"@type\":\"ListItem\",\"position\":4,\"name\":\"Wz\u00f3r umowy kontraktowej\"}]},{\"@type\":\"WebSite\",\"@id\":\"https:\/\/www.aplikuj.pl\/dokumenty\/#website\",\"url\":\"https:\/\/www.aplikuj.pl\/dokumenty\/\",\"name\":\"Aplikuj.pl\",\"description\":\"Profesjonalne i darmowe wzory dokument\u00f3w HR\",\"publisher\":{\"@id\":\"https:\/\/www.aplikuj.pl\/dokumenty\/#organization\"},\"potentialAction\":[{\"@type\":\"SearchAction\",\"target\":{\"@type\":\"EntryPoint\",\"urlTemplate\":\"https:\/\/www.aplikuj.pl\/dokumenty\/?s={search_term_string}\"},\"query-input\":{\"@type\":\"PropertyValueSpecification\",\"valueRequired\":true,\"valueName\":\"search_term_string\"}}],\"inLanguage\":\"pl-PL\"},{\"@type\":\"Organization\",\"@id\":\"https:\/\/www.aplikuj.pl\/dokumenty\/#organization\",\"name\":\"Aplikuj.pl\",\"url\":\"https:\/\/www.aplikuj.pl\/dokumenty\/\",\"logo\":{\"@type\":\"ImageObject\",\"inLanguage\":\"pl-PL\",\"@id\":\"https:\/\/www.aplikuj.pl\/dokumenty\/#\/schema\/logo\/image\/\",\"url\":\"\",\"contentUrl\":\"\",\"caption\":\"Aplikuj.pl\"},\"image\":{\"@id\":\"https:\/\/www.aplikuj.pl\/dokumenty\/#\/schema\/logo\/image\/\"}}]}<\/script>\n<!-- \/ Yoast SEO plugin. -->","yoast_head_json":{"title":"Wz\u00f3r umowy kontraktowej - Aplikuj.pl","robots":{"index":"index","follow":"follow","max-snippet":"max-snippet:-1","max-image-preview":"max-image-preview:large","max-video-preview":"max-video-preview:-1"},"canonical":"https:\/\/www.aplikuj.pl\/dokumenty\/wzory-cywilnoprawne\/wzor-umowy-kontraktowej\/","og_locale":"pl_PL","og_type":"article","og_title":"Wz\u00f3r umowy kontraktowej - Aplikuj.pl","og_description":"Wz\u00f3r umowy kontraktowej zosta\u0142 przygotowany jako przyk\u0142adowy szablon o uniwersalnej tre\u015bci. Zawarte w nim zapisy trzeba uzupe\u0142ni\u0107 o niezb\u0119dne dane oraz doda\u0107 ewentualne dodatkowe ust\u0119py stosownie do ustale\u0144 zainteresowanych stron. Dokument udost\u0119pniamy do pobrania w dw\u00f3ch formatach, w tym edytowalnym, aby mo\u017cna by\u0142o bez problemu wype\u0142ni\u0107 b\u0105d\u017a dopisa\u0107 potrzebne tre\u015bci. Plik mo\u017cna edytowa\u0107 w programie\u00a0 MS Word, a tak\u017ce za pomoc\u0105 darmowych pakiet\u00f3w biurowych (Open Office lub Libre Office).","og_url":"https:\/\/www.aplikuj.pl\/dokumenty\/wzory-cywilnoprawne\/wzor-umowy-kontraktowej\/","og_site_name":"Aplikuj.pl","article_modified_time":"2026-02-22T22:23:33+00:00","og_image":[{"width":794,"height":1123,"url":"https:\/\/www.aplikuj.pl\/dokumenty\/wp-content\/uploads\/2020\/11\/umowa-o-prace-5.jpg","type":"image\/jpeg"}],"twitter_card":"summary_large_image","twitter_misc":{"Szacowany czas czytania":"2 minuty"},"schema":{"@context":"https:\/\/schema.org","@graph":[{"@type":"WebPage","@id":"https:\/\/www.aplikuj.pl\/dokumenty\/wzory-cywilnoprawne\/wzor-umowy-kontraktowej\/","url":"https:\/\/www.aplikuj.pl\/dokumenty\/wzory-cywilnoprawne\/wzor-umowy-kontraktowej\/","name":"Wz\u00f3r umowy kontraktowej - Aplikuj.pl","isPartOf":{"@id":"https:\/\/www.aplikuj.pl\/dokumenty\/#website"},"primaryImageOfPage":{"@id":"https:\/\/www.aplikuj.pl\/dokumenty\/wzory-cywilnoprawne\/wzor-umowy-kontraktowej\/#primaryimage"},"image":{"@id":"https:\/\/www.aplikuj.pl\/dokumenty\/wzory-cywilnoprawne\/wzor-umowy-kontraktowej\/#primaryimage"},"thumbnailUrl":"https:\/\/www.aplikuj.pl\/dokumenty\/wp-content\/uploads\/2020\/11\/umowa-o-prace-5.jpg","datePublished":"2020-11-13T13:51:45+00:00","dateModified":"2026-02-22T22:23:33+00:00","breadcrumb":{"@id":"https:\/\/www.aplikuj.pl\/dokumenty\/wzory-cywilnoprawne\/wzor-umowy-kontraktowej\/#breadcrumb"},"inLanguage":"pl-PL","potentialAction":[{"@type":"ReadAction","target":["https:\/\/www.aplikuj.pl\/dokumenty\/wzory-cywilnoprawne\/wzor-umowy-kontraktowej\/"]}]},{"@type":"ImageObject","inLanguage":"pl-PL","@id":"https:\/\/www.aplikuj.pl\/dokumenty\/wzory-cywilnoprawne\/wzor-umowy-kontraktowej\/#primaryimage","url":"https:\/\/www.aplikuj.pl\/dokumenty\/wp-content\/uploads\/2020\/11\/umowa-o-prace-5.jpg","contentUrl":"https:\/\/www.aplikuj.pl\/dokumenty\/wp-content\/uploads\/2020\/11\/umowa-o-prace-5.jpg","width":794,"height":1123,"caption":"Grafika do dokumentu"},{"@type":"BreadcrumbList","@id":"https:\/\/www.aplikuj.pl\/dokumenty\/wzory-cywilnoprawne\/wzor-umowy-kontraktowej\/#breadcrumb","itemListElement":[{"@type":"ListItem","position":1,"name":"Dokumenty HR","item":"https:\/\/www.aplikuj.pl\/dokumenty\/"},{"@type":"ListItem","position":2,"name":"umowa-o-prace","item":"https:\/\/www.aplikuj.pl\/dokumenty\/umowa-o-prace\/"},{"@type":"ListItem","position":3,"name":"Wzory um\u00f3w cywilnoprawnych","item":"https:\/\/www.aplikuj.pl\/dokumenty\/wzory-cywilnoprawne\/"},{"@type":"ListItem","position":4,"name":"Wz\u00f3r umowy kontraktowej"}]},{"@type":"WebSite","@id":"https:\/\/www.aplikuj.pl\/dokumenty\/#website","url":"https:\/\/www.aplikuj.pl\/dokumenty\/","name":"Aplikuj.pl","description":"Profesjonalne i darmowe wzory dokument\u00f3w HR","publisher":{"@id":"https:\/\/www.aplikuj.pl\/dokumenty\/#organization"},"potentialAction":[{"@type":"SearchAction","target":{"@type":"EntryPoint","urlTemplate":"https:\/\/www.aplikuj.pl\/dokumenty\/?s={search_term_string}"},"query-input":{"@type":"PropertyValueSpecification","valueRequired":true,"valueName":"search_term_string"}}],"inLanguage":"pl-PL"},{"@type":"Organization","@id":"https:\/\/www.aplikuj.pl\/dokumenty\/#organization","name":"Aplikuj.pl","url":"https:\/\/www.aplikuj.pl\/dokumenty\/","logo":{"@type":"ImageObject","inLanguage":"pl-PL","@id":"https:\/\/www.aplikuj.pl\/dokumenty\/#\/schema\/logo\/image\/","url":"","contentUrl":"","caption":"Aplikuj.pl"},"image":{"@id":"https:\/\/www.aplikuj.pl\/dokumenty\/#\/schema\/logo\/image\/"}}]}},"_links":{"self":[{"href":"https:\/\/www.aplikuj.pl\/dokumenty\/wp-json\/wp\/v2\/product\/4707","targetHints":{"allow":["GET"]}}],"collection":[{"href":"https:\/\/www.aplikuj.pl\/dokumenty\/wp-json\/wp\/v2\/product"}],"about":[{"href":"https:\/\/www.aplikuj.pl\/dokumenty\/wp-json\/wp\/v2\/types\/product"}],"version-history":[{"count":2,"href":"https:\/\/www.aplikuj.pl\/dokumenty\/wp-json\/wp\/v2\/product\/4707\/revisions"}],"predecessor-version":[{"id":5192,"href":"https:\/\/www.aplikuj.pl\/dokumenty\/wp-json\/wp\/v2\/product\/4707\/revisions\/5192"}],"wp:featuredmedia":[{"embeddable":true,"href":"https:\/\/www.aplikuj.pl\/dokumenty\/wp-json\/wp\/v2\/media\/4729"}],"wp:attachment":[{"href":"https:\/\/www.aplikuj.pl\/dokumenty\/wp-json\/wp\/v2\/media?parent=4707"}],"wp:term":[{"taxonomy":"product_brand","embeddable":true,"href":"https:\/\/www.aplikuj.pl\/dokumenty\/wp-json\/wp\/v2\/product_brand?post=4707"},{"taxonomy":"product_cat","embeddable":true,"href":"https:\/\/www.aplikuj.pl\/dokumenty\/wp-json\/wp\/v2\/product_cat?post=4707"},{"taxonomy":"product_tag","embeddable":true,"href":"https:\/\/www.aplikuj.pl\/dokumenty\/wp-json\/wp\/v2\/product_tag?post=4707"}],"curies":[{"name":"wp","href":"https:\/\/api.w.org\/{rel}","templated":true}]}}