{"id":4686,"date":"2020-11-05T13:29:29","date_gmt":"2020-11-05T12:29:29","guid":{"rendered":"https:\/\/www.aplikuj.pl\/dokumenty\/?post_type=product&#038;p=4686"},"modified":"2026-02-22T23:23:33","modified_gmt":"2026-02-22T22:23:33","slug":"wzor-umowy-o-prace-w-celu-przygotowania-zawodowego","status":"publish","type":"product","link":"https:\/\/www.aplikuj.pl\/dokumenty\/umowa-o-prace\/wzor-umowy-o-prace-w-celu-przygotowania-zawodowego\/","title":{"rendered":"Wz\u00f3r umowy o prac\u0119 w celu przygotowania zawodowego"},"content":{"rendered":"<h2>Praca w celu przygotowania zawodowego<\/h2>\n<p>Pracodawca, kt\u00f3ry zdecyduje si\u0119 na zatrudnienie pracownika m\u0142odocianego, musi pami\u0119ta\u0107 o tym, aby liczy\u0107 si\u0119 z normami ochronnymi znajduj\u0105cymi si\u0119 w Kodeksie pracy, a kt\u00f3re dotycz\u0105 tej grupy pracownik\u00f3w. Mowa tu nie tylko o szczeg\u00f3lnej ochronie zdrowia czy \u017cycia zatrudnionych, ale r\u00f3wnie cho\u0107by o zakazie wykonywania przez pracownik\u00f3w m\u0142odocianych pracy w godzinach nocnych czy te\u017c w godzinach nadliczbowych. Odr\u0119bne przepisy dotycz\u0105 tak\u017ce wykazu prac, jakich pracownicy m\u0142odociani nie mog\u0105 wykonywa\u0107 czy urlop\u00f3w, z jakich mog\u0105 oni skorzysta\u0107.<\/p>\n<p>Osoba zatrudniona na<strong> umowie w celu przygotowania zawodowego<\/strong> ma r\u00f3wnie\u017c prawo do dodatkowych przerw. Dodatkowo musi si\u0119 ona dokszta\u0142ca\u0107 do uko\u0144czenia 18 lat \u2013 w szczeg\u00f3lno\u015bci jest zobowi\u0105zana do dokszta\u0142cania si\u0119:<\/p>\n<ul>\n<li>w zakresie szko\u0142y podstawowej i gimnazjum, je\u017celi takiej szko\u0142y nie uko\u0144czy\u0142a,<\/li>\n<li>w zakresie szko\u0142y ponadgimnazjalnej w formach pozaszkolnych.<\/li>\n<\/ul>\n<h2>Formalno\u015bci na umowie w celu przygotowania zawodowego<\/h2>\n<p>Umowa o prac\u0119 w celu przygotowania zawodowego to przede wszystkim umowa o prac\u0119. W zwi\u0105zku z powy\u017cszym pracodawca musi liczy\u0107 si\u0119 z konieczno\u015bci\u0105 zg\u0142oszenia pracownika m\u0142odocianego do Zak\u0142adu Ubezpiecze\u0144 Spo\u0142ecznych. Z tytu\u0142u wykonywania pracy b\u0119dzie on obowi\u0105zkowo podlega\u0142 wszystkim ubezpieczeniom spo\u0142ecznym (ubezpieczenie emerytalne, rentowe, wypadkowe i chorobowe). Ponadto, niezb\u0119dne b\u0119dzie te\u017c odprowadzanie sk\u0142adek na ubezpieczenie zdrowotne.<\/p>\n<p>Zg\u0142oszenia pracownika m\u0142odocianego do poszczeg\u00f3lnych ubezpiecze\u0144 ma obowi\u0105zek dokona\u0107 p\u0142atnik sk\u0142adek, czyli podmiot zatrudniaj\u0105cy. Przy obliczaniu sk\u0142adek powinien on przyj\u0105\u0107 og\u00f3lne zasady, jakie dotycz\u0105 wszystkich os\u00f3b zatrudnionych w\u0142a\u015bnie w oparciu o umow\u0119 o prac\u0119.<\/p>\n<h2>Rozwi\u0105zanie umowy o prac\u0119 w celu przygotowania zawodowego<\/h2>\n<p>Poniewa\u017c umowa o prac\u0119 w celu przygotowania zawodowego jest szczeg\u00f3lna, ustawodawca r\u00f3wnie\u017c okre\u015bli\u0142, w jaki spos\u00f3b mo\u017cliwe jest jej rozwi\u0105zanie. Zgodnie z art. 196 Kodeksu pracy rozwi\u0105zanie takiej umowy jest mo\u017cliwe tylko w razie:<\/p>\n<ul>\n<li>sytuacji, gdy pracownik m\u0142odociany nie wype\u0142nia swoich obowi\u0105zk\u00f3w wynikaj\u0105cych z zawartej umowy lub obowi\u0105zku dokszta\u0142cania si\u0119, cho\u0107 zastosowano \u015brodki wychowawcze,<\/li>\n<li>og\u0142oszenia likwidacji lub upad\u0142o\u015bci pracodawcy,<\/li>\n<li>reorganizacji zak\u0142adu pracy uniemo\u017cliwiaj\u0105cej kontynuowanie przygotowania zawodowego,<\/li>\n<li>stwierdzenia nieprzydatno\u015bci m\u0142odocianego do pracy, w zakresie kt\u00f3rej odbywa przygotowanie zawodowe.<\/li>\n<\/ul>\n<p>W stosunku do &#8222;zwyk\u0142ych&#8221; um\u00f3w o prac\u0119 jest to spora r\u00f3\u017cnica \u2013 ustawodawca dok\u0142adnie wskaza\u0142 katalog powod\u00f3w, dla kt\u00f3rych pracodawca mo\u017ce rozwi\u0105za\u0107 z uczniem stosunek pracy, a zatem jest to kolejny przejaw ochrony prawnej pracownik\u00f3w m\u0142odocianych w pracy.<\/p>\n<p>&nbsp;<\/p>\n","protected":false},"excerpt":{"rendered":"<p>Wz\u00f3r umowy o prac\u0119 w celu przygotowania zawodowego zosta\u0142 przygotowany wed\u0142ug aktualnych norm prawnych. Gotowy szablon nale\u017cy uzupe\u0142ni\u0107 danymi zatrudniaj\u0105cego i pracownika m\u0142odocianego oraz stosownymi informacjami zgodnie z ustaleniami stron. Pobranie szablonu umowy w wersji edytowalnej doc. umo\u017cliwia edycj\u0119 tre\u015bci za pomoc\u0105 jednego z popularnych program\u00f3w do pracy z tekstem. Dokument mo\u017cna edytowa\u0107 w programie\u00a0 MS Word, a tak\u017ce za pomoc\u0105 darmowych pakiet\u00f3w biurowych (Open Office lub Libre Office).<\/p>\n","protected":false},"featured_media":4727,"template":"","meta":[],"product_brand":[],"product_cat":[21],"product_tag":[361,362],"class_list":{"0":"post-4686","1":"product","2":"type-product","3":"status-publish","4":"has-post-thumbnail","6":"product_cat-umowa-o-prace","7":"product_tag-umowa-o-prace-w-celu-przygotowania-zawodowego","8":"product_tag-wzor-umowy-z-pracownikiem-mlodocianym","10":"first","11":"instock","12":"shipping-taxable","13":"product-type-external"},"yoast_head":"<!-- This site is optimized with the Yoast SEO plugin v27.0 - https:\/\/yoast.com\/product\/yoast-seo-wordpress\/ -->\n<title>Wz\u00f3r umowy o prac\u0119 w celu przygotowania zawodowego - Aplikuj.pl<\/title>\n<meta name=\"robots\" content=\"index, follow, max-snippet:-1, max-image-preview:large, max-video-preview:-1\" \/>\n<link rel=\"canonical\" href=\"https:\/\/www.aplikuj.pl\/dokumenty\/umowa-o-prace\/wzor-umowy-o-prace-w-celu-przygotowania-zawodowego\/\" \/>\n<meta property=\"og:locale\" content=\"pl_PL\" \/>\n<meta property=\"og:type\" content=\"article\" \/>\n<meta property=\"og:title\" content=\"Wz\u00f3r umowy o prac\u0119 w celu przygotowania zawodowego - Aplikuj.pl\" \/>\n<meta property=\"og:description\" content=\"Wz\u00f3r umowy o prac\u0119 w celu przygotowania zawodowego zosta\u0142 przygotowany wed\u0142ug aktualnych norm prawnych. Gotowy szablon nale\u017cy uzupe\u0142ni\u0107 danymi zatrudniaj\u0105cego i pracownika m\u0142odocianego oraz stosownymi informacjami zgodnie z ustaleniami stron. Pobranie szablonu umowy w wersji edytowalnej doc. umo\u017cliwia edycj\u0119 tre\u015bci za pomoc\u0105 jednego z popularnych program\u00f3w do pracy z tekstem. Dokument mo\u017cna edytowa\u0107 w programie\u00a0 MS Word, a tak\u017ce za pomoc\u0105 darmowych pakiet\u00f3w biurowych (Open Office lub Libre Office).\" \/>\n<meta property=\"og:url\" content=\"https:\/\/www.aplikuj.pl\/dokumenty\/umowa-o-prace\/wzor-umowy-o-prace-w-celu-przygotowania-zawodowego\/\" \/>\n<meta property=\"og:site_name\" content=\"Aplikuj.pl\" \/>\n<meta property=\"article:modified_time\" content=\"2026-02-22T22:23:33+00:00\" \/>\n<meta property=\"og:image\" content=\"https:\/\/www.aplikuj.pl\/dokumenty\/wp-content\/uploads\/2020\/11\/umowa-o-prace-3.jpg\" \/>\n\t<meta property=\"og:image:width\" content=\"794\" \/>\n\t<meta property=\"og:image:height\" content=\"1123\" \/>\n\t<meta property=\"og:image:type\" content=\"image\/jpeg\" \/>\n<meta name=\"twitter:card\" content=\"summary_large_image\" \/>\n<meta name=\"twitter:label1\" content=\"Szacowany czas czytania\" \/>\n\t<meta name=\"twitter:data1\" content=\"2 minuty\" \/>\n<script type=\"application\/ld+json\" class=\"yoast-schema-graph\">{\"@context\":\"https:\/\/schema.org\",\"@graph\":[{\"@type\":\"WebPage\",\"@id\":\"https:\/\/www.aplikuj.pl\/dokumenty\/umowa-o-prace\/wzor-umowy-o-prace-w-celu-przygotowania-zawodowego\/\",\"url\":\"https:\/\/www.aplikuj.pl\/dokumenty\/umowa-o-prace\/wzor-umowy-o-prace-w-celu-przygotowania-zawodowego\/\",\"name\":\"Wz\u00f3r umowy o prac\u0119 w celu przygotowania zawodowego - Aplikuj.pl\",\"isPartOf\":{\"@id\":\"https:\/\/www.aplikuj.pl\/dokumenty\/#website\"},\"primaryImageOfPage\":{\"@id\":\"https:\/\/www.aplikuj.pl\/dokumenty\/umowa-o-prace\/wzor-umowy-o-prace-w-celu-przygotowania-zawodowego\/#primaryimage\"},\"image\":{\"@id\":\"https:\/\/www.aplikuj.pl\/dokumenty\/umowa-o-prace\/wzor-umowy-o-prace-w-celu-przygotowania-zawodowego\/#primaryimage\"},\"thumbnailUrl\":\"https:\/\/www.aplikuj.pl\/dokumenty\/wp-content\/uploads\/2020\/11\/umowa-o-prace-3.jpg\",\"datePublished\":\"2020-11-05T12:29:29+00:00\",\"dateModified\":\"2026-02-22T22:23:33+00:00\",\"breadcrumb\":{\"@id\":\"https:\/\/www.aplikuj.pl\/dokumenty\/umowa-o-prace\/wzor-umowy-o-prace-w-celu-przygotowania-zawodowego\/#breadcrumb\"},\"inLanguage\":\"pl-PL\",\"potentialAction\":[{\"@type\":\"ReadAction\",\"target\":[\"https:\/\/www.aplikuj.pl\/dokumenty\/umowa-o-prace\/wzor-umowy-o-prace-w-celu-przygotowania-zawodowego\/\"]}]},{\"@type\":\"ImageObject\",\"inLanguage\":\"pl-PL\",\"@id\":\"https:\/\/www.aplikuj.pl\/dokumenty\/umowa-o-prace\/wzor-umowy-o-prace-w-celu-przygotowania-zawodowego\/#primaryimage\",\"url\":\"https:\/\/www.aplikuj.pl\/dokumenty\/wp-content\/uploads\/2020\/11\/umowa-o-prace-3.jpg\",\"contentUrl\":\"https:\/\/www.aplikuj.pl\/dokumenty\/wp-content\/uploads\/2020\/11\/umowa-o-prace-3.jpg\",\"width\":794,\"height\":1123,\"caption\":\"Wz\u00f3r umowy w celu przygotowania zawodowego grafika\"},{\"@type\":\"BreadcrumbList\",\"@id\":\"https:\/\/www.aplikuj.pl\/dokumenty\/umowa-o-prace\/wzor-umowy-o-prace-w-celu-przygotowania-zawodowego\/#breadcrumb\",\"itemListElement\":[{\"@type\":\"ListItem\",\"position\":1,\"name\":\"Dokumenty HR\",\"item\":\"https:\/\/www.aplikuj.pl\/dokumenty\/\"},{\"@type\":\"ListItem\",\"position\":2,\"name\":\"umowa-o-prace\",\"item\":\"https:\/\/www.aplikuj.pl\/dokumenty\/umowa-o-prace\/\"},{\"@type\":\"ListItem\",\"position\":3,\"name\":\"Umowa o prac\u0119\",\"item\":\"https:\/\/www.aplikuj.pl\/dokumenty\/umowa-o-prace\/\"},{\"@type\":\"ListItem\",\"position\":4,\"name\":\"Wz\u00f3r umowy o prac\u0119 w celu przygotowania zawodowego\"}]},{\"@type\":\"WebSite\",\"@id\":\"https:\/\/www.aplikuj.pl\/dokumenty\/#website\",\"url\":\"https:\/\/www.aplikuj.pl\/dokumenty\/\",\"name\":\"Aplikuj.pl\",\"description\":\"Profesjonalne i darmowe wzory dokument\u00f3w HR\",\"publisher\":{\"@id\":\"https:\/\/www.aplikuj.pl\/dokumenty\/#organization\"},\"potentialAction\":[{\"@type\":\"SearchAction\",\"target\":{\"@type\":\"EntryPoint\",\"urlTemplate\":\"https:\/\/www.aplikuj.pl\/dokumenty\/?s={search_term_string}\"},\"query-input\":{\"@type\":\"PropertyValueSpecification\",\"valueRequired\":true,\"valueName\":\"search_term_string\"}}],\"inLanguage\":\"pl-PL\"},{\"@type\":\"Organization\",\"@id\":\"https:\/\/www.aplikuj.pl\/dokumenty\/#organization\",\"name\":\"Aplikuj.pl\",\"url\":\"https:\/\/www.aplikuj.pl\/dokumenty\/\",\"logo\":{\"@type\":\"ImageObject\",\"inLanguage\":\"pl-PL\",\"@id\":\"https:\/\/www.aplikuj.pl\/dokumenty\/#\/schema\/logo\/image\/\",\"url\":\"\",\"contentUrl\":\"\",\"caption\":\"Aplikuj.pl\"},\"image\":{\"@id\":\"https:\/\/www.aplikuj.pl\/dokumenty\/#\/schema\/logo\/image\/\"}}]}<\/script>\n<!-- \/ Yoast SEO plugin. -->","yoast_head_json":{"title":"Wz\u00f3r umowy o prac\u0119 w celu przygotowania zawodowego - Aplikuj.pl","robots":{"index":"index","follow":"follow","max-snippet":"max-snippet:-1","max-image-preview":"max-image-preview:large","max-video-preview":"max-video-preview:-1"},"canonical":"https:\/\/www.aplikuj.pl\/dokumenty\/umowa-o-prace\/wzor-umowy-o-prace-w-celu-przygotowania-zawodowego\/","og_locale":"pl_PL","og_type":"article","og_title":"Wz\u00f3r umowy o prac\u0119 w celu przygotowania zawodowego - Aplikuj.pl","og_description":"Wz\u00f3r umowy o prac\u0119 w celu przygotowania zawodowego zosta\u0142 przygotowany wed\u0142ug aktualnych norm prawnych. Gotowy szablon nale\u017cy uzupe\u0142ni\u0107 danymi zatrudniaj\u0105cego i pracownika m\u0142odocianego oraz stosownymi informacjami zgodnie z ustaleniami stron. Pobranie szablonu umowy w wersji edytowalnej doc. umo\u017cliwia edycj\u0119 tre\u015bci za pomoc\u0105 jednego z popularnych program\u00f3w do pracy z tekstem. Dokument mo\u017cna edytowa\u0107 w programie\u00a0 MS Word, a tak\u017ce za pomoc\u0105 darmowych pakiet\u00f3w biurowych (Open Office lub Libre Office).","og_url":"https:\/\/www.aplikuj.pl\/dokumenty\/umowa-o-prace\/wzor-umowy-o-prace-w-celu-przygotowania-zawodowego\/","og_site_name":"Aplikuj.pl","article_modified_time":"2026-02-22T22:23:33+00:00","og_image":[{"width":794,"height":1123,"url":"https:\/\/www.aplikuj.pl\/dokumenty\/wp-content\/uploads\/2020\/11\/umowa-o-prace-3.jpg","type":"image\/jpeg"}],"twitter_card":"summary_large_image","twitter_misc":{"Szacowany czas czytania":"2 minuty"},"schema":{"@context":"https:\/\/schema.org","@graph":[{"@type":"WebPage","@id":"https:\/\/www.aplikuj.pl\/dokumenty\/umowa-o-prace\/wzor-umowy-o-prace-w-celu-przygotowania-zawodowego\/","url":"https:\/\/www.aplikuj.pl\/dokumenty\/umowa-o-prace\/wzor-umowy-o-prace-w-celu-przygotowania-zawodowego\/","name":"Wz\u00f3r umowy o prac\u0119 w celu przygotowania zawodowego - Aplikuj.pl","isPartOf":{"@id":"https:\/\/www.aplikuj.pl\/dokumenty\/#website"},"primaryImageOfPage":{"@id":"https:\/\/www.aplikuj.pl\/dokumenty\/umowa-o-prace\/wzor-umowy-o-prace-w-celu-przygotowania-zawodowego\/#primaryimage"},"image":{"@id":"https:\/\/www.aplikuj.pl\/dokumenty\/umowa-o-prace\/wzor-umowy-o-prace-w-celu-przygotowania-zawodowego\/#primaryimage"},"thumbnailUrl":"https:\/\/www.aplikuj.pl\/dokumenty\/wp-content\/uploads\/2020\/11\/umowa-o-prace-3.jpg","datePublished":"2020-11-05T12:29:29+00:00","dateModified":"2026-02-22T22:23:33+00:00","breadcrumb":{"@id":"https:\/\/www.aplikuj.pl\/dokumenty\/umowa-o-prace\/wzor-umowy-o-prace-w-celu-przygotowania-zawodowego\/#breadcrumb"},"inLanguage":"pl-PL","potentialAction":[{"@type":"ReadAction","target":["https:\/\/www.aplikuj.pl\/dokumenty\/umowa-o-prace\/wzor-umowy-o-prace-w-celu-przygotowania-zawodowego\/"]}]},{"@type":"ImageObject","inLanguage":"pl-PL","@id":"https:\/\/www.aplikuj.pl\/dokumenty\/umowa-o-prace\/wzor-umowy-o-prace-w-celu-przygotowania-zawodowego\/#primaryimage","url":"https:\/\/www.aplikuj.pl\/dokumenty\/wp-content\/uploads\/2020\/11\/umowa-o-prace-3.jpg","contentUrl":"https:\/\/www.aplikuj.pl\/dokumenty\/wp-content\/uploads\/2020\/11\/umowa-o-prace-3.jpg","width":794,"height":1123,"caption":"Wz\u00f3r umowy w celu przygotowania zawodowego grafika"},{"@type":"BreadcrumbList","@id":"https:\/\/www.aplikuj.pl\/dokumenty\/umowa-o-prace\/wzor-umowy-o-prace-w-celu-przygotowania-zawodowego\/#breadcrumb","itemListElement":[{"@type":"ListItem","position":1,"name":"Dokumenty HR","item":"https:\/\/www.aplikuj.pl\/dokumenty\/"},{"@type":"ListItem","position":2,"name":"umowa-o-prace","item":"https:\/\/www.aplikuj.pl\/dokumenty\/umowa-o-prace\/"},{"@type":"ListItem","position":3,"name":"Umowa o prac\u0119","item":"https:\/\/www.aplikuj.pl\/dokumenty\/umowa-o-prace\/"},{"@type":"ListItem","position":4,"name":"Wz\u00f3r umowy o prac\u0119 w celu przygotowania zawodowego"}]},{"@type":"WebSite","@id":"https:\/\/www.aplikuj.pl\/dokumenty\/#website","url":"https:\/\/www.aplikuj.pl\/dokumenty\/","name":"Aplikuj.pl","description":"Profesjonalne i darmowe wzory dokument\u00f3w HR","publisher":{"@id":"https:\/\/www.aplikuj.pl\/dokumenty\/#organization"},"potentialAction":[{"@type":"SearchAction","target":{"@type":"EntryPoint","urlTemplate":"https:\/\/www.aplikuj.pl\/dokumenty\/?s={search_term_string}"},"query-input":{"@type":"PropertyValueSpecification","valueRequired":true,"valueName":"search_term_string"}}],"inLanguage":"pl-PL"},{"@type":"Organization","@id":"https:\/\/www.aplikuj.pl\/dokumenty\/#organization","name":"Aplikuj.pl","url":"https:\/\/www.aplikuj.pl\/dokumenty\/","logo":{"@type":"ImageObject","inLanguage":"pl-PL","@id":"https:\/\/www.aplikuj.pl\/dokumenty\/#\/schema\/logo\/image\/","url":"","contentUrl":"","caption":"Aplikuj.pl"},"image":{"@id":"https:\/\/www.aplikuj.pl\/dokumenty\/#\/schema\/logo\/image\/"}}]}},"_links":{"self":[{"href":"https:\/\/www.aplikuj.pl\/dokumenty\/wp-json\/wp\/v2\/product\/4686","targetHints":{"allow":["GET"]}}],"collection":[{"href":"https:\/\/www.aplikuj.pl\/dokumenty\/wp-json\/wp\/v2\/product"}],"about":[{"href":"https:\/\/www.aplikuj.pl\/dokumenty\/wp-json\/wp\/v2\/types\/product"}],"version-history":[{"count":2,"href":"https:\/\/www.aplikuj.pl\/dokumenty\/wp-json\/wp\/v2\/product\/4686\/revisions"}],"predecessor-version":[{"id":5190,"href":"https:\/\/www.aplikuj.pl\/dokumenty\/wp-json\/wp\/v2\/product\/4686\/revisions\/5190"}],"wp:featuredmedia":[{"embeddable":true,"href":"https:\/\/www.aplikuj.pl\/dokumenty\/wp-json\/wp\/v2\/media\/4727"}],"wp:attachment":[{"href":"https:\/\/www.aplikuj.pl\/dokumenty\/wp-json\/wp\/v2\/media?parent=4686"}],"wp:term":[{"taxonomy":"product_brand","embeddable":true,"href":"https:\/\/www.aplikuj.pl\/dokumenty\/wp-json\/wp\/v2\/product_brand?post=4686"},{"taxonomy":"product_cat","embeddable":true,"href":"https:\/\/www.aplikuj.pl\/dokumenty\/wp-json\/wp\/v2\/product_cat?post=4686"},{"taxonomy":"product_tag","embeddable":true,"href":"https:\/\/www.aplikuj.pl\/dokumenty\/wp-json\/wp\/v2\/product_tag?post=4686"}],"curies":[{"name":"wp","href":"https:\/\/api.w.org\/{rel}","templated":true}]}}