{"id":4628,"date":"2020-10-29T13:12:14","date_gmt":"2020-10-29T12:12:14","guid":{"rendered":"https:\/\/www.aplikuj.pl\/dokumenty\/?post_type=product&#038;p=4628"},"modified":"2026-02-22T23:23:33","modified_gmt":"2026-02-22T22:23:33","slug":"wzor-umowy-o-praktyki-absolwenckie","status":"publish","type":"product","link":"https:\/\/www.aplikuj.pl\/dokumenty\/wzory-cywilnoprawne\/wzor-umowy-o-praktyki-absolwenckie\/","title":{"rendered":"Wz\u00f3r umowy o praktyki absolwenckie"},"content":{"rendered":"<h2><span class=\"current\">Wz\u00f3r umowy o praktyki absolwenckie<\/span><\/h2>\n<p>Zatrudnienie na praktyki absolwenckie ma na celu pomoc w zdobyciu do\u015bwiadczenia zawodowego i zdobycia praktycznych umiej\u0119tno\u015bci do wykonywania pracy. Cho\u0107 nazwa wskazuje, \u017ce taka mo\u017cliwo\u015b\u0107 przys\u0142uguje osobom, kt\u00f3re uko\u0144czy\u0142y studia, tak naprawd\u0119 <strong>umow\u0119 o praktyki<\/strong> mo\u017ce podpisa\u0107 ka\u017cdy, kto uko\u0144czy\u0142 gimnazjum lub o\u015bmioletni\u0105 szko\u0142\u0119 podstawow\u0105, a w dniu rozpocz\u0119cia praktyk ma mniej ni\u017c 30 lat.<\/p>\n<p>Wz\u00f3r umowy o praktyki absolwenckie przyda si\u0119 pracodawcom decyduj\u0105cym si\u0119 na zatrudnienie praktykanta. Warto pami\u0119ta\u0107, \u017ce umowa o praktyki nie jest tym samym, co umowa o prac\u0119 Razem z wej\u015bciem w \u017cycie Ustawy o praktykach absolwenckich, wyodr\u0119bniono now\u0105 kategori\u0119 um\u00f3w cywilnoprawnych dotycz\u0105cych w\u0142a\u015bnie stosunku mi\u0119dzy pracodawc\u0105 a studentem. Praktyki, podobnie jak sta\u017ce, mog\u0105 by\u0107 odp\u0142atne lub nieodp\u0142atne, a informacja o tym powinna znale\u017a\u0107 si\u0119 w umowie.<\/p>\n<h2>Tre\u015b\u0107 umowy o praktyki absolwenckie<\/h2>\n<p class=\"Standard\">W przypadku przyj\u0119cia osoby na praktyki konieczne jest sporz\u0105dzenie odpowiedniego dokumentu z podpisami obu stron. Nawi\u0105zywana mi\u0119dzy pracodawc\u0105 (podmiotem przyjmuj\u0105cym osob\u0119 na praktyki) a praktykantem umowa o praktyki absolwenckie powinna okre\u015bla\u0107 szczeg\u00f3\u0142owe warunki zatrudnienia, na kt\u00f3re sk\u0142adaj\u0105 si\u0119:<\/p>\n<ul>\n<li>okres odbywania praktyki,<\/li>\n<li>rodzaj pracy wykonywanej przez praktykanta,<\/li>\n<li>tygodniowy wymiar czasu pracy w okresie praktyk,<\/li>\n<li>wysoko\u015b\u0107 wynagrodzenia (je\u017celi praktyka ma charakter odp\u0142atny).<\/li>\n<\/ul>\n<p>Warto tak\u017ce wskaza\u0107 w umowie miejsce pracy, termin rozpocz\u0119cia praktyk oraz w przypadku praktyki p\u0142atnej doda\u0107 form\u0119 wyp\u0142acania \u015bwiadczenia (oraz ewentualnie numer konta do wyp\u0142aty). Dobrze wiedzie\u0107, \u017ce mamy wi\u0119ksz\u0105 swobod\u0119 w zakresie <strong>rozwi\u0105zania umowy o praktyki absolwenckie<\/strong> ni\u017c w przypadku standardowego stosunku pracy. Na nieodp\u0142atnych praktykach mo\u017cna bowiem rozwi\u0105za\u0107 umow\u0119 w dowolnym momencie, natomiast w przypadku praktyk p\u0142atnych obie strony umowy obowi\u0105zuje 7-dniowy okres wypowiedzenia.<\/p>\n","protected":false},"excerpt":{"rendered":"<p>Gotowy wz\u00f3r umowy o praktyki absolwenckie nale\u017cy uzupe\u0142ni\u0107 wed\u0142ug indywidualnych potrzeb, podaj\u0105c w dokumencie niezb\u0119dne informacje. Pobranie szablonu umowy w wersji edytowalnej .doc umo\u017cliwia edycj\u0119 tre\u015bci za pomoc\u0105 jednego z popularnych program\u00f3w do pracy z tekstem. Dokument cechuje kompatybilno\u015b\u0107 z programem MS Word, a tak\u017ce z darmowymi pakietami biurowymi (Open Office lub Libre Office). Edycja naszego wzoru umowy zlecenie jest bardzo prosta i intuicyjna.<\/p>\n","protected":false},"featured_media":4781,"template":"","meta":[],"product_brand":[],"product_cat":[29],"product_tag":[201,200,199,202],"class_list":{"0":"post-4628","1":"product","2":"type-product","3":"status-publish","4":"has-post-thumbnail","6":"product_cat-wzory-cywilnoprawne","7":"product_tag-praktyki-absolwenckie-wzor-umowy","8":"product_tag-umowa-o-praktyki-absolwenckie","9":"product_tag-umowa-o-praktyki-wzor","10":"product_tag-zatrudnienie-na-praktyki","12":"first","13":"instock","14":"shipping-taxable","15":"product-type-external"},"yoast_head":"<!-- This site is optimized with the Yoast SEO plugin v27.0 - https:\/\/yoast.com\/product\/yoast-seo-wordpress\/ -->\n<title>Wz\u00f3r umowy o praktyki absolwenckie - Aplikuj.pl<\/title>\n<meta name=\"robots\" content=\"index, follow, max-snippet:-1, max-image-preview:large, max-video-preview:-1\" \/>\n<link rel=\"canonical\" href=\"https:\/\/www.aplikuj.pl\/dokumenty\/wzory-cywilnoprawne\/wzor-umowy-o-praktyki-absolwenckie\/\" \/>\n<meta property=\"og:locale\" content=\"pl_PL\" \/>\n<meta property=\"og:type\" content=\"article\" \/>\n<meta property=\"og:title\" content=\"Wz\u00f3r umowy o praktyki absolwenckie - Aplikuj.pl\" \/>\n<meta property=\"og:description\" content=\"Gotowy wz\u00f3r umowy o praktyki absolwenckie nale\u017cy uzupe\u0142ni\u0107 wed\u0142ug indywidualnych potrzeb, podaj\u0105c w dokumencie niezb\u0119dne informacje. Pobranie szablonu umowy w wersji edytowalnej .doc umo\u017cliwia edycj\u0119 tre\u015bci za pomoc\u0105 jednego z popularnych program\u00f3w do pracy z tekstem. Dokument cechuje kompatybilno\u015b\u0107 z programem MS Word, a tak\u017ce z darmowymi pakietami biurowymi (Open Office lub Libre Office). Edycja naszego wzoru umowy zlecenie jest bardzo prosta i intuicyjna.\" \/>\n<meta property=\"og:url\" content=\"https:\/\/www.aplikuj.pl\/dokumenty\/wzory-cywilnoprawne\/wzor-umowy-o-praktyki-absolwenckie\/\" \/>\n<meta property=\"og:site_name\" content=\"Aplikuj.pl\" \/>\n<meta property=\"article:modified_time\" content=\"2026-02-22T22:23:33+00:00\" \/>\n<meta property=\"og:image\" content=\"https:\/\/www.aplikuj.pl\/dokumenty\/wp-content\/uploads\/2020\/10\/umowy-cywilnoprawne-7.jpg\" \/>\n\t<meta property=\"og:image:width\" content=\"794\" \/>\n\t<meta property=\"og:image:height\" content=\"1123\" \/>\n\t<meta property=\"og:image:type\" content=\"image\/jpeg\" \/>\n<meta name=\"twitter:card\" content=\"summary_large_image\" \/>\n<meta name=\"twitter:label1\" content=\"Szacowany czas czytania\" \/>\n\t<meta name=\"twitter:data1\" content=\"2 minuty\" \/>\n<script type=\"application\/ld+json\" class=\"yoast-schema-graph\">{\"@context\":\"https:\/\/schema.org\",\"@graph\":[{\"@type\":\"WebPage\",\"@id\":\"https:\/\/www.aplikuj.pl\/dokumenty\/wzory-cywilnoprawne\/wzor-umowy-o-praktyki-absolwenckie\/\",\"url\":\"https:\/\/www.aplikuj.pl\/dokumenty\/wzory-cywilnoprawne\/wzor-umowy-o-praktyki-absolwenckie\/\",\"name\":\"Wz\u00f3r umowy o praktyki absolwenckie - Aplikuj.pl\",\"isPartOf\":{\"@id\":\"https:\/\/www.aplikuj.pl\/dokumenty\/#website\"},\"primaryImageOfPage\":{\"@id\":\"https:\/\/www.aplikuj.pl\/dokumenty\/wzory-cywilnoprawne\/wzor-umowy-o-praktyki-absolwenckie\/#primaryimage\"},\"image\":{\"@id\":\"https:\/\/www.aplikuj.pl\/dokumenty\/wzory-cywilnoprawne\/wzor-umowy-o-praktyki-absolwenckie\/#primaryimage\"},\"thumbnailUrl\":\"https:\/\/www.aplikuj.pl\/dokumenty\/wp-content\/uploads\/2020\/10\/umowy-cywilnoprawne-7.jpg\",\"datePublished\":\"2020-10-29T12:12:14+00:00\",\"dateModified\":\"2026-02-22T22:23:33+00:00\",\"breadcrumb\":{\"@id\":\"https:\/\/www.aplikuj.pl\/dokumenty\/wzory-cywilnoprawne\/wzor-umowy-o-praktyki-absolwenckie\/#breadcrumb\"},\"inLanguage\":\"pl-PL\",\"potentialAction\":[{\"@type\":\"ReadAction\",\"target\":[\"https:\/\/www.aplikuj.pl\/dokumenty\/wzory-cywilnoprawne\/wzor-umowy-o-praktyki-absolwenckie\/\"]}]},{\"@type\":\"ImageObject\",\"inLanguage\":\"pl-PL\",\"@id\":\"https:\/\/www.aplikuj.pl\/dokumenty\/wzory-cywilnoprawne\/wzor-umowy-o-praktyki-absolwenckie\/#primaryimage\",\"url\":\"https:\/\/www.aplikuj.pl\/dokumenty\/wp-content\/uploads\/2020\/10\/umowy-cywilnoprawne-7.jpg\",\"contentUrl\":\"https:\/\/www.aplikuj.pl\/dokumenty\/wp-content\/uploads\/2020\/10\/umowy-cywilnoprawne-7.jpg\",\"width\":794,\"height\":1123,\"caption\":\"Umowa grafika\"},{\"@type\":\"BreadcrumbList\",\"@id\":\"https:\/\/www.aplikuj.pl\/dokumenty\/wzory-cywilnoprawne\/wzor-umowy-o-praktyki-absolwenckie\/#breadcrumb\",\"itemListElement\":[{\"@type\":\"ListItem\",\"position\":1,\"name\":\"Dokumenty HR\",\"item\":\"https:\/\/www.aplikuj.pl\/dokumenty\/\"},{\"@type\":\"ListItem\",\"position\":2,\"name\":\"umowa-o-prace\",\"item\":\"https:\/\/www.aplikuj.pl\/dokumenty\/umowa-o-prace\/\"},{\"@type\":\"ListItem\",\"position\":3,\"name\":\"Wzory um\u00f3w cywilnoprawnych\",\"item\":\"https:\/\/www.aplikuj.pl\/dokumenty\/wzory-cywilnoprawne\/\"},{\"@type\":\"ListItem\",\"position\":4,\"name\":\"Wz\u00f3r umowy o praktyki absolwenckie\"}]},{\"@type\":\"WebSite\",\"@id\":\"https:\/\/www.aplikuj.pl\/dokumenty\/#website\",\"url\":\"https:\/\/www.aplikuj.pl\/dokumenty\/\",\"name\":\"Aplikuj.pl\",\"description\":\"Profesjonalne i darmowe wzory dokument\u00f3w HR\",\"publisher\":{\"@id\":\"https:\/\/www.aplikuj.pl\/dokumenty\/#organization\"},\"potentialAction\":[{\"@type\":\"SearchAction\",\"target\":{\"@type\":\"EntryPoint\",\"urlTemplate\":\"https:\/\/www.aplikuj.pl\/dokumenty\/?s={search_term_string}\"},\"query-input\":{\"@type\":\"PropertyValueSpecification\",\"valueRequired\":true,\"valueName\":\"search_term_string\"}}],\"inLanguage\":\"pl-PL\"},{\"@type\":\"Organization\",\"@id\":\"https:\/\/www.aplikuj.pl\/dokumenty\/#organization\",\"name\":\"Aplikuj.pl\",\"url\":\"https:\/\/www.aplikuj.pl\/dokumenty\/\",\"logo\":{\"@type\":\"ImageObject\",\"inLanguage\":\"pl-PL\",\"@id\":\"https:\/\/www.aplikuj.pl\/dokumenty\/#\/schema\/logo\/image\/\",\"url\":\"\",\"contentUrl\":\"\",\"caption\":\"Aplikuj.pl\"},\"image\":{\"@id\":\"https:\/\/www.aplikuj.pl\/dokumenty\/#\/schema\/logo\/image\/\"}}]}<\/script>\n<!-- \/ Yoast SEO plugin. -->","yoast_head_json":{"title":"Wz\u00f3r umowy o praktyki absolwenckie - Aplikuj.pl","robots":{"index":"index","follow":"follow","max-snippet":"max-snippet:-1","max-image-preview":"max-image-preview:large","max-video-preview":"max-video-preview:-1"},"canonical":"https:\/\/www.aplikuj.pl\/dokumenty\/wzory-cywilnoprawne\/wzor-umowy-o-praktyki-absolwenckie\/","og_locale":"pl_PL","og_type":"article","og_title":"Wz\u00f3r umowy o praktyki absolwenckie - Aplikuj.pl","og_description":"Gotowy wz\u00f3r umowy o praktyki absolwenckie nale\u017cy uzupe\u0142ni\u0107 wed\u0142ug indywidualnych potrzeb, podaj\u0105c w dokumencie niezb\u0119dne informacje. Pobranie szablonu umowy w wersji edytowalnej .doc umo\u017cliwia edycj\u0119 tre\u015bci za pomoc\u0105 jednego z popularnych program\u00f3w do pracy z tekstem. Dokument cechuje kompatybilno\u015b\u0107 z programem MS Word, a tak\u017ce z darmowymi pakietami biurowymi (Open Office lub Libre Office). Edycja naszego wzoru umowy zlecenie jest bardzo prosta i intuicyjna.","og_url":"https:\/\/www.aplikuj.pl\/dokumenty\/wzory-cywilnoprawne\/wzor-umowy-o-praktyki-absolwenckie\/","og_site_name":"Aplikuj.pl","article_modified_time":"2026-02-22T22:23:33+00:00","og_image":[{"width":794,"height":1123,"url":"https:\/\/www.aplikuj.pl\/dokumenty\/wp-content\/uploads\/2020\/10\/umowy-cywilnoprawne-7.jpg","type":"image\/jpeg"}],"twitter_card":"summary_large_image","twitter_misc":{"Szacowany czas czytania":"2 minuty"},"schema":{"@context":"https:\/\/schema.org","@graph":[{"@type":"WebPage","@id":"https:\/\/www.aplikuj.pl\/dokumenty\/wzory-cywilnoprawne\/wzor-umowy-o-praktyki-absolwenckie\/","url":"https:\/\/www.aplikuj.pl\/dokumenty\/wzory-cywilnoprawne\/wzor-umowy-o-praktyki-absolwenckie\/","name":"Wz\u00f3r umowy o praktyki absolwenckie - Aplikuj.pl","isPartOf":{"@id":"https:\/\/www.aplikuj.pl\/dokumenty\/#website"},"primaryImageOfPage":{"@id":"https:\/\/www.aplikuj.pl\/dokumenty\/wzory-cywilnoprawne\/wzor-umowy-o-praktyki-absolwenckie\/#primaryimage"},"image":{"@id":"https:\/\/www.aplikuj.pl\/dokumenty\/wzory-cywilnoprawne\/wzor-umowy-o-praktyki-absolwenckie\/#primaryimage"},"thumbnailUrl":"https:\/\/www.aplikuj.pl\/dokumenty\/wp-content\/uploads\/2020\/10\/umowy-cywilnoprawne-7.jpg","datePublished":"2020-10-29T12:12:14+00:00","dateModified":"2026-02-22T22:23:33+00:00","breadcrumb":{"@id":"https:\/\/www.aplikuj.pl\/dokumenty\/wzory-cywilnoprawne\/wzor-umowy-o-praktyki-absolwenckie\/#breadcrumb"},"inLanguage":"pl-PL","potentialAction":[{"@type":"ReadAction","target":["https:\/\/www.aplikuj.pl\/dokumenty\/wzory-cywilnoprawne\/wzor-umowy-o-praktyki-absolwenckie\/"]}]},{"@type":"ImageObject","inLanguage":"pl-PL","@id":"https:\/\/www.aplikuj.pl\/dokumenty\/wzory-cywilnoprawne\/wzor-umowy-o-praktyki-absolwenckie\/#primaryimage","url":"https:\/\/www.aplikuj.pl\/dokumenty\/wp-content\/uploads\/2020\/10\/umowy-cywilnoprawne-7.jpg","contentUrl":"https:\/\/www.aplikuj.pl\/dokumenty\/wp-content\/uploads\/2020\/10\/umowy-cywilnoprawne-7.jpg","width":794,"height":1123,"caption":"Umowa grafika"},{"@type":"BreadcrumbList","@id":"https:\/\/www.aplikuj.pl\/dokumenty\/wzory-cywilnoprawne\/wzor-umowy-o-praktyki-absolwenckie\/#breadcrumb","itemListElement":[{"@type":"ListItem","position":1,"name":"Dokumenty HR","item":"https:\/\/www.aplikuj.pl\/dokumenty\/"},{"@type":"ListItem","position":2,"name":"umowa-o-prace","item":"https:\/\/www.aplikuj.pl\/dokumenty\/umowa-o-prace\/"},{"@type":"ListItem","position":3,"name":"Wzory um\u00f3w cywilnoprawnych","item":"https:\/\/www.aplikuj.pl\/dokumenty\/wzory-cywilnoprawne\/"},{"@type":"ListItem","position":4,"name":"Wz\u00f3r umowy o praktyki absolwenckie"}]},{"@type":"WebSite","@id":"https:\/\/www.aplikuj.pl\/dokumenty\/#website","url":"https:\/\/www.aplikuj.pl\/dokumenty\/","name":"Aplikuj.pl","description":"Profesjonalne i darmowe wzory dokument\u00f3w HR","publisher":{"@id":"https:\/\/www.aplikuj.pl\/dokumenty\/#organization"},"potentialAction":[{"@type":"SearchAction","target":{"@type":"EntryPoint","urlTemplate":"https:\/\/www.aplikuj.pl\/dokumenty\/?s={search_term_string}"},"query-input":{"@type":"PropertyValueSpecification","valueRequired":true,"valueName":"search_term_string"}}],"inLanguage":"pl-PL"},{"@type":"Organization","@id":"https:\/\/www.aplikuj.pl\/dokumenty\/#organization","name":"Aplikuj.pl","url":"https:\/\/www.aplikuj.pl\/dokumenty\/","logo":{"@type":"ImageObject","inLanguage":"pl-PL","@id":"https:\/\/www.aplikuj.pl\/dokumenty\/#\/schema\/logo\/image\/","url":"","contentUrl":"","caption":"Aplikuj.pl"},"image":{"@id":"https:\/\/www.aplikuj.pl\/dokumenty\/#\/schema\/logo\/image\/"}}]}},"_links":{"self":[{"href":"https:\/\/www.aplikuj.pl\/dokumenty\/wp-json\/wp\/v2\/product\/4628","targetHints":{"allow":["GET"]}}],"collection":[{"href":"https:\/\/www.aplikuj.pl\/dokumenty\/wp-json\/wp\/v2\/product"}],"about":[{"href":"https:\/\/www.aplikuj.pl\/dokumenty\/wp-json\/wp\/v2\/types\/product"}],"version-history":[{"count":1,"href":"https:\/\/www.aplikuj.pl\/dokumenty\/wp-json\/wp\/v2\/product\/4628\/revisions"}],"predecessor-version":[{"id":5189,"href":"https:\/\/www.aplikuj.pl\/dokumenty\/wp-json\/wp\/v2\/product\/4628\/revisions\/5189"}],"wp:featuredmedia":[{"embeddable":true,"href":"https:\/\/www.aplikuj.pl\/dokumenty\/wp-json\/wp\/v2\/media\/4781"}],"wp:attachment":[{"href":"https:\/\/www.aplikuj.pl\/dokumenty\/wp-json\/wp\/v2\/media?parent=4628"}],"wp:term":[{"taxonomy":"product_brand","embeddable":true,"href":"https:\/\/www.aplikuj.pl\/dokumenty\/wp-json\/wp\/v2\/product_brand?post=4628"},{"taxonomy":"product_cat","embeddable":true,"href":"https:\/\/www.aplikuj.pl\/dokumenty\/wp-json\/wp\/v2\/product_cat?post=4628"},{"taxonomy":"product_tag","embeddable":true,"href":"https:\/\/www.aplikuj.pl\/dokumenty\/wp-json\/wp\/v2\/product_tag?post=4628"}],"curies":[{"name":"wp","href":"https:\/\/api.w.org\/{rel}","templated":true}]}}