{"id":4623,"date":"2020-10-28T12:17:08","date_gmt":"2020-10-28T11:17:08","guid":{"rendered":"https:\/\/www.aplikuj.pl\/dokumenty\/?post_type=product&#038;p=4623"},"modified":"2026-02-22T23:23:33","modified_gmt":"2026-02-22T22:23:33","slug":"wzor-kwestionariusza-dla-pracownika","status":"publish","type":"product","link":"https:\/\/www.aplikuj.pl\/dokumenty\/wzory-organizacja-pracy\/wzor-kwestionariusza-dla-pracownika\/","title":{"rendered":"Wz\u00f3r kwestionariusza dla pracownika"},"content":{"rendered":"<h2>Kwestionariusz dla pracownika<\/h2>\n<p>Kwestionariusz osobowy pracownika stanowi uzupe\u0142nienie danych na temat zatrudnionej osoby. Pracodawcy musz\u0105 gromadzi\u0107 pewne informacje o swoich pracownikach, kt\u00f3re s\u0105 konieczne dla utrzymania stosunku pracy. Dokument przyjmuje form\u0119 o\u015bwiadczenia pracownika zawieraj\u0105cego wymagane przez pracodawc\u0119 dane. Wz\u00f3r kwestionariusza osobowego pozwoli na sprawne przeprowadzenie procesu udost\u0119pnienia informacji.<\/p>\n<h2>Co zawiera kwestionariusz osobowy pracownika<\/h2>\n<p>W szablonie znalaz\u0142y si\u0119 wszystkie wa\u017cne elementy, o kt\u00f3rych nale\u017cy pami\u0119ta\u0107. Mimo to warto zdawa\u0107 sobie spraw\u0119, o udost\u0119pnienie jakich danych w ramach stosunku pracy mo\u017ce wyst\u0105pi\u0107 pracodawca.<\/p>\n<p>Pracodawca ma prawo za\u017c\u0105da\u0107 podania:<\/p>\n<ul>\n<li>adresu zamieszkania,<\/li>\n<li>numeru PESEL b\u0105d\u017a przy jego braku, rodzaju oraz numeru dokumentu to\u017csamo\u015bci,<\/li>\n<li>danych upowa\u017cniaj\u0105cych do korzystania ze szczeg\u00f3lnych uprawnie\u0144 przewidzianych w przepisach prawa,<\/li>\n<li>danych cz\u0142onk\u00f3w rodziny upowa\u017cniaj\u0105cych do korzystania ze szczeg\u00f3lnych uprawnie\u0144 przewidzianych w przepisach prawa,<\/li>\n<li>wykszta\u0142cenia oraz przebiegu dotychczasowego zatrudnienia je\u017celi nie pozyskano tych informacji przed zatrudnieniem,<\/li>\n<li>numeru rachunku bankowego dla cel\u00f3w wr\u0119czania wynagrodzenia.<\/li>\n<\/ul>\n<p>Pracodawca mo\u017ce z pomoc\u0105 kwestionariusza osobowego pozyska\u0107 tak\u017ce inne dane, ale pod warunkiem, \u017ce obowi\u0105zek ich podania przez pracownika wynika z przepis\u00f3w prawa. Nale\u017cy pami\u0119ta\u0107, \u017ce pracodawcy nie mog\u0105 przetwarza\u0107 danych osobowych odnosz\u0105cych si\u0119 do strefy intymnej. Oznacza to zakaz \u017c\u0105dania takich informacji, jak wyznanie, stan zdrowia czy orientacja seksualna.<\/p>\n<p>Dost\u0119pny do pobrania za darmo<strong> wz\u00f3r kwestionariusza osobowego pracownika<\/strong> umo\u017cliwi przygotowanie stosownego dokumentu w zgodzie z obwi\u0105zuj\u0105cymi przepisami prawa. Edycja wzoru jest bardzo prosta i intuicyjna.<\/p>\n","protected":false},"excerpt":{"rendered":"<p>Dost\u0119pny do pobrania w dw\u00f3ch formatach wz\u00f3r kwestionariusza osobowego dla pracownika nale\u017cy dostosowa\u0107 do indywidualnych potrzeb. Szablon kwestionariusza mo\u017cna podda\u0107 samodzielnej edycji z pomoc\u0105 popularnych aplikacji biurowych. Dokument jest kompatybilny mi\u0119dzy innymi z programem MS Office oraz z darmowymi pakietami (Open Office lub Libre Office).<\/p>\n","protected":false},"featured_media":0,"template":"","meta":[],"product_brand":[],"product_cat":[28],"product_tag":[198,196,195,197,157],"class_list":{"0":"post-4623","1":"product","2":"type-product","3":"status-publish","5":"product_cat-wzory-organizacja-pracy","6":"product_tag-dane-osobowe-pracownika","7":"product_tag-kwestionariusz-dla-pracownika","8":"product_tag-kwestionariusz-osobowy","9":"product_tag-kwestionariusz-osobowy-dla-pracownika","10":"product_tag-oswiadczenie-kup-wzor","12":"first","13":"instock","14":"shipping-taxable","15":"product-type-external"},"yoast_head":"<!-- This site is optimized with the Yoast SEO plugin v27.0 - https:\/\/yoast.com\/product\/yoast-seo-wordpress\/ -->\n<title>Wz\u00f3r kwestionariusza dla pracownika - Aplikuj.pl<\/title>\n<meta name=\"robots\" content=\"index, follow, max-snippet:-1, max-image-preview:large, max-video-preview:-1\" \/>\n<link rel=\"canonical\" href=\"https:\/\/www.aplikuj.pl\/dokumenty\/wzory-organizacja-pracy\/wzor-kwestionariusza-dla-pracownika\/\" \/>\n<meta property=\"og:locale\" content=\"pl_PL\" \/>\n<meta property=\"og:type\" content=\"article\" \/>\n<meta property=\"og:title\" content=\"Wz\u00f3r kwestionariusza dla pracownika - Aplikuj.pl\" \/>\n<meta property=\"og:description\" content=\"Dost\u0119pny do pobrania w dw\u00f3ch formatach wz\u00f3r kwestionariusza osobowego dla pracownika nale\u017cy dostosowa\u0107 do indywidualnych potrzeb. Szablon kwestionariusza mo\u017cna podda\u0107 samodzielnej edycji z pomoc\u0105 popularnych aplikacji biurowych. Dokument jest kompatybilny mi\u0119dzy innymi z programem MS Office oraz z darmowymi pakietami (Open Office lub Libre Office).\" \/>\n<meta property=\"og:url\" content=\"https:\/\/www.aplikuj.pl\/dokumenty\/wzory-organizacja-pracy\/wzor-kwestionariusza-dla-pracownika\/\" \/>\n<meta property=\"og:site_name\" content=\"Aplikuj.pl\" \/>\n<meta property=\"article:modified_time\" content=\"2026-02-22T22:23:33+00:00\" \/>\n<meta name=\"twitter:card\" content=\"summary_large_image\" \/>\n<meta name=\"twitter:label1\" content=\"Szacowany czas czytania\" \/>\n\t<meta name=\"twitter:data1\" content=\"1 minuta\" \/>\n<script type=\"application\/ld+json\" class=\"yoast-schema-graph\">{\"@context\":\"https:\/\/schema.org\",\"@graph\":[{\"@type\":\"WebPage\",\"@id\":\"https:\/\/www.aplikuj.pl\/dokumenty\/wzory-organizacja-pracy\/wzor-kwestionariusza-dla-pracownika\/\",\"url\":\"https:\/\/www.aplikuj.pl\/dokumenty\/wzory-organizacja-pracy\/wzor-kwestionariusza-dla-pracownika\/\",\"name\":\"Wz\u00f3r kwestionariusza dla pracownika - Aplikuj.pl\",\"isPartOf\":{\"@id\":\"https:\/\/www.aplikuj.pl\/dokumenty\/#website\"},\"datePublished\":\"2020-10-28T11:17:08+00:00\",\"dateModified\":\"2026-02-22T22:23:33+00:00\",\"breadcrumb\":{\"@id\":\"https:\/\/www.aplikuj.pl\/dokumenty\/wzory-organizacja-pracy\/wzor-kwestionariusza-dla-pracownika\/#breadcrumb\"},\"inLanguage\":\"pl-PL\",\"potentialAction\":[{\"@type\":\"ReadAction\",\"target\":[\"https:\/\/www.aplikuj.pl\/dokumenty\/wzory-organizacja-pracy\/wzor-kwestionariusza-dla-pracownika\/\"]}]},{\"@type\":\"BreadcrumbList\",\"@id\":\"https:\/\/www.aplikuj.pl\/dokumenty\/wzory-organizacja-pracy\/wzor-kwestionariusza-dla-pracownika\/#breadcrumb\",\"itemListElement\":[{\"@type\":\"ListItem\",\"position\":1,\"name\":\"Dokumenty HR\",\"item\":\"https:\/\/www.aplikuj.pl\/dokumenty\/\"},{\"@type\":\"ListItem\",\"position\":2,\"name\":\"umowa-o-prace\",\"item\":\"https:\/\/www.aplikuj.pl\/dokumenty\/umowa-o-prace\/\"},{\"@type\":\"ListItem\",\"position\":3,\"name\":\"Wzory dokument\u00f3w - organizacja pracy\",\"item\":\"https:\/\/www.aplikuj.pl\/dokumenty\/wzory-organizacja-pracy\/\"},{\"@type\":\"ListItem\",\"position\":4,\"name\":\"Wz\u00f3r kwestionariusza dla pracownika\"}]},{\"@type\":\"WebSite\",\"@id\":\"https:\/\/www.aplikuj.pl\/dokumenty\/#website\",\"url\":\"https:\/\/www.aplikuj.pl\/dokumenty\/\",\"name\":\"Aplikuj.pl\",\"description\":\"Profesjonalne i darmowe wzory dokument\u00f3w HR\",\"publisher\":{\"@id\":\"https:\/\/www.aplikuj.pl\/dokumenty\/#organization\"},\"potentialAction\":[{\"@type\":\"SearchAction\",\"target\":{\"@type\":\"EntryPoint\",\"urlTemplate\":\"https:\/\/www.aplikuj.pl\/dokumenty\/?s={search_term_string}\"},\"query-input\":{\"@type\":\"PropertyValueSpecification\",\"valueRequired\":true,\"valueName\":\"search_term_string\"}}],\"inLanguage\":\"pl-PL\"},{\"@type\":\"Organization\",\"@id\":\"https:\/\/www.aplikuj.pl\/dokumenty\/#organization\",\"name\":\"Aplikuj.pl\",\"url\":\"https:\/\/www.aplikuj.pl\/dokumenty\/\",\"logo\":{\"@type\":\"ImageObject\",\"inLanguage\":\"pl-PL\",\"@id\":\"https:\/\/www.aplikuj.pl\/dokumenty\/#\/schema\/logo\/image\/\",\"url\":\"\",\"contentUrl\":\"\",\"caption\":\"Aplikuj.pl\"},\"image\":{\"@id\":\"https:\/\/www.aplikuj.pl\/dokumenty\/#\/schema\/logo\/image\/\"}}]}<\/script>\n<!-- \/ Yoast SEO plugin. -->","yoast_head_json":{"title":"Wz\u00f3r kwestionariusza dla pracownika - Aplikuj.pl","robots":{"index":"index","follow":"follow","max-snippet":"max-snippet:-1","max-image-preview":"max-image-preview:large","max-video-preview":"max-video-preview:-1"},"canonical":"https:\/\/www.aplikuj.pl\/dokumenty\/wzory-organizacja-pracy\/wzor-kwestionariusza-dla-pracownika\/","og_locale":"pl_PL","og_type":"article","og_title":"Wz\u00f3r kwestionariusza dla pracownika - Aplikuj.pl","og_description":"Dost\u0119pny do pobrania w dw\u00f3ch formatach wz\u00f3r kwestionariusza osobowego dla pracownika nale\u017cy dostosowa\u0107 do indywidualnych potrzeb. Szablon kwestionariusza mo\u017cna podda\u0107 samodzielnej edycji z pomoc\u0105 popularnych aplikacji biurowych. Dokument jest kompatybilny mi\u0119dzy innymi z programem MS Office oraz z darmowymi pakietami (Open Office lub Libre Office).","og_url":"https:\/\/www.aplikuj.pl\/dokumenty\/wzory-organizacja-pracy\/wzor-kwestionariusza-dla-pracownika\/","og_site_name":"Aplikuj.pl","article_modified_time":"2026-02-22T22:23:33+00:00","twitter_card":"summary_large_image","twitter_misc":{"Szacowany czas czytania":"1 minuta"},"schema":{"@context":"https:\/\/schema.org","@graph":[{"@type":"WebPage","@id":"https:\/\/www.aplikuj.pl\/dokumenty\/wzory-organizacja-pracy\/wzor-kwestionariusza-dla-pracownika\/","url":"https:\/\/www.aplikuj.pl\/dokumenty\/wzory-organizacja-pracy\/wzor-kwestionariusza-dla-pracownika\/","name":"Wz\u00f3r kwestionariusza dla pracownika - Aplikuj.pl","isPartOf":{"@id":"https:\/\/www.aplikuj.pl\/dokumenty\/#website"},"datePublished":"2020-10-28T11:17:08+00:00","dateModified":"2026-02-22T22:23:33+00:00","breadcrumb":{"@id":"https:\/\/www.aplikuj.pl\/dokumenty\/wzory-organizacja-pracy\/wzor-kwestionariusza-dla-pracownika\/#breadcrumb"},"inLanguage":"pl-PL","potentialAction":[{"@type":"ReadAction","target":["https:\/\/www.aplikuj.pl\/dokumenty\/wzory-organizacja-pracy\/wzor-kwestionariusza-dla-pracownika\/"]}]},{"@type":"BreadcrumbList","@id":"https:\/\/www.aplikuj.pl\/dokumenty\/wzory-organizacja-pracy\/wzor-kwestionariusza-dla-pracownika\/#breadcrumb","itemListElement":[{"@type":"ListItem","position":1,"name":"Dokumenty HR","item":"https:\/\/www.aplikuj.pl\/dokumenty\/"},{"@type":"ListItem","position":2,"name":"umowa-o-prace","item":"https:\/\/www.aplikuj.pl\/dokumenty\/umowa-o-prace\/"},{"@type":"ListItem","position":3,"name":"Wzory dokument\u00f3w - organizacja pracy","item":"https:\/\/www.aplikuj.pl\/dokumenty\/wzory-organizacja-pracy\/"},{"@type":"ListItem","position":4,"name":"Wz\u00f3r kwestionariusza dla pracownika"}]},{"@type":"WebSite","@id":"https:\/\/www.aplikuj.pl\/dokumenty\/#website","url":"https:\/\/www.aplikuj.pl\/dokumenty\/","name":"Aplikuj.pl","description":"Profesjonalne i darmowe wzory dokument\u00f3w HR","publisher":{"@id":"https:\/\/www.aplikuj.pl\/dokumenty\/#organization"},"potentialAction":[{"@type":"SearchAction","target":{"@type":"EntryPoint","urlTemplate":"https:\/\/www.aplikuj.pl\/dokumenty\/?s={search_term_string}"},"query-input":{"@type":"PropertyValueSpecification","valueRequired":true,"valueName":"search_term_string"}}],"inLanguage":"pl-PL"},{"@type":"Organization","@id":"https:\/\/www.aplikuj.pl\/dokumenty\/#organization","name":"Aplikuj.pl","url":"https:\/\/www.aplikuj.pl\/dokumenty\/","logo":{"@type":"ImageObject","inLanguage":"pl-PL","@id":"https:\/\/www.aplikuj.pl\/dokumenty\/#\/schema\/logo\/image\/","url":"","contentUrl":"","caption":"Aplikuj.pl"},"image":{"@id":"https:\/\/www.aplikuj.pl\/dokumenty\/#\/schema\/logo\/image\/"}}]}},"_links":{"self":[{"href":"https:\/\/www.aplikuj.pl\/dokumenty\/wp-json\/wp\/v2\/product\/4623","targetHints":{"allow":["GET"]}}],"collection":[{"href":"https:\/\/www.aplikuj.pl\/dokumenty\/wp-json\/wp\/v2\/product"}],"about":[{"href":"https:\/\/www.aplikuj.pl\/dokumenty\/wp-json\/wp\/v2\/types\/product"}],"version-history":[{"count":1,"href":"https:\/\/www.aplikuj.pl\/dokumenty\/wp-json\/wp\/v2\/product\/4623\/revisions"}],"predecessor-version":[{"id":5187,"href":"https:\/\/www.aplikuj.pl\/dokumenty\/wp-json\/wp\/v2\/product\/4623\/revisions\/5187"}],"wp:attachment":[{"href":"https:\/\/www.aplikuj.pl\/dokumenty\/wp-json\/wp\/v2\/media?parent=4623"}],"wp:term":[{"taxonomy":"product_brand","embeddable":true,"href":"https:\/\/www.aplikuj.pl\/dokumenty\/wp-json\/wp\/v2\/product_brand?post=4623"},{"taxonomy":"product_cat","embeddable":true,"href":"https:\/\/www.aplikuj.pl\/dokumenty\/wp-json\/wp\/v2\/product_cat?post=4623"},{"taxonomy":"product_tag","embeddable":true,"href":"https:\/\/www.aplikuj.pl\/dokumenty\/wp-json\/wp\/v2\/product_tag?post=4623"}],"curies":[{"name":"wp","href":"https:\/\/api.w.org\/{rel}","templated":true}]}}