{"id":4590,"date":"2020-10-23T15:50:38","date_gmt":"2020-10-23T13:50:38","guid":{"rendered":"https:\/\/www.aplikuj.pl\/dokumenty\/?post_type=product&#038;p=4590"},"modified":"2026-02-22T23:23:33","modified_gmt":"2026-02-22T22:23:33","slug":"wzor-zwolnienia-dyscyplinarnego","status":"publish","type":"product","link":"https:\/\/www.aplikuj.pl\/dokumenty\/wzory-wypowiedzenia\/wzor-zwolnienia-dyscyplinarnego\/","title":{"rendered":"Wz\u00f3r zwolnienia dyscyplinarnego"},"content":{"rendered":"<h2><span class=\"current\">Zwolnienie dyscyplinarne<\/span><\/h2>\n<p>Wypowiedzenie umowy o prac\u0119 przez pracodawc\u0119 ze skutkiem natychmiastowym, inaczej nazywane jest zwolnieniem dyscyplinarnym lub wypowiedzeniem umowy o prac\u0119 bez zachowania okresu wypowiedzenia. Taka forma zerwania stosunku pracy mo\u017ce dotyczy\u0107 ka\u017cdego rodzaju umowy o prac\u0119, ale nale\u017cy pami\u0119ta\u0107, \u017ce musz\u0105 zosta\u0107 spe\u0142nione okre\u015blone przes\u0142anki.<\/p>\n<p>Przede wszystkim pracodawca ma prawo dokonania tak zwanego zwolnienia dyscyplinarnego w sytuacji, gdy:<\/p>\n<ul>\n<li>pracownik dopu\u015bci\u0142 si\u0119 ci\u0119\u017ckiego naruszenia podstawowych obowi\u0105zk\u00f3w pracowniczych (np. naruszenie regulaminu pracy, przepis\u00f3w BHP czy niezachowanie tajemnicy s\u0142u\u017cbowej);<\/li>\n<li>pracownik pope\u0142ni\u0142 przest\u0119pstwo w czasie trwania umowy o prac\u0119, kt\u00f3re uniemo\u017cliwi dalsze jego zatrudnienie na danym stanowisku. Przest\u0119pstwo musi by\u0107 oczywiste lub potwierdzone prawomocnym wyrokiem s\u0105dowym;<\/li>\n<li>pracownik z w\u0142asnej winy utraci\u0142 uprawnienia konieczne do wykonywania pracy na zajmowanym stanowisku (np. prawo jazdy).<\/li>\n<\/ul>\n<h2>Co powinno zawiera\u0107 wypowiedzenie umowy o prac\u0119 ze skutkiem natychmiastowym?<\/h2>\n<p>Wz\u00f3r wypowiedzenia umowy o prac\u0119 ze skutkiem natychmiastowym, kt\u00f3ry udost\u0119pniamy do pobrania, jest opracowany zgodnie z obowi\u0105zuj\u0105cymi przepisami, co pozwoli na poprawne przygotowanie dokumentu. Pracodawca przygotowuj\u0105cy takie wypowiedzenie powinien pami\u0119ta\u0107, aby opr\u00f3cz danych swoich oraz zwalnianego pracownika umie\u015bci\u0107 opis umowy i konkretny <strong>pow\u00f3d zwolnienia dyscyplinarnego<\/strong>. Okre\u015blenie powodu jest szczeg\u00f3lnie wa\u017cne, poniewa\u017c w przypadku konfliktu w razie pozwu by\u0142ego pracownika s\u0105d pracy b\u0119dzie si\u0119 opiera\u0142 w pierwszej kolejno\u015bci na dokumentacji, a wi\u0119c informacjach zawartych w wypowiedzeniu. Nale\u017cy tak\u017ce pami\u0119ta\u0107 o pouczeniu odno\u015bnie prawa z\u0142o\u017cenia odwo\u0142ania w s\u0105dzie pracy przez pracownika.<\/p>\n<p>Warto mie\u0107 na uwadze, \u017ce nie tylko pracodawca ma prawo z\u0142o\u017cy\u0107 wypowiedzenie umowy o prace ze skutkiem natychmiastowym. W okre\u015blonych w Kodeksie pracy okoliczno\u015bciach rozwi\u0105zanie umowy o prac\u0119 bez okresu wypowiedzenia jest mo\u017cliwe r\u00f3wnie\u017c z inicjatywy pracownika, np. gdy pracodawca nie wywi\u0105zuje si\u0119 z obowi\u0105zk\u00f3w wynikaj\u0105cych z ustalonych warunk\u00f3w pracy i p\u0142acy. Na naszym portalu znajdziesz r\u00f3wnie\u017c wz\u00f3r takiego wypowiedzenia umowy sk\u0142adanego przez pracownika.<\/p>\n","protected":false},"excerpt":{"rendered":"<p class=\"Standard\">Dost\u0119pny do pobrania wz\u00f3r zwolnienia dyscyplinarnego zosta\u0142 przygotowany w formacie PDF oraz w formacie edytowalnym DOC. Szablon wypowiedzenia cechuje si\u0119 nowoczesn\u0105 i funkcjonaln\u0105 form\u0105 oraz podlega prostej edycji. Modyfikacje wzoru mo\u017cna przeprowadzi\u0107 za pomoc\u0105 programu MS Office lub innych popularnych, darmowych aplikacji biurowych (Open Office lub Libre Office).<\/p>\n","protected":false},"featured_media":4593,"template":"","meta":[],"product_brand":[],"product_cat":[22],"product_tag":[40,38,47,190,189,188],"class_list":{"0":"post-4590","1":"product","2":"type-product","3":"status-publish","4":"has-post-thumbnail","6":"product_cat-wzory-wypowiedzenia","7":"product_tag-rozwiazanie-umowy","8":"product_tag-wypowiedzenie-umowy-o-prace","9":"product_tag-wypowiedzenie-umowy-przez-pracodawce","10":"product_tag-wzor-wypowiedzenia-umowy-ze-skutkiem-natychmiastowym","11":"product_tag-wzor-zwolnienia-dyscyplinarnego","12":"product_tag-zwolnienie-dyscyplinarne","14":"first","15":"instock","16":"shipping-taxable","17":"product-type-external"},"yoast_head":"<!-- This site is optimized with the Yoast SEO plugin v27.0 - https:\/\/yoast.com\/product\/yoast-seo-wordpress\/ -->\n<title>Wz\u00f3r zwolnienia dyscyplinarnego - Aplikuj.pl<\/title>\n<meta name=\"robots\" content=\"index, follow, max-snippet:-1, max-image-preview:large, max-video-preview:-1\" \/>\n<link rel=\"canonical\" href=\"https:\/\/www.aplikuj.pl\/dokumenty\/wzory-wypowiedzenia\/wzor-zwolnienia-dyscyplinarnego\/\" \/>\n<meta property=\"og:locale\" content=\"pl_PL\" \/>\n<meta property=\"og:type\" content=\"article\" \/>\n<meta property=\"og:title\" content=\"Wz\u00f3r zwolnienia dyscyplinarnego - Aplikuj.pl\" \/>\n<meta property=\"og:description\" content=\"Dost\u0119pny do pobrania wz\u00f3r zwolnienia dyscyplinarnego zosta\u0142 przygotowany w formacie PDF oraz w formacie edytowalnym DOC. Szablon wypowiedzenia cechuje si\u0119 nowoczesn\u0105 i funkcjonaln\u0105 form\u0105 oraz podlega prostej edycji. Modyfikacje wzoru mo\u017cna przeprowadzi\u0107 za pomoc\u0105 programu MS Office lub innych popularnych, darmowych aplikacji biurowych (Open Office lub Libre Office).\" \/>\n<meta property=\"og:url\" content=\"https:\/\/www.aplikuj.pl\/dokumenty\/wzory-wypowiedzenia\/wzor-zwolnienia-dyscyplinarnego\/\" \/>\n<meta property=\"og:site_name\" content=\"Aplikuj.pl\" \/>\n<meta property=\"article:modified_time\" content=\"2026-02-22T22:23:33+00:00\" \/>\n<meta property=\"og:image\" content=\"https:\/\/www.aplikuj.pl\/dokumenty\/wp-content\/uploads\/2020\/10\/aplikuj-wzor-v27.jpg\" \/>\n\t<meta property=\"og:image:width\" content=\"794\" \/>\n\t<meta property=\"og:image:height\" content=\"1123\" \/>\n\t<meta property=\"og:image:type\" content=\"image\/jpeg\" \/>\n<meta name=\"twitter:card\" content=\"summary_large_image\" \/>\n<meta name=\"twitter:label1\" content=\"Szacowany czas czytania\" \/>\n\t<meta name=\"twitter:data1\" content=\"2 minuty\" \/>\n<script type=\"application\/ld+json\" class=\"yoast-schema-graph\">{\"@context\":\"https:\/\/schema.org\",\"@graph\":[{\"@type\":\"WebPage\",\"@id\":\"https:\/\/www.aplikuj.pl\/dokumenty\/wzory-wypowiedzenia\/wzor-zwolnienia-dyscyplinarnego\/\",\"url\":\"https:\/\/www.aplikuj.pl\/dokumenty\/wzory-wypowiedzenia\/wzor-zwolnienia-dyscyplinarnego\/\",\"name\":\"Wz\u00f3r zwolnienia dyscyplinarnego - Aplikuj.pl\",\"isPartOf\":{\"@id\":\"https:\/\/www.aplikuj.pl\/dokumenty\/#website\"},\"primaryImageOfPage\":{\"@id\":\"https:\/\/www.aplikuj.pl\/dokumenty\/wzory-wypowiedzenia\/wzor-zwolnienia-dyscyplinarnego\/#primaryimage\"},\"image\":{\"@id\":\"https:\/\/www.aplikuj.pl\/dokumenty\/wzory-wypowiedzenia\/wzor-zwolnienia-dyscyplinarnego\/#primaryimage\"},\"thumbnailUrl\":\"https:\/\/www.aplikuj.pl\/dokumenty\/wp-content\/uploads\/2020\/10\/aplikuj-wzor-v27.jpg\",\"datePublished\":\"2020-10-23T13:50:38+00:00\",\"dateModified\":\"2026-02-22T22:23:33+00:00\",\"breadcrumb\":{\"@id\":\"https:\/\/www.aplikuj.pl\/dokumenty\/wzory-wypowiedzenia\/wzor-zwolnienia-dyscyplinarnego\/#breadcrumb\"},\"inLanguage\":\"pl-PL\",\"potentialAction\":[{\"@type\":\"ReadAction\",\"target\":[\"https:\/\/www.aplikuj.pl\/dokumenty\/wzory-wypowiedzenia\/wzor-zwolnienia-dyscyplinarnego\/\"]}]},{\"@type\":\"ImageObject\",\"inLanguage\":\"pl-PL\",\"@id\":\"https:\/\/www.aplikuj.pl\/dokumenty\/wzory-wypowiedzenia\/wzor-zwolnienia-dyscyplinarnego\/#primaryimage\",\"url\":\"https:\/\/www.aplikuj.pl\/dokumenty\/wp-content\/uploads\/2020\/10\/aplikuj-wzor-v27.jpg\",\"contentUrl\":\"https:\/\/www.aplikuj.pl\/dokumenty\/wp-content\/uploads\/2020\/10\/aplikuj-wzor-v27.jpg\",\"width\":794,\"height\":1123,\"caption\":\"Grafika zwolnienie dyscyplinarne wz\u00f3r\"},{\"@type\":\"BreadcrumbList\",\"@id\":\"https:\/\/www.aplikuj.pl\/dokumenty\/wzory-wypowiedzenia\/wzor-zwolnienia-dyscyplinarnego\/#breadcrumb\",\"itemListElement\":[{\"@type\":\"ListItem\",\"position\":1,\"name\":\"Dokumenty HR\",\"item\":\"https:\/\/www.aplikuj.pl\/dokumenty\/\"},{\"@type\":\"ListItem\",\"position\":2,\"name\":\"umowa-o-prace\",\"item\":\"https:\/\/www.aplikuj.pl\/dokumenty\/umowa-o-prace\/\"},{\"@type\":\"ListItem\",\"position\":3,\"name\":\"Rozwi\u0105zanie umowy\",\"item\":\"https:\/\/www.aplikuj.pl\/dokumenty\/wzory-wypowiedzenia\/\"},{\"@type\":\"ListItem\",\"position\":4,\"name\":\"Wz\u00f3r zwolnienia dyscyplinarnego\"}]},{\"@type\":\"WebSite\",\"@id\":\"https:\/\/www.aplikuj.pl\/dokumenty\/#website\",\"url\":\"https:\/\/www.aplikuj.pl\/dokumenty\/\",\"name\":\"Aplikuj.pl\",\"description\":\"Profesjonalne i darmowe wzory dokument\u00f3w HR\",\"publisher\":{\"@id\":\"https:\/\/www.aplikuj.pl\/dokumenty\/#organization\"},\"potentialAction\":[{\"@type\":\"SearchAction\",\"target\":{\"@type\":\"EntryPoint\",\"urlTemplate\":\"https:\/\/www.aplikuj.pl\/dokumenty\/?s={search_term_string}\"},\"query-input\":{\"@type\":\"PropertyValueSpecification\",\"valueRequired\":true,\"valueName\":\"search_term_string\"}}],\"inLanguage\":\"pl-PL\"},{\"@type\":\"Organization\",\"@id\":\"https:\/\/www.aplikuj.pl\/dokumenty\/#organization\",\"name\":\"Aplikuj.pl\",\"url\":\"https:\/\/www.aplikuj.pl\/dokumenty\/\",\"logo\":{\"@type\":\"ImageObject\",\"inLanguage\":\"pl-PL\",\"@id\":\"https:\/\/www.aplikuj.pl\/dokumenty\/#\/schema\/logo\/image\/\",\"url\":\"\",\"contentUrl\":\"\",\"caption\":\"Aplikuj.pl\"},\"image\":{\"@id\":\"https:\/\/www.aplikuj.pl\/dokumenty\/#\/schema\/logo\/image\/\"}}]}<\/script>\n<!-- \/ Yoast SEO plugin. -->","yoast_head_json":{"title":"Wz\u00f3r zwolnienia dyscyplinarnego - Aplikuj.pl","robots":{"index":"index","follow":"follow","max-snippet":"max-snippet:-1","max-image-preview":"max-image-preview:large","max-video-preview":"max-video-preview:-1"},"canonical":"https:\/\/www.aplikuj.pl\/dokumenty\/wzory-wypowiedzenia\/wzor-zwolnienia-dyscyplinarnego\/","og_locale":"pl_PL","og_type":"article","og_title":"Wz\u00f3r zwolnienia dyscyplinarnego - Aplikuj.pl","og_description":"Dost\u0119pny do pobrania wz\u00f3r zwolnienia dyscyplinarnego zosta\u0142 przygotowany w formacie PDF oraz w formacie edytowalnym DOC. Szablon wypowiedzenia cechuje si\u0119 nowoczesn\u0105 i funkcjonaln\u0105 form\u0105 oraz podlega prostej edycji. Modyfikacje wzoru mo\u017cna przeprowadzi\u0107 za pomoc\u0105 programu MS Office lub innych popularnych, darmowych aplikacji biurowych (Open Office lub Libre Office).","og_url":"https:\/\/www.aplikuj.pl\/dokumenty\/wzory-wypowiedzenia\/wzor-zwolnienia-dyscyplinarnego\/","og_site_name":"Aplikuj.pl","article_modified_time":"2026-02-22T22:23:33+00:00","og_image":[{"width":794,"height":1123,"url":"https:\/\/www.aplikuj.pl\/dokumenty\/wp-content\/uploads\/2020\/10\/aplikuj-wzor-v27.jpg","type":"image\/jpeg"}],"twitter_card":"summary_large_image","twitter_misc":{"Szacowany czas czytania":"2 minuty"},"schema":{"@context":"https:\/\/schema.org","@graph":[{"@type":"WebPage","@id":"https:\/\/www.aplikuj.pl\/dokumenty\/wzory-wypowiedzenia\/wzor-zwolnienia-dyscyplinarnego\/","url":"https:\/\/www.aplikuj.pl\/dokumenty\/wzory-wypowiedzenia\/wzor-zwolnienia-dyscyplinarnego\/","name":"Wz\u00f3r zwolnienia dyscyplinarnego - Aplikuj.pl","isPartOf":{"@id":"https:\/\/www.aplikuj.pl\/dokumenty\/#website"},"primaryImageOfPage":{"@id":"https:\/\/www.aplikuj.pl\/dokumenty\/wzory-wypowiedzenia\/wzor-zwolnienia-dyscyplinarnego\/#primaryimage"},"image":{"@id":"https:\/\/www.aplikuj.pl\/dokumenty\/wzory-wypowiedzenia\/wzor-zwolnienia-dyscyplinarnego\/#primaryimage"},"thumbnailUrl":"https:\/\/www.aplikuj.pl\/dokumenty\/wp-content\/uploads\/2020\/10\/aplikuj-wzor-v27.jpg","datePublished":"2020-10-23T13:50:38+00:00","dateModified":"2026-02-22T22:23:33+00:00","breadcrumb":{"@id":"https:\/\/www.aplikuj.pl\/dokumenty\/wzory-wypowiedzenia\/wzor-zwolnienia-dyscyplinarnego\/#breadcrumb"},"inLanguage":"pl-PL","potentialAction":[{"@type":"ReadAction","target":["https:\/\/www.aplikuj.pl\/dokumenty\/wzory-wypowiedzenia\/wzor-zwolnienia-dyscyplinarnego\/"]}]},{"@type":"ImageObject","inLanguage":"pl-PL","@id":"https:\/\/www.aplikuj.pl\/dokumenty\/wzory-wypowiedzenia\/wzor-zwolnienia-dyscyplinarnego\/#primaryimage","url":"https:\/\/www.aplikuj.pl\/dokumenty\/wp-content\/uploads\/2020\/10\/aplikuj-wzor-v27.jpg","contentUrl":"https:\/\/www.aplikuj.pl\/dokumenty\/wp-content\/uploads\/2020\/10\/aplikuj-wzor-v27.jpg","width":794,"height":1123,"caption":"Grafika zwolnienie dyscyplinarne wz\u00f3r"},{"@type":"BreadcrumbList","@id":"https:\/\/www.aplikuj.pl\/dokumenty\/wzory-wypowiedzenia\/wzor-zwolnienia-dyscyplinarnego\/#breadcrumb","itemListElement":[{"@type":"ListItem","position":1,"name":"Dokumenty HR","item":"https:\/\/www.aplikuj.pl\/dokumenty\/"},{"@type":"ListItem","position":2,"name":"umowa-o-prace","item":"https:\/\/www.aplikuj.pl\/dokumenty\/umowa-o-prace\/"},{"@type":"ListItem","position":3,"name":"Rozwi\u0105zanie umowy","item":"https:\/\/www.aplikuj.pl\/dokumenty\/wzory-wypowiedzenia\/"},{"@type":"ListItem","position":4,"name":"Wz\u00f3r zwolnienia dyscyplinarnego"}]},{"@type":"WebSite","@id":"https:\/\/www.aplikuj.pl\/dokumenty\/#website","url":"https:\/\/www.aplikuj.pl\/dokumenty\/","name":"Aplikuj.pl","description":"Profesjonalne i darmowe wzory dokument\u00f3w HR","publisher":{"@id":"https:\/\/www.aplikuj.pl\/dokumenty\/#organization"},"potentialAction":[{"@type":"SearchAction","target":{"@type":"EntryPoint","urlTemplate":"https:\/\/www.aplikuj.pl\/dokumenty\/?s={search_term_string}"},"query-input":{"@type":"PropertyValueSpecification","valueRequired":true,"valueName":"search_term_string"}}],"inLanguage":"pl-PL"},{"@type":"Organization","@id":"https:\/\/www.aplikuj.pl\/dokumenty\/#organization","name":"Aplikuj.pl","url":"https:\/\/www.aplikuj.pl\/dokumenty\/","logo":{"@type":"ImageObject","inLanguage":"pl-PL","@id":"https:\/\/www.aplikuj.pl\/dokumenty\/#\/schema\/logo\/image\/","url":"","contentUrl":"","caption":"Aplikuj.pl"},"image":{"@id":"https:\/\/www.aplikuj.pl\/dokumenty\/#\/schema\/logo\/image\/"}}]}},"_links":{"self":[{"href":"https:\/\/www.aplikuj.pl\/dokumenty\/wp-json\/wp\/v2\/product\/4590","targetHints":{"allow":["GET"]}}],"collection":[{"href":"https:\/\/www.aplikuj.pl\/dokumenty\/wp-json\/wp\/v2\/product"}],"about":[{"href":"https:\/\/www.aplikuj.pl\/dokumenty\/wp-json\/wp\/v2\/types\/product"}],"version-history":[{"count":1,"href":"https:\/\/www.aplikuj.pl\/dokumenty\/wp-json\/wp\/v2\/product\/4590\/revisions"}],"predecessor-version":[{"id":5185,"href":"https:\/\/www.aplikuj.pl\/dokumenty\/wp-json\/wp\/v2\/product\/4590\/revisions\/5185"}],"wp:featuredmedia":[{"embeddable":true,"href":"https:\/\/www.aplikuj.pl\/dokumenty\/wp-json\/wp\/v2\/media\/4593"}],"wp:attachment":[{"href":"https:\/\/www.aplikuj.pl\/dokumenty\/wp-json\/wp\/v2\/media?parent=4590"}],"wp:term":[{"taxonomy":"product_brand","embeddable":true,"href":"https:\/\/www.aplikuj.pl\/dokumenty\/wp-json\/wp\/v2\/product_brand?post=4590"},{"taxonomy":"product_cat","embeddable":true,"href":"https:\/\/www.aplikuj.pl\/dokumenty\/wp-json\/wp\/v2\/product_cat?post=4590"},{"taxonomy":"product_tag","embeddable":true,"href":"https:\/\/www.aplikuj.pl\/dokumenty\/wp-json\/wp\/v2\/product_tag?post=4590"}],"curies":[{"name":"wp","href":"https:\/\/api.w.org\/{rel}","templated":true}]}}