{"id":4573,"date":"2020-10-21T13:28:38","date_gmt":"2020-10-21T11:28:38","guid":{"rendered":"https:\/\/www.aplikuj.pl\/dokumenty\/?post_type=product&#038;p=4573"},"modified":"2026-02-22T23:23:33","modified_gmt":"2026-02-22T22:23:33","slug":"oswiadczenie-o-wspolnym-opodatkowaniu","status":"publish","type":"product","link":"https:\/\/www.aplikuj.pl\/dokumenty\/formularze-zaswiadczenia\/oswiadczenie-o-wspolnym-opodatkowaniu\/","title":{"rendered":"Wz\u00f3r o\u015bwiadczenia o wsp\u00f3lnym opodatkowaniu"},"content":{"rendered":"<h2>Wz\u00f3r o\u015bwiadczenia o wsp\u00f3lnym opodatkowaniu<\/h2>\n<p>Przed\u0142o\u017cenie o\u015bwiadczenia o wsp\u00f3lnym opodatkowaniu jest potrzebne pracownikom chc\u0105cym rozlicza\u0107 si\u0119 wsp\u00f3lnie z cz\u0142onkiem rodziny. Wsp\u00f3lnego rozliczenia podatku mo\u017cna dokona\u0107 wraz z ma\u0142\u017conkiem lub samotnie wychowywanym dzieckiem. Jakie korzy\u015bci p\u0142yn\u0105 z takiego rozwi\u0105zania? Przede wszystkim, gdy dochody pracuj\u0105cego ma\u0142\u017conka nie przekraczaj\u0105 pierwszego przedzia\u0142u podatkowego (85 528 z\u0142), a jej ma\u0142\u017conek lub dziecko nie ma dochodu, to wszystkie zaliczki s\u0105 wyliczane wed\u0142ug ni\u017cszego progu wynosz\u0105cego 18%. Co wi\u0119cej, ka\u017cdego miesi\u0105ca s\u0105 pomniejszane o pewn\u0105 kwot\u0119. Je\u017celi osoba pracuj\u0105ca przekroczy g\u00f3rn\u0105 granic\u0119 pierwszego przedzia\u0142u skali, to przy rozliczeniu z niezarabiaj\u0105cym ma\u0142\u017conkiem lub dzieckiem jej sk\u0142adki b\u0119d\u0105 wyliczane wed\u0142ug ni\u017cszej stawki 18%, a nie 32%.<\/p>\n<p>Realnie wi\u0119c rozliczenie wsp\u00f3lne oznacza zmniejszenie wysoko\u015bci miesi\u0119cznych zaliczek na poczet podatku dochodowego. Podatnik chc\u0105cy korzysta\u0107 z tego przywileju musi z\u0142o\u017cy\u0107 u pracodawcy o\u015bwiadczenie o wsp\u00f3lnym opodatkowaniu, kt\u00f3rego wz\u00f3r proponujemy do pobrania \u2013 bez dodatkowych op\u0142at. Nowa forma wyliczania podatku zostanie wprowadzona od kolejnego miesi\u0105ca po z\u0142o\u017ceniu wniosku.<\/p>\n<h2>Co napisa\u0107 w o\u015bwiadczeniU o wsp\u00f3lnym opodatkowaniu?<\/h2>\n<p>Trzeba pami\u0119ta\u0107, aby w przypadku zmiany stanu upowa\u017cniaj\u0105cego do obni\u017cki zaliczek natychmiast zg\u0142osi\u0107 ten fakt pracodawcy. <strong>Wz\u00f3r o\u015bwiadczenia o wsp\u00f3lnym opodatkowaniu<\/strong> zawiera wszystkie informacje, jakie powinny si\u0119 znale\u017a\u0107 w dokumencie. Nale\u017cy pami\u0119ta\u0107 mi\u0119dzy innymi o zawarciu informacji o formie rozliczenia i przewidywanych dochodach ma\u0142\u017conka. Dokument musi tak\u017ce zosta\u0107 opatrzony odr\u0119cznym podpisem pracownika przed przekazaniem go pracodawcy. Szablon o\u015bwiadczenia, z kt\u00f3rego mo\u017cecie tu skorzysta\u0107, cechuje si\u0119 prost\u0105 form\u0105 i zawiera tre\u015b\u0107 zgodn\u0105 z obecnie obowi\u0105zuj\u0105cymi normami.<\/p>\n","protected":false},"excerpt":{"rendered":"<p>Szablon o\u015bwiadczenia o wsp\u00f3lnym opodatkowaniu zawiera wszystkie informacje, kt\u00f3re powinny si\u0119 znale\u017a\u0107 w tym dokumencie. Zadbali\u015bmy o nowoczesny i funkcjonalny szablon graficzny umo\u017cliwiaj\u0105cy bezproblemow\u0105 edycj\u0119. O\u015bwiadczenie nale\u017cy uzupe\u0142ni\u0107 swoimi danymi i poda\u0107 niezb\u0119dne informacje, edytuj\u0105c tre\u015b\u0107 za pomoc\u0105 jednego z popularnych program\u00f3w, jak MS Office czy darmowe aplikacje biurowe (Open Office lub Libre Office).<\/p>\n","protected":false},"featured_media":4603,"template":"","meta":[],"product_brand":[],"product_cat":[24],"product_tag":[164,166,167,168,165],"class_list":{"0":"post-4573","1":"product","2":"type-product","3":"status-publish","4":"has-post-thumbnail","6":"product_cat-formularze-zaswiadczenia","7":"product_tag-oswiadczenie-o-wspolnym-opodatkowaniu","8":"product_tag-oswiadczenie-o-wspolnym-opodatkowaniu-pdf","9":"product_tag-wspolne-opodatkowanie-z-dzieckiem","10":"product_tag-wspolne-opodatkowanie-z-malzonkiem","11":"product_tag-wzor-oswiadczenia-o-wspolnym-opodatkowaniu","13":"first","14":"instock","15":"shipping-taxable","16":"product-type-external"},"yoast_head":"<!-- This site is optimized with the Yoast SEO plugin v27.0 - https:\/\/yoast.com\/product\/yoast-seo-wordpress\/ -->\n<title>Wz\u00f3r o\u015bwiadczenia o wsp\u00f3lnym opodatkowaniu - Aplikuj.pl<\/title>\n<meta name=\"robots\" content=\"index, follow, max-snippet:-1, max-image-preview:large, max-video-preview:-1\" \/>\n<link rel=\"canonical\" href=\"https:\/\/www.aplikuj.pl\/dokumenty\/formularze-zaswiadczenia\/oswiadczenie-o-wspolnym-opodatkowaniu\/\" \/>\n<meta property=\"og:locale\" content=\"pl_PL\" \/>\n<meta property=\"og:type\" content=\"article\" \/>\n<meta property=\"og:title\" content=\"Wz\u00f3r o\u015bwiadczenia o wsp\u00f3lnym opodatkowaniu - Aplikuj.pl\" \/>\n<meta property=\"og:description\" content=\"Szablon o\u015bwiadczenia o wsp\u00f3lnym opodatkowaniu zawiera wszystkie informacje, kt\u00f3re powinny si\u0119 znale\u017a\u0107 w tym dokumencie. Zadbali\u015bmy o nowoczesny i funkcjonalny szablon graficzny umo\u017cliwiaj\u0105cy bezproblemow\u0105 edycj\u0119. O\u015bwiadczenie nale\u017cy uzupe\u0142ni\u0107 swoimi danymi i poda\u0107 niezb\u0119dne informacje, edytuj\u0105c tre\u015b\u0107 za pomoc\u0105 jednego z popularnych program\u00f3w, jak MS Office czy darmowe aplikacje biurowe (Open Office lub Libre Office).\" \/>\n<meta property=\"og:url\" content=\"https:\/\/www.aplikuj.pl\/dokumenty\/formularze-zaswiadczenia\/oswiadczenie-o-wspolnym-opodatkowaniu\/\" \/>\n<meta property=\"og:site_name\" content=\"Aplikuj.pl\" \/>\n<meta property=\"article:modified_time\" content=\"2026-02-22T22:23:33+00:00\" \/>\n<meta property=\"og:image\" content=\"https:\/\/www.aplikuj.pl\/dokumenty\/wp-content\/uploads\/2020\/10\/aplikuj-wzor-v218.jpg\" \/>\n\t<meta property=\"og:image:width\" content=\"794\" \/>\n\t<meta property=\"og:image:height\" content=\"1123\" \/>\n\t<meta property=\"og:image:type\" content=\"image\/jpeg\" \/>\n<meta name=\"twitter:card\" content=\"summary_large_image\" \/>\n<meta name=\"twitter:label1\" content=\"Szacowany czas czytania\" \/>\n\t<meta name=\"twitter:data1\" content=\"2 minuty\" \/>\n<script type=\"application\/ld+json\" class=\"yoast-schema-graph\">{\"@context\":\"https:\/\/schema.org\",\"@graph\":[{\"@type\":\"WebPage\",\"@id\":\"https:\/\/www.aplikuj.pl\/dokumenty\/formularze-zaswiadczenia\/oswiadczenie-o-wspolnym-opodatkowaniu\/\",\"url\":\"https:\/\/www.aplikuj.pl\/dokumenty\/formularze-zaswiadczenia\/oswiadczenie-o-wspolnym-opodatkowaniu\/\",\"name\":\"Wz\u00f3r o\u015bwiadczenia o wsp\u00f3lnym opodatkowaniu - Aplikuj.pl\",\"isPartOf\":{\"@id\":\"https:\/\/www.aplikuj.pl\/dokumenty\/#website\"},\"primaryImageOfPage\":{\"@id\":\"https:\/\/www.aplikuj.pl\/dokumenty\/formularze-zaswiadczenia\/oswiadczenie-o-wspolnym-opodatkowaniu\/#primaryimage\"},\"image\":{\"@id\":\"https:\/\/www.aplikuj.pl\/dokumenty\/formularze-zaswiadczenia\/oswiadczenie-o-wspolnym-opodatkowaniu\/#primaryimage\"},\"thumbnailUrl\":\"https:\/\/www.aplikuj.pl\/dokumenty\/wp-content\/uploads\/2020\/10\/aplikuj-wzor-v218.jpg\",\"datePublished\":\"2020-10-21T11:28:38+00:00\",\"dateModified\":\"2026-02-22T22:23:33+00:00\",\"breadcrumb\":{\"@id\":\"https:\/\/www.aplikuj.pl\/dokumenty\/formularze-zaswiadczenia\/oswiadczenie-o-wspolnym-opodatkowaniu\/#breadcrumb\"},\"inLanguage\":\"pl-PL\",\"potentialAction\":[{\"@type\":\"ReadAction\",\"target\":[\"https:\/\/www.aplikuj.pl\/dokumenty\/formularze-zaswiadczenia\/oswiadczenie-o-wspolnym-opodatkowaniu\/\"]}]},{\"@type\":\"ImageObject\",\"inLanguage\":\"pl-PL\",\"@id\":\"https:\/\/www.aplikuj.pl\/dokumenty\/formularze-zaswiadczenia\/oswiadczenie-o-wspolnym-opodatkowaniu\/#primaryimage\",\"url\":\"https:\/\/www.aplikuj.pl\/dokumenty\/wp-content\/uploads\/2020\/10\/aplikuj-wzor-v218.jpg\",\"contentUrl\":\"https:\/\/www.aplikuj.pl\/dokumenty\/wp-content\/uploads\/2020\/10\/aplikuj-wzor-v218.jpg\",\"width\":794,\"height\":1123},{\"@type\":\"BreadcrumbList\",\"@id\":\"https:\/\/www.aplikuj.pl\/dokumenty\/formularze-zaswiadczenia\/oswiadczenie-o-wspolnym-opodatkowaniu\/#breadcrumb\",\"itemListElement\":[{\"@type\":\"ListItem\",\"position\":1,\"name\":\"Dokumenty HR\",\"item\":\"https:\/\/www.aplikuj.pl\/dokumenty\/\"},{\"@type\":\"ListItem\",\"position\":2,\"name\":\"umowa-o-prace\",\"item\":\"https:\/\/www.aplikuj.pl\/dokumenty\/umowa-o-prace\/\"},{\"@type\":\"ListItem\",\"position\":3,\"name\":\"Formularze i za\u015bwiadczenia\",\"item\":\"https:\/\/www.aplikuj.pl\/dokumenty\/formularze-zaswiadczenia\/\"},{\"@type\":\"ListItem\",\"position\":4,\"name\":\"Wz\u00f3r o\u015bwiadczenia o wsp\u00f3lnym opodatkowaniu\"}]},{\"@type\":\"WebSite\",\"@id\":\"https:\/\/www.aplikuj.pl\/dokumenty\/#website\",\"url\":\"https:\/\/www.aplikuj.pl\/dokumenty\/\",\"name\":\"Aplikuj.pl\",\"description\":\"Profesjonalne i darmowe wzory dokument\u00f3w HR\",\"publisher\":{\"@id\":\"https:\/\/www.aplikuj.pl\/dokumenty\/#organization\"},\"potentialAction\":[{\"@type\":\"SearchAction\",\"target\":{\"@type\":\"EntryPoint\",\"urlTemplate\":\"https:\/\/www.aplikuj.pl\/dokumenty\/?s={search_term_string}\"},\"query-input\":{\"@type\":\"PropertyValueSpecification\",\"valueRequired\":true,\"valueName\":\"search_term_string\"}}],\"inLanguage\":\"pl-PL\"},{\"@type\":\"Organization\",\"@id\":\"https:\/\/www.aplikuj.pl\/dokumenty\/#organization\",\"name\":\"Aplikuj.pl\",\"url\":\"https:\/\/www.aplikuj.pl\/dokumenty\/\",\"logo\":{\"@type\":\"ImageObject\",\"inLanguage\":\"pl-PL\",\"@id\":\"https:\/\/www.aplikuj.pl\/dokumenty\/#\/schema\/logo\/image\/\",\"url\":\"\",\"contentUrl\":\"\",\"caption\":\"Aplikuj.pl\"},\"image\":{\"@id\":\"https:\/\/www.aplikuj.pl\/dokumenty\/#\/schema\/logo\/image\/\"}}]}<\/script>\n<!-- \/ Yoast SEO plugin. -->","yoast_head_json":{"title":"Wz\u00f3r o\u015bwiadczenia o wsp\u00f3lnym opodatkowaniu - Aplikuj.pl","robots":{"index":"index","follow":"follow","max-snippet":"max-snippet:-1","max-image-preview":"max-image-preview:large","max-video-preview":"max-video-preview:-1"},"canonical":"https:\/\/www.aplikuj.pl\/dokumenty\/formularze-zaswiadczenia\/oswiadczenie-o-wspolnym-opodatkowaniu\/","og_locale":"pl_PL","og_type":"article","og_title":"Wz\u00f3r o\u015bwiadczenia o wsp\u00f3lnym opodatkowaniu - Aplikuj.pl","og_description":"Szablon o\u015bwiadczenia o wsp\u00f3lnym opodatkowaniu zawiera wszystkie informacje, kt\u00f3re powinny si\u0119 znale\u017a\u0107 w tym dokumencie. Zadbali\u015bmy o nowoczesny i funkcjonalny szablon graficzny umo\u017cliwiaj\u0105cy bezproblemow\u0105 edycj\u0119. O\u015bwiadczenie nale\u017cy uzupe\u0142ni\u0107 swoimi danymi i poda\u0107 niezb\u0119dne informacje, edytuj\u0105c tre\u015b\u0107 za pomoc\u0105 jednego z popularnych program\u00f3w, jak MS Office czy darmowe aplikacje biurowe (Open Office lub Libre Office).","og_url":"https:\/\/www.aplikuj.pl\/dokumenty\/formularze-zaswiadczenia\/oswiadczenie-o-wspolnym-opodatkowaniu\/","og_site_name":"Aplikuj.pl","article_modified_time":"2026-02-22T22:23:33+00:00","og_image":[{"width":794,"height":1123,"url":"https:\/\/www.aplikuj.pl\/dokumenty\/wp-content\/uploads\/2020\/10\/aplikuj-wzor-v218.jpg","type":"image\/jpeg"}],"twitter_card":"summary_large_image","twitter_misc":{"Szacowany czas czytania":"2 minuty"},"schema":{"@context":"https:\/\/schema.org","@graph":[{"@type":"WebPage","@id":"https:\/\/www.aplikuj.pl\/dokumenty\/formularze-zaswiadczenia\/oswiadczenie-o-wspolnym-opodatkowaniu\/","url":"https:\/\/www.aplikuj.pl\/dokumenty\/formularze-zaswiadczenia\/oswiadczenie-o-wspolnym-opodatkowaniu\/","name":"Wz\u00f3r o\u015bwiadczenia o wsp\u00f3lnym opodatkowaniu - Aplikuj.pl","isPartOf":{"@id":"https:\/\/www.aplikuj.pl\/dokumenty\/#website"},"primaryImageOfPage":{"@id":"https:\/\/www.aplikuj.pl\/dokumenty\/formularze-zaswiadczenia\/oswiadczenie-o-wspolnym-opodatkowaniu\/#primaryimage"},"image":{"@id":"https:\/\/www.aplikuj.pl\/dokumenty\/formularze-zaswiadczenia\/oswiadczenie-o-wspolnym-opodatkowaniu\/#primaryimage"},"thumbnailUrl":"https:\/\/www.aplikuj.pl\/dokumenty\/wp-content\/uploads\/2020\/10\/aplikuj-wzor-v218.jpg","datePublished":"2020-10-21T11:28:38+00:00","dateModified":"2026-02-22T22:23:33+00:00","breadcrumb":{"@id":"https:\/\/www.aplikuj.pl\/dokumenty\/formularze-zaswiadczenia\/oswiadczenie-o-wspolnym-opodatkowaniu\/#breadcrumb"},"inLanguage":"pl-PL","potentialAction":[{"@type":"ReadAction","target":["https:\/\/www.aplikuj.pl\/dokumenty\/formularze-zaswiadczenia\/oswiadczenie-o-wspolnym-opodatkowaniu\/"]}]},{"@type":"ImageObject","inLanguage":"pl-PL","@id":"https:\/\/www.aplikuj.pl\/dokumenty\/formularze-zaswiadczenia\/oswiadczenie-o-wspolnym-opodatkowaniu\/#primaryimage","url":"https:\/\/www.aplikuj.pl\/dokumenty\/wp-content\/uploads\/2020\/10\/aplikuj-wzor-v218.jpg","contentUrl":"https:\/\/www.aplikuj.pl\/dokumenty\/wp-content\/uploads\/2020\/10\/aplikuj-wzor-v218.jpg","width":794,"height":1123},{"@type":"BreadcrumbList","@id":"https:\/\/www.aplikuj.pl\/dokumenty\/formularze-zaswiadczenia\/oswiadczenie-o-wspolnym-opodatkowaniu\/#breadcrumb","itemListElement":[{"@type":"ListItem","position":1,"name":"Dokumenty HR","item":"https:\/\/www.aplikuj.pl\/dokumenty\/"},{"@type":"ListItem","position":2,"name":"umowa-o-prace","item":"https:\/\/www.aplikuj.pl\/dokumenty\/umowa-o-prace\/"},{"@type":"ListItem","position":3,"name":"Formularze i za\u015bwiadczenia","item":"https:\/\/www.aplikuj.pl\/dokumenty\/formularze-zaswiadczenia\/"},{"@type":"ListItem","position":4,"name":"Wz\u00f3r o\u015bwiadczenia o wsp\u00f3lnym opodatkowaniu"}]},{"@type":"WebSite","@id":"https:\/\/www.aplikuj.pl\/dokumenty\/#website","url":"https:\/\/www.aplikuj.pl\/dokumenty\/","name":"Aplikuj.pl","description":"Profesjonalne i darmowe wzory dokument\u00f3w HR","publisher":{"@id":"https:\/\/www.aplikuj.pl\/dokumenty\/#organization"},"potentialAction":[{"@type":"SearchAction","target":{"@type":"EntryPoint","urlTemplate":"https:\/\/www.aplikuj.pl\/dokumenty\/?s={search_term_string}"},"query-input":{"@type":"PropertyValueSpecification","valueRequired":true,"valueName":"search_term_string"}}],"inLanguage":"pl-PL"},{"@type":"Organization","@id":"https:\/\/www.aplikuj.pl\/dokumenty\/#organization","name":"Aplikuj.pl","url":"https:\/\/www.aplikuj.pl\/dokumenty\/","logo":{"@type":"ImageObject","inLanguage":"pl-PL","@id":"https:\/\/www.aplikuj.pl\/dokumenty\/#\/schema\/logo\/image\/","url":"","contentUrl":"","caption":"Aplikuj.pl"},"image":{"@id":"https:\/\/www.aplikuj.pl\/dokumenty\/#\/schema\/logo\/image\/"}}]}},"_links":{"self":[{"href":"https:\/\/www.aplikuj.pl\/dokumenty\/wp-json\/wp\/v2\/product\/4573","targetHints":{"allow":["GET"]}}],"collection":[{"href":"https:\/\/www.aplikuj.pl\/dokumenty\/wp-json\/wp\/v2\/product"}],"about":[{"href":"https:\/\/www.aplikuj.pl\/dokumenty\/wp-json\/wp\/v2\/types\/product"}],"version-history":[{"count":2,"href":"https:\/\/www.aplikuj.pl\/dokumenty\/wp-json\/wp\/v2\/product\/4573\/revisions"}],"predecessor-version":[{"id":5180,"href":"https:\/\/www.aplikuj.pl\/dokumenty\/wp-json\/wp\/v2\/product\/4573\/revisions\/5180"}],"wp:featuredmedia":[{"embeddable":true,"href":"https:\/\/www.aplikuj.pl\/dokumenty\/wp-json\/wp\/v2\/media\/4603"}],"wp:attachment":[{"href":"https:\/\/www.aplikuj.pl\/dokumenty\/wp-json\/wp\/v2\/media?parent=4573"}],"wp:term":[{"taxonomy":"product_brand","embeddable":true,"href":"https:\/\/www.aplikuj.pl\/dokumenty\/wp-json\/wp\/v2\/product_brand?post=4573"},{"taxonomy":"product_cat","embeddable":true,"href":"https:\/\/www.aplikuj.pl\/dokumenty\/wp-json\/wp\/v2\/product_cat?post=4573"},{"taxonomy":"product_tag","embeddable":true,"href":"https:\/\/www.aplikuj.pl\/dokumenty\/wp-json\/wp\/v2\/product_tag?post=4573"}],"curies":[{"name":"wp","href":"https:\/\/api.w.org\/{rel}","templated":true}]}}