{"id":4569,"date":"2020-10-20T13:56:03","date_gmt":"2020-10-20T11:56:03","guid":{"rendered":"https:\/\/www.aplikuj.pl\/dokumenty\/?post_type=product&#038;p=4569"},"modified":"2026-02-22T23:23:33","modified_gmt":"2026-02-22T22:23:33","slug":"oswiadczenie-rodzica-opiekuna","status":"publish","type":"product","link":"https:\/\/www.aplikuj.pl\/dokumenty\/formularze-zaswiadczenia\/oswiadczenie-rodzica-opiekuna\/","title":{"rendered":"Wz\u00f3r o\u015bwiadczenia rodzica\/opiekuna"},"content":{"rendered":"<h2>Wz\u00f3r o\u015bwiadczenia rodzica\/opiekuna \u2013 kiedy si\u0119 przydaje<\/h2>\n<p>Gotowy wz\u00f3r o\u015bwiadczenia rodzica\/opiekuna przyda si\u0119 zatrudnionemu, kt\u00f3ry chce skorzysta\u0107 ze swoich praw jako pracownika opiekuj\u0105cego si\u0119 dzieckiem. Pracownicy b\u0119d\u0105cy rodzicami lub prawnymi opiekunami dziecka w wieku do 4 lat mog\u0105 wyrazi\u0107 w nim zgod\u0119 na niekt\u00f3re warunki pracy. Zgodnie z Kodeksem pracy rodzice i opiekunowie prawni ma\u0142ych dzieci nie mog\u0105 by\u0107 bowiem zmuszeni do \u015bwiadczenia pracy w pewnych konkretnych warunkach.<\/p>\n<p>Zgodnie z <strong>art. 178 \u00a7 2 Kodeksu pracy<\/strong> osoby wychowuj\u0105ce dziecko i zatrudnione na umowie o prac\u0119, przed up\u0142ywem jego czwartych urodzin nie mog\u0105 pracowa\u0107 w godzinach nadliczbowych, w porze nocnej oraz w systemie przerywanego czasu pracy. Tacy pracownicy nie mog\u0105 r\u00f3wnie\u017c by\u0107 delegowani do wykonywania swoich obowi\u0105zk\u00f3w poza sta\u0142ym miejscem pracy. Zakaz nie jest jednak bezwzgl\u0119dny i mo\u017cna, w\u0142a\u015bnie za pomoc\u0105 o\u015bwiadczenia rodzica\/opiekuna, uchyli\u0107 to postanowienie.<\/p>\n<h2>Co zawrze\u0107 w o\u015bwiadczeniu rodzica\/opiekuna<\/h2>\n<p>A zatem wyra\u017ceniu wyra\u017anej zgody na niekt\u00f3re warunki pracy s\u0142u\u017cy w\u0142a\u015bnie o\u015bwiadczenie rodzica\/opiekuna. Wielu bowiem ma mo\u017cliwo\u015b\u0107 i ch\u0119\u0107 pracy np. w godzinach nadliczbowych. Dzi\u0119ki temu o\u015bwiadczeniu jest to mo\u017cliwe legalnie, bez ryzyka dla pracodawcy. W dokumencie musz\u0105 si\u0119 znale\u017a\u0107 dane pracownika oraz jego najm\u0142odszego dziecka, kt\u00f3rego wiek uprawnia do skorzystania z uprawnie\u0144 wyszczeg\u00f3lnionych powy\u017cej.<\/p>\n<p>O\u015bwiadczenie musi zawiera\u0107 informacj\u0119 o wyra\u017ceniu zgody lub niewyra\u017ceniu zgody na wymienione warunki pracy. Nale\u017cy w nim tak\u017ce zdeklarowa\u0107, \u017ce jest si\u0119 jedynym rodzicem lub opiekunem korzystaj\u0105cym z przys\u0142uguj\u0105cych uprawnie\u0144. Przygotowany przez nas<strong> wz\u00f3r o\u015bwiadczenia rodzica-opiekuna<\/strong> zawiera wszystkie potrzebne informacje oraz posiada odpowiednio skonstruowan\u0105 formu\u0142\u0119. Edycja dokumentu jest bardzo prosta i intuicyjna, wi\u0119c ka\u017cdy bez wi\u0119kszych problem\u00f3w przygotuje odpowiednie o\u015bwiadczenie zgodne z przepisami prawa.<\/p>\n","protected":false},"excerpt":{"rendered":"<p>Nasz wz\u00f3r o\u015bwiadczenia rodzica\/opiekuna pozwoli na przygotowanie przejrzystego i zgodnego z obowi\u0105zuj\u0105cymi przepisami dokumentu. Szablon dokumentu nale\u017cy samodzielnie edytowa\u0107, uzupe\u0142niaj\u0105c dane pracownika i niezb\u0119dne informacje. Wz\u00f3r jest kompatybilny z programem MS Office oraz z najpopularniejszymi darmowymi pakietami biurowymi (Open Office lub Libre Office).<\/p>\n","protected":false},"featured_media":4605,"template":"","meta":[],"product_brand":[],"product_cat":[24],"product_tag":[162,160,163,161],"class_list":{"0":"post-4569","1":"product","2":"type-product","3":"status-publish","4":"has-post-thumbnail","6":"product_cat-formularze-zaswiadczenia","7":"product_tag-oswiadczenie-pracownika-rodzica-opiekuna","8":"product_tag-oswiadczenie-rodzica-opiekuna-wzor","9":"product_tag-wzor-oswiadczenia-dla-pracujacego-rodzica-opiekuna","10":"product_tag-wzor-oswiadczenia-rodzica-dziecka","12":"first","13":"instock","14":"shipping-taxable","15":"product-type-external"},"yoast_head":"<!-- This site is optimized with the Yoast SEO plugin v27.0 - https:\/\/yoast.com\/product\/yoast-seo-wordpress\/ -->\n<title>Wz\u00f3r o\u015bwiadczenia rodzica\/opiekuna - Aplikuj.pl<\/title>\n<meta name=\"robots\" content=\"index, follow, max-snippet:-1, max-image-preview:large, max-video-preview:-1\" \/>\n<link rel=\"canonical\" href=\"https:\/\/www.aplikuj.pl\/dokumenty\/formularze-zaswiadczenia\/oswiadczenie-rodzica-opiekuna\/\" \/>\n<meta property=\"og:locale\" content=\"pl_PL\" \/>\n<meta property=\"og:type\" content=\"article\" \/>\n<meta property=\"og:title\" content=\"Wz\u00f3r o\u015bwiadczenia rodzica\/opiekuna - Aplikuj.pl\" \/>\n<meta property=\"og:description\" content=\"Nasz wz\u00f3r o\u015bwiadczenia rodzica\/opiekuna pozwoli na przygotowanie przejrzystego i zgodnego z obowi\u0105zuj\u0105cymi przepisami dokumentu. Szablon dokumentu nale\u017cy samodzielnie edytowa\u0107, uzupe\u0142niaj\u0105c dane pracownika i niezb\u0119dne informacje. Wz\u00f3r jest kompatybilny z programem MS Office oraz z najpopularniejszymi darmowymi pakietami biurowymi (Open Office lub Libre Office).\" \/>\n<meta property=\"og:url\" content=\"https:\/\/www.aplikuj.pl\/dokumenty\/formularze-zaswiadczenia\/oswiadczenie-rodzica-opiekuna\/\" \/>\n<meta property=\"og:site_name\" content=\"Aplikuj.pl\" \/>\n<meta property=\"article:modified_time\" content=\"2026-02-22T22:23:33+00:00\" \/>\n<meta property=\"og:image\" content=\"https:\/\/www.aplikuj.pl\/dokumenty\/wp-content\/uploads\/2020\/10\/aplikuj-wzor-v217.jpg\" \/>\n\t<meta property=\"og:image:width\" content=\"794\" \/>\n\t<meta property=\"og:image:height\" content=\"1123\" \/>\n\t<meta property=\"og:image:type\" content=\"image\/jpeg\" \/>\n<meta name=\"twitter:card\" content=\"summary_large_image\" \/>\n<meta name=\"twitter:label1\" content=\"Szacowany czas czytania\" \/>\n\t<meta name=\"twitter:data1\" content=\"2 minuty\" \/>\n<script type=\"application\/ld+json\" class=\"yoast-schema-graph\">{\"@context\":\"https:\/\/schema.org\",\"@graph\":[{\"@type\":\"WebPage\",\"@id\":\"https:\/\/www.aplikuj.pl\/dokumenty\/formularze-zaswiadczenia\/oswiadczenie-rodzica-opiekuna\/\",\"url\":\"https:\/\/www.aplikuj.pl\/dokumenty\/formularze-zaswiadczenia\/oswiadczenie-rodzica-opiekuna\/\",\"name\":\"Wz\u00f3r o\u015bwiadczenia rodzica\/opiekuna - Aplikuj.pl\",\"isPartOf\":{\"@id\":\"https:\/\/www.aplikuj.pl\/dokumenty\/#website\"},\"primaryImageOfPage\":{\"@id\":\"https:\/\/www.aplikuj.pl\/dokumenty\/formularze-zaswiadczenia\/oswiadczenie-rodzica-opiekuna\/#primaryimage\"},\"image\":{\"@id\":\"https:\/\/www.aplikuj.pl\/dokumenty\/formularze-zaswiadczenia\/oswiadczenie-rodzica-opiekuna\/#primaryimage\"},\"thumbnailUrl\":\"https:\/\/www.aplikuj.pl\/dokumenty\/wp-content\/uploads\/2020\/10\/aplikuj-wzor-v217.jpg\",\"datePublished\":\"2020-10-20T11:56:03+00:00\",\"dateModified\":\"2026-02-22T22:23:33+00:00\",\"breadcrumb\":{\"@id\":\"https:\/\/www.aplikuj.pl\/dokumenty\/formularze-zaswiadczenia\/oswiadczenie-rodzica-opiekuna\/#breadcrumb\"},\"inLanguage\":\"pl-PL\",\"potentialAction\":[{\"@type\":\"ReadAction\",\"target\":[\"https:\/\/www.aplikuj.pl\/dokumenty\/formularze-zaswiadczenia\/oswiadczenie-rodzica-opiekuna\/\"]}]},{\"@type\":\"ImageObject\",\"inLanguage\":\"pl-PL\",\"@id\":\"https:\/\/www.aplikuj.pl\/dokumenty\/formularze-zaswiadczenia\/oswiadczenie-rodzica-opiekuna\/#primaryimage\",\"url\":\"https:\/\/www.aplikuj.pl\/dokumenty\/wp-content\/uploads\/2020\/10\/aplikuj-wzor-v217.jpg\",\"contentUrl\":\"https:\/\/www.aplikuj.pl\/dokumenty\/wp-content\/uploads\/2020\/10\/aplikuj-wzor-v217.jpg\",\"width\":794,\"height\":1123},{\"@type\":\"BreadcrumbList\",\"@id\":\"https:\/\/www.aplikuj.pl\/dokumenty\/formularze-zaswiadczenia\/oswiadczenie-rodzica-opiekuna\/#breadcrumb\",\"itemListElement\":[{\"@type\":\"ListItem\",\"position\":1,\"name\":\"Dokumenty HR\",\"item\":\"https:\/\/www.aplikuj.pl\/dokumenty\/\"},{\"@type\":\"ListItem\",\"position\":2,\"name\":\"umowa-o-prace\",\"item\":\"https:\/\/www.aplikuj.pl\/dokumenty\/umowa-o-prace\/\"},{\"@type\":\"ListItem\",\"position\":3,\"name\":\"Formularze i za\u015bwiadczenia\",\"item\":\"https:\/\/www.aplikuj.pl\/dokumenty\/formularze-zaswiadczenia\/\"},{\"@type\":\"ListItem\",\"position\":4,\"name\":\"Wz\u00f3r o\u015bwiadczenia rodzica\/opiekuna\"}]},{\"@type\":\"WebSite\",\"@id\":\"https:\/\/www.aplikuj.pl\/dokumenty\/#website\",\"url\":\"https:\/\/www.aplikuj.pl\/dokumenty\/\",\"name\":\"Aplikuj.pl\",\"description\":\"Profesjonalne i darmowe wzory dokument\u00f3w HR\",\"publisher\":{\"@id\":\"https:\/\/www.aplikuj.pl\/dokumenty\/#organization\"},\"potentialAction\":[{\"@type\":\"SearchAction\",\"target\":{\"@type\":\"EntryPoint\",\"urlTemplate\":\"https:\/\/www.aplikuj.pl\/dokumenty\/?s={search_term_string}\"},\"query-input\":{\"@type\":\"PropertyValueSpecification\",\"valueRequired\":true,\"valueName\":\"search_term_string\"}}],\"inLanguage\":\"pl-PL\"},{\"@type\":\"Organization\",\"@id\":\"https:\/\/www.aplikuj.pl\/dokumenty\/#organization\",\"name\":\"Aplikuj.pl\",\"url\":\"https:\/\/www.aplikuj.pl\/dokumenty\/\",\"logo\":{\"@type\":\"ImageObject\",\"inLanguage\":\"pl-PL\",\"@id\":\"https:\/\/www.aplikuj.pl\/dokumenty\/#\/schema\/logo\/image\/\",\"url\":\"\",\"contentUrl\":\"\",\"caption\":\"Aplikuj.pl\"},\"image\":{\"@id\":\"https:\/\/www.aplikuj.pl\/dokumenty\/#\/schema\/logo\/image\/\"}}]}<\/script>\n<!-- \/ Yoast SEO plugin. -->","yoast_head_json":{"title":"Wz\u00f3r o\u015bwiadczenia rodzica\/opiekuna - Aplikuj.pl","robots":{"index":"index","follow":"follow","max-snippet":"max-snippet:-1","max-image-preview":"max-image-preview:large","max-video-preview":"max-video-preview:-1"},"canonical":"https:\/\/www.aplikuj.pl\/dokumenty\/formularze-zaswiadczenia\/oswiadczenie-rodzica-opiekuna\/","og_locale":"pl_PL","og_type":"article","og_title":"Wz\u00f3r o\u015bwiadczenia rodzica\/opiekuna - Aplikuj.pl","og_description":"Nasz wz\u00f3r o\u015bwiadczenia rodzica\/opiekuna pozwoli na przygotowanie przejrzystego i zgodnego z obowi\u0105zuj\u0105cymi przepisami dokumentu. Szablon dokumentu nale\u017cy samodzielnie edytowa\u0107, uzupe\u0142niaj\u0105c dane pracownika i niezb\u0119dne informacje. Wz\u00f3r jest kompatybilny z programem MS Office oraz z najpopularniejszymi darmowymi pakietami biurowymi (Open Office lub Libre Office).","og_url":"https:\/\/www.aplikuj.pl\/dokumenty\/formularze-zaswiadczenia\/oswiadczenie-rodzica-opiekuna\/","og_site_name":"Aplikuj.pl","article_modified_time":"2026-02-22T22:23:33+00:00","og_image":[{"width":794,"height":1123,"url":"https:\/\/www.aplikuj.pl\/dokumenty\/wp-content\/uploads\/2020\/10\/aplikuj-wzor-v217.jpg","type":"image\/jpeg"}],"twitter_card":"summary_large_image","twitter_misc":{"Szacowany czas czytania":"2 minuty"},"schema":{"@context":"https:\/\/schema.org","@graph":[{"@type":"WebPage","@id":"https:\/\/www.aplikuj.pl\/dokumenty\/formularze-zaswiadczenia\/oswiadczenie-rodzica-opiekuna\/","url":"https:\/\/www.aplikuj.pl\/dokumenty\/formularze-zaswiadczenia\/oswiadczenie-rodzica-opiekuna\/","name":"Wz\u00f3r o\u015bwiadczenia rodzica\/opiekuna - Aplikuj.pl","isPartOf":{"@id":"https:\/\/www.aplikuj.pl\/dokumenty\/#website"},"primaryImageOfPage":{"@id":"https:\/\/www.aplikuj.pl\/dokumenty\/formularze-zaswiadczenia\/oswiadczenie-rodzica-opiekuna\/#primaryimage"},"image":{"@id":"https:\/\/www.aplikuj.pl\/dokumenty\/formularze-zaswiadczenia\/oswiadczenie-rodzica-opiekuna\/#primaryimage"},"thumbnailUrl":"https:\/\/www.aplikuj.pl\/dokumenty\/wp-content\/uploads\/2020\/10\/aplikuj-wzor-v217.jpg","datePublished":"2020-10-20T11:56:03+00:00","dateModified":"2026-02-22T22:23:33+00:00","breadcrumb":{"@id":"https:\/\/www.aplikuj.pl\/dokumenty\/formularze-zaswiadczenia\/oswiadczenie-rodzica-opiekuna\/#breadcrumb"},"inLanguage":"pl-PL","potentialAction":[{"@type":"ReadAction","target":["https:\/\/www.aplikuj.pl\/dokumenty\/formularze-zaswiadczenia\/oswiadczenie-rodzica-opiekuna\/"]}]},{"@type":"ImageObject","inLanguage":"pl-PL","@id":"https:\/\/www.aplikuj.pl\/dokumenty\/formularze-zaswiadczenia\/oswiadczenie-rodzica-opiekuna\/#primaryimage","url":"https:\/\/www.aplikuj.pl\/dokumenty\/wp-content\/uploads\/2020\/10\/aplikuj-wzor-v217.jpg","contentUrl":"https:\/\/www.aplikuj.pl\/dokumenty\/wp-content\/uploads\/2020\/10\/aplikuj-wzor-v217.jpg","width":794,"height":1123},{"@type":"BreadcrumbList","@id":"https:\/\/www.aplikuj.pl\/dokumenty\/formularze-zaswiadczenia\/oswiadczenie-rodzica-opiekuna\/#breadcrumb","itemListElement":[{"@type":"ListItem","position":1,"name":"Dokumenty HR","item":"https:\/\/www.aplikuj.pl\/dokumenty\/"},{"@type":"ListItem","position":2,"name":"umowa-o-prace","item":"https:\/\/www.aplikuj.pl\/dokumenty\/umowa-o-prace\/"},{"@type":"ListItem","position":3,"name":"Formularze i za\u015bwiadczenia","item":"https:\/\/www.aplikuj.pl\/dokumenty\/formularze-zaswiadczenia\/"},{"@type":"ListItem","position":4,"name":"Wz\u00f3r o\u015bwiadczenia rodzica\/opiekuna"}]},{"@type":"WebSite","@id":"https:\/\/www.aplikuj.pl\/dokumenty\/#website","url":"https:\/\/www.aplikuj.pl\/dokumenty\/","name":"Aplikuj.pl","description":"Profesjonalne i darmowe wzory dokument\u00f3w HR","publisher":{"@id":"https:\/\/www.aplikuj.pl\/dokumenty\/#organization"},"potentialAction":[{"@type":"SearchAction","target":{"@type":"EntryPoint","urlTemplate":"https:\/\/www.aplikuj.pl\/dokumenty\/?s={search_term_string}"},"query-input":{"@type":"PropertyValueSpecification","valueRequired":true,"valueName":"search_term_string"}}],"inLanguage":"pl-PL"},{"@type":"Organization","@id":"https:\/\/www.aplikuj.pl\/dokumenty\/#organization","name":"Aplikuj.pl","url":"https:\/\/www.aplikuj.pl\/dokumenty\/","logo":{"@type":"ImageObject","inLanguage":"pl-PL","@id":"https:\/\/www.aplikuj.pl\/dokumenty\/#\/schema\/logo\/image\/","url":"","contentUrl":"","caption":"Aplikuj.pl"},"image":{"@id":"https:\/\/www.aplikuj.pl\/dokumenty\/#\/schema\/logo\/image\/"}}]}},"_links":{"self":[{"href":"https:\/\/www.aplikuj.pl\/dokumenty\/wp-json\/wp\/v2\/product\/4569","targetHints":{"allow":["GET"]}}],"collection":[{"href":"https:\/\/www.aplikuj.pl\/dokumenty\/wp-json\/wp\/v2\/product"}],"about":[{"href":"https:\/\/www.aplikuj.pl\/dokumenty\/wp-json\/wp\/v2\/types\/product"}],"version-history":[{"count":2,"href":"https:\/\/www.aplikuj.pl\/dokumenty\/wp-json\/wp\/v2\/product\/4569\/revisions"}],"predecessor-version":[{"id":5179,"href":"https:\/\/www.aplikuj.pl\/dokumenty\/wp-json\/wp\/v2\/product\/4569\/revisions\/5179"}],"wp:featuredmedia":[{"embeddable":true,"href":"https:\/\/www.aplikuj.pl\/dokumenty\/wp-json\/wp\/v2\/media\/4605"}],"wp:attachment":[{"href":"https:\/\/www.aplikuj.pl\/dokumenty\/wp-json\/wp\/v2\/media?parent=4569"}],"wp:term":[{"taxonomy":"product_brand","embeddable":true,"href":"https:\/\/www.aplikuj.pl\/dokumenty\/wp-json\/wp\/v2\/product_brand?post=4569"},{"taxonomy":"product_cat","embeddable":true,"href":"https:\/\/www.aplikuj.pl\/dokumenty\/wp-json\/wp\/v2\/product_cat?post=4569"},{"taxonomy":"product_tag","embeddable":true,"href":"https:\/\/www.aplikuj.pl\/dokumenty\/wp-json\/wp\/v2\/product_tag?post=4569"}],"curies":[{"name":"wp","href":"https:\/\/api.w.org\/{rel}","templated":true}]}}