{"id":4562,"date":"2020-10-19T16:14:08","date_gmt":"2020-10-19T14:14:08","guid":{"rendered":"https:\/\/www.aplikuj.pl\/dokumenty\/?post_type=product&#038;p=4562"},"modified":"2026-02-22T23:23:32","modified_gmt":"2026-02-22T22:23:32","slug":"oswiadczenie-o-zapoznaniu-sie-z-przepisami-bhp","status":"publish","type":"product","link":"https:\/\/www.aplikuj.pl\/dokumenty\/wzory-inne\/oswiadczenie-o-zapoznaniu-sie-z-przepisami-bhp\/","title":{"rendered":"Wz\u00f3r o\u015bwiadczenia o zapoznaniu si\u0119 z przepisami BHP"},"content":{"rendered":"<h2>Wz\u00f3r o\u015bwiadczenia o zapoznaniu si\u0119 z przepisami BHP<\/h2>\n<p>Gotowy wz\u00f3r o\u015bwiadczenia o zapoznaniu si\u0119 z przepisami BHP pozwoli przygotowa\u0107 pracodawcy czytelny dokument spe\u0142niaj\u0105cy wszystkie wymogi. Dokument ten jest bardzo wa\u017cny w kontek\u015bcie zachowania bezpiecze\u0144stwa przez pracownik\u00f3w i ewentualnych konsekwencji nieprzestrzegania zasad BHP. W razie wypadku przy pracy b\u0105d\u017a doznaniu uszczerbku na zdrowiu wskutek wykonywania obowi\u0105zk\u00f3w pracowniczych odszkodowanie przys\u0142uguje jedynie tym zatrudnionym, kt\u00f3rzy post\u0119powali zgodnie z przepisami, w przeciwnym razie poniesienie odpowiedzialno\u015bci za doznan\u0105 szkod\u0119 spoczywa w pe\u0142ni na nich. Warto o tym pami\u0119ta\u0107 i uczciwie <strong>zapoznawa\u0107 si\u0119 z obowi\u0105zuj\u0105cymi zasadami BHP<\/strong> w zak\u0142adzie pracy, nie tylko na stanowiskach szczeg\u00f3lnie nara\u017conych na niebezpiecze\u0144stwa.<\/p>\n<h2>Jak przygotowa\u0107 o\u015bwiadczenie o zapoznaniu si\u0119 z przepisami BHP<\/h2>\n<p>W o\u015bwiadczeniu podpisywanym przez pracownika przede wszystkim musz\u0105 si\u0119 znale\u017a\u0107 jego dane osobowe oraz nazwa stanowiska, jakie b\u0119dzie obejmowa\u0142. Dokument musi zawiera\u0107 informacj\u0119 jasno okre\u015blaj\u0105c\u0105, \u017ce zatrudniona osoba zapozna\u0142a si\u0119 z obowi\u0105zuj\u0105cymi w zak\u0142adzie przepisami i zasadami bezpiecze\u0144stwa i higieny pracy. Konieczne jest tak\u017ce wskazanie nazwy pracodawcy, dla jakiego b\u0119dzie \u015bwiadczona praca. Przygotowuj\u0105c o\u015bwiadczenie, nie trzeba szczeg\u00f3\u0142owo okre\u015bla\u0107 element\u00f3w szkolenia, z jakimi zapozna\u0142 si\u0119 pracownik, ale mo\u017cna je wymieni\u0107. Takie posuni\u0119cie mo\u017ce by\u0107 ewentualnym zabezpieczeniem dla pracodawcy w przypadku ewentualnych problem\u00f3w w przysz\u0142o\u015bci zwi\u0105zanych z wypadkami w pracy.<\/p>\n<p>Szablon <strong>o\u015bwiadczenia o zapoznaniu si\u0119 z przepisami BHP<\/strong> pozwoli na przygotowanie przejrzystego dokumentu zawieraj\u0105cego najwa\u017cniejsze, wymagane przez przepisy informacje. Dzi\u0119ki temu pracodawca oraz pracownik dope\u0142ni\u0105 swoich obowi\u0105zk\u00f3w. O\u015bwiadczenie na pi\u015bmie o zapoznaniu si\u0119 z przepisami BHP jest niezwykle wa\u017cne i nie wolno o nim zapomnie\u0107. Podpisany dokument powinien tak\u017ce trafi\u0107 do akt osobowych przechowywanych przez pracodawc\u0119.<\/p>\n","protected":false},"excerpt":{"rendered":"<p>Przygotowany przez nas wz\u00f3r o\u015bwiadczenia o zapoznaniu si\u0119 z przepisami BHP dla pracownika ma prosty i przejrzysty szablon graficzny, a jego edycja jest mo\u017cliwa za pomoc\u0105 najpopularniejszych program\u00f3w. Dokument jest kompatybilny mi\u0119dzy innymi z programem MS Office oraz z darmowymi pakietami biurowymi (Open Office lub Libre Office). Edytowanie o\u015bwiadczenia wedle w\u0142asnych potrzeb jest proste i nie powinno sprawia\u0107 problem\u00f3w.<\/p>\n","protected":false},"featured_media":4608,"template":"","meta":[],"product_brand":[],"product_cat":[30],"product_tag":[152,153,155,154],"class_list":{"0":"post-4562","1":"product","2":"type-product","3":"status-publish","4":"has-post-thumbnail","6":"product_cat-wzory-inne","7":"product_tag-oswiadczenie-o-zapoznaniu-sie-z-przepisami-bhp","8":"product_tag-oswiadczenie-pracownika","9":"product_tag-oswiadczenie-pracownika-wzor","10":"product_tag-zasady-bhp-w-miejscu-pracy","12":"first","13":"instock","14":"shipping-taxable","15":"product-type-external"},"yoast_head":"<!-- This site is optimized with the Yoast SEO plugin v27.0 - https:\/\/yoast.com\/product\/yoast-seo-wordpress\/ -->\n<title>Wz\u00f3r o\u015bwiadczenia o zapoznaniu si\u0119 z przepisami BHP - Aplikuj.pl<\/title>\n<meta name=\"robots\" content=\"index, follow, max-snippet:-1, max-image-preview:large, max-video-preview:-1\" \/>\n<link rel=\"canonical\" href=\"https:\/\/www.aplikuj.pl\/dokumenty\/wzory-inne\/oswiadczenie-o-zapoznaniu-sie-z-przepisami-bhp\/\" \/>\n<meta property=\"og:locale\" content=\"pl_PL\" \/>\n<meta property=\"og:type\" content=\"article\" \/>\n<meta property=\"og:title\" content=\"Wz\u00f3r o\u015bwiadczenia o zapoznaniu si\u0119 z przepisami BHP - Aplikuj.pl\" \/>\n<meta property=\"og:description\" content=\"Przygotowany przez nas wz\u00f3r o\u015bwiadczenia o zapoznaniu si\u0119 z przepisami BHP dla pracownika ma prosty i przejrzysty szablon graficzny, a jego edycja jest mo\u017cliwa za pomoc\u0105 najpopularniejszych program\u00f3w. Dokument jest kompatybilny mi\u0119dzy innymi z programem MS Office oraz z darmowymi pakietami biurowymi (Open Office lub Libre Office). Edytowanie o\u015bwiadczenia wedle w\u0142asnych potrzeb jest proste i nie powinno sprawia\u0107 problem\u00f3w.\" \/>\n<meta property=\"og:url\" content=\"https:\/\/www.aplikuj.pl\/dokumenty\/wzory-inne\/oswiadczenie-o-zapoznaniu-sie-z-przepisami-bhp\/\" \/>\n<meta property=\"og:site_name\" content=\"Aplikuj.pl\" \/>\n<meta property=\"article:modified_time\" content=\"2026-02-22T22:23:32+00:00\" \/>\n<meta property=\"og:image\" content=\"https:\/\/www.aplikuj.pl\/dokumenty\/wp-content\/uploads\/2020\/10\/aplikuj-wzor-v215.jpg\" \/>\n\t<meta property=\"og:image:width\" content=\"794\" \/>\n\t<meta property=\"og:image:height\" content=\"1123\" \/>\n\t<meta property=\"og:image:type\" content=\"image\/jpeg\" \/>\n<meta name=\"twitter:card\" content=\"summary_large_image\" \/>\n<meta name=\"twitter:label1\" content=\"Szacowany czas czytania\" \/>\n\t<meta name=\"twitter:data1\" content=\"2 minuty\" \/>\n<script type=\"application\/ld+json\" class=\"yoast-schema-graph\">{\"@context\":\"https:\/\/schema.org\",\"@graph\":[{\"@type\":\"WebPage\",\"@id\":\"https:\/\/www.aplikuj.pl\/dokumenty\/wzory-inne\/oswiadczenie-o-zapoznaniu-sie-z-przepisami-bhp\/\",\"url\":\"https:\/\/www.aplikuj.pl\/dokumenty\/wzory-inne\/oswiadczenie-o-zapoznaniu-sie-z-przepisami-bhp\/\",\"name\":\"Wz\u00f3r o\u015bwiadczenia o zapoznaniu si\u0119 z przepisami BHP - Aplikuj.pl\",\"isPartOf\":{\"@id\":\"https:\/\/www.aplikuj.pl\/dokumenty\/#website\"},\"primaryImageOfPage\":{\"@id\":\"https:\/\/www.aplikuj.pl\/dokumenty\/wzory-inne\/oswiadczenie-o-zapoznaniu-sie-z-przepisami-bhp\/#primaryimage\"},\"image\":{\"@id\":\"https:\/\/www.aplikuj.pl\/dokumenty\/wzory-inne\/oswiadczenie-o-zapoznaniu-sie-z-przepisami-bhp\/#primaryimage\"},\"thumbnailUrl\":\"https:\/\/www.aplikuj.pl\/dokumenty\/wp-content\/uploads\/2020\/10\/aplikuj-wzor-v215.jpg\",\"datePublished\":\"2020-10-19T14:14:08+00:00\",\"dateModified\":\"2026-02-22T22:23:32+00:00\",\"breadcrumb\":{\"@id\":\"https:\/\/www.aplikuj.pl\/dokumenty\/wzory-inne\/oswiadczenie-o-zapoznaniu-sie-z-przepisami-bhp\/#breadcrumb\"},\"inLanguage\":\"pl-PL\",\"potentialAction\":[{\"@type\":\"ReadAction\",\"target\":[\"https:\/\/www.aplikuj.pl\/dokumenty\/wzory-inne\/oswiadczenie-o-zapoznaniu-sie-z-przepisami-bhp\/\"]}]},{\"@type\":\"ImageObject\",\"inLanguage\":\"pl-PL\",\"@id\":\"https:\/\/www.aplikuj.pl\/dokumenty\/wzory-inne\/oswiadczenie-o-zapoznaniu-sie-z-przepisami-bhp\/#primaryimage\",\"url\":\"https:\/\/www.aplikuj.pl\/dokumenty\/wp-content\/uploads\/2020\/10\/aplikuj-wzor-v215.jpg\",\"contentUrl\":\"https:\/\/www.aplikuj.pl\/dokumenty\/wp-content\/uploads\/2020\/10\/aplikuj-wzor-v215.jpg\",\"width\":794,\"height\":1123},{\"@type\":\"BreadcrumbList\",\"@id\":\"https:\/\/www.aplikuj.pl\/dokumenty\/wzory-inne\/oswiadczenie-o-zapoznaniu-sie-z-przepisami-bhp\/#breadcrumb\",\"itemListElement\":[{\"@type\":\"ListItem\",\"position\":1,\"name\":\"Dokumenty HR\",\"item\":\"https:\/\/www.aplikuj.pl\/dokumenty\/\"},{\"@type\":\"ListItem\",\"position\":2,\"name\":\"umowa-o-prace\",\"item\":\"https:\/\/www.aplikuj.pl\/dokumenty\/umowa-o-prace\/\"},{\"@type\":\"ListItem\",\"position\":3,\"name\":\"Inne dokumenty - wzory\",\"item\":\"https:\/\/www.aplikuj.pl\/dokumenty\/wzory-inne\/\"},{\"@type\":\"ListItem\",\"position\":4,\"name\":\"Wz\u00f3r o\u015bwiadczenia o zapoznaniu si\u0119 z przepisami BHP\"}]},{\"@type\":\"WebSite\",\"@id\":\"https:\/\/www.aplikuj.pl\/dokumenty\/#website\",\"url\":\"https:\/\/www.aplikuj.pl\/dokumenty\/\",\"name\":\"Aplikuj.pl\",\"description\":\"Profesjonalne i darmowe wzory dokument\u00f3w HR\",\"publisher\":{\"@id\":\"https:\/\/www.aplikuj.pl\/dokumenty\/#organization\"},\"potentialAction\":[{\"@type\":\"SearchAction\",\"target\":{\"@type\":\"EntryPoint\",\"urlTemplate\":\"https:\/\/www.aplikuj.pl\/dokumenty\/?s={search_term_string}\"},\"query-input\":{\"@type\":\"PropertyValueSpecification\",\"valueRequired\":true,\"valueName\":\"search_term_string\"}}],\"inLanguage\":\"pl-PL\"},{\"@type\":\"Organization\",\"@id\":\"https:\/\/www.aplikuj.pl\/dokumenty\/#organization\",\"name\":\"Aplikuj.pl\",\"url\":\"https:\/\/www.aplikuj.pl\/dokumenty\/\",\"logo\":{\"@type\":\"ImageObject\",\"inLanguage\":\"pl-PL\",\"@id\":\"https:\/\/www.aplikuj.pl\/dokumenty\/#\/schema\/logo\/image\/\",\"url\":\"\",\"contentUrl\":\"\",\"caption\":\"Aplikuj.pl\"},\"image\":{\"@id\":\"https:\/\/www.aplikuj.pl\/dokumenty\/#\/schema\/logo\/image\/\"}}]}<\/script>\n<!-- \/ Yoast SEO plugin. -->","yoast_head_json":{"title":"Wz\u00f3r o\u015bwiadczenia o zapoznaniu si\u0119 z przepisami BHP - Aplikuj.pl","robots":{"index":"index","follow":"follow","max-snippet":"max-snippet:-1","max-image-preview":"max-image-preview:large","max-video-preview":"max-video-preview:-1"},"canonical":"https:\/\/www.aplikuj.pl\/dokumenty\/wzory-inne\/oswiadczenie-o-zapoznaniu-sie-z-przepisami-bhp\/","og_locale":"pl_PL","og_type":"article","og_title":"Wz\u00f3r o\u015bwiadczenia o zapoznaniu si\u0119 z przepisami BHP - Aplikuj.pl","og_description":"Przygotowany przez nas wz\u00f3r o\u015bwiadczenia o zapoznaniu si\u0119 z przepisami BHP dla pracownika ma prosty i przejrzysty szablon graficzny, a jego edycja jest mo\u017cliwa za pomoc\u0105 najpopularniejszych program\u00f3w. Dokument jest kompatybilny mi\u0119dzy innymi z programem MS Office oraz z darmowymi pakietami biurowymi (Open Office lub Libre Office). Edytowanie o\u015bwiadczenia wedle w\u0142asnych potrzeb jest proste i nie powinno sprawia\u0107 problem\u00f3w.","og_url":"https:\/\/www.aplikuj.pl\/dokumenty\/wzory-inne\/oswiadczenie-o-zapoznaniu-sie-z-przepisami-bhp\/","og_site_name":"Aplikuj.pl","article_modified_time":"2026-02-22T22:23:32+00:00","og_image":[{"width":794,"height":1123,"url":"https:\/\/www.aplikuj.pl\/dokumenty\/wp-content\/uploads\/2020\/10\/aplikuj-wzor-v215.jpg","type":"image\/jpeg"}],"twitter_card":"summary_large_image","twitter_misc":{"Szacowany czas czytania":"2 minuty"},"schema":{"@context":"https:\/\/schema.org","@graph":[{"@type":"WebPage","@id":"https:\/\/www.aplikuj.pl\/dokumenty\/wzory-inne\/oswiadczenie-o-zapoznaniu-sie-z-przepisami-bhp\/","url":"https:\/\/www.aplikuj.pl\/dokumenty\/wzory-inne\/oswiadczenie-o-zapoznaniu-sie-z-przepisami-bhp\/","name":"Wz\u00f3r o\u015bwiadczenia o zapoznaniu si\u0119 z przepisami BHP - Aplikuj.pl","isPartOf":{"@id":"https:\/\/www.aplikuj.pl\/dokumenty\/#website"},"primaryImageOfPage":{"@id":"https:\/\/www.aplikuj.pl\/dokumenty\/wzory-inne\/oswiadczenie-o-zapoznaniu-sie-z-przepisami-bhp\/#primaryimage"},"image":{"@id":"https:\/\/www.aplikuj.pl\/dokumenty\/wzory-inne\/oswiadczenie-o-zapoznaniu-sie-z-przepisami-bhp\/#primaryimage"},"thumbnailUrl":"https:\/\/www.aplikuj.pl\/dokumenty\/wp-content\/uploads\/2020\/10\/aplikuj-wzor-v215.jpg","datePublished":"2020-10-19T14:14:08+00:00","dateModified":"2026-02-22T22:23:32+00:00","breadcrumb":{"@id":"https:\/\/www.aplikuj.pl\/dokumenty\/wzory-inne\/oswiadczenie-o-zapoznaniu-sie-z-przepisami-bhp\/#breadcrumb"},"inLanguage":"pl-PL","potentialAction":[{"@type":"ReadAction","target":["https:\/\/www.aplikuj.pl\/dokumenty\/wzory-inne\/oswiadczenie-o-zapoznaniu-sie-z-przepisami-bhp\/"]}]},{"@type":"ImageObject","inLanguage":"pl-PL","@id":"https:\/\/www.aplikuj.pl\/dokumenty\/wzory-inne\/oswiadczenie-o-zapoznaniu-sie-z-przepisami-bhp\/#primaryimage","url":"https:\/\/www.aplikuj.pl\/dokumenty\/wp-content\/uploads\/2020\/10\/aplikuj-wzor-v215.jpg","contentUrl":"https:\/\/www.aplikuj.pl\/dokumenty\/wp-content\/uploads\/2020\/10\/aplikuj-wzor-v215.jpg","width":794,"height":1123},{"@type":"BreadcrumbList","@id":"https:\/\/www.aplikuj.pl\/dokumenty\/wzory-inne\/oswiadczenie-o-zapoznaniu-sie-z-przepisami-bhp\/#breadcrumb","itemListElement":[{"@type":"ListItem","position":1,"name":"Dokumenty HR","item":"https:\/\/www.aplikuj.pl\/dokumenty\/"},{"@type":"ListItem","position":2,"name":"umowa-o-prace","item":"https:\/\/www.aplikuj.pl\/dokumenty\/umowa-o-prace\/"},{"@type":"ListItem","position":3,"name":"Inne dokumenty - wzory","item":"https:\/\/www.aplikuj.pl\/dokumenty\/wzory-inne\/"},{"@type":"ListItem","position":4,"name":"Wz\u00f3r o\u015bwiadczenia o zapoznaniu si\u0119 z przepisami BHP"}]},{"@type":"WebSite","@id":"https:\/\/www.aplikuj.pl\/dokumenty\/#website","url":"https:\/\/www.aplikuj.pl\/dokumenty\/","name":"Aplikuj.pl","description":"Profesjonalne i darmowe wzory dokument\u00f3w HR","publisher":{"@id":"https:\/\/www.aplikuj.pl\/dokumenty\/#organization"},"potentialAction":[{"@type":"SearchAction","target":{"@type":"EntryPoint","urlTemplate":"https:\/\/www.aplikuj.pl\/dokumenty\/?s={search_term_string}"},"query-input":{"@type":"PropertyValueSpecification","valueRequired":true,"valueName":"search_term_string"}}],"inLanguage":"pl-PL"},{"@type":"Organization","@id":"https:\/\/www.aplikuj.pl\/dokumenty\/#organization","name":"Aplikuj.pl","url":"https:\/\/www.aplikuj.pl\/dokumenty\/","logo":{"@type":"ImageObject","inLanguage":"pl-PL","@id":"https:\/\/www.aplikuj.pl\/dokumenty\/#\/schema\/logo\/image\/","url":"","contentUrl":"","caption":"Aplikuj.pl"},"image":{"@id":"https:\/\/www.aplikuj.pl\/dokumenty\/#\/schema\/logo\/image\/"}}]}},"_links":{"self":[{"href":"https:\/\/www.aplikuj.pl\/dokumenty\/wp-json\/wp\/v2\/product\/4562","targetHints":{"allow":["GET"]}}],"collection":[{"href":"https:\/\/www.aplikuj.pl\/dokumenty\/wp-json\/wp\/v2\/product"}],"about":[{"href":"https:\/\/www.aplikuj.pl\/dokumenty\/wp-json\/wp\/v2\/types\/product"}],"version-history":[{"count":2,"href":"https:\/\/www.aplikuj.pl\/dokumenty\/wp-json\/wp\/v2\/product\/4562\/revisions"}],"predecessor-version":[{"id":5177,"href":"https:\/\/www.aplikuj.pl\/dokumenty\/wp-json\/wp\/v2\/product\/4562\/revisions\/5177"}],"wp:featuredmedia":[{"embeddable":true,"href":"https:\/\/www.aplikuj.pl\/dokumenty\/wp-json\/wp\/v2\/media\/4608"}],"wp:attachment":[{"href":"https:\/\/www.aplikuj.pl\/dokumenty\/wp-json\/wp\/v2\/media?parent=4562"}],"wp:term":[{"taxonomy":"product_brand","embeddable":true,"href":"https:\/\/www.aplikuj.pl\/dokumenty\/wp-json\/wp\/v2\/product_brand?post=4562"},{"taxonomy":"product_cat","embeddable":true,"href":"https:\/\/www.aplikuj.pl\/dokumenty\/wp-json\/wp\/v2\/product_cat?post=4562"},{"taxonomy":"product_tag","embeddable":true,"href":"https:\/\/www.aplikuj.pl\/dokumenty\/wp-json\/wp\/v2\/product_tag?post=4562"}],"curies":[{"name":"wp","href":"https:\/\/api.w.org\/{rel}","templated":true}]}}