{"id":4555,"date":"2020-10-19T14:36:59","date_gmt":"2020-10-19T12:36:59","guid":{"rendered":"https:\/\/www.aplikuj.pl\/dokumenty\/?post_type=product&#038;p=4555"},"modified":"2026-02-22T23:23:32","modified_gmt":"2026-02-22T22:23:32","slug":"wzor-wypowiedzenia-zmieniajacego-warunki-pracy","status":"publish","type":"product","link":"https:\/\/www.aplikuj.pl\/dokumenty\/wzory-wypowiedzenia\/wzor-wypowiedzenia-zmieniajacego-warunki-pracy\/","title":{"rendered":"Wz\u00f3r wypowiedzenia zmieniaj\u0105cego warunki pracy i p\u0142acy"},"content":{"rendered":"<h2><span class=\"current\">Wz\u00f3r wypowiedzenia zmieniaj\u0105cego warunki pracy<\/span><\/h2>\n<p>Wypowiedzenie zmieniaj\u0105ce warunki pracy jest stosowane w wyj\u0105tkowych okoliczno\u015bciach i nie ma na celu zako\u0144czenia stosunku pracy, a jedynie zmian\u0119 kluczowych warunk\u00f3w umowy mi\u0119dzy pracodawc\u0105 a pracownikiem. Nale\u017cy pami\u0119ta\u0107, \u017ce pracodawca nie ma prawa samodzielnie i bez powiadomienia pracownika zmieni\u0107 warunk\u00f3w umowy, dlatego<strong> wypowiedzenie zmieniaj\u0105ce<\/strong> jest form\u0105 zakomunikowania potrzeby zmian.<\/p>\n<p>Pracownik mo\u017ce do po\u0142owy okresu wypowiedzenia ustosunkowa\u0107 si\u0119 do propozycji pracodawcy. Je\u017celi przyjmie proponowane modyfikacje warunk\u00f3w, to dojdzie do zmiany umowy o prac\u0119. W przypadku odmowy przyj\u0119cia zmian wypowiedzenie zmieniaj\u0105ce przyjmie charakter zwyk\u0142ego wypowiedzenia umowy o prac\u0119. Warto nadmieni\u0107, \u017ce brak ustosunkowania si\u0119 pracownika jest traktowane jako zgoda na modyfikacj\u0119 warunk\u00f3w umowy.<\/p>\n<h2>Kiedy wystawi\u0107 wypowiedzenie zmieniaj\u0105ce?<\/h2>\n<p>Wypowiedzenie zmieniaj\u0105ce mo\u017ce by\u0107 wystawione w r\u00f3\u017cnych sytuacjach wymagaj\u0105cych zmiany istotnych warunk\u00f3w pracy. Pracodawca musi w nim zawrze\u0107 propozycj\u0119 nowych warunk\u00f3w pracy, poniewa\u017c pracownik musi otrzyma\u0107 na pi\u015bmie r\u00f3\u017cnice i proponowane zmiany, na jakie ewentualnie ma si\u0119 zgodzi\u0107. Te nast\u0119pnie musz\u0105 si\u0119 znale\u017a\u0107 na nowej umowie o prac\u0119. Wypowiedzenie zmieniaj\u0105ce ma charakter warunkowy i tylko <strong>odrzucenie propozycji zmian przez pracownika prowadzi do zerwania stosunku pracy<\/strong> na warunkach standardowego wypowiedzenia.<\/p>\n<p>Co ciekawe wypowiedzenie zmieniaj\u0105ce mo\u017ce by\u0107 z\u0142o\u017cone przez pracownika, ale nie jest ono wi\u0105\u017c\u0105ce. Taki dokument pe\u0142ni raczej rol\u0119 inicjatywy zmiany istotnych warunk\u00f3w pracy i stanowi zal\u0105\u017cek do negocjacji nowej umowy. W przypadku odrzucenia propozycji przez pracodawc\u0119, pracownik mo\u017ce zako\u0144czy\u0107 stosunek pracy. Jego o\u015bwiadczenie zostanie wtedy odczytane jako zwyk\u0142e wypowiedzenie umowy o prac\u0119.<\/p>\n<h2>Zmiana warunk\u00f3w p\u0142acy jako \u015brodek dyscyplinuj\u0105cy<\/h2>\n<p>Kodeks pracy pozwala wykorzysta\u0107 wypowiedzenie zmieniaj\u0105ce jako form\u0119 sankcji wobec pracownika zaniedbuj\u0105cego swoje obowi\u0105zki. W takiej sytuacji o\u015bwiadczenie mo\u017ce dotyczy\u0107 jedynie zmiany warunk\u00f3w p\u0142acy, a nie samych warunk\u00f3w pracy. <strong>Wypowiedzenie zmieniaj\u0105ce musi by\u0107 odpowiednio uzasadnione<\/strong> i przedstawia\u0107 nowe warunki pracy adekwatne do kwalifikacji pracownika. Zmiany musz\u0105 by\u0107 zasadne i nie krzywdzi\u0107 bezcelowo pracownika. Osoba, kt\u00f3rej wr\u0119czono wypowiedzenie zmieniaj\u0105ce, ma prawo odwo\u0142ania si\u0119 do s\u0105du w terminie <strong>do 7 dni od jego otrzymania<\/strong>. Trzeba jednak pami\u0119ta\u0107, \u017ce dotyczy to wypowiedzenia, a nie porozumienia zmieniaj\u0105cego warunki pracy.<\/p>\n","protected":false},"excerpt":{"rendered":"<p class=\"Standard\">Wz\u00f3r wypowiedzenia zmieniaj\u0105cego zosta\u0142 przygotowany z dba\u0142o\u015bci\u0105 o szczeg\u00f3\u0142y i prost\u0105 form\u0119 wizualn\u0105. Funkcjonalny i nowoczesny szablon graficzny zapewnia przejrzysto\u015b\u0107 dokumentu. O\u015bwiadczenie nale\u017cy samodzielnie edytowa\u0107 za pomoc\u0105 programu MS Word, b\u0105d\u017a darmowych aplikacji biurowych (Open Office lub Libre Office). Edycja jest intuicyjna i prosta, dzi\u0119ki czemu nie przysporzy nikomu problem\u00f3w<\/p>\n","protected":false},"featured_media":4616,"template":"","meta":[],"product_brand":[],"product_cat":[22],"product_tag":[144,146,145,147],"class_list":{"0":"post-4555","1":"product","2":"type-product","3":"status-publish","4":"has-post-thumbnail","6":"product_cat-wzory-wypowiedzenia","7":"product_tag-wypowiedzenie-zmieniajace","8":"product_tag-wypowiedzenie-zmieniajace-warunki-pracy","9":"product_tag-wzor-wypowiedzenia-zmieniajacego","10":"product_tag-zmiana-warunkow-pracy-i-placy","12":"first","13":"instock","14":"shipping-taxable","15":"product-type-external"},"yoast_head":"<!-- This site is optimized with the Yoast SEO plugin v27.0 - https:\/\/yoast.com\/product\/yoast-seo-wordpress\/ -->\n<title>Wz\u00f3r wypowiedzenia zmieniaj\u0105cego warunki pracy i p\u0142acy - Aplikuj.pl<\/title>\n<meta name=\"robots\" content=\"index, follow, max-snippet:-1, max-image-preview:large, max-video-preview:-1\" \/>\n<link rel=\"canonical\" href=\"https:\/\/www.aplikuj.pl\/dokumenty\/wzory-wypowiedzenia\/wzor-wypowiedzenia-zmieniajacego-warunki-pracy\/\" \/>\n<meta property=\"og:locale\" content=\"pl_PL\" \/>\n<meta property=\"og:type\" content=\"article\" \/>\n<meta property=\"og:title\" content=\"Wz\u00f3r wypowiedzenia zmieniaj\u0105cego warunki pracy i p\u0142acy - Aplikuj.pl\" \/>\n<meta property=\"og:description\" content=\"Wz\u00f3r wypowiedzenia zmieniaj\u0105cego zosta\u0142 przygotowany z dba\u0142o\u015bci\u0105 o szczeg\u00f3\u0142y i prost\u0105 form\u0119 wizualn\u0105. Funkcjonalny i nowoczesny szablon graficzny zapewnia przejrzysto\u015b\u0107 dokumentu. O\u015bwiadczenie nale\u017cy samodzielnie edytowa\u0107 za pomoc\u0105 programu MS Word, b\u0105d\u017a darmowych aplikacji biurowych (Open Office lub Libre Office). Edycja jest intuicyjna i prosta, dzi\u0119ki czemu nie przysporzy nikomu problem\u00f3w\" \/>\n<meta property=\"og:url\" content=\"https:\/\/www.aplikuj.pl\/dokumenty\/wzory-wypowiedzenia\/wzor-wypowiedzenia-zmieniajacego-warunki-pracy\/\" \/>\n<meta property=\"og:site_name\" content=\"Aplikuj.pl\" \/>\n<meta property=\"article:modified_time\" content=\"2026-02-22T22:23:32+00:00\" \/>\n<meta property=\"og:image\" content=\"https:\/\/www.aplikuj.pl\/dokumenty\/wp-content\/uploads\/2020\/10\/aplikuj-wzor-v26.jpg\" \/>\n\t<meta property=\"og:image:width\" content=\"794\" \/>\n\t<meta property=\"og:image:height\" content=\"1123\" \/>\n\t<meta property=\"og:image:type\" content=\"image\/jpeg\" \/>\n<meta name=\"twitter:card\" content=\"summary_large_image\" \/>\n<meta name=\"twitter:label1\" content=\"Szacowany czas czytania\" \/>\n\t<meta name=\"twitter:data1\" content=\"2 minuty\" \/>\n<script type=\"application\/ld+json\" class=\"yoast-schema-graph\">{\"@context\":\"https:\/\/schema.org\",\"@graph\":[{\"@type\":\"WebPage\",\"@id\":\"https:\/\/www.aplikuj.pl\/dokumenty\/wzory-wypowiedzenia\/wzor-wypowiedzenia-zmieniajacego-warunki-pracy\/\",\"url\":\"https:\/\/www.aplikuj.pl\/dokumenty\/wzory-wypowiedzenia\/wzor-wypowiedzenia-zmieniajacego-warunki-pracy\/\",\"name\":\"Wz\u00f3r wypowiedzenia zmieniaj\u0105cego warunki pracy i p\u0142acy - Aplikuj.pl\",\"isPartOf\":{\"@id\":\"https:\/\/www.aplikuj.pl\/dokumenty\/#website\"},\"primaryImageOfPage\":{\"@id\":\"https:\/\/www.aplikuj.pl\/dokumenty\/wzory-wypowiedzenia\/wzor-wypowiedzenia-zmieniajacego-warunki-pracy\/#primaryimage\"},\"image\":{\"@id\":\"https:\/\/www.aplikuj.pl\/dokumenty\/wzory-wypowiedzenia\/wzor-wypowiedzenia-zmieniajacego-warunki-pracy\/#primaryimage\"},\"thumbnailUrl\":\"https:\/\/www.aplikuj.pl\/dokumenty\/wp-content\/uploads\/2020\/10\/aplikuj-wzor-v26.jpg\",\"datePublished\":\"2020-10-19T12:36:59+00:00\",\"dateModified\":\"2026-02-22T22:23:32+00:00\",\"breadcrumb\":{\"@id\":\"https:\/\/www.aplikuj.pl\/dokumenty\/wzory-wypowiedzenia\/wzor-wypowiedzenia-zmieniajacego-warunki-pracy\/#breadcrumb\"},\"inLanguage\":\"pl-PL\",\"potentialAction\":[{\"@type\":\"ReadAction\",\"target\":[\"https:\/\/www.aplikuj.pl\/dokumenty\/wzory-wypowiedzenia\/wzor-wypowiedzenia-zmieniajacego-warunki-pracy\/\"]}]},{\"@type\":\"ImageObject\",\"inLanguage\":\"pl-PL\",\"@id\":\"https:\/\/www.aplikuj.pl\/dokumenty\/wzory-wypowiedzenia\/wzor-wypowiedzenia-zmieniajacego-warunki-pracy\/#primaryimage\",\"url\":\"https:\/\/www.aplikuj.pl\/dokumenty\/wp-content\/uploads\/2020\/10\/aplikuj-wzor-v26.jpg\",\"contentUrl\":\"https:\/\/www.aplikuj.pl\/dokumenty\/wp-content\/uploads\/2020\/10\/aplikuj-wzor-v26.jpg\",\"width\":794,\"height\":1123},{\"@type\":\"BreadcrumbList\",\"@id\":\"https:\/\/www.aplikuj.pl\/dokumenty\/wzory-wypowiedzenia\/wzor-wypowiedzenia-zmieniajacego-warunki-pracy\/#breadcrumb\",\"itemListElement\":[{\"@type\":\"ListItem\",\"position\":1,\"name\":\"Dokumenty HR\",\"item\":\"https:\/\/www.aplikuj.pl\/dokumenty\/\"},{\"@type\":\"ListItem\",\"position\":2,\"name\":\"umowa-o-prace\",\"item\":\"https:\/\/www.aplikuj.pl\/dokumenty\/umowa-o-prace\/\"},{\"@type\":\"ListItem\",\"position\":3,\"name\":\"Rozwi\u0105zanie umowy\",\"item\":\"https:\/\/www.aplikuj.pl\/dokumenty\/wzory-wypowiedzenia\/\"},{\"@type\":\"ListItem\",\"position\":4,\"name\":\"Wz\u00f3r wypowiedzenia zmieniaj\u0105cego warunki pracy i p\u0142acy\"}]},{\"@type\":\"WebSite\",\"@id\":\"https:\/\/www.aplikuj.pl\/dokumenty\/#website\",\"url\":\"https:\/\/www.aplikuj.pl\/dokumenty\/\",\"name\":\"Aplikuj.pl\",\"description\":\"Profesjonalne i darmowe wzory dokument\u00f3w HR\",\"publisher\":{\"@id\":\"https:\/\/www.aplikuj.pl\/dokumenty\/#organization\"},\"potentialAction\":[{\"@type\":\"SearchAction\",\"target\":{\"@type\":\"EntryPoint\",\"urlTemplate\":\"https:\/\/www.aplikuj.pl\/dokumenty\/?s={search_term_string}\"},\"query-input\":{\"@type\":\"PropertyValueSpecification\",\"valueRequired\":true,\"valueName\":\"search_term_string\"}}],\"inLanguage\":\"pl-PL\"},{\"@type\":\"Organization\",\"@id\":\"https:\/\/www.aplikuj.pl\/dokumenty\/#organization\",\"name\":\"Aplikuj.pl\",\"url\":\"https:\/\/www.aplikuj.pl\/dokumenty\/\",\"logo\":{\"@type\":\"ImageObject\",\"inLanguage\":\"pl-PL\",\"@id\":\"https:\/\/www.aplikuj.pl\/dokumenty\/#\/schema\/logo\/image\/\",\"url\":\"\",\"contentUrl\":\"\",\"caption\":\"Aplikuj.pl\"},\"image\":{\"@id\":\"https:\/\/www.aplikuj.pl\/dokumenty\/#\/schema\/logo\/image\/\"}}]}<\/script>\n<!-- \/ Yoast SEO plugin. -->","yoast_head_json":{"title":"Wz\u00f3r wypowiedzenia zmieniaj\u0105cego warunki pracy i p\u0142acy - Aplikuj.pl","robots":{"index":"index","follow":"follow","max-snippet":"max-snippet:-1","max-image-preview":"max-image-preview:large","max-video-preview":"max-video-preview:-1"},"canonical":"https:\/\/www.aplikuj.pl\/dokumenty\/wzory-wypowiedzenia\/wzor-wypowiedzenia-zmieniajacego-warunki-pracy\/","og_locale":"pl_PL","og_type":"article","og_title":"Wz\u00f3r wypowiedzenia zmieniaj\u0105cego warunki pracy i p\u0142acy - Aplikuj.pl","og_description":"Wz\u00f3r wypowiedzenia zmieniaj\u0105cego zosta\u0142 przygotowany z dba\u0142o\u015bci\u0105 o szczeg\u00f3\u0142y i prost\u0105 form\u0119 wizualn\u0105. Funkcjonalny i nowoczesny szablon graficzny zapewnia przejrzysto\u015b\u0107 dokumentu. O\u015bwiadczenie nale\u017cy samodzielnie edytowa\u0107 za pomoc\u0105 programu MS Word, b\u0105d\u017a darmowych aplikacji biurowych (Open Office lub Libre Office). Edycja jest intuicyjna i prosta, dzi\u0119ki czemu nie przysporzy nikomu problem\u00f3w","og_url":"https:\/\/www.aplikuj.pl\/dokumenty\/wzory-wypowiedzenia\/wzor-wypowiedzenia-zmieniajacego-warunki-pracy\/","og_site_name":"Aplikuj.pl","article_modified_time":"2026-02-22T22:23:32+00:00","og_image":[{"width":794,"height":1123,"url":"https:\/\/www.aplikuj.pl\/dokumenty\/wp-content\/uploads\/2020\/10\/aplikuj-wzor-v26.jpg","type":"image\/jpeg"}],"twitter_card":"summary_large_image","twitter_misc":{"Szacowany czas czytania":"2 minuty"},"schema":{"@context":"https:\/\/schema.org","@graph":[{"@type":"WebPage","@id":"https:\/\/www.aplikuj.pl\/dokumenty\/wzory-wypowiedzenia\/wzor-wypowiedzenia-zmieniajacego-warunki-pracy\/","url":"https:\/\/www.aplikuj.pl\/dokumenty\/wzory-wypowiedzenia\/wzor-wypowiedzenia-zmieniajacego-warunki-pracy\/","name":"Wz\u00f3r wypowiedzenia zmieniaj\u0105cego warunki pracy i p\u0142acy - Aplikuj.pl","isPartOf":{"@id":"https:\/\/www.aplikuj.pl\/dokumenty\/#website"},"primaryImageOfPage":{"@id":"https:\/\/www.aplikuj.pl\/dokumenty\/wzory-wypowiedzenia\/wzor-wypowiedzenia-zmieniajacego-warunki-pracy\/#primaryimage"},"image":{"@id":"https:\/\/www.aplikuj.pl\/dokumenty\/wzory-wypowiedzenia\/wzor-wypowiedzenia-zmieniajacego-warunki-pracy\/#primaryimage"},"thumbnailUrl":"https:\/\/www.aplikuj.pl\/dokumenty\/wp-content\/uploads\/2020\/10\/aplikuj-wzor-v26.jpg","datePublished":"2020-10-19T12:36:59+00:00","dateModified":"2026-02-22T22:23:32+00:00","breadcrumb":{"@id":"https:\/\/www.aplikuj.pl\/dokumenty\/wzory-wypowiedzenia\/wzor-wypowiedzenia-zmieniajacego-warunki-pracy\/#breadcrumb"},"inLanguage":"pl-PL","potentialAction":[{"@type":"ReadAction","target":["https:\/\/www.aplikuj.pl\/dokumenty\/wzory-wypowiedzenia\/wzor-wypowiedzenia-zmieniajacego-warunki-pracy\/"]}]},{"@type":"ImageObject","inLanguage":"pl-PL","@id":"https:\/\/www.aplikuj.pl\/dokumenty\/wzory-wypowiedzenia\/wzor-wypowiedzenia-zmieniajacego-warunki-pracy\/#primaryimage","url":"https:\/\/www.aplikuj.pl\/dokumenty\/wp-content\/uploads\/2020\/10\/aplikuj-wzor-v26.jpg","contentUrl":"https:\/\/www.aplikuj.pl\/dokumenty\/wp-content\/uploads\/2020\/10\/aplikuj-wzor-v26.jpg","width":794,"height":1123},{"@type":"BreadcrumbList","@id":"https:\/\/www.aplikuj.pl\/dokumenty\/wzory-wypowiedzenia\/wzor-wypowiedzenia-zmieniajacego-warunki-pracy\/#breadcrumb","itemListElement":[{"@type":"ListItem","position":1,"name":"Dokumenty HR","item":"https:\/\/www.aplikuj.pl\/dokumenty\/"},{"@type":"ListItem","position":2,"name":"umowa-o-prace","item":"https:\/\/www.aplikuj.pl\/dokumenty\/umowa-o-prace\/"},{"@type":"ListItem","position":3,"name":"Rozwi\u0105zanie umowy","item":"https:\/\/www.aplikuj.pl\/dokumenty\/wzory-wypowiedzenia\/"},{"@type":"ListItem","position":4,"name":"Wz\u00f3r wypowiedzenia zmieniaj\u0105cego warunki pracy i p\u0142acy"}]},{"@type":"WebSite","@id":"https:\/\/www.aplikuj.pl\/dokumenty\/#website","url":"https:\/\/www.aplikuj.pl\/dokumenty\/","name":"Aplikuj.pl","description":"Profesjonalne i darmowe wzory dokument\u00f3w HR","publisher":{"@id":"https:\/\/www.aplikuj.pl\/dokumenty\/#organization"},"potentialAction":[{"@type":"SearchAction","target":{"@type":"EntryPoint","urlTemplate":"https:\/\/www.aplikuj.pl\/dokumenty\/?s={search_term_string}"},"query-input":{"@type":"PropertyValueSpecification","valueRequired":true,"valueName":"search_term_string"}}],"inLanguage":"pl-PL"},{"@type":"Organization","@id":"https:\/\/www.aplikuj.pl\/dokumenty\/#organization","name":"Aplikuj.pl","url":"https:\/\/www.aplikuj.pl\/dokumenty\/","logo":{"@type":"ImageObject","inLanguage":"pl-PL","@id":"https:\/\/www.aplikuj.pl\/dokumenty\/#\/schema\/logo\/image\/","url":"","contentUrl":"","caption":"Aplikuj.pl"},"image":{"@id":"https:\/\/www.aplikuj.pl\/dokumenty\/#\/schema\/logo\/image\/"}}]}},"_links":{"self":[{"href":"https:\/\/www.aplikuj.pl\/dokumenty\/wp-json\/wp\/v2\/product\/4555","targetHints":{"allow":["GET"]}}],"collection":[{"href":"https:\/\/www.aplikuj.pl\/dokumenty\/wp-json\/wp\/v2\/product"}],"about":[{"href":"https:\/\/www.aplikuj.pl\/dokumenty\/wp-json\/wp\/v2\/types\/product"}],"version-history":[{"count":1,"href":"https:\/\/www.aplikuj.pl\/dokumenty\/wp-json\/wp\/v2\/product\/4555\/revisions"}],"predecessor-version":[{"id":5174,"href":"https:\/\/www.aplikuj.pl\/dokumenty\/wp-json\/wp\/v2\/product\/4555\/revisions\/5174"}],"wp:featuredmedia":[{"embeddable":true,"href":"https:\/\/www.aplikuj.pl\/dokumenty\/wp-json\/wp\/v2\/media\/4616"}],"wp:attachment":[{"href":"https:\/\/www.aplikuj.pl\/dokumenty\/wp-json\/wp\/v2\/media?parent=4555"}],"wp:term":[{"taxonomy":"product_brand","embeddable":true,"href":"https:\/\/www.aplikuj.pl\/dokumenty\/wp-json\/wp\/v2\/product_brand?post=4555"},{"taxonomy":"product_cat","embeddable":true,"href":"https:\/\/www.aplikuj.pl\/dokumenty\/wp-json\/wp\/v2\/product_cat?post=4555"},{"taxonomy":"product_tag","embeddable":true,"href":"https:\/\/www.aplikuj.pl\/dokumenty\/wp-json\/wp\/v2\/product_tag?post=4555"}],"curies":[{"name":"wp","href":"https:\/\/api.w.org\/{rel}","templated":true}]}}