{"id":4554,"date":"2020-10-16T17:03:04","date_gmt":"2020-10-16T15:03:04","guid":{"rendered":"https:\/\/www.aplikuj.pl\/dokumenty\/?post_type=product&#038;p=4554"},"modified":"2026-02-22T23:23:32","modified_gmt":"2026-02-22T22:23:32","slug":"wzor-kwestionariusza-dla-kandydata","status":"publish","type":"product","link":"https:\/\/www.aplikuj.pl\/dokumenty\/wzory-organizacja-pracy\/wzor-kwestionariusza-dla-kandydata\/","title":{"rendered":"Wz\u00f3r kwestionariusza dla osoby ubiegaj\u0105cej si\u0119 o zatrudnienie"},"content":{"rendered":"<h2>Kwestionariusz dla osoby ubiegaj\u0105cej si\u0119 o zatrudnienie<\/h2>\n<p>Stosowany niekiedy w rekrutacji kwestionariusz dla osoby ubiegaj\u0105cej si\u0119 o zatrudnienie jest sposobem na uzyskanie od kandydata na dane stanowisko danych osobowych potrzebnych do ustalenia stosunku pracy. Pracodawca ma prawo za\u017c\u0105da\u0107 pewnych informacji pod warunkiem, \u017ce s\u0105 one konieczne do uzyskania zatrudnienia na okre\u015blonym stanowisku b\u0105d\u017a w okre\u015blonej bran\u017cy.<\/p>\n<h2>Co poda\u0107 w kwestionariuszu dla kandydata do pracy<\/h2>\n<p>Za pomoc\u0105 kwestionariusza mo\u017cna za\u017c\u0105da\u0107 kilku konkretnych informacji, kt\u00f3re mog\u0105 by\u0107 potrzebne do przygotowania umowy o prac\u0119, je\u015bli rekruter zdecyduje si\u0119 zatrudni\u0107 kandydata. Pracodawca mo\u017ce wymaga\u0107 podania nast\u0119puj\u0105cych danych:<\/p>\n<ul>\n<li>imi\u0119 i nazwisko;<\/li>\n<li>data urodzenia;<\/li>\n<li>dane kontaktowe;<\/li>\n<li>wykszta\u0142cenie;<\/li>\n<li>kwalifikacje zawodowe;<\/li>\n<li>przebieg dotychczasowego zatrudnienia.<\/li>\n<\/ul>\n<p>Nale\u017cy pami\u0119ta\u0107, \u017ce \u017c\u0105dane informacje musz\u0105 faktycznie by\u0107 konieczne do pracy na okre\u015blonym stanowisku lub zawi\u0105zania stosunku pracy, ponadto w \u015bwietle przepis\u00f3w RODO pracodawca powinien uzyska\u0107 zgod\u0119 na przetwarzanie tych danych w toku rekrutacji. W przypadku wymienionych powy\u017cej informacji oczywiste jest, \u017ce s\u0105 to kwestie konieczne do okre\u015blenia kwalifikacji pracownika i zawi\u0105zania stosunku pracy. Pracownik powinien r\u00f3wnie\u017c w dokumencie podpisa\u0107 o\u015bwiadczenie, \u017ce dane zawarte w kwestionariuszu s\u0105 zgodne ze stanem prawnym i faktycznym.<\/p>\n<h2>Kiedy stosowa\u0107 kwestionariusz dla ubiegaj\u0105cego si\u0119 o prac\u0119<\/h2>\n<p>Wz\u00f3r kwestionariusza dla osoby ubiegaj\u0105cej si\u0119 o zatrudnienie pozwoli na sprawne przeprowadzenie przekazania wymaganych danych, a pisemna forma stanowi najlepsze udokumentowanie ich przekazania. Warto zastosowa\u0107 szablon dokumentu, gdy prowadzimy ostatni etap rekrutacji i planujemy zatrudni\u0107 danego kandydata. Przygotowany przez nas<strong> wz\u00f3r kwestionariusza dla ubiegaj\u0105cego si\u0119 o prac\u0119<\/strong> jest zgodny z obowi\u0105zuj\u0105cymi przepisami dotycz\u0105cymi gromadzenia i przechowywania danych osobowych.<\/p>\n<p>Warto tak\u017ce nadmieni\u0107, \u017ce wprowadzenie RODO mocno ograniczy\u0142o mo\u017cliwo\u015bci pobierania przez pracodawc\u00f3w danych pracownik\u00f3w. Mimo to przepisy jasno wskazuj\u0105, \u017ce pracodawcy maj\u0105 prawo \u017c\u0105da\u0107 informacji zwi\u0105zanych bezpo\u015brednio ze stosunkiem pracy.<\/p>\n","protected":false},"excerpt":{"rendered":"<p>Wz\u00f3r kwestionariusza dla osoby ubiegaj\u0105cej si\u0119 o zatrudnienie nale\u017cy samodzielnie edytowa\u0107 w popularnych programach biurowych, uzupe\u0142niaj\u0105c w nim dane pracownika i inne wymagane informacje. Szablon kwestionariusza dla kandydata do pracy jest kompatybilny z programem MS Office oraz z darmowymi pakietami biurowymi (Open Office lub Libre Office).<\/p>\n","protected":false},"featured_media":4618,"template":"","meta":[],"product_brand":[],"product_cat":[28],"product_tag":[143,142,140,141],"class_list":{"0":"post-4554","1":"product","2":"type-product","3":"status-publish","4":"has-post-thumbnail","6":"product_cat-wzory-organizacja-pracy","7":"product_tag-dane-do-umowy-o-prace","8":"product_tag-dane-ubiegajacego-sie-o-zatrudnienie","9":"product_tag-kwestionariusz-dla-kandydata-do-pracy","10":"product_tag-kwestionariusz-dla-ubiegajacego-sie-o-zatrudnienie","12":"first","13":"instock","14":"shipping-taxable","15":"product-type-external"},"yoast_head":"<!-- This site is optimized with the Yoast SEO plugin v27.0 - https:\/\/yoast.com\/product\/yoast-seo-wordpress\/ -->\n<title>Wz\u00f3r kwestionariusza dla osoby ubiegaj\u0105cej si\u0119 o zatrudnienie - Aplikuj.pl<\/title>\n<meta name=\"robots\" content=\"index, follow, max-snippet:-1, max-image-preview:large, max-video-preview:-1\" \/>\n<link rel=\"canonical\" href=\"https:\/\/www.aplikuj.pl\/dokumenty\/wzory-organizacja-pracy\/wzor-kwestionariusza-dla-kandydata\/\" \/>\n<meta property=\"og:locale\" content=\"pl_PL\" \/>\n<meta property=\"og:type\" content=\"article\" \/>\n<meta property=\"og:title\" content=\"Wz\u00f3r kwestionariusza dla osoby ubiegaj\u0105cej si\u0119 o zatrudnienie - Aplikuj.pl\" \/>\n<meta property=\"og:description\" content=\"Wz\u00f3r kwestionariusza dla osoby ubiegaj\u0105cej si\u0119 o zatrudnienie nale\u017cy samodzielnie edytowa\u0107 w popularnych programach biurowych, uzupe\u0142niaj\u0105c w nim dane pracownika i inne wymagane informacje. Szablon kwestionariusza dla kandydata do pracy jest kompatybilny z programem MS Office oraz z darmowymi pakietami biurowymi (Open Office lub Libre Office).\" \/>\n<meta property=\"og:url\" content=\"https:\/\/www.aplikuj.pl\/dokumenty\/wzory-organizacja-pracy\/wzor-kwestionariusza-dla-kandydata\/\" \/>\n<meta property=\"og:site_name\" content=\"Aplikuj.pl\" \/>\n<meta property=\"article:modified_time\" content=\"2026-02-22T22:23:32+00:00\" \/>\n<meta property=\"og:image\" content=\"https:\/\/www.aplikuj.pl\/dokumenty\/wp-content\/uploads\/2020\/10\/aplikuj-wzor-v226.jpg\" \/>\n\t<meta property=\"og:image:width\" content=\"794\" \/>\n\t<meta property=\"og:image:height\" content=\"1123\" \/>\n\t<meta property=\"og:image:type\" content=\"image\/jpeg\" \/>\n<meta name=\"twitter:card\" content=\"summary_large_image\" \/>\n<meta name=\"twitter:label1\" content=\"Szacowany czas czytania\" \/>\n\t<meta name=\"twitter:data1\" content=\"2 minuty\" \/>\n<script type=\"application\/ld+json\" class=\"yoast-schema-graph\">{\"@context\":\"https:\/\/schema.org\",\"@graph\":[{\"@type\":\"WebPage\",\"@id\":\"https:\/\/www.aplikuj.pl\/dokumenty\/wzory-organizacja-pracy\/wzor-kwestionariusza-dla-kandydata\/\",\"url\":\"https:\/\/www.aplikuj.pl\/dokumenty\/wzory-organizacja-pracy\/wzor-kwestionariusza-dla-kandydata\/\",\"name\":\"Wz\u00f3r kwestionariusza dla osoby ubiegaj\u0105cej si\u0119 o zatrudnienie - Aplikuj.pl\",\"isPartOf\":{\"@id\":\"https:\/\/www.aplikuj.pl\/dokumenty\/#website\"},\"primaryImageOfPage\":{\"@id\":\"https:\/\/www.aplikuj.pl\/dokumenty\/wzory-organizacja-pracy\/wzor-kwestionariusza-dla-kandydata\/#primaryimage\"},\"image\":{\"@id\":\"https:\/\/www.aplikuj.pl\/dokumenty\/wzory-organizacja-pracy\/wzor-kwestionariusza-dla-kandydata\/#primaryimage\"},\"thumbnailUrl\":\"https:\/\/www.aplikuj.pl\/dokumenty\/wp-content\/uploads\/2020\/10\/aplikuj-wzor-v226.jpg\",\"datePublished\":\"2020-10-16T15:03:04+00:00\",\"dateModified\":\"2026-02-22T22:23:32+00:00\",\"breadcrumb\":{\"@id\":\"https:\/\/www.aplikuj.pl\/dokumenty\/wzory-organizacja-pracy\/wzor-kwestionariusza-dla-kandydata\/#breadcrumb\"},\"inLanguage\":\"pl-PL\",\"potentialAction\":[{\"@type\":\"ReadAction\",\"target\":[\"https:\/\/www.aplikuj.pl\/dokumenty\/wzory-organizacja-pracy\/wzor-kwestionariusza-dla-kandydata\/\"]}]},{\"@type\":\"ImageObject\",\"inLanguage\":\"pl-PL\",\"@id\":\"https:\/\/www.aplikuj.pl\/dokumenty\/wzory-organizacja-pracy\/wzor-kwestionariusza-dla-kandydata\/#primaryimage\",\"url\":\"https:\/\/www.aplikuj.pl\/dokumenty\/wp-content\/uploads\/2020\/10\/aplikuj-wzor-v226.jpg\",\"contentUrl\":\"https:\/\/www.aplikuj.pl\/dokumenty\/wp-content\/uploads\/2020\/10\/aplikuj-wzor-v226.jpg\",\"width\":794,\"height\":1123},{\"@type\":\"BreadcrumbList\",\"@id\":\"https:\/\/www.aplikuj.pl\/dokumenty\/wzory-organizacja-pracy\/wzor-kwestionariusza-dla-kandydata\/#breadcrumb\",\"itemListElement\":[{\"@type\":\"ListItem\",\"position\":1,\"name\":\"Dokumenty HR\",\"item\":\"https:\/\/www.aplikuj.pl\/dokumenty\/\"},{\"@type\":\"ListItem\",\"position\":2,\"name\":\"umowa-o-prace\",\"item\":\"https:\/\/www.aplikuj.pl\/dokumenty\/umowa-o-prace\/\"},{\"@type\":\"ListItem\",\"position\":3,\"name\":\"Wzory dokument\u00f3w - organizacja pracy\",\"item\":\"https:\/\/www.aplikuj.pl\/dokumenty\/wzory-organizacja-pracy\/\"},{\"@type\":\"ListItem\",\"position\":4,\"name\":\"Wz\u00f3r kwestionariusza dla osoby ubiegaj\u0105cej si\u0119 o zatrudnienie\"}]},{\"@type\":\"WebSite\",\"@id\":\"https:\/\/www.aplikuj.pl\/dokumenty\/#website\",\"url\":\"https:\/\/www.aplikuj.pl\/dokumenty\/\",\"name\":\"Aplikuj.pl\",\"description\":\"Profesjonalne i darmowe wzory dokument\u00f3w HR\",\"publisher\":{\"@id\":\"https:\/\/www.aplikuj.pl\/dokumenty\/#organization\"},\"potentialAction\":[{\"@type\":\"SearchAction\",\"target\":{\"@type\":\"EntryPoint\",\"urlTemplate\":\"https:\/\/www.aplikuj.pl\/dokumenty\/?s={search_term_string}\"},\"query-input\":{\"@type\":\"PropertyValueSpecification\",\"valueRequired\":true,\"valueName\":\"search_term_string\"}}],\"inLanguage\":\"pl-PL\"},{\"@type\":\"Organization\",\"@id\":\"https:\/\/www.aplikuj.pl\/dokumenty\/#organization\",\"name\":\"Aplikuj.pl\",\"url\":\"https:\/\/www.aplikuj.pl\/dokumenty\/\",\"logo\":{\"@type\":\"ImageObject\",\"inLanguage\":\"pl-PL\",\"@id\":\"https:\/\/www.aplikuj.pl\/dokumenty\/#\/schema\/logo\/image\/\",\"url\":\"\",\"contentUrl\":\"\",\"caption\":\"Aplikuj.pl\"},\"image\":{\"@id\":\"https:\/\/www.aplikuj.pl\/dokumenty\/#\/schema\/logo\/image\/\"}}]}<\/script>\n<!-- \/ Yoast SEO plugin. -->","yoast_head_json":{"title":"Wz\u00f3r kwestionariusza dla osoby ubiegaj\u0105cej si\u0119 o zatrudnienie - Aplikuj.pl","robots":{"index":"index","follow":"follow","max-snippet":"max-snippet:-1","max-image-preview":"max-image-preview:large","max-video-preview":"max-video-preview:-1"},"canonical":"https:\/\/www.aplikuj.pl\/dokumenty\/wzory-organizacja-pracy\/wzor-kwestionariusza-dla-kandydata\/","og_locale":"pl_PL","og_type":"article","og_title":"Wz\u00f3r kwestionariusza dla osoby ubiegaj\u0105cej si\u0119 o zatrudnienie - Aplikuj.pl","og_description":"Wz\u00f3r kwestionariusza dla osoby ubiegaj\u0105cej si\u0119 o zatrudnienie nale\u017cy samodzielnie edytowa\u0107 w popularnych programach biurowych, uzupe\u0142niaj\u0105c w nim dane pracownika i inne wymagane informacje. Szablon kwestionariusza dla kandydata do pracy jest kompatybilny z programem MS Office oraz z darmowymi pakietami biurowymi (Open Office lub Libre Office).","og_url":"https:\/\/www.aplikuj.pl\/dokumenty\/wzory-organizacja-pracy\/wzor-kwestionariusza-dla-kandydata\/","og_site_name":"Aplikuj.pl","article_modified_time":"2026-02-22T22:23:32+00:00","og_image":[{"width":794,"height":1123,"url":"https:\/\/www.aplikuj.pl\/dokumenty\/wp-content\/uploads\/2020\/10\/aplikuj-wzor-v226.jpg","type":"image\/jpeg"}],"twitter_card":"summary_large_image","twitter_misc":{"Szacowany czas czytania":"2 minuty"},"schema":{"@context":"https:\/\/schema.org","@graph":[{"@type":"WebPage","@id":"https:\/\/www.aplikuj.pl\/dokumenty\/wzory-organizacja-pracy\/wzor-kwestionariusza-dla-kandydata\/","url":"https:\/\/www.aplikuj.pl\/dokumenty\/wzory-organizacja-pracy\/wzor-kwestionariusza-dla-kandydata\/","name":"Wz\u00f3r kwestionariusza dla osoby ubiegaj\u0105cej si\u0119 o zatrudnienie - Aplikuj.pl","isPartOf":{"@id":"https:\/\/www.aplikuj.pl\/dokumenty\/#website"},"primaryImageOfPage":{"@id":"https:\/\/www.aplikuj.pl\/dokumenty\/wzory-organizacja-pracy\/wzor-kwestionariusza-dla-kandydata\/#primaryimage"},"image":{"@id":"https:\/\/www.aplikuj.pl\/dokumenty\/wzory-organizacja-pracy\/wzor-kwestionariusza-dla-kandydata\/#primaryimage"},"thumbnailUrl":"https:\/\/www.aplikuj.pl\/dokumenty\/wp-content\/uploads\/2020\/10\/aplikuj-wzor-v226.jpg","datePublished":"2020-10-16T15:03:04+00:00","dateModified":"2026-02-22T22:23:32+00:00","breadcrumb":{"@id":"https:\/\/www.aplikuj.pl\/dokumenty\/wzory-organizacja-pracy\/wzor-kwestionariusza-dla-kandydata\/#breadcrumb"},"inLanguage":"pl-PL","potentialAction":[{"@type":"ReadAction","target":["https:\/\/www.aplikuj.pl\/dokumenty\/wzory-organizacja-pracy\/wzor-kwestionariusza-dla-kandydata\/"]}]},{"@type":"ImageObject","inLanguage":"pl-PL","@id":"https:\/\/www.aplikuj.pl\/dokumenty\/wzory-organizacja-pracy\/wzor-kwestionariusza-dla-kandydata\/#primaryimage","url":"https:\/\/www.aplikuj.pl\/dokumenty\/wp-content\/uploads\/2020\/10\/aplikuj-wzor-v226.jpg","contentUrl":"https:\/\/www.aplikuj.pl\/dokumenty\/wp-content\/uploads\/2020\/10\/aplikuj-wzor-v226.jpg","width":794,"height":1123},{"@type":"BreadcrumbList","@id":"https:\/\/www.aplikuj.pl\/dokumenty\/wzory-organizacja-pracy\/wzor-kwestionariusza-dla-kandydata\/#breadcrumb","itemListElement":[{"@type":"ListItem","position":1,"name":"Dokumenty HR","item":"https:\/\/www.aplikuj.pl\/dokumenty\/"},{"@type":"ListItem","position":2,"name":"umowa-o-prace","item":"https:\/\/www.aplikuj.pl\/dokumenty\/umowa-o-prace\/"},{"@type":"ListItem","position":3,"name":"Wzory dokument\u00f3w - organizacja pracy","item":"https:\/\/www.aplikuj.pl\/dokumenty\/wzory-organizacja-pracy\/"},{"@type":"ListItem","position":4,"name":"Wz\u00f3r kwestionariusza dla osoby ubiegaj\u0105cej si\u0119 o zatrudnienie"}]},{"@type":"WebSite","@id":"https:\/\/www.aplikuj.pl\/dokumenty\/#website","url":"https:\/\/www.aplikuj.pl\/dokumenty\/","name":"Aplikuj.pl","description":"Profesjonalne i darmowe wzory dokument\u00f3w HR","publisher":{"@id":"https:\/\/www.aplikuj.pl\/dokumenty\/#organization"},"potentialAction":[{"@type":"SearchAction","target":{"@type":"EntryPoint","urlTemplate":"https:\/\/www.aplikuj.pl\/dokumenty\/?s={search_term_string}"},"query-input":{"@type":"PropertyValueSpecification","valueRequired":true,"valueName":"search_term_string"}}],"inLanguage":"pl-PL"},{"@type":"Organization","@id":"https:\/\/www.aplikuj.pl\/dokumenty\/#organization","name":"Aplikuj.pl","url":"https:\/\/www.aplikuj.pl\/dokumenty\/","logo":{"@type":"ImageObject","inLanguage":"pl-PL","@id":"https:\/\/www.aplikuj.pl\/dokumenty\/#\/schema\/logo\/image\/","url":"","contentUrl":"","caption":"Aplikuj.pl"},"image":{"@id":"https:\/\/www.aplikuj.pl\/dokumenty\/#\/schema\/logo\/image\/"}}]}},"_links":{"self":[{"href":"https:\/\/www.aplikuj.pl\/dokumenty\/wp-json\/wp\/v2\/product\/4554","targetHints":{"allow":["GET"]}}],"collection":[{"href":"https:\/\/www.aplikuj.pl\/dokumenty\/wp-json\/wp\/v2\/product"}],"about":[{"href":"https:\/\/www.aplikuj.pl\/dokumenty\/wp-json\/wp\/v2\/types\/product"}],"version-history":[{"count":1,"href":"https:\/\/www.aplikuj.pl\/dokumenty\/wp-json\/wp\/v2\/product\/4554\/revisions"}],"predecessor-version":[{"id":5173,"href":"https:\/\/www.aplikuj.pl\/dokumenty\/wp-json\/wp\/v2\/product\/4554\/revisions\/5173"}],"wp:featuredmedia":[{"embeddable":true,"href":"https:\/\/www.aplikuj.pl\/dokumenty\/wp-json\/wp\/v2\/media\/4618"}],"wp:attachment":[{"href":"https:\/\/www.aplikuj.pl\/dokumenty\/wp-json\/wp\/v2\/media?parent=4554"}],"wp:term":[{"taxonomy":"product_brand","embeddable":true,"href":"https:\/\/www.aplikuj.pl\/dokumenty\/wp-json\/wp\/v2\/product_brand?post=4554"},{"taxonomy":"product_cat","embeddable":true,"href":"https:\/\/www.aplikuj.pl\/dokumenty\/wp-json\/wp\/v2\/product_cat?post=4554"},{"taxonomy":"product_tag","embeddable":true,"href":"https:\/\/www.aplikuj.pl\/dokumenty\/wp-json\/wp\/v2\/product_tag?post=4554"}],"curies":[{"name":"wp","href":"https:\/\/api.w.org\/{rel}","templated":true}]}}