{"id":4549,"date":"2020-10-16T16:05:58","date_gmt":"2020-10-16T14:05:58","guid":{"rendered":"https:\/\/www.aplikuj.pl\/dokumenty\/?post_type=product&#038;p=4549"},"modified":"2026-02-22T23:23:32","modified_gmt":"2026-02-22T22:23:32","slug":"wzor-umowy-czas-nieokreslony","status":"publish","type":"product","link":"https:\/\/www.aplikuj.pl\/dokumenty\/umowa-o-prace\/wzor-umowy-czas-nieokreslony\/","title":{"rendered":"Wz\u00f3r umowy o prac\u0119 na czas nieokre\u015blony"},"content":{"rendered":"<h2>Umowa o prac\u0119 na czas nieokre\u015blony<\/h2>\n<p>Umowa o prac\u0119 na czas nieokre\u015blony jest bardzo po\u017c\u0105dan\u0105 form\u0105 zatrudnienia przez pracownik\u00f3w. Taka forma daje im poczucie bezpiecze\u0144stwa i pewne gwarancje trwa\u0142o\u015bci zatrudnienia. Z drugiej strony <strong>umowa bezterminowa<\/strong> nale\u017cy do najmniej po\u017c\u0105danych form zatrudnienia przez pracodawc\u00f3w. Zatrudnienie na czas nieokre\u015blony oznacza dla przedsi\u0119biorstwa mniejsz\u0105 elastyczno\u015b\u0107 w zarz\u0105dzaniu kadr\u0105 pracownicz\u0105 oraz bardziej problematyczny proces zwolnienia pracownik\u00f3w niespe\u0142niaj\u0105cych oczekiwa\u0144 pracodawc\u00f3w.<\/p>\n<h2>Kiedy podpisa\u0107 umow\u0119 o prac\u0119 na czas nieokre\u015blony?<\/h2>\n<p>Pracodawcy do 2016 roku ch\u0119tnie wykorzystywali brak limitu czasowego na stosowanie um\u00f3w na czas okre\u015blony. Po 2016 roku wprowadzono zmiany korzystne dla pracownik\u00f3w. Nowe prawo pracy zak\u0142ada limit 3 um\u00f3w na czas okre\u015blony oraz okres trwania tymczasowego zatrudnienia wynosz\u0105cy maksymalnie 33 miesi\u0105ce. Oznacza to, \u017ce po up\u0142ywie 33 miesi\u0119cy b\u0105d\u017a w przypadku zawarcia czwartej umowy mi\u0119dzy jednym pracodawc\u0105 i pracownikiem, ta musi by\u0107 <strong>umow\u0105 o prac\u0119 na czas nieokre\u015blony<\/strong>.<\/p>\n<p>Warto odnotowa\u0107, \u017ce pracodawcom trudno jest unikn\u0105\u0107 przekszta\u0142cenia umowy na czas okre\u015blony w umow\u0119 na czas nieokre\u015blony. Przed zmian\u0105 przepis\u00f3w po miesi\u0105cu przerwy w \u015bwiadczeniu pracy resetowa\u0142 si\u0119 limit dw\u00f3ch um\u00f3w na czas okre\u015blony. Obecnie pracodawca mo\u017ce zawrze\u0107 z pracownikiem trzy umowy na czas okre\u015blony, ale przerwa w \u015bwiadczeniu pracy nie odnawia tego limitu. Dotyczy to tak\u017ce limitu czasowego 33 miesi\u0119cy. Nawet po kilku latach ponowne zatrudnienie w danej firmie owocuje zaliczeniem do limitu wcze\u015bniej przepracowanych miesi\u0119cy.<\/p>\n<h2>Zalety umowy na czas nieokre\u015blony<\/h2>\n<p>Jedn\u0105 z najwi\u0119kszych zalet umowy o prac\u0119 na czas nieokre\u015blony jest d\u0142ugi czas jej wypowiedzenia. W okresie wypowiedzenia pracownik nadal mo\u017ce \u015bwiadczy\u0107 prac\u0119 i ma czas na znalezienie nowego zatrudnienia. Z drugiej strony dla pracodawcy jest to r\u00f3wnie\u017c atrakcyjna cecha pozwalaj\u0105ca na rekrutacj\u0119 nowego pracownika na miejsce osoby rezygnuj\u0105cej ze stanowiska. Je\u015bli natomiast zdarzy si\u0119, \u017ce 3-miesi\u0119czny okres wypowiedzenia umowy o prac\u0119 na czas nieokre\u015blony jest z jakiego\u015b powodu problemem, strony mog\u0105 polubownie rozwi\u0105za\u0107 umow\u0119 wcze\u015bniej.<\/p>\n<p>Kolejn\u0105 du\u017c\u0105 zalet\u0105 umowy na czas nieokre\u015blony jest przychylno\u015b\u0107 bank\u00f3w w czasie oceny zdolno\u015bci kredytowej. Taka forma zatrudnienia daje znacznie wi\u0119ksze szanse na pozyskanie cho\u0107by kredytu hipotecznego.<\/p>\n<p>Umow\u0119 o prac\u0119 na czas nieokre\u015blony mo\u017cna rozwi\u0105za\u0107 na trzy sposoby: za porozumieniem stron, za wypowiedzeniem (przez pracownika lub przez pracodawc\u0119) lub bez wypowiedzenia. Okres <strong>wypowiedzenia umowy o prac\u0119 na czas nieokre\u015blon<\/strong>y trwa:<\/p>\n<ul>\n<li>2 tygodnie przy zatrudnieniu poni\u017cej 6 miesi\u0119cy;<\/li>\n<li>1 miesi\u0105c przy zatrudnieniu trwaj\u0105cym co najmniej 6 miesi\u0119cy;<\/li>\n<li>3 miesi\u0105ce przy zatrudnieniu trwaj\u0105cym co najmniej 3 lata.<\/li>\n<\/ul>\n<p>W przypadku pracownika zatrudnionego na stanowisku zwi\u0105zanym z odpowiedzialno\u015bci\u0105 materialn\u0105 za powierzone mienie okres wypowiedzenia mo\u017ce zosta\u0107 przed\u0142u\u017cony.<\/p>\n","protected":false},"excerpt":{"rendered":"<p class=\"Standard\">Wz\u00f3r umowy o prac\u0119 na czas nieokre\u015blony nale\u017cy samodzielnie edytowa\u0107, by uzupe\u0142ni\u0107 wszystkie niezb\u0119dne dane. Dokument cechuje kompatybilno\u015b\u0107 z programem MS Word oraz innymi darmowymi, popularnymi pakietami biurowymi (Open Office lub Libre Office). Nasz wz\u00f3r umowy o prac\u0119 zosta\u0142 przygotowany przejrzy\u015bcie i nieskomplikowanej formie, aby edycja szablonu by\u0142a prosta i intuicyjna.<\/p>\n","protected":false},"featured_media":4620,"template":"","meta":[],"product_brand":[],"product_cat":[21],"product_tag":[136,139,137,138],"class_list":{"0":"post-4549","1":"product","2":"type-product","3":"status-publish","4":"has-post-thumbnail","6":"product_cat-umowa-o-prace","7":"product_tag-bezterminowa-umowa-o-prace","8":"product_tag-umowa-o-prace-doc","9":"product_tag-umowa-o-prace-na-czas-nieokreslony","10":"product_tag-umowa-o-prace-na-czas-nieokreslony-wzor","12":"first","13":"instock","14":"shipping-taxable","15":"product-type-external"},"yoast_head":"<!-- This site is optimized with the Yoast SEO plugin v27.0 - https:\/\/yoast.com\/product\/yoast-seo-wordpress\/ -->\n<title>Wz\u00f3r umowy o prac\u0119 na czas nieokre\u015blony - Aplikuj.pl<\/title>\n<meta name=\"robots\" content=\"index, follow, max-snippet:-1, max-image-preview:large, max-video-preview:-1\" \/>\n<link rel=\"canonical\" href=\"https:\/\/www.aplikuj.pl\/dokumenty\/umowa-o-prace\/wzor-umowy-czas-nieokreslony\/\" \/>\n<meta property=\"og:locale\" content=\"pl_PL\" \/>\n<meta property=\"og:type\" content=\"article\" \/>\n<meta property=\"og:title\" content=\"Wz\u00f3r umowy o prac\u0119 na czas nieokre\u015blony - Aplikuj.pl\" \/>\n<meta property=\"og:description\" content=\"Wz\u00f3r umowy o prac\u0119 na czas nieokre\u015blony nale\u017cy samodzielnie edytowa\u0107, by uzupe\u0142ni\u0107 wszystkie niezb\u0119dne dane. Dokument cechuje kompatybilno\u015b\u0107 z programem MS Word oraz innymi darmowymi, popularnymi pakietami biurowymi (Open Office lub Libre Office). Nasz wz\u00f3r umowy o prac\u0119 zosta\u0142 przygotowany przejrzy\u015bcie i nieskomplikowanej formie, aby edycja szablonu by\u0142a prosta i intuicyjna.\" \/>\n<meta property=\"og:url\" content=\"https:\/\/www.aplikuj.pl\/dokumenty\/umowa-o-prace\/wzor-umowy-czas-nieokreslony\/\" \/>\n<meta property=\"og:site_name\" content=\"Aplikuj.pl\" \/>\n<meta property=\"article:modified_time\" content=\"2026-02-22T22:23:32+00:00\" \/>\n<meta property=\"og:image\" content=\"https:\/\/www.aplikuj.pl\/dokumenty\/wp-content\/uploads\/2020\/10\/aplikuj-wzor-v23.jpg\" \/>\n\t<meta property=\"og:image:width\" content=\"794\" \/>\n\t<meta property=\"og:image:height\" content=\"1123\" \/>\n\t<meta property=\"og:image:type\" content=\"image\/jpeg\" \/>\n<meta name=\"twitter:card\" content=\"summary_large_image\" \/>\n<meta name=\"twitter:label1\" content=\"Szacowany czas czytania\" \/>\n\t<meta name=\"twitter:data1\" content=\"2 minuty\" \/>\n<script type=\"application\/ld+json\" class=\"yoast-schema-graph\">{\"@context\":\"https:\/\/schema.org\",\"@graph\":[{\"@type\":\"WebPage\",\"@id\":\"https:\/\/www.aplikuj.pl\/dokumenty\/umowa-o-prace\/wzor-umowy-czas-nieokreslony\/\",\"url\":\"https:\/\/www.aplikuj.pl\/dokumenty\/umowa-o-prace\/wzor-umowy-czas-nieokreslony\/\",\"name\":\"Wz\u00f3r umowy o prac\u0119 na czas nieokre\u015blony - Aplikuj.pl\",\"isPartOf\":{\"@id\":\"https:\/\/www.aplikuj.pl\/dokumenty\/#website\"},\"primaryImageOfPage\":{\"@id\":\"https:\/\/www.aplikuj.pl\/dokumenty\/umowa-o-prace\/wzor-umowy-czas-nieokreslony\/#primaryimage\"},\"image\":{\"@id\":\"https:\/\/www.aplikuj.pl\/dokumenty\/umowa-o-prace\/wzor-umowy-czas-nieokreslony\/#primaryimage\"},\"thumbnailUrl\":\"https:\/\/www.aplikuj.pl\/dokumenty\/wp-content\/uploads\/2020\/10\/aplikuj-wzor-v23.jpg\",\"datePublished\":\"2020-10-16T14:05:58+00:00\",\"dateModified\":\"2026-02-22T22:23:32+00:00\",\"breadcrumb\":{\"@id\":\"https:\/\/www.aplikuj.pl\/dokumenty\/umowa-o-prace\/wzor-umowy-czas-nieokreslony\/#breadcrumb\"},\"inLanguage\":\"pl-PL\",\"potentialAction\":[{\"@type\":\"ReadAction\",\"target\":[\"https:\/\/www.aplikuj.pl\/dokumenty\/umowa-o-prace\/wzor-umowy-czas-nieokreslony\/\"]}]},{\"@type\":\"ImageObject\",\"inLanguage\":\"pl-PL\",\"@id\":\"https:\/\/www.aplikuj.pl\/dokumenty\/umowa-o-prace\/wzor-umowy-czas-nieokreslony\/#primaryimage\",\"url\":\"https:\/\/www.aplikuj.pl\/dokumenty\/wp-content\/uploads\/2020\/10\/aplikuj-wzor-v23.jpg\",\"contentUrl\":\"https:\/\/www.aplikuj.pl\/dokumenty\/wp-content\/uploads\/2020\/10\/aplikuj-wzor-v23.jpg\",\"width\":794,\"height\":1123},{\"@type\":\"BreadcrumbList\",\"@id\":\"https:\/\/www.aplikuj.pl\/dokumenty\/umowa-o-prace\/wzor-umowy-czas-nieokreslony\/#breadcrumb\",\"itemListElement\":[{\"@type\":\"ListItem\",\"position\":1,\"name\":\"Dokumenty HR\",\"item\":\"https:\/\/www.aplikuj.pl\/dokumenty\/\"},{\"@type\":\"ListItem\",\"position\":2,\"name\":\"umowa-o-prace\",\"item\":\"https:\/\/www.aplikuj.pl\/dokumenty\/umowa-o-prace\/\"},{\"@type\":\"ListItem\",\"position\":3,\"name\":\"Umowa o prac\u0119\",\"item\":\"https:\/\/www.aplikuj.pl\/dokumenty\/umowa-o-prace\/\"},{\"@type\":\"ListItem\",\"position\":4,\"name\":\"Wz\u00f3r umowy o prac\u0119 na czas nieokre\u015blony\"}]},{\"@type\":\"WebSite\",\"@id\":\"https:\/\/www.aplikuj.pl\/dokumenty\/#website\",\"url\":\"https:\/\/www.aplikuj.pl\/dokumenty\/\",\"name\":\"Aplikuj.pl\",\"description\":\"Profesjonalne i darmowe wzory dokument\u00f3w HR\",\"publisher\":{\"@id\":\"https:\/\/www.aplikuj.pl\/dokumenty\/#organization\"},\"potentialAction\":[{\"@type\":\"SearchAction\",\"target\":{\"@type\":\"EntryPoint\",\"urlTemplate\":\"https:\/\/www.aplikuj.pl\/dokumenty\/?s={search_term_string}\"},\"query-input\":{\"@type\":\"PropertyValueSpecification\",\"valueRequired\":true,\"valueName\":\"search_term_string\"}}],\"inLanguage\":\"pl-PL\"},{\"@type\":\"Organization\",\"@id\":\"https:\/\/www.aplikuj.pl\/dokumenty\/#organization\",\"name\":\"Aplikuj.pl\",\"url\":\"https:\/\/www.aplikuj.pl\/dokumenty\/\",\"logo\":{\"@type\":\"ImageObject\",\"inLanguage\":\"pl-PL\",\"@id\":\"https:\/\/www.aplikuj.pl\/dokumenty\/#\/schema\/logo\/image\/\",\"url\":\"\",\"contentUrl\":\"\",\"caption\":\"Aplikuj.pl\"},\"image\":{\"@id\":\"https:\/\/www.aplikuj.pl\/dokumenty\/#\/schema\/logo\/image\/\"}}]}<\/script>\n<!-- \/ Yoast SEO plugin. -->","yoast_head_json":{"title":"Wz\u00f3r umowy o prac\u0119 na czas nieokre\u015blony - Aplikuj.pl","robots":{"index":"index","follow":"follow","max-snippet":"max-snippet:-1","max-image-preview":"max-image-preview:large","max-video-preview":"max-video-preview:-1"},"canonical":"https:\/\/www.aplikuj.pl\/dokumenty\/umowa-o-prace\/wzor-umowy-czas-nieokreslony\/","og_locale":"pl_PL","og_type":"article","og_title":"Wz\u00f3r umowy o prac\u0119 na czas nieokre\u015blony - Aplikuj.pl","og_description":"Wz\u00f3r umowy o prac\u0119 na czas nieokre\u015blony nale\u017cy samodzielnie edytowa\u0107, by uzupe\u0142ni\u0107 wszystkie niezb\u0119dne dane. Dokument cechuje kompatybilno\u015b\u0107 z programem MS Word oraz innymi darmowymi, popularnymi pakietami biurowymi (Open Office lub Libre Office). Nasz wz\u00f3r umowy o prac\u0119 zosta\u0142 przygotowany przejrzy\u015bcie i nieskomplikowanej formie, aby edycja szablonu by\u0142a prosta i intuicyjna.","og_url":"https:\/\/www.aplikuj.pl\/dokumenty\/umowa-o-prace\/wzor-umowy-czas-nieokreslony\/","og_site_name":"Aplikuj.pl","article_modified_time":"2026-02-22T22:23:32+00:00","og_image":[{"width":794,"height":1123,"url":"https:\/\/www.aplikuj.pl\/dokumenty\/wp-content\/uploads\/2020\/10\/aplikuj-wzor-v23.jpg","type":"image\/jpeg"}],"twitter_card":"summary_large_image","twitter_misc":{"Szacowany czas czytania":"2 minuty"},"schema":{"@context":"https:\/\/schema.org","@graph":[{"@type":"WebPage","@id":"https:\/\/www.aplikuj.pl\/dokumenty\/umowa-o-prace\/wzor-umowy-czas-nieokreslony\/","url":"https:\/\/www.aplikuj.pl\/dokumenty\/umowa-o-prace\/wzor-umowy-czas-nieokreslony\/","name":"Wz\u00f3r umowy o prac\u0119 na czas nieokre\u015blony - Aplikuj.pl","isPartOf":{"@id":"https:\/\/www.aplikuj.pl\/dokumenty\/#website"},"primaryImageOfPage":{"@id":"https:\/\/www.aplikuj.pl\/dokumenty\/umowa-o-prace\/wzor-umowy-czas-nieokreslony\/#primaryimage"},"image":{"@id":"https:\/\/www.aplikuj.pl\/dokumenty\/umowa-o-prace\/wzor-umowy-czas-nieokreslony\/#primaryimage"},"thumbnailUrl":"https:\/\/www.aplikuj.pl\/dokumenty\/wp-content\/uploads\/2020\/10\/aplikuj-wzor-v23.jpg","datePublished":"2020-10-16T14:05:58+00:00","dateModified":"2026-02-22T22:23:32+00:00","breadcrumb":{"@id":"https:\/\/www.aplikuj.pl\/dokumenty\/umowa-o-prace\/wzor-umowy-czas-nieokreslony\/#breadcrumb"},"inLanguage":"pl-PL","potentialAction":[{"@type":"ReadAction","target":["https:\/\/www.aplikuj.pl\/dokumenty\/umowa-o-prace\/wzor-umowy-czas-nieokreslony\/"]}]},{"@type":"ImageObject","inLanguage":"pl-PL","@id":"https:\/\/www.aplikuj.pl\/dokumenty\/umowa-o-prace\/wzor-umowy-czas-nieokreslony\/#primaryimage","url":"https:\/\/www.aplikuj.pl\/dokumenty\/wp-content\/uploads\/2020\/10\/aplikuj-wzor-v23.jpg","contentUrl":"https:\/\/www.aplikuj.pl\/dokumenty\/wp-content\/uploads\/2020\/10\/aplikuj-wzor-v23.jpg","width":794,"height":1123},{"@type":"BreadcrumbList","@id":"https:\/\/www.aplikuj.pl\/dokumenty\/umowa-o-prace\/wzor-umowy-czas-nieokreslony\/#breadcrumb","itemListElement":[{"@type":"ListItem","position":1,"name":"Dokumenty HR","item":"https:\/\/www.aplikuj.pl\/dokumenty\/"},{"@type":"ListItem","position":2,"name":"umowa-o-prace","item":"https:\/\/www.aplikuj.pl\/dokumenty\/umowa-o-prace\/"},{"@type":"ListItem","position":3,"name":"Umowa o prac\u0119","item":"https:\/\/www.aplikuj.pl\/dokumenty\/umowa-o-prace\/"},{"@type":"ListItem","position":4,"name":"Wz\u00f3r umowy o prac\u0119 na czas nieokre\u015blony"}]},{"@type":"WebSite","@id":"https:\/\/www.aplikuj.pl\/dokumenty\/#website","url":"https:\/\/www.aplikuj.pl\/dokumenty\/","name":"Aplikuj.pl","description":"Profesjonalne i darmowe wzory dokument\u00f3w HR","publisher":{"@id":"https:\/\/www.aplikuj.pl\/dokumenty\/#organization"},"potentialAction":[{"@type":"SearchAction","target":{"@type":"EntryPoint","urlTemplate":"https:\/\/www.aplikuj.pl\/dokumenty\/?s={search_term_string}"},"query-input":{"@type":"PropertyValueSpecification","valueRequired":true,"valueName":"search_term_string"}}],"inLanguage":"pl-PL"},{"@type":"Organization","@id":"https:\/\/www.aplikuj.pl\/dokumenty\/#organization","name":"Aplikuj.pl","url":"https:\/\/www.aplikuj.pl\/dokumenty\/","logo":{"@type":"ImageObject","inLanguage":"pl-PL","@id":"https:\/\/www.aplikuj.pl\/dokumenty\/#\/schema\/logo\/image\/","url":"","contentUrl":"","caption":"Aplikuj.pl"},"image":{"@id":"https:\/\/www.aplikuj.pl\/dokumenty\/#\/schema\/logo\/image\/"}}]}},"_links":{"self":[{"href":"https:\/\/www.aplikuj.pl\/dokumenty\/wp-json\/wp\/v2\/product\/4549","targetHints":{"allow":["GET"]}}],"collection":[{"href":"https:\/\/www.aplikuj.pl\/dokumenty\/wp-json\/wp\/v2\/product"}],"about":[{"href":"https:\/\/www.aplikuj.pl\/dokumenty\/wp-json\/wp\/v2\/types\/product"}],"version-history":[{"count":2,"href":"https:\/\/www.aplikuj.pl\/dokumenty\/wp-json\/wp\/v2\/product\/4549\/revisions"}],"predecessor-version":[{"id":5172,"href":"https:\/\/www.aplikuj.pl\/dokumenty\/wp-json\/wp\/v2\/product\/4549\/revisions\/5172"}],"wp:featuredmedia":[{"embeddable":true,"href":"https:\/\/www.aplikuj.pl\/dokumenty\/wp-json\/wp\/v2\/media\/4620"}],"wp:attachment":[{"href":"https:\/\/www.aplikuj.pl\/dokumenty\/wp-json\/wp\/v2\/media?parent=4549"}],"wp:term":[{"taxonomy":"product_brand","embeddable":true,"href":"https:\/\/www.aplikuj.pl\/dokumenty\/wp-json\/wp\/v2\/product_brand?post=4549"},{"taxonomy":"product_cat","embeddable":true,"href":"https:\/\/www.aplikuj.pl\/dokumenty\/wp-json\/wp\/v2\/product_cat?post=4549"},{"taxonomy":"product_tag","embeddable":true,"href":"https:\/\/www.aplikuj.pl\/dokumenty\/wp-json\/wp\/v2\/product_tag?post=4549"}],"curies":[{"name":"wp","href":"https:\/\/api.w.org\/{rel}","templated":true}]}}