{"id":4397,"date":"2020-10-02T12:26:28","date_gmt":"2020-10-02T10:26:28","guid":{"rendered":"https:\/\/www.aplikuj.pl\/dokumenty\/?post_type=product&#038;p=4397"},"modified":"2026-02-22T23:23:31","modified_gmt":"2026-02-22T22:23:31","slug":"swiadectwo-pracy","status":"publish","type":"product","link":"https:\/\/www.aplikuj.pl\/dokumenty\/formularze-zaswiadczenia\/swiadectwo-pracy\/","title":{"rendered":"Wz\u00f3r \u015bwiadectwa pracy"},"content":{"rendered":"<h2>Wz\u00f3r \u015bwiadectwa pracy<\/h2>\n<p>\u015awiadectwo pracy jest dokumentem b\u0119d\u0105cym podsumowaniem stosunku pracy mi\u0119dzy pracownikiem i pracodawc\u0105. Przepisy nak\u0142adaj\u0105 obowi\u0105zek wystawienia \u015bwiadectwa pracy przez pracodawc\u0119 w momencie zako\u0144czenia stosunku pracy, czyli w dniu wyga\u015bni\u0119cia lub rozwi\u0105zania umowy. Dlatego ka\u017cdy w firmach niejednokrotnie przydaje si\u0119 sta\u0142y szablon \u015bwiadectwa pracy, kt\u00f3ry uzupe\u0142niany jest zgodnie z indywidualnymi informacjami, gdy pracownik odchodzi z pracy. Wiele os\u00f3b jest mylnie przekonanych, \u017ce \u015bwiadectwo pracy mo\u017cna wystawi\u0107 do 7 dni po zako\u0144czeniu stosunku pracy. Jest to b\u0142\u0119dne przekonanie, a przepisy jasno m\u00f3wi\u0105 o niezw\u0142ocznym wype\u0142nieniu \u015bwiadectwa pracy oraz przekazania go pracownikowi lub osobie upowa\u017cnionej do odbioru. Je\u017celi pracodawca nie ma mo\u017cliwo\u015bci osobistego wr\u0119czenia \u015bwiadectwa pracy, to mo\u017ce to zrobi\u0107 drog\u0105 pocztow\u0105 w terminie do 7 dni od zako\u0144czenia stosunku pracy. Tak czy inaczej, niewydanie takiego pisma pracownikowi wed\u0142ug prawa grozi na\u0142o\u017ceniem na pracodawc\u0119 kary grzywny w wysoko\u015bci od 1000 do 30 000 z\u0142.<\/p>\n<h2>Tre\u015b\u0107 \u015bwiadectwa pracy<\/h2>\n<p>Przepisy prawa pracy jasno okre\u015blaj\u0105, co musi si\u0119 znale\u017a\u0107 w \u015bwiadectwie pracy. W\u0142a\u015bnie dlatego warto skorzysta\u0107 ze stosownego wzoru \u015bwiadectwa pracy, aby nie pope\u0142ni\u0107 b\u0142\u0119du mog\u0105cego przynie\u015b\u0107 problemy w przysz\u0142o\u015bci. Tre\u015b\u0107 \u015bwiadectwa pracy musi zawiera\u0107:<\/p>\n<ul>\n<li>okres i rodzaj wykonywanej pracy;<\/li>\n<li>informacj\u0119 o okoliczno\u015bciach zako\u0144czenia stosunku pracy;<\/li>\n<li>stanowisko zajmowane przez pracownika;<\/li>\n<li>informacj\u0119 o wymiarze czasu pracy pracownika;<\/li>\n<li>informacj\u0119 odno\u015bnie wykorzystanego urlopu wypoczynkowego w roku ustania stosunku pracy;<\/li>\n<li>informacj\u0119 odno\u015bnie wykorzystania pozosta\u0142ych urlop\u00f3w;<\/li>\n<li>wszystkie informacje niezb\u0119dne do ustalenia uprawnie\u0144 pracowniczych i wynikaj\u0105cych z ubezpieczenia spo\u0142ecznego.<\/li>\n<\/ul>\n<p>Nale\u017cy wiedzie\u0107, \u017ce w \u015bwiadectwie pracy musi si\u0119 znale\u017a\u0107 wzmianka o zaj\u0119ciu wynagrodzenia za prac\u0119 w ramach post\u0119powania egzekucyjnego je\u017celi taka sytuacja nast\u0105pi. Pracownik ma tak\u017ce prawo do za\u017c\u0105dania umieszczenia w \u015bwiadectwie pracy informacji o wysoko\u015bci oraz sk\u0142adowych wynagrodzenia i uzyskanych kwalifikacjach. Wszystkie ewentualno\u015bci uwzgl\u0119dniono w szablonie \u015bwiadectwa pracy zapewniaj\u0105cym intuicyjn\u0105 edycj\u0119.<\/p>\n","protected":false},"excerpt":{"rendered":"<p>Dokument zosta\u0142 przygotowany zgodnie z obowi\u0105zuj\u0105cymi normami, nale\u017cy uzupe\u0142ni\u0107 go niezb\u0119dnymi informacjami dotycz\u0105cymi konkretnego pracownika i jego pracy. Wz\u00f3r \u015bwiadectwa pracy samodzielnie edytujesz za pomoc\u0105 popularnych program\u00f3w, jak np. MS Word. Szablon jest tak\u017ce kompatybilny z darmowymi pakietami biurowymi (Open Office lub Libre Office), dlatego przekszta\u0142cenie go na w\u0142asne potrzeby nie powinien sprawia\u0107 problemu.<\/p>\n","protected":false},"featured_media":4461,"template":"","meta":[],"product_brand":[],"product_cat":[24],"product_tag":[49,52,51,53,50],"class_list":{"0":"post-4397","1":"product","2":"type-product","3":"status-publish","4":"has-post-thumbnail","6":"product_cat-formularze-zaswiadczenia","7":"product_tag-swiadectwo-pracy","8":"product_tag-swiadectwo-pracy-jak-wypelnic","9":"product_tag-swiadectwo-pracy-szablon","10":"product_tag-swiadectwo-pracy-termin","11":"product_tag-wzor-swiadectwa-pracy","13":"first","14":"instock","15":"shipping-taxable","16":"product-type-external"},"yoast_head":"<!-- This site is optimized with the Yoast SEO plugin v27.0 - https:\/\/yoast.com\/product\/yoast-seo-wordpress\/ -->\n<title>Wz\u00f3r \u015bwiadectwa pracy - Aplikuj.pl<\/title>\n<meta name=\"robots\" content=\"index, follow, max-snippet:-1, max-image-preview:large, max-video-preview:-1\" \/>\n<link rel=\"canonical\" href=\"https:\/\/www.aplikuj.pl\/dokumenty\/formularze-zaswiadczenia\/swiadectwo-pracy\/\" \/>\n<meta property=\"og:locale\" content=\"pl_PL\" \/>\n<meta property=\"og:type\" content=\"article\" \/>\n<meta property=\"og:title\" content=\"Wz\u00f3r \u015bwiadectwa pracy - Aplikuj.pl\" \/>\n<meta property=\"og:description\" content=\"Dokument zosta\u0142 przygotowany zgodnie z obowi\u0105zuj\u0105cymi normami, nale\u017cy uzupe\u0142ni\u0107 go niezb\u0119dnymi informacjami dotycz\u0105cymi konkretnego pracownika i jego pracy. Wz\u00f3r \u015bwiadectwa pracy samodzielnie edytujesz za pomoc\u0105 popularnych program\u00f3w, jak np. MS Word. Szablon jest tak\u017ce kompatybilny z darmowymi pakietami biurowymi (Open Office lub Libre Office), dlatego przekszta\u0142cenie go na w\u0142asne potrzeby nie powinien sprawia\u0107 problemu.\" \/>\n<meta property=\"og:url\" content=\"https:\/\/www.aplikuj.pl\/dokumenty\/formularze-zaswiadczenia\/swiadectwo-pracy\/\" \/>\n<meta property=\"og:site_name\" content=\"Aplikuj.pl\" \/>\n<meta property=\"article:modified_time\" content=\"2026-02-22T22:23:31+00:00\" \/>\n<meta property=\"og:image\" content=\"https:\/\/www.aplikuj.pl\/dokumenty\/wp-content\/uploads\/2020\/10\/aplikuj-wzor-test.jpg\" \/>\n\t<meta property=\"og:image:width\" content=\"715\" \/>\n\t<meta property=\"og:image:height\" content=\"1011\" \/>\n\t<meta property=\"og:image:type\" content=\"image\/jpeg\" \/>\n<meta name=\"twitter:card\" content=\"summary_large_image\" \/>\n<meta name=\"twitter:label1\" content=\"Szacowany czas czytania\" \/>\n\t<meta name=\"twitter:data1\" content=\"2 minuty\" \/>\n<script type=\"application\/ld+json\" class=\"yoast-schema-graph\">{\"@context\":\"https:\/\/schema.org\",\"@graph\":[{\"@type\":\"WebPage\",\"@id\":\"https:\/\/www.aplikuj.pl\/dokumenty\/formularze-zaswiadczenia\/swiadectwo-pracy\/\",\"url\":\"https:\/\/www.aplikuj.pl\/dokumenty\/formularze-zaswiadczenia\/swiadectwo-pracy\/\",\"name\":\"Wz\u00f3r \u015bwiadectwa pracy - Aplikuj.pl\",\"isPartOf\":{\"@id\":\"https:\/\/www.aplikuj.pl\/dokumenty\/#website\"},\"primaryImageOfPage\":{\"@id\":\"https:\/\/www.aplikuj.pl\/dokumenty\/formularze-zaswiadczenia\/swiadectwo-pracy\/#primaryimage\"},\"image\":{\"@id\":\"https:\/\/www.aplikuj.pl\/dokumenty\/formularze-zaswiadczenia\/swiadectwo-pracy\/#primaryimage\"},\"thumbnailUrl\":\"https:\/\/www.aplikuj.pl\/dokumenty\/wp-content\/uploads\/2020\/10\/aplikuj-wzor-test.jpg\",\"datePublished\":\"2020-10-02T10:26:28+00:00\",\"dateModified\":\"2026-02-22T22:23:31+00:00\",\"breadcrumb\":{\"@id\":\"https:\/\/www.aplikuj.pl\/dokumenty\/formularze-zaswiadczenia\/swiadectwo-pracy\/#breadcrumb\"},\"inLanguage\":\"pl-PL\",\"potentialAction\":[{\"@type\":\"ReadAction\",\"target\":[\"https:\/\/www.aplikuj.pl\/dokumenty\/formularze-zaswiadczenia\/swiadectwo-pracy\/\"]}]},{\"@type\":\"ImageObject\",\"inLanguage\":\"pl-PL\",\"@id\":\"https:\/\/www.aplikuj.pl\/dokumenty\/formularze-zaswiadczenia\/swiadectwo-pracy\/#primaryimage\",\"url\":\"https:\/\/www.aplikuj.pl\/dokumenty\/wp-content\/uploads\/2020\/10\/aplikuj-wzor-test.jpg\",\"contentUrl\":\"https:\/\/www.aplikuj.pl\/dokumenty\/wp-content\/uploads\/2020\/10\/aplikuj-wzor-test.jpg\",\"width\":715,\"height\":1011},{\"@type\":\"BreadcrumbList\",\"@id\":\"https:\/\/www.aplikuj.pl\/dokumenty\/formularze-zaswiadczenia\/swiadectwo-pracy\/#breadcrumb\",\"itemListElement\":[{\"@type\":\"ListItem\",\"position\":1,\"name\":\"Dokumenty HR\",\"item\":\"https:\/\/www.aplikuj.pl\/dokumenty\/\"},{\"@type\":\"ListItem\",\"position\":2,\"name\":\"umowa-o-prace\",\"item\":\"https:\/\/www.aplikuj.pl\/dokumenty\/umowa-o-prace\/\"},{\"@type\":\"ListItem\",\"position\":3,\"name\":\"Formularze i za\u015bwiadczenia\",\"item\":\"https:\/\/www.aplikuj.pl\/dokumenty\/formularze-zaswiadczenia\/\"},{\"@type\":\"ListItem\",\"position\":4,\"name\":\"Wz\u00f3r \u015bwiadectwa pracy\"}]},{\"@type\":\"WebSite\",\"@id\":\"https:\/\/www.aplikuj.pl\/dokumenty\/#website\",\"url\":\"https:\/\/www.aplikuj.pl\/dokumenty\/\",\"name\":\"Aplikuj.pl\",\"description\":\"Profesjonalne i darmowe wzory dokument\u00f3w HR\",\"publisher\":{\"@id\":\"https:\/\/www.aplikuj.pl\/dokumenty\/#organization\"},\"potentialAction\":[{\"@type\":\"SearchAction\",\"target\":{\"@type\":\"EntryPoint\",\"urlTemplate\":\"https:\/\/www.aplikuj.pl\/dokumenty\/?s={search_term_string}\"},\"query-input\":{\"@type\":\"PropertyValueSpecification\",\"valueRequired\":true,\"valueName\":\"search_term_string\"}}],\"inLanguage\":\"pl-PL\"},{\"@type\":\"Organization\",\"@id\":\"https:\/\/www.aplikuj.pl\/dokumenty\/#organization\",\"name\":\"Aplikuj.pl\",\"url\":\"https:\/\/www.aplikuj.pl\/dokumenty\/\",\"logo\":{\"@type\":\"ImageObject\",\"inLanguage\":\"pl-PL\",\"@id\":\"https:\/\/www.aplikuj.pl\/dokumenty\/#\/schema\/logo\/image\/\",\"url\":\"\",\"contentUrl\":\"\",\"caption\":\"Aplikuj.pl\"},\"image\":{\"@id\":\"https:\/\/www.aplikuj.pl\/dokumenty\/#\/schema\/logo\/image\/\"}}]}<\/script>\n<!-- \/ Yoast SEO plugin. -->","yoast_head_json":{"title":"Wz\u00f3r \u015bwiadectwa pracy - Aplikuj.pl","robots":{"index":"index","follow":"follow","max-snippet":"max-snippet:-1","max-image-preview":"max-image-preview:large","max-video-preview":"max-video-preview:-1"},"canonical":"https:\/\/www.aplikuj.pl\/dokumenty\/formularze-zaswiadczenia\/swiadectwo-pracy\/","og_locale":"pl_PL","og_type":"article","og_title":"Wz\u00f3r \u015bwiadectwa pracy - Aplikuj.pl","og_description":"Dokument zosta\u0142 przygotowany zgodnie z obowi\u0105zuj\u0105cymi normami, nale\u017cy uzupe\u0142ni\u0107 go niezb\u0119dnymi informacjami dotycz\u0105cymi konkretnego pracownika i jego pracy. Wz\u00f3r \u015bwiadectwa pracy samodzielnie edytujesz za pomoc\u0105 popularnych program\u00f3w, jak np. MS Word. Szablon jest tak\u017ce kompatybilny z darmowymi pakietami biurowymi (Open Office lub Libre Office), dlatego przekszta\u0142cenie go na w\u0142asne potrzeby nie powinien sprawia\u0107 problemu.","og_url":"https:\/\/www.aplikuj.pl\/dokumenty\/formularze-zaswiadczenia\/swiadectwo-pracy\/","og_site_name":"Aplikuj.pl","article_modified_time":"2026-02-22T22:23:31+00:00","og_image":[{"width":715,"height":1011,"url":"https:\/\/www.aplikuj.pl\/dokumenty\/wp-content\/uploads\/2020\/10\/aplikuj-wzor-test.jpg","type":"image\/jpeg"}],"twitter_card":"summary_large_image","twitter_misc":{"Szacowany czas czytania":"2 minuty"},"schema":{"@context":"https:\/\/schema.org","@graph":[{"@type":"WebPage","@id":"https:\/\/www.aplikuj.pl\/dokumenty\/formularze-zaswiadczenia\/swiadectwo-pracy\/","url":"https:\/\/www.aplikuj.pl\/dokumenty\/formularze-zaswiadczenia\/swiadectwo-pracy\/","name":"Wz\u00f3r \u015bwiadectwa pracy - Aplikuj.pl","isPartOf":{"@id":"https:\/\/www.aplikuj.pl\/dokumenty\/#website"},"primaryImageOfPage":{"@id":"https:\/\/www.aplikuj.pl\/dokumenty\/formularze-zaswiadczenia\/swiadectwo-pracy\/#primaryimage"},"image":{"@id":"https:\/\/www.aplikuj.pl\/dokumenty\/formularze-zaswiadczenia\/swiadectwo-pracy\/#primaryimage"},"thumbnailUrl":"https:\/\/www.aplikuj.pl\/dokumenty\/wp-content\/uploads\/2020\/10\/aplikuj-wzor-test.jpg","datePublished":"2020-10-02T10:26:28+00:00","dateModified":"2026-02-22T22:23:31+00:00","breadcrumb":{"@id":"https:\/\/www.aplikuj.pl\/dokumenty\/formularze-zaswiadczenia\/swiadectwo-pracy\/#breadcrumb"},"inLanguage":"pl-PL","potentialAction":[{"@type":"ReadAction","target":["https:\/\/www.aplikuj.pl\/dokumenty\/formularze-zaswiadczenia\/swiadectwo-pracy\/"]}]},{"@type":"ImageObject","inLanguage":"pl-PL","@id":"https:\/\/www.aplikuj.pl\/dokumenty\/formularze-zaswiadczenia\/swiadectwo-pracy\/#primaryimage","url":"https:\/\/www.aplikuj.pl\/dokumenty\/wp-content\/uploads\/2020\/10\/aplikuj-wzor-test.jpg","contentUrl":"https:\/\/www.aplikuj.pl\/dokumenty\/wp-content\/uploads\/2020\/10\/aplikuj-wzor-test.jpg","width":715,"height":1011},{"@type":"BreadcrumbList","@id":"https:\/\/www.aplikuj.pl\/dokumenty\/formularze-zaswiadczenia\/swiadectwo-pracy\/#breadcrumb","itemListElement":[{"@type":"ListItem","position":1,"name":"Dokumenty HR","item":"https:\/\/www.aplikuj.pl\/dokumenty\/"},{"@type":"ListItem","position":2,"name":"umowa-o-prace","item":"https:\/\/www.aplikuj.pl\/dokumenty\/umowa-o-prace\/"},{"@type":"ListItem","position":3,"name":"Formularze i za\u015bwiadczenia","item":"https:\/\/www.aplikuj.pl\/dokumenty\/formularze-zaswiadczenia\/"},{"@type":"ListItem","position":4,"name":"Wz\u00f3r \u015bwiadectwa pracy"}]},{"@type":"WebSite","@id":"https:\/\/www.aplikuj.pl\/dokumenty\/#website","url":"https:\/\/www.aplikuj.pl\/dokumenty\/","name":"Aplikuj.pl","description":"Profesjonalne i darmowe wzory dokument\u00f3w HR","publisher":{"@id":"https:\/\/www.aplikuj.pl\/dokumenty\/#organization"},"potentialAction":[{"@type":"SearchAction","target":{"@type":"EntryPoint","urlTemplate":"https:\/\/www.aplikuj.pl\/dokumenty\/?s={search_term_string}"},"query-input":{"@type":"PropertyValueSpecification","valueRequired":true,"valueName":"search_term_string"}}],"inLanguage":"pl-PL"},{"@type":"Organization","@id":"https:\/\/www.aplikuj.pl\/dokumenty\/#organization","name":"Aplikuj.pl","url":"https:\/\/www.aplikuj.pl\/dokumenty\/","logo":{"@type":"ImageObject","inLanguage":"pl-PL","@id":"https:\/\/www.aplikuj.pl\/dokumenty\/#\/schema\/logo\/image\/","url":"","contentUrl":"","caption":"Aplikuj.pl"},"image":{"@id":"https:\/\/www.aplikuj.pl\/dokumenty\/#\/schema\/logo\/image\/"}}]}},"_links":{"self":[{"href":"https:\/\/www.aplikuj.pl\/dokumenty\/wp-json\/wp\/v2\/product\/4397","targetHints":{"allow":["GET"]}}],"collection":[{"href":"https:\/\/www.aplikuj.pl\/dokumenty\/wp-json\/wp\/v2\/product"}],"about":[{"href":"https:\/\/www.aplikuj.pl\/dokumenty\/wp-json\/wp\/v2\/types\/product"}],"version-history":[{"count":1,"href":"https:\/\/www.aplikuj.pl\/dokumenty\/wp-json\/wp\/v2\/product\/4397\/revisions"}],"predecessor-version":[{"id":5171,"href":"https:\/\/www.aplikuj.pl\/dokumenty\/wp-json\/wp\/v2\/product\/4397\/revisions\/5171"}],"wp:featuredmedia":[{"embeddable":true,"href":"https:\/\/www.aplikuj.pl\/dokumenty\/wp-json\/wp\/v2\/media\/4461"}],"wp:attachment":[{"href":"https:\/\/www.aplikuj.pl\/dokumenty\/wp-json\/wp\/v2\/media?parent=4397"}],"wp:term":[{"taxonomy":"product_brand","embeddable":true,"href":"https:\/\/www.aplikuj.pl\/dokumenty\/wp-json\/wp\/v2\/product_brand?post=4397"},{"taxonomy":"product_cat","embeddable":true,"href":"https:\/\/www.aplikuj.pl\/dokumenty\/wp-json\/wp\/v2\/product_cat?post=4397"},{"taxonomy":"product_tag","embeddable":true,"href":"https:\/\/www.aplikuj.pl\/dokumenty\/wp-json\/wp\/v2\/product_tag?post=4397"}],"curies":[{"name":"wp","href":"https:\/\/api.w.org\/{rel}","templated":true}]}}