{"id":4384,"date":"2020-09-14T14:12:38","date_gmt":"2020-09-14T12:12:38","guid":{"rendered":"https:\/\/www.aplikuj.pl\/dokumenty\/?post_type=product&#038;p=4384"},"modified":"2026-02-22T23:23:31","modified_gmt":"2026-02-22T22:23:31","slug":"wzor-zawiadomienia-o-przejsciu-zakladu-pracy","status":"publish","type":"product","link":"https:\/\/www.aplikuj.pl\/dokumenty\/wzory-inne\/wzor-zawiadomienia-o-przejsciu-zakladu-pracy\/","title":{"rendered":"Wz\u00f3r zawiadomienia o przej\u015bciu zak\u0142adu pracy na innego pracodawc\u0119"},"content":{"rendered":"<h2><span class=\"current\">Wz\u00f3r zawiadomienia o przej\u015bciu zak\u0142adu pracy na innego pracodawc\u0119<\/span><\/h2>\n<p>Pracodawcy dokonuj\u0105cy przej\u0119cia zak\u0142adu b\u0105d\u017a jego cz\u0119\u015bci maj\u0105 obowi\u0105zek pisemnego poinformowania pracownik\u00f3w o zaistnia\u0142ej sytuacji. Dotyczy to zar\u00f3wno dotychczasowego, jak i nowego pracodawcy. W celu poprawnego dope\u0142nienia obowi\u0105zku stosuje si\u0119 zawiadomienie o przej\u015bciu zak\u0142adu pracy na innego pracodawc\u0119, kt\u00f3re sporz\u0105dzaj\u0105 obie strony przej\u0119cia.<\/p>\n<p>Stosowny dokument musi zosta\u0107 przekazany pracownikom najp\u00f3\u017aniej na 30 dni przed faktyczn\u0105 zmian\u0105 w\u0142a\u015bciciela. Warto skorzysta\u0107 w tym celu z gotowego wzoru zawiadomienia o zmianie pracodawcy, w kt\u00f3rym zawarte s\u0105 wszystkie niezb\u0119dne informacje. Je\u017celi u pracodawc\u00f3w dzia\u0142aj\u0105 organizacje zwi\u0105zkowe, obecny i nowy pracodawca maj\u0105 obowi\u0105zek przedstawienia pisemnej formy zawiadomienia, dzia\u0142aj\u0105cej u ka\u017cdego z nich organizacji. Zawiadomienie w og\u00f3lnym za\u0142o\u017ceniu jest o\u015bwiadczeniem by\u0142ego i nowego pracodawcy odno\u015bnie plan\u00f3w na przysz\u0142o\u015b\u0107 dotycz\u0105cych funkcjonowania zak\u0142adu oraz przyczyn zaistnia\u0142ej sytuacji.<\/p>\n<h2>Co powinno zawiera\u0107 zawiadomienie?<\/h2>\n<p>Aby dokument ten przygotowa\u0107 w odpowiedni spos\u00f3b i zgodnie z normami, zawiadomienie o przej\u015bciu zak\u0142adu pracy\/jego cz\u0119\u015bci na innego pracodawc\u0119 powinno zawiera\u0107:<\/p>\n<ul>\n<li>przewidywany termin przej\u015bcia zak\u0142adu pracy na innego pracodawc\u0119;<\/li>\n<li>przyczyny przej\u0119cia zak\u0142adu lub jego cz\u0119\u015bci;<\/li>\n<li>prawne, ekonomiczne oraz socjalne skutki dla pracownik\u00f3w;<\/li>\n<li>zamierzone dzia\u0142ania wobec warunk\u00f3w zatrudnienia pracownik\u00f3w.<\/li>\n<\/ul>\n<p>Nale\u017cy mie\u0107 \u015bwiadomo\u015b\u0107, \u017ce zawiadomienie o przej\u015bciu zak\u0142adu pracy powinno zosta\u0107 wr\u0119czone ka\u017cdemu pracownikowi oddzielnie. Tylko w ten spos\u00f3b zostaje uznane dotrzymanie obowi\u0105zku poinformowania pracownik\u00f3w o przej\u015bciu zak\u0142adu pracy na nowego pracodawc\u0119. Dokument powinien mie\u0107 odpowiedni\u0105 konstrukcj\u0119, dlatego warto skorzysta\u0107 z szablonu zawiadomienia. Przygotowany wz\u00f3r pozwala na prost\u0105 i intuicyjn\u0105 edycj\u0119. Dzi\u0119ki temu dope\u0142nienie cz\u0119\u015bci obowi\u0105zk\u00f3w stanie si\u0119 znacznie \u0142atwiejsze.<\/p>\n","protected":false},"excerpt":{"rendered":"<p>Szablon dokumentu pozwoli sprawnie przygotowa\u0107 prawid\u0142owe pismo dla pracownik\u00f3w w celu formalnego poinformowania o zmianie pracodawcy. Wz\u00f3r zawiadomienia o przej\u015bciu zak\u0142adu pracy lub jego cz\u0119\u015bci na innego pracodawc\u0119 nale\u017cy podda\u0107 samodzielnej edycji, co umo\u017cliwi\u0105 najpopularniejsze programy biurowe. Dokument jest kompatybilny mi\u0119dzy innymi z aplikacj\u0105 MS Word czy darmowymi pakietami biurowymi (Open Office lub Libre Office).<\/p>\n","protected":false},"featured_media":4414,"template":"","meta":[],"product_brand":[],"product_cat":[30],"product_tag":[59,61,60],"class_list":{"0":"post-4384","1":"product","2":"type-product","3":"status-publish","4":"has-post-thumbnail","6":"product_cat-wzory-inne","7":"product_tag-przejscie-zakladu-pracy-na-innego-pracodawce","8":"product_tag-zaklad-pracy-zmienia-pracodawce","9":"product_tag-zawiadomienie-o-przejsciu-zakladu-pracy","11":"first","12":"instock","13":"shipping-taxable","14":"product-type-external"},"yoast_head":"<!-- This site is optimized with the Yoast SEO plugin v27.0 - https:\/\/yoast.com\/product\/yoast-seo-wordpress\/ -->\n<title>Wz\u00f3r zawiadomienia o przej\u015bciu zak\u0142adu pracy na innego pracodawc\u0119 - Aplikuj.pl<\/title>\n<meta name=\"robots\" content=\"index, follow, max-snippet:-1, max-image-preview:large, max-video-preview:-1\" \/>\n<link rel=\"canonical\" href=\"https:\/\/www.aplikuj.pl\/dokumenty\/wzory-inne\/wzor-zawiadomienia-o-przejsciu-zakladu-pracy\/\" \/>\n<meta property=\"og:locale\" content=\"pl_PL\" \/>\n<meta property=\"og:type\" content=\"article\" \/>\n<meta property=\"og:title\" content=\"Wz\u00f3r zawiadomienia o przej\u015bciu zak\u0142adu pracy na innego pracodawc\u0119 - Aplikuj.pl\" \/>\n<meta property=\"og:description\" content=\"Szablon dokumentu pozwoli sprawnie przygotowa\u0107 prawid\u0142owe pismo dla pracownik\u00f3w w celu formalnego poinformowania o zmianie pracodawcy. Wz\u00f3r zawiadomienia o przej\u015bciu zak\u0142adu pracy lub jego cz\u0119\u015bci na innego pracodawc\u0119 nale\u017cy podda\u0107 samodzielnej edycji, co umo\u017cliwi\u0105 najpopularniejsze programy biurowe. Dokument jest kompatybilny mi\u0119dzy innymi z aplikacj\u0105 MS Word czy darmowymi pakietami biurowymi (Open Office lub Libre Office).\" \/>\n<meta property=\"og:url\" content=\"https:\/\/www.aplikuj.pl\/dokumenty\/wzory-inne\/wzor-zawiadomienia-o-przejsciu-zakladu-pracy\/\" \/>\n<meta property=\"og:site_name\" content=\"Aplikuj.pl\" \/>\n<meta property=\"article:modified_time\" content=\"2026-02-22T22:23:31+00:00\" \/>\n<meta property=\"og:image\" content=\"https:\/\/www.aplikuj.pl\/dokumenty\/wp-content\/uploads\/2020\/09\/aplikuj-wz\u00f3r-v116.jpg\" \/>\n\t<meta property=\"og:image:width\" content=\"794\" \/>\n\t<meta property=\"og:image:height\" content=\"1123\" \/>\n\t<meta property=\"og:image:type\" content=\"image\/jpeg\" \/>\n<meta name=\"twitter:card\" content=\"summary_large_image\" \/>\n<meta name=\"twitter:label1\" content=\"Szacowany czas czytania\" \/>\n\t<meta name=\"twitter:data1\" content=\"2 minuty\" \/>\n<script type=\"application\/ld+json\" class=\"yoast-schema-graph\">{\"@context\":\"https:\/\/schema.org\",\"@graph\":[{\"@type\":\"WebPage\",\"@id\":\"https:\/\/www.aplikuj.pl\/dokumenty\/wzory-inne\/wzor-zawiadomienia-o-przejsciu-zakladu-pracy\/\",\"url\":\"https:\/\/www.aplikuj.pl\/dokumenty\/wzory-inne\/wzor-zawiadomienia-o-przejsciu-zakladu-pracy\/\",\"name\":\"Wz\u00f3r zawiadomienia o przej\u015bciu zak\u0142adu pracy na innego pracodawc\u0119 - Aplikuj.pl\",\"isPartOf\":{\"@id\":\"https:\/\/www.aplikuj.pl\/dokumenty\/#website\"},\"primaryImageOfPage\":{\"@id\":\"https:\/\/www.aplikuj.pl\/dokumenty\/wzory-inne\/wzor-zawiadomienia-o-przejsciu-zakladu-pracy\/#primaryimage\"},\"image\":{\"@id\":\"https:\/\/www.aplikuj.pl\/dokumenty\/wzory-inne\/wzor-zawiadomienia-o-przejsciu-zakladu-pracy\/#primaryimage\"},\"thumbnailUrl\":\"https:\/\/www.aplikuj.pl\/dokumenty\/wp-content\/uploads\/2020\/09\/aplikuj-wz\u00f3r-v116.jpg\",\"datePublished\":\"2020-09-14T12:12:38+00:00\",\"dateModified\":\"2026-02-22T22:23:31+00:00\",\"breadcrumb\":{\"@id\":\"https:\/\/www.aplikuj.pl\/dokumenty\/wzory-inne\/wzor-zawiadomienia-o-przejsciu-zakladu-pracy\/#breadcrumb\"},\"inLanguage\":\"pl-PL\",\"potentialAction\":[{\"@type\":\"ReadAction\",\"target\":[\"https:\/\/www.aplikuj.pl\/dokumenty\/wzory-inne\/wzor-zawiadomienia-o-przejsciu-zakladu-pracy\/\"]}]},{\"@type\":\"ImageObject\",\"inLanguage\":\"pl-PL\",\"@id\":\"https:\/\/www.aplikuj.pl\/dokumenty\/wzory-inne\/wzor-zawiadomienia-o-przejsciu-zakladu-pracy\/#primaryimage\",\"url\":\"https:\/\/www.aplikuj.pl\/dokumenty\/wp-content\/uploads\/2020\/09\/aplikuj-wz\u00f3r-v116.jpg\",\"contentUrl\":\"https:\/\/www.aplikuj.pl\/dokumenty\/wp-content\/uploads\/2020\/09\/aplikuj-wz\u00f3r-v116.jpg\",\"width\":794,\"height\":1123},{\"@type\":\"BreadcrumbList\",\"@id\":\"https:\/\/www.aplikuj.pl\/dokumenty\/wzory-inne\/wzor-zawiadomienia-o-przejsciu-zakladu-pracy\/#breadcrumb\",\"itemListElement\":[{\"@type\":\"ListItem\",\"position\":1,\"name\":\"Dokumenty HR\",\"item\":\"https:\/\/www.aplikuj.pl\/dokumenty\/\"},{\"@type\":\"ListItem\",\"position\":2,\"name\":\"umowa-o-prace\",\"item\":\"https:\/\/www.aplikuj.pl\/dokumenty\/umowa-o-prace\/\"},{\"@type\":\"ListItem\",\"position\":3,\"name\":\"Inne dokumenty - wzory\",\"item\":\"https:\/\/www.aplikuj.pl\/dokumenty\/wzory-inne\/\"},{\"@type\":\"ListItem\",\"position\":4,\"name\":\"Wz\u00f3r zawiadomienia o przej\u015bciu zak\u0142adu pracy na innego pracodawc\u0119\"}]},{\"@type\":\"WebSite\",\"@id\":\"https:\/\/www.aplikuj.pl\/dokumenty\/#website\",\"url\":\"https:\/\/www.aplikuj.pl\/dokumenty\/\",\"name\":\"Aplikuj.pl\",\"description\":\"Profesjonalne i darmowe wzory dokument\u00f3w HR\",\"publisher\":{\"@id\":\"https:\/\/www.aplikuj.pl\/dokumenty\/#organization\"},\"potentialAction\":[{\"@type\":\"SearchAction\",\"target\":{\"@type\":\"EntryPoint\",\"urlTemplate\":\"https:\/\/www.aplikuj.pl\/dokumenty\/?s={search_term_string}\"},\"query-input\":{\"@type\":\"PropertyValueSpecification\",\"valueRequired\":true,\"valueName\":\"search_term_string\"}}],\"inLanguage\":\"pl-PL\"},{\"@type\":\"Organization\",\"@id\":\"https:\/\/www.aplikuj.pl\/dokumenty\/#organization\",\"name\":\"Aplikuj.pl\",\"url\":\"https:\/\/www.aplikuj.pl\/dokumenty\/\",\"logo\":{\"@type\":\"ImageObject\",\"inLanguage\":\"pl-PL\",\"@id\":\"https:\/\/www.aplikuj.pl\/dokumenty\/#\/schema\/logo\/image\/\",\"url\":\"\",\"contentUrl\":\"\",\"caption\":\"Aplikuj.pl\"},\"image\":{\"@id\":\"https:\/\/www.aplikuj.pl\/dokumenty\/#\/schema\/logo\/image\/\"}}]}<\/script>\n<!-- \/ Yoast SEO plugin. -->","yoast_head_json":{"title":"Wz\u00f3r zawiadomienia o przej\u015bciu zak\u0142adu pracy na innego pracodawc\u0119 - Aplikuj.pl","robots":{"index":"index","follow":"follow","max-snippet":"max-snippet:-1","max-image-preview":"max-image-preview:large","max-video-preview":"max-video-preview:-1"},"canonical":"https:\/\/www.aplikuj.pl\/dokumenty\/wzory-inne\/wzor-zawiadomienia-o-przejsciu-zakladu-pracy\/","og_locale":"pl_PL","og_type":"article","og_title":"Wz\u00f3r zawiadomienia o przej\u015bciu zak\u0142adu pracy na innego pracodawc\u0119 - Aplikuj.pl","og_description":"Szablon dokumentu pozwoli sprawnie przygotowa\u0107 prawid\u0142owe pismo dla pracownik\u00f3w w celu formalnego poinformowania o zmianie pracodawcy. Wz\u00f3r zawiadomienia o przej\u015bciu zak\u0142adu pracy lub jego cz\u0119\u015bci na innego pracodawc\u0119 nale\u017cy podda\u0107 samodzielnej edycji, co umo\u017cliwi\u0105 najpopularniejsze programy biurowe. Dokument jest kompatybilny mi\u0119dzy innymi z aplikacj\u0105 MS Word czy darmowymi pakietami biurowymi (Open Office lub Libre Office).","og_url":"https:\/\/www.aplikuj.pl\/dokumenty\/wzory-inne\/wzor-zawiadomienia-o-przejsciu-zakladu-pracy\/","og_site_name":"Aplikuj.pl","article_modified_time":"2026-02-22T22:23:31+00:00","og_image":[{"width":794,"height":1123,"url":"https:\/\/www.aplikuj.pl\/dokumenty\/wp-content\/uploads\/2020\/09\/aplikuj-wz\u00f3r-v116.jpg","type":"image\/jpeg"}],"twitter_card":"summary_large_image","twitter_misc":{"Szacowany czas czytania":"2 minuty"},"schema":{"@context":"https:\/\/schema.org","@graph":[{"@type":"WebPage","@id":"https:\/\/www.aplikuj.pl\/dokumenty\/wzory-inne\/wzor-zawiadomienia-o-przejsciu-zakladu-pracy\/","url":"https:\/\/www.aplikuj.pl\/dokumenty\/wzory-inne\/wzor-zawiadomienia-o-przejsciu-zakladu-pracy\/","name":"Wz\u00f3r zawiadomienia o przej\u015bciu zak\u0142adu pracy na innego pracodawc\u0119 - Aplikuj.pl","isPartOf":{"@id":"https:\/\/www.aplikuj.pl\/dokumenty\/#website"},"primaryImageOfPage":{"@id":"https:\/\/www.aplikuj.pl\/dokumenty\/wzory-inne\/wzor-zawiadomienia-o-przejsciu-zakladu-pracy\/#primaryimage"},"image":{"@id":"https:\/\/www.aplikuj.pl\/dokumenty\/wzory-inne\/wzor-zawiadomienia-o-przejsciu-zakladu-pracy\/#primaryimage"},"thumbnailUrl":"https:\/\/www.aplikuj.pl\/dokumenty\/wp-content\/uploads\/2020\/09\/aplikuj-wz\u00f3r-v116.jpg","datePublished":"2020-09-14T12:12:38+00:00","dateModified":"2026-02-22T22:23:31+00:00","breadcrumb":{"@id":"https:\/\/www.aplikuj.pl\/dokumenty\/wzory-inne\/wzor-zawiadomienia-o-przejsciu-zakladu-pracy\/#breadcrumb"},"inLanguage":"pl-PL","potentialAction":[{"@type":"ReadAction","target":["https:\/\/www.aplikuj.pl\/dokumenty\/wzory-inne\/wzor-zawiadomienia-o-przejsciu-zakladu-pracy\/"]}]},{"@type":"ImageObject","inLanguage":"pl-PL","@id":"https:\/\/www.aplikuj.pl\/dokumenty\/wzory-inne\/wzor-zawiadomienia-o-przejsciu-zakladu-pracy\/#primaryimage","url":"https:\/\/www.aplikuj.pl\/dokumenty\/wp-content\/uploads\/2020\/09\/aplikuj-wz\u00f3r-v116.jpg","contentUrl":"https:\/\/www.aplikuj.pl\/dokumenty\/wp-content\/uploads\/2020\/09\/aplikuj-wz\u00f3r-v116.jpg","width":794,"height":1123},{"@type":"BreadcrumbList","@id":"https:\/\/www.aplikuj.pl\/dokumenty\/wzory-inne\/wzor-zawiadomienia-o-przejsciu-zakladu-pracy\/#breadcrumb","itemListElement":[{"@type":"ListItem","position":1,"name":"Dokumenty HR","item":"https:\/\/www.aplikuj.pl\/dokumenty\/"},{"@type":"ListItem","position":2,"name":"umowa-o-prace","item":"https:\/\/www.aplikuj.pl\/dokumenty\/umowa-o-prace\/"},{"@type":"ListItem","position":3,"name":"Inne dokumenty - wzory","item":"https:\/\/www.aplikuj.pl\/dokumenty\/wzory-inne\/"},{"@type":"ListItem","position":4,"name":"Wz\u00f3r zawiadomienia o przej\u015bciu zak\u0142adu pracy na innego pracodawc\u0119"}]},{"@type":"WebSite","@id":"https:\/\/www.aplikuj.pl\/dokumenty\/#website","url":"https:\/\/www.aplikuj.pl\/dokumenty\/","name":"Aplikuj.pl","description":"Profesjonalne i darmowe wzory dokument\u00f3w HR","publisher":{"@id":"https:\/\/www.aplikuj.pl\/dokumenty\/#organization"},"potentialAction":[{"@type":"SearchAction","target":{"@type":"EntryPoint","urlTemplate":"https:\/\/www.aplikuj.pl\/dokumenty\/?s={search_term_string}"},"query-input":{"@type":"PropertyValueSpecification","valueRequired":true,"valueName":"search_term_string"}}],"inLanguage":"pl-PL"},{"@type":"Organization","@id":"https:\/\/www.aplikuj.pl\/dokumenty\/#organization","name":"Aplikuj.pl","url":"https:\/\/www.aplikuj.pl\/dokumenty\/","logo":{"@type":"ImageObject","inLanguage":"pl-PL","@id":"https:\/\/www.aplikuj.pl\/dokumenty\/#\/schema\/logo\/image\/","url":"","contentUrl":"","caption":"Aplikuj.pl"},"image":{"@id":"https:\/\/www.aplikuj.pl\/dokumenty\/#\/schema\/logo\/image\/"}}]}},"_links":{"self":[{"href":"https:\/\/www.aplikuj.pl\/dokumenty\/wp-json\/wp\/v2\/product\/4384","targetHints":{"allow":["GET"]}}],"collection":[{"href":"https:\/\/www.aplikuj.pl\/dokumenty\/wp-json\/wp\/v2\/product"}],"about":[{"href":"https:\/\/www.aplikuj.pl\/dokumenty\/wp-json\/wp\/v2\/types\/product"}],"version-history":[{"count":2,"href":"https:\/\/www.aplikuj.pl\/dokumenty\/wp-json\/wp\/v2\/product\/4384\/revisions"}],"predecessor-version":[{"id":5169,"href":"https:\/\/www.aplikuj.pl\/dokumenty\/wp-json\/wp\/v2\/product\/4384\/revisions\/5169"}],"wp:featuredmedia":[{"embeddable":true,"href":"https:\/\/www.aplikuj.pl\/dokumenty\/wp-json\/wp\/v2\/media\/4414"}],"wp:attachment":[{"href":"https:\/\/www.aplikuj.pl\/dokumenty\/wp-json\/wp\/v2\/media?parent=4384"}],"wp:term":[{"taxonomy":"product_brand","embeddable":true,"href":"https:\/\/www.aplikuj.pl\/dokumenty\/wp-json\/wp\/v2\/product_brand?post=4384"},{"taxonomy":"product_cat","embeddable":true,"href":"https:\/\/www.aplikuj.pl\/dokumenty\/wp-json\/wp\/v2\/product_cat?post=4384"},{"taxonomy":"product_tag","embeddable":true,"href":"https:\/\/www.aplikuj.pl\/dokumenty\/wp-json\/wp\/v2\/product_tag?post=4384"}],"curies":[{"name":"wp","href":"https:\/\/api.w.org\/{rel}","templated":true}]}}