{"id":4383,"date":"2020-09-14T13:59:30","date_gmt":"2020-09-14T11:59:30","guid":{"rendered":"https:\/\/www.aplikuj.pl\/dokumenty\/?post_type=product&#038;p=4383"},"modified":"2026-02-22T23:23:31","modified_gmt":"2026-02-22T22:23:31","slug":"wzor-listu-intencyjnego","status":"publish","type":"product","link":"https:\/\/www.aplikuj.pl\/dokumenty\/wzory-inne\/wzor-listu-intencyjnego\/","title":{"rendered":"Wz\u00f3r listu intencyjnego"},"content":{"rendered":"<h2>Co to jest list intencyjny?<\/h2>\n<p>Jest to dokument, w kt\u00f3rym wyra\u017ca si\u0119 zamiar\/intencj\u0119 wsp\u00f3\u0142pracy, cz\u0119sto stosowany jest w toku rekrutacji pracownika, gdy np. przebywa on na okresie wypowiedzenia umowy z innym pracodawc\u0105 i nie podpisa\u0142 jeszcze umowy o prac\u0119 w nowym miejscu zatrudnienia. List intencyjny, cho\u0107 jest popularnie stosowanym dokumentem, to nie zosta\u0142 szczeg\u00f3\u0142owo uj\u0119ty w polskim prawie. Jego forma oraz tre\u015b\u0107 zosta\u0142y wypracowane drog\u0105 praktyk rynku.<\/p>\n<p>Dla wielu pracodawc\u00f3w gotowy wz\u00f3r listu intencyjnego jest potrzebny, bo nie zawsze maj\u0105 oni \u015bwiadomo\u015b\u0107, co powinien taki dokument zawiera\u0107: chodzi przede wszystkim o wyra\u017cenie ch\u0119ci wsp\u00f3\u0142pracy, dobre intencje obu stron oraz okre\u015blenie przysz\u0142ych zobowi\u0105za\u0144. Dokument ten w istocie sporz\u0105dza si\u0119 jako danie wyrazu dobrej woli i ch\u0119ci podpisania umowy po odbyciu negocjacji. List intencyjny mo\u017cna uzna\u0107 za wst\u0119p do prowadzenia negocjacji maj\u0105cych zako\u0144czy\u0107 si\u0119 zawi\u0105zaniem d\u0142ugoterminowej wsp\u00f3\u0142pracy.<\/p>\n<h2>Wz\u00f3r listu intencyjnego<\/h2>\n<p>Przepisy prawa nie okre\u015blaj\u0105 struktury listu intencyjnego, ale pewne elementy powinny si\u0119 w nim znale\u017a\u0107. Warto w nim umie\u015bci\u0107:<\/p>\n<ul>\n<li>zobowi\u0105zanie do prowadzenia negocjacji w dobrej wierze;<\/li>\n<li>zobowi\u0105zanie do utrzymania ju\u017c uzgodnionych postanowie\u0144;<\/li>\n<li>deklaracj\u0119 dokonania odpowiedniej wp\u0142aty na poczet projektu;<\/li>\n<li>upowa\u017cnienie do rozpocz\u0119cia oznaczonych prac.<\/li>\n<\/ul>\n<p>Szablon listu intencyjnego pozwoli na umieszczenie w dokumencie stosownych zapis\u00f3w pomagaj\u0105cych w odpowiednim okre\u015bleniu zasad przysz\u0142ej wsp\u00f3\u0142pracy. Pozostaje tylko pytanie, czy jako dokument niewi\u0105\u017c\u0105cy jest on w og\u00f3le potrzebny i czy list intencyjny faktycznie nie niesie za sob\u0105 zobowi\u0105za\u0144 lub skutk\u00f3w prawnych?<\/p>\n<h2>List intencyjny konsekwencje<\/h2>\n<p>Okazuje si\u0119, \u017ce zerwanie postanowie\u0144 listu intencyjnego nie jest karalne i nie ma konsekwencji. Jednak w przypadku naruszenia konkretnych punkt\u00f3w zawartych w li\u015bcie mo\u017cna dochodzi\u0107 swoich praw w s\u0105dzie. Na przyk\u0142ad, je\u017celi jedna ze stron rozpocznie negocjacje w tej samej kwestii z konkurencj\u0105, co naruszy zobowi\u0105zanie do prowadzenia negocjacji w dobrej wierze. Dokument ten cz\u0119sto przynosi poczucie bezpiecze\u0144stwa oraz potwierdza dobre intencje stron, co w biznesie mo\u017ce by\u0107 bardzo koj\u0105ce. Tym bardziej warto skorzysta\u0107 z szablonu listu intencyjnego, aby dokument by\u0142 poprawny i przejrzysty.<\/p>\n<p>&nbsp;<\/p>\n","protected":false},"excerpt":{"rendered":"<h2>List intencyjny<\/h2>\n<p>Dokument zosta\u0142 opracowany zgodnie z normami i mo\u017ce pos\u0142u\u017cy\u0107 jako wz\u00f3r dla pracodawcy. Pismo, jako wst\u0119pna deklaracja zawarcia umowy o prac\u0119 w przysz\u0142o\u015bci, powinno zawiera\u0107 dane obu zainteresowanych stron. Wz\u00f3r listu intencyjnego nale\u017cy wi\u0119c samodzielnie edytowa\u0107, umieszczaj\u0105c w nim odpowiednie informacje dotycz\u0105ce kandydata do pracy i pracodawcy, kt\u00f3ry wyra\u017ca zamiar zatrudnienia. Wz\u00f3r jest kompatybilny z najpopularniejszymi programami biurowymi, jak MS Word oraz darmowe aplikacje (Open Office lub Libre Office).<\/p>\n","protected":false},"featured_media":4413,"template":"","meta":[],"product_brand":[],"product_cat":[30],"product_tag":[63,62,66,65,64],"class_list":{"0":"post-4383","1":"product","2":"type-product","3":"status-publish","4":"has-post-thumbnail","6":"product_cat-wzory-inne","7":"product_tag-jak-napisac-list-intencyjny","8":"product_tag-list-intencyjny","9":"product_tag-list-intencyjny-o-wspolpracy","10":"product_tag-list-intencyjny-przyklad","11":"product_tag-wzor-listu-intencyjnego","13":"first","14":"instock","15":"shipping-taxable","16":"product-type-external"},"yoast_head":"<!-- This site is optimized with the Yoast SEO plugin v27.0 - https:\/\/yoast.com\/product\/yoast-seo-wordpress\/ -->\n<title>Wz\u00f3r listu intencyjnego - Aplikuj.pl<\/title>\n<meta name=\"robots\" content=\"index, follow, max-snippet:-1, max-image-preview:large, max-video-preview:-1\" \/>\n<link rel=\"canonical\" href=\"https:\/\/www.aplikuj.pl\/dokumenty\/wzory-inne\/wzor-listu-intencyjnego\/\" \/>\n<meta property=\"og:locale\" content=\"pl_PL\" \/>\n<meta property=\"og:type\" content=\"article\" \/>\n<meta property=\"og:title\" content=\"Wz\u00f3r listu intencyjnego - Aplikuj.pl\" \/>\n<meta property=\"og:description\" content=\"List intencyjny Dokument zosta\u0142 opracowany zgodnie z normami i mo\u017ce pos\u0142u\u017cy\u0107 jako wz\u00f3r dla pracodawcy. Pismo, jako wst\u0119pna deklaracja zawarcia umowy o prac\u0119 w przysz\u0142o\u015bci, powinno zawiera\u0107 dane obu zainteresowanych stron. Wz\u00f3r listu intencyjnego nale\u017cy wi\u0119c samodzielnie edytowa\u0107, umieszczaj\u0105c w nim odpowiednie informacje dotycz\u0105ce kandydata do pracy i pracodawcy, kt\u00f3ry wyra\u017ca zamiar zatrudnienia. Wz\u00f3r jest kompatybilny z najpopularniejszymi programami biurowymi, jak MS Word oraz darmowe aplikacje (Open Office lub Libre Office).\" \/>\n<meta property=\"og:url\" content=\"https:\/\/www.aplikuj.pl\/dokumenty\/wzory-inne\/wzor-listu-intencyjnego\/\" \/>\n<meta property=\"og:site_name\" content=\"Aplikuj.pl\" \/>\n<meta property=\"article:modified_time\" content=\"2026-02-22T22:23:31+00:00\" \/>\n<meta property=\"og:image\" content=\"https:\/\/www.aplikuj.pl\/dokumenty\/wp-content\/uploads\/2020\/09\/aplikuj-wz\u00f3r-v115.jpg\" \/>\n\t<meta property=\"og:image:width\" content=\"794\" \/>\n\t<meta property=\"og:image:height\" content=\"1123\" \/>\n\t<meta property=\"og:image:type\" content=\"image\/jpeg\" \/>\n<meta name=\"twitter:card\" content=\"summary_large_image\" \/>\n<meta name=\"twitter:label1\" content=\"Szacowany czas czytania\" \/>\n\t<meta name=\"twitter:data1\" content=\"2 minuty\" \/>\n<script type=\"application\/ld+json\" class=\"yoast-schema-graph\">{\"@context\":\"https:\/\/schema.org\",\"@graph\":[{\"@type\":\"WebPage\",\"@id\":\"https:\/\/www.aplikuj.pl\/dokumenty\/wzory-inne\/wzor-listu-intencyjnego\/\",\"url\":\"https:\/\/www.aplikuj.pl\/dokumenty\/wzory-inne\/wzor-listu-intencyjnego\/\",\"name\":\"Wz\u00f3r listu intencyjnego - Aplikuj.pl\",\"isPartOf\":{\"@id\":\"https:\/\/www.aplikuj.pl\/dokumenty\/#website\"},\"primaryImageOfPage\":{\"@id\":\"https:\/\/www.aplikuj.pl\/dokumenty\/wzory-inne\/wzor-listu-intencyjnego\/#primaryimage\"},\"image\":{\"@id\":\"https:\/\/www.aplikuj.pl\/dokumenty\/wzory-inne\/wzor-listu-intencyjnego\/#primaryimage\"},\"thumbnailUrl\":\"https:\/\/www.aplikuj.pl\/dokumenty\/wp-content\/uploads\/2020\/09\/aplikuj-wz\u00f3r-v115.jpg\",\"datePublished\":\"2020-09-14T11:59:30+00:00\",\"dateModified\":\"2026-02-22T22:23:31+00:00\",\"breadcrumb\":{\"@id\":\"https:\/\/www.aplikuj.pl\/dokumenty\/wzory-inne\/wzor-listu-intencyjnego\/#breadcrumb\"},\"inLanguage\":\"pl-PL\",\"potentialAction\":[{\"@type\":\"ReadAction\",\"target\":[\"https:\/\/www.aplikuj.pl\/dokumenty\/wzory-inne\/wzor-listu-intencyjnego\/\"]}]},{\"@type\":\"ImageObject\",\"inLanguage\":\"pl-PL\",\"@id\":\"https:\/\/www.aplikuj.pl\/dokumenty\/wzory-inne\/wzor-listu-intencyjnego\/#primaryimage\",\"url\":\"https:\/\/www.aplikuj.pl\/dokumenty\/wp-content\/uploads\/2020\/09\/aplikuj-wz\u00f3r-v115.jpg\",\"contentUrl\":\"https:\/\/www.aplikuj.pl\/dokumenty\/wp-content\/uploads\/2020\/09\/aplikuj-wz\u00f3r-v115.jpg\",\"width\":794,\"height\":1123,\"caption\":\"Grafika wz\u00f3r list intencyjny\"},{\"@type\":\"BreadcrumbList\",\"@id\":\"https:\/\/www.aplikuj.pl\/dokumenty\/wzory-inne\/wzor-listu-intencyjnego\/#breadcrumb\",\"itemListElement\":[{\"@type\":\"ListItem\",\"position\":1,\"name\":\"Dokumenty HR\",\"item\":\"https:\/\/www.aplikuj.pl\/dokumenty\/\"},{\"@type\":\"ListItem\",\"position\":2,\"name\":\"umowa-o-prace\",\"item\":\"https:\/\/www.aplikuj.pl\/dokumenty\/umowa-o-prace\/\"},{\"@type\":\"ListItem\",\"position\":3,\"name\":\"Inne dokumenty - wzory\",\"item\":\"https:\/\/www.aplikuj.pl\/dokumenty\/wzory-inne\/\"},{\"@type\":\"ListItem\",\"position\":4,\"name\":\"Wz\u00f3r listu intencyjnego\"}]},{\"@type\":\"WebSite\",\"@id\":\"https:\/\/www.aplikuj.pl\/dokumenty\/#website\",\"url\":\"https:\/\/www.aplikuj.pl\/dokumenty\/\",\"name\":\"Aplikuj.pl\",\"description\":\"Profesjonalne i darmowe wzory dokument\u00f3w HR\",\"publisher\":{\"@id\":\"https:\/\/www.aplikuj.pl\/dokumenty\/#organization\"},\"potentialAction\":[{\"@type\":\"SearchAction\",\"target\":{\"@type\":\"EntryPoint\",\"urlTemplate\":\"https:\/\/www.aplikuj.pl\/dokumenty\/?s={search_term_string}\"},\"query-input\":{\"@type\":\"PropertyValueSpecification\",\"valueRequired\":true,\"valueName\":\"search_term_string\"}}],\"inLanguage\":\"pl-PL\"},{\"@type\":\"Organization\",\"@id\":\"https:\/\/www.aplikuj.pl\/dokumenty\/#organization\",\"name\":\"Aplikuj.pl\",\"url\":\"https:\/\/www.aplikuj.pl\/dokumenty\/\",\"logo\":{\"@type\":\"ImageObject\",\"inLanguage\":\"pl-PL\",\"@id\":\"https:\/\/www.aplikuj.pl\/dokumenty\/#\/schema\/logo\/image\/\",\"url\":\"\",\"contentUrl\":\"\",\"caption\":\"Aplikuj.pl\"},\"image\":{\"@id\":\"https:\/\/www.aplikuj.pl\/dokumenty\/#\/schema\/logo\/image\/\"}}]}<\/script>\n<!-- \/ Yoast SEO plugin. -->","yoast_head_json":{"title":"Wz\u00f3r listu intencyjnego - Aplikuj.pl","robots":{"index":"index","follow":"follow","max-snippet":"max-snippet:-1","max-image-preview":"max-image-preview:large","max-video-preview":"max-video-preview:-1"},"canonical":"https:\/\/www.aplikuj.pl\/dokumenty\/wzory-inne\/wzor-listu-intencyjnego\/","og_locale":"pl_PL","og_type":"article","og_title":"Wz\u00f3r listu intencyjnego - Aplikuj.pl","og_description":"List intencyjny Dokument zosta\u0142 opracowany zgodnie z normami i mo\u017ce pos\u0142u\u017cy\u0107 jako wz\u00f3r dla pracodawcy. Pismo, jako wst\u0119pna deklaracja zawarcia umowy o prac\u0119 w przysz\u0142o\u015bci, powinno zawiera\u0107 dane obu zainteresowanych stron. Wz\u00f3r listu intencyjnego nale\u017cy wi\u0119c samodzielnie edytowa\u0107, umieszczaj\u0105c w nim odpowiednie informacje dotycz\u0105ce kandydata do pracy i pracodawcy, kt\u00f3ry wyra\u017ca zamiar zatrudnienia. Wz\u00f3r jest kompatybilny z najpopularniejszymi programami biurowymi, jak MS Word oraz darmowe aplikacje (Open Office lub Libre Office).","og_url":"https:\/\/www.aplikuj.pl\/dokumenty\/wzory-inne\/wzor-listu-intencyjnego\/","og_site_name":"Aplikuj.pl","article_modified_time":"2026-02-22T22:23:31+00:00","og_image":[{"width":794,"height":1123,"url":"https:\/\/www.aplikuj.pl\/dokumenty\/wp-content\/uploads\/2020\/09\/aplikuj-wz\u00f3r-v115.jpg","type":"image\/jpeg"}],"twitter_card":"summary_large_image","twitter_misc":{"Szacowany czas czytania":"2 minuty"},"schema":{"@context":"https:\/\/schema.org","@graph":[{"@type":"WebPage","@id":"https:\/\/www.aplikuj.pl\/dokumenty\/wzory-inne\/wzor-listu-intencyjnego\/","url":"https:\/\/www.aplikuj.pl\/dokumenty\/wzory-inne\/wzor-listu-intencyjnego\/","name":"Wz\u00f3r listu intencyjnego - Aplikuj.pl","isPartOf":{"@id":"https:\/\/www.aplikuj.pl\/dokumenty\/#website"},"primaryImageOfPage":{"@id":"https:\/\/www.aplikuj.pl\/dokumenty\/wzory-inne\/wzor-listu-intencyjnego\/#primaryimage"},"image":{"@id":"https:\/\/www.aplikuj.pl\/dokumenty\/wzory-inne\/wzor-listu-intencyjnego\/#primaryimage"},"thumbnailUrl":"https:\/\/www.aplikuj.pl\/dokumenty\/wp-content\/uploads\/2020\/09\/aplikuj-wz\u00f3r-v115.jpg","datePublished":"2020-09-14T11:59:30+00:00","dateModified":"2026-02-22T22:23:31+00:00","breadcrumb":{"@id":"https:\/\/www.aplikuj.pl\/dokumenty\/wzory-inne\/wzor-listu-intencyjnego\/#breadcrumb"},"inLanguage":"pl-PL","potentialAction":[{"@type":"ReadAction","target":["https:\/\/www.aplikuj.pl\/dokumenty\/wzory-inne\/wzor-listu-intencyjnego\/"]}]},{"@type":"ImageObject","inLanguage":"pl-PL","@id":"https:\/\/www.aplikuj.pl\/dokumenty\/wzory-inne\/wzor-listu-intencyjnego\/#primaryimage","url":"https:\/\/www.aplikuj.pl\/dokumenty\/wp-content\/uploads\/2020\/09\/aplikuj-wz\u00f3r-v115.jpg","contentUrl":"https:\/\/www.aplikuj.pl\/dokumenty\/wp-content\/uploads\/2020\/09\/aplikuj-wz\u00f3r-v115.jpg","width":794,"height":1123,"caption":"Grafika wz\u00f3r list intencyjny"},{"@type":"BreadcrumbList","@id":"https:\/\/www.aplikuj.pl\/dokumenty\/wzory-inne\/wzor-listu-intencyjnego\/#breadcrumb","itemListElement":[{"@type":"ListItem","position":1,"name":"Dokumenty HR","item":"https:\/\/www.aplikuj.pl\/dokumenty\/"},{"@type":"ListItem","position":2,"name":"umowa-o-prace","item":"https:\/\/www.aplikuj.pl\/dokumenty\/umowa-o-prace\/"},{"@type":"ListItem","position":3,"name":"Inne dokumenty - wzory","item":"https:\/\/www.aplikuj.pl\/dokumenty\/wzory-inne\/"},{"@type":"ListItem","position":4,"name":"Wz\u00f3r listu intencyjnego"}]},{"@type":"WebSite","@id":"https:\/\/www.aplikuj.pl\/dokumenty\/#website","url":"https:\/\/www.aplikuj.pl\/dokumenty\/","name":"Aplikuj.pl","description":"Profesjonalne i darmowe wzory dokument\u00f3w HR","publisher":{"@id":"https:\/\/www.aplikuj.pl\/dokumenty\/#organization"},"potentialAction":[{"@type":"SearchAction","target":{"@type":"EntryPoint","urlTemplate":"https:\/\/www.aplikuj.pl\/dokumenty\/?s={search_term_string}"},"query-input":{"@type":"PropertyValueSpecification","valueRequired":true,"valueName":"search_term_string"}}],"inLanguage":"pl-PL"},{"@type":"Organization","@id":"https:\/\/www.aplikuj.pl\/dokumenty\/#organization","name":"Aplikuj.pl","url":"https:\/\/www.aplikuj.pl\/dokumenty\/","logo":{"@type":"ImageObject","inLanguage":"pl-PL","@id":"https:\/\/www.aplikuj.pl\/dokumenty\/#\/schema\/logo\/image\/","url":"","contentUrl":"","caption":"Aplikuj.pl"},"image":{"@id":"https:\/\/www.aplikuj.pl\/dokumenty\/#\/schema\/logo\/image\/"}}]}},"_links":{"self":[{"href":"https:\/\/www.aplikuj.pl\/dokumenty\/wp-json\/wp\/v2\/product\/4383","targetHints":{"allow":["GET"]}}],"collection":[{"href":"https:\/\/www.aplikuj.pl\/dokumenty\/wp-json\/wp\/v2\/product"}],"about":[{"href":"https:\/\/www.aplikuj.pl\/dokumenty\/wp-json\/wp\/v2\/types\/product"}],"version-history":[{"count":2,"href":"https:\/\/www.aplikuj.pl\/dokumenty\/wp-json\/wp\/v2\/product\/4383\/revisions"}],"predecessor-version":[{"id":5168,"href":"https:\/\/www.aplikuj.pl\/dokumenty\/wp-json\/wp\/v2\/product\/4383\/revisions\/5168"}],"wp:featuredmedia":[{"embeddable":true,"href":"https:\/\/www.aplikuj.pl\/dokumenty\/wp-json\/wp\/v2\/media\/4413"}],"wp:attachment":[{"href":"https:\/\/www.aplikuj.pl\/dokumenty\/wp-json\/wp\/v2\/media?parent=4383"}],"wp:term":[{"taxonomy":"product_brand","embeddable":true,"href":"https:\/\/www.aplikuj.pl\/dokumenty\/wp-json\/wp\/v2\/product_brand?post=4383"},{"taxonomy":"product_cat","embeddable":true,"href":"https:\/\/www.aplikuj.pl\/dokumenty\/wp-json\/wp\/v2\/product_cat?post=4383"},{"taxonomy":"product_tag","embeddable":true,"href":"https:\/\/www.aplikuj.pl\/dokumenty\/wp-json\/wp\/v2\/product_tag?post=4383"}],"curies":[{"name":"wp","href":"https:\/\/api.w.org\/{rel}","templated":true}]}}