{"id":4382,"date":"2020-09-14T13:56:45","date_gmt":"2020-09-14T11:56:45","guid":{"rendered":"https:\/\/www.aplikuj.pl\/dokumenty\/?post_type=product&#038;p=4382"},"modified":"2026-02-22T23:23:31","modified_gmt":"2026-02-22T22:23:31","slug":"wzor-umowy-o-dzielo","status":"publish","type":"product","link":"https:\/\/www.aplikuj.pl\/dokumenty\/wzory-cywilnoprawne\/wzor-umowy-o-dzielo\/","title":{"rendered":"Wz\u00f3r umowy o dzie\u0142o"},"content":{"rendered":"<h2><span class=\"current\">Wz\u00f3r umowy o dzie\u0142o<\/span><\/h2>\n<p class=\"Standard\">Umowa o dzie\u0142o zalicza si\u0119 do najpopularniejszych um\u00f3w cywilnoprawnych w naszym kraju. Ta forma zatrudnienia ma wiele zalet zar\u00f3wno dla wykonawcy, jak i zleceniodawcy. W przeciwie\u0144stwie do umowy zlecenie w tym przypadku pracownik przyjmuje zlecenie nie na czynno\u015b\u0107, ale na konkretne dzie\u0142o, czyli efekty swojej pracy. Zleceniobiorca ma pe\u0142n\u0105 dowolno\u015b\u0107 sposobu wykonania dzie\u0142a oraz miejsca jego wykonania. Jedynie musi dostarczy\u0107 efekt swojej pracy zleceniodawcy. Nale\u017cy jednak pami\u0119ta\u0107, \u017ce osoba wykonuj\u0105ca dzie\u0142o ponosi odpowiedzialno\u015b\u0107 za swoj\u0105 prac\u0119 i musi w ramach umowy zadba\u0107 o jako\u015b\u0107 oraz popraw\u0119 ewentualnych wad.<\/p>\n<p>Jedn\u0105 z najwi\u0119kszych zalet umowy o dzie\u0142o s\u0105 najni\u017csze koszta zatrudnienia. Wykonawca b\u0119d\u0105cy podmiotem takiej umowy nie podlega sk\u0142adkom na ubezpieczenia spo\u0142eczne. Jedynie zostaje na ni\u0105 na\u0142o\u017cony podatek dochodowy. Warto odnotowa\u0107, \u017ce standardowo umowa o dzie\u0142o wi\u0105\u017ce si\u0119 z kosztami uzyskania przychodu w wysoko\u015bci 20%. W przypadku, gdy przedmiotem jest dzie\u0142o obj\u0119te prawami autorskimi, koszty uzyskania przychodu wynosz\u0105 50%.<\/p>\n<h2>Kiedy wykorzysta\u0107 wz\u00f3r umowy o dzie\u0142o?<\/h2>\n<p>Umowy cywilnoprawne stosuje si\u0119 wi\u0119c w przypadku, gdy zlecone zaj\u0119cie nie ma charakteru ci\u0105g\u0142ego, nie musi by\u0107 wykonywane w okre\u015blonym miejscu i czasie, a zleceniodawcy zale\u017cy przede wszystkim na okre\u015blonym efekcie podj\u0119tej pracy. Przedmiotem umowy o dzie\u0142o s\u0105 zwykle twory materialne, jak wykonane czy przetworzone przedmioty, oraz niematerialne w postaci przyk\u0142adowo wykonania cyfrowych projekt\u00f3w. Najwa\u017cniejsze, aby dzie\u0142o by\u0142o mo\u017cliwe do weryfikacji po jego uko\u0144czeniu.<\/p>\n<p>Nale\u017cy pami\u0119ta\u0107, aby na umowie o dzie\u0142o zawrze\u0107 nie tylko informacje o zleceniodawcy i wykonawcy, ale tak\u017ce dok\u0142adnie okre\u015blony termin wykonania dzie\u0142a oraz wszystkie jego szczeg\u00f3\u0142y. Nasz wz\u00f3r umowy o dzie\u0142o pomo\u017ce w odpowiednim przygotowaniu dokumentu. Co wa\u017cne, umowy o dzie\u0142o nie mo\u017cna wypowiedzie\u0107, ale mo\u017cna od niej odst\u0105pi\u0107 w konkretnych sytuacjach. Wykonawca dzie\u0142a mo\u017ce odst\u0105pi\u0107 od umowy jedynie w sytuacji, gdy stworzenie dzie\u0142a wymaga wsp\u00f3\u0142dzia\u0142ania zleceniodawcy, ale ten odmawia wsp\u00f3\u0142pracy. Wi\u0119ksze mo\u017cliwo\u015bci odst\u0105pienia od umowy ma zleceniodawca.<\/p>\n<h2>Umowa o dzie\u0142o odst\u0105pienie<\/h2>\n<p class=\"Standard\">Cho\u0107 umowy o dzie\u0142o nie mo\u017cna wypowiedzie\u0107, w przypadku k\u0142opot\u00f3w z realizacj\u0105 mo\u017cna zako\u0144czy\u0107 wsp\u00f3\u0142prac\u0119 w inny spos\u00f3b. <b>Zleceniodawca mo\u017ce odst\u0105pi\u0107 od umowy o dzie\u0142o gdy:<\/b><\/p>\n<ul>\n<li class=\"Standard\">efekt pracy ma wady niemo\u017cliwe do usuni\u0119cia;<\/li>\n<li class=\"Standard\">wykonawca op\u00f3\u017ania rozpocz\u0119cie lub zako\u0144czenie prac w taki spos\u00f3b, \u017ce dzie\u0142o nie b\u0119dzie gotowe na wyznaczony termin;<\/li>\n<li class=\"Standard\">wykonawca tworzy dzie\u0142o w spos\u00f3b sprzeczny z umow\u0105 i nie reaguje na wezwania do zmiany sposobu wykonania;<\/li>\n<li class=\"Standard\">wykonawca nie uko\u0144czy\u0142 dzie\u0142a w terminie.<\/li>\n<\/ul>\n<p class=\"Standard\">W przypadku odst\u0105pienia od umowy przez zleceniodawc\u0119 wykonawcy nale\u017cy si\u0119 wynagrodzenie. Je\u017celi powodem by\u0142o wadliwe dzie\u0142o, to wynagrodzenie mo\u017ce zosta\u0107 obni\u017cone o koszty, jakie poniesie zleceniodawca, zlecaj\u0105c napraw\u0119 lub doko\u0144czenie innemu wykonawcy. W przypadku braku winy wykonawcy wynagrodzenie mo\u017ce zosta\u0107 obni\u017cone o kwot\u0119, jak\u0105 wykonawca zaoszcz\u0119dzi\u0142 poprzez niewykonanie dzie\u0142a.<\/p>\n","protected":false},"excerpt":{"rendered":"<p class=\"Standard\">Dost\u0119pny poni\u017cej wz\u00f3r umowy o dzie\u0142o mo\u017ce pos\u0142u\u017cy\u0107 zar\u00f3wno zleceniodawcom, jak i wykonawcom dzie\u0142a, kt\u00f3rego dotyczy umowa mi\u0119dzy stronami. Szablon umowy o dzie\u0142o zosta\u0142 przygotowany wed\u0142ug obowi\u0105zuj\u0105cego prawa, w funkcjonalnym i nowoczesnym szablonie graficznym.<\/p>\n<p class=\"Standard\">Wz\u00f3r umowy o dzie\u0142o wymaga samodzielnej edycji. Dokument jest kompatybilny ze wszystkimi popularnymi programami biurowymi, mo\u017ce by\u0107 uzupe\u0142niany w MS Word oraz darmowymi aplikacjami do edycji tekstu (Open Office lub Libre Office). Zmiana danych w dokumencie jest \u0142atwa i intuicyjna i nie powinna sprawia\u0107 problem\u00f3w.<\/p>\n","protected":false},"featured_media":4412,"template":"","meta":[],"product_brand":[],"product_cat":[29],"product_tag":[45,42,46,67,44,43],"class_list":{"0":"post-4382","1":"product","2":"type-product","3":"status-publish","4":"has-post-thumbnail","6":"product_cat-wzory-cywilnoprawne","7":"product_tag-szablon-umowy-o-dzielo","8":"product_tag-umowa-o-dzielo","9":"product_tag-umowa-o-dzielo-a-umowa-zlecenie","10":"product_tag-umowa-o-dzielo-przyklad","11":"product_tag-umowy-cywilnoprawne","12":"product_tag-wzor-umowy-o-dzielo","14":"first","15":"instock","16":"shipping-taxable","17":"product-type-external"},"yoast_head":"<!-- This site is optimized with the Yoast SEO plugin v27.0 - https:\/\/yoast.com\/product\/yoast-seo-wordpress\/ -->\n<title>Wz\u00f3r umowy o dzie\u0142o - Aplikuj.pl<\/title>\n<meta name=\"robots\" content=\"index, follow, max-snippet:-1, max-image-preview:large, max-video-preview:-1\" \/>\n<link rel=\"canonical\" href=\"https:\/\/www.aplikuj.pl\/dokumenty\/wzory-cywilnoprawne\/wzor-umowy-o-dzielo\/\" \/>\n<meta property=\"og:locale\" content=\"pl_PL\" \/>\n<meta property=\"og:type\" content=\"article\" \/>\n<meta property=\"og:title\" content=\"Wz\u00f3r umowy o dzie\u0142o - Aplikuj.pl\" \/>\n<meta property=\"og:description\" content=\"Dost\u0119pny poni\u017cej wz\u00f3r umowy o dzie\u0142o mo\u017ce pos\u0142u\u017cy\u0107 zar\u00f3wno zleceniodawcom, jak i wykonawcom dzie\u0142a, kt\u00f3rego dotyczy umowa mi\u0119dzy stronami. Szablon umowy o dzie\u0142o zosta\u0142 przygotowany wed\u0142ug obowi\u0105zuj\u0105cego prawa, w funkcjonalnym i nowoczesnym szablonie graficznym. Wz\u00f3r umowy o dzie\u0142o wymaga samodzielnej edycji. Dokument jest kompatybilny ze wszystkimi popularnymi programami biurowymi, mo\u017ce by\u0107 uzupe\u0142niany w MS Word oraz darmowymi aplikacjami do edycji tekstu (Open Office lub Libre Office). Zmiana danych w dokumencie jest \u0142atwa i intuicyjna i nie powinna sprawia\u0107 problem\u00f3w.\" \/>\n<meta property=\"og:url\" content=\"https:\/\/www.aplikuj.pl\/dokumenty\/wzory-cywilnoprawne\/wzor-umowy-o-dzielo\/\" \/>\n<meta property=\"og:site_name\" content=\"Aplikuj.pl\" \/>\n<meta property=\"article:modified_time\" content=\"2026-02-22T22:23:31+00:00\" \/>\n<meta property=\"og:image\" content=\"https:\/\/www.aplikuj.pl\/dokumenty\/wp-content\/uploads\/2020\/09\/aplikuj-wz\u00f3r-v114.jpg\" \/>\n\t<meta property=\"og:image:width\" content=\"794\" \/>\n\t<meta property=\"og:image:height\" content=\"1123\" \/>\n\t<meta property=\"og:image:type\" content=\"image\/jpeg\" \/>\n<meta name=\"twitter:card\" content=\"summary_large_image\" \/>\n<meta name=\"twitter:label1\" content=\"Szacowany czas czytania\" \/>\n\t<meta name=\"twitter:data1\" content=\"3 minuty\" \/>\n<script type=\"application\/ld+json\" class=\"yoast-schema-graph\">{\"@context\":\"https:\/\/schema.org\",\"@graph\":[{\"@type\":\"WebPage\",\"@id\":\"https:\/\/www.aplikuj.pl\/dokumenty\/wzory-cywilnoprawne\/wzor-umowy-o-dzielo\/\",\"url\":\"https:\/\/www.aplikuj.pl\/dokumenty\/wzory-cywilnoprawne\/wzor-umowy-o-dzielo\/\",\"name\":\"Wz\u00f3r umowy o dzie\u0142o - Aplikuj.pl\",\"isPartOf\":{\"@id\":\"https:\/\/www.aplikuj.pl\/dokumenty\/#website\"},\"primaryImageOfPage\":{\"@id\":\"https:\/\/www.aplikuj.pl\/dokumenty\/wzory-cywilnoprawne\/wzor-umowy-o-dzielo\/#primaryimage\"},\"image\":{\"@id\":\"https:\/\/www.aplikuj.pl\/dokumenty\/wzory-cywilnoprawne\/wzor-umowy-o-dzielo\/#primaryimage\"},\"thumbnailUrl\":\"https:\/\/www.aplikuj.pl\/dokumenty\/wp-content\/uploads\/2020\/09\/aplikuj-wz\u00f3r-v114.jpg\",\"datePublished\":\"2020-09-14T11:56:45+00:00\",\"dateModified\":\"2026-02-22T22:23:31+00:00\",\"breadcrumb\":{\"@id\":\"https:\/\/www.aplikuj.pl\/dokumenty\/wzory-cywilnoprawne\/wzor-umowy-o-dzielo\/#breadcrumb\"},\"inLanguage\":\"pl-PL\",\"potentialAction\":[{\"@type\":\"ReadAction\",\"target\":[\"https:\/\/www.aplikuj.pl\/dokumenty\/wzory-cywilnoprawne\/wzor-umowy-o-dzielo\/\"]}]},{\"@type\":\"ImageObject\",\"inLanguage\":\"pl-PL\",\"@id\":\"https:\/\/www.aplikuj.pl\/dokumenty\/wzory-cywilnoprawne\/wzor-umowy-o-dzielo\/#primaryimage\",\"url\":\"https:\/\/www.aplikuj.pl\/dokumenty\/wp-content\/uploads\/2020\/09\/aplikuj-wz\u00f3r-v114.jpg\",\"contentUrl\":\"https:\/\/www.aplikuj.pl\/dokumenty\/wp-content\/uploads\/2020\/09\/aplikuj-wz\u00f3r-v114.jpg\",\"width\":794,\"height\":1123,\"caption\":\"Grafika wz\u00f3r umowy o dzie\u0142o\"},{\"@type\":\"BreadcrumbList\",\"@id\":\"https:\/\/www.aplikuj.pl\/dokumenty\/wzory-cywilnoprawne\/wzor-umowy-o-dzielo\/#breadcrumb\",\"itemListElement\":[{\"@type\":\"ListItem\",\"position\":1,\"name\":\"Dokumenty HR\",\"item\":\"https:\/\/www.aplikuj.pl\/dokumenty\/\"},{\"@type\":\"ListItem\",\"position\":2,\"name\":\"umowa-o-prace\",\"item\":\"https:\/\/www.aplikuj.pl\/dokumenty\/umowa-o-prace\/\"},{\"@type\":\"ListItem\",\"position\":3,\"name\":\"Wzory um\u00f3w cywilnoprawnych\",\"item\":\"https:\/\/www.aplikuj.pl\/dokumenty\/wzory-cywilnoprawne\/\"},{\"@type\":\"ListItem\",\"position\":4,\"name\":\"Wz\u00f3r umowy o dzie\u0142o\"}]},{\"@type\":\"WebSite\",\"@id\":\"https:\/\/www.aplikuj.pl\/dokumenty\/#website\",\"url\":\"https:\/\/www.aplikuj.pl\/dokumenty\/\",\"name\":\"Aplikuj.pl\",\"description\":\"Profesjonalne i darmowe wzory dokument\u00f3w HR\",\"publisher\":{\"@id\":\"https:\/\/www.aplikuj.pl\/dokumenty\/#organization\"},\"potentialAction\":[{\"@type\":\"SearchAction\",\"target\":{\"@type\":\"EntryPoint\",\"urlTemplate\":\"https:\/\/www.aplikuj.pl\/dokumenty\/?s={search_term_string}\"},\"query-input\":{\"@type\":\"PropertyValueSpecification\",\"valueRequired\":true,\"valueName\":\"search_term_string\"}}],\"inLanguage\":\"pl-PL\"},{\"@type\":\"Organization\",\"@id\":\"https:\/\/www.aplikuj.pl\/dokumenty\/#organization\",\"name\":\"Aplikuj.pl\",\"url\":\"https:\/\/www.aplikuj.pl\/dokumenty\/\",\"logo\":{\"@type\":\"ImageObject\",\"inLanguage\":\"pl-PL\",\"@id\":\"https:\/\/www.aplikuj.pl\/dokumenty\/#\/schema\/logo\/image\/\",\"url\":\"\",\"contentUrl\":\"\",\"caption\":\"Aplikuj.pl\"},\"image\":{\"@id\":\"https:\/\/www.aplikuj.pl\/dokumenty\/#\/schema\/logo\/image\/\"}}]}<\/script>\n<!-- \/ Yoast SEO plugin. -->","yoast_head_json":{"title":"Wz\u00f3r umowy o dzie\u0142o - Aplikuj.pl","robots":{"index":"index","follow":"follow","max-snippet":"max-snippet:-1","max-image-preview":"max-image-preview:large","max-video-preview":"max-video-preview:-1"},"canonical":"https:\/\/www.aplikuj.pl\/dokumenty\/wzory-cywilnoprawne\/wzor-umowy-o-dzielo\/","og_locale":"pl_PL","og_type":"article","og_title":"Wz\u00f3r umowy o dzie\u0142o - Aplikuj.pl","og_description":"Dost\u0119pny poni\u017cej wz\u00f3r umowy o dzie\u0142o mo\u017ce pos\u0142u\u017cy\u0107 zar\u00f3wno zleceniodawcom, jak i wykonawcom dzie\u0142a, kt\u00f3rego dotyczy umowa mi\u0119dzy stronami. Szablon umowy o dzie\u0142o zosta\u0142 przygotowany wed\u0142ug obowi\u0105zuj\u0105cego prawa, w funkcjonalnym i nowoczesnym szablonie graficznym. Wz\u00f3r umowy o dzie\u0142o wymaga samodzielnej edycji. Dokument jest kompatybilny ze wszystkimi popularnymi programami biurowymi, mo\u017ce by\u0107 uzupe\u0142niany w MS Word oraz darmowymi aplikacjami do edycji tekstu (Open Office lub Libre Office). Zmiana danych w dokumencie jest \u0142atwa i intuicyjna i nie powinna sprawia\u0107 problem\u00f3w.","og_url":"https:\/\/www.aplikuj.pl\/dokumenty\/wzory-cywilnoprawne\/wzor-umowy-o-dzielo\/","og_site_name":"Aplikuj.pl","article_modified_time":"2026-02-22T22:23:31+00:00","og_image":[{"width":794,"height":1123,"url":"https:\/\/www.aplikuj.pl\/dokumenty\/wp-content\/uploads\/2020\/09\/aplikuj-wz\u00f3r-v114.jpg","type":"image\/jpeg"}],"twitter_card":"summary_large_image","twitter_misc":{"Szacowany czas czytania":"3 minuty"},"schema":{"@context":"https:\/\/schema.org","@graph":[{"@type":"WebPage","@id":"https:\/\/www.aplikuj.pl\/dokumenty\/wzory-cywilnoprawne\/wzor-umowy-o-dzielo\/","url":"https:\/\/www.aplikuj.pl\/dokumenty\/wzory-cywilnoprawne\/wzor-umowy-o-dzielo\/","name":"Wz\u00f3r umowy o dzie\u0142o - Aplikuj.pl","isPartOf":{"@id":"https:\/\/www.aplikuj.pl\/dokumenty\/#website"},"primaryImageOfPage":{"@id":"https:\/\/www.aplikuj.pl\/dokumenty\/wzory-cywilnoprawne\/wzor-umowy-o-dzielo\/#primaryimage"},"image":{"@id":"https:\/\/www.aplikuj.pl\/dokumenty\/wzory-cywilnoprawne\/wzor-umowy-o-dzielo\/#primaryimage"},"thumbnailUrl":"https:\/\/www.aplikuj.pl\/dokumenty\/wp-content\/uploads\/2020\/09\/aplikuj-wz\u00f3r-v114.jpg","datePublished":"2020-09-14T11:56:45+00:00","dateModified":"2026-02-22T22:23:31+00:00","breadcrumb":{"@id":"https:\/\/www.aplikuj.pl\/dokumenty\/wzory-cywilnoprawne\/wzor-umowy-o-dzielo\/#breadcrumb"},"inLanguage":"pl-PL","potentialAction":[{"@type":"ReadAction","target":["https:\/\/www.aplikuj.pl\/dokumenty\/wzory-cywilnoprawne\/wzor-umowy-o-dzielo\/"]}]},{"@type":"ImageObject","inLanguage":"pl-PL","@id":"https:\/\/www.aplikuj.pl\/dokumenty\/wzory-cywilnoprawne\/wzor-umowy-o-dzielo\/#primaryimage","url":"https:\/\/www.aplikuj.pl\/dokumenty\/wp-content\/uploads\/2020\/09\/aplikuj-wz\u00f3r-v114.jpg","contentUrl":"https:\/\/www.aplikuj.pl\/dokumenty\/wp-content\/uploads\/2020\/09\/aplikuj-wz\u00f3r-v114.jpg","width":794,"height":1123,"caption":"Grafika wz\u00f3r umowy o dzie\u0142o"},{"@type":"BreadcrumbList","@id":"https:\/\/www.aplikuj.pl\/dokumenty\/wzory-cywilnoprawne\/wzor-umowy-o-dzielo\/#breadcrumb","itemListElement":[{"@type":"ListItem","position":1,"name":"Dokumenty HR","item":"https:\/\/www.aplikuj.pl\/dokumenty\/"},{"@type":"ListItem","position":2,"name":"umowa-o-prace","item":"https:\/\/www.aplikuj.pl\/dokumenty\/umowa-o-prace\/"},{"@type":"ListItem","position":3,"name":"Wzory um\u00f3w cywilnoprawnych","item":"https:\/\/www.aplikuj.pl\/dokumenty\/wzory-cywilnoprawne\/"},{"@type":"ListItem","position":4,"name":"Wz\u00f3r umowy o dzie\u0142o"}]},{"@type":"WebSite","@id":"https:\/\/www.aplikuj.pl\/dokumenty\/#website","url":"https:\/\/www.aplikuj.pl\/dokumenty\/","name":"Aplikuj.pl","description":"Profesjonalne i darmowe wzory dokument\u00f3w HR","publisher":{"@id":"https:\/\/www.aplikuj.pl\/dokumenty\/#organization"},"potentialAction":[{"@type":"SearchAction","target":{"@type":"EntryPoint","urlTemplate":"https:\/\/www.aplikuj.pl\/dokumenty\/?s={search_term_string}"},"query-input":{"@type":"PropertyValueSpecification","valueRequired":true,"valueName":"search_term_string"}}],"inLanguage":"pl-PL"},{"@type":"Organization","@id":"https:\/\/www.aplikuj.pl\/dokumenty\/#organization","name":"Aplikuj.pl","url":"https:\/\/www.aplikuj.pl\/dokumenty\/","logo":{"@type":"ImageObject","inLanguage":"pl-PL","@id":"https:\/\/www.aplikuj.pl\/dokumenty\/#\/schema\/logo\/image\/","url":"","contentUrl":"","caption":"Aplikuj.pl"},"image":{"@id":"https:\/\/www.aplikuj.pl\/dokumenty\/#\/schema\/logo\/image\/"}}]}},"_links":{"self":[{"href":"https:\/\/www.aplikuj.pl\/dokumenty\/wp-json\/wp\/v2\/product\/4382","targetHints":{"allow":["GET"]}}],"collection":[{"href":"https:\/\/www.aplikuj.pl\/dokumenty\/wp-json\/wp\/v2\/product"}],"about":[{"href":"https:\/\/www.aplikuj.pl\/dokumenty\/wp-json\/wp\/v2\/types\/product"}],"version-history":[{"count":2,"href":"https:\/\/www.aplikuj.pl\/dokumenty\/wp-json\/wp\/v2\/product\/4382\/revisions"}],"predecessor-version":[{"id":5167,"href":"https:\/\/www.aplikuj.pl\/dokumenty\/wp-json\/wp\/v2\/product\/4382\/revisions\/5167"}],"wp:featuredmedia":[{"embeddable":true,"href":"https:\/\/www.aplikuj.pl\/dokumenty\/wp-json\/wp\/v2\/media\/4412"}],"wp:attachment":[{"href":"https:\/\/www.aplikuj.pl\/dokumenty\/wp-json\/wp\/v2\/media?parent=4382"}],"wp:term":[{"taxonomy":"product_brand","embeddable":true,"href":"https:\/\/www.aplikuj.pl\/dokumenty\/wp-json\/wp\/v2\/product_brand?post=4382"},{"taxonomy":"product_cat","embeddable":true,"href":"https:\/\/www.aplikuj.pl\/dokumenty\/wp-json\/wp\/v2\/product_cat?post=4382"},{"taxonomy":"product_tag","embeddable":true,"href":"https:\/\/www.aplikuj.pl\/dokumenty\/wp-json\/wp\/v2\/product_tag?post=4382"}],"curies":[{"name":"wp","href":"https:\/\/api.w.org\/{rel}","templated":true}]}}