{"id":4381,"date":"2020-09-14T13:54:01","date_gmt":"2020-09-14T11:54:01","guid":{"rendered":"https:\/\/www.aplikuj.pl\/dokumenty\/?post_type=product&#038;p=4381"},"modified":"2026-02-22T23:23:31","modified_gmt":"2026-02-22T22:23:31","slug":"wzor-umowy-zlecenie","status":"publish","type":"product","link":"https:\/\/www.aplikuj.pl\/dokumenty\/wzory-cywilnoprawne\/wzor-umowy-zlecenie\/","title":{"rendered":"Wz\u00f3r umowy zlecenie"},"content":{"rendered":"<h2><span class=\"current\">Wz\u00f3r umowy zlecenie<\/span><\/h2>\n<p>Umowa zlecenie sta\u0142a si\u0119 na przestrzeni ostatnich lat bardzo popularnym sposobem zatrudnienia, wr\u0119cz nadu\u017cywanym przez pracodawc\u00f3w ze wzgl\u0119du na charakter cywilnoprawny, kt\u00f3ry nie zobowi\u0105zuje zleceniodawcy do przestrzegania wszystkich praw zwi\u0105zanych ze stosunkiem pracy. Zlecenie jest szczeg\u00f3lnie korzystn\u0105 form\u0105 podj\u0119cia zatrudnienia w przypadku prac sezonowych oraz zlece\u0144 terminowych, dlatego cz\u0119sto wz\u00f3r o umow\u0119 zlecenie jest poszukiwany przez przedsi\u0119biorc\u00f3w dzia\u0142aj\u0105cych np. w bran\u017cy budowlanej. Pracownik zatrudniony na umowie zlecenie jest zobowi\u0105zany do starannego wykonania zleconego dzia\u0142ania, ale w przypadku konieczno\u015bci rozwi\u0105zania umowy jest to \u0142atwiejsze i z szybszym skutkiem, ni\u017c w przypadku umowy o prac\u0119.<\/p>\n<p>Przygotowuj\u0105c umow\u0119 zlecenie, nale\u017cy si\u0119 wystrzega\u0107 umieszczania w niej pewnych element\u00f3w, kt\u00f3re mog\u0142yby by\u0107 podstaw\u0105 uznania dokumentu za umow\u0119 o prac\u0119. Mi\u0119dzy innymi osoba zatrudniona na umow\u0119 zlecenie nie ma konieczno\u015bci podporz\u0105dkowania si\u0119 poleceniom pracodawcy lub innych zatrudnionych os\u00f3b, a jedynie ma wykona\u0107 zlecone na mocy umowy zadanie. Taki pracownik nie powinien mie\u0107 konkretnego miejsca zaszeregowania w zak\u0142adzie, ani okre\u015blonych ram czasowych dotycz\u0105cych wykonywania pracy. Zleceniobiorca mo\u017ce zawiera\u0107 wiele um\u00f3w zlecenie oraz \u0142\u0105czy\u0107 je z prac\u0105 na etacie czy prowadzeniem w\u0142asnej dzia\u0142alno\u015bci gospodarczej.<\/p>\n<h2>Kiedy podpisa\u0107 umow\u0119 zlecenie?<\/h2>\n<p class=\"Standard\">Za pomoc\u0105 umowy zlecenie pracodawcy bardzo cz\u0119sto uzupe\u0142niaj\u0105 luki w swoich zespo\u0142ach oraz zwi\u0119kszaj\u0105 si\u0142\u0119 robocz\u0105 potrzebn\u0105 do wykonania jednorazowych zlece\u0144. Umow\u0119 zlecenie nale\u017cy sporz\u0105dzi\u0107 bardzo szczeg\u00f3\u0142owo, okre\u015blaj\u0105c dok\u0142adnie przedmiot zlecenia. W dokumencie powinny si\u0119 znale\u017a\u0107 wymienione strony umowy, data rozpocz\u0119cia oraz wyga\u015bni\u0119cia, jak i wynagrodzenie za zlecenie b\u0119d\u0105ce podmiotem umowy. Wszystkie elementy zosta\u0142y odpowiednio wyszczeg\u00f3lnione w naszym wzorze umowy zlecenie. Powinno si\u0119 przygotowa\u0107 dwie umowy zlecenie, aby ka\u017cda ze stron otrzyma\u0142a oryginalny podpisany przez strony dokument.<\/p>\n<p class=\"Standard\">Umowa zlecenie ma wiele zalet oraz wad zar\u00f3wno dla zleceniobiorc\u00f3w, jak i zleceniodawc\u00f3w. Taka forma umowy cechuje si\u0119 mi\u0119dzy innymi swobod\u0105 zawierania i rozwi\u0105zywania, a co za tym idzie, nie niesie za sob\u0105 okresu wypowiedzenia, chyba \u017ce ten zosta\u0142 zawarty w umowie. Zleceniobiorca mo\u017ce w ka\u017cdej chwili zrezygnowa\u0107 ze \u015bwiadczenia pracy, co w pewnych sytuacjach mo\u017ce si\u0119 okaza\u0107 bardzo korzystne, z drugiej strony zleceniodawca mo\u017ce w ka\u017cdej chwili zrezygnowa\u0107 z us\u0142ug pracownika zatrudnionego na umow\u0119 zlecenie. W przypadku student\u00f3w do 26 roku \u017cycia umowa zlecenie jest zwolniona ze sk\u0142adek ZUS, co obni\u017ca koszty pracodawcy oraz zwi\u0119ksza doch\u00f3d zatrudnionego. Niestety osoba \u015bwiadcz\u0105ca prac\u0119 na mocy umowy zlecenia nie jest obj\u0119ta \u015bwiadczeniami takimi jak cho\u0107by p\u0142atny urlop.<\/p>\n","protected":false},"excerpt":{"rendered":"<p>Gotowy szablon umowy zlecenie mo\u017cesz przekszta\u0142ci\u0107 wedle potrzeby, pobieraj\u0105c go w pliku .doc i uzupe\u0142niaj\u0105c go swoimi danymi. Wz\u00f3r umowy zlecenie wymaga samodzielnej edycji za pomoc\u0105 jednego z popularnych program\u00f3w do pracy z tekstem. Dokument cechuje kompatybilno\u015b\u0107 z programe MS Word oraz z darmowymi pakietami biurowymi (Open Office lub Libre Office). Edycja naszego wzoru umowy zlecenie jest bardzo prosta i intuicyjna.<\/p>\n","protected":false},"featured_media":4411,"template":"","meta":[],"product_brand":[],"product_cat":[29],"product_tag":[69,70,68,71,72],"class_list":{"0":"post-4381","1":"product","2":"type-product","3":"status-publish","4":"has-post-thumbnail","6":"product_cat-wzory-cywilnoprawne","7":"product_tag-tresc-umowy-zlecenie","8":"product_tag-umowa-zlecenie-przyklad","9":"product_tag-umowa-zlecenie-wzor","10":"product_tag-wzor-umowy-zlecenie","11":"product_tag-zlecenie-a-dzielo","13":"first","14":"instock","15":"shipping-taxable","16":"product-type-external"},"yoast_head":"<!-- This site is optimized with the Yoast SEO plugin v27.0 - https:\/\/yoast.com\/product\/yoast-seo-wordpress\/ -->\n<title>Wz\u00f3r umowy zlecenie - Aplikuj.pl<\/title>\n<meta name=\"robots\" content=\"index, follow, max-snippet:-1, max-image-preview:large, max-video-preview:-1\" \/>\n<link rel=\"canonical\" href=\"https:\/\/www.aplikuj.pl\/dokumenty\/wzory-cywilnoprawne\/wzor-umowy-zlecenie\/\" \/>\n<meta property=\"og:locale\" content=\"pl_PL\" \/>\n<meta property=\"og:type\" content=\"article\" \/>\n<meta property=\"og:title\" content=\"Wz\u00f3r umowy zlecenie - Aplikuj.pl\" \/>\n<meta property=\"og:description\" content=\"Gotowy szablon umowy zlecenie mo\u017cesz przekszta\u0142ci\u0107 wedle potrzeby, pobieraj\u0105c go w pliku .doc i uzupe\u0142niaj\u0105c go swoimi danymi. Wz\u00f3r umowy zlecenie wymaga samodzielnej edycji za pomoc\u0105 jednego z popularnych program\u00f3w do pracy z tekstem. Dokument cechuje kompatybilno\u015b\u0107 z programe MS Word oraz z darmowymi pakietami biurowymi (Open Office lub Libre Office). Edycja naszego wzoru umowy zlecenie jest bardzo prosta i intuicyjna.\" \/>\n<meta property=\"og:url\" content=\"https:\/\/www.aplikuj.pl\/dokumenty\/wzory-cywilnoprawne\/wzor-umowy-zlecenie\/\" \/>\n<meta property=\"og:site_name\" content=\"Aplikuj.pl\" \/>\n<meta property=\"article:modified_time\" content=\"2026-02-22T22:23:31+00:00\" \/>\n<meta property=\"og:image\" content=\"https:\/\/www.aplikuj.pl\/dokumenty\/wp-content\/uploads\/2020\/09\/aplikuj-wz\u00f3r-v113.jpg\" \/>\n\t<meta property=\"og:image:width\" content=\"794\" \/>\n\t<meta property=\"og:image:height\" content=\"1123\" \/>\n\t<meta property=\"og:image:type\" content=\"image\/jpeg\" \/>\n<meta name=\"twitter:card\" content=\"summary_large_image\" \/>\n<meta name=\"twitter:label1\" content=\"Szacowany czas czytania\" \/>\n\t<meta name=\"twitter:data1\" content=\"2 minuty\" \/>\n<script type=\"application\/ld+json\" class=\"yoast-schema-graph\">{\"@context\":\"https:\/\/schema.org\",\"@graph\":[{\"@type\":\"WebPage\",\"@id\":\"https:\/\/www.aplikuj.pl\/dokumenty\/wzory-cywilnoprawne\/wzor-umowy-zlecenie\/\",\"url\":\"https:\/\/www.aplikuj.pl\/dokumenty\/wzory-cywilnoprawne\/wzor-umowy-zlecenie\/\",\"name\":\"Wz\u00f3r umowy zlecenie - Aplikuj.pl\",\"isPartOf\":{\"@id\":\"https:\/\/www.aplikuj.pl\/dokumenty\/#website\"},\"primaryImageOfPage\":{\"@id\":\"https:\/\/www.aplikuj.pl\/dokumenty\/wzory-cywilnoprawne\/wzor-umowy-zlecenie\/#primaryimage\"},\"image\":{\"@id\":\"https:\/\/www.aplikuj.pl\/dokumenty\/wzory-cywilnoprawne\/wzor-umowy-zlecenie\/#primaryimage\"},\"thumbnailUrl\":\"https:\/\/www.aplikuj.pl\/dokumenty\/wp-content\/uploads\/2020\/09\/aplikuj-wz\u00f3r-v113.jpg\",\"datePublished\":\"2020-09-14T11:54:01+00:00\",\"dateModified\":\"2026-02-22T22:23:31+00:00\",\"breadcrumb\":{\"@id\":\"https:\/\/www.aplikuj.pl\/dokumenty\/wzory-cywilnoprawne\/wzor-umowy-zlecenie\/#breadcrumb\"},\"inLanguage\":\"pl-PL\",\"potentialAction\":[{\"@type\":\"ReadAction\",\"target\":[\"https:\/\/www.aplikuj.pl\/dokumenty\/wzory-cywilnoprawne\/wzor-umowy-zlecenie\/\"]}]},{\"@type\":\"ImageObject\",\"inLanguage\":\"pl-PL\",\"@id\":\"https:\/\/www.aplikuj.pl\/dokumenty\/wzory-cywilnoprawne\/wzor-umowy-zlecenie\/#primaryimage\",\"url\":\"https:\/\/www.aplikuj.pl\/dokumenty\/wp-content\/uploads\/2020\/09\/aplikuj-wz\u00f3r-v113.jpg\",\"contentUrl\":\"https:\/\/www.aplikuj.pl\/dokumenty\/wp-content\/uploads\/2020\/09\/aplikuj-wz\u00f3r-v113.jpg\",\"width\":794,\"height\":1123,\"caption\":\"Grafika umowa zlecenie wz\u00f3r\"},{\"@type\":\"BreadcrumbList\",\"@id\":\"https:\/\/www.aplikuj.pl\/dokumenty\/wzory-cywilnoprawne\/wzor-umowy-zlecenie\/#breadcrumb\",\"itemListElement\":[{\"@type\":\"ListItem\",\"position\":1,\"name\":\"Dokumenty HR\",\"item\":\"https:\/\/www.aplikuj.pl\/dokumenty\/\"},{\"@type\":\"ListItem\",\"position\":2,\"name\":\"umowa-o-prace\",\"item\":\"https:\/\/www.aplikuj.pl\/dokumenty\/umowa-o-prace\/\"},{\"@type\":\"ListItem\",\"position\":3,\"name\":\"Wzory um\u00f3w cywilnoprawnych\",\"item\":\"https:\/\/www.aplikuj.pl\/dokumenty\/wzory-cywilnoprawne\/\"},{\"@type\":\"ListItem\",\"position\":4,\"name\":\"Wz\u00f3r umowy zlecenie\"}]},{\"@type\":\"WebSite\",\"@id\":\"https:\/\/www.aplikuj.pl\/dokumenty\/#website\",\"url\":\"https:\/\/www.aplikuj.pl\/dokumenty\/\",\"name\":\"Aplikuj.pl\",\"description\":\"Profesjonalne i darmowe wzory dokument\u00f3w HR\",\"publisher\":{\"@id\":\"https:\/\/www.aplikuj.pl\/dokumenty\/#organization\"},\"potentialAction\":[{\"@type\":\"SearchAction\",\"target\":{\"@type\":\"EntryPoint\",\"urlTemplate\":\"https:\/\/www.aplikuj.pl\/dokumenty\/?s={search_term_string}\"},\"query-input\":{\"@type\":\"PropertyValueSpecification\",\"valueRequired\":true,\"valueName\":\"search_term_string\"}}],\"inLanguage\":\"pl-PL\"},{\"@type\":\"Organization\",\"@id\":\"https:\/\/www.aplikuj.pl\/dokumenty\/#organization\",\"name\":\"Aplikuj.pl\",\"url\":\"https:\/\/www.aplikuj.pl\/dokumenty\/\",\"logo\":{\"@type\":\"ImageObject\",\"inLanguage\":\"pl-PL\",\"@id\":\"https:\/\/www.aplikuj.pl\/dokumenty\/#\/schema\/logo\/image\/\",\"url\":\"\",\"contentUrl\":\"\",\"caption\":\"Aplikuj.pl\"},\"image\":{\"@id\":\"https:\/\/www.aplikuj.pl\/dokumenty\/#\/schema\/logo\/image\/\"}}]}<\/script>\n<!-- \/ Yoast SEO plugin. -->","yoast_head_json":{"title":"Wz\u00f3r umowy zlecenie - Aplikuj.pl","robots":{"index":"index","follow":"follow","max-snippet":"max-snippet:-1","max-image-preview":"max-image-preview:large","max-video-preview":"max-video-preview:-1"},"canonical":"https:\/\/www.aplikuj.pl\/dokumenty\/wzory-cywilnoprawne\/wzor-umowy-zlecenie\/","og_locale":"pl_PL","og_type":"article","og_title":"Wz\u00f3r umowy zlecenie - Aplikuj.pl","og_description":"Gotowy szablon umowy zlecenie mo\u017cesz przekszta\u0142ci\u0107 wedle potrzeby, pobieraj\u0105c go w pliku .doc i uzupe\u0142niaj\u0105c go swoimi danymi. Wz\u00f3r umowy zlecenie wymaga samodzielnej edycji za pomoc\u0105 jednego z popularnych program\u00f3w do pracy z tekstem. Dokument cechuje kompatybilno\u015b\u0107 z programe MS Word oraz z darmowymi pakietami biurowymi (Open Office lub Libre Office). Edycja naszego wzoru umowy zlecenie jest bardzo prosta i intuicyjna.","og_url":"https:\/\/www.aplikuj.pl\/dokumenty\/wzory-cywilnoprawne\/wzor-umowy-zlecenie\/","og_site_name":"Aplikuj.pl","article_modified_time":"2026-02-22T22:23:31+00:00","og_image":[{"width":794,"height":1123,"url":"https:\/\/www.aplikuj.pl\/dokumenty\/wp-content\/uploads\/2020\/09\/aplikuj-wz\u00f3r-v113.jpg","type":"image\/jpeg"}],"twitter_card":"summary_large_image","twitter_misc":{"Szacowany czas czytania":"2 minuty"},"schema":{"@context":"https:\/\/schema.org","@graph":[{"@type":"WebPage","@id":"https:\/\/www.aplikuj.pl\/dokumenty\/wzory-cywilnoprawne\/wzor-umowy-zlecenie\/","url":"https:\/\/www.aplikuj.pl\/dokumenty\/wzory-cywilnoprawne\/wzor-umowy-zlecenie\/","name":"Wz\u00f3r umowy zlecenie - Aplikuj.pl","isPartOf":{"@id":"https:\/\/www.aplikuj.pl\/dokumenty\/#website"},"primaryImageOfPage":{"@id":"https:\/\/www.aplikuj.pl\/dokumenty\/wzory-cywilnoprawne\/wzor-umowy-zlecenie\/#primaryimage"},"image":{"@id":"https:\/\/www.aplikuj.pl\/dokumenty\/wzory-cywilnoprawne\/wzor-umowy-zlecenie\/#primaryimage"},"thumbnailUrl":"https:\/\/www.aplikuj.pl\/dokumenty\/wp-content\/uploads\/2020\/09\/aplikuj-wz\u00f3r-v113.jpg","datePublished":"2020-09-14T11:54:01+00:00","dateModified":"2026-02-22T22:23:31+00:00","breadcrumb":{"@id":"https:\/\/www.aplikuj.pl\/dokumenty\/wzory-cywilnoprawne\/wzor-umowy-zlecenie\/#breadcrumb"},"inLanguage":"pl-PL","potentialAction":[{"@type":"ReadAction","target":["https:\/\/www.aplikuj.pl\/dokumenty\/wzory-cywilnoprawne\/wzor-umowy-zlecenie\/"]}]},{"@type":"ImageObject","inLanguage":"pl-PL","@id":"https:\/\/www.aplikuj.pl\/dokumenty\/wzory-cywilnoprawne\/wzor-umowy-zlecenie\/#primaryimage","url":"https:\/\/www.aplikuj.pl\/dokumenty\/wp-content\/uploads\/2020\/09\/aplikuj-wz\u00f3r-v113.jpg","contentUrl":"https:\/\/www.aplikuj.pl\/dokumenty\/wp-content\/uploads\/2020\/09\/aplikuj-wz\u00f3r-v113.jpg","width":794,"height":1123,"caption":"Grafika umowa zlecenie wz\u00f3r"},{"@type":"BreadcrumbList","@id":"https:\/\/www.aplikuj.pl\/dokumenty\/wzory-cywilnoprawne\/wzor-umowy-zlecenie\/#breadcrumb","itemListElement":[{"@type":"ListItem","position":1,"name":"Dokumenty HR","item":"https:\/\/www.aplikuj.pl\/dokumenty\/"},{"@type":"ListItem","position":2,"name":"umowa-o-prace","item":"https:\/\/www.aplikuj.pl\/dokumenty\/umowa-o-prace\/"},{"@type":"ListItem","position":3,"name":"Wzory um\u00f3w cywilnoprawnych","item":"https:\/\/www.aplikuj.pl\/dokumenty\/wzory-cywilnoprawne\/"},{"@type":"ListItem","position":4,"name":"Wz\u00f3r umowy zlecenie"}]},{"@type":"WebSite","@id":"https:\/\/www.aplikuj.pl\/dokumenty\/#website","url":"https:\/\/www.aplikuj.pl\/dokumenty\/","name":"Aplikuj.pl","description":"Profesjonalne i darmowe wzory dokument\u00f3w HR","publisher":{"@id":"https:\/\/www.aplikuj.pl\/dokumenty\/#organization"},"potentialAction":[{"@type":"SearchAction","target":{"@type":"EntryPoint","urlTemplate":"https:\/\/www.aplikuj.pl\/dokumenty\/?s={search_term_string}"},"query-input":{"@type":"PropertyValueSpecification","valueRequired":true,"valueName":"search_term_string"}}],"inLanguage":"pl-PL"},{"@type":"Organization","@id":"https:\/\/www.aplikuj.pl\/dokumenty\/#organization","name":"Aplikuj.pl","url":"https:\/\/www.aplikuj.pl\/dokumenty\/","logo":{"@type":"ImageObject","inLanguage":"pl-PL","@id":"https:\/\/www.aplikuj.pl\/dokumenty\/#\/schema\/logo\/image\/","url":"","contentUrl":"","caption":"Aplikuj.pl"},"image":{"@id":"https:\/\/www.aplikuj.pl\/dokumenty\/#\/schema\/logo\/image\/"}}]}},"_links":{"self":[{"href":"https:\/\/www.aplikuj.pl\/dokumenty\/wp-json\/wp\/v2\/product\/4381","targetHints":{"allow":["GET"]}}],"collection":[{"href":"https:\/\/www.aplikuj.pl\/dokumenty\/wp-json\/wp\/v2\/product"}],"about":[{"href":"https:\/\/www.aplikuj.pl\/dokumenty\/wp-json\/wp\/v2\/types\/product"}],"version-history":[{"count":2,"href":"https:\/\/www.aplikuj.pl\/dokumenty\/wp-json\/wp\/v2\/product\/4381\/revisions"}],"predecessor-version":[{"id":5166,"href":"https:\/\/www.aplikuj.pl\/dokumenty\/wp-json\/wp\/v2\/product\/4381\/revisions\/5166"}],"wp:featuredmedia":[{"embeddable":true,"href":"https:\/\/www.aplikuj.pl\/dokumenty\/wp-json\/wp\/v2\/media\/4411"}],"wp:attachment":[{"href":"https:\/\/www.aplikuj.pl\/dokumenty\/wp-json\/wp\/v2\/media?parent=4381"}],"wp:term":[{"taxonomy":"product_brand","embeddable":true,"href":"https:\/\/www.aplikuj.pl\/dokumenty\/wp-json\/wp\/v2\/product_brand?post=4381"},{"taxonomy":"product_cat","embeddable":true,"href":"https:\/\/www.aplikuj.pl\/dokumenty\/wp-json\/wp\/v2\/product_cat?post=4381"},{"taxonomy":"product_tag","embeddable":true,"href":"https:\/\/www.aplikuj.pl\/dokumenty\/wp-json\/wp\/v2\/product_tag?post=4381"}],"curies":[{"name":"wp","href":"https:\/\/api.w.org\/{rel}","templated":true}]}}