{"id":4378,"date":"2020-09-14T13:39:45","date_gmt":"2020-09-14T11:39:45","guid":{"rendered":"https:\/\/www.aplikuj.pl\/dokumenty\/?post_type=product&#038;p=4378"},"modified":"2026-02-22T23:23:31","modified_gmt":"2026-02-22T22:23:31","slug":"wzor-wniosku-o-urlop-bezplatny","status":"publish","type":"product","link":"https:\/\/www.aplikuj.pl\/dokumenty\/wzory-urlopy\/wzor-wniosku-o-urlop-bezplatny\/","title":{"rendered":"Wz\u00f3r wniosku o udzielenie urlopu bezp\u0142atnego"},"content":{"rendered":"<h2><span class=\"current\">Wz\u00f3r wniosku o udzielenie urlopu bezp\u0142atnego<\/span><\/h2>\n<p>Wniosek o urlop bezp\u0142atny mo\u017ce z\u0142o\u017cy\u0107 jedynie pracownik, poniewa\u017c zgodnie z przepisami prawa pracodawca nie mo\u017ce wys\u0142a\u0107 podw\u0142adnego na urlop bezp\u0142atny. Ta forma wolnego mo\u017ce zosta\u0107 udzielona jedynie na pisemny wniosek pracownika. W\u0142a\u015bnie dlatego bardzo wa\u017cne jest odpowiednie uzupe\u0142nienie dokumentu, aby nie budzi\u0142 \u017cadnych w\u0105tpliwo\u015bci. Wz\u00f3r wniosku o urlop bezp\u0142atny jest wykorzystywany najcz\u0119\u015bciej, gdy pewne sytuacje zmusz\u0105 pracownika do przerwy w \u015bwiadczeniu pracy. Udanie si\u0119 na niep\u0142atny urlop pozwoli na powr\u00f3t na stanowisko, gdy sytuacja na to pozwoli. Warto wiedzie\u0107, \u017ce w przypadku urlopu bezp\u0142atnego d\u0142u\u017cszego ni\u017c 3 miesi\u0105ce, pracodawca mo\u017ce odwo\u0142a\u0107 pracownika z urlopu je\u017celi zaistniej\u0105 wa\u017cne przyczyny. O urlop bezp\u0142atny mo\u017cna wnioskowa\u0107, gdy nie wykorzysta\u0142o si\u0119 ca\u0142ej puli urlopu wypoczynkowego.<\/p>\n<p>Wz\u00f3r wniosku o urlop bezp\u0142atny pomo\u017ce w poprawnym sformu\u0142owaniu pro\u015bby do pracodawcy. Dokument powinien mie\u0107 odpowiedni\u0105 konstrukcj\u0119 oraz zawiera\u0107 informacje konieczne do zapoznania si\u0119 pracodawcy ze spraw\u0105. Wype\u0142niaj\u0105c wniosek, nale\u017cy pami\u0119ta\u0107 o umieszczeniu danych obu stron oraz miejsca i daty sporz\u0105dzenia wniosku. Po okre\u015bleniu rodzaju wniosku musi si\u0119 znale\u017a\u0107 formalna pro\u015bba zawieraj\u0105ca wymiar urlopu bezp\u0142atnego oraz termin nieobecno\u015bci. Wniosek nale\u017cy odpowiednio zmotywowa\u0107, co pomo\u017ce podj\u0105\u0107 pracodawcy decyzj\u0119 o udzieleniu wolnego.<\/p>\n<h2>Urlop bezp\u0142atny Kodeks pracy<\/h2>\n<p>Urlop ten nie wchodzi w sk\u0142ad przys\u0142uguj\u0105cej pracownikowi puli urlopu, stanowi jedynie dodatkow\u0105 opcj\u0119. Pracodawca nie musi wyrazi\u0107 zgody na udzielenie urlopu bezp\u0142atnego, a tak\u017ce ma decyduj\u0105ce zdanie w kwestii wymiaru udzielanego wolnego. W efekcie pracodawca mo\u017ce udzieli\u0107 urlopu bezp\u0142atnego w mniejszym wymiarze, ni\u017c wnioskuje o to pracownik. Wz\u00f3r wniosku o urlop bezp\u0142atny w prosty spos\u00f3b pozwoli przygotowa\u0107 poprawny dokument zawieraj\u0105cy wszystkie potrzebne informacje. Co wa\u017cne, zapis o skorzystaniu z urlopu bezp\u0142atnego i jego wymiarze wed\u0142ug Kodeksu pracy powinien znale\u017a\u0107 si\u0119 w \u015bwiadectwie pracy wystawianym przez pracodawc\u0119 by\u0142emu zatrudnionemu.<\/p>\n","protected":false},"excerpt":{"rendered":"<p>Szablon wniosku o urlop bezp\u0142atny nale\u017cy podda\u0107 samodzielnej edycji, by wskaza\u0107 wybrany termin urlopu oraz uzupe\u0142ni\u0107 dokument swoimi danymi, a nast\u0119pnie, po wydrukowaniu \u2013 podpisem. Wz\u00f3r wniosku o urlop jest kompatybilny z najpopularniejszymi programami biurowymi w tym z MS Word oraz darmowymi aplikacjami (Open Office lub Libre Office). Intuicyjna edycja dokumentu nie przysporzy problem\u00f3w przy wype\u0142nianiu.<\/p>\n","protected":false},"featured_media":4408,"template":"","meta":[],"product_brand":[],"product_cat":[27],"product_tag":[81,83,82,80],"class_list":{"0":"post-4378","1":"product","2":"type-product","3":"status-publish","4":"has-post-thumbnail","6":"product_cat-wzory-urlopy","7":"product_tag-urlop-bezplatny-wniosek","8":"product_tag-wniosek-o-urlop-bezplatny-doc","9":"product_tag-wniosek-o-urlop-bezplatny-pdf","10":"product_tag-wniosek-o-urlop-bezplatny-wzor","12":"first","13":"instock","14":"shipping-taxable","15":"product-type-external"},"yoast_head":"<!-- This site is optimized with the Yoast SEO plugin v27.0 - https:\/\/yoast.com\/product\/yoast-seo-wordpress\/ -->\n<title>Wz\u00f3r wniosku o udzielenie urlopu bezp\u0142atnego - Aplikuj.pl<\/title>\n<meta name=\"robots\" content=\"index, follow, max-snippet:-1, max-image-preview:large, max-video-preview:-1\" \/>\n<link rel=\"canonical\" href=\"https:\/\/www.aplikuj.pl\/dokumenty\/wzory-urlopy\/wzor-wniosku-o-urlop-bezplatny\/\" \/>\n<meta property=\"og:locale\" content=\"pl_PL\" \/>\n<meta property=\"og:type\" content=\"article\" \/>\n<meta property=\"og:title\" content=\"Wz\u00f3r wniosku o udzielenie urlopu bezp\u0142atnego - Aplikuj.pl\" \/>\n<meta property=\"og:description\" content=\"Szablon wniosku o urlop bezp\u0142atny nale\u017cy podda\u0107 samodzielnej edycji, by wskaza\u0107 wybrany termin urlopu oraz uzupe\u0142ni\u0107 dokument swoimi danymi, a nast\u0119pnie, po wydrukowaniu \u2013 podpisem. Wz\u00f3r wniosku o urlop jest kompatybilny z najpopularniejszymi programami biurowymi w tym z MS Word oraz darmowymi aplikacjami (Open Office lub Libre Office). Intuicyjna edycja dokumentu nie przysporzy problem\u00f3w przy wype\u0142nianiu.\" \/>\n<meta property=\"og:url\" content=\"https:\/\/www.aplikuj.pl\/dokumenty\/wzory-urlopy\/wzor-wniosku-o-urlop-bezplatny\/\" \/>\n<meta property=\"og:site_name\" content=\"Aplikuj.pl\" \/>\n<meta property=\"article:modified_time\" content=\"2026-02-22T22:23:31+00:00\" \/>\n<meta property=\"og:image\" content=\"https:\/\/www.aplikuj.pl\/dokumenty\/wp-content\/uploads\/2020\/09\/aplikuj-wz\u00f3r-v110.jpg\" \/>\n\t<meta property=\"og:image:width\" content=\"794\" \/>\n\t<meta property=\"og:image:height\" content=\"1123\" \/>\n\t<meta property=\"og:image:type\" content=\"image\/jpeg\" \/>\n<meta name=\"twitter:card\" content=\"summary_large_image\" \/>\n<meta name=\"twitter:label1\" content=\"Szacowany czas czytania\" \/>\n\t<meta name=\"twitter:data1\" content=\"2 minuty\" \/>\n<script type=\"application\/ld+json\" class=\"yoast-schema-graph\">{\"@context\":\"https:\/\/schema.org\",\"@graph\":[{\"@type\":\"WebPage\",\"@id\":\"https:\/\/www.aplikuj.pl\/dokumenty\/wzory-urlopy\/wzor-wniosku-o-urlop-bezplatny\/\",\"url\":\"https:\/\/www.aplikuj.pl\/dokumenty\/wzory-urlopy\/wzor-wniosku-o-urlop-bezplatny\/\",\"name\":\"Wz\u00f3r wniosku o udzielenie urlopu bezp\u0142atnego - Aplikuj.pl\",\"isPartOf\":{\"@id\":\"https:\/\/www.aplikuj.pl\/dokumenty\/#website\"},\"primaryImageOfPage\":{\"@id\":\"https:\/\/www.aplikuj.pl\/dokumenty\/wzory-urlopy\/wzor-wniosku-o-urlop-bezplatny\/#primaryimage\"},\"image\":{\"@id\":\"https:\/\/www.aplikuj.pl\/dokumenty\/wzory-urlopy\/wzor-wniosku-o-urlop-bezplatny\/#primaryimage\"},\"thumbnailUrl\":\"https:\/\/www.aplikuj.pl\/dokumenty\/wp-content\/uploads\/2020\/09\/aplikuj-wz\u00f3r-v110.jpg\",\"datePublished\":\"2020-09-14T11:39:45+00:00\",\"dateModified\":\"2026-02-22T22:23:31+00:00\",\"breadcrumb\":{\"@id\":\"https:\/\/www.aplikuj.pl\/dokumenty\/wzory-urlopy\/wzor-wniosku-o-urlop-bezplatny\/#breadcrumb\"},\"inLanguage\":\"pl-PL\",\"potentialAction\":[{\"@type\":\"ReadAction\",\"target\":[\"https:\/\/www.aplikuj.pl\/dokumenty\/wzory-urlopy\/wzor-wniosku-o-urlop-bezplatny\/\"]}]},{\"@type\":\"ImageObject\",\"inLanguage\":\"pl-PL\",\"@id\":\"https:\/\/www.aplikuj.pl\/dokumenty\/wzory-urlopy\/wzor-wniosku-o-urlop-bezplatny\/#primaryimage\",\"url\":\"https:\/\/www.aplikuj.pl\/dokumenty\/wp-content\/uploads\/2020\/09\/aplikuj-wz\u00f3r-v110.jpg\",\"contentUrl\":\"https:\/\/www.aplikuj.pl\/dokumenty\/wp-content\/uploads\/2020\/09\/aplikuj-wz\u00f3r-v110.jpg\",\"width\":794,\"height\":1123,\"caption\":\"Grafika wniosek o urlop bezp\u0142atny\"},{\"@type\":\"BreadcrumbList\",\"@id\":\"https:\/\/www.aplikuj.pl\/dokumenty\/wzory-urlopy\/wzor-wniosku-o-urlop-bezplatny\/#breadcrumb\",\"itemListElement\":[{\"@type\":\"ListItem\",\"position\":1,\"name\":\"Dokumenty HR\",\"item\":\"https:\/\/www.aplikuj.pl\/dokumenty\/\"},{\"@type\":\"ListItem\",\"position\":2,\"name\":\"umowa-o-prace\",\"item\":\"https:\/\/www.aplikuj.pl\/dokumenty\/umowa-o-prace\/\"},{\"@type\":\"ListItem\",\"position\":3,\"name\":\"Wzory wniosk\u00f3w urlopowych\",\"item\":\"https:\/\/www.aplikuj.pl\/dokumenty\/wzory-urlopy\/\"},{\"@type\":\"ListItem\",\"position\":4,\"name\":\"Wz\u00f3r wniosku o udzielenie urlopu bezp\u0142atnego\"}]},{\"@type\":\"WebSite\",\"@id\":\"https:\/\/www.aplikuj.pl\/dokumenty\/#website\",\"url\":\"https:\/\/www.aplikuj.pl\/dokumenty\/\",\"name\":\"Aplikuj.pl\",\"description\":\"Profesjonalne i darmowe wzory dokument\u00f3w HR\",\"publisher\":{\"@id\":\"https:\/\/www.aplikuj.pl\/dokumenty\/#organization\"},\"potentialAction\":[{\"@type\":\"SearchAction\",\"target\":{\"@type\":\"EntryPoint\",\"urlTemplate\":\"https:\/\/www.aplikuj.pl\/dokumenty\/?s={search_term_string}\"},\"query-input\":{\"@type\":\"PropertyValueSpecification\",\"valueRequired\":true,\"valueName\":\"search_term_string\"}}],\"inLanguage\":\"pl-PL\"},{\"@type\":\"Organization\",\"@id\":\"https:\/\/www.aplikuj.pl\/dokumenty\/#organization\",\"name\":\"Aplikuj.pl\",\"url\":\"https:\/\/www.aplikuj.pl\/dokumenty\/\",\"logo\":{\"@type\":\"ImageObject\",\"inLanguage\":\"pl-PL\",\"@id\":\"https:\/\/www.aplikuj.pl\/dokumenty\/#\/schema\/logo\/image\/\",\"url\":\"\",\"contentUrl\":\"\",\"caption\":\"Aplikuj.pl\"},\"image\":{\"@id\":\"https:\/\/www.aplikuj.pl\/dokumenty\/#\/schema\/logo\/image\/\"}}]}<\/script>\n<!-- \/ Yoast SEO plugin. -->","yoast_head_json":{"title":"Wz\u00f3r wniosku o udzielenie urlopu bezp\u0142atnego - Aplikuj.pl","robots":{"index":"index","follow":"follow","max-snippet":"max-snippet:-1","max-image-preview":"max-image-preview:large","max-video-preview":"max-video-preview:-1"},"canonical":"https:\/\/www.aplikuj.pl\/dokumenty\/wzory-urlopy\/wzor-wniosku-o-urlop-bezplatny\/","og_locale":"pl_PL","og_type":"article","og_title":"Wz\u00f3r wniosku o udzielenie urlopu bezp\u0142atnego - Aplikuj.pl","og_description":"Szablon wniosku o urlop bezp\u0142atny nale\u017cy podda\u0107 samodzielnej edycji, by wskaza\u0107 wybrany termin urlopu oraz uzupe\u0142ni\u0107 dokument swoimi danymi, a nast\u0119pnie, po wydrukowaniu \u2013 podpisem. Wz\u00f3r wniosku o urlop jest kompatybilny z najpopularniejszymi programami biurowymi w tym z MS Word oraz darmowymi aplikacjami (Open Office lub Libre Office). Intuicyjna edycja dokumentu nie przysporzy problem\u00f3w przy wype\u0142nianiu.","og_url":"https:\/\/www.aplikuj.pl\/dokumenty\/wzory-urlopy\/wzor-wniosku-o-urlop-bezplatny\/","og_site_name":"Aplikuj.pl","article_modified_time":"2026-02-22T22:23:31+00:00","og_image":[{"width":794,"height":1123,"url":"https:\/\/www.aplikuj.pl\/dokumenty\/wp-content\/uploads\/2020\/09\/aplikuj-wz\u00f3r-v110.jpg","type":"image\/jpeg"}],"twitter_card":"summary_large_image","twitter_misc":{"Szacowany czas czytania":"2 minuty"},"schema":{"@context":"https:\/\/schema.org","@graph":[{"@type":"WebPage","@id":"https:\/\/www.aplikuj.pl\/dokumenty\/wzory-urlopy\/wzor-wniosku-o-urlop-bezplatny\/","url":"https:\/\/www.aplikuj.pl\/dokumenty\/wzory-urlopy\/wzor-wniosku-o-urlop-bezplatny\/","name":"Wz\u00f3r wniosku o udzielenie urlopu bezp\u0142atnego - Aplikuj.pl","isPartOf":{"@id":"https:\/\/www.aplikuj.pl\/dokumenty\/#website"},"primaryImageOfPage":{"@id":"https:\/\/www.aplikuj.pl\/dokumenty\/wzory-urlopy\/wzor-wniosku-o-urlop-bezplatny\/#primaryimage"},"image":{"@id":"https:\/\/www.aplikuj.pl\/dokumenty\/wzory-urlopy\/wzor-wniosku-o-urlop-bezplatny\/#primaryimage"},"thumbnailUrl":"https:\/\/www.aplikuj.pl\/dokumenty\/wp-content\/uploads\/2020\/09\/aplikuj-wz\u00f3r-v110.jpg","datePublished":"2020-09-14T11:39:45+00:00","dateModified":"2026-02-22T22:23:31+00:00","breadcrumb":{"@id":"https:\/\/www.aplikuj.pl\/dokumenty\/wzory-urlopy\/wzor-wniosku-o-urlop-bezplatny\/#breadcrumb"},"inLanguage":"pl-PL","potentialAction":[{"@type":"ReadAction","target":["https:\/\/www.aplikuj.pl\/dokumenty\/wzory-urlopy\/wzor-wniosku-o-urlop-bezplatny\/"]}]},{"@type":"ImageObject","inLanguage":"pl-PL","@id":"https:\/\/www.aplikuj.pl\/dokumenty\/wzory-urlopy\/wzor-wniosku-o-urlop-bezplatny\/#primaryimage","url":"https:\/\/www.aplikuj.pl\/dokumenty\/wp-content\/uploads\/2020\/09\/aplikuj-wz\u00f3r-v110.jpg","contentUrl":"https:\/\/www.aplikuj.pl\/dokumenty\/wp-content\/uploads\/2020\/09\/aplikuj-wz\u00f3r-v110.jpg","width":794,"height":1123,"caption":"Grafika wniosek o urlop bezp\u0142atny"},{"@type":"BreadcrumbList","@id":"https:\/\/www.aplikuj.pl\/dokumenty\/wzory-urlopy\/wzor-wniosku-o-urlop-bezplatny\/#breadcrumb","itemListElement":[{"@type":"ListItem","position":1,"name":"Dokumenty HR","item":"https:\/\/www.aplikuj.pl\/dokumenty\/"},{"@type":"ListItem","position":2,"name":"umowa-o-prace","item":"https:\/\/www.aplikuj.pl\/dokumenty\/umowa-o-prace\/"},{"@type":"ListItem","position":3,"name":"Wzory wniosk\u00f3w urlopowych","item":"https:\/\/www.aplikuj.pl\/dokumenty\/wzory-urlopy\/"},{"@type":"ListItem","position":4,"name":"Wz\u00f3r wniosku o udzielenie urlopu bezp\u0142atnego"}]},{"@type":"WebSite","@id":"https:\/\/www.aplikuj.pl\/dokumenty\/#website","url":"https:\/\/www.aplikuj.pl\/dokumenty\/","name":"Aplikuj.pl","description":"Profesjonalne i darmowe wzory dokument\u00f3w HR","publisher":{"@id":"https:\/\/www.aplikuj.pl\/dokumenty\/#organization"},"potentialAction":[{"@type":"SearchAction","target":{"@type":"EntryPoint","urlTemplate":"https:\/\/www.aplikuj.pl\/dokumenty\/?s={search_term_string}"},"query-input":{"@type":"PropertyValueSpecification","valueRequired":true,"valueName":"search_term_string"}}],"inLanguage":"pl-PL"},{"@type":"Organization","@id":"https:\/\/www.aplikuj.pl\/dokumenty\/#organization","name":"Aplikuj.pl","url":"https:\/\/www.aplikuj.pl\/dokumenty\/","logo":{"@type":"ImageObject","inLanguage":"pl-PL","@id":"https:\/\/www.aplikuj.pl\/dokumenty\/#\/schema\/logo\/image\/","url":"","contentUrl":"","caption":"Aplikuj.pl"},"image":{"@id":"https:\/\/www.aplikuj.pl\/dokumenty\/#\/schema\/logo\/image\/"}}]}},"_links":{"self":[{"href":"https:\/\/www.aplikuj.pl\/dokumenty\/wp-json\/wp\/v2\/product\/4378","targetHints":{"allow":["GET"]}}],"collection":[{"href":"https:\/\/www.aplikuj.pl\/dokumenty\/wp-json\/wp\/v2\/product"}],"about":[{"href":"https:\/\/www.aplikuj.pl\/dokumenty\/wp-json\/wp\/v2\/types\/product"}],"version-history":[{"count":2,"href":"https:\/\/www.aplikuj.pl\/dokumenty\/wp-json\/wp\/v2\/product\/4378\/revisions"}],"predecessor-version":[{"id":5163,"href":"https:\/\/www.aplikuj.pl\/dokumenty\/wp-json\/wp\/v2\/product\/4378\/revisions\/5163"}],"wp:featuredmedia":[{"embeddable":true,"href":"https:\/\/www.aplikuj.pl\/dokumenty\/wp-json\/wp\/v2\/media\/4408"}],"wp:attachment":[{"href":"https:\/\/www.aplikuj.pl\/dokumenty\/wp-json\/wp\/v2\/media?parent=4378"}],"wp:term":[{"taxonomy":"product_brand","embeddable":true,"href":"https:\/\/www.aplikuj.pl\/dokumenty\/wp-json\/wp\/v2\/product_brand?post=4378"},{"taxonomy":"product_cat","embeddable":true,"href":"https:\/\/www.aplikuj.pl\/dokumenty\/wp-json\/wp\/v2\/product_cat?post=4378"},{"taxonomy":"product_tag","embeddable":true,"href":"https:\/\/www.aplikuj.pl\/dokumenty\/wp-json\/wp\/v2\/product_tag?post=4378"}],"curies":[{"name":"wp","href":"https:\/\/api.w.org\/{rel}","templated":true}]}}