{"id":4377,"date":"2020-09-14T13:33:37","date_gmt":"2020-09-14T11:33:37","guid":{"rendered":"https:\/\/www.aplikuj.pl\/dokumenty\/?post_type=product&#038;p=4377"},"modified":"2026-02-22T23:23:31","modified_gmt":"2026-02-22T22:23:31","slug":"wzor-wniosku-o-urlop-wypoczynkowy","status":"publish","type":"product","link":"https:\/\/www.aplikuj.pl\/dokumenty\/wzory-urlopy\/wzor-wniosku-o-urlop-wypoczynkowy\/","title":{"rendered":"Wz\u00f3r wniosku o udzielenie urlopu wypoczynkowego"},"content":{"rendered":"<h2>Wniosek o urlop wypoczynkowy &#8211; jak z\u0142o\u017cy\u0107<\/h2>\n<p class=\"Standard\">Urlop wypoczynkowy stanowi dla wielu os\u00f3b najwa\u017cniejsze prawo pracownicze. Nie ma si\u0119 co dziwi\u0107, poniewa\u017c to ta forma ustawowych dni wolnych pozwala na zorganizowanie wakacyjnych wyjazd\u00f3w, czy remont\u00f3w w domu. Skorzystanie z <strong>urlopu wypoczynkowego<\/strong> wymaga z\u0142o\u017cenia u pracodawcy stosownego wniosku. Warto jednak nadmieni\u0107, \u017ce Kodeks pracy nie reguluje dok\u0142adnie formy ubiegania si\u0119 o urlop, ale zwyczajowo przyj\u0119\u0142o si\u0119, \u017ce pracownik wype\u0142nia wniosek o urlop wypoczynkowy i sk\u0142ada go u pracodawcy b\u0105d\u017a prze\u0142o\u017conego w zale\u017cno\u015bci od struktury przedsi\u0119biorstwa. Nale\u017cy tak\u017ce wiedzie\u0107, \u017ce <strong>z\u0142o\u017cenie wniosku o urlop wypoczynkowy<\/strong> nie jest to\u017csame z uzyskaniem wolnego we wnioskowanym terminie. Pracodawca musi zaakceptowa\u0107 wniosek i dopiero po potwierdzeniu tego faktu pracownik mo\u017ce skorzysta\u0107 z urlopu.<\/p>\n<h2>Wz\u00f3r wniosku o urlop wypoczynkowy<\/h2>\n<p class=\"Standard\">Sporz\u0105dzenie odpowiedniego dokumentu jest bardzo proste, poniewa\u017c sam wniosek o urlop wypoczynkowy nie wymaga uzasadnienia i ma z\u0142o\u017conej struktury. Pracownik musi umie\u015bci\u0107 we wniosku informacje o dacie i miejscu sporz\u0105dzenia dokumentu oraz dane swoje i pracodawcy. Nast\u0119pnie nale\u017cy umie\u015bci\u0107 konkretn\u0105 pro\u015bb\u0119 o udzieleniu wolnego oraz poda\u0107 rodzaj urlopu, o jaki si\u0119 wnioskuje. Ca\u0142o\u015b\u0107 powinna dope\u0142ni\u0107 informacja o wybranym <strong>terminie urlopu wypoczynkowego<\/strong>.<\/p>\n<p class=\"Standard\">We wniosku powinno si\u0119 uwzgl\u0119dni\u0107 okres nieobecno\u015bci oraz przypadaj\u0105ce na ten czas dni urlopu. Wynika to z faktu, \u017ce urlopem s\u0105 obj\u0119te jedynie dni robocze pracownika. Pracownik powinien tak\u017ce zadba\u0107 o umieszczenie we wniosku informacji odno\u015bnie roku kalendarzowego, za jaki chce wybra\u0107 urlop. Jest to istotne w przypadku posiadania zaleg\u0142ych dni urlopowych z minionego roku.<\/p>\n<p class=\"Standard\">Szablon <strong>wniosku o urlop wypoczynkowy<\/strong> pozwoli sporz\u0105dzi\u0107 dokument bez przeszk\u00f3d i zadba\u0107 o jego przejrzysto\u015b\u0107 oraz zgodno\u015b\u0107 z wymogami przepis\u00f3w. Edycja przygotowanego wzoru jest bardzo prosta oraz intuicyjna, wi\u0119c nikt nie powinien mie\u0107 z tym problemu.<\/p>\n","protected":false},"excerpt":{"rendered":"<p class=\"Standard\">Wz\u00f3r wniosku o urlop wypoczynkowy wymaga samodzielnej edycji w celu wprowadzenia odpowiednich danych. Mo\u017cna to zrobi\u0107 z pomoc\u0105 najpopularniejszych program\u00f3w biurowych, jak MS Word czy darmowe aplikacje pokroju Open Office lub Libre Office. Zadbali\u015bmy o bardzo intuicyjn\u0105 edycj\u0119 dokumentu.<\/p>\n","protected":false},"featured_media":4407,"template":"","meta":[],"product_brand":[],"product_cat":[27],"product_tag":[84,88,87,86,85],"class_list":{"0":"post-4377","1":"product","2":"type-product","3":"status-publish","4":"has-post-thumbnail","6":"product_cat-wzory-urlopy","7":"product_tag-urlop-wypoczynkowy-wniosek","8":"product_tag-wniosek-o-urlop-wypoczynkowy-2020","9":"product_tag-wniosek-o-urlop-wypoczynkowy-doc","10":"product_tag-wniosek-o-urlop-wypoczynkowy-pdf","11":"product_tag-wzor-wniosku-o-urlop-wypoczynkowy","13":"first","14":"instock","15":"shipping-taxable","16":"product-type-external"},"yoast_head":"<!-- This site is optimized with the Yoast SEO plugin v27.0 - https:\/\/yoast.com\/product\/yoast-seo-wordpress\/ -->\n<title>Wz\u00f3r wniosku o udzielenie urlopu wypoczynkowego - Aplikuj.pl<\/title>\n<meta name=\"robots\" content=\"index, follow, max-snippet:-1, max-image-preview:large, max-video-preview:-1\" \/>\n<link rel=\"canonical\" href=\"https:\/\/www.aplikuj.pl\/dokumenty\/wzory-urlopy\/wzor-wniosku-o-urlop-wypoczynkowy\/\" \/>\n<meta property=\"og:locale\" content=\"pl_PL\" \/>\n<meta property=\"og:type\" content=\"article\" \/>\n<meta property=\"og:title\" content=\"Wz\u00f3r wniosku o udzielenie urlopu wypoczynkowego - Aplikuj.pl\" \/>\n<meta property=\"og:description\" content=\"Wz\u00f3r wniosku o urlop wypoczynkowy wymaga samodzielnej edycji w celu wprowadzenia odpowiednich danych. Mo\u017cna to zrobi\u0107 z pomoc\u0105 najpopularniejszych program\u00f3w biurowych, jak MS Word czy darmowe aplikacje pokroju Open Office lub Libre Office. Zadbali\u015bmy o bardzo intuicyjn\u0105 edycj\u0119 dokumentu.\" \/>\n<meta property=\"og:url\" content=\"https:\/\/www.aplikuj.pl\/dokumenty\/wzory-urlopy\/wzor-wniosku-o-urlop-wypoczynkowy\/\" \/>\n<meta property=\"og:site_name\" content=\"Aplikuj.pl\" \/>\n<meta property=\"article:modified_time\" content=\"2026-02-22T22:23:31+00:00\" \/>\n<meta property=\"og:image\" content=\"https:\/\/www.aplikuj.pl\/dokumenty\/wp-content\/uploads\/2020\/09\/aplikuj-wz\u00f3r-v19.jpg\" \/>\n\t<meta property=\"og:image:width\" content=\"794\" \/>\n\t<meta property=\"og:image:height\" content=\"1123\" \/>\n\t<meta property=\"og:image:type\" content=\"image\/jpeg\" \/>\n<meta name=\"twitter:card\" content=\"summary_large_image\" \/>\n<meta name=\"twitter:label1\" content=\"Szacowany czas czytania\" \/>\n\t<meta name=\"twitter:data1\" content=\"2 minuty\" \/>\n<script type=\"application\/ld+json\" class=\"yoast-schema-graph\">{\"@context\":\"https:\/\/schema.org\",\"@graph\":[{\"@type\":\"WebPage\",\"@id\":\"https:\/\/www.aplikuj.pl\/dokumenty\/wzory-urlopy\/wzor-wniosku-o-urlop-wypoczynkowy\/\",\"url\":\"https:\/\/www.aplikuj.pl\/dokumenty\/wzory-urlopy\/wzor-wniosku-o-urlop-wypoczynkowy\/\",\"name\":\"Wz\u00f3r wniosku o udzielenie urlopu wypoczynkowego - Aplikuj.pl\",\"isPartOf\":{\"@id\":\"https:\/\/www.aplikuj.pl\/dokumenty\/#website\"},\"primaryImageOfPage\":{\"@id\":\"https:\/\/www.aplikuj.pl\/dokumenty\/wzory-urlopy\/wzor-wniosku-o-urlop-wypoczynkowy\/#primaryimage\"},\"image\":{\"@id\":\"https:\/\/www.aplikuj.pl\/dokumenty\/wzory-urlopy\/wzor-wniosku-o-urlop-wypoczynkowy\/#primaryimage\"},\"thumbnailUrl\":\"https:\/\/www.aplikuj.pl\/dokumenty\/wp-content\/uploads\/2020\/09\/aplikuj-wz\u00f3r-v19.jpg\",\"datePublished\":\"2020-09-14T11:33:37+00:00\",\"dateModified\":\"2026-02-22T22:23:31+00:00\",\"breadcrumb\":{\"@id\":\"https:\/\/www.aplikuj.pl\/dokumenty\/wzory-urlopy\/wzor-wniosku-o-urlop-wypoczynkowy\/#breadcrumb\"},\"inLanguage\":\"pl-PL\",\"potentialAction\":[{\"@type\":\"ReadAction\",\"target\":[\"https:\/\/www.aplikuj.pl\/dokumenty\/wzory-urlopy\/wzor-wniosku-o-urlop-wypoczynkowy\/\"]}]},{\"@type\":\"ImageObject\",\"inLanguage\":\"pl-PL\",\"@id\":\"https:\/\/www.aplikuj.pl\/dokumenty\/wzory-urlopy\/wzor-wniosku-o-urlop-wypoczynkowy\/#primaryimage\",\"url\":\"https:\/\/www.aplikuj.pl\/dokumenty\/wp-content\/uploads\/2020\/09\/aplikuj-wz\u00f3r-v19.jpg\",\"contentUrl\":\"https:\/\/www.aplikuj.pl\/dokumenty\/wp-content\/uploads\/2020\/09\/aplikuj-wz\u00f3r-v19.jpg\",\"width\":794,\"height\":1123,\"caption\":\"Grafika wz\u00f3r wniosku o udzielenie urlopu wypoczynkowego\"},{\"@type\":\"BreadcrumbList\",\"@id\":\"https:\/\/www.aplikuj.pl\/dokumenty\/wzory-urlopy\/wzor-wniosku-o-urlop-wypoczynkowy\/#breadcrumb\",\"itemListElement\":[{\"@type\":\"ListItem\",\"position\":1,\"name\":\"Dokumenty HR\",\"item\":\"https:\/\/www.aplikuj.pl\/dokumenty\/\"},{\"@type\":\"ListItem\",\"position\":2,\"name\":\"umowa-o-prace\",\"item\":\"https:\/\/www.aplikuj.pl\/dokumenty\/umowa-o-prace\/\"},{\"@type\":\"ListItem\",\"position\":3,\"name\":\"Wzory wniosk\u00f3w urlopowych\",\"item\":\"https:\/\/www.aplikuj.pl\/dokumenty\/wzory-urlopy\/\"},{\"@type\":\"ListItem\",\"position\":4,\"name\":\"Wz\u00f3r wniosku o udzielenie urlopu wypoczynkowego\"}]},{\"@type\":\"WebSite\",\"@id\":\"https:\/\/www.aplikuj.pl\/dokumenty\/#website\",\"url\":\"https:\/\/www.aplikuj.pl\/dokumenty\/\",\"name\":\"Aplikuj.pl\",\"description\":\"Profesjonalne i darmowe wzory dokument\u00f3w HR\",\"publisher\":{\"@id\":\"https:\/\/www.aplikuj.pl\/dokumenty\/#organization\"},\"potentialAction\":[{\"@type\":\"SearchAction\",\"target\":{\"@type\":\"EntryPoint\",\"urlTemplate\":\"https:\/\/www.aplikuj.pl\/dokumenty\/?s={search_term_string}\"},\"query-input\":{\"@type\":\"PropertyValueSpecification\",\"valueRequired\":true,\"valueName\":\"search_term_string\"}}],\"inLanguage\":\"pl-PL\"},{\"@type\":\"Organization\",\"@id\":\"https:\/\/www.aplikuj.pl\/dokumenty\/#organization\",\"name\":\"Aplikuj.pl\",\"url\":\"https:\/\/www.aplikuj.pl\/dokumenty\/\",\"logo\":{\"@type\":\"ImageObject\",\"inLanguage\":\"pl-PL\",\"@id\":\"https:\/\/www.aplikuj.pl\/dokumenty\/#\/schema\/logo\/image\/\",\"url\":\"\",\"contentUrl\":\"\",\"caption\":\"Aplikuj.pl\"},\"image\":{\"@id\":\"https:\/\/www.aplikuj.pl\/dokumenty\/#\/schema\/logo\/image\/\"}}]}<\/script>\n<!-- \/ Yoast SEO plugin. -->","yoast_head_json":{"title":"Wz\u00f3r wniosku o udzielenie urlopu wypoczynkowego - Aplikuj.pl","robots":{"index":"index","follow":"follow","max-snippet":"max-snippet:-1","max-image-preview":"max-image-preview:large","max-video-preview":"max-video-preview:-1"},"canonical":"https:\/\/www.aplikuj.pl\/dokumenty\/wzory-urlopy\/wzor-wniosku-o-urlop-wypoczynkowy\/","og_locale":"pl_PL","og_type":"article","og_title":"Wz\u00f3r wniosku o udzielenie urlopu wypoczynkowego - Aplikuj.pl","og_description":"Wz\u00f3r wniosku o urlop wypoczynkowy wymaga samodzielnej edycji w celu wprowadzenia odpowiednich danych. Mo\u017cna to zrobi\u0107 z pomoc\u0105 najpopularniejszych program\u00f3w biurowych, jak MS Word czy darmowe aplikacje pokroju Open Office lub Libre Office. Zadbali\u015bmy o bardzo intuicyjn\u0105 edycj\u0119 dokumentu.","og_url":"https:\/\/www.aplikuj.pl\/dokumenty\/wzory-urlopy\/wzor-wniosku-o-urlop-wypoczynkowy\/","og_site_name":"Aplikuj.pl","article_modified_time":"2026-02-22T22:23:31+00:00","og_image":[{"width":794,"height":1123,"url":"https:\/\/www.aplikuj.pl\/dokumenty\/wp-content\/uploads\/2020\/09\/aplikuj-wz\u00f3r-v19.jpg","type":"image\/jpeg"}],"twitter_card":"summary_large_image","twitter_misc":{"Szacowany czas czytania":"2 minuty"},"schema":{"@context":"https:\/\/schema.org","@graph":[{"@type":"WebPage","@id":"https:\/\/www.aplikuj.pl\/dokumenty\/wzory-urlopy\/wzor-wniosku-o-urlop-wypoczynkowy\/","url":"https:\/\/www.aplikuj.pl\/dokumenty\/wzory-urlopy\/wzor-wniosku-o-urlop-wypoczynkowy\/","name":"Wz\u00f3r wniosku o udzielenie urlopu wypoczynkowego - Aplikuj.pl","isPartOf":{"@id":"https:\/\/www.aplikuj.pl\/dokumenty\/#website"},"primaryImageOfPage":{"@id":"https:\/\/www.aplikuj.pl\/dokumenty\/wzory-urlopy\/wzor-wniosku-o-urlop-wypoczynkowy\/#primaryimage"},"image":{"@id":"https:\/\/www.aplikuj.pl\/dokumenty\/wzory-urlopy\/wzor-wniosku-o-urlop-wypoczynkowy\/#primaryimage"},"thumbnailUrl":"https:\/\/www.aplikuj.pl\/dokumenty\/wp-content\/uploads\/2020\/09\/aplikuj-wz\u00f3r-v19.jpg","datePublished":"2020-09-14T11:33:37+00:00","dateModified":"2026-02-22T22:23:31+00:00","breadcrumb":{"@id":"https:\/\/www.aplikuj.pl\/dokumenty\/wzory-urlopy\/wzor-wniosku-o-urlop-wypoczynkowy\/#breadcrumb"},"inLanguage":"pl-PL","potentialAction":[{"@type":"ReadAction","target":["https:\/\/www.aplikuj.pl\/dokumenty\/wzory-urlopy\/wzor-wniosku-o-urlop-wypoczynkowy\/"]}]},{"@type":"ImageObject","inLanguage":"pl-PL","@id":"https:\/\/www.aplikuj.pl\/dokumenty\/wzory-urlopy\/wzor-wniosku-o-urlop-wypoczynkowy\/#primaryimage","url":"https:\/\/www.aplikuj.pl\/dokumenty\/wp-content\/uploads\/2020\/09\/aplikuj-wz\u00f3r-v19.jpg","contentUrl":"https:\/\/www.aplikuj.pl\/dokumenty\/wp-content\/uploads\/2020\/09\/aplikuj-wz\u00f3r-v19.jpg","width":794,"height":1123,"caption":"Grafika wz\u00f3r wniosku o udzielenie urlopu wypoczynkowego"},{"@type":"BreadcrumbList","@id":"https:\/\/www.aplikuj.pl\/dokumenty\/wzory-urlopy\/wzor-wniosku-o-urlop-wypoczynkowy\/#breadcrumb","itemListElement":[{"@type":"ListItem","position":1,"name":"Dokumenty HR","item":"https:\/\/www.aplikuj.pl\/dokumenty\/"},{"@type":"ListItem","position":2,"name":"umowa-o-prace","item":"https:\/\/www.aplikuj.pl\/dokumenty\/umowa-o-prace\/"},{"@type":"ListItem","position":3,"name":"Wzory wniosk\u00f3w urlopowych","item":"https:\/\/www.aplikuj.pl\/dokumenty\/wzory-urlopy\/"},{"@type":"ListItem","position":4,"name":"Wz\u00f3r wniosku o udzielenie urlopu wypoczynkowego"}]},{"@type":"WebSite","@id":"https:\/\/www.aplikuj.pl\/dokumenty\/#website","url":"https:\/\/www.aplikuj.pl\/dokumenty\/","name":"Aplikuj.pl","description":"Profesjonalne i darmowe wzory dokument\u00f3w HR","publisher":{"@id":"https:\/\/www.aplikuj.pl\/dokumenty\/#organization"},"potentialAction":[{"@type":"SearchAction","target":{"@type":"EntryPoint","urlTemplate":"https:\/\/www.aplikuj.pl\/dokumenty\/?s={search_term_string}"},"query-input":{"@type":"PropertyValueSpecification","valueRequired":true,"valueName":"search_term_string"}}],"inLanguage":"pl-PL"},{"@type":"Organization","@id":"https:\/\/www.aplikuj.pl\/dokumenty\/#organization","name":"Aplikuj.pl","url":"https:\/\/www.aplikuj.pl\/dokumenty\/","logo":{"@type":"ImageObject","inLanguage":"pl-PL","@id":"https:\/\/www.aplikuj.pl\/dokumenty\/#\/schema\/logo\/image\/","url":"","contentUrl":"","caption":"Aplikuj.pl"},"image":{"@id":"https:\/\/www.aplikuj.pl\/dokumenty\/#\/schema\/logo\/image\/"}}]}},"_links":{"self":[{"href":"https:\/\/www.aplikuj.pl\/dokumenty\/wp-json\/wp\/v2\/product\/4377","targetHints":{"allow":["GET"]}}],"collection":[{"href":"https:\/\/www.aplikuj.pl\/dokumenty\/wp-json\/wp\/v2\/product"}],"about":[{"href":"https:\/\/www.aplikuj.pl\/dokumenty\/wp-json\/wp\/v2\/types\/product"}],"version-history":[{"count":2,"href":"https:\/\/www.aplikuj.pl\/dokumenty\/wp-json\/wp\/v2\/product\/4377\/revisions"}],"predecessor-version":[{"id":5162,"href":"https:\/\/www.aplikuj.pl\/dokumenty\/wp-json\/wp\/v2\/product\/4377\/revisions\/5162"}],"wp:featuredmedia":[{"embeddable":true,"href":"https:\/\/www.aplikuj.pl\/dokumenty\/wp-json\/wp\/v2\/media\/4407"}],"wp:attachment":[{"href":"https:\/\/www.aplikuj.pl\/dokumenty\/wp-json\/wp\/v2\/media?parent=4377"}],"wp:term":[{"taxonomy":"product_brand","embeddable":true,"href":"https:\/\/www.aplikuj.pl\/dokumenty\/wp-json\/wp\/v2\/product_brand?post=4377"},{"taxonomy":"product_cat","embeddable":true,"href":"https:\/\/www.aplikuj.pl\/dokumenty\/wp-json\/wp\/v2\/product_cat?post=4377"},{"taxonomy":"product_tag","embeddable":true,"href":"https:\/\/www.aplikuj.pl\/dokumenty\/wp-json\/wp\/v2\/product_tag?post=4377"}],"curies":[{"name":"wp","href":"https:\/\/api.w.org\/{rel}","templated":true}]}}