{"id":4375,"date":"2020-09-14T13:25:27","date_gmt":"2020-09-14T11:25:27","guid":{"rendered":"https:\/\/www.aplikuj.pl\/dokumenty\/?post_type=product&#038;p=4375"},"modified":"2026-02-22T23:23:31","modified_gmt":"2026-02-22T22:23:31","slug":"wzor-wniosku-o-indywidualny-czas-pracy","status":"publish","type":"product","link":"https:\/\/www.aplikuj.pl\/dokumenty\/wzory-dokumentow-czas-pracy\/wzor-wniosku-o-indywidualny-czas-pracy\/","title":{"rendered":"Wz\u00f3r wniosku o ustalenie indywidualnego rozk\u0142adu czasu pracy"},"content":{"rendered":"<h2><span class=\"current\">Wz\u00f3r wniosku o ustalenie indywidualnego rozk\u0142adu czasu pracy<\/span><\/h2>\n<p>Wniosek o ustalenie indywidualnego rozk\u0142adu czasu pracy stanowi formaln\u0105 pro\u015bb\u0119 do pracodawcy o wprowadzenie zmian w godzinach pracy pracownika. Nale\u017cy jednak mie\u0107 \u015bwiadomo\u015b\u0107, \u017ce pracodawca nie ma obowi\u0105zku przystania na pro\u015bb\u0119 pracownika i to od jego woli zale\u017cy, czy zastosuje indywidualny rozk\u0142ad czasu pracy. Zmiany w rozk\u0142adzie czasu pracy musz\u0105 by\u0107 zgodne z systemem czasu pracy, jakim jest obj\u0119ty pracownik. Wniosek o ustalenie indywidualnego rozk\u0142adu czasu pracy jest formalnym dokumentem, a wi\u0119c nale\u017cy go skonstruowa\u0107 w odpowiedni spos\u00f3b. Tre\u015b\u0107 powinna zawiera\u0107:<\/p>\n<ul>\n<li>dat\u0119 z\u0142o\u017cenia wniosku;<\/li>\n<li>dane obu stron stosunku pracy;<\/li>\n<li>pro\u015bb\u0119 o zmian\u0119 czasu pracy;<\/li>\n<li>ewentualne uzasadnienie;<\/li>\n<li>miejsce na podpisy.<\/li>\n<\/ul>\n<p>Szablon wniosku o ustalenie indywidualnego rozk\u0142adu czasu pracy pozwoli przygotowa\u0107 poprawnie sformu\u0142owany dokument zgodny z obecnie obwi\u0105zuj\u0105cymi przepisami. Jego edycja jest bardzo prosta i intuicyjna.<\/p>\n<h2>Kiedy wnioskowa\u0107 o indywidualny rozk\u0142ad czasu pracy<\/h2>\n<p>Najcz\u0119\u015bciej wz\u00f3r wniosku o indywidualny rozk\u0142ad czasu pracy jest stosowany przez pracownik\u00f3w, kt\u00f3rzy musz\u0105 pogodzi\u0107 godziny pracy z niespodziewan\u0105 sytuacj\u0105 i zmianami w \u017cyciu prywatnym. Przepisy prawa nie wymagaj\u0105 co prawda podania przyczyny wnioskowania o zmian\u0119 godzin pracy, jednak odpowiednie uzasadnienie na pi\u015bmie i oficjalna pro\u015bba mo\u017ce by\u0107 kluczowe przy podj\u0119ciu decyzji przez pracodawc\u0119.<\/p>\n<p>O zmian\u0119 rozk\u0142adu godzin pracy najcz\u0119\u015bciej wnioskuje si\u0119, gdy:<\/p>\n<ul>\n<li>pracownik ma trudno\u015bci z dojazdem do pracy wynikaj\u0105ce ze zmian w rozk\u0142adach jazdy komunikacji publicznej;<\/li>\n<li>pracownik musi sprawowa\u0107 opiek\u0119 nad dzieckiem lub innym cz\u0142onkiem rodziny pod nieobecno\u015b\u0107 innych domownik\u00f3w;<\/li>\n<li>pracownik musi pogodzi\u0107 rozk\u0142ad zaj\u0119\u0107 szkolnych z grafikiem w pracy.<\/li>\n<\/ul>\n","protected":false},"excerpt":{"rendered":"<p>Gotowy szablon wniosku zosta\u0142 przygotowany w standardowej formie i z tre\u015bci\u0105 zgodn\u0105 z obowi\u0105zuj\u0105cymi normami. Wz\u00f3r wniosku o ustalenie indywidualnego rozk\u0142adu czasu pracy nale\u017cy samodzielnie edytowa\u0107, co umo\u017cliwiaj\u0105 najpopularniejsze programy do pracy z tekstem. Dokument jest kompatybilny z programem MS Word oraz z darmowymi pakietami biurowymi (Open Office lub Libre Office). Po uzupe\u0142nieniu i wydrukowaniu dokumentu nie zapomnij o z\u0142o\u017ceniu odr\u0119cznego podpisu.<\/p>\n","protected":false},"featured_media":4405,"template":"","meta":[],"product_brand":[],"product_cat":[23],"product_tag":[90,92,89,91],"class_list":{"0":"post-4375","1":"product","2":"type-product","3":"status-publish","4":"has-post-thumbnail","6":"product_cat-wzory-dokumentow-czas-pracy","7":"product_tag-indywidualny-czas-pracy-wniosek","8":"product_tag-usun-taksonomie-indywidualny-czas-pracy-wzor-pdf-indywidualny-czas-pracy-wniosek-wzor","9":"product_tag-wniosek-o-ustalenie-indywidualnego-czasu-pracy-wzor","10":"product_tag-wniosek-o-ustalenie-indywidualnych-godzin-pracy","12":"first","13":"instock","14":"shipping-taxable","15":"product-type-external"},"yoast_head":"<!-- This site is optimized with the Yoast SEO plugin v27.0 - https:\/\/yoast.com\/product\/yoast-seo-wordpress\/ -->\n<title>Wz\u00f3r wniosku o ustalenie indywidualnego rozk\u0142adu czasu pracy - Aplikuj.pl<\/title>\n<meta name=\"robots\" content=\"index, follow, max-snippet:-1, max-image-preview:large, max-video-preview:-1\" \/>\n<link rel=\"canonical\" href=\"https:\/\/www.aplikuj.pl\/dokumenty\/wzory-dokumentow-czas-pracy\/wzor-wniosku-o-indywidualny-czas-pracy\/\" \/>\n<meta property=\"og:locale\" content=\"pl_PL\" \/>\n<meta property=\"og:type\" content=\"article\" \/>\n<meta property=\"og:title\" content=\"Wz\u00f3r wniosku o ustalenie indywidualnego rozk\u0142adu czasu pracy - Aplikuj.pl\" \/>\n<meta property=\"og:description\" content=\"Gotowy szablon wniosku zosta\u0142 przygotowany w standardowej formie i z tre\u015bci\u0105 zgodn\u0105 z obowi\u0105zuj\u0105cymi normami. Wz\u00f3r wniosku o ustalenie indywidualnego rozk\u0142adu czasu pracy nale\u017cy samodzielnie edytowa\u0107, co umo\u017cliwiaj\u0105 najpopularniejsze programy do pracy z tekstem. Dokument jest kompatybilny z programem MS Word oraz z darmowymi pakietami biurowymi (Open Office lub Libre Office). Po uzupe\u0142nieniu i wydrukowaniu dokumentu nie zapomnij o z\u0142o\u017ceniu odr\u0119cznego podpisu.\" \/>\n<meta property=\"og:url\" content=\"https:\/\/www.aplikuj.pl\/dokumenty\/wzory-dokumentow-czas-pracy\/wzor-wniosku-o-indywidualny-czas-pracy\/\" \/>\n<meta property=\"og:site_name\" content=\"Aplikuj.pl\" \/>\n<meta property=\"article:modified_time\" content=\"2026-02-22T22:23:31+00:00\" \/>\n<meta property=\"og:image\" content=\"https:\/\/www.aplikuj.pl\/dokumenty\/wp-content\/uploads\/2020\/09\/aplikuj-wz\u00f3r-v16.jpg\" \/>\n\t<meta property=\"og:image:width\" content=\"794\" \/>\n\t<meta property=\"og:image:height\" content=\"1123\" \/>\n\t<meta property=\"og:image:type\" content=\"image\/jpeg\" \/>\n<meta name=\"twitter:card\" content=\"summary_large_image\" \/>\n<meta name=\"twitter:label1\" content=\"Szacowany czas czytania\" \/>\n\t<meta name=\"twitter:data1\" content=\"1 minuta\" \/>\n<script type=\"application\/ld+json\" class=\"yoast-schema-graph\">{\"@context\":\"https:\/\/schema.org\",\"@graph\":[{\"@type\":\"WebPage\",\"@id\":\"https:\/\/www.aplikuj.pl\/dokumenty\/wzory-dokumentow-czas-pracy\/wzor-wniosku-o-indywidualny-czas-pracy\/\",\"url\":\"https:\/\/www.aplikuj.pl\/dokumenty\/wzory-dokumentow-czas-pracy\/wzor-wniosku-o-indywidualny-czas-pracy\/\",\"name\":\"Wz\u00f3r wniosku o ustalenie indywidualnego rozk\u0142adu czasu pracy - Aplikuj.pl\",\"isPartOf\":{\"@id\":\"https:\/\/www.aplikuj.pl\/dokumenty\/#website\"},\"primaryImageOfPage\":{\"@id\":\"https:\/\/www.aplikuj.pl\/dokumenty\/wzory-dokumentow-czas-pracy\/wzor-wniosku-o-indywidualny-czas-pracy\/#primaryimage\"},\"image\":{\"@id\":\"https:\/\/www.aplikuj.pl\/dokumenty\/wzory-dokumentow-czas-pracy\/wzor-wniosku-o-indywidualny-czas-pracy\/#primaryimage\"},\"thumbnailUrl\":\"https:\/\/www.aplikuj.pl\/dokumenty\/wp-content\/uploads\/2020\/09\/aplikuj-wz\u00f3r-v16.jpg\",\"datePublished\":\"2020-09-14T11:25:27+00:00\",\"dateModified\":\"2026-02-22T22:23:31+00:00\",\"breadcrumb\":{\"@id\":\"https:\/\/www.aplikuj.pl\/dokumenty\/wzory-dokumentow-czas-pracy\/wzor-wniosku-o-indywidualny-czas-pracy\/#breadcrumb\"},\"inLanguage\":\"pl-PL\",\"potentialAction\":[{\"@type\":\"ReadAction\",\"target\":[\"https:\/\/www.aplikuj.pl\/dokumenty\/wzory-dokumentow-czas-pracy\/wzor-wniosku-o-indywidualny-czas-pracy\/\"]}]},{\"@type\":\"ImageObject\",\"inLanguage\":\"pl-PL\",\"@id\":\"https:\/\/www.aplikuj.pl\/dokumenty\/wzory-dokumentow-czas-pracy\/wzor-wniosku-o-indywidualny-czas-pracy\/#primaryimage\",\"url\":\"https:\/\/www.aplikuj.pl\/dokumenty\/wp-content\/uploads\/2020\/09\/aplikuj-wz\u00f3r-v16.jpg\",\"contentUrl\":\"https:\/\/www.aplikuj.pl\/dokumenty\/wp-content\/uploads\/2020\/09\/aplikuj-wz\u00f3r-v16.jpg\",\"width\":794,\"height\":1123,\"caption\":\"Grafika wniosek o ustalenie indywidualnego rozk\u0142adu czasu pracy\"},{\"@type\":\"BreadcrumbList\",\"@id\":\"https:\/\/www.aplikuj.pl\/dokumenty\/wzory-dokumentow-czas-pracy\/wzor-wniosku-o-indywidualny-czas-pracy\/#breadcrumb\",\"itemListElement\":[{\"@type\":\"ListItem\",\"position\":1,\"name\":\"Dokumenty HR\",\"item\":\"https:\/\/www.aplikuj.pl\/dokumenty\/\"},{\"@type\":\"ListItem\",\"position\":2,\"name\":\"umowa-o-prace\",\"item\":\"https:\/\/www.aplikuj.pl\/dokumenty\/umowa-o-prace\/\"},{\"@type\":\"ListItem\",\"position\":3,\"name\":\"Wzory dokument\u00f3w - czas pracy\",\"item\":\"https:\/\/www.aplikuj.pl\/dokumenty\/wzory-dokumentow-czas-pracy\/\"},{\"@type\":\"ListItem\",\"position\":4,\"name\":\"Wz\u00f3r wniosku o ustalenie indywidualnego rozk\u0142adu czasu pracy\"}]},{\"@type\":\"WebSite\",\"@id\":\"https:\/\/www.aplikuj.pl\/dokumenty\/#website\",\"url\":\"https:\/\/www.aplikuj.pl\/dokumenty\/\",\"name\":\"Aplikuj.pl\",\"description\":\"Profesjonalne i darmowe wzory dokument\u00f3w HR\",\"publisher\":{\"@id\":\"https:\/\/www.aplikuj.pl\/dokumenty\/#organization\"},\"potentialAction\":[{\"@type\":\"SearchAction\",\"target\":{\"@type\":\"EntryPoint\",\"urlTemplate\":\"https:\/\/www.aplikuj.pl\/dokumenty\/?s={search_term_string}\"},\"query-input\":{\"@type\":\"PropertyValueSpecification\",\"valueRequired\":true,\"valueName\":\"search_term_string\"}}],\"inLanguage\":\"pl-PL\"},{\"@type\":\"Organization\",\"@id\":\"https:\/\/www.aplikuj.pl\/dokumenty\/#organization\",\"name\":\"Aplikuj.pl\",\"url\":\"https:\/\/www.aplikuj.pl\/dokumenty\/\",\"logo\":{\"@type\":\"ImageObject\",\"inLanguage\":\"pl-PL\",\"@id\":\"https:\/\/www.aplikuj.pl\/dokumenty\/#\/schema\/logo\/image\/\",\"url\":\"\",\"contentUrl\":\"\",\"caption\":\"Aplikuj.pl\"},\"image\":{\"@id\":\"https:\/\/www.aplikuj.pl\/dokumenty\/#\/schema\/logo\/image\/\"}}]}<\/script>\n<!-- \/ Yoast SEO plugin. -->","yoast_head_json":{"title":"Wz\u00f3r wniosku o ustalenie indywidualnego rozk\u0142adu czasu pracy - Aplikuj.pl","robots":{"index":"index","follow":"follow","max-snippet":"max-snippet:-1","max-image-preview":"max-image-preview:large","max-video-preview":"max-video-preview:-1"},"canonical":"https:\/\/www.aplikuj.pl\/dokumenty\/wzory-dokumentow-czas-pracy\/wzor-wniosku-o-indywidualny-czas-pracy\/","og_locale":"pl_PL","og_type":"article","og_title":"Wz\u00f3r wniosku o ustalenie indywidualnego rozk\u0142adu czasu pracy - Aplikuj.pl","og_description":"Gotowy szablon wniosku zosta\u0142 przygotowany w standardowej formie i z tre\u015bci\u0105 zgodn\u0105 z obowi\u0105zuj\u0105cymi normami. Wz\u00f3r wniosku o ustalenie indywidualnego rozk\u0142adu czasu pracy nale\u017cy samodzielnie edytowa\u0107, co umo\u017cliwiaj\u0105 najpopularniejsze programy do pracy z tekstem. Dokument jest kompatybilny z programem MS Word oraz z darmowymi pakietami biurowymi (Open Office lub Libre Office). Po uzupe\u0142nieniu i wydrukowaniu dokumentu nie zapomnij o z\u0142o\u017ceniu odr\u0119cznego podpisu.","og_url":"https:\/\/www.aplikuj.pl\/dokumenty\/wzory-dokumentow-czas-pracy\/wzor-wniosku-o-indywidualny-czas-pracy\/","og_site_name":"Aplikuj.pl","article_modified_time":"2026-02-22T22:23:31+00:00","og_image":[{"width":794,"height":1123,"url":"https:\/\/www.aplikuj.pl\/dokumenty\/wp-content\/uploads\/2020\/09\/aplikuj-wz\u00f3r-v16.jpg","type":"image\/jpeg"}],"twitter_card":"summary_large_image","twitter_misc":{"Szacowany czas czytania":"1 minuta"},"schema":{"@context":"https:\/\/schema.org","@graph":[{"@type":"WebPage","@id":"https:\/\/www.aplikuj.pl\/dokumenty\/wzory-dokumentow-czas-pracy\/wzor-wniosku-o-indywidualny-czas-pracy\/","url":"https:\/\/www.aplikuj.pl\/dokumenty\/wzory-dokumentow-czas-pracy\/wzor-wniosku-o-indywidualny-czas-pracy\/","name":"Wz\u00f3r wniosku o ustalenie indywidualnego rozk\u0142adu czasu pracy - Aplikuj.pl","isPartOf":{"@id":"https:\/\/www.aplikuj.pl\/dokumenty\/#website"},"primaryImageOfPage":{"@id":"https:\/\/www.aplikuj.pl\/dokumenty\/wzory-dokumentow-czas-pracy\/wzor-wniosku-o-indywidualny-czas-pracy\/#primaryimage"},"image":{"@id":"https:\/\/www.aplikuj.pl\/dokumenty\/wzory-dokumentow-czas-pracy\/wzor-wniosku-o-indywidualny-czas-pracy\/#primaryimage"},"thumbnailUrl":"https:\/\/www.aplikuj.pl\/dokumenty\/wp-content\/uploads\/2020\/09\/aplikuj-wz\u00f3r-v16.jpg","datePublished":"2020-09-14T11:25:27+00:00","dateModified":"2026-02-22T22:23:31+00:00","breadcrumb":{"@id":"https:\/\/www.aplikuj.pl\/dokumenty\/wzory-dokumentow-czas-pracy\/wzor-wniosku-o-indywidualny-czas-pracy\/#breadcrumb"},"inLanguage":"pl-PL","potentialAction":[{"@type":"ReadAction","target":["https:\/\/www.aplikuj.pl\/dokumenty\/wzory-dokumentow-czas-pracy\/wzor-wniosku-o-indywidualny-czas-pracy\/"]}]},{"@type":"ImageObject","inLanguage":"pl-PL","@id":"https:\/\/www.aplikuj.pl\/dokumenty\/wzory-dokumentow-czas-pracy\/wzor-wniosku-o-indywidualny-czas-pracy\/#primaryimage","url":"https:\/\/www.aplikuj.pl\/dokumenty\/wp-content\/uploads\/2020\/09\/aplikuj-wz\u00f3r-v16.jpg","contentUrl":"https:\/\/www.aplikuj.pl\/dokumenty\/wp-content\/uploads\/2020\/09\/aplikuj-wz\u00f3r-v16.jpg","width":794,"height":1123,"caption":"Grafika wniosek o ustalenie indywidualnego rozk\u0142adu czasu pracy"},{"@type":"BreadcrumbList","@id":"https:\/\/www.aplikuj.pl\/dokumenty\/wzory-dokumentow-czas-pracy\/wzor-wniosku-o-indywidualny-czas-pracy\/#breadcrumb","itemListElement":[{"@type":"ListItem","position":1,"name":"Dokumenty HR","item":"https:\/\/www.aplikuj.pl\/dokumenty\/"},{"@type":"ListItem","position":2,"name":"umowa-o-prace","item":"https:\/\/www.aplikuj.pl\/dokumenty\/umowa-o-prace\/"},{"@type":"ListItem","position":3,"name":"Wzory dokument\u00f3w - czas pracy","item":"https:\/\/www.aplikuj.pl\/dokumenty\/wzory-dokumentow-czas-pracy\/"},{"@type":"ListItem","position":4,"name":"Wz\u00f3r wniosku o ustalenie indywidualnego rozk\u0142adu czasu pracy"}]},{"@type":"WebSite","@id":"https:\/\/www.aplikuj.pl\/dokumenty\/#website","url":"https:\/\/www.aplikuj.pl\/dokumenty\/","name":"Aplikuj.pl","description":"Profesjonalne i darmowe wzory dokument\u00f3w HR","publisher":{"@id":"https:\/\/www.aplikuj.pl\/dokumenty\/#organization"},"potentialAction":[{"@type":"SearchAction","target":{"@type":"EntryPoint","urlTemplate":"https:\/\/www.aplikuj.pl\/dokumenty\/?s={search_term_string}"},"query-input":{"@type":"PropertyValueSpecification","valueRequired":true,"valueName":"search_term_string"}}],"inLanguage":"pl-PL"},{"@type":"Organization","@id":"https:\/\/www.aplikuj.pl\/dokumenty\/#organization","name":"Aplikuj.pl","url":"https:\/\/www.aplikuj.pl\/dokumenty\/","logo":{"@type":"ImageObject","inLanguage":"pl-PL","@id":"https:\/\/www.aplikuj.pl\/dokumenty\/#\/schema\/logo\/image\/","url":"","contentUrl":"","caption":"Aplikuj.pl"},"image":{"@id":"https:\/\/www.aplikuj.pl\/dokumenty\/#\/schema\/logo\/image\/"}}]}},"_links":{"self":[{"href":"https:\/\/www.aplikuj.pl\/dokumenty\/wp-json\/wp\/v2\/product\/4375","targetHints":{"allow":["GET"]}}],"collection":[{"href":"https:\/\/www.aplikuj.pl\/dokumenty\/wp-json\/wp\/v2\/product"}],"about":[{"href":"https:\/\/www.aplikuj.pl\/dokumenty\/wp-json\/wp\/v2\/types\/product"}],"version-history":[{"count":2,"href":"https:\/\/www.aplikuj.pl\/dokumenty\/wp-json\/wp\/v2\/product\/4375\/revisions"}],"predecessor-version":[{"id":5161,"href":"https:\/\/www.aplikuj.pl\/dokumenty\/wp-json\/wp\/v2\/product\/4375\/revisions\/5161"}],"wp:featuredmedia":[{"embeddable":true,"href":"https:\/\/www.aplikuj.pl\/dokumenty\/wp-json\/wp\/v2\/media\/4405"}],"wp:attachment":[{"href":"https:\/\/www.aplikuj.pl\/dokumenty\/wp-json\/wp\/v2\/media?parent=4375"}],"wp:term":[{"taxonomy":"product_brand","embeddable":true,"href":"https:\/\/www.aplikuj.pl\/dokumenty\/wp-json\/wp\/v2\/product_brand?post=4375"},{"taxonomy":"product_cat","embeddable":true,"href":"https:\/\/www.aplikuj.pl\/dokumenty\/wp-json\/wp\/v2\/product_cat?post=4375"},{"taxonomy":"product_tag","embeddable":true,"href":"https:\/\/www.aplikuj.pl\/dokumenty\/wp-json\/wp\/v2\/product_tag?post=4375"}],"curies":[{"name":"wp","href":"https:\/\/api.w.org\/{rel}","templated":true}]}}