{"id":4373,"date":"2020-09-14T13:08:17","date_gmt":"2020-09-14T11:08:17","guid":{"rendered":"https:\/\/www.aplikuj.pl\/dokumenty\/?post_type=product&#038;p=4373"},"modified":"2026-02-22T23:23:31","modified_gmt":"2026-02-22T22:23:31","slug":"wzor-wniosku-zwolnienie-na-opieke","status":"publish","type":"product","link":"https:\/\/www.aplikuj.pl\/dokumenty\/wzory-dokumentow-czas-pracy\/wzor-wniosku-zwolnienie-na-opieke\/","title":{"rendered":"Wz\u00f3r wniosku o zwolnienie od pracy na opiek\u0119 nad dzieckiem"},"content":{"rendered":"<h2><span class=\"current\">Wz\u00f3r wniosku o udzielenie zwolnienia od pracy na opiek\u0119 nad dzieckiem<\/span><\/h2>\n<p>Wed\u0142ug obowi\u0105zuj\u0105cego prawa rodzice zatrudnieni na podstawie stosunku pracy s\u0105 uprawnieni do wolnego w celu sprawowania opieki nad dzieckiem. Zwolnienie od pracy z tego tytu\u0142u mo\u017cna uzyska\u0107 na <strong>opiek\u0119 nad dzieckiem do lat 14<\/strong> w razie jego choroby lub z innych przyczyn (nie jest konieczne dok\u0142adne ich okre\u015blenie). Co wa\u017cne, z tego przywileju mo\u017ce skorzysta\u0107 tylko jedno z dwojga pracuj\u0105cych rodzic\u00f3w. O\u015bwiadczenie o tym, kt\u00f3ry rodzic korzysta z uprawnienia, mo\u017cna z\u0142o\u017cy\u0107 na pocz\u0105tku zatrudnienia lub razem z wnioskiem o zwolnienie na opiek\u0119 nad chorym dzieckiem. Mo\u017cna uzyska\u0107 maksymalnie 2 dni wolnego z tego tytu\u0142u.<\/p>\n<h2>Kiedy z\u0142o\u017cy\u0107 wniosek o wolne na opiek\u0119<\/h2>\n<p>Pracownik ma obowi\u0105zek powiadomienia o ch\u0119ci skorzystania w danym dniu ze zwolnienia na opiek\u0119 nad dzieckiem przed rozpocz\u0119ciem pracy, aby pracodawca by\u0142 uprzedzony o jego nieobecno\u015bci. W wyj\u0105tkowych, nieprzewidzianych okoliczno\u015bciach mo\u017cna poinformowa\u0107 o tym pracodawc\u0119 oraz z\u0142o\u017cy\u0107 stosowny wniosek najp\u00f3\u017aniej w drugim dniu nieobecno\u015bci. Warto pami\u0119ta\u0107, \u017ce w pierwszym sk\u0142adanym w danym roku wniosku o zwolnienie na opiek\u0119 pracownik deklaruje, czy chce korzysta\u0107 w wolnego w wymiarze dni czy godzin. Je\u015bli wybierze wymiar godzinowy, przy ponownym sk\u0142adaniu takiego wniosku r\u00f3wnie\u017c okre\u015bla nieobecno\u015b\u0107 w liczbie godzin.<\/p>\n<h2>Jak wygl\u0105da wniosek o zwolnienie na opiek\u0119 nad dzieckiem<\/h2>\n<p>Przyznanie takiego zwolnienia wymaga z\u0142o\u017cenia odpowiedniego pisma, kt\u00f3re wchodzi w sk\u0142ad dokumentacji pracowniczej. Aby z\u0142o\u017cy\u0107 wniosek, mo\u017cesz skorzysta\u0107 z proponowanego przez nas gotowego wzoru i uzupe\u0142ni\u0107 go swoimi danymi. Dokument taki musi si\u0119 sk\u0142ada\u0107 ze standardowych element\u00f3w, bez kt\u00f3rych nie b\u0119dzie wa\u017cny. <strong>Wniosek o zwolnienie na opiek\u0119 nad dzieckiem powinien zawiera\u0107 przede wszystkim:<\/strong><\/p>\n<ul>\n<li>dat\u0119 i miejsce sporz\u0105dzenia dokumentu<\/li>\n<li>podstawowe dane pracownika i pracodawcy<\/li>\n<li>pro\u015bba o zwolnienie od pracy na opiek\u0119 nad dzieckiem do lat 14 na podstawie 188 art. Kodeksu pracy<\/li>\n<li>wymiar dni wolnych (1 lub 2) ze wskazaniem dok\u0142adnej daty<\/li>\n<li>o\u015bwiadczenie o niekorzystaniu z uprawnie\u0144 do zwolnienia przez drugiego rodzica<\/li>\n<li>podpis wniosku<\/li>\n<\/ul>\n<p>Wniosek o zwolnienie od pracy w celu sprawowania opieki nad dzieckiem powinien by\u0107 wydrukowany i z\u0142o\u017cony na pi\u015bmie, chyba \u017ce w zak\u0142adzie pracy dokumentacja jest przechowywana w formie elektronicznej, a wnioskuj\u0105cy ma tzw. podpis kwalifikowany &#8211; w\u00f3wczas mo\u017ce dostarczy\u0107 jedynie skan dokumentu opatrzony elektronicznym podpisem.<\/p>\n<h2>Zwolnienie od pracy na opiek\u0119 a zwolnienie lekarskie na dziecko<\/h2>\n<p>Warto podkre\u015bli\u0107, \u017ce czym\u015b innym jest wniosek o wolne na opiek\u0119 nad dzieckiem, a czym\u015b innym potoczne \u201eL4 na dziecko\u201d, kt\u00f3re wystawia lekarz. Cho\u0107 efekt jest ten sam \u2013 jedno z rodzic\u00f3w pozostaje w domu i zajmuje si\u0119 dzieckiem, w przypadku zwolnienia lekarskiego przyznawany jest zasi\u0142ek opieku\u0144czy wyp\u0142acany przez ZUS na czas niezdolno\u015bci do pracy. Przebywanie na takim zasi\u0142ku, w zale\u017cno\u015bci od decyzji lekarza, mo\u017ce trwa\u0107 znacznie d\u0142u\u017cej, ni\u017c w przypadku zwolnienia od pracy na opiek\u0119 nad dzieckiem. W ci\u0105gu roku rodzic mo\u017ce wzi\u0105\u0107 od 14 do 60 dni wolnych w ramach zasi\u0142ku opieku\u0144czego w zale\u017cno\u015bci od wieku dziecka (nie obowi\u0105zuje warunek do 14 lat).<\/p>\n","protected":false},"excerpt":{"rendered":"<p>Szablon dokumentu przygotowano dla pracownik\u00f3w, kt\u00f3rzy chc\u0105 z korzysta\u0107 z przys\u0142uguj\u0105cych im dni wolnych na opiek\u0119 nad dziecko. Do pobrania w dw\u00f3ch formatach proponujemy gotow\u0105 tre\u015b\u0107, kt\u00f3r\u0105 nale\u017cy uzupe\u0142ni\u0107 indywidualnymi danymi i podpisa\u0107 przed z\u0142o\u017ceniem pracodawcy.<\/p>\n<p>Wz\u00f3r wniosku o zwolnienie od pracy w celu sprawowania opieki nad dzieckiem w formacie doc. mo\u017cna edytowa\u0107 w programie MS Office lub innych darmowych edytorach tekstu. Wprowadzanie zmian we wniosku jest proste i nie wymaga specjalistycznych umiej\u0119tno\u015bci.<\/p>\n","protected":false},"featured_media":4404,"template":"","meta":[],"product_brand":[],"product_cat":[23],"product_tag":[95,94,93],"class_list":{"0":"post-4373","1":"product","2":"type-product","3":"status-publish","4":"has-post-thumbnail","6":"product_cat-wzory-dokumentow-czas-pracy","7":"product_tag-wniosek-o-zwolnienie-od-pracy-na-opieke","8":"product_tag-wzor-wniosku-o-zwolnienie-na-opieke-nad-dzieckiem","9":"product_tag-zwolnienie-od-pracy-na-opieke-wniosek-wzor","11":"first","12":"instock","13":"shipping-taxable","14":"product-type-external"},"yoast_head":"<!-- This site is optimized with the Yoast SEO plugin v27.0 - https:\/\/yoast.com\/product\/yoast-seo-wordpress\/ -->\n<title>Wz\u00f3r wniosku o zwolnienie od pracy na opiek\u0119 nad dzieckiem - Aplikuj.pl<\/title>\n<meta name=\"robots\" content=\"index, follow, max-snippet:-1, max-image-preview:large, max-video-preview:-1\" \/>\n<link rel=\"canonical\" href=\"https:\/\/www.aplikuj.pl\/dokumenty\/wzory-dokumentow-czas-pracy\/wzor-wniosku-zwolnienie-na-opieke\/\" \/>\n<meta property=\"og:locale\" content=\"pl_PL\" \/>\n<meta property=\"og:type\" content=\"article\" \/>\n<meta property=\"og:title\" content=\"Wz\u00f3r wniosku o zwolnienie od pracy na opiek\u0119 nad dzieckiem - Aplikuj.pl\" \/>\n<meta property=\"og:description\" content=\"Szablon dokumentu przygotowano dla pracownik\u00f3w, kt\u00f3rzy chc\u0105 z korzysta\u0107 z przys\u0142uguj\u0105cych im dni wolnych na opiek\u0119 nad dziecko. Do pobrania w dw\u00f3ch formatach proponujemy gotow\u0105 tre\u015b\u0107, kt\u00f3r\u0105 nale\u017cy uzupe\u0142ni\u0107 indywidualnymi danymi i podpisa\u0107 przed z\u0142o\u017ceniem pracodawcy.  Wz\u00f3r wniosku o zwolnienie od pracy w celu sprawowania opieki nad dzieckiem w formacie doc. mo\u017cna edytowa\u0107 w programie MS Office lub innych darmowych edytorach tekstu. Wprowadzanie zmian we wniosku jest proste i nie wymaga specjalistycznych umiej\u0119tno\u015bci.\" \/>\n<meta property=\"og:url\" content=\"https:\/\/www.aplikuj.pl\/dokumenty\/wzory-dokumentow-czas-pracy\/wzor-wniosku-zwolnienie-na-opieke\/\" \/>\n<meta property=\"og:site_name\" content=\"Aplikuj.pl\" \/>\n<meta property=\"article:modified_time\" content=\"2026-02-22T22:23:31+00:00\" \/>\n<meta property=\"og:image\" content=\"https:\/\/www.aplikuj.pl\/dokumenty\/wp-content\/uploads\/2020\/09\/aplikuj-wz\u00f3r-v15.jpg\" \/>\n\t<meta property=\"og:image:width\" content=\"794\" \/>\n\t<meta property=\"og:image:height\" content=\"1123\" \/>\n\t<meta property=\"og:image:type\" content=\"image\/jpeg\" \/>\n<meta name=\"twitter:card\" content=\"summary_large_image\" \/>\n<meta name=\"twitter:label1\" content=\"Szacowany czas czytania\" \/>\n\t<meta name=\"twitter:data1\" content=\"3 minuty\" \/>\n<script type=\"application\/ld+json\" class=\"yoast-schema-graph\">{\"@context\":\"https:\/\/schema.org\",\"@graph\":[{\"@type\":\"WebPage\",\"@id\":\"https:\/\/www.aplikuj.pl\/dokumenty\/wzory-dokumentow-czas-pracy\/wzor-wniosku-zwolnienie-na-opieke\/\",\"url\":\"https:\/\/www.aplikuj.pl\/dokumenty\/wzory-dokumentow-czas-pracy\/wzor-wniosku-zwolnienie-na-opieke\/\",\"name\":\"Wz\u00f3r wniosku o zwolnienie od pracy na opiek\u0119 nad dzieckiem - Aplikuj.pl\",\"isPartOf\":{\"@id\":\"https:\/\/www.aplikuj.pl\/dokumenty\/#website\"},\"primaryImageOfPage\":{\"@id\":\"https:\/\/www.aplikuj.pl\/dokumenty\/wzory-dokumentow-czas-pracy\/wzor-wniosku-zwolnienie-na-opieke\/#primaryimage\"},\"image\":{\"@id\":\"https:\/\/www.aplikuj.pl\/dokumenty\/wzory-dokumentow-czas-pracy\/wzor-wniosku-zwolnienie-na-opieke\/#primaryimage\"},\"thumbnailUrl\":\"https:\/\/www.aplikuj.pl\/dokumenty\/wp-content\/uploads\/2020\/09\/aplikuj-wz\u00f3r-v15.jpg\",\"datePublished\":\"2020-09-14T11:08:17+00:00\",\"dateModified\":\"2026-02-22T22:23:31+00:00\",\"breadcrumb\":{\"@id\":\"https:\/\/www.aplikuj.pl\/dokumenty\/wzory-dokumentow-czas-pracy\/wzor-wniosku-zwolnienie-na-opieke\/#breadcrumb\"},\"inLanguage\":\"pl-PL\",\"potentialAction\":[{\"@type\":\"ReadAction\",\"target\":[\"https:\/\/www.aplikuj.pl\/dokumenty\/wzory-dokumentow-czas-pracy\/wzor-wniosku-zwolnienie-na-opieke\/\"]}]},{\"@type\":\"ImageObject\",\"inLanguage\":\"pl-PL\",\"@id\":\"https:\/\/www.aplikuj.pl\/dokumenty\/wzory-dokumentow-czas-pracy\/wzor-wniosku-zwolnienie-na-opieke\/#primaryimage\",\"url\":\"https:\/\/www.aplikuj.pl\/dokumenty\/wp-content\/uploads\/2020\/09\/aplikuj-wz\u00f3r-v15.jpg\",\"contentUrl\":\"https:\/\/www.aplikuj.pl\/dokumenty\/wp-content\/uploads\/2020\/09\/aplikuj-wz\u00f3r-v15.jpg\",\"width\":794,\"height\":1123,\"caption\":\"Grafika wz\u00f3r wniosku o zwolnienie na opiek\u0119\"},{\"@type\":\"BreadcrumbList\",\"@id\":\"https:\/\/www.aplikuj.pl\/dokumenty\/wzory-dokumentow-czas-pracy\/wzor-wniosku-zwolnienie-na-opieke\/#breadcrumb\",\"itemListElement\":[{\"@type\":\"ListItem\",\"position\":1,\"name\":\"Dokumenty HR\",\"item\":\"https:\/\/www.aplikuj.pl\/dokumenty\/\"},{\"@type\":\"ListItem\",\"position\":2,\"name\":\"umowa-o-prace\",\"item\":\"https:\/\/www.aplikuj.pl\/dokumenty\/umowa-o-prace\/\"},{\"@type\":\"ListItem\",\"position\":3,\"name\":\"Wzory dokument\u00f3w - czas pracy\",\"item\":\"https:\/\/www.aplikuj.pl\/dokumenty\/wzory-dokumentow-czas-pracy\/\"},{\"@type\":\"ListItem\",\"position\":4,\"name\":\"Wz\u00f3r wniosku o zwolnienie od pracy na opiek\u0119 nad dzieckiem\"}]},{\"@type\":\"WebSite\",\"@id\":\"https:\/\/www.aplikuj.pl\/dokumenty\/#website\",\"url\":\"https:\/\/www.aplikuj.pl\/dokumenty\/\",\"name\":\"Aplikuj.pl\",\"description\":\"Profesjonalne i darmowe wzory dokument\u00f3w HR\",\"publisher\":{\"@id\":\"https:\/\/www.aplikuj.pl\/dokumenty\/#organization\"},\"potentialAction\":[{\"@type\":\"SearchAction\",\"target\":{\"@type\":\"EntryPoint\",\"urlTemplate\":\"https:\/\/www.aplikuj.pl\/dokumenty\/?s={search_term_string}\"},\"query-input\":{\"@type\":\"PropertyValueSpecification\",\"valueRequired\":true,\"valueName\":\"search_term_string\"}}],\"inLanguage\":\"pl-PL\"},{\"@type\":\"Organization\",\"@id\":\"https:\/\/www.aplikuj.pl\/dokumenty\/#organization\",\"name\":\"Aplikuj.pl\",\"url\":\"https:\/\/www.aplikuj.pl\/dokumenty\/\",\"logo\":{\"@type\":\"ImageObject\",\"inLanguage\":\"pl-PL\",\"@id\":\"https:\/\/www.aplikuj.pl\/dokumenty\/#\/schema\/logo\/image\/\",\"url\":\"\",\"contentUrl\":\"\",\"caption\":\"Aplikuj.pl\"},\"image\":{\"@id\":\"https:\/\/www.aplikuj.pl\/dokumenty\/#\/schema\/logo\/image\/\"}}]}<\/script>\n<!-- \/ Yoast SEO plugin. -->","yoast_head_json":{"title":"Wz\u00f3r wniosku o zwolnienie od pracy na opiek\u0119 nad dzieckiem - Aplikuj.pl","robots":{"index":"index","follow":"follow","max-snippet":"max-snippet:-1","max-image-preview":"max-image-preview:large","max-video-preview":"max-video-preview:-1"},"canonical":"https:\/\/www.aplikuj.pl\/dokumenty\/wzory-dokumentow-czas-pracy\/wzor-wniosku-zwolnienie-na-opieke\/","og_locale":"pl_PL","og_type":"article","og_title":"Wz\u00f3r wniosku o zwolnienie od pracy na opiek\u0119 nad dzieckiem - Aplikuj.pl","og_description":"Szablon dokumentu przygotowano dla pracownik\u00f3w, kt\u00f3rzy chc\u0105 z korzysta\u0107 z przys\u0142uguj\u0105cych im dni wolnych na opiek\u0119 nad dziecko. Do pobrania w dw\u00f3ch formatach proponujemy gotow\u0105 tre\u015b\u0107, kt\u00f3r\u0105 nale\u017cy uzupe\u0142ni\u0107 indywidualnymi danymi i podpisa\u0107 przed z\u0142o\u017ceniem pracodawcy.  Wz\u00f3r wniosku o zwolnienie od pracy w celu sprawowania opieki nad dzieckiem w formacie doc. mo\u017cna edytowa\u0107 w programie MS Office lub innych darmowych edytorach tekstu. Wprowadzanie zmian we wniosku jest proste i nie wymaga specjalistycznych umiej\u0119tno\u015bci.","og_url":"https:\/\/www.aplikuj.pl\/dokumenty\/wzory-dokumentow-czas-pracy\/wzor-wniosku-zwolnienie-na-opieke\/","og_site_name":"Aplikuj.pl","article_modified_time":"2026-02-22T22:23:31+00:00","og_image":[{"width":794,"height":1123,"url":"https:\/\/www.aplikuj.pl\/dokumenty\/wp-content\/uploads\/2020\/09\/aplikuj-wz\u00f3r-v15.jpg","type":"image\/jpeg"}],"twitter_card":"summary_large_image","twitter_misc":{"Szacowany czas czytania":"3 minuty"},"schema":{"@context":"https:\/\/schema.org","@graph":[{"@type":"WebPage","@id":"https:\/\/www.aplikuj.pl\/dokumenty\/wzory-dokumentow-czas-pracy\/wzor-wniosku-zwolnienie-na-opieke\/","url":"https:\/\/www.aplikuj.pl\/dokumenty\/wzory-dokumentow-czas-pracy\/wzor-wniosku-zwolnienie-na-opieke\/","name":"Wz\u00f3r wniosku o zwolnienie od pracy na opiek\u0119 nad dzieckiem - Aplikuj.pl","isPartOf":{"@id":"https:\/\/www.aplikuj.pl\/dokumenty\/#website"},"primaryImageOfPage":{"@id":"https:\/\/www.aplikuj.pl\/dokumenty\/wzory-dokumentow-czas-pracy\/wzor-wniosku-zwolnienie-na-opieke\/#primaryimage"},"image":{"@id":"https:\/\/www.aplikuj.pl\/dokumenty\/wzory-dokumentow-czas-pracy\/wzor-wniosku-zwolnienie-na-opieke\/#primaryimage"},"thumbnailUrl":"https:\/\/www.aplikuj.pl\/dokumenty\/wp-content\/uploads\/2020\/09\/aplikuj-wz\u00f3r-v15.jpg","datePublished":"2020-09-14T11:08:17+00:00","dateModified":"2026-02-22T22:23:31+00:00","breadcrumb":{"@id":"https:\/\/www.aplikuj.pl\/dokumenty\/wzory-dokumentow-czas-pracy\/wzor-wniosku-zwolnienie-na-opieke\/#breadcrumb"},"inLanguage":"pl-PL","potentialAction":[{"@type":"ReadAction","target":["https:\/\/www.aplikuj.pl\/dokumenty\/wzory-dokumentow-czas-pracy\/wzor-wniosku-zwolnienie-na-opieke\/"]}]},{"@type":"ImageObject","inLanguage":"pl-PL","@id":"https:\/\/www.aplikuj.pl\/dokumenty\/wzory-dokumentow-czas-pracy\/wzor-wniosku-zwolnienie-na-opieke\/#primaryimage","url":"https:\/\/www.aplikuj.pl\/dokumenty\/wp-content\/uploads\/2020\/09\/aplikuj-wz\u00f3r-v15.jpg","contentUrl":"https:\/\/www.aplikuj.pl\/dokumenty\/wp-content\/uploads\/2020\/09\/aplikuj-wz\u00f3r-v15.jpg","width":794,"height":1123,"caption":"Grafika wz\u00f3r wniosku o zwolnienie na opiek\u0119"},{"@type":"BreadcrumbList","@id":"https:\/\/www.aplikuj.pl\/dokumenty\/wzory-dokumentow-czas-pracy\/wzor-wniosku-zwolnienie-na-opieke\/#breadcrumb","itemListElement":[{"@type":"ListItem","position":1,"name":"Dokumenty HR","item":"https:\/\/www.aplikuj.pl\/dokumenty\/"},{"@type":"ListItem","position":2,"name":"umowa-o-prace","item":"https:\/\/www.aplikuj.pl\/dokumenty\/umowa-o-prace\/"},{"@type":"ListItem","position":3,"name":"Wzory dokument\u00f3w - czas pracy","item":"https:\/\/www.aplikuj.pl\/dokumenty\/wzory-dokumentow-czas-pracy\/"},{"@type":"ListItem","position":4,"name":"Wz\u00f3r wniosku o zwolnienie od pracy na opiek\u0119 nad dzieckiem"}]},{"@type":"WebSite","@id":"https:\/\/www.aplikuj.pl\/dokumenty\/#website","url":"https:\/\/www.aplikuj.pl\/dokumenty\/","name":"Aplikuj.pl","description":"Profesjonalne i darmowe wzory dokument\u00f3w HR","publisher":{"@id":"https:\/\/www.aplikuj.pl\/dokumenty\/#organization"},"potentialAction":[{"@type":"SearchAction","target":{"@type":"EntryPoint","urlTemplate":"https:\/\/www.aplikuj.pl\/dokumenty\/?s={search_term_string}"},"query-input":{"@type":"PropertyValueSpecification","valueRequired":true,"valueName":"search_term_string"}}],"inLanguage":"pl-PL"},{"@type":"Organization","@id":"https:\/\/www.aplikuj.pl\/dokumenty\/#organization","name":"Aplikuj.pl","url":"https:\/\/www.aplikuj.pl\/dokumenty\/","logo":{"@type":"ImageObject","inLanguage":"pl-PL","@id":"https:\/\/www.aplikuj.pl\/dokumenty\/#\/schema\/logo\/image\/","url":"","contentUrl":"","caption":"Aplikuj.pl"},"image":{"@id":"https:\/\/www.aplikuj.pl\/dokumenty\/#\/schema\/logo\/image\/"}}]}},"_links":{"self":[{"href":"https:\/\/www.aplikuj.pl\/dokumenty\/wp-json\/wp\/v2\/product\/4373","targetHints":{"allow":["GET"]}}],"collection":[{"href":"https:\/\/www.aplikuj.pl\/dokumenty\/wp-json\/wp\/v2\/product"}],"about":[{"href":"https:\/\/www.aplikuj.pl\/dokumenty\/wp-json\/wp\/v2\/types\/product"}],"version-history":[{"count":2,"href":"https:\/\/www.aplikuj.pl\/dokumenty\/wp-json\/wp\/v2\/product\/4373\/revisions"}],"predecessor-version":[{"id":5160,"href":"https:\/\/www.aplikuj.pl\/dokumenty\/wp-json\/wp\/v2\/product\/4373\/revisions\/5160"}],"wp:featuredmedia":[{"embeddable":true,"href":"https:\/\/www.aplikuj.pl\/dokumenty\/wp-json\/wp\/v2\/media\/4404"}],"wp:attachment":[{"href":"https:\/\/www.aplikuj.pl\/dokumenty\/wp-json\/wp\/v2\/media?parent=4373"}],"wp:term":[{"taxonomy":"product_brand","embeddable":true,"href":"https:\/\/www.aplikuj.pl\/dokumenty\/wp-json\/wp\/v2\/product_brand?post=4373"},{"taxonomy":"product_cat","embeddable":true,"href":"https:\/\/www.aplikuj.pl\/dokumenty\/wp-json\/wp\/v2\/product_cat?post=4373"},{"taxonomy":"product_tag","embeddable":true,"href":"https:\/\/www.aplikuj.pl\/dokumenty\/wp-json\/wp\/v2\/product_tag?post=4373"}],"curies":[{"name":"wp","href":"https:\/\/api.w.org\/{rel}","templated":true}]}}