{"id":3607,"date":"2019-05-20T12:53:02","date_gmt":"2019-05-20T10:53:02","guid":{"rendered":"https:\/\/www.aplikuj.pl\/cv\/?post_type=product&#038;p=3607"},"modified":"2026-02-22T23:22:17","modified_gmt":"2026-02-22T22:22:17","slug":"wzor-zyciorysu-pracownik-biurowy","status":"publish","type":"product","link":"https:\/\/www.aplikuj.pl\/cv\/wzory-zyciorysow\/wzor-zyciorysu-pracownik-biurowy\/","title":{"rendered":"Wz\u00f3r \u017cyciorysu pracownika biurowego"},"content":{"rendered":"","protected":false},"excerpt":{"rendered":"<h2>\u017byciorys pracownik biurowy<\/h2>\n<p>Nazywam si\u0119 Piotr Wa\u0142kiewicz, urodzi\u0142em si\u0119 w Zakopanem 29.02.1988 r., mam 30 lat. Pochodz\u0119 z ma\u0142ej, g\u00f3ralskiej rodziny. Mama Anna pracuje w bibliotece miejskiej w Zakopanem, a tata jest stolarzem w firmie produkuj\u0105cej drewniane okna w Poroninie. Nie posiadam rodze\u0144stwa, ale mam \u017con\u0119 Wand\u0119 oraz syna Joachima. Od 2007 r. mieszkam w Krakowie.<br \/>\nW latach 2004 \u2013 2007 uczy\u0142em si\u0119 w II LO im. Jana III Sobieskiego w Zakopanem w klasie o profilu humanistycznym. W 2007 r. uko\u0144czy\u0142em liceum ze \u015bredni\u0105 4,3. W tym samym roku wyprowadzi\u0142em si\u0119 do Krakowa i podj\u0105\u0142em nauk\u0119 na Uniwersytecie Jagiello\u0144skim na kierunku geografia. By\u0142em cz\u0142onkiem ko\u0142a naukowego, a wraz z jego cz\u0142onkami bra\u0142em udzia\u0142 w wielu projektach edukacyjno-naukowych i wyjazdach naukowo-krajoznawczych.<\/p>\n<p>W czasie studi\u00f3w pracowa\u0142em dorywczo jako kelner w restauracji \u201eWierzynek\u201d oraz odby\u0142em 3-miesi\u0119czne praktyki w Ma\u0142opolskim Centrum Rozwoju Regionalnego w charakterze asystenta biurowego. Studia uko\u0144czy\u0142em w 2012 r. z wyr\u00f3\u017cnieniem i podj\u0105\u0142em prac\u0119 w Capgemini BPO w Krakowie jako pracownik biurowy. W 2014 r. rozpocz\u0105\u0142em prac\u0119 w Shell w Rz\u0105sce ko\u0142o Krakowa, gdzie zajmowa\u0142em si\u0119 g\u0142\u00f3wnie pracami biurowymi z zakresu ksi\u0119gowo\u015bci i obs\u0142ugi klienta zewn\u0119trznego do 31.12.2018 r.<\/p>\n<p>Zar\u00f3wno podczas studi\u00f3w, jak i w pracy zawodowej anga\u017cowa\u0142em si\u0119 w szereg aktywno\u015bci edukacyjnych i wolontariackich, kt\u00f3re mia\u0142y na celu niesienie pomocy m\u0142odzie\u017cy wiejskiej i dzieciom z niepe\u0142nosprawno\u015bci\u0105 ruchow\u0105. Warto tutaj wymieni\u0107 takie akcje jak: \u201eSzlachetna Paczka\u201d i \u201eAkademia Przysz\u0142o\u015bci\u201d. Dodatkowo przez okres studencki trenowa\u0142em pi\u0142k\u0119 no\u017cn\u0105 w AZS UJ. Moje hobby to naprawa i ulepszanie samochod\u00f3w osobowych.<\/p>\n<p>&nbsp;<\/p>\n","protected":false},"featured_media":3609,"template":"","meta":[],"product_brand":[],"product_cat":[24],"product_tag":[],"class_list":{"0":"post-3607","1":"product","2":"type-product","3":"status-publish","4":"has-post-thumbnail","6":"product_cat-wzory-zyciorysow","8":"first","9":"instock","10":"shipping-taxable","11":"product-type-external"},"yoast_head":"<!-- This site is optimized with the Yoast SEO plugin v27.0 - https:\/\/yoast.com\/product\/yoast-seo-wordpress\/ -->\n<title>Wz\u00f3r \u017cyciorysu pracownika biurowego - Aplikuj.pl<\/title>\n<meta name=\"robots\" content=\"index, follow, max-snippet:-1, max-image-preview:large, max-video-preview:-1\" \/>\n<link rel=\"canonical\" href=\"https:\/\/www.aplikuj.pl\/cv\/wzory-zyciorysow\/wzor-zyciorysu-pracownik-biurowy\/\" \/>\n<meta property=\"og:locale\" content=\"pl_PL\" \/>\n<meta property=\"og:type\" content=\"article\" \/>\n<meta property=\"og:title\" content=\"Wz\u00f3r \u017cyciorysu pracownika biurowego - Aplikuj.pl\" \/>\n<meta property=\"og:description\" content=\"\u017byciorys pracownik biurowy Nazywam si\u0119 Piotr Wa\u0142kiewicz, urodzi\u0142em si\u0119 w Zakopanem 29.02.1988 r., mam 30 lat. Pochodz\u0119 z ma\u0142ej, g\u00f3ralskiej rodziny. Mama Anna pracuje w bibliotece miejskiej w Zakopanem, a tata jest stolarzem w firmie produkuj\u0105cej drewniane okna w Poroninie. Nie posiadam rodze\u0144stwa, ale mam \u017con\u0119 Wand\u0119 oraz syna Joachima. Od 2007 r. mieszkam w Krakowie. W latach 2004 \u2013 2007 uczy\u0142em si\u0119 w II LO im. Jana III Sobieskiego w Zakopanem w klasie o profilu humanistycznym. W 2007 r. uko\u0144czy\u0142em liceum ze \u015bredni\u0105 4,3. W tym samym roku wyprowadzi\u0142em si\u0119 do Krakowa i podj\u0105\u0142em nauk\u0119 na Uniwersytecie Jagiello\u0144skim na kierunku geografia. By\u0142em cz\u0142onkiem ko\u0142a naukowego, a wraz z jego cz\u0142onkami bra\u0142em udzia\u0142 w wielu projektach edukacyjno-naukowych i wyjazdach naukowo-krajoznawczych.  W czasie studi\u00f3w pracowa\u0142em dorywczo jako kelner w restauracji \u201eWierzynek\u201d oraz odby\u0142em 3-miesi\u0119czne praktyki w Ma\u0142opolskim Centrum Rozwoju Regionalnego w charakterze asystenta biurowego. Studia uko\u0144czy\u0142em w 2012 r. z wyr\u00f3\u017cnieniem i podj\u0105\u0142em prac\u0119 w Capgemini BPO w Krakowie jako pracownik biurowy. W 2014 r. rozpocz\u0105\u0142em prac\u0119 w Shell w Rz\u0105sce ko\u0142o Krakowa, gdzie zajmowa\u0142em si\u0119 g\u0142\u00f3wnie pracami biurowymi z zakresu ksi\u0119gowo\u015bci i obs\u0142ugi klienta zewn\u0119trznego do 31.12.2018 r.  Zar\u00f3wno podczas studi\u00f3w, jak i w pracy zawodowej anga\u017cowa\u0142em si\u0119 w szereg aktywno\u015bci edukacyjnych i wolontariackich, kt\u00f3re mia\u0142y na celu niesienie pomocy m\u0142odzie\u017cy wiejskiej i dzieciom z niepe\u0142nosprawno\u015bci\u0105 ruchow\u0105. Warto tutaj wymieni\u0107 takie akcje jak: \u201eSzlachetna Paczka\u201d i \u201eAkademia Przysz\u0142o\u015bci\u201d. Dodatkowo przez okres studencki trenowa\u0142em pi\u0142k\u0119 no\u017cn\u0105 w AZS UJ. Moje hobby to naprawa i ulepszanie samochod\u00f3w osobowych.  &nbsp;\" \/>\n<meta property=\"og:url\" content=\"https:\/\/www.aplikuj.pl\/cv\/wzory-zyciorysow\/wzor-zyciorysu-pracownik-biurowy\/\" \/>\n<meta property=\"og:site_name\" content=\"Aplikuj.pl\" \/>\n<meta property=\"article:modified_time\" content=\"2026-02-22T22:22:17+00:00\" \/>\n<meta property=\"og:image\" content=\"https:\/\/www.aplikuj.pl\/cv\/wp-content\/uploads\/2019\/05\/zyciorys-pracownik-biurowy.jpg\" \/>\n\t<meta property=\"og:image:width\" content=\"671\" \/>\n\t<meta property=\"og:image:height\" content=\"776\" \/>\n\t<meta property=\"og:image:type\" content=\"image\/jpeg\" \/>\n<meta name=\"twitter:card\" content=\"summary_large_image\" \/>\n<script type=\"application\/ld+json\" class=\"yoast-schema-graph\">{\"@context\":\"https:\/\/schema.org\",\"@graph\":[{\"@type\":\"WebPage\",\"@id\":\"https:\/\/www.aplikuj.pl\/cv\/wzory-zyciorysow\/wzor-zyciorysu-pracownik-biurowy\/\",\"url\":\"https:\/\/www.aplikuj.pl\/cv\/wzory-zyciorysow\/wzor-zyciorysu-pracownik-biurowy\/\",\"name\":\"Wz\u00f3r \u017cyciorysu pracownika biurowego - Aplikuj.pl\",\"isPartOf\":{\"@id\":\"https:\/\/www.aplikuj.pl\/cv\/#website\"},\"primaryImageOfPage\":{\"@id\":\"https:\/\/www.aplikuj.pl\/cv\/wzory-zyciorysow\/wzor-zyciorysu-pracownik-biurowy\/#primaryimage\"},\"image\":{\"@id\":\"https:\/\/www.aplikuj.pl\/cv\/wzory-zyciorysow\/wzor-zyciorysu-pracownik-biurowy\/#primaryimage\"},\"thumbnailUrl\":\"https:\/\/www.aplikuj.pl\/cv\/wp-content\/uploads\/2019\/05\/zyciorys-pracownik-biurowy.jpg\",\"datePublished\":\"2019-05-20T10:53:02+00:00\",\"dateModified\":\"2026-02-22T22:22:17+00:00\",\"breadcrumb\":{\"@id\":\"https:\/\/www.aplikuj.pl\/cv\/wzory-zyciorysow\/wzor-zyciorysu-pracownik-biurowy\/#breadcrumb\"},\"inLanguage\":\"pl-PL\",\"potentialAction\":[{\"@type\":\"ReadAction\",\"target\":[\"https:\/\/www.aplikuj.pl\/cv\/wzory-zyciorysow\/wzor-zyciorysu-pracownik-biurowy\/\"]}]},{\"@type\":\"ImageObject\",\"inLanguage\":\"pl-PL\",\"@id\":\"https:\/\/www.aplikuj.pl\/cv\/wzory-zyciorysow\/wzor-zyciorysu-pracownik-biurowy\/#primaryimage\",\"url\":\"https:\/\/www.aplikuj.pl\/cv\/wp-content\/uploads\/2019\/05\/zyciorys-pracownik-biurowy.jpg\",\"contentUrl\":\"https:\/\/www.aplikuj.pl\/cv\/wp-content\/uploads\/2019\/05\/zyciorys-pracownik-biurowy.jpg\",\"width\":671,\"height\":776,\"caption\":\"zyciorys-pracownik-biurowy\"},{\"@type\":\"BreadcrumbList\",\"@id\":\"https:\/\/www.aplikuj.pl\/cv\/wzory-zyciorysow\/wzor-zyciorysu-pracownik-biurowy\/#breadcrumb\",\"itemListElement\":[{\"@type\":\"ListItem\",\"position\":1,\"name\":\"Kreator CV\",\"item\":\"https:\/\/www.aplikuj.pl\/cv\/\"},{\"@type\":\"ListItem\",\"position\":2,\"name\":\"wzory-cv\",\"item\":\"https:\/\/www.aplikuj.pl\/cv\/wzory-cv\/\"},{\"@type\":\"ListItem\",\"position\":3,\"name\":\"Wzory \u017cyciorys\u00f3w\",\"item\":\"https:\/\/www.aplikuj.pl\/cv\/wzory-zyciorysow\/\"},{\"@type\":\"ListItem\",\"position\":4,\"name\":\"Wz\u00f3r \u017cyciorysu pracownika biurowego\"}]},{\"@type\":\"WebSite\",\"@id\":\"https:\/\/www.aplikuj.pl\/cv\/#website\",\"url\":\"https:\/\/www.aplikuj.pl\/cv\/\",\"name\":\"Aplikuj.pl\",\"description\":\"Profesjonalne i darmowe wzory CV, list\u00f3w motywacyjnych i poda\u0144 o prac\u0119\",\"publisher\":{\"@id\":\"https:\/\/www.aplikuj.pl\/cv\/#organization\"},\"potentialAction\":[{\"@type\":\"SearchAction\",\"target\":{\"@type\":\"EntryPoint\",\"urlTemplate\":\"https:\/\/www.aplikuj.pl\/cv\/?s={search_term_string}\"},\"query-input\":{\"@type\":\"PropertyValueSpecification\",\"valueRequired\":true,\"valueName\":\"search_term_string\"}}],\"inLanguage\":\"pl-PL\"},{\"@type\":\"Organization\",\"@id\":\"https:\/\/www.aplikuj.pl\/cv\/#organization\",\"name\":\"Aplikuj.pl\",\"url\":\"https:\/\/www.aplikuj.pl\/cv\/\",\"logo\":{\"@type\":\"ImageObject\",\"inLanguage\":\"pl-PL\",\"@id\":\"https:\/\/www.aplikuj.pl\/cv\/#\/schema\/logo\/image\/\",\"url\":\"https:\/\/www.aplikuj.pl\/cv\/wp-content\/uploads\/2019\/04\/cv-wzory-aplikuj.jpg\",\"contentUrl\":\"https:\/\/www.aplikuj.pl\/cv\/wp-content\/uploads\/2019\/04\/cv-wzory-aplikuj.jpg\",\"width\":180,\"height\":180,\"caption\":\"Aplikuj.pl\"},\"image\":{\"@id\":\"https:\/\/www.aplikuj.pl\/cv\/#\/schema\/logo\/image\/\"}}]}<\/script>\n<!-- \/ Yoast SEO plugin. -->","yoast_head_json":{"title":"Wz\u00f3r \u017cyciorysu pracownika biurowego - Aplikuj.pl","robots":{"index":"index","follow":"follow","max-snippet":"max-snippet:-1","max-image-preview":"max-image-preview:large","max-video-preview":"max-video-preview:-1"},"canonical":"https:\/\/www.aplikuj.pl\/cv\/wzory-zyciorysow\/wzor-zyciorysu-pracownik-biurowy\/","og_locale":"pl_PL","og_type":"article","og_title":"Wz\u00f3r \u017cyciorysu pracownika biurowego - Aplikuj.pl","og_description":"\u017byciorys pracownik biurowy Nazywam si\u0119 Piotr Wa\u0142kiewicz, urodzi\u0142em si\u0119 w Zakopanem 29.02.1988 r., mam 30 lat. Pochodz\u0119 z ma\u0142ej, g\u00f3ralskiej rodziny. Mama Anna pracuje w bibliotece miejskiej w Zakopanem, a tata jest stolarzem w firmie produkuj\u0105cej drewniane okna w Poroninie. Nie posiadam rodze\u0144stwa, ale mam \u017con\u0119 Wand\u0119 oraz syna Joachima. Od 2007 r. mieszkam w Krakowie. W latach 2004 \u2013 2007 uczy\u0142em si\u0119 w II LO im. Jana III Sobieskiego w Zakopanem w klasie o profilu humanistycznym. W 2007 r. uko\u0144czy\u0142em liceum ze \u015bredni\u0105 4,3. W tym samym roku wyprowadzi\u0142em si\u0119 do Krakowa i podj\u0105\u0142em nauk\u0119 na Uniwersytecie Jagiello\u0144skim na kierunku geografia. By\u0142em cz\u0142onkiem ko\u0142a naukowego, a wraz z jego cz\u0142onkami bra\u0142em udzia\u0142 w wielu projektach edukacyjno-naukowych i wyjazdach naukowo-krajoznawczych.  W czasie studi\u00f3w pracowa\u0142em dorywczo jako kelner w restauracji \u201eWierzynek\u201d oraz odby\u0142em 3-miesi\u0119czne praktyki w Ma\u0142opolskim Centrum Rozwoju Regionalnego w charakterze asystenta biurowego. Studia uko\u0144czy\u0142em w 2012 r. z wyr\u00f3\u017cnieniem i podj\u0105\u0142em prac\u0119 w Capgemini BPO w Krakowie jako pracownik biurowy. W 2014 r. rozpocz\u0105\u0142em prac\u0119 w Shell w Rz\u0105sce ko\u0142o Krakowa, gdzie zajmowa\u0142em si\u0119 g\u0142\u00f3wnie pracami biurowymi z zakresu ksi\u0119gowo\u015bci i obs\u0142ugi klienta zewn\u0119trznego do 31.12.2018 r.  Zar\u00f3wno podczas studi\u00f3w, jak i w pracy zawodowej anga\u017cowa\u0142em si\u0119 w szereg aktywno\u015bci edukacyjnych i wolontariackich, kt\u00f3re mia\u0142y na celu niesienie pomocy m\u0142odzie\u017cy wiejskiej i dzieciom z niepe\u0142nosprawno\u015bci\u0105 ruchow\u0105. Warto tutaj wymieni\u0107 takie akcje jak: \u201eSzlachetna Paczka\u201d i \u201eAkademia Przysz\u0142o\u015bci\u201d. Dodatkowo przez okres studencki trenowa\u0142em pi\u0142k\u0119 no\u017cn\u0105 w AZS UJ. Moje hobby to naprawa i ulepszanie samochod\u00f3w osobowych.  &nbsp;","og_url":"https:\/\/www.aplikuj.pl\/cv\/wzory-zyciorysow\/wzor-zyciorysu-pracownik-biurowy\/","og_site_name":"Aplikuj.pl","article_modified_time":"2026-02-22T22:22:17+00:00","og_image":[{"width":671,"height":776,"url":"https:\/\/www.aplikuj.pl\/cv\/wp-content\/uploads\/2019\/05\/zyciorys-pracownik-biurowy.jpg","type":"image\/jpeg"}],"twitter_card":"summary_large_image","schema":{"@context":"https:\/\/schema.org","@graph":[{"@type":"WebPage","@id":"https:\/\/www.aplikuj.pl\/cv\/wzory-zyciorysow\/wzor-zyciorysu-pracownik-biurowy\/","url":"https:\/\/www.aplikuj.pl\/cv\/wzory-zyciorysow\/wzor-zyciorysu-pracownik-biurowy\/","name":"Wz\u00f3r \u017cyciorysu pracownika biurowego - Aplikuj.pl","isPartOf":{"@id":"https:\/\/www.aplikuj.pl\/cv\/#website"},"primaryImageOfPage":{"@id":"https:\/\/www.aplikuj.pl\/cv\/wzory-zyciorysow\/wzor-zyciorysu-pracownik-biurowy\/#primaryimage"},"image":{"@id":"https:\/\/www.aplikuj.pl\/cv\/wzory-zyciorysow\/wzor-zyciorysu-pracownik-biurowy\/#primaryimage"},"thumbnailUrl":"https:\/\/www.aplikuj.pl\/cv\/wp-content\/uploads\/2019\/05\/zyciorys-pracownik-biurowy.jpg","datePublished":"2019-05-20T10:53:02+00:00","dateModified":"2026-02-22T22:22:17+00:00","breadcrumb":{"@id":"https:\/\/www.aplikuj.pl\/cv\/wzory-zyciorysow\/wzor-zyciorysu-pracownik-biurowy\/#breadcrumb"},"inLanguage":"pl-PL","potentialAction":[{"@type":"ReadAction","target":["https:\/\/www.aplikuj.pl\/cv\/wzory-zyciorysow\/wzor-zyciorysu-pracownik-biurowy\/"]}]},{"@type":"ImageObject","inLanguage":"pl-PL","@id":"https:\/\/www.aplikuj.pl\/cv\/wzory-zyciorysow\/wzor-zyciorysu-pracownik-biurowy\/#primaryimage","url":"https:\/\/www.aplikuj.pl\/cv\/wp-content\/uploads\/2019\/05\/zyciorys-pracownik-biurowy.jpg","contentUrl":"https:\/\/www.aplikuj.pl\/cv\/wp-content\/uploads\/2019\/05\/zyciorys-pracownik-biurowy.jpg","width":671,"height":776,"caption":"zyciorys-pracownik-biurowy"},{"@type":"BreadcrumbList","@id":"https:\/\/www.aplikuj.pl\/cv\/wzory-zyciorysow\/wzor-zyciorysu-pracownik-biurowy\/#breadcrumb","itemListElement":[{"@type":"ListItem","position":1,"name":"Kreator CV","item":"https:\/\/www.aplikuj.pl\/cv\/"},{"@type":"ListItem","position":2,"name":"wzory-cv","item":"https:\/\/www.aplikuj.pl\/cv\/wzory-cv\/"},{"@type":"ListItem","position":3,"name":"Wzory \u017cyciorys\u00f3w","item":"https:\/\/www.aplikuj.pl\/cv\/wzory-zyciorysow\/"},{"@type":"ListItem","position":4,"name":"Wz\u00f3r \u017cyciorysu pracownika biurowego"}]},{"@type":"WebSite","@id":"https:\/\/www.aplikuj.pl\/cv\/#website","url":"https:\/\/www.aplikuj.pl\/cv\/","name":"Aplikuj.pl","description":"Profesjonalne i darmowe wzory CV, list\u00f3w motywacyjnych i poda\u0144 o prac\u0119","publisher":{"@id":"https:\/\/www.aplikuj.pl\/cv\/#organization"},"potentialAction":[{"@type":"SearchAction","target":{"@type":"EntryPoint","urlTemplate":"https:\/\/www.aplikuj.pl\/cv\/?s={search_term_string}"},"query-input":{"@type":"PropertyValueSpecification","valueRequired":true,"valueName":"search_term_string"}}],"inLanguage":"pl-PL"},{"@type":"Organization","@id":"https:\/\/www.aplikuj.pl\/cv\/#organization","name":"Aplikuj.pl","url":"https:\/\/www.aplikuj.pl\/cv\/","logo":{"@type":"ImageObject","inLanguage":"pl-PL","@id":"https:\/\/www.aplikuj.pl\/cv\/#\/schema\/logo\/image\/","url":"https:\/\/www.aplikuj.pl\/cv\/wp-content\/uploads\/2019\/04\/cv-wzory-aplikuj.jpg","contentUrl":"https:\/\/www.aplikuj.pl\/cv\/wp-content\/uploads\/2019\/04\/cv-wzory-aplikuj.jpg","width":180,"height":180,"caption":"Aplikuj.pl"},"image":{"@id":"https:\/\/www.aplikuj.pl\/cv\/#\/schema\/logo\/image\/"}}]}},"_links":{"self":[{"href":"https:\/\/www.aplikuj.pl\/cv\/wp-json\/wp\/v2\/product\/3607","targetHints":{"allow":["GET"]}}],"collection":[{"href":"https:\/\/www.aplikuj.pl\/cv\/wp-json\/wp\/v2\/product"}],"about":[{"href":"https:\/\/www.aplikuj.pl\/cv\/wp-json\/wp\/v2\/types\/product"}],"version-history":[{"count":1,"href":"https:\/\/www.aplikuj.pl\/cv\/wp-json\/wp\/v2\/product\/3607\/revisions"}],"predecessor-version":[{"id":4988,"href":"https:\/\/www.aplikuj.pl\/cv\/wp-json\/wp\/v2\/product\/3607\/revisions\/4988"}],"wp:featuredmedia":[{"embeddable":true,"href":"https:\/\/www.aplikuj.pl\/cv\/wp-json\/wp\/v2\/media\/3609"}],"wp:attachment":[{"href":"https:\/\/www.aplikuj.pl\/cv\/wp-json\/wp\/v2\/media?parent=3607"}],"wp:term":[{"taxonomy":"product_brand","embeddable":true,"href":"https:\/\/www.aplikuj.pl\/cv\/wp-json\/wp\/v2\/product_brand?post=3607"},{"taxonomy":"product_cat","embeddable":true,"href":"https:\/\/www.aplikuj.pl\/cv\/wp-json\/wp\/v2\/product_cat?post=3607"},{"taxonomy":"product_tag","embeddable":true,"href":"https:\/\/www.aplikuj.pl\/cv\/wp-json\/wp\/v2\/product_tag?post=3607"}],"curies":[{"name":"wp","href":"https:\/\/api.w.org\/{rel}","templated":true}]}}