{"id":3602,"date":"2019-05-20T12:41:02","date_gmt":"2019-05-20T10:41:02","guid":{"rendered":"https:\/\/www.aplikuj.pl\/cv\/?post_type=product&#038;p=3602"},"modified":"2026-02-22T23:22:17","modified_gmt":"2026-02-22T22:22:17","slug":"wzor-zyciorysu-lekarz","status":"publish","type":"product","link":"https:\/\/www.aplikuj.pl\/cv\/wzory-zyciorysow\/wzor-zyciorysu-lekarz\/","title":{"rendered":"Wz\u00f3r \u017cyciorysu lekarza"},"content":{"rendered":"","protected":false},"excerpt":{"rendered":"<h2>\u017byciorys lekarz<\/h2>\n<p>Nazywam si\u0119 Olgierd Zalewski, urodzi\u0142em si\u0119 01.01.1985 r. w Suwa\u0142kach, a obecnie mieszkam w Warszawie. Posiadam rodze\u0144stwo oraz du\u017c\u0105, wielopokoleniow\u0105 rodzin\u0119 z tradycjami lekarskimi. Ojciec Jan jest dyrektorem szpitala miejskiego w Bia\u0142ymstoku, a matka Aldona prowadzi w\u0142asny gabinet stomatologiczny w Suwa\u0142kach. Moje rodze\u0144stwo (brat i siostra) aktualnie studiuje na Warszawskim Uniwersytecie Medycznym. Mam \u017con\u0119 Ann\u0119 oraz dwie c\u00f3rki: Joann\u0119 i Balbin\u0119.<\/p>\n<p>W 2004 r. uko\u0144czy\u0142em z wyr\u00f3\u017cnieniem I LO w Bia\u0142ymstoku na profilu biologiczno-chemicznym. By\u0142em te\u017c przewodnicz\u0105cym Samorz\u0105du Uczniowskiego. W tym samym roku podj\u0105\u0142em studia na kierunku lekarskim na Warszawskim Uniwersytecie Medycznym, kt\u00f3re tak\u017ce uko\u0144czy\u0142em z wyr\u00f3\u017cnieniem. Nast\u0119pnie podj\u0105\u0142em i uko\u0144czy\u0142em specjalizacj\u0119 z chirurgii og\u00f3lnej. Sta\u017c odby\u0142em w Poradni Chor\u00f3b Narz\u0105du Ruchu w Legionowie oraz w Klinice Chirurgii i Ortopedii w Warszawie. Natomiast od 2011 r. jestem zatrudniony w Szpitalu Uniwersyteckim w Warszawie, gdzie zajmuj\u0119 si\u0119 analiz\u0105 specyficznych przypadk\u00f3w w zakresie chirurgii.<\/p>\n<p>Ponadto kontynuuj\u0119 prac\u0119 naukow\u0105 i do ko\u0144ca 2019 r. zamierzam podj\u0105\u0107 obron\u0119 pracy doktorskiej pod kierunkiem prof. dr hab Jana Pyszczka. Co kilka miesi\u0119cy bior\u0119 aktywny udzia\u0142 w licznych konferencjach i sympozjach naukowych z mojej dziedziny. Z ciekawszych wyjazd\u00f3w to Alumni Medical Meeting w Kioto oraz miesi\u0119czne warsztaty doskonal\u0105ce chirurg\u00f3w w Monachium.<br \/>\nPo uzyskaniu tytu\u0142u naukowego chcia\u0142bym bra\u0107 udzia\u0142 w tworzeniu nowego o\u015brodka chirurgicznego w Polsce, aby dzi\u0119ki swoim umiej\u0119tno\u015bciom pomaga\u0107 pacjentom z trudnymi przypadkami.<br \/>\nCzas wolny sp\u0119dzam przewa\u017cnie w rodzinnym gronie. Moj\u0105 pasj\u0105 obok chirurgii jest tak\u017ce tenis ziemny, kt\u00f3ry uprawiam w amatorskim klubie tenisowym Victoria. Lubi\u0119 czyta\u0107 krymina\u0142y Grishama oraz fantastyk\u0119 Lema. Zbieram kartki pocztowe z kraj\u00f3w egzotycznych.<\/p>\n","protected":false},"featured_media":3603,"template":"","meta":[],"product_brand":[],"product_cat":[24],"product_tag":[],"class_list":{"0":"post-3602","1":"product","2":"type-product","3":"status-publish","4":"has-post-thumbnail","6":"product_cat-wzory-zyciorysow","8":"first","9":"instock","10":"shipping-taxable","11":"product-type-external"},"yoast_head":"<!-- This site is optimized with the Yoast SEO plugin v27.0 - https:\/\/yoast.com\/product\/yoast-seo-wordpress\/ -->\n<title>Wz\u00f3r \u017cyciorysu lekarza - Aplikuj.pl<\/title>\n<meta name=\"robots\" content=\"index, follow, max-snippet:-1, max-image-preview:large, max-video-preview:-1\" \/>\n<link rel=\"canonical\" href=\"https:\/\/www.aplikuj.pl\/cv\/wzory-zyciorysow\/wzor-zyciorysu-lekarz\/\" \/>\n<meta property=\"og:locale\" content=\"pl_PL\" \/>\n<meta property=\"og:type\" content=\"article\" \/>\n<meta property=\"og:title\" content=\"Wz\u00f3r \u017cyciorysu lekarza - Aplikuj.pl\" \/>\n<meta property=\"og:description\" content=\"\u017byciorys lekarz Nazywam si\u0119 Olgierd Zalewski, urodzi\u0142em si\u0119 01.01.1985 r. w Suwa\u0142kach, a obecnie mieszkam w Warszawie. Posiadam rodze\u0144stwo oraz du\u017c\u0105, wielopokoleniow\u0105 rodzin\u0119 z tradycjami lekarskimi. Ojciec Jan jest dyrektorem szpitala miejskiego w Bia\u0142ymstoku, a matka Aldona prowadzi w\u0142asny gabinet stomatologiczny w Suwa\u0142kach. Moje rodze\u0144stwo (brat i siostra) aktualnie studiuje na Warszawskim Uniwersytecie Medycznym. Mam \u017con\u0119 Ann\u0119 oraz dwie c\u00f3rki: Joann\u0119 i Balbin\u0119.  W 2004 r. uko\u0144czy\u0142em z wyr\u00f3\u017cnieniem I LO w Bia\u0142ymstoku na profilu biologiczno-chemicznym. By\u0142em te\u017c przewodnicz\u0105cym Samorz\u0105du Uczniowskiego. W tym samym roku podj\u0105\u0142em studia na kierunku lekarskim na Warszawskim Uniwersytecie Medycznym, kt\u00f3re tak\u017ce uko\u0144czy\u0142em z wyr\u00f3\u017cnieniem. Nast\u0119pnie podj\u0105\u0142em i uko\u0144czy\u0142em specjalizacj\u0119 z chirurgii og\u00f3lnej. Sta\u017c odby\u0142em w Poradni Chor\u00f3b Narz\u0105du Ruchu w Legionowie oraz w Klinice Chirurgii i Ortopedii w Warszawie. Natomiast od 2011 r. jestem zatrudniony w Szpitalu Uniwersyteckim w Warszawie, gdzie zajmuj\u0119 si\u0119 analiz\u0105 specyficznych przypadk\u00f3w w zakresie chirurgii.  Ponadto kontynuuj\u0119 prac\u0119 naukow\u0105 i do ko\u0144ca 2019 r. zamierzam podj\u0105\u0107 obron\u0119 pracy doktorskiej pod kierunkiem prof. dr hab Jana Pyszczka. Co kilka miesi\u0119cy bior\u0119 aktywny udzia\u0142 w licznych konferencjach i sympozjach naukowych z mojej dziedziny. Z ciekawszych wyjazd\u00f3w to Alumni Medical Meeting w Kioto oraz miesi\u0119czne warsztaty doskonal\u0105ce chirurg\u00f3w w Monachium. Po uzyskaniu tytu\u0142u naukowego chcia\u0142bym bra\u0107 udzia\u0142 w tworzeniu nowego o\u015brodka chirurgicznego w Polsce, aby dzi\u0119ki swoim umiej\u0119tno\u015bciom pomaga\u0107 pacjentom z trudnymi przypadkami. Czas wolny sp\u0119dzam przewa\u017cnie w rodzinnym gronie. Moj\u0105 pasj\u0105 obok chirurgii jest tak\u017ce tenis ziemny, kt\u00f3ry uprawiam w amatorskim klubie tenisowym Victoria. Lubi\u0119 czyta\u0107 krymina\u0142y Grishama oraz fantastyk\u0119 Lema. Zbieram kartki pocztowe z kraj\u00f3w egzotycznych.\" \/>\n<meta property=\"og:url\" content=\"https:\/\/www.aplikuj.pl\/cv\/wzory-zyciorysow\/wzor-zyciorysu-lekarz\/\" \/>\n<meta property=\"og:site_name\" content=\"Aplikuj.pl\" \/>\n<meta property=\"article:modified_time\" content=\"2026-02-22T22:22:17+00:00\" \/>\n<meta property=\"og:image\" content=\"https:\/\/www.aplikuj.pl\/cv\/wp-content\/uploads\/2019\/05\/zyciorys-lekarz.jpg\" \/>\n\t<meta property=\"og:image:width\" content=\"667\" \/>\n\t<meta property=\"og:image:height\" content=\"771\" \/>\n\t<meta property=\"og:image:type\" content=\"image\/jpeg\" \/>\n<meta name=\"twitter:card\" content=\"summary_large_image\" \/>\n<script type=\"application\/ld+json\" class=\"yoast-schema-graph\">{\"@context\":\"https:\/\/schema.org\",\"@graph\":[{\"@type\":\"WebPage\",\"@id\":\"https:\/\/www.aplikuj.pl\/cv\/wzory-zyciorysow\/wzor-zyciorysu-lekarz\/\",\"url\":\"https:\/\/www.aplikuj.pl\/cv\/wzory-zyciorysow\/wzor-zyciorysu-lekarz\/\",\"name\":\"Wz\u00f3r \u017cyciorysu lekarza - Aplikuj.pl\",\"isPartOf\":{\"@id\":\"https:\/\/www.aplikuj.pl\/cv\/#website\"},\"primaryImageOfPage\":{\"@id\":\"https:\/\/www.aplikuj.pl\/cv\/wzory-zyciorysow\/wzor-zyciorysu-lekarz\/#primaryimage\"},\"image\":{\"@id\":\"https:\/\/www.aplikuj.pl\/cv\/wzory-zyciorysow\/wzor-zyciorysu-lekarz\/#primaryimage\"},\"thumbnailUrl\":\"https:\/\/www.aplikuj.pl\/cv\/wp-content\/uploads\/2019\/05\/zyciorys-lekarz.jpg\",\"datePublished\":\"2019-05-20T10:41:02+00:00\",\"dateModified\":\"2026-02-22T22:22:17+00:00\",\"breadcrumb\":{\"@id\":\"https:\/\/www.aplikuj.pl\/cv\/wzory-zyciorysow\/wzor-zyciorysu-lekarz\/#breadcrumb\"},\"inLanguage\":\"pl-PL\",\"potentialAction\":[{\"@type\":\"ReadAction\",\"target\":[\"https:\/\/www.aplikuj.pl\/cv\/wzory-zyciorysow\/wzor-zyciorysu-lekarz\/\"]}]},{\"@type\":\"ImageObject\",\"inLanguage\":\"pl-PL\",\"@id\":\"https:\/\/www.aplikuj.pl\/cv\/wzory-zyciorysow\/wzor-zyciorysu-lekarz\/#primaryimage\",\"url\":\"https:\/\/www.aplikuj.pl\/cv\/wp-content\/uploads\/2019\/05\/zyciorys-lekarz.jpg\",\"contentUrl\":\"https:\/\/www.aplikuj.pl\/cv\/wp-content\/uploads\/2019\/05\/zyciorys-lekarz.jpg\",\"width\":667,\"height\":771,\"caption\":\"zyciorys-lekarz\"},{\"@type\":\"BreadcrumbList\",\"@id\":\"https:\/\/www.aplikuj.pl\/cv\/wzory-zyciorysow\/wzor-zyciorysu-lekarz\/#breadcrumb\",\"itemListElement\":[{\"@type\":\"ListItem\",\"position\":1,\"name\":\"Kreator CV\",\"item\":\"https:\/\/www.aplikuj.pl\/cv\/\"},{\"@type\":\"ListItem\",\"position\":2,\"name\":\"wzory-cv\",\"item\":\"https:\/\/www.aplikuj.pl\/cv\/wzory-cv\/\"},{\"@type\":\"ListItem\",\"position\":3,\"name\":\"Wzory \u017cyciorys\u00f3w\",\"item\":\"https:\/\/www.aplikuj.pl\/cv\/wzory-zyciorysow\/\"},{\"@type\":\"ListItem\",\"position\":4,\"name\":\"Wz\u00f3r \u017cyciorysu lekarza\"}]},{\"@type\":\"WebSite\",\"@id\":\"https:\/\/www.aplikuj.pl\/cv\/#website\",\"url\":\"https:\/\/www.aplikuj.pl\/cv\/\",\"name\":\"Aplikuj.pl\",\"description\":\"Profesjonalne i darmowe wzory CV, list\u00f3w motywacyjnych i poda\u0144 o prac\u0119\",\"publisher\":{\"@id\":\"https:\/\/www.aplikuj.pl\/cv\/#organization\"},\"potentialAction\":[{\"@type\":\"SearchAction\",\"target\":{\"@type\":\"EntryPoint\",\"urlTemplate\":\"https:\/\/www.aplikuj.pl\/cv\/?s={search_term_string}\"},\"query-input\":{\"@type\":\"PropertyValueSpecification\",\"valueRequired\":true,\"valueName\":\"search_term_string\"}}],\"inLanguage\":\"pl-PL\"},{\"@type\":\"Organization\",\"@id\":\"https:\/\/www.aplikuj.pl\/cv\/#organization\",\"name\":\"Aplikuj.pl\",\"url\":\"https:\/\/www.aplikuj.pl\/cv\/\",\"logo\":{\"@type\":\"ImageObject\",\"inLanguage\":\"pl-PL\",\"@id\":\"https:\/\/www.aplikuj.pl\/cv\/#\/schema\/logo\/image\/\",\"url\":\"https:\/\/www.aplikuj.pl\/cv\/wp-content\/uploads\/2019\/04\/cv-wzory-aplikuj.jpg\",\"contentUrl\":\"https:\/\/www.aplikuj.pl\/cv\/wp-content\/uploads\/2019\/04\/cv-wzory-aplikuj.jpg\",\"width\":180,\"height\":180,\"caption\":\"Aplikuj.pl\"},\"image\":{\"@id\":\"https:\/\/www.aplikuj.pl\/cv\/#\/schema\/logo\/image\/\"}}]}<\/script>\n<!-- \/ Yoast SEO plugin. -->","yoast_head_json":{"title":"Wz\u00f3r \u017cyciorysu lekarza - Aplikuj.pl","robots":{"index":"index","follow":"follow","max-snippet":"max-snippet:-1","max-image-preview":"max-image-preview:large","max-video-preview":"max-video-preview:-1"},"canonical":"https:\/\/www.aplikuj.pl\/cv\/wzory-zyciorysow\/wzor-zyciorysu-lekarz\/","og_locale":"pl_PL","og_type":"article","og_title":"Wz\u00f3r \u017cyciorysu lekarza - Aplikuj.pl","og_description":"\u017byciorys lekarz Nazywam si\u0119 Olgierd Zalewski, urodzi\u0142em si\u0119 01.01.1985 r. w Suwa\u0142kach, a obecnie mieszkam w Warszawie. Posiadam rodze\u0144stwo oraz du\u017c\u0105, wielopokoleniow\u0105 rodzin\u0119 z tradycjami lekarskimi. Ojciec Jan jest dyrektorem szpitala miejskiego w Bia\u0142ymstoku, a matka Aldona prowadzi w\u0142asny gabinet stomatologiczny w Suwa\u0142kach. Moje rodze\u0144stwo (brat i siostra) aktualnie studiuje na Warszawskim Uniwersytecie Medycznym. Mam \u017con\u0119 Ann\u0119 oraz dwie c\u00f3rki: Joann\u0119 i Balbin\u0119.  W 2004 r. uko\u0144czy\u0142em z wyr\u00f3\u017cnieniem I LO w Bia\u0142ymstoku na profilu biologiczno-chemicznym. By\u0142em te\u017c przewodnicz\u0105cym Samorz\u0105du Uczniowskiego. W tym samym roku podj\u0105\u0142em studia na kierunku lekarskim na Warszawskim Uniwersytecie Medycznym, kt\u00f3re tak\u017ce uko\u0144czy\u0142em z wyr\u00f3\u017cnieniem. Nast\u0119pnie podj\u0105\u0142em i uko\u0144czy\u0142em specjalizacj\u0119 z chirurgii og\u00f3lnej. Sta\u017c odby\u0142em w Poradni Chor\u00f3b Narz\u0105du Ruchu w Legionowie oraz w Klinice Chirurgii i Ortopedii w Warszawie. Natomiast od 2011 r. jestem zatrudniony w Szpitalu Uniwersyteckim w Warszawie, gdzie zajmuj\u0119 si\u0119 analiz\u0105 specyficznych przypadk\u00f3w w zakresie chirurgii.  Ponadto kontynuuj\u0119 prac\u0119 naukow\u0105 i do ko\u0144ca 2019 r. zamierzam podj\u0105\u0107 obron\u0119 pracy doktorskiej pod kierunkiem prof. dr hab Jana Pyszczka. Co kilka miesi\u0119cy bior\u0119 aktywny udzia\u0142 w licznych konferencjach i sympozjach naukowych z mojej dziedziny. Z ciekawszych wyjazd\u00f3w to Alumni Medical Meeting w Kioto oraz miesi\u0119czne warsztaty doskonal\u0105ce chirurg\u00f3w w Monachium. Po uzyskaniu tytu\u0142u naukowego chcia\u0142bym bra\u0107 udzia\u0142 w tworzeniu nowego o\u015brodka chirurgicznego w Polsce, aby dzi\u0119ki swoim umiej\u0119tno\u015bciom pomaga\u0107 pacjentom z trudnymi przypadkami. Czas wolny sp\u0119dzam przewa\u017cnie w rodzinnym gronie. Moj\u0105 pasj\u0105 obok chirurgii jest tak\u017ce tenis ziemny, kt\u00f3ry uprawiam w amatorskim klubie tenisowym Victoria. Lubi\u0119 czyta\u0107 krymina\u0142y Grishama oraz fantastyk\u0119 Lema. Zbieram kartki pocztowe z kraj\u00f3w egzotycznych.","og_url":"https:\/\/www.aplikuj.pl\/cv\/wzory-zyciorysow\/wzor-zyciorysu-lekarz\/","og_site_name":"Aplikuj.pl","article_modified_time":"2026-02-22T22:22:17+00:00","og_image":[{"width":667,"height":771,"url":"https:\/\/www.aplikuj.pl\/cv\/wp-content\/uploads\/2019\/05\/zyciorys-lekarz.jpg","type":"image\/jpeg"}],"twitter_card":"summary_large_image","schema":{"@context":"https:\/\/schema.org","@graph":[{"@type":"WebPage","@id":"https:\/\/www.aplikuj.pl\/cv\/wzory-zyciorysow\/wzor-zyciorysu-lekarz\/","url":"https:\/\/www.aplikuj.pl\/cv\/wzory-zyciorysow\/wzor-zyciorysu-lekarz\/","name":"Wz\u00f3r \u017cyciorysu lekarza - Aplikuj.pl","isPartOf":{"@id":"https:\/\/www.aplikuj.pl\/cv\/#website"},"primaryImageOfPage":{"@id":"https:\/\/www.aplikuj.pl\/cv\/wzory-zyciorysow\/wzor-zyciorysu-lekarz\/#primaryimage"},"image":{"@id":"https:\/\/www.aplikuj.pl\/cv\/wzory-zyciorysow\/wzor-zyciorysu-lekarz\/#primaryimage"},"thumbnailUrl":"https:\/\/www.aplikuj.pl\/cv\/wp-content\/uploads\/2019\/05\/zyciorys-lekarz.jpg","datePublished":"2019-05-20T10:41:02+00:00","dateModified":"2026-02-22T22:22:17+00:00","breadcrumb":{"@id":"https:\/\/www.aplikuj.pl\/cv\/wzory-zyciorysow\/wzor-zyciorysu-lekarz\/#breadcrumb"},"inLanguage":"pl-PL","potentialAction":[{"@type":"ReadAction","target":["https:\/\/www.aplikuj.pl\/cv\/wzory-zyciorysow\/wzor-zyciorysu-lekarz\/"]}]},{"@type":"ImageObject","inLanguage":"pl-PL","@id":"https:\/\/www.aplikuj.pl\/cv\/wzory-zyciorysow\/wzor-zyciorysu-lekarz\/#primaryimage","url":"https:\/\/www.aplikuj.pl\/cv\/wp-content\/uploads\/2019\/05\/zyciorys-lekarz.jpg","contentUrl":"https:\/\/www.aplikuj.pl\/cv\/wp-content\/uploads\/2019\/05\/zyciorys-lekarz.jpg","width":667,"height":771,"caption":"zyciorys-lekarz"},{"@type":"BreadcrumbList","@id":"https:\/\/www.aplikuj.pl\/cv\/wzory-zyciorysow\/wzor-zyciorysu-lekarz\/#breadcrumb","itemListElement":[{"@type":"ListItem","position":1,"name":"Kreator CV","item":"https:\/\/www.aplikuj.pl\/cv\/"},{"@type":"ListItem","position":2,"name":"wzory-cv","item":"https:\/\/www.aplikuj.pl\/cv\/wzory-cv\/"},{"@type":"ListItem","position":3,"name":"Wzory \u017cyciorys\u00f3w","item":"https:\/\/www.aplikuj.pl\/cv\/wzory-zyciorysow\/"},{"@type":"ListItem","position":4,"name":"Wz\u00f3r \u017cyciorysu lekarza"}]},{"@type":"WebSite","@id":"https:\/\/www.aplikuj.pl\/cv\/#website","url":"https:\/\/www.aplikuj.pl\/cv\/","name":"Aplikuj.pl","description":"Profesjonalne i darmowe wzory CV, list\u00f3w motywacyjnych i poda\u0144 o prac\u0119","publisher":{"@id":"https:\/\/www.aplikuj.pl\/cv\/#organization"},"potentialAction":[{"@type":"SearchAction","target":{"@type":"EntryPoint","urlTemplate":"https:\/\/www.aplikuj.pl\/cv\/?s={search_term_string}"},"query-input":{"@type":"PropertyValueSpecification","valueRequired":true,"valueName":"search_term_string"}}],"inLanguage":"pl-PL"},{"@type":"Organization","@id":"https:\/\/www.aplikuj.pl\/cv\/#organization","name":"Aplikuj.pl","url":"https:\/\/www.aplikuj.pl\/cv\/","logo":{"@type":"ImageObject","inLanguage":"pl-PL","@id":"https:\/\/www.aplikuj.pl\/cv\/#\/schema\/logo\/image\/","url":"https:\/\/www.aplikuj.pl\/cv\/wp-content\/uploads\/2019\/04\/cv-wzory-aplikuj.jpg","contentUrl":"https:\/\/www.aplikuj.pl\/cv\/wp-content\/uploads\/2019\/04\/cv-wzory-aplikuj.jpg","width":180,"height":180,"caption":"Aplikuj.pl"},"image":{"@id":"https:\/\/www.aplikuj.pl\/cv\/#\/schema\/logo\/image\/"}}]}},"_links":{"self":[{"href":"https:\/\/www.aplikuj.pl\/cv\/wp-json\/wp\/v2\/product\/3602","targetHints":{"allow":["GET"]}}],"collection":[{"href":"https:\/\/www.aplikuj.pl\/cv\/wp-json\/wp\/v2\/product"}],"about":[{"href":"https:\/\/www.aplikuj.pl\/cv\/wp-json\/wp\/v2\/types\/product"}],"version-history":[{"count":1,"href":"https:\/\/www.aplikuj.pl\/cv\/wp-json\/wp\/v2\/product\/3602\/revisions"}],"predecessor-version":[{"id":4987,"href":"https:\/\/www.aplikuj.pl\/cv\/wp-json\/wp\/v2\/product\/3602\/revisions\/4987"}],"wp:featuredmedia":[{"embeddable":true,"href":"https:\/\/www.aplikuj.pl\/cv\/wp-json\/wp\/v2\/media\/3603"}],"wp:attachment":[{"href":"https:\/\/www.aplikuj.pl\/cv\/wp-json\/wp\/v2\/media?parent=3602"}],"wp:term":[{"taxonomy":"product_brand","embeddable":true,"href":"https:\/\/www.aplikuj.pl\/cv\/wp-json\/wp\/v2\/product_brand?post=3602"},{"taxonomy":"product_cat","embeddable":true,"href":"https:\/\/www.aplikuj.pl\/cv\/wp-json\/wp\/v2\/product_cat?post=3602"},{"taxonomy":"product_tag","embeddable":true,"href":"https:\/\/www.aplikuj.pl\/cv\/wp-json\/wp\/v2\/product_tag?post=3602"}],"curies":[{"name":"wp","href":"https:\/\/api.w.org\/{rel}","templated":true}]}}