{"id":3578,"date":"2019-05-20T10:43:17","date_gmt":"2019-05-20T08:43:17","guid":{"rendered":"https:\/\/www.aplikuj.pl\/cv\/?post_type=product&#038;p=3578"},"modified":"2026-02-22T23:22:17","modified_gmt":"2026-02-22T22:22:17","slug":"wzor-zyciorysu-fryzjer","status":"publish","type":"product","link":"https:\/\/www.aplikuj.pl\/cv\/wzory-zyciorysow\/wzor-zyciorysu-fryzjer\/","title":{"rendered":"Wz\u00f3r \u017cyciorysu fryzjera"},"content":{"rendered":"","protected":false},"excerpt":{"rendered":"<h2>\u017byciorys FRYZJER<\/h2>\n<p>Nazywam si\u0119 Rafa\u0142 Mazur, urodzi\u0142em si\u0119 28.10.1985 r. w Opolu. Jestem kawalerem, mieszkam w Rudnie, gdzie prowadz\u0119 w\u0142asny salon fryzjerski. Moje codzienne obowi\u0105zki poza prac\u0105 wi\u0105\u017c\u0105 si\u0119 z opiek\u0105 nad kotem Filemonem, kt\u00f3rego przygarn\u0105\u0142em ze schroniska oraz psem Fafikiem, kt\u00f3ry jest ze mn\u0105, odk\u0105d usamodzielni\u0142em si\u0119 po przeprowadzce z rodzinnego domu. Moi rodzice mieszkaj\u0105 obecnie w Gliwicach, gdzie prowadz\u0105 restauracj\u0119 z w\u0142osk\u0105 kuchni\u0105, kt\u00f3ra jest nasz\u0105, wsp\u00f3ln\u0105 s\u0142abo\u015bci\u0105.<\/p>\n<p>Uko\u0144czy\u0142em Zasadnicz\u0105 Szko\u0142\u0119 Zawodow\u0105 w Opolu o profilu fryzjerskim. W 2005 r. zda\u0142em egzamin, kt\u00f3ry uprawnia mnie do pracy w zawodzie. Od 2004 r. gdy podj\u0105\u0142em praktyk\u0119 zawodow\u0105, realizuj\u0119 si\u0119 w tym co robi\u0119. W latach 2004 do 2008 pracowa\u0142em w Salonie Fryzjerskim w Opolu, odbywaj\u0105c liczne kursy fryzjerskie, dzi\u0119ki kt\u00f3rym rozwin\u0105\u0142em swoje umiej\u0119tno\u015bci przede wszystkim w zakresie koloryzacji w\u0142os\u00f3w. Obecnie spe\u0142niam zawodowe marzenia, pracuj\u0105c w w\u0142asnym salonie fryzjerskim, kt\u00f3ry funkcjonuje nieprzerwanie od 2009 r.<\/p>\n<p>Moje szerokie zainteresowania wi\u0105\u017c\u0105 si\u0119 przede wszystkim ze sportami ekstremalnymi. Po pracy p\u0119dz\u0119 na lokalne lotnisko, gdzie skacz\u0119 ze spadochronem, a na weekendy uciekam w g\u00f3ry, gdzie odbywam kurs latania paralotni\u0105.<\/p>\n<p>&nbsp;<\/p>\n<p>&nbsp;<\/p>\n","protected":false},"featured_media":3588,"template":"","meta":[],"product_brand":[],"product_cat":[24],"product_tag":[],"class_list":{"0":"post-3578","1":"product","2":"type-product","3":"status-publish","4":"has-post-thumbnail","6":"product_cat-wzory-zyciorysow","8":"first","9":"instock","10":"product-type-external"},"yoast_head":"<!-- This site is optimized with the Yoast SEO plugin v27.0 - https:\/\/yoast.com\/product\/yoast-seo-wordpress\/ -->\n<title>Wz\u00f3r \u017cyciorysu fryzjera - Aplikuj.pl<\/title>\n<meta name=\"robots\" content=\"index, follow, max-snippet:-1, max-image-preview:large, max-video-preview:-1\" \/>\n<link rel=\"canonical\" href=\"https:\/\/www.aplikuj.pl\/cv\/wzory-zyciorysow\/wzor-zyciorysu-fryzjer\/\" \/>\n<meta property=\"og:locale\" content=\"pl_PL\" \/>\n<meta property=\"og:type\" content=\"article\" \/>\n<meta property=\"og:title\" content=\"Wz\u00f3r \u017cyciorysu fryzjera - Aplikuj.pl\" \/>\n<meta property=\"og:description\" content=\"\u017byciorys FRYZJER Nazywam si\u0119 Rafa\u0142 Mazur, urodzi\u0142em si\u0119 28.10.1985 r. w Opolu. Jestem kawalerem, mieszkam w Rudnie, gdzie prowadz\u0119 w\u0142asny salon fryzjerski. Moje codzienne obowi\u0105zki poza prac\u0105 wi\u0105\u017c\u0105 si\u0119 z opiek\u0105 nad kotem Filemonem, kt\u00f3rego przygarn\u0105\u0142em ze schroniska oraz psem Fafikiem, kt\u00f3ry jest ze mn\u0105, odk\u0105d usamodzielni\u0142em si\u0119 po przeprowadzce z rodzinnego domu. Moi rodzice mieszkaj\u0105 obecnie w Gliwicach, gdzie prowadz\u0105 restauracj\u0119 z w\u0142osk\u0105 kuchni\u0105, kt\u00f3ra jest nasz\u0105, wsp\u00f3ln\u0105 s\u0142abo\u015bci\u0105.  Uko\u0144czy\u0142em Zasadnicz\u0105 Szko\u0142\u0119 Zawodow\u0105 w Opolu o profilu fryzjerskim. W 2005 r. zda\u0142em egzamin, kt\u00f3ry uprawnia mnie do pracy w zawodzie. Od 2004 r. gdy podj\u0105\u0142em praktyk\u0119 zawodow\u0105, realizuj\u0119 si\u0119 w tym co robi\u0119. W latach 2004 do 2008 pracowa\u0142em w Salonie Fryzjerskim w Opolu, odbywaj\u0105c liczne kursy fryzjerskie, dzi\u0119ki kt\u00f3rym rozwin\u0105\u0142em swoje umiej\u0119tno\u015bci przede wszystkim w zakresie koloryzacji w\u0142os\u00f3w. Obecnie spe\u0142niam zawodowe marzenia, pracuj\u0105c w w\u0142asnym salonie fryzjerskim, kt\u00f3ry funkcjonuje nieprzerwanie od 2009 r.  Moje szerokie zainteresowania wi\u0105\u017c\u0105 si\u0119 przede wszystkim ze sportami ekstremalnymi. Po pracy p\u0119dz\u0119 na lokalne lotnisko, gdzie skacz\u0119 ze spadochronem, a na weekendy uciekam w g\u00f3ry, gdzie odbywam kurs latania paralotni\u0105.  &nbsp;  &nbsp;\" \/>\n<meta property=\"og:url\" content=\"https:\/\/www.aplikuj.pl\/cv\/wzory-zyciorysow\/wzor-zyciorysu-fryzjer\/\" \/>\n<meta property=\"og:site_name\" content=\"Aplikuj.pl\" \/>\n<meta property=\"article:modified_time\" content=\"2026-02-22T22:22:17+00:00\" \/>\n<meta property=\"og:image\" content=\"https:\/\/www.aplikuj.pl\/cv\/wp-content\/uploads\/2019\/05\/zyciorys-fryzjer.jpg\" \/>\n\t<meta property=\"og:image:width\" content=\"680\" \/>\n\t<meta property=\"og:image:height\" content=\"775\" \/>\n\t<meta property=\"og:image:type\" content=\"image\/jpeg\" \/>\n<meta name=\"twitter:card\" content=\"summary_large_image\" \/>\n<script type=\"application\/ld+json\" class=\"yoast-schema-graph\">{\"@context\":\"https:\/\/schema.org\",\"@graph\":[{\"@type\":\"WebPage\",\"@id\":\"https:\/\/www.aplikuj.pl\/cv\/wzory-zyciorysow\/wzor-zyciorysu-fryzjer\/\",\"url\":\"https:\/\/www.aplikuj.pl\/cv\/wzory-zyciorysow\/wzor-zyciorysu-fryzjer\/\",\"name\":\"Wz\u00f3r \u017cyciorysu fryzjera - Aplikuj.pl\",\"isPartOf\":{\"@id\":\"https:\/\/www.aplikuj.pl\/cv\/#website\"},\"primaryImageOfPage\":{\"@id\":\"https:\/\/www.aplikuj.pl\/cv\/wzory-zyciorysow\/wzor-zyciorysu-fryzjer\/#primaryimage\"},\"image\":{\"@id\":\"https:\/\/www.aplikuj.pl\/cv\/wzory-zyciorysow\/wzor-zyciorysu-fryzjer\/#primaryimage\"},\"thumbnailUrl\":\"https:\/\/www.aplikuj.pl\/cv\/wp-content\/uploads\/2019\/05\/zyciorys-fryzjer.jpg\",\"datePublished\":\"2019-05-20T08:43:17+00:00\",\"dateModified\":\"2026-02-22T22:22:17+00:00\",\"breadcrumb\":{\"@id\":\"https:\/\/www.aplikuj.pl\/cv\/wzory-zyciorysow\/wzor-zyciorysu-fryzjer\/#breadcrumb\"},\"inLanguage\":\"pl-PL\",\"potentialAction\":[{\"@type\":\"ReadAction\",\"target\":[\"https:\/\/www.aplikuj.pl\/cv\/wzory-zyciorysow\/wzor-zyciorysu-fryzjer\/\"]}]},{\"@type\":\"ImageObject\",\"inLanguage\":\"pl-PL\",\"@id\":\"https:\/\/www.aplikuj.pl\/cv\/wzory-zyciorysow\/wzor-zyciorysu-fryzjer\/#primaryimage\",\"url\":\"https:\/\/www.aplikuj.pl\/cv\/wp-content\/uploads\/2019\/05\/zyciorys-fryzjer.jpg\",\"contentUrl\":\"https:\/\/www.aplikuj.pl\/cv\/wp-content\/uploads\/2019\/05\/zyciorys-fryzjer.jpg\",\"width\":680,\"height\":775,\"caption\":\"zyciorys-fryzjer\"},{\"@type\":\"BreadcrumbList\",\"@id\":\"https:\/\/www.aplikuj.pl\/cv\/wzory-zyciorysow\/wzor-zyciorysu-fryzjer\/#breadcrumb\",\"itemListElement\":[{\"@type\":\"ListItem\",\"position\":1,\"name\":\"Kreator CV\",\"item\":\"https:\/\/www.aplikuj.pl\/cv\/\"},{\"@type\":\"ListItem\",\"position\":2,\"name\":\"wzory-cv\",\"item\":\"https:\/\/www.aplikuj.pl\/cv\/wzory-cv\/\"},{\"@type\":\"ListItem\",\"position\":3,\"name\":\"Wzory \u017cyciorys\u00f3w\",\"item\":\"https:\/\/www.aplikuj.pl\/cv\/wzory-zyciorysow\/\"},{\"@type\":\"ListItem\",\"position\":4,\"name\":\"Wz\u00f3r \u017cyciorysu fryzjera\"}]},{\"@type\":\"WebSite\",\"@id\":\"https:\/\/www.aplikuj.pl\/cv\/#website\",\"url\":\"https:\/\/www.aplikuj.pl\/cv\/\",\"name\":\"Aplikuj.pl\",\"description\":\"Profesjonalne i darmowe wzory CV, list\u00f3w motywacyjnych i poda\u0144 o prac\u0119\",\"publisher\":{\"@id\":\"https:\/\/www.aplikuj.pl\/cv\/#organization\"},\"potentialAction\":[{\"@type\":\"SearchAction\",\"target\":{\"@type\":\"EntryPoint\",\"urlTemplate\":\"https:\/\/www.aplikuj.pl\/cv\/?s={search_term_string}\"},\"query-input\":{\"@type\":\"PropertyValueSpecification\",\"valueRequired\":true,\"valueName\":\"search_term_string\"}}],\"inLanguage\":\"pl-PL\"},{\"@type\":\"Organization\",\"@id\":\"https:\/\/www.aplikuj.pl\/cv\/#organization\",\"name\":\"Aplikuj.pl\",\"url\":\"https:\/\/www.aplikuj.pl\/cv\/\",\"logo\":{\"@type\":\"ImageObject\",\"inLanguage\":\"pl-PL\",\"@id\":\"https:\/\/www.aplikuj.pl\/cv\/#\/schema\/logo\/image\/\",\"url\":\"https:\/\/www.aplikuj.pl\/cv\/wp-content\/uploads\/2019\/04\/cv-wzory-aplikuj.jpg\",\"contentUrl\":\"https:\/\/www.aplikuj.pl\/cv\/wp-content\/uploads\/2019\/04\/cv-wzory-aplikuj.jpg\",\"width\":180,\"height\":180,\"caption\":\"Aplikuj.pl\"},\"image\":{\"@id\":\"https:\/\/www.aplikuj.pl\/cv\/#\/schema\/logo\/image\/\"}}]}<\/script>\n<!-- \/ Yoast SEO plugin. -->","yoast_head_json":{"title":"Wz\u00f3r \u017cyciorysu fryzjera - Aplikuj.pl","robots":{"index":"index","follow":"follow","max-snippet":"max-snippet:-1","max-image-preview":"max-image-preview:large","max-video-preview":"max-video-preview:-1"},"canonical":"https:\/\/www.aplikuj.pl\/cv\/wzory-zyciorysow\/wzor-zyciorysu-fryzjer\/","og_locale":"pl_PL","og_type":"article","og_title":"Wz\u00f3r \u017cyciorysu fryzjera - Aplikuj.pl","og_description":"\u017byciorys FRYZJER Nazywam si\u0119 Rafa\u0142 Mazur, urodzi\u0142em si\u0119 28.10.1985 r. w Opolu. Jestem kawalerem, mieszkam w Rudnie, gdzie prowadz\u0119 w\u0142asny salon fryzjerski. Moje codzienne obowi\u0105zki poza prac\u0105 wi\u0105\u017c\u0105 si\u0119 z opiek\u0105 nad kotem Filemonem, kt\u00f3rego przygarn\u0105\u0142em ze schroniska oraz psem Fafikiem, kt\u00f3ry jest ze mn\u0105, odk\u0105d usamodzielni\u0142em si\u0119 po przeprowadzce z rodzinnego domu. Moi rodzice mieszkaj\u0105 obecnie w Gliwicach, gdzie prowadz\u0105 restauracj\u0119 z w\u0142osk\u0105 kuchni\u0105, kt\u00f3ra jest nasz\u0105, wsp\u00f3ln\u0105 s\u0142abo\u015bci\u0105.  Uko\u0144czy\u0142em Zasadnicz\u0105 Szko\u0142\u0119 Zawodow\u0105 w Opolu o profilu fryzjerskim. W 2005 r. zda\u0142em egzamin, kt\u00f3ry uprawnia mnie do pracy w zawodzie. Od 2004 r. gdy podj\u0105\u0142em praktyk\u0119 zawodow\u0105, realizuj\u0119 si\u0119 w tym co robi\u0119. W latach 2004 do 2008 pracowa\u0142em w Salonie Fryzjerskim w Opolu, odbywaj\u0105c liczne kursy fryzjerskie, dzi\u0119ki kt\u00f3rym rozwin\u0105\u0142em swoje umiej\u0119tno\u015bci przede wszystkim w zakresie koloryzacji w\u0142os\u00f3w. Obecnie spe\u0142niam zawodowe marzenia, pracuj\u0105c w w\u0142asnym salonie fryzjerskim, kt\u00f3ry funkcjonuje nieprzerwanie od 2009 r.  Moje szerokie zainteresowania wi\u0105\u017c\u0105 si\u0119 przede wszystkim ze sportami ekstremalnymi. Po pracy p\u0119dz\u0119 na lokalne lotnisko, gdzie skacz\u0119 ze spadochronem, a na weekendy uciekam w g\u00f3ry, gdzie odbywam kurs latania paralotni\u0105.  &nbsp;  &nbsp;","og_url":"https:\/\/www.aplikuj.pl\/cv\/wzory-zyciorysow\/wzor-zyciorysu-fryzjer\/","og_site_name":"Aplikuj.pl","article_modified_time":"2026-02-22T22:22:17+00:00","og_image":[{"width":680,"height":775,"url":"https:\/\/www.aplikuj.pl\/cv\/wp-content\/uploads\/2019\/05\/zyciorys-fryzjer.jpg","type":"image\/jpeg"}],"twitter_card":"summary_large_image","schema":{"@context":"https:\/\/schema.org","@graph":[{"@type":"WebPage","@id":"https:\/\/www.aplikuj.pl\/cv\/wzory-zyciorysow\/wzor-zyciorysu-fryzjer\/","url":"https:\/\/www.aplikuj.pl\/cv\/wzory-zyciorysow\/wzor-zyciorysu-fryzjer\/","name":"Wz\u00f3r \u017cyciorysu fryzjera - Aplikuj.pl","isPartOf":{"@id":"https:\/\/www.aplikuj.pl\/cv\/#website"},"primaryImageOfPage":{"@id":"https:\/\/www.aplikuj.pl\/cv\/wzory-zyciorysow\/wzor-zyciorysu-fryzjer\/#primaryimage"},"image":{"@id":"https:\/\/www.aplikuj.pl\/cv\/wzory-zyciorysow\/wzor-zyciorysu-fryzjer\/#primaryimage"},"thumbnailUrl":"https:\/\/www.aplikuj.pl\/cv\/wp-content\/uploads\/2019\/05\/zyciorys-fryzjer.jpg","datePublished":"2019-05-20T08:43:17+00:00","dateModified":"2026-02-22T22:22:17+00:00","breadcrumb":{"@id":"https:\/\/www.aplikuj.pl\/cv\/wzory-zyciorysow\/wzor-zyciorysu-fryzjer\/#breadcrumb"},"inLanguage":"pl-PL","potentialAction":[{"@type":"ReadAction","target":["https:\/\/www.aplikuj.pl\/cv\/wzory-zyciorysow\/wzor-zyciorysu-fryzjer\/"]}]},{"@type":"ImageObject","inLanguage":"pl-PL","@id":"https:\/\/www.aplikuj.pl\/cv\/wzory-zyciorysow\/wzor-zyciorysu-fryzjer\/#primaryimage","url":"https:\/\/www.aplikuj.pl\/cv\/wp-content\/uploads\/2019\/05\/zyciorys-fryzjer.jpg","contentUrl":"https:\/\/www.aplikuj.pl\/cv\/wp-content\/uploads\/2019\/05\/zyciorys-fryzjer.jpg","width":680,"height":775,"caption":"zyciorys-fryzjer"},{"@type":"BreadcrumbList","@id":"https:\/\/www.aplikuj.pl\/cv\/wzory-zyciorysow\/wzor-zyciorysu-fryzjer\/#breadcrumb","itemListElement":[{"@type":"ListItem","position":1,"name":"Kreator CV","item":"https:\/\/www.aplikuj.pl\/cv\/"},{"@type":"ListItem","position":2,"name":"wzory-cv","item":"https:\/\/www.aplikuj.pl\/cv\/wzory-cv\/"},{"@type":"ListItem","position":3,"name":"Wzory \u017cyciorys\u00f3w","item":"https:\/\/www.aplikuj.pl\/cv\/wzory-zyciorysow\/"},{"@type":"ListItem","position":4,"name":"Wz\u00f3r \u017cyciorysu fryzjera"}]},{"@type":"WebSite","@id":"https:\/\/www.aplikuj.pl\/cv\/#website","url":"https:\/\/www.aplikuj.pl\/cv\/","name":"Aplikuj.pl","description":"Profesjonalne i darmowe wzory CV, list\u00f3w motywacyjnych i poda\u0144 o prac\u0119","publisher":{"@id":"https:\/\/www.aplikuj.pl\/cv\/#organization"},"potentialAction":[{"@type":"SearchAction","target":{"@type":"EntryPoint","urlTemplate":"https:\/\/www.aplikuj.pl\/cv\/?s={search_term_string}"},"query-input":{"@type":"PropertyValueSpecification","valueRequired":true,"valueName":"search_term_string"}}],"inLanguage":"pl-PL"},{"@type":"Organization","@id":"https:\/\/www.aplikuj.pl\/cv\/#organization","name":"Aplikuj.pl","url":"https:\/\/www.aplikuj.pl\/cv\/","logo":{"@type":"ImageObject","inLanguage":"pl-PL","@id":"https:\/\/www.aplikuj.pl\/cv\/#\/schema\/logo\/image\/","url":"https:\/\/www.aplikuj.pl\/cv\/wp-content\/uploads\/2019\/04\/cv-wzory-aplikuj.jpg","contentUrl":"https:\/\/www.aplikuj.pl\/cv\/wp-content\/uploads\/2019\/04\/cv-wzory-aplikuj.jpg","width":180,"height":180,"caption":"Aplikuj.pl"},"image":{"@id":"https:\/\/www.aplikuj.pl\/cv\/#\/schema\/logo\/image\/"}}]}},"_links":{"self":[{"href":"https:\/\/www.aplikuj.pl\/cv\/wp-json\/wp\/v2\/product\/3578","targetHints":{"allow":["GET"]}}],"collection":[{"href":"https:\/\/www.aplikuj.pl\/cv\/wp-json\/wp\/v2\/product"}],"about":[{"href":"https:\/\/www.aplikuj.pl\/cv\/wp-json\/wp\/v2\/types\/product"}],"version-history":[{"count":2,"href":"https:\/\/www.aplikuj.pl\/cv\/wp-json\/wp\/v2\/product\/3578\/revisions"}],"predecessor-version":[{"id":4984,"href":"https:\/\/www.aplikuj.pl\/cv\/wp-json\/wp\/v2\/product\/3578\/revisions\/4984"}],"wp:featuredmedia":[{"embeddable":true,"href":"https:\/\/www.aplikuj.pl\/cv\/wp-json\/wp\/v2\/media\/3588"}],"wp:attachment":[{"href":"https:\/\/www.aplikuj.pl\/cv\/wp-json\/wp\/v2\/media?parent=3578"}],"wp:term":[{"taxonomy":"product_brand","embeddable":true,"href":"https:\/\/www.aplikuj.pl\/cv\/wp-json\/wp\/v2\/product_brand?post=3578"},{"taxonomy":"product_cat","embeddable":true,"href":"https:\/\/www.aplikuj.pl\/cv\/wp-json\/wp\/v2\/product_cat?post=3578"},{"taxonomy":"product_tag","embeddable":true,"href":"https:\/\/www.aplikuj.pl\/cv\/wp-json\/wp\/v2\/product_tag?post=3578"}],"curies":[{"name":"wp","href":"https:\/\/api.w.org\/{rel}","templated":true}]}}