{"id":3477,"date":"2019-05-16T12:39:32","date_gmt":"2019-05-16T10:39:32","guid":{"rendered":"https:\/\/www.aplikuj.pl\/cv\/?post_type=product&#038;p=3477"},"modified":"2026-02-22T23:22:16","modified_gmt":"2026-02-22T22:22:16","slug":"wzor-cv-dla-informatyka","status":"publish","type":"product","link":"https:\/\/www.aplikuj.pl\/cv\/wzory-cv\/wzor-cv-dla-informatyka\/","title":{"rendered":"Wz\u00f3r CV dla informatyka"},"content":{"rendered":"<h2 style=\"text-align: justify;\">CV dla informatyka &#8211; 10 rad<\/h2>\n<p style=\"text-align: justify;\">CV czyli Curriculum Vitae to dokument, kt\u00f3ry przedstawia wykszta\u0142cenie, a tak\u017ce umiej\u0119tno\u015bci zawodowe i szczeg\u00f3\u0142owe do\u015bwiadczenie. W wi\u0119kszo\u015bci przypadk\u00f3w ma on form\u0119 ma\u0142o ciekawego spisu, kt\u00f3ry niczym nie wyr\u00f3\u017cnia si\u0119 spo\u015br\u00f3d wszelkich innych, kt\u00f3re trafi\u0142y do potencjalnego pracodawcy. Informatycy jako osoby, kt\u00f3re znaj\u0105 si\u0119 na najnowszych technologiach i potrafi\u0105 sprawnie korzysta\u0107 z bardziej zaawansowanych program\u00f3w komputerowych, mog\u0105 z powodzeniem pokusi\u0107 si\u0119 o sporz\u0105dzenie dokumentu, kt\u00f3ry b\u0119dzie si\u0119 rzuca\u0142 w oczy i zainteresuje pracodawc\u0119.<\/p>\n<ol>\n<li style=\"text-align: justify;\">Bardzo wa\u017cne jest to, aby wszelkie informacje zawarte w CV by\u0142y przedstawione przejrzy\u015bcie i wyra\u017anie. Warto wybra\u0107 odpowiedni rozmiar czcionki &#8211; troch\u0119 wi\u0119kszy do nag\u0142\u00f3wk\u00f3w, a mniejszy do pozosta\u0142ych informacji. Ponadto dobrym pomys\u0142em jest wyt\u0142uszczenie\u00a0istotniejszych fakt\u00f3w. Na samym pocz\u0105tku dokument\u00f3w powinno si\u0119 umie\u015bci\u0107 najwa\u017cniejsze dane kontaktowe, tak aby pracodawca nie mia\u0142 problem\u00f3w w razie ch\u0119ci zaproszenia do dalszej rekrutacji. Nie mo\u017cna te\u017c zapomnie\u0107 o dodaniu swojego zdj\u0119cia. Musi by\u0107 ono jednak odpowiednie do dokumentu. Dobrym pomys\u0142em jest fotografia legitymacyjna lub dowodowa.<\/li>\n<li style=\"text-align: justify;\">Kolejn\u0105 istotn\u0105 kwesti\u0105 jest odpowiednie rozpocz\u0119cie dokumentu, aby wyr\u00f3\u017cni\u0107 si\u0119 na tle innych kandydat\u00f3w. Dobrze jest rozpocz\u0105\u0107 od kr\u00f3tkiego podsumowania zawodowego, czyli opisu swojego do\u015bwiadczenia i kwalifikacji, aby pokaza\u0107, \u017ce nie jest si\u0119 przypadkowym kandydatem, ale osob\u0105 idealn\u0105 na dane stanowisko. Warto te\u017c wspomnie\u0107 o najwa\u017cniejszych osi\u0105gni\u0119ciach, a tak\u017ce w jednym, dw\u00f3ch zdaniach opisa\u0107 stanowisko, na kt\u00f3re si\u0119 aplikuje.<\/li>\n<li style=\"text-align: justify;\">Wypisuj\u0105c sko\u0144czone szko\u0142y, kursy i uczelnie trzeba pami\u0119ta\u0107 o zasadzie odwrotnej kolejno\u015bci. Najpierw nale\u017cy wymieni\u0107 aktualne pozycja, a im ni\u017cej tym kt\u00f3re dotycz\u0105 odleglejszych czas\u00f3w. To samo tyczy si\u0119 kwestii firm, w kt\u00f3rych si\u0119 pracowa\u0142o. Warto te\u017c zaznaczy\u0107 jakie zajmowa\u0142o si\u0119 w nich stanowiska.<\/li>\n<li style=\"text-align: justify;\">Wa\u017cne jest te\u017c uchwycenie swoich mocnych stron i wcze\u015bniejszych osi\u0105gni\u0119\u0107. Pracodawc\u00f3w interesuj\u0105 kandydatury nieprzeci\u0119tne, kt\u00f3re generuj\u0105 wi\u0119ksze zyski i b\u0119d\u0105 usprawnia\u0107 dzia\u0142anie firmy.<\/li>\n<li style=\"text-align: justify;\">Dobrze jest tak\u017ce podkre\u015bli\u0107 i atrakcyjnie zaprezentowa\u0107 dodatkowe umiej\u0119tno\u015bci, kt\u00f3re mog\u0105 si\u0119 okaza\u0107 bardzo istotne w dziedzinie informatycznej. Istotne jest to, aby na pocz\u0105tku odnie\u015b\u0107 si\u0119 do tego, czego pracodawca wymaga w swoim og\u0142oszeniu.<\/li>\n<li style=\"text-align: justify;\">Warto pami\u0119ta\u0107 o tym, \u017ce pracodawca du\u017co wi\u0119cej uwagi po\u015bwi\u0119ci studiowaniu sukces\u00f3w zawodowych i osi\u0105gni\u0119\u0107 w bran\u017cy ni\u017c informacji dotycz\u0105cych przebiegu studi\u00f3w. Dlatego nale\u017cy odpowiednio wywa\u017cy\u0107 informacje na te tematy.<\/li>\n<li style=\"text-align: justify;\">Przy pisaniu CV zawsze du\u017co problemu sprawia kwestia zainteresowania. Akapit ten nie s\u0142u\u017cy do pochwalenia si\u0119 swoimi hobby, ale do ukazania pracodawcy, \u017ce jest si\u0119 bardzo interesuj\u0105c\u0105 osob\u0105, kt\u00f3ra wniesie do zespo\u0142u du\u017co pozytyw\u00f3w.<\/li>\n<li style=\"text-align: justify;\">W pracy informatyka du\u017ce znaczenie maj\u0105 j\u0119zyki obce, dlatego dobrze jest doda\u0107 kilka informacji na ten temat. Warto wymieni\u0107 j\u0119zyki, kt\u00f3re si\u0119 zna i okre\u015bli\u0107 stopie\u0144 tej znajomo\u015bci.<\/li>\n<li style=\"text-align: justify;\">Je\u017celi ma si\u0119 bogaty \u017cyciorys warto wyselekcjonowa\u0107 najwa\u017cniejsze informacje, kt\u00f3re mog\u0105 najbardziej si\u0119 przyda\u0107 w pracy informatyka. Wypisywanie dziesi\u0105tek niepotrzebnych fakt\u00f3w, mo\u017ce odrzuci\u0107 pracodawce i zniech\u0119ci\u0107 go do si\u0119gni\u0119cia po CV i przeczytania go.<\/li>\n<li style=\"text-align: justify;\">Warto zadba\u0107 tak\u017ce o wszelkie szczeg\u00f3\u0142y, \u017ceby pracodawca bior\u0105c dokument do r\u0119ki widzia\u0142, \u017ce danej osobie zale\u017cy na otrzymaniu pracy. Dobrze jest odr\u0119cznie podpisa\u0107 CV, aby wyrazi\u0107 szacunek, a tak\u017ce zadba\u0107 o wyjustowanie tekstu lub wyr\u00f3wnanie go. Przed z\u0142o\u017ceniem lub wys\u0142aniem dokumentu warto go dok\u0142adnie przeczyta\u0107 i wyeliminowa\u0107 ewentualne b\u0142\u0119dy. Liter\u00f3wki, czy inne niedoci\u0105gni\u0119cia z pewno\u015bci\u0105 nie spodobaj\u0105 si\u0119 kadrowym.<\/li>\n<\/ol>\n","protected":false},"excerpt":{"rendered":"<h2>CV INFORMATYK<\/h2>\n<p>Dokument zosta\u0142 stworzony specjalnie dla os\u00f3b, kt\u00f3re pragn\u0105 znale\u017a\u0107 prac\u0119 w zawodzie informatyka. Wz\u00f3r CV opracowano z wykorzystaniem nowoczesnego szablony graficznego, kt\u00f3ry cechuje si\u0119 du\u017c\u0105 przejrzysto\u015bci\u0105 i estetyk\u0105 wykonania. Mo\u017cna go obejrze\u0107 na zdj\u0119ciu.<\/p>\n<p>Wz\u00f3r dokumentu mo\u017cna samodzielnie edytowa\u0107 zgodnie z w\u0142asnymi preferencjami. Najlepiej dokona\u0107 tego w programie MS Word lub w jego darmowym odpowiedniku np. Open Office. Edytowanie CV jest bardzo proste.<\/p>\n","protected":false},"featured_media":3555,"template":"","meta":[],"product_brand":[],"product_cat":[21],"product_tag":[],"class_list":{"0":"post-3477","1":"product","2":"type-product","3":"status-publish","4":"has-post-thumbnail","6":"product_cat-wzory-cv","8":"first","9":"instock","10":"product-type-external"},"yoast_head":"<!-- This site is optimized with the Yoast SEO plugin v27.0 - https:\/\/yoast.com\/product\/yoast-seo-wordpress\/ -->\n<title>Wz\u00f3r CV dla informatyka - Aplikuj.pl<\/title>\n<meta name=\"robots\" content=\"index, follow, max-snippet:-1, max-image-preview:large, max-video-preview:-1\" \/>\n<link rel=\"canonical\" href=\"https:\/\/www.aplikuj.pl\/cv\/wzory-cv\/wzor-cv-dla-informatyka\/\" \/>\n<meta property=\"og:locale\" content=\"pl_PL\" \/>\n<meta property=\"og:type\" content=\"article\" \/>\n<meta property=\"og:title\" content=\"Wz\u00f3r CV dla informatyka - Aplikuj.pl\" \/>\n<meta property=\"og:description\" content=\"CV INFORMATYK Dokument zosta\u0142 stworzony specjalnie dla os\u00f3b, kt\u00f3re pragn\u0105 znale\u017a\u0107 prac\u0119 w zawodzie informatyka. Wz\u00f3r CV opracowano z wykorzystaniem nowoczesnego szablony graficznego, kt\u00f3ry cechuje si\u0119 du\u017c\u0105 przejrzysto\u015bci\u0105 i estetyk\u0105 wykonania. Mo\u017cna go obejrze\u0107 na zdj\u0119ciu.  Wz\u00f3r dokumentu mo\u017cna samodzielnie edytowa\u0107 zgodnie z w\u0142asnymi preferencjami. Najlepiej dokona\u0107 tego w programie MS Word lub w jego darmowym odpowiedniku np. Open Office. Edytowanie CV jest bardzo proste.\" \/>\n<meta property=\"og:url\" content=\"https:\/\/www.aplikuj.pl\/cv\/wzory-cv\/wzor-cv-dla-informatyka\/\" \/>\n<meta property=\"og:site_name\" content=\"Aplikuj.pl\" \/>\n<meta property=\"article:modified_time\" content=\"2026-02-22T22:22:16+00:00\" \/>\n<meta property=\"og:image\" content=\"https:\/\/www.aplikuj.pl\/cv\/wp-content\/uploads\/2019\/05\/wz\u00f3r-cv-informatyk.png\" \/>\n\t<meta property=\"og:image:width\" content=\"482\" \/>\n\t<meta property=\"og:image:height\" content=\"680\" \/>\n\t<meta property=\"og:image:type\" content=\"image\/png\" \/>\n<meta name=\"twitter:card\" content=\"summary_large_image\" \/>\n<meta name=\"twitter:label1\" content=\"Szacowany czas czytania\" \/>\n\t<meta name=\"twitter:data1\" content=\"3 minuty\" \/>\n<script type=\"application\/ld+json\" class=\"yoast-schema-graph\">{\"@context\":\"https:\/\/schema.org\",\"@graph\":[{\"@type\":\"WebPage\",\"@id\":\"https:\/\/www.aplikuj.pl\/cv\/wzory-cv\/wzor-cv-dla-informatyka\/\",\"url\":\"https:\/\/www.aplikuj.pl\/cv\/wzory-cv\/wzor-cv-dla-informatyka\/\",\"name\":\"Wz\u00f3r CV dla informatyka - Aplikuj.pl\",\"isPartOf\":{\"@id\":\"https:\/\/www.aplikuj.pl\/cv\/#website\"},\"primaryImageOfPage\":{\"@id\":\"https:\/\/www.aplikuj.pl\/cv\/wzory-cv\/wzor-cv-dla-informatyka\/#primaryimage\"},\"image\":{\"@id\":\"https:\/\/www.aplikuj.pl\/cv\/wzory-cv\/wzor-cv-dla-informatyka\/#primaryimage\"},\"thumbnailUrl\":\"https:\/\/www.aplikuj.pl\/cv\/wp-content\/uploads\/2019\/05\/wz\u00f3r-cv-informatyk.png\",\"datePublished\":\"2019-05-16T10:39:32+00:00\",\"dateModified\":\"2026-02-22T22:22:16+00:00\",\"breadcrumb\":{\"@id\":\"https:\/\/www.aplikuj.pl\/cv\/wzory-cv\/wzor-cv-dla-informatyka\/#breadcrumb\"},\"inLanguage\":\"pl-PL\",\"potentialAction\":[{\"@type\":\"ReadAction\",\"target\":[\"https:\/\/www.aplikuj.pl\/cv\/wzory-cv\/wzor-cv-dla-informatyka\/\"]}]},{\"@type\":\"ImageObject\",\"inLanguage\":\"pl-PL\",\"@id\":\"https:\/\/www.aplikuj.pl\/cv\/wzory-cv\/wzor-cv-dla-informatyka\/#primaryimage\",\"url\":\"https:\/\/www.aplikuj.pl\/cv\/wp-content\/uploads\/2019\/05\/wz\u00f3r-cv-informatyk.png\",\"contentUrl\":\"https:\/\/www.aplikuj.pl\/cv\/wp-content\/uploads\/2019\/05\/wz\u00f3r-cv-informatyk.png\",\"width\":482,\"height\":680},{\"@type\":\"BreadcrumbList\",\"@id\":\"https:\/\/www.aplikuj.pl\/cv\/wzory-cv\/wzor-cv-dla-informatyka\/#breadcrumb\",\"itemListElement\":[{\"@type\":\"ListItem\",\"position\":1,\"name\":\"Kreator CV\",\"item\":\"https:\/\/www.aplikuj.pl\/cv\/\"},{\"@type\":\"ListItem\",\"position\":2,\"name\":\"wzory-cv\",\"item\":\"https:\/\/www.aplikuj.pl\/cv\/wzory-cv\/\"},{\"@type\":\"ListItem\",\"position\":3,\"name\":\"Wzory CV\",\"item\":\"https:\/\/www.aplikuj.pl\/cv\/wzory-cv\/\"},{\"@type\":\"ListItem\",\"position\":4,\"name\":\"Wz\u00f3r CV dla informatyka\"}]},{\"@type\":\"WebSite\",\"@id\":\"https:\/\/www.aplikuj.pl\/cv\/#website\",\"url\":\"https:\/\/www.aplikuj.pl\/cv\/\",\"name\":\"Aplikuj.pl\",\"description\":\"Profesjonalne i darmowe wzory CV, list\u00f3w motywacyjnych i poda\u0144 o prac\u0119\",\"publisher\":{\"@id\":\"https:\/\/www.aplikuj.pl\/cv\/#organization\"},\"potentialAction\":[{\"@type\":\"SearchAction\",\"target\":{\"@type\":\"EntryPoint\",\"urlTemplate\":\"https:\/\/www.aplikuj.pl\/cv\/?s={search_term_string}\"},\"query-input\":{\"@type\":\"PropertyValueSpecification\",\"valueRequired\":true,\"valueName\":\"search_term_string\"}}],\"inLanguage\":\"pl-PL\"},{\"@type\":\"Organization\",\"@id\":\"https:\/\/www.aplikuj.pl\/cv\/#organization\",\"name\":\"Aplikuj.pl\",\"url\":\"https:\/\/www.aplikuj.pl\/cv\/\",\"logo\":{\"@type\":\"ImageObject\",\"inLanguage\":\"pl-PL\",\"@id\":\"https:\/\/www.aplikuj.pl\/cv\/#\/schema\/logo\/image\/\",\"url\":\"https:\/\/www.aplikuj.pl\/cv\/wp-content\/uploads\/2019\/04\/cv-wzory-aplikuj.jpg\",\"contentUrl\":\"https:\/\/www.aplikuj.pl\/cv\/wp-content\/uploads\/2019\/04\/cv-wzory-aplikuj.jpg\",\"width\":180,\"height\":180,\"caption\":\"Aplikuj.pl\"},\"image\":{\"@id\":\"https:\/\/www.aplikuj.pl\/cv\/#\/schema\/logo\/image\/\"}}]}<\/script>\n<!-- \/ Yoast SEO plugin. -->","yoast_head_json":{"title":"Wz\u00f3r CV dla informatyka - Aplikuj.pl","robots":{"index":"index","follow":"follow","max-snippet":"max-snippet:-1","max-image-preview":"max-image-preview:large","max-video-preview":"max-video-preview:-1"},"canonical":"https:\/\/www.aplikuj.pl\/cv\/wzory-cv\/wzor-cv-dla-informatyka\/","og_locale":"pl_PL","og_type":"article","og_title":"Wz\u00f3r CV dla informatyka - Aplikuj.pl","og_description":"CV INFORMATYK Dokument zosta\u0142 stworzony specjalnie dla os\u00f3b, kt\u00f3re pragn\u0105 znale\u017a\u0107 prac\u0119 w zawodzie informatyka. Wz\u00f3r CV opracowano z wykorzystaniem nowoczesnego szablony graficznego, kt\u00f3ry cechuje si\u0119 du\u017c\u0105 przejrzysto\u015bci\u0105 i estetyk\u0105 wykonania. Mo\u017cna go obejrze\u0107 na zdj\u0119ciu.  Wz\u00f3r dokumentu mo\u017cna samodzielnie edytowa\u0107 zgodnie z w\u0142asnymi preferencjami. Najlepiej dokona\u0107 tego w programie MS Word lub w jego darmowym odpowiedniku np. Open Office. Edytowanie CV jest bardzo proste.","og_url":"https:\/\/www.aplikuj.pl\/cv\/wzory-cv\/wzor-cv-dla-informatyka\/","og_site_name":"Aplikuj.pl","article_modified_time":"2026-02-22T22:22:16+00:00","og_image":[{"width":482,"height":680,"url":"https:\/\/www.aplikuj.pl\/cv\/wp-content\/uploads\/2019\/05\/wz\u00f3r-cv-informatyk.png","type":"image\/png"}],"twitter_card":"summary_large_image","twitter_misc":{"Szacowany czas czytania":"3 minuty"},"schema":{"@context":"https:\/\/schema.org","@graph":[{"@type":"WebPage","@id":"https:\/\/www.aplikuj.pl\/cv\/wzory-cv\/wzor-cv-dla-informatyka\/","url":"https:\/\/www.aplikuj.pl\/cv\/wzory-cv\/wzor-cv-dla-informatyka\/","name":"Wz\u00f3r CV dla informatyka - Aplikuj.pl","isPartOf":{"@id":"https:\/\/www.aplikuj.pl\/cv\/#website"},"primaryImageOfPage":{"@id":"https:\/\/www.aplikuj.pl\/cv\/wzory-cv\/wzor-cv-dla-informatyka\/#primaryimage"},"image":{"@id":"https:\/\/www.aplikuj.pl\/cv\/wzory-cv\/wzor-cv-dla-informatyka\/#primaryimage"},"thumbnailUrl":"https:\/\/www.aplikuj.pl\/cv\/wp-content\/uploads\/2019\/05\/wz\u00f3r-cv-informatyk.png","datePublished":"2019-05-16T10:39:32+00:00","dateModified":"2026-02-22T22:22:16+00:00","breadcrumb":{"@id":"https:\/\/www.aplikuj.pl\/cv\/wzory-cv\/wzor-cv-dla-informatyka\/#breadcrumb"},"inLanguage":"pl-PL","potentialAction":[{"@type":"ReadAction","target":["https:\/\/www.aplikuj.pl\/cv\/wzory-cv\/wzor-cv-dla-informatyka\/"]}]},{"@type":"ImageObject","inLanguage":"pl-PL","@id":"https:\/\/www.aplikuj.pl\/cv\/wzory-cv\/wzor-cv-dla-informatyka\/#primaryimage","url":"https:\/\/www.aplikuj.pl\/cv\/wp-content\/uploads\/2019\/05\/wz\u00f3r-cv-informatyk.png","contentUrl":"https:\/\/www.aplikuj.pl\/cv\/wp-content\/uploads\/2019\/05\/wz\u00f3r-cv-informatyk.png","width":482,"height":680},{"@type":"BreadcrumbList","@id":"https:\/\/www.aplikuj.pl\/cv\/wzory-cv\/wzor-cv-dla-informatyka\/#breadcrumb","itemListElement":[{"@type":"ListItem","position":1,"name":"Kreator CV","item":"https:\/\/www.aplikuj.pl\/cv\/"},{"@type":"ListItem","position":2,"name":"wzory-cv","item":"https:\/\/www.aplikuj.pl\/cv\/wzory-cv\/"},{"@type":"ListItem","position":3,"name":"Wzory CV","item":"https:\/\/www.aplikuj.pl\/cv\/wzory-cv\/"},{"@type":"ListItem","position":4,"name":"Wz\u00f3r CV dla informatyka"}]},{"@type":"WebSite","@id":"https:\/\/www.aplikuj.pl\/cv\/#website","url":"https:\/\/www.aplikuj.pl\/cv\/","name":"Aplikuj.pl","description":"Profesjonalne i darmowe wzory CV, list\u00f3w motywacyjnych i poda\u0144 o prac\u0119","publisher":{"@id":"https:\/\/www.aplikuj.pl\/cv\/#organization"},"potentialAction":[{"@type":"SearchAction","target":{"@type":"EntryPoint","urlTemplate":"https:\/\/www.aplikuj.pl\/cv\/?s={search_term_string}"},"query-input":{"@type":"PropertyValueSpecification","valueRequired":true,"valueName":"search_term_string"}}],"inLanguage":"pl-PL"},{"@type":"Organization","@id":"https:\/\/www.aplikuj.pl\/cv\/#organization","name":"Aplikuj.pl","url":"https:\/\/www.aplikuj.pl\/cv\/","logo":{"@type":"ImageObject","inLanguage":"pl-PL","@id":"https:\/\/www.aplikuj.pl\/cv\/#\/schema\/logo\/image\/","url":"https:\/\/www.aplikuj.pl\/cv\/wp-content\/uploads\/2019\/04\/cv-wzory-aplikuj.jpg","contentUrl":"https:\/\/www.aplikuj.pl\/cv\/wp-content\/uploads\/2019\/04\/cv-wzory-aplikuj.jpg","width":180,"height":180,"caption":"Aplikuj.pl"},"image":{"@id":"https:\/\/www.aplikuj.pl\/cv\/#\/schema\/logo\/image\/"}}]}},"_links":{"self":[{"href":"https:\/\/www.aplikuj.pl\/cv\/wp-json\/wp\/v2\/product\/3477","targetHints":{"allow":["GET"]}}],"collection":[{"href":"https:\/\/www.aplikuj.pl\/cv\/wp-json\/wp\/v2\/product"}],"about":[{"href":"https:\/\/www.aplikuj.pl\/cv\/wp-json\/wp\/v2\/types\/product"}],"version-history":[{"count":1,"href":"https:\/\/www.aplikuj.pl\/cv\/wp-json\/wp\/v2\/product\/3477\/revisions"}],"predecessor-version":[{"id":4983,"href":"https:\/\/www.aplikuj.pl\/cv\/wp-json\/wp\/v2\/product\/3477\/revisions\/4983"}],"wp:featuredmedia":[{"embeddable":true,"href":"https:\/\/www.aplikuj.pl\/cv\/wp-json\/wp\/v2\/media\/3555"}],"wp:attachment":[{"href":"https:\/\/www.aplikuj.pl\/cv\/wp-json\/wp\/v2\/media?parent=3477"}],"wp:term":[{"taxonomy":"product_brand","embeddable":true,"href":"https:\/\/www.aplikuj.pl\/cv\/wp-json\/wp\/v2\/product_brand?post=3477"},{"taxonomy":"product_cat","embeddable":true,"href":"https:\/\/www.aplikuj.pl\/cv\/wp-json\/wp\/v2\/product_cat?post=3477"},{"taxonomy":"product_tag","embeddable":true,"href":"https:\/\/www.aplikuj.pl\/cv\/wp-json\/wp\/v2\/product_tag?post=3477"}],"curies":[{"name":"wp","href":"https:\/\/api.w.org\/{rel}","templated":true}]}}