{"id":3454,"date":"2019-05-15T10:46:59","date_gmt":"2019-05-15T08:46:59","guid":{"rendered":"https:\/\/www.aplikuj.pl\/cv\/?post_type=product&#038;p=3454"},"modified":"2026-02-22T23:22:16","modified_gmt":"2026-02-22T22:22:16","slug":"wzor-zyciorysu-copywriter","status":"publish","type":"product","link":"https:\/\/www.aplikuj.pl\/cv\/wzory-zyciorysow\/wzor-zyciorysu-copywriter\/","title":{"rendered":"Wz\u00f3r \u017cyciorysu copywritera"},"content":{"rendered":"","protected":false},"excerpt":{"rendered":"<h2>\u017byciorys COPYWRITER<\/h2>\n<p>Nazywam si\u0119 Bogus\u0142aw Blinda, urodzony w Bia\u0142ej Podlaskiej 17 maja 1998 roku i mam 21 lat. Jestem jedynakiem, p\u00f3\u0142sierot\u0105, wychowanym samotnie przez matk\u0119 Iren\u0119, obecnie prowadz\u0105c\u0105 sklep wielobran\u017cowy. M\u00f3j ojciec J\u00f3zef zgin\u0105\u0142 w wypadku samochodowym, gdy mia\u0142em 5 lat.<\/p>\n<p>Po uko\u0144czeniu Szko\u0142y Podstawowej nr 3 im. Marii Konopnickiej w Bia\u0142ej Podlaskiej oraz mieszcz\u0105cego si\u0119 tam Gimnazjum, z powodzeniem rozpocz\u0105\u0142em nauk\u0119 w rodzimym II Liceum Og\u00f3lnokszta\u0142c\u0105cym im. Emilii Plater, gdzie w roku 2017 zda\u0142em z wyr\u00f3\u017cnieniem matur\u0119. Obecnie studiuj\u0119 na Uniwersytecie Warszawskim na kierunku filologii roma\u0144skiej, mieszkam w akademiku i dorabiam do stypendium na platformie Good Content jako <strong>copywriter<\/strong>.<\/p>\n<p>Interesuj\u0119 si\u0119 sportem i rekreacj\u0105, turystyk\u0105, ochron\u0105 \u015brodowiska oraz polityk\u0105, ale nie dzia\u0142am w \u017cadnej organizacji. Po zako\u0144czeniu licencjatu zamierzam kontynuowa\u0107 studia, ale niekoniecznie na kierunku obecnym. Obecnie staram si\u0119 o wyjazd do Francji w ramach wymiany studenckiej, jednak\u017ce swoj\u0105 przysz\u0142o\u015b\u0107 wi\u0105\u017c\u0119 wy\u0142\u0105cznie z Polsk\u0105.<\/p>\n","protected":false},"featured_media":3455,"template":"","meta":[],"product_brand":[],"product_cat":[24],"product_tag":[],"class_list":{"0":"post-3454","1":"product","2":"type-product","3":"status-publish","4":"has-post-thumbnail","6":"product_cat-wzory-zyciorysow","8":"first","9":"instock","10":"product-type-external"},"yoast_head":"<!-- This site is optimized with the Yoast SEO plugin v27.0 - https:\/\/yoast.com\/product\/yoast-seo-wordpress\/ -->\n<title>Wz\u00f3r \u017cyciorysu copywritera - Aplikuj.pl<\/title>\n<meta name=\"robots\" content=\"index, follow, max-snippet:-1, max-image-preview:large, max-video-preview:-1\" \/>\n<link rel=\"canonical\" href=\"https:\/\/www.aplikuj.pl\/cv\/wzory-zyciorysow\/wzor-zyciorysu-copywriter\/\" \/>\n<meta property=\"og:locale\" content=\"pl_PL\" \/>\n<meta property=\"og:type\" content=\"article\" \/>\n<meta property=\"og:title\" content=\"Wz\u00f3r \u017cyciorysu copywritera - Aplikuj.pl\" \/>\n<meta property=\"og:description\" content=\"\u017byciorys COPYWRITER Nazywam si\u0119 Bogus\u0142aw Blinda, urodzony w Bia\u0142ej Podlaskiej 17 maja 1998 roku i mam 21 lat. Jestem jedynakiem, p\u00f3\u0142sierot\u0105, wychowanym samotnie przez matk\u0119 Iren\u0119, obecnie prowadz\u0105c\u0105 sklep wielobran\u017cowy. M\u00f3j ojciec J\u00f3zef zgin\u0105\u0142 w wypadku samochodowym, gdy mia\u0142em 5 lat.  Po uko\u0144czeniu Szko\u0142y Podstawowej nr 3 im. Marii Konopnickiej w Bia\u0142ej Podlaskiej oraz mieszcz\u0105cego si\u0119 tam Gimnazjum, z powodzeniem rozpocz\u0105\u0142em nauk\u0119 w rodzimym II Liceum Og\u00f3lnokszta\u0142c\u0105cym im. Emilii Plater, gdzie w roku 2017 zda\u0142em z wyr\u00f3\u017cnieniem matur\u0119. Obecnie studiuj\u0119 na Uniwersytecie Warszawskim na kierunku filologii roma\u0144skiej, mieszkam w akademiku i dorabiam do stypendium na platformie Good Content jako copywriter.  Interesuj\u0119 si\u0119 sportem i rekreacj\u0105, turystyk\u0105, ochron\u0105 \u015brodowiska oraz polityk\u0105, ale nie dzia\u0142am w \u017cadnej organizacji. Po zako\u0144czeniu licencjatu zamierzam kontynuowa\u0107 studia, ale niekoniecznie na kierunku obecnym. Obecnie staram si\u0119 o wyjazd do Francji w ramach wymiany studenckiej, jednak\u017ce swoj\u0105 przysz\u0142o\u015b\u0107 wi\u0105\u017c\u0119 wy\u0142\u0105cznie z Polsk\u0105.\" \/>\n<meta property=\"og:url\" content=\"https:\/\/www.aplikuj.pl\/cv\/wzory-zyciorysow\/wzor-zyciorysu-copywriter\/\" \/>\n<meta property=\"og:site_name\" content=\"Aplikuj.pl\" \/>\n<meta property=\"article:modified_time\" content=\"2026-02-22T22:22:16+00:00\" \/>\n<meta property=\"og:image\" content=\"https:\/\/www.aplikuj.pl\/cv\/wp-content\/uploads\/2019\/05\/copywriter_jpg.jpg\" \/>\n\t<meta property=\"og:image:width\" content=\"640\" \/>\n\t<meta property=\"og:image:height\" content=\"753\" \/>\n\t<meta property=\"og:image:type\" content=\"image\/jpeg\" \/>\n<meta name=\"twitter:card\" content=\"summary_large_image\" \/>\n<script type=\"application\/ld+json\" class=\"yoast-schema-graph\">{\"@context\":\"https:\/\/schema.org\",\"@graph\":[{\"@type\":\"WebPage\",\"@id\":\"https:\/\/www.aplikuj.pl\/cv\/wzory-zyciorysow\/wzor-zyciorysu-copywriter\/\",\"url\":\"https:\/\/www.aplikuj.pl\/cv\/wzory-zyciorysow\/wzor-zyciorysu-copywriter\/\",\"name\":\"Wz\u00f3r \u017cyciorysu copywritera - Aplikuj.pl\",\"isPartOf\":{\"@id\":\"https:\/\/www.aplikuj.pl\/cv\/#website\"},\"primaryImageOfPage\":{\"@id\":\"https:\/\/www.aplikuj.pl\/cv\/wzory-zyciorysow\/wzor-zyciorysu-copywriter\/#primaryimage\"},\"image\":{\"@id\":\"https:\/\/www.aplikuj.pl\/cv\/wzory-zyciorysow\/wzor-zyciorysu-copywriter\/#primaryimage\"},\"thumbnailUrl\":\"https:\/\/www.aplikuj.pl\/cv\/wp-content\/uploads\/2019\/05\/copywriter_jpg.jpg\",\"datePublished\":\"2019-05-15T08:46:59+00:00\",\"dateModified\":\"2026-02-22T22:22:16+00:00\",\"breadcrumb\":{\"@id\":\"https:\/\/www.aplikuj.pl\/cv\/wzory-zyciorysow\/wzor-zyciorysu-copywriter\/#breadcrumb\"},\"inLanguage\":\"pl-PL\",\"potentialAction\":[{\"@type\":\"ReadAction\",\"target\":[\"https:\/\/www.aplikuj.pl\/cv\/wzory-zyciorysow\/wzor-zyciorysu-copywriter\/\"]}]},{\"@type\":\"ImageObject\",\"inLanguage\":\"pl-PL\",\"@id\":\"https:\/\/www.aplikuj.pl\/cv\/wzory-zyciorysow\/wzor-zyciorysu-copywriter\/#primaryimage\",\"url\":\"https:\/\/www.aplikuj.pl\/cv\/wp-content\/uploads\/2019\/05\/copywriter_jpg.jpg\",\"contentUrl\":\"https:\/\/www.aplikuj.pl\/cv\/wp-content\/uploads\/2019\/05\/copywriter_jpg.jpg\",\"width\":640,\"height\":753},{\"@type\":\"BreadcrumbList\",\"@id\":\"https:\/\/www.aplikuj.pl\/cv\/wzory-zyciorysow\/wzor-zyciorysu-copywriter\/#breadcrumb\",\"itemListElement\":[{\"@type\":\"ListItem\",\"position\":1,\"name\":\"Kreator CV\",\"item\":\"https:\/\/www.aplikuj.pl\/cv\/\"},{\"@type\":\"ListItem\",\"position\":2,\"name\":\"wzory-cv\",\"item\":\"https:\/\/www.aplikuj.pl\/cv\/wzory-cv\/\"},{\"@type\":\"ListItem\",\"position\":3,\"name\":\"Wzory \u017cyciorys\u00f3w\",\"item\":\"https:\/\/www.aplikuj.pl\/cv\/wzory-zyciorysow\/\"},{\"@type\":\"ListItem\",\"position\":4,\"name\":\"Wz\u00f3r \u017cyciorysu copywritera\"}]},{\"@type\":\"WebSite\",\"@id\":\"https:\/\/www.aplikuj.pl\/cv\/#website\",\"url\":\"https:\/\/www.aplikuj.pl\/cv\/\",\"name\":\"Aplikuj.pl\",\"description\":\"Profesjonalne i darmowe wzory CV, list\u00f3w motywacyjnych i poda\u0144 o prac\u0119\",\"publisher\":{\"@id\":\"https:\/\/www.aplikuj.pl\/cv\/#organization\"},\"potentialAction\":[{\"@type\":\"SearchAction\",\"target\":{\"@type\":\"EntryPoint\",\"urlTemplate\":\"https:\/\/www.aplikuj.pl\/cv\/?s={search_term_string}\"},\"query-input\":{\"@type\":\"PropertyValueSpecification\",\"valueRequired\":true,\"valueName\":\"search_term_string\"}}],\"inLanguage\":\"pl-PL\"},{\"@type\":\"Organization\",\"@id\":\"https:\/\/www.aplikuj.pl\/cv\/#organization\",\"name\":\"Aplikuj.pl\",\"url\":\"https:\/\/www.aplikuj.pl\/cv\/\",\"logo\":{\"@type\":\"ImageObject\",\"inLanguage\":\"pl-PL\",\"@id\":\"https:\/\/www.aplikuj.pl\/cv\/#\/schema\/logo\/image\/\",\"url\":\"https:\/\/www.aplikuj.pl\/cv\/wp-content\/uploads\/2019\/04\/cv-wzory-aplikuj.jpg\",\"contentUrl\":\"https:\/\/www.aplikuj.pl\/cv\/wp-content\/uploads\/2019\/04\/cv-wzory-aplikuj.jpg\",\"width\":180,\"height\":180,\"caption\":\"Aplikuj.pl\"},\"image\":{\"@id\":\"https:\/\/www.aplikuj.pl\/cv\/#\/schema\/logo\/image\/\"}}]}<\/script>\n<!-- \/ Yoast SEO plugin. -->","yoast_head_json":{"title":"Wz\u00f3r \u017cyciorysu copywritera - Aplikuj.pl","robots":{"index":"index","follow":"follow","max-snippet":"max-snippet:-1","max-image-preview":"max-image-preview:large","max-video-preview":"max-video-preview:-1"},"canonical":"https:\/\/www.aplikuj.pl\/cv\/wzory-zyciorysow\/wzor-zyciorysu-copywriter\/","og_locale":"pl_PL","og_type":"article","og_title":"Wz\u00f3r \u017cyciorysu copywritera - Aplikuj.pl","og_description":"\u017byciorys COPYWRITER Nazywam si\u0119 Bogus\u0142aw Blinda, urodzony w Bia\u0142ej Podlaskiej 17 maja 1998 roku i mam 21 lat. Jestem jedynakiem, p\u00f3\u0142sierot\u0105, wychowanym samotnie przez matk\u0119 Iren\u0119, obecnie prowadz\u0105c\u0105 sklep wielobran\u017cowy. M\u00f3j ojciec J\u00f3zef zgin\u0105\u0142 w wypadku samochodowym, gdy mia\u0142em 5 lat.  Po uko\u0144czeniu Szko\u0142y Podstawowej nr 3 im. Marii Konopnickiej w Bia\u0142ej Podlaskiej oraz mieszcz\u0105cego si\u0119 tam Gimnazjum, z powodzeniem rozpocz\u0105\u0142em nauk\u0119 w rodzimym II Liceum Og\u00f3lnokszta\u0142c\u0105cym im. Emilii Plater, gdzie w roku 2017 zda\u0142em z wyr\u00f3\u017cnieniem matur\u0119. Obecnie studiuj\u0119 na Uniwersytecie Warszawskim na kierunku filologii roma\u0144skiej, mieszkam w akademiku i dorabiam do stypendium na platformie Good Content jako copywriter.  Interesuj\u0119 si\u0119 sportem i rekreacj\u0105, turystyk\u0105, ochron\u0105 \u015brodowiska oraz polityk\u0105, ale nie dzia\u0142am w \u017cadnej organizacji. Po zako\u0144czeniu licencjatu zamierzam kontynuowa\u0107 studia, ale niekoniecznie na kierunku obecnym. Obecnie staram si\u0119 o wyjazd do Francji w ramach wymiany studenckiej, jednak\u017ce swoj\u0105 przysz\u0142o\u015b\u0107 wi\u0105\u017c\u0119 wy\u0142\u0105cznie z Polsk\u0105.","og_url":"https:\/\/www.aplikuj.pl\/cv\/wzory-zyciorysow\/wzor-zyciorysu-copywriter\/","og_site_name":"Aplikuj.pl","article_modified_time":"2026-02-22T22:22:16+00:00","og_image":[{"width":640,"height":753,"url":"https:\/\/www.aplikuj.pl\/cv\/wp-content\/uploads\/2019\/05\/copywriter_jpg.jpg","type":"image\/jpeg"}],"twitter_card":"summary_large_image","schema":{"@context":"https:\/\/schema.org","@graph":[{"@type":"WebPage","@id":"https:\/\/www.aplikuj.pl\/cv\/wzory-zyciorysow\/wzor-zyciorysu-copywriter\/","url":"https:\/\/www.aplikuj.pl\/cv\/wzory-zyciorysow\/wzor-zyciorysu-copywriter\/","name":"Wz\u00f3r \u017cyciorysu copywritera - Aplikuj.pl","isPartOf":{"@id":"https:\/\/www.aplikuj.pl\/cv\/#website"},"primaryImageOfPage":{"@id":"https:\/\/www.aplikuj.pl\/cv\/wzory-zyciorysow\/wzor-zyciorysu-copywriter\/#primaryimage"},"image":{"@id":"https:\/\/www.aplikuj.pl\/cv\/wzory-zyciorysow\/wzor-zyciorysu-copywriter\/#primaryimage"},"thumbnailUrl":"https:\/\/www.aplikuj.pl\/cv\/wp-content\/uploads\/2019\/05\/copywriter_jpg.jpg","datePublished":"2019-05-15T08:46:59+00:00","dateModified":"2026-02-22T22:22:16+00:00","breadcrumb":{"@id":"https:\/\/www.aplikuj.pl\/cv\/wzory-zyciorysow\/wzor-zyciorysu-copywriter\/#breadcrumb"},"inLanguage":"pl-PL","potentialAction":[{"@type":"ReadAction","target":["https:\/\/www.aplikuj.pl\/cv\/wzory-zyciorysow\/wzor-zyciorysu-copywriter\/"]}]},{"@type":"ImageObject","inLanguage":"pl-PL","@id":"https:\/\/www.aplikuj.pl\/cv\/wzory-zyciorysow\/wzor-zyciorysu-copywriter\/#primaryimage","url":"https:\/\/www.aplikuj.pl\/cv\/wp-content\/uploads\/2019\/05\/copywriter_jpg.jpg","contentUrl":"https:\/\/www.aplikuj.pl\/cv\/wp-content\/uploads\/2019\/05\/copywriter_jpg.jpg","width":640,"height":753},{"@type":"BreadcrumbList","@id":"https:\/\/www.aplikuj.pl\/cv\/wzory-zyciorysow\/wzor-zyciorysu-copywriter\/#breadcrumb","itemListElement":[{"@type":"ListItem","position":1,"name":"Kreator CV","item":"https:\/\/www.aplikuj.pl\/cv\/"},{"@type":"ListItem","position":2,"name":"wzory-cv","item":"https:\/\/www.aplikuj.pl\/cv\/wzory-cv\/"},{"@type":"ListItem","position":3,"name":"Wzory \u017cyciorys\u00f3w","item":"https:\/\/www.aplikuj.pl\/cv\/wzory-zyciorysow\/"},{"@type":"ListItem","position":4,"name":"Wz\u00f3r \u017cyciorysu copywritera"}]},{"@type":"WebSite","@id":"https:\/\/www.aplikuj.pl\/cv\/#website","url":"https:\/\/www.aplikuj.pl\/cv\/","name":"Aplikuj.pl","description":"Profesjonalne i darmowe wzory CV, list\u00f3w motywacyjnych i poda\u0144 o prac\u0119","publisher":{"@id":"https:\/\/www.aplikuj.pl\/cv\/#organization"},"potentialAction":[{"@type":"SearchAction","target":{"@type":"EntryPoint","urlTemplate":"https:\/\/www.aplikuj.pl\/cv\/?s={search_term_string}"},"query-input":{"@type":"PropertyValueSpecification","valueRequired":true,"valueName":"search_term_string"}}],"inLanguage":"pl-PL"},{"@type":"Organization","@id":"https:\/\/www.aplikuj.pl\/cv\/#organization","name":"Aplikuj.pl","url":"https:\/\/www.aplikuj.pl\/cv\/","logo":{"@type":"ImageObject","inLanguage":"pl-PL","@id":"https:\/\/www.aplikuj.pl\/cv\/#\/schema\/logo\/image\/","url":"https:\/\/www.aplikuj.pl\/cv\/wp-content\/uploads\/2019\/04\/cv-wzory-aplikuj.jpg","contentUrl":"https:\/\/www.aplikuj.pl\/cv\/wp-content\/uploads\/2019\/04\/cv-wzory-aplikuj.jpg","width":180,"height":180,"caption":"Aplikuj.pl"},"image":{"@id":"https:\/\/www.aplikuj.pl\/cv\/#\/schema\/logo\/image\/"}}]}},"_links":{"self":[{"href":"https:\/\/www.aplikuj.pl\/cv\/wp-json\/wp\/v2\/product\/3454","targetHints":{"allow":["GET"]}}],"collection":[{"href":"https:\/\/www.aplikuj.pl\/cv\/wp-json\/wp\/v2\/product"}],"about":[{"href":"https:\/\/www.aplikuj.pl\/cv\/wp-json\/wp\/v2\/types\/product"}],"version-history":[{"count":1,"href":"https:\/\/www.aplikuj.pl\/cv\/wp-json\/wp\/v2\/product\/3454\/revisions"}],"predecessor-version":[{"id":4981,"href":"https:\/\/www.aplikuj.pl\/cv\/wp-json\/wp\/v2\/product\/3454\/revisions\/4981"}],"wp:featuredmedia":[{"embeddable":true,"href":"https:\/\/www.aplikuj.pl\/cv\/wp-json\/wp\/v2\/media\/3455"}],"wp:attachment":[{"href":"https:\/\/www.aplikuj.pl\/cv\/wp-json\/wp\/v2\/media?parent=3454"}],"wp:term":[{"taxonomy":"product_brand","embeddable":true,"href":"https:\/\/www.aplikuj.pl\/cv\/wp-json\/wp\/v2\/product_brand?post=3454"},{"taxonomy":"product_cat","embeddable":true,"href":"https:\/\/www.aplikuj.pl\/cv\/wp-json\/wp\/v2\/product_cat?post=3454"},{"taxonomy":"product_tag","embeddable":true,"href":"https:\/\/www.aplikuj.pl\/cv\/wp-json\/wp\/v2\/product_tag?post=3454"}],"curies":[{"name":"wp","href":"https:\/\/api.w.org\/{rel}","templated":true}]}}