{"id":3377,"date":"2019-05-13T11:47:12","date_gmt":"2019-05-13T09:47:12","guid":{"rendered":"https:\/\/www.aplikuj.pl\/cv\/?post_type=product&#038;p=3377"},"modified":"2026-02-22T23:22:15","modified_gmt":"2026-02-22T22:22:15","slug":"wzor-zyciorysu-naukowego","status":"publish","type":"product","link":"https:\/\/www.aplikuj.pl\/cv\/wzory-zyciorysow\/wzor-zyciorysu-naukowego\/","title":{"rendered":"Wz\u00f3r \u017cyciorysu naukowego"},"content":{"rendered":"","protected":false},"excerpt":{"rendered":"<h2>\u017byciorys NAUKOWY &#8211; WZ\u00d3R<\/h2>\n<h3><strong>Informacje<\/strong>\u00a0osobiste:<\/h3>\n<p style=\"text-align: justify;\"><strong>Imi\u0119 i nazwisko<\/strong>: Konrad Sieroszewski<\/p>\n<p style=\"text-align: justify;\"><strong>Data i miejsce urodzenia:\u00a0<\/strong>16 wrze\u015bnia 1984 rok, Kra\u015bnik<\/p>\n<p style=\"text-align: justify;\"><strong>Telefon:\u00a0<\/strong>886 082 457<\/p>\n<p style=\"text-align: justify;\"><strong>Adres e-mail:\u00a0<\/strong>ksieroszewski84@gmail.com<\/p>\n<h3 style=\"text-align: justify;\">Wykszta\u0142cenie:<\/h3>\n<ul>\n<li><strong>Szko\u0142a \u015brednia:\u00a0<\/strong>I Liceum Og\u00f3lnokszta\u0142c\u0105ce im. Stanis\u0142awa Staszica w Lublinie. Rok uko\u0144czenia: 2003<\/li>\n<li><strong>Studia licencjackie:\u00a0<\/strong>Katolicki Uniwersytet Lubelski Jana Paw\u0142a II, Wydzia\u0142 Nauk Humanistycznych, historia. Temat pracy licencjackiej: &#8222;Sylwetka Adama Jerzego Czartoryskiego na kartach prac polskich historyk\u00f3w&#8221;.\u00a0 Praca pisana pod kierunkiem dr hab. Tomasz Rabi\u0144ski. Rok uko\u0144czenia: 2006.<\/li>\n<li><strong>Studia magisterskie:\u00a0<\/strong>Uniwersytet Warszawski, Wydzia\u0142 Historyczny, historia. Temat pracy magisterskiej: &#8222;Posta\u0107 polskiego narodnika na przyk\u0142adzie Ignacego Hryniewieckiego&#8221;. Praca pisana pod kierunkiem prof. UW dr hab. Mateusz Skrzynecki. Rok uko\u0144czenia: 2008.<\/li>\n<li><strong>Studia doktoranckie<\/strong>: Uniwersytet Warszawski, Wydzia\u0142 Historyczny. Temat pracy doktoranckiej: &#8222;Narkomania w\u015br\u00f3d polskiej elity intelektualnej w XIX wieku&#8221;. Praca napisana pod kierunkiem prof. UW dr hab. Mateusz Skrzynecki. Data nadania tytu\u0142u: 25 czerwca, 2011 rok (razem z wyr\u00f3\u017cnieniem).<\/li>\n<\/ul>\n<h3>Prace opublikowane:<\/h3>\n<ul>\n<li>&#8222;Femme \u00e0 la r\u00e9volution fran\u00e7aise&#8221; opublikowane w pracy zbiorowej\u00a0<em>Grande r\u00e9volution fran\u00e7aise &#8211; une histoire vraie\u00a0<\/em>pod redakcj\u0105 Jean Tous.<\/li>\n<li>&#8222;Cz\u0142owiek cierpi\u0105cy Viktora Frankla w cieniu oboz\u00f3w zag\u0142ady&#8221; opublikowane na \u0142amach portalu internetowego\u00a0<em>Histmag.\u00a0<\/em><\/li>\n<\/ul>\n<h3>Wyg\u0142oszone referaty:<\/h3>\n<ul>\n<li>&#8222;Unia polsko-litewska w historiografii niemieckiej&#8221;, Uniwersytet \u015al\u0105ski w Katowicach, 2012 rok.<\/li>\n<li>&#8222;Przegl\u0105d polskich rewolucjonist\u00f3w w Rosji w drugiej po\u0142owie XIX wieku&#8221;, Katolicki Uniwersytet Lubelski Jana Paw\u0142a II, 2012 rok.<\/li>\n<li>&#8222;Polish heroes of the beginning of World War II&#8221;, Uniwersytet Jagiello\u0144ski, 2014 rok.<\/li>\n<li>&#8222;Sztuka obozowa w KL Auschwitz-Birkenau w 1942 roku&#8221;, Uniwersytet Jagiello\u0144ski, 2015 rok.<\/li>\n<li>&#8222;Czy Hitler m\u00f3g\u0142 nie wiedzie\u0107 o Holocau\u015bcie? Konferencja w Wannsee i jej skutki&#8221;, Uniwersytet Warszawki, 2018 rok.<\/li>\n<\/ul>\n<h3>Cz\u0142onkostwo w Towarzystwach Naukowych:<\/h3>\n<ul>\n<li>Polskie Stowarzyszenie Historyk\u00f3w XIX wieku.<\/li>\n<li>Polskie Towarzystwo Historii i Kultury \u017bydowskiej.<\/li>\n<\/ul>\n","protected":false},"featured_media":3379,"template":"","meta":[],"product_brand":[],"product_cat":[24],"product_tag":[],"class_list":{"0":"post-3377","1":"product","2":"type-product","3":"status-publish","4":"has-post-thumbnail","6":"product_cat-wzory-zyciorysow","8":"first","9":"instock","10":"product-type-external"},"yoast_head":"<!-- This site is optimized with the Yoast SEO plugin v27.0 - https:\/\/yoast.com\/product\/yoast-seo-wordpress\/ -->\n<title>Wz\u00f3r \u017cyciorysu naukowego - Aplikuj.pl<\/title>\n<meta name=\"robots\" content=\"index, follow, max-snippet:-1, max-image-preview:large, max-video-preview:-1\" \/>\n<link rel=\"canonical\" href=\"https:\/\/www.aplikuj.pl\/cv\/wzory-zyciorysow\/wzor-zyciorysu-naukowego\/\" \/>\n<meta property=\"og:locale\" content=\"pl_PL\" \/>\n<meta property=\"og:type\" content=\"article\" \/>\n<meta property=\"og:title\" content=\"Wz\u00f3r \u017cyciorysu naukowego - Aplikuj.pl\" \/>\n<meta property=\"og:description\" content=\"\u017byciorys NAUKOWY - WZ\u00d3R Informacje\u00a0osobiste: Imi\u0119 i nazwisko: Konrad Sieroszewski Data i miejsce urodzenia:\u00a016 wrze\u015bnia 1984 rok, Kra\u015bnik Telefon:\u00a0886 082 457 Adres e-mail:\u00a0ksieroszewski84@gmail.com  Wykszta\u0142cenie:   Szko\u0142a \u015brednia:\u00a0I Liceum Og\u00f3lnokszta\u0142c\u0105ce im. Stanis\u0142awa Staszica w Lublinie. Rok uko\u0144czenia: 2003  Studia licencjackie:\u00a0Katolicki Uniwersytet Lubelski Jana Paw\u0142a II, Wydzia\u0142 Nauk Humanistycznych, historia. Temat pracy licencjackiej: &quot;Sylwetka Adama Jerzego Czartoryskiego na kartach prac polskich historyk\u00f3w&quot;.\u00a0 Praca pisana pod kierunkiem dr hab. Tomasz Rabi\u0144ski. Rok uko\u0144czenia: 2006.  Studia magisterskie:\u00a0Uniwersytet Warszawski, Wydzia\u0142 Historyczny, historia. Temat pracy magisterskiej: &quot;Posta\u0107 polskiego narodnika na przyk\u0142adzie Ignacego Hryniewieckiego&quot;. Praca pisana pod kierunkiem prof. UW dr hab. Mateusz Skrzynecki. Rok uko\u0144czenia: 2008.  Studia doktoranckie: Uniwersytet Warszawski, Wydzia\u0142 Historyczny. Temat pracy doktoranckiej: &quot;Narkomania w\u015br\u00f3d polskiej elity intelektualnej w XIX wieku&quot;. Praca napisana pod kierunkiem prof. UW dr hab. Mateusz Skrzynecki. Data nadania tytu\u0142u: 25 czerwca, 2011 rok (razem z wyr\u00f3\u017cnieniem).  Prace opublikowane:   &quot;Femme \u00e0 la r\u00e9volution fran\u00e7aise&quot; opublikowane w pracy zbiorowej\u00a0Grande r\u00e9volution fran\u00e7aise - une histoire vraie\u00a0pod redakcj\u0105 Jean Tous.  &quot;Cz\u0142owiek cierpi\u0105cy Viktora Frankla w cieniu oboz\u00f3w zag\u0142ady&quot; opublikowane na \u0142amach portalu internetowego\u00a0Histmag.\u00a0  Wyg\u0142oszone referaty:   &quot;Unia polsko-litewska w historiografii niemieckiej&quot;, Uniwersytet \u015al\u0105ski w Katowicach, 2012 rok.  &quot;Przegl\u0105d polskich rewolucjonist\u00f3w w Rosji w drugiej po\u0142owie XIX wieku&quot;, Katolicki Uniwersytet Lubelski Jana Paw\u0142a II, 2012 rok.  &quot;Polish heroes of the beginning of World War II&quot;, Uniwersytet Jagiello\u0144ski, 2014 rok.  &quot;Sztuka obozowa w KL Auschwitz-Birkenau w 1942 roku&quot;, Uniwersytet Jagiello\u0144ski, 2015 rok.  &quot;Czy Hitler m\u00f3g\u0142 nie wiedzie\u0107 o Holocau\u015bcie? Konferencja w Wannsee i jej skutki&quot;, Uniwersytet Warszawki, 2018 rok.  Cz\u0142onkostwo w Towarzystwach Naukowych:   Polskie Stowarzyszenie Historyk\u00f3w XIX wieku.  Polskie Towarzystwo Historii i Kultury \u017bydowskiej.\" \/>\n<meta property=\"og:url\" content=\"https:\/\/www.aplikuj.pl\/cv\/wzory-zyciorysow\/wzor-zyciorysu-naukowego\/\" \/>\n<meta property=\"og:site_name\" content=\"Aplikuj.pl\" \/>\n<meta property=\"article:modified_time\" content=\"2026-02-22T22:22:15+00:00\" \/>\n<meta property=\"og:image\" content=\"https:\/\/www.aplikuj.pl\/cv\/wp-content\/uploads\/2019\/05\/wzor_naukowy.jpg\" \/>\n\t<meta property=\"og:image:width\" content=\"640\" \/>\n\t<meta property=\"og:image:height\" content=\"845\" \/>\n\t<meta property=\"og:image:type\" content=\"image\/jpeg\" \/>\n<meta name=\"twitter:card\" content=\"summary_large_image\" \/>\n<script type=\"application\/ld+json\" class=\"yoast-schema-graph\">{\"@context\":\"https:\/\/schema.org\",\"@graph\":[{\"@type\":\"WebPage\",\"@id\":\"https:\/\/www.aplikuj.pl\/cv\/wzory-zyciorysow\/wzor-zyciorysu-naukowego\/\",\"url\":\"https:\/\/www.aplikuj.pl\/cv\/wzory-zyciorysow\/wzor-zyciorysu-naukowego\/\",\"name\":\"Wz\u00f3r \u017cyciorysu naukowego - Aplikuj.pl\",\"isPartOf\":{\"@id\":\"https:\/\/www.aplikuj.pl\/cv\/#website\"},\"primaryImageOfPage\":{\"@id\":\"https:\/\/www.aplikuj.pl\/cv\/wzory-zyciorysow\/wzor-zyciorysu-naukowego\/#primaryimage\"},\"image\":{\"@id\":\"https:\/\/www.aplikuj.pl\/cv\/wzory-zyciorysow\/wzor-zyciorysu-naukowego\/#primaryimage\"},\"thumbnailUrl\":\"https:\/\/www.aplikuj.pl\/cv\/wp-content\/uploads\/2019\/05\/wzor_naukowy.jpg\",\"datePublished\":\"2019-05-13T09:47:12+00:00\",\"dateModified\":\"2026-02-22T22:22:15+00:00\",\"breadcrumb\":{\"@id\":\"https:\/\/www.aplikuj.pl\/cv\/wzory-zyciorysow\/wzor-zyciorysu-naukowego\/#breadcrumb\"},\"inLanguage\":\"pl-PL\",\"potentialAction\":[{\"@type\":\"ReadAction\",\"target\":[\"https:\/\/www.aplikuj.pl\/cv\/wzory-zyciorysow\/wzor-zyciorysu-naukowego\/\"]}]},{\"@type\":\"ImageObject\",\"inLanguage\":\"pl-PL\",\"@id\":\"https:\/\/www.aplikuj.pl\/cv\/wzory-zyciorysow\/wzor-zyciorysu-naukowego\/#primaryimage\",\"url\":\"https:\/\/www.aplikuj.pl\/cv\/wp-content\/uploads\/2019\/05\/wzor_naukowy.jpg\",\"contentUrl\":\"https:\/\/www.aplikuj.pl\/cv\/wp-content\/uploads\/2019\/05\/wzor_naukowy.jpg\",\"width\":640,\"height\":845},{\"@type\":\"BreadcrumbList\",\"@id\":\"https:\/\/www.aplikuj.pl\/cv\/wzory-zyciorysow\/wzor-zyciorysu-naukowego\/#breadcrumb\",\"itemListElement\":[{\"@type\":\"ListItem\",\"position\":1,\"name\":\"Kreator CV\",\"item\":\"https:\/\/www.aplikuj.pl\/cv\/\"},{\"@type\":\"ListItem\",\"position\":2,\"name\":\"wzory-cv\",\"item\":\"https:\/\/www.aplikuj.pl\/cv\/wzory-cv\/\"},{\"@type\":\"ListItem\",\"position\":3,\"name\":\"Wzory \u017cyciorys\u00f3w\",\"item\":\"https:\/\/www.aplikuj.pl\/cv\/wzory-zyciorysow\/\"},{\"@type\":\"ListItem\",\"position\":4,\"name\":\"Wz\u00f3r \u017cyciorysu naukowego\"}]},{\"@type\":\"WebSite\",\"@id\":\"https:\/\/www.aplikuj.pl\/cv\/#website\",\"url\":\"https:\/\/www.aplikuj.pl\/cv\/\",\"name\":\"Aplikuj.pl\",\"description\":\"Profesjonalne i darmowe wzory CV, list\u00f3w motywacyjnych i poda\u0144 o prac\u0119\",\"publisher\":{\"@id\":\"https:\/\/www.aplikuj.pl\/cv\/#organization\"},\"potentialAction\":[{\"@type\":\"SearchAction\",\"target\":{\"@type\":\"EntryPoint\",\"urlTemplate\":\"https:\/\/www.aplikuj.pl\/cv\/?s={search_term_string}\"},\"query-input\":{\"@type\":\"PropertyValueSpecification\",\"valueRequired\":true,\"valueName\":\"search_term_string\"}}],\"inLanguage\":\"pl-PL\"},{\"@type\":\"Organization\",\"@id\":\"https:\/\/www.aplikuj.pl\/cv\/#organization\",\"name\":\"Aplikuj.pl\",\"url\":\"https:\/\/www.aplikuj.pl\/cv\/\",\"logo\":{\"@type\":\"ImageObject\",\"inLanguage\":\"pl-PL\",\"@id\":\"https:\/\/www.aplikuj.pl\/cv\/#\/schema\/logo\/image\/\",\"url\":\"https:\/\/www.aplikuj.pl\/cv\/wp-content\/uploads\/2019\/04\/cv-wzory-aplikuj.jpg\",\"contentUrl\":\"https:\/\/www.aplikuj.pl\/cv\/wp-content\/uploads\/2019\/04\/cv-wzory-aplikuj.jpg\",\"width\":180,\"height\":180,\"caption\":\"Aplikuj.pl\"},\"image\":{\"@id\":\"https:\/\/www.aplikuj.pl\/cv\/#\/schema\/logo\/image\/\"}}]}<\/script>\n<!-- \/ Yoast SEO plugin. -->","yoast_head_json":{"title":"Wz\u00f3r \u017cyciorysu naukowego - Aplikuj.pl","robots":{"index":"index","follow":"follow","max-snippet":"max-snippet:-1","max-image-preview":"max-image-preview:large","max-video-preview":"max-video-preview:-1"},"canonical":"https:\/\/www.aplikuj.pl\/cv\/wzory-zyciorysow\/wzor-zyciorysu-naukowego\/","og_locale":"pl_PL","og_type":"article","og_title":"Wz\u00f3r \u017cyciorysu naukowego - Aplikuj.pl","og_description":"\u017byciorys NAUKOWY - WZ\u00d3R Informacje\u00a0osobiste: Imi\u0119 i nazwisko: Konrad Sieroszewski Data i miejsce urodzenia:\u00a016 wrze\u015bnia 1984 rok, Kra\u015bnik Telefon:\u00a0886 082 457 Adres e-mail:\u00a0ksieroszewski84@gmail.com  Wykszta\u0142cenie:   Szko\u0142a \u015brednia:\u00a0I Liceum Og\u00f3lnokszta\u0142c\u0105ce im. Stanis\u0142awa Staszica w Lublinie. Rok uko\u0144czenia: 2003  Studia licencjackie:\u00a0Katolicki Uniwersytet Lubelski Jana Paw\u0142a II, Wydzia\u0142 Nauk Humanistycznych, historia. Temat pracy licencjackiej: \"Sylwetka Adama Jerzego Czartoryskiego na kartach prac polskich historyk\u00f3w\".\u00a0 Praca pisana pod kierunkiem dr hab. Tomasz Rabi\u0144ski. Rok uko\u0144czenia: 2006.  Studia magisterskie:\u00a0Uniwersytet Warszawski, Wydzia\u0142 Historyczny, historia. Temat pracy magisterskiej: \"Posta\u0107 polskiego narodnika na przyk\u0142adzie Ignacego Hryniewieckiego\". Praca pisana pod kierunkiem prof. UW dr hab. Mateusz Skrzynecki. Rok uko\u0144czenia: 2008.  Studia doktoranckie: Uniwersytet Warszawski, Wydzia\u0142 Historyczny. Temat pracy doktoranckiej: \"Narkomania w\u015br\u00f3d polskiej elity intelektualnej w XIX wieku\". Praca napisana pod kierunkiem prof. UW dr hab. Mateusz Skrzynecki. Data nadania tytu\u0142u: 25 czerwca, 2011 rok (razem z wyr\u00f3\u017cnieniem).  Prace opublikowane:   \"Femme \u00e0 la r\u00e9volution fran\u00e7aise\" opublikowane w pracy zbiorowej\u00a0Grande r\u00e9volution fran\u00e7aise - une histoire vraie\u00a0pod redakcj\u0105 Jean Tous.  \"Cz\u0142owiek cierpi\u0105cy Viktora Frankla w cieniu oboz\u00f3w zag\u0142ady\" opublikowane na \u0142amach portalu internetowego\u00a0Histmag.\u00a0  Wyg\u0142oszone referaty:   \"Unia polsko-litewska w historiografii niemieckiej\", Uniwersytet \u015al\u0105ski w Katowicach, 2012 rok.  \"Przegl\u0105d polskich rewolucjonist\u00f3w w Rosji w drugiej po\u0142owie XIX wieku\", Katolicki Uniwersytet Lubelski Jana Paw\u0142a II, 2012 rok.  \"Polish heroes of the beginning of World War II\", Uniwersytet Jagiello\u0144ski, 2014 rok.  \"Sztuka obozowa w KL Auschwitz-Birkenau w 1942 roku\", Uniwersytet Jagiello\u0144ski, 2015 rok.  \"Czy Hitler m\u00f3g\u0142 nie wiedzie\u0107 o Holocau\u015bcie? Konferencja w Wannsee i jej skutki\", Uniwersytet Warszawki, 2018 rok.  Cz\u0142onkostwo w Towarzystwach Naukowych:   Polskie Stowarzyszenie Historyk\u00f3w XIX wieku.  Polskie Towarzystwo Historii i Kultury \u017bydowskiej.","og_url":"https:\/\/www.aplikuj.pl\/cv\/wzory-zyciorysow\/wzor-zyciorysu-naukowego\/","og_site_name":"Aplikuj.pl","article_modified_time":"2026-02-22T22:22:15+00:00","og_image":[{"width":640,"height":845,"url":"https:\/\/www.aplikuj.pl\/cv\/wp-content\/uploads\/2019\/05\/wzor_naukowy.jpg","type":"image\/jpeg"}],"twitter_card":"summary_large_image","schema":{"@context":"https:\/\/schema.org","@graph":[{"@type":"WebPage","@id":"https:\/\/www.aplikuj.pl\/cv\/wzory-zyciorysow\/wzor-zyciorysu-naukowego\/","url":"https:\/\/www.aplikuj.pl\/cv\/wzory-zyciorysow\/wzor-zyciorysu-naukowego\/","name":"Wz\u00f3r \u017cyciorysu naukowego - Aplikuj.pl","isPartOf":{"@id":"https:\/\/www.aplikuj.pl\/cv\/#website"},"primaryImageOfPage":{"@id":"https:\/\/www.aplikuj.pl\/cv\/wzory-zyciorysow\/wzor-zyciorysu-naukowego\/#primaryimage"},"image":{"@id":"https:\/\/www.aplikuj.pl\/cv\/wzory-zyciorysow\/wzor-zyciorysu-naukowego\/#primaryimage"},"thumbnailUrl":"https:\/\/www.aplikuj.pl\/cv\/wp-content\/uploads\/2019\/05\/wzor_naukowy.jpg","datePublished":"2019-05-13T09:47:12+00:00","dateModified":"2026-02-22T22:22:15+00:00","breadcrumb":{"@id":"https:\/\/www.aplikuj.pl\/cv\/wzory-zyciorysow\/wzor-zyciorysu-naukowego\/#breadcrumb"},"inLanguage":"pl-PL","potentialAction":[{"@type":"ReadAction","target":["https:\/\/www.aplikuj.pl\/cv\/wzory-zyciorysow\/wzor-zyciorysu-naukowego\/"]}]},{"@type":"ImageObject","inLanguage":"pl-PL","@id":"https:\/\/www.aplikuj.pl\/cv\/wzory-zyciorysow\/wzor-zyciorysu-naukowego\/#primaryimage","url":"https:\/\/www.aplikuj.pl\/cv\/wp-content\/uploads\/2019\/05\/wzor_naukowy.jpg","contentUrl":"https:\/\/www.aplikuj.pl\/cv\/wp-content\/uploads\/2019\/05\/wzor_naukowy.jpg","width":640,"height":845},{"@type":"BreadcrumbList","@id":"https:\/\/www.aplikuj.pl\/cv\/wzory-zyciorysow\/wzor-zyciorysu-naukowego\/#breadcrumb","itemListElement":[{"@type":"ListItem","position":1,"name":"Kreator CV","item":"https:\/\/www.aplikuj.pl\/cv\/"},{"@type":"ListItem","position":2,"name":"wzory-cv","item":"https:\/\/www.aplikuj.pl\/cv\/wzory-cv\/"},{"@type":"ListItem","position":3,"name":"Wzory \u017cyciorys\u00f3w","item":"https:\/\/www.aplikuj.pl\/cv\/wzory-zyciorysow\/"},{"@type":"ListItem","position":4,"name":"Wz\u00f3r \u017cyciorysu naukowego"}]},{"@type":"WebSite","@id":"https:\/\/www.aplikuj.pl\/cv\/#website","url":"https:\/\/www.aplikuj.pl\/cv\/","name":"Aplikuj.pl","description":"Profesjonalne i darmowe wzory CV, list\u00f3w motywacyjnych i poda\u0144 o prac\u0119","publisher":{"@id":"https:\/\/www.aplikuj.pl\/cv\/#organization"},"potentialAction":[{"@type":"SearchAction","target":{"@type":"EntryPoint","urlTemplate":"https:\/\/www.aplikuj.pl\/cv\/?s={search_term_string}"},"query-input":{"@type":"PropertyValueSpecification","valueRequired":true,"valueName":"search_term_string"}}],"inLanguage":"pl-PL"},{"@type":"Organization","@id":"https:\/\/www.aplikuj.pl\/cv\/#organization","name":"Aplikuj.pl","url":"https:\/\/www.aplikuj.pl\/cv\/","logo":{"@type":"ImageObject","inLanguage":"pl-PL","@id":"https:\/\/www.aplikuj.pl\/cv\/#\/schema\/logo\/image\/","url":"https:\/\/www.aplikuj.pl\/cv\/wp-content\/uploads\/2019\/04\/cv-wzory-aplikuj.jpg","contentUrl":"https:\/\/www.aplikuj.pl\/cv\/wp-content\/uploads\/2019\/04\/cv-wzory-aplikuj.jpg","width":180,"height":180,"caption":"Aplikuj.pl"},"image":{"@id":"https:\/\/www.aplikuj.pl\/cv\/#\/schema\/logo\/image\/"}}]}},"_links":{"self":[{"href":"https:\/\/www.aplikuj.pl\/cv\/wp-json\/wp\/v2\/product\/3377","targetHints":{"allow":["GET"]}}],"collection":[{"href":"https:\/\/www.aplikuj.pl\/cv\/wp-json\/wp\/v2\/product"}],"about":[{"href":"https:\/\/www.aplikuj.pl\/cv\/wp-json\/wp\/v2\/types\/product"}],"version-history":[{"count":1,"href":"https:\/\/www.aplikuj.pl\/cv\/wp-json\/wp\/v2\/product\/3377\/revisions"}],"predecessor-version":[{"id":4979,"href":"https:\/\/www.aplikuj.pl\/cv\/wp-json\/wp\/v2\/product\/3377\/revisions\/4979"}],"wp:featuredmedia":[{"embeddable":true,"href":"https:\/\/www.aplikuj.pl\/cv\/wp-json\/wp\/v2\/media\/3379"}],"wp:attachment":[{"href":"https:\/\/www.aplikuj.pl\/cv\/wp-json\/wp\/v2\/media?parent=3377"}],"wp:term":[{"taxonomy":"product_brand","embeddable":true,"href":"https:\/\/www.aplikuj.pl\/cv\/wp-json\/wp\/v2\/product_brand?post=3377"},{"taxonomy":"product_cat","embeddable":true,"href":"https:\/\/www.aplikuj.pl\/cv\/wp-json\/wp\/v2\/product_cat?post=3377"},{"taxonomy":"product_tag","embeddable":true,"href":"https:\/\/www.aplikuj.pl\/cv\/wp-json\/wp\/v2\/product_tag?post=3377"}],"curies":[{"name":"wp","href":"https:\/\/api.w.org\/{rel}","templated":true}]}}