{"id":3040,"date":"2019-04-18T13:06:41","date_gmt":"2019-04-18T11:06:41","guid":{"rendered":"https:\/\/www.aplikuj.pl\/cv\/wzory-cv\/wzor-cv-dla-pielegniarki\/"},"modified":"2026-02-22T23:22:14","modified_gmt":"2026-02-22T22:22:14","slug":"wzor-cv-dla-pielegniarki","status":"publish","type":"product","link":"https:\/\/www.aplikuj.pl\/cv\/wzory-cv\/wzor-cv-dla-pielegniarki\/","title":{"rendered":"Wz\u00f3r CV dla piel\u0119gniarki"},"content":{"rendered":"<div class=\"container\">\n<div class=\"page-title-title\">\n<h2>Jak napisa\u0107 CV dla piel\u0119gniarki?<\/h2>\n<\/div>\n<\/div>\n<p>Stopniowo zwi\u0119kszaj\u0105cy si\u0119 \u015bredni wiek os\u00f3b, zatrudnionych na stanowiskach piel\u0119gniarek oraz odchodzenie na emerytur\u0119 s\u0105 przyczyn\u0105 du\u017cego zapotrzebowania rynku pracy do zatrudnienia absolwentek, posiadaj\u0105cych niezb\u0119dne kwalifikacje i uprawnienia do wykonywania zawodu. Potrzeba zatrudnienia piel\u0119gniarek nie gwarantuje jednak, i\u017c ka\u017cda osoba, ko\u0144cz\u0105ca studia, lub chc\u0105ca zmieni\u0107 pracodawc\u0119, w \u0142atwy spos\u00f3b znajdzie zatrudnienie. Konkurencja w zawodzie jest du\u017ca, dlatego warto odpowiednio przygotowa\u0107 swoje dokumenty aplikacyjne na po\u017c\u0105dane stanowisko.<\/p>\n<h2>Curriculum Vitae \u2013 najistotniejsze fakty.<\/h2>\n<p>Aplikuj\u0105c na stanowisko piel\u0119gniarki, nale\u017cy przygotowa\u0107 bezb\u0142\u0119dne, staranne, niezbyt rozbudowane CV, b\u0119d\u0105ce zwi\u0119z\u0142ym opisem zdobytego wykszta\u0142cenia, do\u015bwiadczenia zawodowego i przebytych kurs\u00f3w, szkole\u0144. Curriculum Vitae przede wszystkim powinno by\u0107 czyste, wydrukowane na bia\u0142ym papierze, nie kserowane oraz starannie ob\u0142o\u017cone schludn\u0105 obwolut\u0105 na dokumenty. Bardzo istotn\u0105 kwesti\u0105 jest w\u0142asnor\u0119czny podpis, kt\u00f3ry powinien znale\u017a\u0107 si\u0119 na ko\u0144cu dokumentu. CV wysy\u0142ane drog\u0105 elektroniczn\u0105 nie powinno by\u0107 zdobione graficznie i zapisane w uniwersalnym formacie pliku, mo\u017cliwym do odczytania dla ka\u017cdego sprz\u0119tu. Pami\u0119ta\u0107 nale\u017cy, \u017ce CV tworzy si\u0119 w dw\u00f3ch kolumnach, lewa ujmuje tytu\u0142 nag\u0142\u00f3wka, w prawej tworzymy opis. Aby CV zwraca\u0142o na siebie uwag\u0119, musi by\u0107 przejrzyste i zawiera\u0107 pogrubienia lub podkre\u015blenia najwa\u017cniejszych informacji, zwykle wymaga si\u0119 do\u0142\u0105czenia zdj\u0119cia (w lewym, g\u00f3rnym rogu).<\/p>\n<h2>Jakie informacje wpisa\u0107 w CV piel\u0119gniarki?<\/h2>\n<p>Po wpisaniu danych osobowych, kandydat\/kandydatka na stanowisko musi okre\u015bli\u0107, na jakie stanowisko aplikuje (je\u017celi w danej plac\u00f3wce prowadzona jest rekrutacja na wi\u0119cej ni\u017c jedn\u0105 posad\u0119). Nast\u0119pnie, z kolejnym nag\u0142\u00f3wkiem, wymienia si\u0119 swoje wykszta\u0142cenie, uk\u0142adaj\u0105c nazwy plac\u00f3wek edukacyjnych w kolejno\u015bci odwrotnej do chronologicznej, zaznaczaj\u0105c czas, w kt\u00f3rym przebiega\u0142a edukacja na danym szczeblu. Warto wspomnie\u0107 o tytu\u0142ach, uzyskanych w toku nauki. Kolejn\u0105 kolumn\u0119 powinno tworzy\u0107 do\u015bwiadczenie zawodowe. Je\u017celi aplikacja dotyczy pierwszego zatrudnienia, warto wspomnie\u0107 o czynno\u015bciach, wykonywanych w toku praktyk oraz sta\u017cu zawodowego.<\/p>\n<p>Bardzo wa\u017cn\u0105, by\u0107 mo\u017ce decyduj\u0105c\u0105, jest okre\u015blenie swoich dodatkowych umiej\u0119tno\u015bci, gdzie mo\u017cna pochwali\u0107 si\u0119 przebytymi szkoleniami, potwierdzaj\u0105cymi kompetencje. Znajomo\u015b\u0107 j\u0119zyk\u00f3w obcych jest obecnie niezb\u0119dna, nie warto wi\u0119c zapomina\u0107 o tej istotnej kwestii. Posiadanie uprawnie\u0144 do prowadzenia pojazd\u00f3w r\u00f3wnie\u017c jest dobrze postrzegane, nawet je\u015bli bezpo\u015brednio nie dotyczy stanowiska. Przebyte kursy, uprawniaj\u0105ce i przygotowuj\u0105ce do obs\u0142ugo specjalistycznych sprz\u0119t\u00f3w medycznych z pewno\u015bci\u0105 wyr\u00f3\u017cni\u0105 na tle konkurencji. Zainteresowania\u2026 Najlepiej, by by\u0142y zgodne z zawodem piel\u0119gniarki, co utwierdzi przysz\u0142ego pracodawc\u0119 w przekonaniu, \u017ce ma do czynienia z osob\u0105, kt\u00f3ra swoj\u0105 prac\u0119 wykonuje z pasj\u0105. Jednak nie warto pisa\u0107 nieprawdy, kt\u00f3ra mo\u017ce zosta\u0107 zweryfikowana w drodze rozmowy kwalifikacyjnej.<\/p>\n<h2>CV dla piel\u0119gniarki \u2013 nie zapomnij:<\/h2>\n<ul>\n<li>Wyr\u00f3\u017cnij imi\u0119 i nazwisko.<\/li>\n<li>Podaj cel zawodowy.<\/li>\n<li>Opisz wykszta\u0142cenie, do\u015bwiadczenie i umiej\u0119tno\u015bci dodatkowe.<\/li>\n<li>Zaciekaw potencjalnego pracodawc\u0119 zainteresowaniami.<\/li>\n<li>Podpisz si\u0119 r\u0119cznie.<\/li>\n<li>Do\u0142\u0105cz klauzul\u0119 o przetwarzaniu danych dla cel\u00f3w rekrutacyjnych.<\/li>\n<\/ul>\n","protected":false},"excerpt":{"rendered":"<h2>CV piel\u0119gniarka<\/h2>\n<p>Dokument zosta\u0142 opracowany z my\u015bl\u0105 o osobach, kt\u00f3re poszukuj\u0105 pracy w zawodzie piel\u0119gniarki.<\/p>\n<p>Wz\u00f3r CV przygotowano w nowoczesnym i funkcjonalnym szablonie graficznym widocznym na zdj\u0119ciu obok.<\/p>\n<p>Wz\u00f3r CV nale\u017cy samodzielnie edytowa\u0107 w programie MS Word, ewentualnie w innym darmowym programie (Open Office lub Libre Office). Edycja dokumentu jest prosta i nie wymaga szczeg\u00f3lnych umiej\u0119tno\u015bci edytorskich.<\/p>\n","protected":false},"featured_media":1413,"template":"","meta":[],"product_brand":[],"product_cat":[21],"product_tag":[],"class_list":{"0":"post-3040","1":"product","2":"type-product","3":"status-publish","4":"has-post-thumbnail","6":"product_cat-wzory-cv","8":"first","9":"instock","10":"product-type-external"},"yoast_head":"<!-- This site is optimized with the Yoast SEO plugin v27.0 - https:\/\/yoast.com\/product\/yoast-seo-wordpress\/ -->\n<title>Wz\u00f3r CV dla piel\u0119gniarki - Aplikuj.pl<\/title>\n<meta name=\"robots\" content=\"index, follow, max-snippet:-1, max-image-preview:large, max-video-preview:-1\" \/>\n<link rel=\"canonical\" href=\"https:\/\/www.aplikuj.pl\/cv\/wzory-cv\/wzor-cv-dla-pielegniarki\/\" \/>\n<meta property=\"og:locale\" content=\"pl_PL\" \/>\n<meta property=\"og:type\" content=\"article\" \/>\n<meta property=\"og:title\" content=\"Wz\u00f3r CV dla piel\u0119gniarki - Aplikuj.pl\" \/>\n<meta property=\"og:description\" content=\"CV piel\u0119gniarka Dokument zosta\u0142 opracowany z my\u015bl\u0105 o osobach, kt\u00f3re poszukuj\u0105 pracy w zawodzie piel\u0119gniarki.  Wz\u00f3r CV przygotowano w nowoczesnym i funkcjonalnym szablonie graficznym widocznym na zdj\u0119ciu obok.  Wz\u00f3r CV nale\u017cy samodzielnie edytowa\u0107 w programie MS Word, ewentualnie w innym darmowym programie (Open Office lub Libre Office). Edycja dokumentu jest prosta i nie wymaga szczeg\u00f3lnych umiej\u0119tno\u015bci edytorskich.\" \/>\n<meta property=\"og:url\" content=\"https:\/\/www.aplikuj.pl\/cv\/wzory-cv\/wzor-cv-dla-pielegniarki\/\" \/>\n<meta property=\"og:site_name\" content=\"Aplikuj.pl\" \/>\n<meta property=\"article:modified_time\" content=\"2026-02-22T22:22:14+00:00\" \/>\n<meta property=\"og:image\" content=\"https:\/\/www.aplikuj.pl\/cv\/wp-content\/uploads\/wz\u00f3r-cv-piel\u0119gniarka.png\" \/>\n\t<meta property=\"og:image:width\" content=\"482\" \/>\n\t<meta property=\"og:image:height\" content=\"680\" \/>\n\t<meta property=\"og:image:type\" content=\"image\/png\" \/>\n<meta name=\"twitter:card\" content=\"summary_large_image\" \/>\n<meta name=\"twitter:label1\" content=\"Szacowany czas czytania\" \/>\n\t<meta name=\"twitter:data1\" content=\"3 minuty\" \/>\n<script type=\"application\/ld+json\" class=\"yoast-schema-graph\">{\"@context\":\"https:\/\/schema.org\",\"@graph\":[{\"@type\":\"WebPage\",\"@id\":\"https:\/\/www.aplikuj.pl\/cv\/wzory-cv\/wzor-cv-dla-pielegniarki\/\",\"url\":\"https:\/\/www.aplikuj.pl\/cv\/wzory-cv\/wzor-cv-dla-pielegniarki\/\",\"name\":\"Wz\u00f3r CV dla piel\u0119gniarki - Aplikuj.pl\",\"isPartOf\":{\"@id\":\"https:\/\/www.aplikuj.pl\/cv\/#website\"},\"primaryImageOfPage\":{\"@id\":\"https:\/\/www.aplikuj.pl\/cv\/wzory-cv\/wzor-cv-dla-pielegniarki\/#primaryimage\"},\"image\":{\"@id\":\"https:\/\/www.aplikuj.pl\/cv\/wzory-cv\/wzor-cv-dla-pielegniarki\/#primaryimage\"},\"thumbnailUrl\":\"https:\/\/www.aplikuj.pl\/cv\/wp-content\/uploads\/wz\u00f3r-cv-piel\u0119gniarka.png\",\"datePublished\":\"2019-04-18T11:06:41+00:00\",\"dateModified\":\"2026-02-22T22:22:14+00:00\",\"breadcrumb\":{\"@id\":\"https:\/\/www.aplikuj.pl\/cv\/wzory-cv\/wzor-cv-dla-pielegniarki\/#breadcrumb\"},\"inLanguage\":\"pl-PL\",\"potentialAction\":[{\"@type\":\"ReadAction\",\"target\":[\"https:\/\/www.aplikuj.pl\/cv\/wzory-cv\/wzor-cv-dla-pielegniarki\/\"]}]},{\"@type\":\"ImageObject\",\"inLanguage\":\"pl-PL\",\"@id\":\"https:\/\/www.aplikuj.pl\/cv\/wzory-cv\/wzor-cv-dla-pielegniarki\/#primaryimage\",\"url\":\"https:\/\/www.aplikuj.pl\/cv\/wp-content\/uploads\/wz\u00f3r-cv-piel\u0119gniarka.png\",\"contentUrl\":\"https:\/\/www.aplikuj.pl\/cv\/wp-content\/uploads\/wz\u00f3r-cv-piel\u0119gniarka.png\",\"width\":482,\"height\":680,\"caption\":\"wz\u00f3r cv piel\u0119gniarka\"},{\"@type\":\"BreadcrumbList\",\"@id\":\"https:\/\/www.aplikuj.pl\/cv\/wzory-cv\/wzor-cv-dla-pielegniarki\/#breadcrumb\",\"itemListElement\":[{\"@type\":\"ListItem\",\"position\":1,\"name\":\"Kreator CV\",\"item\":\"https:\/\/www.aplikuj.pl\/cv\/\"},{\"@type\":\"ListItem\",\"position\":2,\"name\":\"wzory-cv\",\"item\":\"https:\/\/www.aplikuj.pl\/cv\/wzory-cv\/\"},{\"@type\":\"ListItem\",\"position\":3,\"name\":\"Wzory CV\",\"item\":\"https:\/\/www.aplikuj.pl\/cv\/wzory-cv\/\"},{\"@type\":\"ListItem\",\"position\":4,\"name\":\"Wz\u00f3r CV dla piel\u0119gniarki\"}]},{\"@type\":\"WebSite\",\"@id\":\"https:\/\/www.aplikuj.pl\/cv\/#website\",\"url\":\"https:\/\/www.aplikuj.pl\/cv\/\",\"name\":\"Aplikuj.pl\",\"description\":\"Profesjonalne i darmowe wzory CV, list\u00f3w motywacyjnych i poda\u0144 o prac\u0119\",\"publisher\":{\"@id\":\"https:\/\/www.aplikuj.pl\/cv\/#organization\"},\"potentialAction\":[{\"@type\":\"SearchAction\",\"target\":{\"@type\":\"EntryPoint\",\"urlTemplate\":\"https:\/\/www.aplikuj.pl\/cv\/?s={search_term_string}\"},\"query-input\":{\"@type\":\"PropertyValueSpecification\",\"valueRequired\":true,\"valueName\":\"search_term_string\"}}],\"inLanguage\":\"pl-PL\"},{\"@type\":\"Organization\",\"@id\":\"https:\/\/www.aplikuj.pl\/cv\/#organization\",\"name\":\"Aplikuj.pl\",\"url\":\"https:\/\/www.aplikuj.pl\/cv\/\",\"logo\":{\"@type\":\"ImageObject\",\"inLanguage\":\"pl-PL\",\"@id\":\"https:\/\/www.aplikuj.pl\/cv\/#\/schema\/logo\/image\/\",\"url\":\"https:\/\/www.aplikuj.pl\/cv\/wp-content\/uploads\/2019\/04\/cv-wzory-aplikuj.jpg\",\"contentUrl\":\"https:\/\/www.aplikuj.pl\/cv\/wp-content\/uploads\/2019\/04\/cv-wzory-aplikuj.jpg\",\"width\":180,\"height\":180,\"caption\":\"Aplikuj.pl\"},\"image\":{\"@id\":\"https:\/\/www.aplikuj.pl\/cv\/#\/schema\/logo\/image\/\"}}]}<\/script>\n<!-- \/ Yoast SEO plugin. -->","yoast_head_json":{"title":"Wz\u00f3r CV dla piel\u0119gniarki - Aplikuj.pl","robots":{"index":"index","follow":"follow","max-snippet":"max-snippet:-1","max-image-preview":"max-image-preview:large","max-video-preview":"max-video-preview:-1"},"canonical":"https:\/\/www.aplikuj.pl\/cv\/wzory-cv\/wzor-cv-dla-pielegniarki\/","og_locale":"pl_PL","og_type":"article","og_title":"Wz\u00f3r CV dla piel\u0119gniarki - Aplikuj.pl","og_description":"CV piel\u0119gniarka Dokument zosta\u0142 opracowany z my\u015bl\u0105 o osobach, kt\u00f3re poszukuj\u0105 pracy w zawodzie piel\u0119gniarki.  Wz\u00f3r CV przygotowano w nowoczesnym i funkcjonalnym szablonie graficznym widocznym na zdj\u0119ciu obok.  Wz\u00f3r CV nale\u017cy samodzielnie edytowa\u0107 w programie MS Word, ewentualnie w innym darmowym programie (Open Office lub Libre Office). Edycja dokumentu jest prosta i nie wymaga szczeg\u00f3lnych umiej\u0119tno\u015bci edytorskich.","og_url":"https:\/\/www.aplikuj.pl\/cv\/wzory-cv\/wzor-cv-dla-pielegniarki\/","og_site_name":"Aplikuj.pl","article_modified_time":"2026-02-22T22:22:14+00:00","og_image":[{"width":482,"height":680,"url":"https:\/\/www.aplikuj.pl\/cv\/wp-content\/uploads\/wz\u00f3r-cv-piel\u0119gniarka.png","type":"image\/png"}],"twitter_card":"summary_large_image","twitter_misc":{"Szacowany czas czytania":"3 minuty"},"schema":{"@context":"https:\/\/schema.org","@graph":[{"@type":"WebPage","@id":"https:\/\/www.aplikuj.pl\/cv\/wzory-cv\/wzor-cv-dla-pielegniarki\/","url":"https:\/\/www.aplikuj.pl\/cv\/wzory-cv\/wzor-cv-dla-pielegniarki\/","name":"Wz\u00f3r CV dla piel\u0119gniarki - Aplikuj.pl","isPartOf":{"@id":"https:\/\/www.aplikuj.pl\/cv\/#website"},"primaryImageOfPage":{"@id":"https:\/\/www.aplikuj.pl\/cv\/wzory-cv\/wzor-cv-dla-pielegniarki\/#primaryimage"},"image":{"@id":"https:\/\/www.aplikuj.pl\/cv\/wzory-cv\/wzor-cv-dla-pielegniarki\/#primaryimage"},"thumbnailUrl":"https:\/\/www.aplikuj.pl\/cv\/wp-content\/uploads\/wz\u00f3r-cv-piel\u0119gniarka.png","datePublished":"2019-04-18T11:06:41+00:00","dateModified":"2026-02-22T22:22:14+00:00","breadcrumb":{"@id":"https:\/\/www.aplikuj.pl\/cv\/wzory-cv\/wzor-cv-dla-pielegniarki\/#breadcrumb"},"inLanguage":"pl-PL","potentialAction":[{"@type":"ReadAction","target":["https:\/\/www.aplikuj.pl\/cv\/wzory-cv\/wzor-cv-dla-pielegniarki\/"]}]},{"@type":"ImageObject","inLanguage":"pl-PL","@id":"https:\/\/www.aplikuj.pl\/cv\/wzory-cv\/wzor-cv-dla-pielegniarki\/#primaryimage","url":"https:\/\/www.aplikuj.pl\/cv\/wp-content\/uploads\/wz\u00f3r-cv-piel\u0119gniarka.png","contentUrl":"https:\/\/www.aplikuj.pl\/cv\/wp-content\/uploads\/wz\u00f3r-cv-piel\u0119gniarka.png","width":482,"height":680,"caption":"wz\u00f3r cv piel\u0119gniarka"},{"@type":"BreadcrumbList","@id":"https:\/\/www.aplikuj.pl\/cv\/wzory-cv\/wzor-cv-dla-pielegniarki\/#breadcrumb","itemListElement":[{"@type":"ListItem","position":1,"name":"Kreator CV","item":"https:\/\/www.aplikuj.pl\/cv\/"},{"@type":"ListItem","position":2,"name":"wzory-cv","item":"https:\/\/www.aplikuj.pl\/cv\/wzory-cv\/"},{"@type":"ListItem","position":3,"name":"Wzory CV","item":"https:\/\/www.aplikuj.pl\/cv\/wzory-cv\/"},{"@type":"ListItem","position":4,"name":"Wz\u00f3r CV dla piel\u0119gniarki"}]},{"@type":"WebSite","@id":"https:\/\/www.aplikuj.pl\/cv\/#website","url":"https:\/\/www.aplikuj.pl\/cv\/","name":"Aplikuj.pl","description":"Profesjonalne i darmowe wzory CV, list\u00f3w motywacyjnych i poda\u0144 o prac\u0119","publisher":{"@id":"https:\/\/www.aplikuj.pl\/cv\/#organization"},"potentialAction":[{"@type":"SearchAction","target":{"@type":"EntryPoint","urlTemplate":"https:\/\/www.aplikuj.pl\/cv\/?s={search_term_string}"},"query-input":{"@type":"PropertyValueSpecification","valueRequired":true,"valueName":"search_term_string"}}],"inLanguage":"pl-PL"},{"@type":"Organization","@id":"https:\/\/www.aplikuj.pl\/cv\/#organization","name":"Aplikuj.pl","url":"https:\/\/www.aplikuj.pl\/cv\/","logo":{"@type":"ImageObject","inLanguage":"pl-PL","@id":"https:\/\/www.aplikuj.pl\/cv\/#\/schema\/logo\/image\/","url":"https:\/\/www.aplikuj.pl\/cv\/wp-content\/uploads\/2019\/04\/cv-wzory-aplikuj.jpg","contentUrl":"https:\/\/www.aplikuj.pl\/cv\/wp-content\/uploads\/2019\/04\/cv-wzory-aplikuj.jpg","width":180,"height":180,"caption":"Aplikuj.pl"},"image":{"@id":"https:\/\/www.aplikuj.pl\/cv\/#\/schema\/logo\/image\/"}}]}},"_links":{"self":[{"href":"https:\/\/www.aplikuj.pl\/cv\/wp-json\/wp\/v2\/product\/3040","targetHints":{"allow":["GET"]}}],"collection":[{"href":"https:\/\/www.aplikuj.pl\/cv\/wp-json\/wp\/v2\/product"}],"about":[{"href":"https:\/\/www.aplikuj.pl\/cv\/wp-json\/wp\/v2\/types\/product"}],"version-history":[{"count":2,"href":"https:\/\/www.aplikuj.pl\/cv\/wp-json\/wp\/v2\/product\/3040\/revisions"}],"predecessor-version":[{"id":4978,"href":"https:\/\/www.aplikuj.pl\/cv\/wp-json\/wp\/v2\/product\/3040\/revisions\/4978"}],"wp:featuredmedia":[{"embeddable":true,"href":"https:\/\/www.aplikuj.pl\/cv\/wp-json\/wp\/v2\/media\/1413"}],"wp:attachment":[{"href":"https:\/\/www.aplikuj.pl\/cv\/wp-json\/wp\/v2\/media?parent=3040"}],"wp:term":[{"taxonomy":"product_brand","embeddable":true,"href":"https:\/\/www.aplikuj.pl\/cv\/wp-json\/wp\/v2\/product_brand?post=3040"},{"taxonomy":"product_cat","embeddable":true,"href":"https:\/\/www.aplikuj.pl\/cv\/wp-json\/wp\/v2\/product_cat?post=3040"},{"taxonomy":"product_tag","embeddable":true,"href":"https:\/\/www.aplikuj.pl\/cv\/wp-json\/wp\/v2\/product_tag?post=3040"}],"curies":[{"name":"wp","href":"https:\/\/api.w.org\/{rel}","templated":true}]}}