{"id":3035,"date":"2019-04-18T13:06:41","date_gmt":"2019-04-18T11:06:41","guid":{"rendered":"https:\/\/www.aplikuj.pl\/cv\/wzory-cv\/wzor-cv-dla-kontrolera-jakosci\/"},"modified":"2026-02-22T23:22:13","modified_gmt":"2026-02-22T22:22:13","slug":"wzor-cv-dla-kontrolera-jakosci","status":"publish","type":"product","link":"https:\/\/www.aplikuj.pl\/cv\/wzory-cv\/wzor-cv-dla-kontrolera-jakosci\/","title":{"rendered":"Wz\u00f3r CV dla kontrolera jako\u015bci"},"content":{"rendered":"<div class=\"container\">\n<div class=\"page-title-title\">\n<h2>Oryginalne CV dla kontrolera jako\u015bci \u2013 kilka porad<\/h2>\n<p>Aby napisa\u0107 oryginalne, interesuj\u0105ce CV, nale\u017cy zastosowa\u0107 kilka zasad, kt\u00f3re pozwol\u0105 zwr\u00f3ci\u0107 uwag\u0119 pracodawcy na dan\u0105 kandydatur\u0119. Kontroler jako\u015bci powinien by\u0107 osob\u0105, kt\u00f3ra jest specjalistycznie wykszta\u0142cona, a jednocze\u015bnie posiada indywidualne predyspozycje, warunkuj\u0105ce powodzenie w zawodzie. Curriculum Vitae powinno wydoby\u0107 zalety, kt\u00f3re pomog\u0105 uzyska\u0107 wymarzone zatrudnienie, trzeba jedynie umiej\u0119tnie je przedstawi\u0107 i wyeksponowa\u0107. Dzi\u0119ki poni\u017cszym poradom uda si\u0119 stworzy\u0107 CV, kt\u00f3re b\u0119dzie oryginalne i interesuj\u0105ce.<\/p>\n<ol>\n<li>Dane, zdj\u0119cie i numer kontaktowy nale\u017cy umie\u015bci\u0107 na pocz\u0105tku dokumentu, odpowiednio wyeksponowane, aby pracodawca m\u00f3g\u0142 bez trudu dostrzec najistotniejsze informacje o dokumencie. Zdj\u0119cie powinno by\u0107 oficjalne, potwierdzaj\u0105ce wysok\u0105 kultur\u0119 osobist\u0105.<\/li>\n<li>Pod najwa\u017cniejszymi informacjami, musi znale\u017a\u0107 si\u0119 miejsce na zawarcie w trzech zdaniach swojego do\u015bwiadczenia (ile lat?), rodzaju wykonywanych dot\u0105d obowi\u0105zk\u00f3w. Pracodawca szybko oceni Twoje szanse na rozmow\u0119 kwalifikacyjn\u0105.<\/li>\n<li>Je\u017celi uda si\u0119 zainteresowa\u0107 przysz\u0142ego szefa wst\u0119pem, jest ju\u017c du\u017ca szansa powodzenia. Kolejny punkt powinien w oryginalny spos\u00f3b przedstawi\u0107 Twoje kompetencje i umiej\u0119tno\u015bci, wykorzystywane na stanowisku kontrolera jako\u015bci. Podaj kr\u00f3tkie informacje na temat przebytych szkole\u0144, kt\u00f3re maj\u0105 zwi\u0105zek z wykonywan\u0105 obecnie prac\u0105 i zaj\u0119ciem, jakie chcesz wykonywa\u0107 dzi\u0119ki CV. Wa\u017cnym elementem CV kontrolera jako\u015bci jest udokumentowanie znajomo\u015bci certyfikat\u00f3w ISO oraz pokrewnych, nie zapomnij o tym wspomnie\u0107.<\/li>\n<li>Opowiadaj\u0105c o swoim do\u015bwiadczeniu zawodowym, poza nazwami firm i datami zatrudnienia (odwrotna chronologia), warto okre\u015bli\u0107 jednym, kr\u00f3tkim zdaniem zadania, jakie wykonywa\u0142e\u015b w firmie oraz metody, kt\u00f3re stosowa\u0142e\u015b. Pracodawca doceni oryginalno\u015b\u0107 dokumentu, je\u015bli w kilku s\u0142owach pochwalisz si\u0119, jakimi metodami si\u0119 pos\u0142ugujesz.<\/li>\n<li>Wykszta\u0142cenie, kt\u00f3re prezentujesz w swoim CV powinno by\u0107 przedstawione przejrzy\u015bcie i przyst\u0119pnie, podaj\u0105c nazw\u0119 plac\u00f3wki i kierunek oraz dat\u0119 uko\u0144czenia.<\/li>\n<li>O oryginalno\u015bci Twojego CV, a co za tym idzie, Twojej osoby, zdecyduje r\u00f3wnie\u017c uj\u0119cie w dokumencie spisu zainteresowa\u0144. Poprzez to, czym si\u0119 interesujesz, doskonale wida\u0107, jaka jest Twoja osobowo\u015b\u0107. Wybieraj do wpisania w CV zainteresowania, kt\u00f3re mog\u0105 mie\u0107 zwi\u0105zek z wykonywanym zaj\u0119ciem, np. szachy, programowanie\u2026 Na stanowisku kontrolera jako\u015bci niezb\u0119dne s\u0105 z kolei pewne cechy, kt\u00f3re sprawiaj\u0105, \u017ce Twoja praca przynosi efekty. Umiej\u0119tno\u015b\u0107 wsp\u00f3\u0142pracy, dba\u0142o\u015b\u0107 o szczeg\u00f3\u0142y, \u015bwietna obs\u0142uga komputera i umiej\u0119tno\u015b\u0107 tworzenia prezentacji, odporno\u015b\u0107 na stres.<\/li>\n<\/ol>\n<p><em>Co decyduje?<\/em><\/p>\n<p>O zatwierdzeniu Twojej kandydatury na stanowisko i zaproszeniu Ci\u0119 na rozmow\u0119 kwalifikacyjn\u0105, stanowi nierzadko oryginalnie przygotowane CV, kt\u00f3re zach\u0119ca do przeczytania. CV powinno by\u0107 starannie przemy\u015blane, u\u0142o\u017cone koncepcyjnie i spokojnie, bez chaotycznych, nieprzemy\u015blanych do ko\u0144ca ruch\u00f3w, informacji. Aby pracodawca dobrze odebra\u0142 informacje w nim zawarte, warto zadba\u0107 o chronologi\u0119 i porz\u0105dek, co dodatkowo utwierdzi w przekonaniu, \u017ce jeste\u015b osob\u0105 usystematyzowan\u0105. CV kontrolera jako\u015bci warto przygotowa\u0107 w dw\u00f3ch wersjach j\u0119zykowych, gdzie CV w j\u0119zyku angielskim.<\/p>\n<\/div>\n<\/div>\n","protected":false},"excerpt":{"rendered":"<h2>CV kontroler jako\u015bci<\/h2>\n<p>Dokument zosta\u0142 opracowany z my\u015bl\u0105 o osobach, kt\u00f3re poszukuj\u0105 pracy w zawodzie kontrolera jako\u015bci.<\/p>\n<p>Wz\u00f3r CV przygotowano w nowoczesnym i funkcjonalnym szablonie graficznym widocznym na zdj\u0119ciu obok.<\/p>\n<p>Wz\u00f3r CV nale\u017cy samodzielnie edytowa\u0107 w programie MS Word, ewentualnie w innym darmowym programie (Open Office lub Libre Office). Edycja dokumentu jest prosta i nie wymaga szczeg\u00f3lnych umiej\u0119tno\u015bci edytorskich.<\/p>\n","protected":false},"featured_media":1408,"template":"","meta":[],"product_brand":[],"product_cat":[21],"product_tag":[],"class_list":{"0":"post-3035","1":"product","2":"type-product","3":"status-publish","4":"has-post-thumbnail","6":"product_cat-wzory-cv","8":"first","9":"instock","10":"product-type-external"},"yoast_head":"<!-- This site is optimized with the Yoast SEO plugin v27.0 - https:\/\/yoast.com\/product\/yoast-seo-wordpress\/ -->\n<title>Wz\u00f3r CV dla kontrolera jako\u015bci - Aplikuj.pl<\/title>\n<meta name=\"robots\" content=\"index, follow, max-snippet:-1, max-image-preview:large, max-video-preview:-1\" \/>\n<link rel=\"canonical\" href=\"https:\/\/www.aplikuj.pl\/cv\/wzory-cv\/wzor-cv-dla-kontrolera-jakosci\/\" \/>\n<meta property=\"og:locale\" content=\"pl_PL\" \/>\n<meta property=\"og:type\" content=\"article\" \/>\n<meta property=\"og:title\" content=\"Wz\u00f3r CV dla kontrolera jako\u015bci - Aplikuj.pl\" \/>\n<meta property=\"og:description\" content=\"CV kontroler jako\u015bci Dokument zosta\u0142 opracowany z my\u015bl\u0105 o osobach, kt\u00f3re poszukuj\u0105 pracy w zawodzie kontrolera jako\u015bci.  Wz\u00f3r CV przygotowano w nowoczesnym i funkcjonalnym szablonie graficznym widocznym na zdj\u0119ciu obok.  Wz\u00f3r CV nale\u017cy samodzielnie edytowa\u0107 w programie MS Word, ewentualnie w innym darmowym programie (Open Office lub Libre Office). Edycja dokumentu jest prosta i nie wymaga szczeg\u00f3lnych umiej\u0119tno\u015bci edytorskich.\" \/>\n<meta property=\"og:url\" content=\"https:\/\/www.aplikuj.pl\/cv\/wzory-cv\/wzor-cv-dla-kontrolera-jakosci\/\" \/>\n<meta property=\"og:site_name\" content=\"Aplikuj.pl\" \/>\n<meta property=\"article:modified_time\" content=\"2026-02-22T22:22:13+00:00\" \/>\n<meta property=\"og:image\" content=\"https:\/\/www.aplikuj.pl\/cv\/wp-content\/uploads\/wz\u00f3r-cv-kontroler-jako\u015bci.png\" \/>\n\t<meta property=\"og:image:width\" content=\"482\" \/>\n\t<meta property=\"og:image:height\" content=\"680\" \/>\n\t<meta property=\"og:image:type\" content=\"image\/png\" \/>\n<meta name=\"twitter:card\" content=\"summary_large_image\" \/>\n<meta name=\"twitter:label1\" content=\"Szacowany czas czytania\" \/>\n\t<meta name=\"twitter:data1\" content=\"3 minuty\" \/>\n<script type=\"application\/ld+json\" class=\"yoast-schema-graph\">{\"@context\":\"https:\/\/schema.org\",\"@graph\":[{\"@type\":\"WebPage\",\"@id\":\"https:\/\/www.aplikuj.pl\/cv\/wzory-cv\/wzor-cv-dla-kontrolera-jakosci\/\",\"url\":\"https:\/\/www.aplikuj.pl\/cv\/wzory-cv\/wzor-cv-dla-kontrolera-jakosci\/\",\"name\":\"Wz\u00f3r CV dla kontrolera jako\u015bci - Aplikuj.pl\",\"isPartOf\":{\"@id\":\"https:\/\/www.aplikuj.pl\/cv\/#website\"},\"primaryImageOfPage\":{\"@id\":\"https:\/\/www.aplikuj.pl\/cv\/wzory-cv\/wzor-cv-dla-kontrolera-jakosci\/#primaryimage\"},\"image\":{\"@id\":\"https:\/\/www.aplikuj.pl\/cv\/wzory-cv\/wzor-cv-dla-kontrolera-jakosci\/#primaryimage\"},\"thumbnailUrl\":\"https:\/\/www.aplikuj.pl\/cv\/wp-content\/uploads\/wz\u00f3r-cv-kontroler-jako\u015bci.png\",\"datePublished\":\"2019-04-18T11:06:41+00:00\",\"dateModified\":\"2026-02-22T22:22:13+00:00\",\"breadcrumb\":{\"@id\":\"https:\/\/www.aplikuj.pl\/cv\/wzory-cv\/wzor-cv-dla-kontrolera-jakosci\/#breadcrumb\"},\"inLanguage\":\"pl-PL\",\"potentialAction\":[{\"@type\":\"ReadAction\",\"target\":[\"https:\/\/www.aplikuj.pl\/cv\/wzory-cv\/wzor-cv-dla-kontrolera-jakosci\/\"]}]},{\"@type\":\"ImageObject\",\"inLanguage\":\"pl-PL\",\"@id\":\"https:\/\/www.aplikuj.pl\/cv\/wzory-cv\/wzor-cv-dla-kontrolera-jakosci\/#primaryimage\",\"url\":\"https:\/\/www.aplikuj.pl\/cv\/wp-content\/uploads\/wz\u00f3r-cv-kontroler-jako\u015bci.png\",\"contentUrl\":\"https:\/\/www.aplikuj.pl\/cv\/wp-content\/uploads\/wz\u00f3r-cv-kontroler-jako\u015bci.png\",\"width\":482,\"height\":680,\"caption\":\"wz\u00f3r cv kontroler jako\u015bci\"},{\"@type\":\"BreadcrumbList\",\"@id\":\"https:\/\/www.aplikuj.pl\/cv\/wzory-cv\/wzor-cv-dla-kontrolera-jakosci\/#breadcrumb\",\"itemListElement\":[{\"@type\":\"ListItem\",\"position\":1,\"name\":\"Kreator CV\",\"item\":\"https:\/\/www.aplikuj.pl\/cv\/\"},{\"@type\":\"ListItem\",\"position\":2,\"name\":\"wzory-cv\",\"item\":\"https:\/\/www.aplikuj.pl\/cv\/wzory-cv\/\"},{\"@type\":\"ListItem\",\"position\":3,\"name\":\"Wzory CV\",\"item\":\"https:\/\/www.aplikuj.pl\/cv\/wzory-cv\/\"},{\"@type\":\"ListItem\",\"position\":4,\"name\":\"Wz\u00f3r CV dla kontrolera jako\u015bci\"}]},{\"@type\":\"WebSite\",\"@id\":\"https:\/\/www.aplikuj.pl\/cv\/#website\",\"url\":\"https:\/\/www.aplikuj.pl\/cv\/\",\"name\":\"Aplikuj.pl\",\"description\":\"Profesjonalne i darmowe wzory CV, list\u00f3w motywacyjnych i poda\u0144 o prac\u0119\",\"publisher\":{\"@id\":\"https:\/\/www.aplikuj.pl\/cv\/#organization\"},\"potentialAction\":[{\"@type\":\"SearchAction\",\"target\":{\"@type\":\"EntryPoint\",\"urlTemplate\":\"https:\/\/www.aplikuj.pl\/cv\/?s={search_term_string}\"},\"query-input\":{\"@type\":\"PropertyValueSpecification\",\"valueRequired\":true,\"valueName\":\"search_term_string\"}}],\"inLanguage\":\"pl-PL\"},{\"@type\":\"Organization\",\"@id\":\"https:\/\/www.aplikuj.pl\/cv\/#organization\",\"name\":\"Aplikuj.pl\",\"url\":\"https:\/\/www.aplikuj.pl\/cv\/\",\"logo\":{\"@type\":\"ImageObject\",\"inLanguage\":\"pl-PL\",\"@id\":\"https:\/\/www.aplikuj.pl\/cv\/#\/schema\/logo\/image\/\",\"url\":\"https:\/\/www.aplikuj.pl\/cv\/wp-content\/uploads\/2019\/04\/cv-wzory-aplikuj.jpg\",\"contentUrl\":\"https:\/\/www.aplikuj.pl\/cv\/wp-content\/uploads\/2019\/04\/cv-wzory-aplikuj.jpg\",\"width\":180,\"height\":180,\"caption\":\"Aplikuj.pl\"},\"image\":{\"@id\":\"https:\/\/www.aplikuj.pl\/cv\/#\/schema\/logo\/image\/\"}}]}<\/script>\n<!-- \/ Yoast SEO plugin. -->","yoast_head_json":{"title":"Wz\u00f3r CV dla kontrolera jako\u015bci - Aplikuj.pl","robots":{"index":"index","follow":"follow","max-snippet":"max-snippet:-1","max-image-preview":"max-image-preview:large","max-video-preview":"max-video-preview:-1"},"canonical":"https:\/\/www.aplikuj.pl\/cv\/wzory-cv\/wzor-cv-dla-kontrolera-jakosci\/","og_locale":"pl_PL","og_type":"article","og_title":"Wz\u00f3r CV dla kontrolera jako\u015bci - Aplikuj.pl","og_description":"CV kontroler jako\u015bci Dokument zosta\u0142 opracowany z my\u015bl\u0105 o osobach, kt\u00f3re poszukuj\u0105 pracy w zawodzie kontrolera jako\u015bci.  Wz\u00f3r CV przygotowano w nowoczesnym i funkcjonalnym szablonie graficznym widocznym na zdj\u0119ciu obok.  Wz\u00f3r CV nale\u017cy samodzielnie edytowa\u0107 w programie MS Word, ewentualnie w innym darmowym programie (Open Office lub Libre Office). Edycja dokumentu jest prosta i nie wymaga szczeg\u00f3lnych umiej\u0119tno\u015bci edytorskich.","og_url":"https:\/\/www.aplikuj.pl\/cv\/wzory-cv\/wzor-cv-dla-kontrolera-jakosci\/","og_site_name":"Aplikuj.pl","article_modified_time":"2026-02-22T22:22:13+00:00","og_image":[{"width":482,"height":680,"url":"https:\/\/www.aplikuj.pl\/cv\/wp-content\/uploads\/wz\u00f3r-cv-kontroler-jako\u015bci.png","type":"image\/png"}],"twitter_card":"summary_large_image","twitter_misc":{"Szacowany czas czytania":"3 minuty"},"schema":{"@context":"https:\/\/schema.org","@graph":[{"@type":"WebPage","@id":"https:\/\/www.aplikuj.pl\/cv\/wzory-cv\/wzor-cv-dla-kontrolera-jakosci\/","url":"https:\/\/www.aplikuj.pl\/cv\/wzory-cv\/wzor-cv-dla-kontrolera-jakosci\/","name":"Wz\u00f3r CV dla kontrolera jako\u015bci - Aplikuj.pl","isPartOf":{"@id":"https:\/\/www.aplikuj.pl\/cv\/#website"},"primaryImageOfPage":{"@id":"https:\/\/www.aplikuj.pl\/cv\/wzory-cv\/wzor-cv-dla-kontrolera-jakosci\/#primaryimage"},"image":{"@id":"https:\/\/www.aplikuj.pl\/cv\/wzory-cv\/wzor-cv-dla-kontrolera-jakosci\/#primaryimage"},"thumbnailUrl":"https:\/\/www.aplikuj.pl\/cv\/wp-content\/uploads\/wz\u00f3r-cv-kontroler-jako\u015bci.png","datePublished":"2019-04-18T11:06:41+00:00","dateModified":"2026-02-22T22:22:13+00:00","breadcrumb":{"@id":"https:\/\/www.aplikuj.pl\/cv\/wzory-cv\/wzor-cv-dla-kontrolera-jakosci\/#breadcrumb"},"inLanguage":"pl-PL","potentialAction":[{"@type":"ReadAction","target":["https:\/\/www.aplikuj.pl\/cv\/wzory-cv\/wzor-cv-dla-kontrolera-jakosci\/"]}]},{"@type":"ImageObject","inLanguage":"pl-PL","@id":"https:\/\/www.aplikuj.pl\/cv\/wzory-cv\/wzor-cv-dla-kontrolera-jakosci\/#primaryimage","url":"https:\/\/www.aplikuj.pl\/cv\/wp-content\/uploads\/wz\u00f3r-cv-kontroler-jako\u015bci.png","contentUrl":"https:\/\/www.aplikuj.pl\/cv\/wp-content\/uploads\/wz\u00f3r-cv-kontroler-jako\u015bci.png","width":482,"height":680,"caption":"wz\u00f3r cv kontroler jako\u015bci"},{"@type":"BreadcrumbList","@id":"https:\/\/www.aplikuj.pl\/cv\/wzory-cv\/wzor-cv-dla-kontrolera-jakosci\/#breadcrumb","itemListElement":[{"@type":"ListItem","position":1,"name":"Kreator CV","item":"https:\/\/www.aplikuj.pl\/cv\/"},{"@type":"ListItem","position":2,"name":"wzory-cv","item":"https:\/\/www.aplikuj.pl\/cv\/wzory-cv\/"},{"@type":"ListItem","position":3,"name":"Wzory CV","item":"https:\/\/www.aplikuj.pl\/cv\/wzory-cv\/"},{"@type":"ListItem","position":4,"name":"Wz\u00f3r CV dla kontrolera jako\u015bci"}]},{"@type":"WebSite","@id":"https:\/\/www.aplikuj.pl\/cv\/#website","url":"https:\/\/www.aplikuj.pl\/cv\/","name":"Aplikuj.pl","description":"Profesjonalne i darmowe wzory CV, list\u00f3w motywacyjnych i poda\u0144 o prac\u0119","publisher":{"@id":"https:\/\/www.aplikuj.pl\/cv\/#organization"},"potentialAction":[{"@type":"SearchAction","target":{"@type":"EntryPoint","urlTemplate":"https:\/\/www.aplikuj.pl\/cv\/?s={search_term_string}"},"query-input":{"@type":"PropertyValueSpecification","valueRequired":true,"valueName":"search_term_string"}}],"inLanguage":"pl-PL"},{"@type":"Organization","@id":"https:\/\/www.aplikuj.pl\/cv\/#organization","name":"Aplikuj.pl","url":"https:\/\/www.aplikuj.pl\/cv\/","logo":{"@type":"ImageObject","inLanguage":"pl-PL","@id":"https:\/\/www.aplikuj.pl\/cv\/#\/schema\/logo\/image\/","url":"https:\/\/www.aplikuj.pl\/cv\/wp-content\/uploads\/2019\/04\/cv-wzory-aplikuj.jpg","contentUrl":"https:\/\/www.aplikuj.pl\/cv\/wp-content\/uploads\/2019\/04\/cv-wzory-aplikuj.jpg","width":180,"height":180,"caption":"Aplikuj.pl"},"image":{"@id":"https:\/\/www.aplikuj.pl\/cv\/#\/schema\/logo\/image\/"}}]}},"_links":{"self":[{"href":"https:\/\/www.aplikuj.pl\/cv\/wp-json\/wp\/v2\/product\/3035","targetHints":{"allow":["GET"]}}],"collection":[{"href":"https:\/\/www.aplikuj.pl\/cv\/wp-json\/wp\/v2\/product"}],"about":[{"href":"https:\/\/www.aplikuj.pl\/cv\/wp-json\/wp\/v2\/types\/product"}],"version-history":[{"count":2,"href":"https:\/\/www.aplikuj.pl\/cv\/wp-json\/wp\/v2\/product\/3035\/revisions"}],"predecessor-version":[{"id":4974,"href":"https:\/\/www.aplikuj.pl\/cv\/wp-json\/wp\/v2\/product\/3035\/revisions\/4974"}],"wp:featuredmedia":[{"embeddable":true,"href":"https:\/\/www.aplikuj.pl\/cv\/wp-json\/wp\/v2\/media\/1408"}],"wp:attachment":[{"href":"https:\/\/www.aplikuj.pl\/cv\/wp-json\/wp\/v2\/media?parent=3035"}],"wp:term":[{"taxonomy":"product_brand","embeddable":true,"href":"https:\/\/www.aplikuj.pl\/cv\/wp-json\/wp\/v2\/product_brand?post=3035"},{"taxonomy":"product_cat","embeddable":true,"href":"https:\/\/www.aplikuj.pl\/cv\/wp-json\/wp\/v2\/product_cat?post=3035"},{"taxonomy":"product_tag","embeddable":true,"href":"https:\/\/www.aplikuj.pl\/cv\/wp-json\/wp\/v2\/product_tag?post=3035"}],"curies":[{"name":"wp","href":"https:\/\/api.w.org\/{rel}","templated":true}]}}