{"id":3034,"date":"2019-04-18T13:06:41","date_gmt":"2019-04-18T11:06:41","guid":{"rendered":"https:\/\/www.aplikuj.pl\/cv\/wzory-cv\/wzor-cv-dla-nauczyciela-wychowania-przedszkolnego\/"},"modified":"2026-02-22T23:22:13","modified_gmt":"2026-02-22T22:22:13","slug":"wzor-cv-dla-nauczyciela-wychowania-przedszkolnego","status":"publish","type":"product","link":"https:\/\/www.aplikuj.pl\/cv\/wzory-cv\/wzor-cv-dla-nauczyciela-wychowania-przedszkolnego\/","title":{"rendered":"Wz\u00f3r CV dla nauczyciela wychowania przedszkolnego"},"content":{"rendered":"<h2>Idealne CV dla nauczyciela wychowania przedszkolnego \u2013 najwa\u017cniejsze wskaz\u00f3wki<\/h2>\n<p>Ubiegaj\u0105c si\u0119 o posad\u0119 nauczyciela wychowania przedszkolnego, doskonale zdajesz sobie spraw\u0119 z du\u017cej konkurencji w procesie rekrutacji. Wymagaj\u0105cy rynek us\u0142ug edukacyjnych nieustannie podnosi poprzeczk\u0119 wobec kandydat\u00f3w do pracy w szkolnictwie, uwarunkowuj\u0105c wysokie wymagania brakiem stabilizacji w liczebno\u015bci oddzia\u0142\u00f3w poszczeg\u00f3lnych rocznik\u00f3w uczni\u00f3w. Aby sprosta\u0107 kryteriom naborowym, nale\u017cy wykaza\u0107 si\u0119 wieloma osi\u0105gni\u0119ciami, umiej\u0119tno\u015bciami oraz do\u015bwiadczeniem, niezb\u0119dnymi w pracy z dzie\u0107mi.<\/p>\n<h2>Jak stworzy\u0107 atrakcyjne dla pracodawcy CV?<\/h2>\n<p>Dyrektorzy przedszkoli i szk\u00f3\u0142 podstawowych, zobowi\u0105zani s\u0105 do zapewnienia jak najwy\u017cszego poziomu edukacji i opieki dzieciom, kt\u00f3re ucz\u0119szczaj\u0105 do ich plac\u00f3wki, wymagaj\u0105 od nauczycieli \u2013 pracownik\u00f3w cech i umiej\u0119tno\u015bci, pozwalaj\u0105cych bezb\u0142\u0119dnie wsp\u00f3\u0142pracowa\u0107 z najm\u0142odszymi. Curriculum Vitae, kt\u00f3re zdecyduje o tym, czy dyrekcja zaprosi kandydata na rozmow\u0119 kwalifikacyjn\u0105, powinno by\u0107 w pewien spos\u00f3b wyr\u00f3\u017cniaj\u0105ce si\u0119 na tle konkurencyjnych ofert. Przede wszystkim nale\u017cy pami\u0119ta\u0107, aby CV by\u0142o aktualne. Dokumenty, przygotowane kilka, lub kilkana\u015bcie lat temu na potrzeby wcze\u015bniejszego zatrudnienia, nale\u017cy poprawi\u0107 pod wzgl\u0119dem estetycznym, pami\u0119taj\u0105c o dodaniu zdj\u0119cia, uaktualnieniu swojego zawodowego dorobku, sp\u00f3jnym przedstawieniu siebie i efekt\u00f3w swojej dotychczasowej pracy. Aby dokument prezentowa\u0142 si\u0119 atrakcyjnie, powinien by\u0107 czysty, schludny oraz napisany uniwersaln\u0105, \u0142atw\u0105 do odczytania czcionk\u0105 z pogrubieniem lub podkre\u015bleniem najistotniejszych informacji. Kolumny, w kt\u00f3rych umieszczone s\u0105 nag\u0142\u00f3wki oraz opisy, dobrze prezentuj\u0105 si\u0119, gdy wyr\u00f3wnane s\u0105 do obydwu kraw\u0119dzi strony.<\/p>\n<h2>Istotne informacje w CV nauczyciela.<\/h2>\n<p>Po podaniu swoich danych osobowych w pocz\u0105tkowej cz\u0119\u015bci dokumentu, warto umie\u015bci\u0107 trzy zdania, streszczaj\u0105ce osob\u0119 kandydata oraz jego umiej\u0119tno\u015bci i oczekiwania:<\/p>\n<p>Kim jestem?<br \/>\nIlu letnie posiadam do\u015bwiadczenie zawodowe?<br \/>\nJakie metody stosuj\u0119 w pracy z dzie\u0107mi i jak je realizuj\u0119?<br \/>\nNa jakim stanowisku pragn\u0119 znale\u017a\u0107 zatrudnienie?<\/p>\n<p>Pierwsze zdania na sw\u00f3j temat mog\u0105 sta\u0107 si\u0119 doskona\u0142\u0105 zapowiedzi\u0105 dalszych informacji, zwi\u0119kszaj\u0105c szans\u0119 na udzia\u0142 w rozmowie kwalifikacyjnej. Kolejn\u0105 cz\u0119\u015bci\u0105 CV powinno sta\u0107 si\u0119 wymienienie etap\u00f3w swojego wykszta\u0142cenia, z uwzgl\u0119dnieniem specjalizacji oraz kr\u00f3tki opis do\u015bwiadczenia, z wyszczeg\u00f3lnieniem okresu zatrudnienia i miejsca pracy.<\/p>\n<h2>Dodatkowe informacje, kt\u00f3re sprawi\u0105, ze CV b\u0119dzie idealne:<\/h2>\n<p>Wymieniaj\u0105c swoje zainteresowania, warto pochwali\u0107 si\u0119 pasj\u0105, maj\u0105c\u0105 zwi\u0105zek z prac\u0105 w przedszkolu. Zainteresowania pokrewne do obowi\u0105zk\u00f3w zawodowych u\u015bwiadamiaj\u0105 przysz\u0142emu pracodawcy, \u017ce ma do czynienia z osob\u0105, kt\u00f3ra robi to, co lubi, a tym samym wk\u0142ada wiele zaanga\u017cowania w zawodowe dokonania. Umiej\u0119tno\u015bci, potwierdzone dyplomami i certyfikatami, maj\u0105ce zwi\u0105zek z prac\u0105 wychowawcy przedszkolnego, podnosz\u0105 szans\u0119 uzyskania zatrudnienia. Je\u015bli posiadamy dodatkowe specjalizacje, warto zamie\u015bci\u0107 o nich wzmiank\u0119 w swoim CV.<br \/>\nIdealne CV nauczyciela przedszkolnego, to dokument potwierdzaj\u0105cy, \u017ce kandydat jest osob\u0105 stworzon\u0105 do pracy z dzie\u0107mi. Aby w atrakcyjny spos\u00f3b przedstawi\u0107 swoje atuty, nale\u017cy rzeczowo i estetycznie zaprezentowa\u0107 swoje umiej\u0119tno\u015bci i do\u015bwiadczenie.<\/p>\n","protected":false},"excerpt":{"rendered":"<h2>CV nauczyciel wychowania przedszkolnego<\/h2>\n<p>Dokument zosta\u0142 opracowany z my\u015bl\u0105 o osobach, kt\u00f3re poszukuj\u0105 pracy w zawodzie nauczyciela wychowania przedszkolnego.<\/p>\n<p>Wz\u00f3r CV przygotowano w nowoczesnym i funkcjonalnym szablonie graficznym widocznym na zdj\u0119ciu obok.<\/p>\n<p>Wz\u00f3r CV nale\u017cy samodzielnie edytowa\u0107 w programie MS Word, ewentualnie w innym darmowym programie (Open Office lub Libre Office). Edycja dokumentu jest prosta i nie wymaga szczeg\u00f3lnych umiej\u0119tno\u015bci edytorskich.<\/p>\n","protected":false},"featured_media":1410,"template":"","meta":[],"product_brand":[],"product_cat":[21],"product_tag":[],"class_list":{"0":"post-3034","1":"product","2":"type-product","3":"status-publish","4":"has-post-thumbnail","6":"product_cat-wzory-cv","8":"first","9":"instock","10":"product-type-external"},"yoast_head":"<!-- This site is optimized with the Yoast SEO plugin v27.0 - https:\/\/yoast.com\/product\/yoast-seo-wordpress\/ -->\n<title>Wz\u00f3r CV dla nauczyciela wychowania przedszkolnego - Aplikuj.pl<\/title>\n<meta name=\"robots\" content=\"index, follow, max-snippet:-1, max-image-preview:large, max-video-preview:-1\" \/>\n<link rel=\"canonical\" href=\"https:\/\/www.aplikuj.pl\/cv\/wzory-cv\/wzor-cv-dla-nauczyciela-wychowania-przedszkolnego\/\" \/>\n<meta property=\"og:locale\" content=\"pl_PL\" \/>\n<meta property=\"og:type\" content=\"article\" \/>\n<meta property=\"og:title\" content=\"Wz\u00f3r CV dla nauczyciela wychowania przedszkolnego - Aplikuj.pl\" \/>\n<meta property=\"og:description\" content=\"CV nauczyciel wychowania przedszkolnego Dokument zosta\u0142 opracowany z my\u015bl\u0105 o osobach, kt\u00f3re poszukuj\u0105 pracy w zawodzie nauczyciela wychowania przedszkolnego.  Wz\u00f3r CV przygotowano w nowoczesnym i funkcjonalnym szablonie graficznym widocznym na zdj\u0119ciu obok.  Wz\u00f3r CV nale\u017cy samodzielnie edytowa\u0107 w programie MS Word, ewentualnie w innym darmowym programie (Open Office lub Libre Office). Edycja dokumentu jest prosta i nie wymaga szczeg\u00f3lnych umiej\u0119tno\u015bci edytorskich.\" \/>\n<meta property=\"og:url\" content=\"https:\/\/www.aplikuj.pl\/cv\/wzory-cv\/wzor-cv-dla-nauczyciela-wychowania-przedszkolnego\/\" \/>\n<meta property=\"og:site_name\" content=\"Aplikuj.pl\" \/>\n<meta property=\"article:modified_time\" content=\"2026-02-22T22:22:13+00:00\" \/>\n<meta property=\"og:image\" content=\"https:\/\/www.aplikuj.pl\/cv\/wp-content\/uploads\/wz\u00f3r-cv-nauczyciel-wychowania-przedszkolnego.png\" \/>\n\t<meta property=\"og:image:width\" content=\"482\" \/>\n\t<meta property=\"og:image:height\" content=\"680\" \/>\n\t<meta property=\"og:image:type\" content=\"image\/png\" \/>\n<meta name=\"twitter:card\" content=\"summary_large_image\" \/>\n<meta name=\"twitter:label1\" content=\"Szacowany czas czytania\" \/>\n\t<meta name=\"twitter:data1\" content=\"3 minuty\" \/>\n<script type=\"application\/ld+json\" class=\"yoast-schema-graph\">{\"@context\":\"https:\/\/schema.org\",\"@graph\":[{\"@type\":\"WebPage\",\"@id\":\"https:\/\/www.aplikuj.pl\/cv\/wzory-cv\/wzor-cv-dla-nauczyciela-wychowania-przedszkolnego\/\",\"url\":\"https:\/\/www.aplikuj.pl\/cv\/wzory-cv\/wzor-cv-dla-nauczyciela-wychowania-przedszkolnego\/\",\"name\":\"Wz\u00f3r CV dla nauczyciela wychowania przedszkolnego - Aplikuj.pl\",\"isPartOf\":{\"@id\":\"https:\/\/www.aplikuj.pl\/cv\/#website\"},\"primaryImageOfPage\":{\"@id\":\"https:\/\/www.aplikuj.pl\/cv\/wzory-cv\/wzor-cv-dla-nauczyciela-wychowania-przedszkolnego\/#primaryimage\"},\"image\":{\"@id\":\"https:\/\/www.aplikuj.pl\/cv\/wzory-cv\/wzor-cv-dla-nauczyciela-wychowania-przedszkolnego\/#primaryimage\"},\"thumbnailUrl\":\"https:\/\/www.aplikuj.pl\/cv\/wp-content\/uploads\/wz\u00f3r-cv-nauczyciel-wychowania-przedszkolnego.png\",\"datePublished\":\"2019-04-18T11:06:41+00:00\",\"dateModified\":\"2026-02-22T22:22:13+00:00\",\"breadcrumb\":{\"@id\":\"https:\/\/www.aplikuj.pl\/cv\/wzory-cv\/wzor-cv-dla-nauczyciela-wychowania-przedszkolnego\/#breadcrumb\"},\"inLanguage\":\"pl-PL\",\"potentialAction\":[{\"@type\":\"ReadAction\",\"target\":[\"https:\/\/www.aplikuj.pl\/cv\/wzory-cv\/wzor-cv-dla-nauczyciela-wychowania-przedszkolnego\/\"]}]},{\"@type\":\"ImageObject\",\"inLanguage\":\"pl-PL\",\"@id\":\"https:\/\/www.aplikuj.pl\/cv\/wzory-cv\/wzor-cv-dla-nauczyciela-wychowania-przedszkolnego\/#primaryimage\",\"url\":\"https:\/\/www.aplikuj.pl\/cv\/wp-content\/uploads\/wz\u00f3r-cv-nauczyciel-wychowania-przedszkolnego.png\",\"contentUrl\":\"https:\/\/www.aplikuj.pl\/cv\/wp-content\/uploads\/wz\u00f3r-cv-nauczyciel-wychowania-przedszkolnego.png\",\"width\":482,\"height\":680,\"caption\":\"wz\u00f3r cv nauczyciel wychowania przedszkolnego\"},{\"@type\":\"BreadcrumbList\",\"@id\":\"https:\/\/www.aplikuj.pl\/cv\/wzory-cv\/wzor-cv-dla-nauczyciela-wychowania-przedszkolnego\/#breadcrumb\",\"itemListElement\":[{\"@type\":\"ListItem\",\"position\":1,\"name\":\"Kreator CV\",\"item\":\"https:\/\/www.aplikuj.pl\/cv\/\"},{\"@type\":\"ListItem\",\"position\":2,\"name\":\"wzory-cv\",\"item\":\"https:\/\/www.aplikuj.pl\/cv\/wzory-cv\/\"},{\"@type\":\"ListItem\",\"position\":3,\"name\":\"Wzory CV\",\"item\":\"https:\/\/www.aplikuj.pl\/cv\/wzory-cv\/\"},{\"@type\":\"ListItem\",\"position\":4,\"name\":\"Wz\u00f3r CV dla nauczyciela wychowania przedszkolnego\"}]},{\"@type\":\"WebSite\",\"@id\":\"https:\/\/www.aplikuj.pl\/cv\/#website\",\"url\":\"https:\/\/www.aplikuj.pl\/cv\/\",\"name\":\"Aplikuj.pl\",\"description\":\"Profesjonalne i darmowe wzory CV, list\u00f3w motywacyjnych i poda\u0144 o prac\u0119\",\"publisher\":{\"@id\":\"https:\/\/www.aplikuj.pl\/cv\/#organization\"},\"potentialAction\":[{\"@type\":\"SearchAction\",\"target\":{\"@type\":\"EntryPoint\",\"urlTemplate\":\"https:\/\/www.aplikuj.pl\/cv\/?s={search_term_string}\"},\"query-input\":{\"@type\":\"PropertyValueSpecification\",\"valueRequired\":true,\"valueName\":\"search_term_string\"}}],\"inLanguage\":\"pl-PL\"},{\"@type\":\"Organization\",\"@id\":\"https:\/\/www.aplikuj.pl\/cv\/#organization\",\"name\":\"Aplikuj.pl\",\"url\":\"https:\/\/www.aplikuj.pl\/cv\/\",\"logo\":{\"@type\":\"ImageObject\",\"inLanguage\":\"pl-PL\",\"@id\":\"https:\/\/www.aplikuj.pl\/cv\/#\/schema\/logo\/image\/\",\"url\":\"https:\/\/www.aplikuj.pl\/cv\/wp-content\/uploads\/2019\/04\/cv-wzory-aplikuj.jpg\",\"contentUrl\":\"https:\/\/www.aplikuj.pl\/cv\/wp-content\/uploads\/2019\/04\/cv-wzory-aplikuj.jpg\",\"width\":180,\"height\":180,\"caption\":\"Aplikuj.pl\"},\"image\":{\"@id\":\"https:\/\/www.aplikuj.pl\/cv\/#\/schema\/logo\/image\/\"}}]}<\/script>\n<!-- \/ Yoast SEO plugin. -->","yoast_head_json":{"title":"Wz\u00f3r CV dla nauczyciela wychowania przedszkolnego - Aplikuj.pl","robots":{"index":"index","follow":"follow","max-snippet":"max-snippet:-1","max-image-preview":"max-image-preview:large","max-video-preview":"max-video-preview:-1"},"canonical":"https:\/\/www.aplikuj.pl\/cv\/wzory-cv\/wzor-cv-dla-nauczyciela-wychowania-przedszkolnego\/","og_locale":"pl_PL","og_type":"article","og_title":"Wz\u00f3r CV dla nauczyciela wychowania przedszkolnego - Aplikuj.pl","og_description":"CV nauczyciel wychowania przedszkolnego Dokument zosta\u0142 opracowany z my\u015bl\u0105 o osobach, kt\u00f3re poszukuj\u0105 pracy w zawodzie nauczyciela wychowania przedszkolnego.  Wz\u00f3r CV przygotowano w nowoczesnym i funkcjonalnym szablonie graficznym widocznym na zdj\u0119ciu obok.  Wz\u00f3r CV nale\u017cy samodzielnie edytowa\u0107 w programie MS Word, ewentualnie w innym darmowym programie (Open Office lub Libre Office). Edycja dokumentu jest prosta i nie wymaga szczeg\u00f3lnych umiej\u0119tno\u015bci edytorskich.","og_url":"https:\/\/www.aplikuj.pl\/cv\/wzory-cv\/wzor-cv-dla-nauczyciela-wychowania-przedszkolnego\/","og_site_name":"Aplikuj.pl","article_modified_time":"2026-02-22T22:22:13+00:00","og_image":[{"width":482,"height":680,"url":"https:\/\/www.aplikuj.pl\/cv\/wp-content\/uploads\/wz\u00f3r-cv-nauczyciel-wychowania-przedszkolnego.png","type":"image\/png"}],"twitter_card":"summary_large_image","twitter_misc":{"Szacowany czas czytania":"3 minuty"},"schema":{"@context":"https:\/\/schema.org","@graph":[{"@type":"WebPage","@id":"https:\/\/www.aplikuj.pl\/cv\/wzory-cv\/wzor-cv-dla-nauczyciela-wychowania-przedszkolnego\/","url":"https:\/\/www.aplikuj.pl\/cv\/wzory-cv\/wzor-cv-dla-nauczyciela-wychowania-przedszkolnego\/","name":"Wz\u00f3r CV dla nauczyciela wychowania przedszkolnego - Aplikuj.pl","isPartOf":{"@id":"https:\/\/www.aplikuj.pl\/cv\/#website"},"primaryImageOfPage":{"@id":"https:\/\/www.aplikuj.pl\/cv\/wzory-cv\/wzor-cv-dla-nauczyciela-wychowania-przedszkolnego\/#primaryimage"},"image":{"@id":"https:\/\/www.aplikuj.pl\/cv\/wzory-cv\/wzor-cv-dla-nauczyciela-wychowania-przedszkolnego\/#primaryimage"},"thumbnailUrl":"https:\/\/www.aplikuj.pl\/cv\/wp-content\/uploads\/wz\u00f3r-cv-nauczyciel-wychowania-przedszkolnego.png","datePublished":"2019-04-18T11:06:41+00:00","dateModified":"2026-02-22T22:22:13+00:00","breadcrumb":{"@id":"https:\/\/www.aplikuj.pl\/cv\/wzory-cv\/wzor-cv-dla-nauczyciela-wychowania-przedszkolnego\/#breadcrumb"},"inLanguage":"pl-PL","potentialAction":[{"@type":"ReadAction","target":["https:\/\/www.aplikuj.pl\/cv\/wzory-cv\/wzor-cv-dla-nauczyciela-wychowania-przedszkolnego\/"]}]},{"@type":"ImageObject","inLanguage":"pl-PL","@id":"https:\/\/www.aplikuj.pl\/cv\/wzory-cv\/wzor-cv-dla-nauczyciela-wychowania-przedszkolnego\/#primaryimage","url":"https:\/\/www.aplikuj.pl\/cv\/wp-content\/uploads\/wz\u00f3r-cv-nauczyciel-wychowania-przedszkolnego.png","contentUrl":"https:\/\/www.aplikuj.pl\/cv\/wp-content\/uploads\/wz\u00f3r-cv-nauczyciel-wychowania-przedszkolnego.png","width":482,"height":680,"caption":"wz\u00f3r cv nauczyciel wychowania przedszkolnego"},{"@type":"BreadcrumbList","@id":"https:\/\/www.aplikuj.pl\/cv\/wzory-cv\/wzor-cv-dla-nauczyciela-wychowania-przedszkolnego\/#breadcrumb","itemListElement":[{"@type":"ListItem","position":1,"name":"Kreator CV","item":"https:\/\/www.aplikuj.pl\/cv\/"},{"@type":"ListItem","position":2,"name":"wzory-cv","item":"https:\/\/www.aplikuj.pl\/cv\/wzory-cv\/"},{"@type":"ListItem","position":3,"name":"Wzory CV","item":"https:\/\/www.aplikuj.pl\/cv\/wzory-cv\/"},{"@type":"ListItem","position":4,"name":"Wz\u00f3r CV dla nauczyciela wychowania przedszkolnego"}]},{"@type":"WebSite","@id":"https:\/\/www.aplikuj.pl\/cv\/#website","url":"https:\/\/www.aplikuj.pl\/cv\/","name":"Aplikuj.pl","description":"Profesjonalne i darmowe wzory CV, list\u00f3w motywacyjnych i poda\u0144 o prac\u0119","publisher":{"@id":"https:\/\/www.aplikuj.pl\/cv\/#organization"},"potentialAction":[{"@type":"SearchAction","target":{"@type":"EntryPoint","urlTemplate":"https:\/\/www.aplikuj.pl\/cv\/?s={search_term_string}"},"query-input":{"@type":"PropertyValueSpecification","valueRequired":true,"valueName":"search_term_string"}}],"inLanguage":"pl-PL"},{"@type":"Organization","@id":"https:\/\/www.aplikuj.pl\/cv\/#organization","name":"Aplikuj.pl","url":"https:\/\/www.aplikuj.pl\/cv\/","logo":{"@type":"ImageObject","inLanguage":"pl-PL","@id":"https:\/\/www.aplikuj.pl\/cv\/#\/schema\/logo\/image\/","url":"https:\/\/www.aplikuj.pl\/cv\/wp-content\/uploads\/2019\/04\/cv-wzory-aplikuj.jpg","contentUrl":"https:\/\/www.aplikuj.pl\/cv\/wp-content\/uploads\/2019\/04\/cv-wzory-aplikuj.jpg","width":180,"height":180,"caption":"Aplikuj.pl"},"image":{"@id":"https:\/\/www.aplikuj.pl\/cv\/#\/schema\/logo\/image\/"}}]}},"_links":{"self":[{"href":"https:\/\/www.aplikuj.pl\/cv\/wp-json\/wp\/v2\/product\/3034","targetHints":{"allow":["GET"]}}],"collection":[{"href":"https:\/\/www.aplikuj.pl\/cv\/wp-json\/wp\/v2\/product"}],"about":[{"href":"https:\/\/www.aplikuj.pl\/cv\/wp-json\/wp\/v2\/types\/product"}],"version-history":[{"count":2,"href":"https:\/\/www.aplikuj.pl\/cv\/wp-json\/wp\/v2\/product\/3034\/revisions"}],"predecessor-version":[{"id":4973,"href":"https:\/\/www.aplikuj.pl\/cv\/wp-json\/wp\/v2\/product\/3034\/revisions\/4973"}],"wp:featuredmedia":[{"embeddable":true,"href":"https:\/\/www.aplikuj.pl\/cv\/wp-json\/wp\/v2\/media\/1410"}],"wp:attachment":[{"href":"https:\/\/www.aplikuj.pl\/cv\/wp-json\/wp\/v2\/media?parent=3034"}],"wp:term":[{"taxonomy":"product_brand","embeddable":true,"href":"https:\/\/www.aplikuj.pl\/cv\/wp-json\/wp\/v2\/product_brand?post=3034"},{"taxonomy":"product_cat","embeddable":true,"href":"https:\/\/www.aplikuj.pl\/cv\/wp-json\/wp\/v2\/product_cat?post=3034"},{"taxonomy":"product_tag","embeddable":true,"href":"https:\/\/www.aplikuj.pl\/cv\/wp-json\/wp\/v2\/product_tag?post=3034"}],"curies":[{"name":"wp","href":"https:\/\/api.w.org\/{rel}","templated":true}]}}