{"id":3032,"date":"2019-04-18T13:06:39","date_gmt":"2019-04-18T11:06:39","guid":{"rendered":"https:\/\/www.aplikuj.pl\/cv\/wzory-cv\/wzor-cv-dla-spawacza\/"},"modified":"2026-02-22T23:22:13","modified_gmt":"2026-02-22T22:22:13","slug":"wzor-cv-dla-spawacza","status":"publish","type":"product","link":"https:\/\/www.aplikuj.pl\/cv\/wzory-cv\/wzor-cv-dla-spawacza\/","title":{"rendered":"Wz\u00f3r CV dla spawacza"},"content":{"rendered":"<p>Curriculum Vitae to dokument, od kt\u00f3rego zale\u017cy powodzenie na rynku pracy. Umiej\u0119tno\u015bci i do\u015bwiadczenie nie zostan\u0105 zauwa\u017cone przez potencjalnego pracodawc\u0119, je\u017celi zostan\u0105 przedstawione w nieodpowiedniej formie. Tworz\u0105c CV, opisujesz swoje dotychczasowe dokonania, kt\u00f3re stwarzaj\u0105 mo\u017cliwo\u015bci rozwoju, trzeba wi\u0119c zadba\u0107 o to, by zosta\u0142y one odpowiednio wyeksponowane. Aplikuj\u0105c na stanowisko spawacza nie musisz tworzy\u0107 nudnego spisu swoich osi\u0105gni\u0119\u0107, kt\u00f3ry zostanie od\u0142o\u017cony na stert\u0119 papierzysk do przejrzenia. Warto postara\u0107 si\u0119 o CV, kt\u00f3re wzbudzi zainteresowanie i otworzy ch\u0119\u0107 podj\u0119cia z Tob\u0105 wsp\u00f3\u0142pracy.<\/p>\n<h2>Przedstaw si\u0119 pracodawcy:<\/h2>\n<p>Na pocz\u0105tku CV obowi\u0105zkowo musi znale\u017a\u0107 si\u0119 Twoje imi\u0119 i nazwisko oraz dane adresowe, kt\u00f3re umo\u017cliwi\u0105 kontakt w celu podj\u0119cia wsp\u00f3\u0142pracy. Dobrej jako\u015bci oraz stosowne zdj\u0119cie do dokument\u00f3w, umieszczone w lewym, g\u00f3rnym rogu dokumentu, wyr\u00f3\u017cni CV na tle dokument\u00f3w bez zdj\u0119\u0107 i sprawi, \u017ce pierwsza strona nie b\u0119dzie nudna. Umieszczaj\u0105c zdj\u0119cie w CV, potwierdza si\u0119, z kim pracodawca ma do czynienia. Poza ograniczeniem nudy w dokumencie, zdj\u0119cie potwierdza, \u017ce jeste\u015b osob\u0105 schludn\u0105, zadban\u0105 i przyjazn\u0105. Bardzo wa\u017cnym elementem pocz\u0105tkowej cz\u0119\u015bci CV jest kr\u00f3tki opis swojej kandydatury. W trzech zdaniach, umieszczonych bezpo\u015brednio po danych i zdj\u0119ciu, nale\u017cy opowiedzie\u0107:<br \/>\nJak\u0105 prac\u0119 obecnie wykonujesz, jak d\u0142ugie posiadasz do\u015bwiadczenie.<br \/>\nKr\u00f3tko przedstaw zadania, jakimi si\u0119 zajmujesz na co dzie\u0144,<br \/>\nOkre\u015bl stanowisko, na kt\u00f3re aplikujesz oraz uzasadnienie, dlaczego je wybra\u0142e\u015b.<br \/>\nUzasadnij, dlaczego w\u0142a\u015bnie Ty b\u0119dziesz doskona\u0142ym pracownikiem.<\/p>\n<h2>Pochwal si\u0119 swoimi umiej\u0119tno\u015bciami:<\/h2>\n<p>Przede wszystkim, tworz\u0105c CV, pami\u0119taj, \u017ceby nie zanudza\u0107 odbiorcy rozbudowanymi, zawi\u0142ymi zdaniami. Informacje, kt\u00f3re przekazujesz, musza by\u0107 kr\u00f3tkie i czytelne. Aby CV nie by\u0142o nudne, zadbaj o uniwersaln\u0105 czcionk\u0119, stosuj pogrubienia i powi\u0119kszenia dla najistotniejszych kwestii. Wymie\u0144 zadania, jakie realizowa\u0142e\u015b do tej pory na stanowisku spawacza. Przysz\u0142y pracodawca z ch\u0119ci\u0105 zapozna si\u0119 z tym, co nie jest dla Ciebie obcym tematem, dzi\u0119ki czemu b\u0119dzie m\u00f3g\u0142 zaplanowa\u0107, do jakich zada\u0144 mo\u017ce Ci\u0119 skierowa\u0107.<\/p>\n<h2>Kwalifikacje i do\u015bwiadczenie, wa\u017cnym punktem CV:<\/h2>\n<p>Niezb\u0119dne w zawodzie spawacza uprawnienia TIG nale\u017cy obowi\u0105zkowo zaznaczy\u0107 w CV. Je\u017celi masz za sob\u0105 specjalistyczne kursy, wymie\u0144 je w dokumencie, z dat\u0105 uzyskania potwierdzenia (dyplom, \u015bwiadectwo\u2026) Pami\u0119taj, aby nie zanudza\u0107 pracodawcy. Wymieniaj zwi\u0119\u017ale, opisuj\u0105c najwa\u017cniejsze osi\u0105gni\u0119cia. Pami\u0119taj o szko\u0142ach, w kt\u00f3rych naby\u0142e\u015b umiej\u0119tno\u015bci, zwi\u0105zane z spawalnictwem. Kolejno\u015b\u0107 wpisujemy odwrotnie do chronologicznej.<\/p>\n<h2>Zainteresuj pracodawc\u0119 zainteresowaniami:<\/h2>\n<p>Nie zanudzaj, wymieniaj kr\u00f3tko i na temat. Pracodawc\u0119 nie b\u0119dzie ciekawi\u0142a Twoja znajomo\u015b\u0107 origami, a zainteresowania, zwi\u0105zane z prac\u0105. B\u0119dziesz wydawa\u0142 si\u0119 osob\u0105, kt\u00f3ra \u0142\u0105czy prac\u0119 z pasj\u0105, co uatrakcyjni Twoje CV dla pracodawcy, jednocze\u015bnie stwarzaj\u0105c Ci wi\u0119ksze szanse wobec konkurencji, bo pracownik, wykonuj\u0105cy swoje obowi\u0105zki z zaanga\u017cowaniem jest zdecydowanie cenniejszy ni\u017c osoba, pracuj\u0105ca w zawodzie z konieczno\u015bci.<\/p>\n","protected":false},"excerpt":{"rendered":"<h2>CV spawacz<\/h2>\n<p>Dokument zosta\u0142 opracowany z my\u015bl\u0105 o osobach, kt\u00f3re poszukuj\u0105 pracy w zawodzie spawacza.<\/p>\n<p>Wz\u00f3r CV przygotowano w nowoczesnym i funkcjonalnym szablonie graficznym widocznym na zdj\u0119ciu obok.<\/p>\n<p>Wz\u00f3r CV nale\u017cy samodzielnie edytowa\u0107 w programie MS Word, ewentualnie w innym darmowym programie (Open Office lub Libre Office). Edycja dokumentu jest prosta i nie wymaga szczeg\u00f3lnych umiej\u0119tno\u015bci edytorskich.<\/p>\n","protected":false},"featured_media":1419,"template":"","meta":[],"product_brand":[],"product_cat":[21],"product_tag":[],"class_list":{"0":"post-3032","1":"product","2":"type-product","3":"status-publish","4":"has-post-thumbnail","6":"product_cat-wzory-cv","8":"first","9":"instock","10":"product-type-external"},"yoast_head":"<!-- This site is optimized with the Yoast SEO plugin v27.0 - https:\/\/yoast.com\/product\/yoast-seo-wordpress\/ -->\n<title>Wz\u00f3r CV dla spawacza - Aplikuj.pl<\/title>\n<meta name=\"robots\" content=\"index, follow, max-snippet:-1, max-image-preview:large, max-video-preview:-1\" \/>\n<link rel=\"canonical\" href=\"https:\/\/www.aplikuj.pl\/cv\/wzory-cv\/wzor-cv-dla-spawacza\/\" \/>\n<meta property=\"og:locale\" content=\"pl_PL\" \/>\n<meta property=\"og:type\" content=\"article\" \/>\n<meta property=\"og:title\" content=\"Wz\u00f3r CV dla spawacza - Aplikuj.pl\" \/>\n<meta property=\"og:description\" content=\"CV spawacz Dokument zosta\u0142 opracowany z my\u015bl\u0105 o osobach, kt\u00f3re poszukuj\u0105 pracy w zawodzie spawacza.  Wz\u00f3r CV przygotowano w nowoczesnym i funkcjonalnym szablonie graficznym widocznym na zdj\u0119ciu obok.  Wz\u00f3r CV nale\u017cy samodzielnie edytowa\u0107 w programie MS Word, ewentualnie w innym darmowym programie (Open Office lub Libre Office). Edycja dokumentu jest prosta i nie wymaga szczeg\u00f3lnych umiej\u0119tno\u015bci edytorskich.\" \/>\n<meta property=\"og:url\" content=\"https:\/\/www.aplikuj.pl\/cv\/wzory-cv\/wzor-cv-dla-spawacza\/\" \/>\n<meta property=\"og:site_name\" content=\"Aplikuj.pl\" \/>\n<meta property=\"article:modified_time\" content=\"2026-02-22T22:22:13+00:00\" \/>\n<meta property=\"og:image\" content=\"https:\/\/www.aplikuj.pl\/cv\/wp-content\/uploads\/wz\u00f3r-cv-spawacz.png\" \/>\n\t<meta property=\"og:image:width\" content=\"482\" \/>\n\t<meta property=\"og:image:height\" content=\"680\" \/>\n\t<meta property=\"og:image:type\" content=\"image\/png\" \/>\n<meta name=\"twitter:card\" content=\"summary_large_image\" \/>\n<meta name=\"twitter:label1\" content=\"Szacowany czas czytania\" \/>\n\t<meta name=\"twitter:data1\" content=\"3 minuty\" \/>\n<script type=\"application\/ld+json\" class=\"yoast-schema-graph\">{\"@context\":\"https:\/\/schema.org\",\"@graph\":[{\"@type\":\"WebPage\",\"@id\":\"https:\/\/www.aplikuj.pl\/cv\/wzory-cv\/wzor-cv-dla-spawacza\/\",\"url\":\"https:\/\/www.aplikuj.pl\/cv\/wzory-cv\/wzor-cv-dla-spawacza\/\",\"name\":\"Wz\u00f3r CV dla spawacza - Aplikuj.pl\",\"isPartOf\":{\"@id\":\"https:\/\/www.aplikuj.pl\/cv\/#website\"},\"primaryImageOfPage\":{\"@id\":\"https:\/\/www.aplikuj.pl\/cv\/wzory-cv\/wzor-cv-dla-spawacza\/#primaryimage\"},\"image\":{\"@id\":\"https:\/\/www.aplikuj.pl\/cv\/wzory-cv\/wzor-cv-dla-spawacza\/#primaryimage\"},\"thumbnailUrl\":\"https:\/\/www.aplikuj.pl\/cv\/wp-content\/uploads\/wz\u00f3r-cv-spawacz.png\",\"datePublished\":\"2019-04-18T11:06:39+00:00\",\"dateModified\":\"2026-02-22T22:22:13+00:00\",\"breadcrumb\":{\"@id\":\"https:\/\/www.aplikuj.pl\/cv\/wzory-cv\/wzor-cv-dla-spawacza\/#breadcrumb\"},\"inLanguage\":\"pl-PL\",\"potentialAction\":[{\"@type\":\"ReadAction\",\"target\":[\"https:\/\/www.aplikuj.pl\/cv\/wzory-cv\/wzor-cv-dla-spawacza\/\"]}]},{\"@type\":\"ImageObject\",\"inLanguage\":\"pl-PL\",\"@id\":\"https:\/\/www.aplikuj.pl\/cv\/wzory-cv\/wzor-cv-dla-spawacza\/#primaryimage\",\"url\":\"https:\/\/www.aplikuj.pl\/cv\/wp-content\/uploads\/wz\u00f3r-cv-spawacz.png\",\"contentUrl\":\"https:\/\/www.aplikuj.pl\/cv\/wp-content\/uploads\/wz\u00f3r-cv-spawacz.png\",\"width\":482,\"height\":680,\"caption\":\"wz\u00f3r cv spawacz\"},{\"@type\":\"BreadcrumbList\",\"@id\":\"https:\/\/www.aplikuj.pl\/cv\/wzory-cv\/wzor-cv-dla-spawacza\/#breadcrumb\",\"itemListElement\":[{\"@type\":\"ListItem\",\"position\":1,\"name\":\"Kreator CV\",\"item\":\"https:\/\/www.aplikuj.pl\/cv\/\"},{\"@type\":\"ListItem\",\"position\":2,\"name\":\"wzory-cv\",\"item\":\"https:\/\/www.aplikuj.pl\/cv\/wzory-cv\/\"},{\"@type\":\"ListItem\",\"position\":3,\"name\":\"Wzory CV\",\"item\":\"https:\/\/www.aplikuj.pl\/cv\/wzory-cv\/\"},{\"@type\":\"ListItem\",\"position\":4,\"name\":\"Wz\u00f3r CV dla spawacza\"}]},{\"@type\":\"WebSite\",\"@id\":\"https:\/\/www.aplikuj.pl\/cv\/#website\",\"url\":\"https:\/\/www.aplikuj.pl\/cv\/\",\"name\":\"Aplikuj.pl\",\"description\":\"Profesjonalne i darmowe wzory CV, list\u00f3w motywacyjnych i poda\u0144 o prac\u0119\",\"publisher\":{\"@id\":\"https:\/\/www.aplikuj.pl\/cv\/#organization\"},\"potentialAction\":[{\"@type\":\"SearchAction\",\"target\":{\"@type\":\"EntryPoint\",\"urlTemplate\":\"https:\/\/www.aplikuj.pl\/cv\/?s={search_term_string}\"},\"query-input\":{\"@type\":\"PropertyValueSpecification\",\"valueRequired\":true,\"valueName\":\"search_term_string\"}}],\"inLanguage\":\"pl-PL\"},{\"@type\":\"Organization\",\"@id\":\"https:\/\/www.aplikuj.pl\/cv\/#organization\",\"name\":\"Aplikuj.pl\",\"url\":\"https:\/\/www.aplikuj.pl\/cv\/\",\"logo\":{\"@type\":\"ImageObject\",\"inLanguage\":\"pl-PL\",\"@id\":\"https:\/\/www.aplikuj.pl\/cv\/#\/schema\/logo\/image\/\",\"url\":\"https:\/\/www.aplikuj.pl\/cv\/wp-content\/uploads\/2019\/04\/cv-wzory-aplikuj.jpg\",\"contentUrl\":\"https:\/\/www.aplikuj.pl\/cv\/wp-content\/uploads\/2019\/04\/cv-wzory-aplikuj.jpg\",\"width\":180,\"height\":180,\"caption\":\"Aplikuj.pl\"},\"image\":{\"@id\":\"https:\/\/www.aplikuj.pl\/cv\/#\/schema\/logo\/image\/\"}}]}<\/script>\n<!-- \/ Yoast SEO plugin. -->","yoast_head_json":{"title":"Wz\u00f3r CV dla spawacza - Aplikuj.pl","robots":{"index":"index","follow":"follow","max-snippet":"max-snippet:-1","max-image-preview":"max-image-preview:large","max-video-preview":"max-video-preview:-1"},"canonical":"https:\/\/www.aplikuj.pl\/cv\/wzory-cv\/wzor-cv-dla-spawacza\/","og_locale":"pl_PL","og_type":"article","og_title":"Wz\u00f3r CV dla spawacza - Aplikuj.pl","og_description":"CV spawacz Dokument zosta\u0142 opracowany z my\u015bl\u0105 o osobach, kt\u00f3re poszukuj\u0105 pracy w zawodzie spawacza.  Wz\u00f3r CV przygotowano w nowoczesnym i funkcjonalnym szablonie graficznym widocznym na zdj\u0119ciu obok.  Wz\u00f3r CV nale\u017cy samodzielnie edytowa\u0107 w programie MS Word, ewentualnie w innym darmowym programie (Open Office lub Libre Office). Edycja dokumentu jest prosta i nie wymaga szczeg\u00f3lnych umiej\u0119tno\u015bci edytorskich.","og_url":"https:\/\/www.aplikuj.pl\/cv\/wzory-cv\/wzor-cv-dla-spawacza\/","og_site_name":"Aplikuj.pl","article_modified_time":"2026-02-22T22:22:13+00:00","og_image":[{"width":482,"height":680,"url":"https:\/\/www.aplikuj.pl\/cv\/wp-content\/uploads\/wz\u00f3r-cv-spawacz.png","type":"image\/png"}],"twitter_card":"summary_large_image","twitter_misc":{"Szacowany czas czytania":"3 minuty"},"schema":{"@context":"https:\/\/schema.org","@graph":[{"@type":"WebPage","@id":"https:\/\/www.aplikuj.pl\/cv\/wzory-cv\/wzor-cv-dla-spawacza\/","url":"https:\/\/www.aplikuj.pl\/cv\/wzory-cv\/wzor-cv-dla-spawacza\/","name":"Wz\u00f3r CV dla spawacza - Aplikuj.pl","isPartOf":{"@id":"https:\/\/www.aplikuj.pl\/cv\/#website"},"primaryImageOfPage":{"@id":"https:\/\/www.aplikuj.pl\/cv\/wzory-cv\/wzor-cv-dla-spawacza\/#primaryimage"},"image":{"@id":"https:\/\/www.aplikuj.pl\/cv\/wzory-cv\/wzor-cv-dla-spawacza\/#primaryimage"},"thumbnailUrl":"https:\/\/www.aplikuj.pl\/cv\/wp-content\/uploads\/wz\u00f3r-cv-spawacz.png","datePublished":"2019-04-18T11:06:39+00:00","dateModified":"2026-02-22T22:22:13+00:00","breadcrumb":{"@id":"https:\/\/www.aplikuj.pl\/cv\/wzory-cv\/wzor-cv-dla-spawacza\/#breadcrumb"},"inLanguage":"pl-PL","potentialAction":[{"@type":"ReadAction","target":["https:\/\/www.aplikuj.pl\/cv\/wzory-cv\/wzor-cv-dla-spawacza\/"]}]},{"@type":"ImageObject","inLanguage":"pl-PL","@id":"https:\/\/www.aplikuj.pl\/cv\/wzory-cv\/wzor-cv-dla-spawacza\/#primaryimage","url":"https:\/\/www.aplikuj.pl\/cv\/wp-content\/uploads\/wz\u00f3r-cv-spawacz.png","contentUrl":"https:\/\/www.aplikuj.pl\/cv\/wp-content\/uploads\/wz\u00f3r-cv-spawacz.png","width":482,"height":680,"caption":"wz\u00f3r cv spawacz"},{"@type":"BreadcrumbList","@id":"https:\/\/www.aplikuj.pl\/cv\/wzory-cv\/wzor-cv-dla-spawacza\/#breadcrumb","itemListElement":[{"@type":"ListItem","position":1,"name":"Kreator CV","item":"https:\/\/www.aplikuj.pl\/cv\/"},{"@type":"ListItem","position":2,"name":"wzory-cv","item":"https:\/\/www.aplikuj.pl\/cv\/wzory-cv\/"},{"@type":"ListItem","position":3,"name":"Wzory CV","item":"https:\/\/www.aplikuj.pl\/cv\/wzory-cv\/"},{"@type":"ListItem","position":4,"name":"Wz\u00f3r CV dla spawacza"}]},{"@type":"WebSite","@id":"https:\/\/www.aplikuj.pl\/cv\/#website","url":"https:\/\/www.aplikuj.pl\/cv\/","name":"Aplikuj.pl","description":"Profesjonalne i darmowe wzory CV, list\u00f3w motywacyjnych i poda\u0144 o prac\u0119","publisher":{"@id":"https:\/\/www.aplikuj.pl\/cv\/#organization"},"potentialAction":[{"@type":"SearchAction","target":{"@type":"EntryPoint","urlTemplate":"https:\/\/www.aplikuj.pl\/cv\/?s={search_term_string}"},"query-input":{"@type":"PropertyValueSpecification","valueRequired":true,"valueName":"search_term_string"}}],"inLanguage":"pl-PL"},{"@type":"Organization","@id":"https:\/\/www.aplikuj.pl\/cv\/#organization","name":"Aplikuj.pl","url":"https:\/\/www.aplikuj.pl\/cv\/","logo":{"@type":"ImageObject","inLanguage":"pl-PL","@id":"https:\/\/www.aplikuj.pl\/cv\/#\/schema\/logo\/image\/","url":"https:\/\/www.aplikuj.pl\/cv\/wp-content\/uploads\/2019\/04\/cv-wzory-aplikuj.jpg","contentUrl":"https:\/\/www.aplikuj.pl\/cv\/wp-content\/uploads\/2019\/04\/cv-wzory-aplikuj.jpg","width":180,"height":180,"caption":"Aplikuj.pl"},"image":{"@id":"https:\/\/www.aplikuj.pl\/cv\/#\/schema\/logo\/image\/"}}]}},"_links":{"self":[{"href":"https:\/\/www.aplikuj.pl\/cv\/wp-json\/wp\/v2\/product\/3032","targetHints":{"allow":["GET"]}}],"collection":[{"href":"https:\/\/www.aplikuj.pl\/cv\/wp-json\/wp\/v2\/product"}],"about":[{"href":"https:\/\/www.aplikuj.pl\/cv\/wp-json\/wp\/v2\/types\/product"}],"version-history":[{"count":2,"href":"https:\/\/www.aplikuj.pl\/cv\/wp-json\/wp\/v2\/product\/3032\/revisions"}],"predecessor-version":[{"id":4971,"href":"https:\/\/www.aplikuj.pl\/cv\/wp-json\/wp\/v2\/product\/3032\/revisions\/4971"}],"wp:featuredmedia":[{"embeddable":true,"href":"https:\/\/www.aplikuj.pl\/cv\/wp-json\/wp\/v2\/media\/1419"}],"wp:attachment":[{"href":"https:\/\/www.aplikuj.pl\/cv\/wp-json\/wp\/v2\/media?parent=3032"}],"wp:term":[{"taxonomy":"product_brand","embeddable":true,"href":"https:\/\/www.aplikuj.pl\/cv\/wp-json\/wp\/v2\/product_brand?post=3032"},{"taxonomy":"product_cat","embeddable":true,"href":"https:\/\/www.aplikuj.pl\/cv\/wp-json\/wp\/v2\/product_cat?post=3032"},{"taxonomy":"product_tag","embeddable":true,"href":"https:\/\/www.aplikuj.pl\/cv\/wp-json\/wp\/v2\/product_tag?post=3032"}],"curies":[{"name":"wp","href":"https:\/\/api.w.org\/{rel}","templated":true}]}}